{"id":22856,"date":"2023-06-01T11:33:59","date_gmt":"2023-06-01T03:33:59","guid":{"rendered":"https:\/\/sumkcaps.com\/?page_id=22856"},"modified":"2025-07-29T15:34:09","modified_gmt":"2025-07-29T07:34:09","slug":"terms-of-use","status":"publish","type":"page","link":"https:\/\/sumkcaps.com\/fr\/conditions-dutilisation\/","title":{"rendered":"Conditions d'utilisation"},"content":{"rendered":"<div data-elementor-type=\"wp-page\" data-elementor-id=\"22856\" class=\"elementor elementor-22856\" data-elementor-post-type=\"page\">\n\t\t\t\t\t\t<section class=\"elementor-section elementor-top-section elementor-element elementor-element-9d2d261 elementor-section-full_width elementor-section-height-default elementor-section-height-default\" data-id=\"9d2d261\" data-element_type=\"section\" data-e-type=\"section\" data-settings=\"{&quot;background_background&quot;:&quot;classic&quot;}\">\n\t\t\t\t\t\t<div class=\"elementor-container elementor-column-gap-default\">\n\t\t\t\t\t<div class=\"elementor-column elementor-col-100 elementor-top-column elementor-element elementor-element-6459fc0\" data-id=\"6459fc0\" data-element_type=\"column\" data-e-type=\"column\">\n\t\t\t<div class=\"elementor-widget-wrap elementor-element-populated\">\n\t\t\t\t\t\t<div class=\"elementor-element elementor-element-3acc3f5 elementor-widget elementor-widget-heading\" data-id=\"3acc3f5\" data-element_type=\"widget\" data-e-type=\"widget\" data-widget_type=\"heading.default\">\n\t\t\t\t<div class=\"elementor-widget-container\">\n\t\t\t\t\t<h1 class=\"elementor-heading-title elementor-size-default\">Conditions d'utilisation<\/h1>\t\t\t\t<\/div>\n\t\t\t\t<\/div>\n\t\t\t\t\t<\/div>\n\t\t<\/div>\n\t\t\t\t\t<\/div>\n\t\t<\/section>\n\t\t\t\t<section class=\"elementor-section elementor-top-section elementor-element elementor-element-183f71f elementor-section-boxed elementor-section-height-default elementor-section-height-default\" data-id=\"183f71f\" data-element_type=\"section\" data-e-type=\"section\" data-settings=\"{&quot;background_background&quot;:&quot;classic&quot;}\">\n\t\t\t\t\t\t<div class=\"elementor-container elementor-column-gap-default\">\n\t\t\t\t\t<div class=\"elementor-column elementor-col-100 elementor-top-column elementor-element elementor-element-1f215e0\" data-id=\"1f215e0\" data-element_type=\"column\" data-e-type=\"column\">\n\t\t\t<div class=\"elementor-widget-wrap elementor-element-populated\">\n\t\t\t\t\t\t<div class=\"elementor-element elementor-element-6dba8c7 elementor-widget elementor-widget-text-editor\" data-id=\"6dba8c7\" data-element_type=\"widget\" data-e-type=\"widget\" data-widget_type=\"text-editor.default\">\n\t\t\t\t<div class=\"elementor-widget-container\">\n\t\t\t\t\t\t\t\t\t<h3>1. G\u00e9n\u00e9ralit\u00e9s, interpr\u00e9tation<\/h3><p>Ce site web est d\u00e9tenu et exploit\u00e9 par Sumkcaps.<\/p><p>Aux fins des pr\u00e9sentes conditions g\u00e9n\u00e9rales, les r\u00e9f\u00e9rences \u00e0 \"Vous\" et \"Votre\" d\u00e9signent les personnes qui acc\u00e8dent \u00e0 ce site web (y compris les personnes qui acc\u00e8dent \u00e0 ce site au nom d'autres personnes) et le \"site web\" comprend \u00e9galement le site web mobile et l'application mobile de Sumkcaps.<\/p><h3>2. Utilisation du site web<\/h3><p>En utilisant ce site web, vous acceptez d'\u00eatre li\u00e9 par les pr\u00e9sentes conditions et d'agir conform\u00e9ment \u00e0 celles-ci, en contrepartie de l'acc\u00e8s au site web tel qu'il est d\u00e9crit ci-dessous. Si vous n'\u00eates pas d'accord avec ces conditions, vous n'\u00eates pas autoris\u00e9 \u00e0 utiliser ce site web et vous vous engagez \u00e0 ne pas y acc\u00e9der.<\/p><h3>3. Utilisation autoris\u00e9e<\/h3><p>Le but de ce site web est uniquement de vous permettre de voir la disponibilit\u00e9 des biens et services de Sumkcaps et de contacter Sumkcaps, et \u00e0 aucune autre fin.<\/p><p>Vous ne pouvez utiliser ce site Web qu'en conformit\u00e9 avec les pr\u00e9sentes conditions g\u00e9n\u00e9rales et uniquement \u00e0 des fins priv\u00e9es et non commerciales.<\/p><p>En particulier, vous n'\u00eates pas autoris\u00e9 \u00e0<\/p><ul><li>sans le consentement \u00e9crit pr\u00e9alable de Sumkcaps, utiliser un syst\u00e8me automatis\u00e9, un algorithme ou un logiciel pour surveiller, extraire, rechercher ou copier tout mat\u00e9riel ou toute donn\u00e9e (en tout ou en partie) \u00e0 partir ou par le biais de ce site web (\"screen scraping\") ;<\/li><li>utiliser un logiciel, une routine ou un dispositif ou prendre des mesures pour interf\u00e9rer ou tenter d'interf\u00e9rer de quelque mani\u00e8re que ce soit avec le fonctionnement de ce site web ou pour cr\u00e9er une charge d\u00e9raisonnable sur ce site web, que cela ait \u00e9t\u00e9 fait intentionnellement ou non ;<\/li><li>tenter d'obtenir un acc\u00e8s non autoris\u00e9 \u00e0 tout r\u00e9seau ou compte de Sumkcaps ou \u00e0 des informations concernant d'autres utilisateurs ; ou<\/li><li>cr\u00e9er un lien vers ce site web sans l'accord \u00e9crit pr\u00e9alable de Sumkcaps.<\/li><\/ul><p>En cas de violation de ces termes et conditions par vous, sans pr\u00e9judice des autres droits de Sumkcaps, Sumkcaps peut annuler vos demandes et achats sans pr\u00e9avis ; et\/ou refuser ou bloquer votre acc\u00e8s \u00e0 ce site web ; ou fixer des conditions sp\u00e9ciales sur votre acc\u00e8s ou utilisation de ce site web.<\/p><h3>4. Droits de propri\u00e9t\u00e9<\/h3><p>Toutes les informations, donn\u00e9es et mat\u00e9riaux de ce site web (y compris, mais sans s'y limiter, tous les logos, l'apparence, la structure, le sch\u00e9ma de couleurs et la disposition de ce site web, le code logiciel et les donn\u00e9es et bases de donn\u00e9es sous-jacentes) sont soumis \u00e0 des droits de marque, \u00e0 des droits d'auteur, \u00e0 des droits de base de donn\u00e9es et\/ou \u00e0 d'autres droits de propri\u00e9t\u00e9 intellectuelle d\u00e9pos\u00e9s ou non d\u00e9pos\u00e9s. Toute utilisation ou reproduction des informations, donn\u00e9es ou mat\u00e9riaux pr\u00e9sent\u00e9s sur ce site web autre que pour un usage personnel autoris\u00e9 et non commercial est interdite et constituera une violation des pr\u00e9sentes Conditions g\u00e9n\u00e9rales et peut enfreindre les droits de propri\u00e9t\u00e9 intellectuelle de Sumkcaps ou de ses conc\u00e9dants de licence.<\/p><h3>5. Limitation de la responsabilit\u00e9<\/h3><p>Barterus ne sera pas responsable des pertes ou dommages directs, indirects, sp\u00e9ciaux, punitifs ou cons\u00e9cutifs de quelque nature que ce soit r\u00e9sultant de l'utilisation de ce site web ou de toute information qu'il contient.<\/p><h3>6. Droit applicable et juridiction<\/h3><p>Ces termes et conditions et votre utilisation de ce site Web, ainsi que tout litige ou r\u00e9clamation d\u00e9coulant de ces questions, seront r\u00e9gis et interpr\u00e9t\u00e9s conform\u00e9ment aux lois de la Chine et vous acceptez de vous soumettre \u00e0 la juridiction exclusive des tribunaux de la Chine. Sumkcaps se r\u00e9serve le droit d'engager des poursuites contre toute partie qui enfreint ces Termes et Conditions (\"partie d\u00e9faillante\") devant les tribunaux du lieu de l'infraction, les tribunaux du pays de r\u00e9sidence de la partie d\u00e9faillante, \u00e0 notre seule discr\u00e9tion.<\/p><h3>7. G\u00e9n\u00e9ralit\u00e9s<\/h3><p>Sumkcaps se r\u00e9serve le droit de modifier toute information ou mat\u00e9riel disponible sur ce site \u00e0 tout moment et sans pr\u00e9avis. Sumkcaps peut \u00e9galement modifier ces Termes et Conditions \u00e0 tout moment et sans pr\u00e9avis, et une telle modification sera effective imm\u00e9diatement apr\u00e8s la publication des Termes et Conditions modifi\u00e9s sur le site web, ce qui est consid\u00e9r\u00e9 comme accept\u00e9 par Vous si Vous continuez \u00e0 utiliser le site web.<\/p>\t\t\t\t\t\t\t\t<\/div>\n\t\t\t\t<\/div>\n\t\t\t\t\t<\/div>\n\t\t<\/div>\n\t\t\t\t\t<\/div>\n\t\t<\/section>\n\t\t\t\t<\/div>","protected":false},"excerpt":{"rendered":"<p>Conditions d'utilisation 1. G\u00e9n\u00e9ralit\u00e9s, interpr\u00e9tation Ce site web est d\u00e9tenu et exploit\u00e9 par Sumkcaps. Aux fins des pr\u00e9sentes conditions g\u00e9n\u00e9rales, les r\u00e9f\u00e9rences \u00e0 \u201cVous\u201d et \u201cVotre\u201d d\u00e9signent les personnes qui acc\u00e8dent \u00e0 ce site web (y compris les personnes qui acc\u00e8dent \u00e0 ce site au nom d'autres personnes) et le \u201csite web\u201d comprend \u00e9galement le site web mobile et le [...].<\/p>","protected":false},"author":1,"featured_media":22648,"parent":0,"menu_order":4,"comment_status":"closed","ping_status":"closed","template":"","meta":{"_acf_changed":false,"_kad_blocks_custom_css":"","_kad_blocks_head_custom_js":"","_kad_blocks_body_custom_js":"","_kad_blocks_footer_custom_js":"","footnotes":""},"class_list":["post-22856","page","type-page","status-publish","has-post-thumbnail","hentry"],"acf":[],"yoast_head":"<!-- This site is optimized with the Yoast SEO Premium plugin v20.8 (Yoast SEO v25.9) - https:\/\/yoast.com\/wordpress\/plugins\/seo\/ -->\n<title>Terms Of Use | Sumkcaps<\/title>\n<meta name=\"description\" content=\"Sumkcaps is leading of headwear manufacturer from China. OEMD &amp; ODM Avaible. 200pcs MOQ. Original cap factory. Full custom capacity.\" \/>\n<meta name=\"robots\" content=\"index, follow, max-snippet:-1, max-image-preview:large, max-video-preview:-1\" \/>\n<link rel=\"canonical\" href=\"https:\/\/sumkcaps.com\/fr\/conditions-dutilisation\/\" \/>\n<meta property=\"og:locale\" content=\"fr_FR\" \/>\n<meta property=\"og:type\" content=\"article\" \/>\n<meta property=\"og:title\" content=\"Terms of Use - Sumkcaps\" \/>\n<meta property=\"og:description\" content=\"Terms of Use - Sumkcaps\" \/>\n<meta property=\"og:url\" content=\"https:\/\/sumkcaps.com\/fr\/conditions-dutilisation\/\" \/>\n<meta property=\"og:site_name\" content=\"Sumkcaps-China Original Headwear Manufacturer and Suppliers\" \/>\n<meta property=\"article:publisher\" content=\"https:\/\/www.facebook.com\/sumkcap\" \/>\n<meta property=\"article:modified_time\" content=\"2025-07-29T07:34:09+00:00\" \/>\n<meta property=\"og:image\" content=\"https:\/\/sumkcaps.com\/wp-content\/uploads\/2023\/05\/China-hat-manufactuers.png\" \/>\n\t<meta property=\"og:image:width\" content=\"801\" \/>\n\t<meta property=\"og:image:height\" content=\"961\" \/>\n\t<meta property=\"og:image:type\" content=\"image\/png\" \/>\n<meta name=\"twitter:card\" content=\"summary_large_image\" \/>\n<meta name=\"twitter:label1\" content=\"Dur\u00e9e de lecture estim\u00e9e\" \/>\n\t<meta name=\"twitter:data1\" content=\"3 minutes\" \/>\n<script type=\"application\/ld+json\" class=\"yoast-schema-graph\">{\"@context\":\"https:\/\/schema.org\",\"@graph\":[{\"@type\":\"WebPage\",\"@id\":\"https:\/\/sumkcaps.com\/terms-of-use\/\",\"url\":\"https:\/\/sumkcaps.com\/terms-of-use\/\",\"name\":\"Terms Of Use | Sumkcaps\",\"isPartOf\":{\"@id\":\"https:\/\/sumkcaps.com\/#website\"},\"primaryImageOfPage\":{\"@id\":\"https:\/\/sumkcaps.com\/terms-of-use\/#primaryimage\"},\"image\":{\"@id\":\"https:\/\/sumkcaps.com\/terms-of-use\/#primaryimage\"},\"thumbnailUrl\":\"https:\/\/sumkcaps.com\/wp-content\/uploads\/2023\/05\/China-hat-manufactuers.png\",\"datePublished\":\"2023-06-01T03:33:59+00:00\",\"dateModified\":\"2025-07-29T07:34:09+00:00\",\"description\":\"Sumkcaps is leading of headwear manufacturer from China. OEMD & ODM Avaible. 200pcs MOQ. Original cap factory. Full custom capacity.\",\"breadcrumb\":{\"@id\":\"https:\/\/sumkcaps.com\/terms-of-use\/#breadcrumb\"},\"inLanguage\":\"fr-FR\",\"potentialAction\":[{\"@type\":\"ReadAction\",\"target\":[\"https:\/\/sumkcaps.com\/terms-of-use\/\"]}]},{\"@type\":\"ImageObject\",\"inLanguage\":\"fr-FR\",\"@id\":\"https:\/\/sumkcaps.com\/terms-of-use\/#primaryimage\",\"url\":\"https:\/\/sumkcaps.com\/wp-content\/uploads\/2023\/05\/China-hat-manufactuers.png\",\"contentUrl\":\"https:\/\/sumkcaps.com\/wp-content\/uploads\/2023\/05\/China-hat-manufactuers.png\",\"width\":801,\"height\":961},{\"@type\":\"BreadcrumbList\",\"@id\":\"https:\/\/sumkcaps.com\/terms-of-use\/#breadcrumb\",\"itemListElement\":[{\"@type\":\"ListItem\",\"position\":1,\"name\":\"Home\",\"item\":\"https:\/\/sumkcaps.com\/\"},{\"@type\":\"ListItem\",\"position\":2,\"name\":\"Terms of Use\"}]},{\"@type\":\"WebSite\",\"@id\":\"https:\/\/sumkcaps.com\/#website\",\"url\":\"https:\/\/sumkcaps.com\/\",\"name\":\"Sumkcaps-China Original Headwear Manufacturer and Suppliers\",\"description\":\"We are China Cap And Hat Original Factory, whose main business is to custom cap and hat as client&#039;s LOGO. Any cap style, any cap color, any qty, any material and qty is no problem. In one words, any small details can be customized as your request.\",\"publisher\":{\"@id\":\"https:\/\/sumkcaps.com\/#organization\"},\"potentialAction\":[{\"@type\":\"SearchAction\",\"target\":{\"@type\":\"EntryPoint\",\"urlTemplate\":\"https:\/\/sumkcaps.com\/?s={search_term_string}\"},\"query-input\":{\"@type\":\"PropertyValueSpecification\",\"valueRequired\":true,\"valueName\":\"search_term_string\"}}],\"inLanguage\":\"fr-FR\"},{\"@type\":\"Organization\",\"@id\":\"https:\/\/sumkcaps.com\/#organization\",\"name\":\"Sumkcaps-China Original Headwear Manufacturer and Suppliers\",\"url\":\"https:\/\/sumkcaps.com\/\",\"logo\":{\"@type\":\"ImageObject\",\"inLanguage\":\"fr-FR\",\"@id\":\"https:\/\/sumkcaps.com\/#\/schema\/logo\/image\/\",\"url\":\"https:\/\/sumkcaps.com\/wp-content\/uploads\/2025\/12\/1234.jpg\",\"contentUrl\":\"https:\/\/sumkcaps.com\/wp-content\/uploads\/2025\/12\/1234.jpg\",\"width\":800,\"height\":800,\"caption\":\"Sumkcaps-China Original Headwear Manufacturer and Suppliers\"},\"image\":{\"@id\":\"https:\/\/sumkcaps.com\/#\/schema\/logo\/image\/\"},\"sameAs\":[\"https:\/\/www.facebook.com\/sumkcap\",\"https:\/\/www.instagram.com\/sumkcaps7\/\",\"https:\/\/www.pinterest.com\/sumkcapschina\/\"]}]}<\/script>\n<!-- \/ Yoast SEO Premium plugin. -->","yoast_head_json":{"title":"Conditions d'utilisation - Sumkcaps","description":"Sumkcaps est le premier fabricant chinois de couvre-chefs. OEMD &amp; ODM disponibles. MOQ de 200pcs. Fabrique de casquettes originales. Capacit\u00e9 totale de personnalisation.","robots":{"index":"index","follow":"follow","max-snippet":"max-snippet:-1","max-image-preview":"max-image-preview:large","max-video-preview":"max-video-preview:-1"},"canonical":"https:\/\/sumkcaps.com\/fr\/conditions-dutilisation\/","og_locale":"fr_FR","og_type":"article","og_title":"Terms of Use - Sumkcaps","og_description":"Terms of Use - Sumkcaps","og_url":"https:\/\/sumkcaps.com\/fr\/conditions-dutilisation\/","og_site_name":"Sumkcaps-China Original Headwear Manufacturer and Suppliers","article_publisher":"https:\/\/www.facebook.com\/sumkcap","article_modified_time":"2025-07-29T07:34:09+00:00","og_image":[{"width":801,"height":961,"url":"https:\/\/sumkcaps.com\/wp-content\/uploads\/2023\/05\/China-hat-manufactuers.png","type":"image\/png"}],"twitter_card":"summary_large_image","twitter_misc":{"Dur\u00e9e de lecture estim\u00e9e":"3 minutes"},"schema":{"@context":"https:\/\/schema.org","@graph":[{"@type":"WebPage","@id":"https:\/\/sumkcaps.com\/terms-of-use\/","url":"https:\/\/sumkcaps.com\/terms-of-use\/","name":"Conditions d'utilisation - Sumkcaps","isPartOf":{"@id":"https:\/\/sumkcaps.com\/#website"},"primaryImageOfPage":{"@id":"https:\/\/sumkcaps.com\/terms-of-use\/#primaryimage"},"image":{"@id":"https:\/\/sumkcaps.com\/terms-of-use\/#primaryimage"},"thumbnailUrl":"https:\/\/sumkcaps.com\/wp-content\/uploads\/2023\/05\/China-hat-manufactuers.png","datePublished":"2023-06-01T03:33:59+00:00","dateModified":"2025-07-29T07:34:09+00:00","description":"Sumkcaps est le premier fabricant chinois de couvre-chefs. OEMD &amp; ODM disponibles. MOQ de 200pcs. Fabrique de casquettes originales. Capacit\u00e9 totale de personnalisation.","breadcrumb":{"@id":"https:\/\/sumkcaps.com\/terms-of-use\/#breadcrumb"},"inLanguage":"fr-FR","potentialAction":[{"@type":"ReadAction","target":["https:\/\/sumkcaps.com\/terms-of-use\/"]}]},{"@type":"ImageObject","inLanguage":"fr-FR","@id":"https:\/\/sumkcaps.com\/terms-of-use\/#primaryimage","url":"https:\/\/sumkcaps.com\/wp-content\/uploads\/2023\/05\/China-hat-manufactuers.png","contentUrl":"https:\/\/sumkcaps.com\/wp-content\/uploads\/2023\/05\/China-hat-manufactuers.png","width":801,"height":961},{"@type":"BreadcrumbList","@id":"https:\/\/sumkcaps.com\/terms-of-use\/#breadcrumb","itemListElement":[{"@type":"ListItem","position":1,"name":"Home","item":"https:\/\/sumkcaps.com\/"},{"@type":"ListItem","position":2,"name":"Terms of Use"}]},{"@type":"WebSite","@id":"https:\/\/sumkcaps.com\/#website","url":"https:\/\/sumkcaps.com\/","name":"Sumkcaps - Fabricant et fournisseur chinois de couvre-chefs originaux","description":"Nous sommes une entreprise chinoise de fabrication de casquettes et de chapeaux, dont l'activit\u00e9 principale consiste \u00e0 personnaliser les casquettes et les chapeaux en fonction du LOGO du client. Tous les styles de casquettes, toutes les couleurs de casquettes, toutes les quantit\u00e9s, tous les mat\u00e9riaux et toutes les quantit\u00e9s ne posent aucun probl\u00e8me. En d'autres termes, tous les petits d\u00e9tails peuvent \u00eatre personnalis\u00e9s selon votre demande.","publisher":{"@id":"https:\/\/sumkcaps.com\/#organization"},"potentialAction":[{"@type":"SearchAction","target":{"@type":"EntryPoint","urlTemplate":"https:\/\/sumkcaps.com\/?s={search_term_string}"},"query-input":{"@type":"PropertyValueSpecification","valueRequired":true,"valueName":"search_term_string"}}],"inLanguage":"fr-FR"},{"@type":"Organization","@id":"https:\/\/sumkcaps.com\/#organization","name":"Sumkcaps - Fabricant et fournisseur chinois de couvre-chefs originaux","url":"https:\/\/sumkcaps.com\/","logo":{"@type":"ImageObject","inLanguage":"fr-FR","@id":"https:\/\/sumkcaps.com\/#\/schema\/logo\/image\/","url":"https:\/\/sumkcaps.com\/wp-content\/uploads\/2025\/12\/1234.jpg","contentUrl":"https:\/\/sumkcaps.com\/wp-content\/uploads\/2025\/12\/1234.jpg","width":800,"height":800,"caption":"Sumkcaps-China Original Headwear Manufacturer and Suppliers"},"image":{"@id":"https:\/\/sumkcaps.com\/#\/schema\/logo\/image\/"},"sameAs":["https:\/\/www.facebook.com\/sumkcap","https:\/\/www.instagram.com\/sumkcaps7\/","https:\/\/www.pinterest.com\/sumkcapschina\/"]}]}},"taxonomy_info":[],"featured_image_src_large":["https:\/\/sumkcaps.com\/wp-content\/uploads\/2023\/05\/China-hat-manufactuers.png",800,960,false],"author_info":{"display_name":"Bruce Su","author_link":"https:\/\/sumkcaps.com\/fr\/author\/bruce\/"},"comment_info":0,"_links":{"self":[{"href":"https:\/\/sumkcaps.com\/fr\/wp-json\/wp\/v2\/pages\/22856","targetHints":{"allow":["GET"]}}],"collection":[{"href":"https:\/\/sumkcaps.com\/fr\/wp-json\/wp\/v2\/pages"}],"about":[{"href":"https:\/\/sumkcaps.com\/fr\/wp-json\/wp\/v2\/types\/page"}],"author":[{"embeddable":true,"href":"https:\/\/sumkcaps.com\/fr\/wp-json\/wp\/v2\/users\/1"}],"replies":[{"embeddable":true,"href":"https:\/\/sumkcaps.com\/fr\/wp-json\/wp\/v2\/comments?post=22856"}],"version-history":[{"count":0,"href":"https:\/\/sumkcaps.com\/fr\/wp-json\/wp\/v2\/pages\/22856\/revisions"}],"wp:featuredmedia":[{"embeddable":true,"href":"https:\/\/sumkcaps.com\/fr\/wp-json\/wp\/v2\/media\/22648"}],"wp:attachment":[{"href":"https:\/\/sumkcaps.com\/fr\/wp-json\/wp\/v2\/media?parent=22856"}],"curies":[{"name":"wp","href":"https:\/\/api.w.org\/{rel}","templated":true}]}}