{"id":67,"date":"2021-07-03T09:44:41","date_gmt":"2021-07-03T01:44:41","guid":{"rendered":"https:\/\/sumkcaps.com\/?post_type=product&#038;p=67"},"modified":"2025-07-30T15:41:26","modified_gmt":"2025-07-30T07:41:26","slug":"white-6-panel-white-unstructured-dad-hat-baseball-cap","status":"publish","type":"product","link":"https:\/\/sumkcaps.com\/es\/producto\/blanco-6-panel-blanco-desestructurado-papa-sombrero-gorra-de-beisbol\/","title":{"rendered":"Blanco 6 Panel Blanco Unstructured Dad Hat Gorra de B\u00e9isbol al por mayor"},"content":{"rendered":"<p>La gorra de b\u00e9isbol White 6 Panel White Unstructured Dad Hat tiene un estilo atemporal que combina a la perfecci\u00f3n con cualquier atuendo informal. El dise\u00f1o de esta gorra incluye una correa ajustable que garantiza un ajuste c\u00f3modo y seguro para todo el mundo. Fabricada con materiales de primera calidad, garantiza durabilidad y un uso prolongado. Disponible en el cl\u00e1sico color blanco, es una opci\u00f3n vers\u00e1til y elegante para cualquier ocasi\u00f3n.<\/p>\n<h2 data-start=\"87\" data-end=\"124\"><strong data-start=\"94\" data-end=\"124\">Personalizaci\u00f3n y decoraci\u00f3n<\/strong><\/h2>\n<ul data-start=\"125\" data-end=\"383\">\n<li data-start=\"125\" data-end=\"209\">\n<p data-start=\"127\" data-end=\"209\"><strong data-start=\"127\" data-end=\"146\">Tipo de decoraci\u00f3n<\/strong>: Bordado plano para una colocaci\u00f3n limpia y cl\u00e1sica del logotipo o dise\u00f1o<\/p>\n<\/li>\n<li data-start=\"210\" data-end=\"304\">\n<p data-start=\"212\" data-end=\"304\"><strong data-start=\"212\" data-end=\"231\">Opciones de servicio<\/strong>: OEM y ODM disponibles para personalizaci\u00f3n completa y marca propia<\/p>\n<\/li>\n<li data-start=\"305\" data-end=\"383\">\n<p data-start=\"307\" data-end=\"383\"><strong data-start=\"307\" data-end=\"314\">MOQ<\/strong>: 200 unidades por dise\u00f1o y color - ideal para proyectos de marcas personalizadas<\/p>\n<\/li>\n<\/ul>\n<h2 data-start=\"390\" data-end=\"424\"><strong data-start=\"397\" data-end=\"424\">Material y construcci\u00f3n<\/strong><\/h2>\n<ul data-start=\"425\" data-end=\"693\">\n<li data-start=\"425\" data-end=\"515\">\n<p data-start=\"427\" data-end=\"515\"><strong data-start=\"427\" data-end=\"439\">Material<\/strong>: Fabricado en sarga de algod\u00f3n 100% para un tacto suave, transpirable y c\u00f3modo.<\/p>\n<\/li>\n<li data-start=\"516\" data-end=\"612\">\n<p data-start=\"518\" data-end=\"612\"><strong data-start=\"518\" data-end=\"539\">Forma y estructura<\/strong>: construcci\u00f3n desestructurada de 6 paneles para una silueta relajada y casual<\/p>\n<\/li>\n<li data-start=\"613\" data-end=\"693\">\n<p data-start=\"615\" data-end=\"693\"><strong data-start=\"615\" data-end=\"624\">Color<\/strong>: Acabado blanco limpio, ideal para dise\u00f1os bordados minimalistas o atrevidos<\/p>\n<\/li>\n<\/ul>\n<h2 data-start=\"700\" data-end=\"723\"><strong data-start=\"707\" data-end=\"723\">Ajuste y tallaje<\/strong><\/h2>\n<ul data-start=\"724\" data-end=\"946\">\n<li data-start=\"724\" data-end=\"803\">\n<p data-start=\"726\" data-end=\"803\"><strong data-start=\"726\" data-end=\"733\">Ajuste<\/strong>: One Size Fits Most (OSFM), adecuado para tama\u00f1os de cabeza de 7 a 7 3\/4<\/p>\n<\/li>\n<li data-start=\"804\" data-end=\"875\">\n<p data-start=\"806\" data-end=\"875\"><strong data-start=\"806\" data-end=\"817\">Cierre<\/strong>: La correa ajustable garantiza un ajuste personalizado y seguro<\/p>\n<\/li>\n<li data-start=\"876\" data-end=\"946\">\n<p data-start=\"878\" data-end=\"946\"><strong data-start=\"878\" data-end=\"887\">Visera<\/strong>: Borde precurvado para protecci\u00f3n solar y estilo sin esfuerzo<\/p>\n<\/li>\n<\/ul>\n<h2>P\u00f3ngase en contacto con nosotros<\/h2>\n<p>\u00bfBusca una gorra que ofrezca flexibilidad de personalizaci\u00f3n? La gorra de b\u00e9isbol White 6 Panel White Unstructured Dad Hat es perfecta para bordados o impresiones personalizadas. Su estructura desestructurada ofrece un aspecto relajado a la vez que mantiene la forma con la ayuda de los ojales bien dise\u00f1ados que garantizan la transpirabilidad.<\/p>\n<p>Sumkcaps lleva 20 a\u00f1os en el sector de la fabricaci\u00f3n de tapones, conocido por sus reducidas cantidades m\u00ednimas de pedido y su excelente relaci\u00f3n calidad-precio. Nos comprometemos a suministrar productos de alta calidad. <a href=\"https:\/\/sumkcaps.com\/contact\/\">P\u00f3ngase en contacto con nosotros<\/a> \u00a1hoy mismo para sus necesidades de venta al por mayor!<\/p>","protected":false},"excerpt":{"rendered":"<p>Blanco b\u00e1sico de forma desestructurada a la vez que est\u00e1 hecho de algod\u00f3n org\u00e1nico, que obtiene GOTS. se puede personalizar su propio logotipo o marca para promoci\u00f3n, evento o negocio....<\/p>\n<p>Descubra nuestra gorra de b\u00e9isbol de alta calidad White 6 Panel White Unstructured Dad Hat, perfecta para compradores al por mayor.<\/p>","protected":false},"featured_media":68,"template":"","meta":{"_acf_changed":false,"_kad_blocks_custom_css":"","_kad_blocks_head_custom_js":"","_kad_blocks_body_custom_js":"","_kad_blocks_footer_custom_js":""},"product_brand":[],"product_cat":[693,949],"product_tag":[],"class_list":{"0":"post-67","1":"product","2":"type-product","3":"status-publish","4":"has-post-thumbnail","6":"product_cat-hat","7":"product_cat-unstructured-5-panel-hat-wholesale","9":"first","10":"outofstock","11":"shipping-taxable","12":"product-type-simple"},"acf":[],"yoast_head":"<!-- This site is optimized with the Yoast SEO Premium plugin v20.8 (Yoast SEO v25.9) - https:\/\/yoast.com\/wordpress\/plugins\/seo\/ -->\n<title>White 6 Panel White Unstructured Dad Hat Baseball Cap<\/title>\n<meta name=\"description\" content=\"Shop our White 6 Panel Unstructured Dad Hat\u2014premium cotton, adjustable fit. Perfect for custom embroidery, casual wear, and wholesale orders with low MOQ.\" \/>\n<meta name=\"robots\" content=\"index, follow, max-snippet:-1, max-image-preview:large, max-video-preview:-1\" \/>\n<link rel=\"canonical\" href=\"https:\/\/sumkcaps.com\/es\/producto\/blanco-6-panel-blanco-desestructurado-papa-sombrero-gorra-de-beisbol\/\" \/>\n<meta property=\"og:locale\" content=\"es_ES\" \/>\n<meta property=\"og:type\" content=\"article\" \/>\n<meta property=\"og:title\" content=\"White 6 Panel White Unstructured Dad Hat Baseball Cap Wholesale - Sumkcaps\" \/>\n<meta property=\"og:description\" content=\"Shop our White 6 Panel Unstructured Dad Hat\u2014premium cotton, adjustable fit. Perfect for custom embroidery, casual wear, and wholesale orders with low MOQ.\" \/>\n<meta property=\"og:url\" content=\"https:\/\/sumkcaps.com\/es\/producto\/blanco-6-panel-blanco-desestructurado-papa-sombrero-gorra-de-beisbol\/\" \/>\n<meta property=\"og:site_name\" content=\"Sumkcaps-China Original Headwear Manufacturer and Suppliers\" \/>\n<meta property=\"article:publisher\" content=\"https:\/\/www.facebook.com\/sumkcap\" \/>\n<meta property=\"article:modified_time\" content=\"2025-07-30T07:41:26+00:00\" \/>\n<meta property=\"og:image\" content=\"https:\/\/sumkcaps.com\/wp-content\/uploads\/2021\/07\/\u7ee3\u82b1\u65e0\u886c\u68d2\u7403\u5e3d-3.jpg\" \/>\n\t<meta property=\"og:image:width\" content=\"800\" \/>\n\t<meta property=\"og:image:height\" content=\"800\" \/>\n\t<meta property=\"og:image:type\" content=\"image\/jpeg\" \/>\n<meta name=\"twitter:card\" content=\"summary_large_image\" \/>\n<meta name=\"twitter:label1\" content=\"Tiempo de lectura\" \/>\n\t<meta name=\"twitter:data1\" content=\"2 minutos\" \/>\n<script type=\"application\/ld+json\" class=\"yoast-schema-graph\">{\"@context\":\"https:\/\/schema.org\",\"@graph\":[{\"@type\":\"WebPage\",\"@id\":\"https:\/\/sumkcaps.com\/product\/white-6-panel-white-unstructured-dad-hat-baseball-cap\/\",\"url\":\"https:\/\/sumkcaps.com\/product\/white-6-panel-white-unstructured-dad-hat-baseball-cap\/\",\"name\":\"White 6 Panel White Unstructured Dad Hat Baseball Cap\",\"isPartOf\":{\"@id\":\"https:\/\/sumkcaps.com\/#website\"},\"primaryImageOfPage\":{\"@id\":\"https:\/\/sumkcaps.com\/product\/white-6-panel-white-unstructured-dad-hat-baseball-cap\/#primaryimage\"},\"image\":{\"@id\":\"https:\/\/sumkcaps.com\/product\/white-6-panel-white-unstructured-dad-hat-baseball-cap\/#primaryimage\"},\"thumbnailUrl\":\"https:\/\/sumkcaps.com\/wp-content\/uploads\/2021\/07\/\u7ee3\u82b1\u65e0\u886c\u68d2\u7403\u5e3d-3.jpg\",\"datePublished\":\"2021-07-03T01:44:41+00:00\",\"dateModified\":\"2025-07-30T07:41:26+00:00\",\"description\":\"Shop our White 6 Panel Unstructured Dad Hat\u2014premium cotton, adjustable fit. Perfect for custom embroidery, casual wear, and wholesale orders with low MOQ.\",\"breadcrumb\":{\"@id\":\"https:\/\/sumkcaps.com\/product\/white-6-panel-white-unstructured-dad-hat-baseball-cap\/#breadcrumb\"},\"inLanguage\":\"es\",\"potentialAction\":[{\"@type\":\"ReadAction\",\"target\":[\"https:\/\/sumkcaps.com\/product\/white-6-panel-white-unstructured-dad-hat-baseball-cap\/\"]}]},{\"@type\":\"ImageObject\",\"inLanguage\":\"es\",\"@id\":\"https:\/\/sumkcaps.com\/product\/white-6-panel-white-unstructured-dad-hat-baseball-cap\/#primaryimage\",\"url\":\"https:\/\/sumkcaps.com\/wp-content\/uploads\/2021\/07\/\u7ee3\u82b1\u65e0\u886c\u68d2\u7403\u5e3d-3.jpg\",\"contentUrl\":\"https:\/\/sumkcaps.com\/wp-content\/uploads\/2021\/07\/\u7ee3\u82b1\u65e0\u886c\u68d2\u7403\u5e3d-3.jpg\",\"width\":800,\"height\":800,\"caption\":\"White 6 Panel White Unstructured Dad Hat Baseball Cap Wholesale\"},{\"@type\":\"BreadcrumbList\",\"@id\":\"https:\/\/sumkcaps.com\/product\/white-6-panel-white-unstructured-dad-hat-baseball-cap\/#breadcrumb\",\"itemListElement\":[{\"@type\":\"ListItem\",\"position\":1,\"name\":\"Home\",\"item\":\"https:\/\/sumkcaps.com\/\"},{\"@type\":\"ListItem\",\"position\":2,\"name\":\"Products\",\"item\":\"https:\/\/sumkcaps.com\/product\/\"},{\"@type\":\"ListItem\",\"position\":3,\"name\":\"White 6 Panel White Unstructured Dad Hat Baseball Cap Wholesale\"}]},{\"@type\":\"WebSite\",\"@id\":\"https:\/\/sumkcaps.com\/#website\",\"url\":\"https:\/\/sumkcaps.com\/\",\"name\":\"Sumkcaps-China Original Headwear Manufacturer and Suppliers\",\"description\":\"We are China Cap And Hat Original Factory, whose main business is to custom cap and hat as client&#039;s LOGO. Any cap style, any cap color, any qty, any material and qty is no problem. In one words, any small details can be customized as your request.\",\"publisher\":{\"@id\":\"https:\/\/sumkcaps.com\/#organization\"},\"potentialAction\":[{\"@type\":\"SearchAction\",\"target\":{\"@type\":\"EntryPoint\",\"urlTemplate\":\"https:\/\/sumkcaps.com\/?s={search_term_string}\"},\"query-input\":{\"@type\":\"PropertyValueSpecification\",\"valueRequired\":true,\"valueName\":\"search_term_string\"}}],\"inLanguage\":\"es\"},{\"@type\":\"Organization\",\"@id\":\"https:\/\/sumkcaps.com\/#organization\",\"name\":\"Sumkcaps-China Original Headwear Manufacturer and Suppliers\",\"url\":\"https:\/\/sumkcaps.com\/\",\"logo\":{\"@type\":\"ImageObject\",\"inLanguage\":\"es\",\"@id\":\"https:\/\/sumkcaps.com\/#\/schema\/logo\/image\/\",\"url\":\"https:\/\/sumkcaps.com\/wp-content\/uploads\/2025\/12\/1234.jpg\",\"contentUrl\":\"https:\/\/sumkcaps.com\/wp-content\/uploads\/2025\/12\/1234.jpg\",\"width\":800,\"height\":800,\"caption\":\"Sumkcaps-China Original Headwear Manufacturer and Suppliers\"},\"image\":{\"@id\":\"https:\/\/sumkcaps.com\/#\/schema\/logo\/image\/\"},\"sameAs\":[\"https:\/\/www.facebook.com\/sumkcap\",\"https:\/\/www.instagram.com\/sumkcaps7\/\",\"https:\/\/www.pinterest.com\/sumkcapschina\/\"]}]}<\/script>\n<!-- \/ Yoast SEO Premium plugin. -->","yoast_head_json":{"title":"Blanco 6 Panel Blanco Unstructured Dad Hat Baseball Cap","description":"Compre nuestra Gorra Blanca de 6 Paneles sin Estructura - algod\u00f3n de primera calidad, ajuste regulable. Perfecto para bordados personalizados, ropa casual y pedidos al por mayor con MOQ bajo.","robots":{"index":"index","follow":"follow","max-snippet":"max-snippet:-1","max-image-preview":"max-image-preview:large","max-video-preview":"max-video-preview:-1"},"canonical":"https:\/\/sumkcaps.com\/es\/producto\/blanco-6-panel-blanco-desestructurado-papa-sombrero-gorra-de-beisbol\/","og_locale":"es_ES","og_type":"article","og_title":"White 6 Panel White Unstructured Dad Hat Baseball Cap Wholesale - Sumkcaps","og_description":"Shop our White 6 Panel Unstructured Dad Hat\u2014premium cotton, adjustable fit. Perfect for custom embroidery, casual wear, and wholesale orders with low MOQ.","og_url":"https:\/\/sumkcaps.com\/es\/producto\/blanco-6-panel-blanco-desestructurado-papa-sombrero-gorra-de-beisbol\/","og_site_name":"Sumkcaps-China Original Headwear Manufacturer and Suppliers","article_publisher":"https:\/\/www.facebook.com\/sumkcap","article_modified_time":"2025-07-30T07:41:26+00:00","og_image":[{"width":800,"height":800,"url":"https:\/\/sumkcaps.com\/wp-content\/uploads\/2021\/07\/\u7ee3\u82b1\u65e0\u886c\u68d2\u7403\u5e3d-3.jpg","type":"image\/jpeg"}],"twitter_card":"summary_large_image","twitter_misc":{"Tiempo de lectura":"2 minutos"},"schema":{"@context":"https:\/\/schema.org","@graph":[{"@type":"WebPage","@id":"https:\/\/sumkcaps.com\/product\/white-6-panel-white-unstructured-dad-hat-baseball-cap\/","url":"https:\/\/sumkcaps.com\/product\/white-6-panel-white-unstructured-dad-hat-baseball-cap\/","name":"Blanco 6 Panel Blanco Unstructured Dad Hat Baseball Cap","isPartOf":{"@id":"https:\/\/sumkcaps.com\/#website"},"primaryImageOfPage":{"@id":"https:\/\/sumkcaps.com\/product\/white-6-panel-white-unstructured-dad-hat-baseball-cap\/#primaryimage"},"image":{"@id":"https:\/\/sumkcaps.com\/product\/white-6-panel-white-unstructured-dad-hat-baseball-cap\/#primaryimage"},"thumbnailUrl":"https:\/\/sumkcaps.com\/wp-content\/uploads\/2021\/07\/\u7ee3\u82b1\u65e0\u886c\u68d2\u7403\u5e3d-3.jpg","datePublished":"2021-07-03T01:44:41+00:00","dateModified":"2025-07-30T07:41:26+00:00","description":"Compre nuestra Gorra Blanca de 6 Paneles sin Estructura - algod\u00f3n de primera calidad, ajuste regulable. Perfecto para bordados personalizados, ropa casual y pedidos al por mayor con MOQ bajo.","breadcrumb":{"@id":"https:\/\/sumkcaps.com\/product\/white-6-panel-white-unstructured-dad-hat-baseball-cap\/#breadcrumb"},"inLanguage":"es","potentialAction":[{"@type":"ReadAction","target":["https:\/\/sumkcaps.com\/product\/white-6-panel-white-unstructured-dad-hat-baseball-cap\/"]}]},{"@type":"ImageObject","inLanguage":"es","@id":"https:\/\/sumkcaps.com\/product\/white-6-panel-white-unstructured-dad-hat-baseball-cap\/#primaryimage","url":"https:\/\/sumkcaps.com\/wp-content\/uploads\/2021\/07\/\u7ee3\u82b1\u65e0\u886c\u68d2\u7403\u5e3d-3.jpg","contentUrl":"https:\/\/sumkcaps.com\/wp-content\/uploads\/2021\/07\/\u7ee3\u82b1\u65e0\u886c\u68d2\u7403\u5e3d-3.jpg","width":800,"height":800,"caption":"White 6 Panel White Unstructured Dad Hat Baseball Cap Wholesale"},{"@type":"BreadcrumbList","@id":"https:\/\/sumkcaps.com\/product\/white-6-panel-white-unstructured-dad-hat-baseball-cap\/#breadcrumb","itemListElement":[{"@type":"ListItem","position":1,"name":"Home","item":"https:\/\/sumkcaps.com\/"},{"@type":"ListItem","position":2,"name":"Products","item":"https:\/\/sumkcaps.com\/product\/"},{"@type":"ListItem","position":3,"name":"White 6 Panel White Unstructured Dad Hat Baseball Cap Wholesale"}]},{"@type":"WebSite","@id":"https:\/\/sumkcaps.com\/#website","url":"https:\/\/sumkcaps.com\/","name":"Sumkcaps-China Fabricante y proveedor de gorras originales","description":"Somos gorra de China y el sombrero original de la f\u00e1brica, cuya actividad principal es la costumbre gorra y el sombrero como cliente&#039;s LOGO. Cualquier estilo gorra, cualquier color gorra, cualquier cantidad, cualquier material y cantidad no es problema. En una palabra, cualquier peque\u00f1o detalle puede ser personalizado como su solicitud.","publisher":{"@id":"https:\/\/sumkcaps.com\/#organization"},"potentialAction":[{"@type":"SearchAction","target":{"@type":"EntryPoint","urlTemplate":"https:\/\/sumkcaps.com\/?s={search_term_string}"},"query-input":{"@type":"PropertyValueSpecification","valueRequired":true,"valueName":"search_term_string"}}],"inLanguage":"es"},{"@type":"Organization","@id":"https:\/\/sumkcaps.com\/#organization","name":"Sumkcaps-China Fabricante y proveedor de gorras originales","url":"https:\/\/sumkcaps.com\/","logo":{"@type":"ImageObject","inLanguage":"es","@id":"https:\/\/sumkcaps.com\/#\/schema\/logo\/image\/","url":"https:\/\/sumkcaps.com\/wp-content\/uploads\/2025\/12\/1234.jpg","contentUrl":"https:\/\/sumkcaps.com\/wp-content\/uploads\/2025\/12\/1234.jpg","width":800,"height":800,"caption":"Sumkcaps-China Original Headwear Manufacturer and Suppliers"},"image":{"@id":"https:\/\/sumkcaps.com\/#\/schema\/logo\/image\/"},"sameAs":["https:\/\/www.facebook.com\/sumkcap","https:\/\/www.instagram.com\/sumkcaps7\/","https:\/\/www.pinterest.com\/sumkcapschina\/"]}]}},"taxonomy_info":{"product_cat":[{"value":693,"label":"Hat"},{"value":949,"label":"Unstructured 5 Panel Hat Wholesale"}]},"featured_image_src_large":["https:\/\/sumkcaps.com\/wp-content\/uploads\/2021\/07\/\u7ee3\u82b1\u65e0\u886c\u68d2\u7403\u5e3d-3.jpg",800,800,false],"author_info":[],"comment_info":"","_links":{"self":[{"href":"https:\/\/sumkcaps.com\/es\/wp-json\/wp\/v2\/product\/67","targetHints":{"allow":["GET"]}}],"collection":[{"href":"https:\/\/sumkcaps.com\/es\/wp-json\/wp\/v2\/product"}],"about":[{"href":"https:\/\/sumkcaps.com\/es\/wp-json\/wp\/v2\/types\/product"}],"wp:featuredmedia":[{"embeddable":true,"href":"https:\/\/sumkcaps.com\/es\/wp-json\/wp\/v2\/media\/68"}],"wp:attachment":[{"href":"https:\/\/sumkcaps.com\/es\/wp-json\/wp\/v2\/media?parent=67"}],"wp:term":[{"taxonomy":"product_brand","embeddable":true,"href":"https:\/\/sumkcaps.com\/es\/wp-json\/wp\/v2\/product_brand?post=67"},{"taxonomy":"product_cat","embeddable":true,"href":"https:\/\/sumkcaps.com\/es\/wp-json\/wp\/v2\/product_cat?post=67"},{"taxonomy":"product_tag","embeddable":true,"href":"https:\/\/sumkcaps.com\/es\/wp-json\/wp\/v2\/product_tag?post=67"}],"curies":[{"name":"wp","href":"https:\/\/api.w.org\/{rel}","templated":true}]}}