{"id":23885,"date":"2023-09-13T20:59:16","date_gmt":"2023-09-13T12:59:16","guid":{"rendered":"https:\/\/sumkcaps.com\/?post_type=product&#038;p=23885"},"modified":"2026-01-12T11:10:47","modified_gmt":"2026-01-12T03:10:47","slug":"sumkcaps-5-panel-3d-embroidery-canvas-trucker-hats","status":"publish","type":"product","link":"https:\/\/sumkcaps.com\/es\/producto\/sumkcaps-5-panel-3d-bordado-lona-camionero-sombreros\/","title":{"rendered":"5 Panel 3D Bordado Lienzo Trucker Sombreros al por mayor"},"content":{"rendered":"<h3 data-start=\"86\" data-end=\"118\">Decoraci\u00f3n<\/h3>\n<p data-start=\"119\" data-end=\"490\">Estas gorras de camionero incorporan un bordado 3D de primera calidad que a\u00f1ade profundidad y textura a sus dise\u00f1os. Las costuras en relieve garantizan que los logotipos, textos o gr\u00e1ficos destaquen y ofrezcan un acabado profesional y llamativo. Perfecto para marcas, art\u00edculos de equipo o colecciones de moda, el bordado realza el atractivo visual al tiempo que mantiene la durabilidad a largo plazo.<\/p>\n<h3 data-start=\"497\" data-end=\"520\">Material<\/h3>\n<p data-start=\"521\" data-end=\"899\">Fabricadas con lona de alta calidad, estas gorras son duraderas, transpirables y est\u00e1n dise\u00f1adas para el uso diario. El resistente tejido mantiene bien su forma y proporciona un ajuste c\u00f3modo para un uso prolongado. La lona tambi\u00e9n ofrece una superficie ideal para el bordado en 3D, garantizando que sus dise\u00f1os se mantengan n\u00edtidos y vibrantes con el paso del tiempo. Estas gorras son pr\u00e1cticas y elegantes para actividades informales o al aire libre.<\/p>\n<h3 data-start=\"906\" data-end=\"937\">Color<\/h3>\n<p data-start=\"938\" data-end=\"1291\">Estas gorras de camionero est\u00e1n disponibles en el cl\u00e1sico negro o en colores totalmente personalizables para adaptarse a su marca o a su visi\u00f3n del dise\u00f1o. Tanto si prefiere tonos atrevidos como sutiles o estampados \u00fanicos, las opciones de colores personalizados facilitan la creaci\u00f3n de una l\u00ednea de productos distintiva. Esta flexibilidad es perfecta para marcas de moda, campa\u00f1as promocionales y pedidos al por mayor personalizados.<\/p>\n<h3 data-start=\"1298\" data-end=\"1333\">Ajuste y talla<\/h3>\n<p data-start=\"1334\" data-end=\"1655\">Con un dise\u00f1o de talla \u00fanica, estas gorras de camionero se adaptan c\u00f3modamente a tama\u00f1os de cabeza que van de 7 a 7 3\/4. La construcci\u00f3n estructurada de 5 paneles garantiza un ajuste seguro y c\u00f3modo para la mayor\u00eda de los usuarios. El tallaje OSFM simplifica la gesti\u00f3n del inventario, por lo que las gorras son ideales para la venta al por mayor, al por menor o la distribuci\u00f3n promocional.<\/p>\n<h3 data-start=\"1662\" data-end=\"1686\">Visera<\/h3>\n<p data-start=\"1687\" data-end=\"2012\">La visera precurvada proporciona un ajuste cl\u00e1sico y c\u00f3modo a la vez que ofrece protecci\u00f3n solar y un aspecto elegante. Su dise\u00f1o precurvado mantiene la forma, eliminando la necesidad de ajustes y garantizando un estilo uniforme. Esta caracter\u00edstica a\u00f1ade un acabado profesional a la gorra a la vez que complementa looks informales, deportivos o de calle.<\/p>\n<h3 data-start=\"2019\" data-end=\"2044\">Servicio<\/h3>\n<p data-start=\"2045\" data-end=\"2379\">Estos sombreros admiten servicios OEM y ODM, lo que permite una personalizaci\u00f3n completa de bordados, colores, paneles y elementos de marca. Ya sea para la producci\u00f3n de productos de marca propia o para el desarrollo de colecciones de moda \u00fanicas, estos servicios ofrecen flexibilidad, garant\u00eda de calidad y orientaci\u00f3n de producci\u00f3n profesional para sus pedidos al por mayor.<\/p>\n<h3 data-start=\"2386\" data-end=\"2407\">Plazo de entrega<\/h3>\n<p data-start=\"2408\" data-end=\"2700\" data-is-last-node=\"\" data-is-only-node=\"\">La producci\u00f3n de muestras suele tardar entre 7 y 9 d\u00edas laborables para la aprobaci\u00f3n del dise\u00f1o. Una vez confirmada, la producci\u00f3n en serie se completa en 18-22 d\u00edas laborables. Este eficiente plazo garantiza la entrega puntual de pedidos al por mayor, lanzamientos de temporada o campa\u00f1as promocionales sin comprometer la calidad ni el detalle.<\/p>","protected":false},"excerpt":{"rendered":"<p>Esta elegante gorra trucker de camuflaje con bordado personalizado es perfecta para los entusiastas de las actividades al aire libre y los eventos informales. Ideal para compras al por mayor, lo que le garantiza los mejores precios y calidad. Haz tu pedido ahora y disfruta de descuentos premium en pedidos al por mayor<\/p>","protected":false},"featured_media":23886,"template":"","meta":{"_acf_changed":false,"_kad_blocks_custom_css":"","_kad_blocks_head_custom_js":"","_kad_blocks_body_custom_js":"","_kad_blocks_footer_custom_js":""},"product_brand":[],"product_cat":[693,971,942,943],"product_tag":[],"class_list":{"0":"post-23885","1":"product","2":"type-product","3":"status-publish","4":"has-post-thumbnail","6":"product_cat-hat","7":"product_cat-custom-embroidery-trucker-hats-wholesale","8":"product_cat-5-panel-trucker-hat","9":"product_cat-custom-embroidered-5-panel-hats","11":"first","12":"outofstock","13":"shipping-taxable","14":"product-type-simple"},"acf":[],"yoast_head":"<!-- This site is optimized with the Yoast SEO Premium plugin v20.8 (Yoast SEO v25.9) - https:\/\/yoast.com\/wordpress\/plugins\/seo\/ -->\n<title>Custom Embroidery Patch Camo Trucker Hat Wholesale<\/title>\n<meta name=\"description\" content=\"Custom Embroidery Patch Camo Trucker Hat\u2014wholesale-ready with durable materials, adjustable fit, and customizable logos for any occasion.\" \/>\n<meta name=\"robots\" content=\"index, follow, max-snippet:-1, max-image-preview:large, max-video-preview:-1\" \/>\n<link rel=\"canonical\" href=\"https:\/\/sumkcaps.com\/es\/producto\/sumkcaps-5-panel-3d-bordado-lona-camionero-sombreros\/\" \/>\n<meta property=\"og:locale\" content=\"es_ES\" \/>\n<meta property=\"og:type\" content=\"article\" \/>\n<meta property=\"og:title\" content=\"Custom 5 Panel 3D Logo Canvas Trucker Hats | Sumkcaps\" \/>\n<meta property=\"og:description\" content=\"High Quality China Custom Headwear Manufacturer. Top Quality Products At Best Prices. Add Your Logo or Custom Design Online. Expert Service. Bulk Discount.\" \/>\n<meta property=\"og:url\" content=\"https:\/\/sumkcaps.com\/es\/producto\/sumkcaps-5-panel-3d-bordado-lona-camionero-sombreros\/\" \/>\n<meta property=\"og:site_name\" content=\"Sumkcaps-China Original Headwear Manufacturer and Suppliers\" \/>\n<meta property=\"article:publisher\" content=\"https:\/\/www.facebook.com\/sumkcap\" \/>\n<meta property=\"article:modified_time\" content=\"2026-01-12T03:10:47+00:00\" \/>\n<meta property=\"og:image\" content=\"https:\/\/sumkcaps.com\/wp-content\/uploads\/2023\/09\/sumkcaps-5-panel-canvas-trucker-hats-1.jpg\" \/>\n\t<meta property=\"og:image:width\" content=\"750\" \/>\n\t<meta property=\"og:image:height\" content=\"750\" \/>\n\t<meta property=\"og:image:type\" content=\"image\/jpeg\" \/>\n<meta name=\"twitter:card\" content=\"summary_large_image\" \/>\n<meta name=\"twitter:title\" content=\"Custom 5 Panel 3D Logo Canvas Trucker Hats | Sumkcaps\" \/>\n<meta name=\"twitter:description\" content=\"High Quality China Custom Headwear Manufacturer. Top Quality Products At Best Prices. Add Your Logo or Custom Design Online. Expert Service. Bulk Discount.\" \/>\n<meta name=\"twitter:label1\" content=\"Tiempo de lectura\" \/>\n\t<meta name=\"twitter:data1\" content=\"2 minutos\" \/>\n<script type=\"application\/ld+json\" class=\"yoast-schema-graph\">{\"@context\":\"https:\/\/schema.org\",\"@graph\":[{\"@type\":\"WebPage\",\"@id\":\"https:\/\/sumkcaps.com\/product\/sumkcaps-5-panel-3d-embroidery-canvas-trucker-hats\/\",\"url\":\"https:\/\/sumkcaps.com\/product\/sumkcaps-5-panel-3d-embroidery-canvas-trucker-hats\/\",\"name\":\"Custom Embroidery Patch Camo Trucker Hat Wholesale\",\"isPartOf\":{\"@id\":\"https:\/\/sumkcaps.com\/#website\"},\"primaryImageOfPage\":{\"@id\":\"https:\/\/sumkcaps.com\/product\/sumkcaps-5-panel-3d-embroidery-canvas-trucker-hats\/#primaryimage\"},\"image\":{\"@id\":\"https:\/\/sumkcaps.com\/product\/sumkcaps-5-panel-3d-embroidery-canvas-trucker-hats\/#primaryimage\"},\"thumbnailUrl\":\"https:\/\/sumkcaps.com\/wp-content\/uploads\/2023\/09\/sumkcaps-5-panel-canvas-trucker-hats-1.jpg\",\"datePublished\":\"2023-09-13T12:59:16+00:00\",\"dateModified\":\"2026-01-12T03:10:47+00:00\",\"description\":\"Custom Embroidery Patch Camo Trucker Hat\u2014wholesale-ready with durable materials, adjustable fit, and customizable logos for any occasion.\",\"breadcrumb\":{\"@id\":\"https:\/\/sumkcaps.com\/product\/sumkcaps-5-panel-3d-embroidery-canvas-trucker-hats\/#breadcrumb\"},\"inLanguage\":\"es\",\"potentialAction\":[{\"@type\":\"ReadAction\",\"target\":[\"https:\/\/sumkcaps.com\/product\/sumkcaps-5-panel-3d-embroidery-canvas-trucker-hats\/\"]}]},{\"@type\":\"ImageObject\",\"inLanguage\":\"es\",\"@id\":\"https:\/\/sumkcaps.com\/product\/sumkcaps-5-panel-3d-embroidery-canvas-trucker-hats\/#primaryimage\",\"url\":\"https:\/\/sumkcaps.com\/wp-content\/uploads\/2023\/09\/sumkcaps-5-panel-canvas-trucker-hats-1.jpg\",\"contentUrl\":\"https:\/\/sumkcaps.com\/wp-content\/uploads\/2023\/09\/sumkcaps-5-panel-canvas-trucker-hats-1.jpg\",\"width\":750,\"height\":750,\"caption\":\"Sumkcaps 5 Panel Canvas Trucker Hats 1\"},{\"@type\":\"BreadcrumbList\",\"@id\":\"https:\/\/sumkcaps.com\/product\/sumkcaps-5-panel-3d-embroidery-canvas-trucker-hats\/#breadcrumb\",\"itemListElement\":[{\"@type\":\"ListItem\",\"position\":1,\"name\":\"Home\",\"item\":\"https:\/\/sumkcaps.com\/\"},{\"@type\":\"ListItem\",\"position\":2,\"name\":\"Products\",\"item\":\"https:\/\/sumkcaps.com\/product\/\"},{\"@type\":\"ListItem\",\"position\":3,\"name\":\"5 Panel 3D Embroidery Canvas Trucker Hats Wholesale\"}]},{\"@type\":\"WebSite\",\"@id\":\"https:\/\/sumkcaps.com\/#website\",\"url\":\"https:\/\/sumkcaps.com\/\",\"name\":\"Sumkcaps-China Original Headwear Manufacturer and Suppliers\",\"description\":\"We are China Cap And Hat Original Factory, whose main business is to custom cap and hat as client&#039;s LOGO. Any cap style, any cap color, any qty, any material and qty is no problem. In one words, any small details can be customized as your request.\",\"publisher\":{\"@id\":\"https:\/\/sumkcaps.com\/#organization\"},\"potentialAction\":[{\"@type\":\"SearchAction\",\"target\":{\"@type\":\"EntryPoint\",\"urlTemplate\":\"https:\/\/sumkcaps.com\/?s={search_term_string}\"},\"query-input\":{\"@type\":\"PropertyValueSpecification\",\"valueRequired\":true,\"valueName\":\"search_term_string\"}}],\"inLanguage\":\"es\"},{\"@type\":\"Organization\",\"@id\":\"https:\/\/sumkcaps.com\/#organization\",\"name\":\"Sumkcaps-China Original Headwear Manufacturer and Suppliers\",\"url\":\"https:\/\/sumkcaps.com\/\",\"logo\":{\"@type\":\"ImageObject\",\"inLanguage\":\"es\",\"@id\":\"https:\/\/sumkcaps.com\/#\/schema\/logo\/image\/\",\"url\":\"https:\/\/sumkcaps.com\/wp-content\/uploads\/2025\/12\/1234.jpg\",\"contentUrl\":\"https:\/\/sumkcaps.com\/wp-content\/uploads\/2025\/12\/1234.jpg\",\"width\":800,\"height\":800,\"caption\":\"Sumkcaps-China Original Headwear Manufacturer and Suppliers\"},\"image\":{\"@id\":\"https:\/\/sumkcaps.com\/#\/schema\/logo\/image\/\"},\"sameAs\":[\"https:\/\/www.facebook.com\/sumkcap\",\"https:\/\/www.instagram.com\/sumkcaps7\/\",\"https:\/\/www.pinterest.com\/sumkcapschina\/\"]}]}<\/script>\n<!-- \/ Yoast SEO Premium plugin. -->","yoast_head_json":{"title":"Custom Patch bordado Camo Trucker Hat Venta al por mayor","description":"Custom Embroidery Patch Camo Trucker Hat-listo para la venta al por mayor con materiales duraderos, ajuste regulable y logotipos personalizables para cualquier ocasi\u00f3n.","robots":{"index":"index","follow":"follow","max-snippet":"max-snippet:-1","max-image-preview":"max-image-preview:large","max-video-preview":"max-video-preview:-1"},"canonical":"https:\/\/sumkcaps.com\/es\/producto\/sumkcaps-5-panel-3d-bordado-lona-camionero-sombreros\/","og_locale":"es_ES","og_type":"article","og_title":"Custom 5 Panel 3D Logo Canvas Trucker Hats | Sumkcaps","og_description":"High Quality China Custom Headwear Manufacturer. Top Quality Products At Best Prices. Add Your Logo or Custom Design Online. Expert Service. Bulk Discount.","og_url":"https:\/\/sumkcaps.com\/es\/producto\/sumkcaps-5-panel-3d-bordado-lona-camionero-sombreros\/","og_site_name":"Sumkcaps-China Original Headwear Manufacturer and Suppliers","article_publisher":"https:\/\/www.facebook.com\/sumkcap","article_modified_time":"2026-01-12T03:10:47+00:00","og_image":[{"width":750,"height":750,"url":"https:\/\/sumkcaps.com\/wp-content\/uploads\/2023\/09\/sumkcaps-5-panel-canvas-trucker-hats-1.jpg","type":"image\/jpeg"}],"twitter_card":"summary_large_image","twitter_title":"Custom 5 Panel 3D Logo Canvas Trucker Hats | Sumkcaps","twitter_description":"High Quality China Custom Headwear Manufacturer. Top Quality Products At Best Prices. Add Your Logo or Custom Design Online. Expert Service. Bulk Discount.","twitter_misc":{"Tiempo de lectura":"2 minutos"},"schema":{"@context":"https:\/\/schema.org","@graph":[{"@type":"WebPage","@id":"https:\/\/sumkcaps.com\/product\/sumkcaps-5-panel-3d-embroidery-canvas-trucker-hats\/","url":"https:\/\/sumkcaps.com\/product\/sumkcaps-5-panel-3d-embroidery-canvas-trucker-hats\/","name":"Custom Patch bordado Camo Trucker Hat Venta al por mayor","isPartOf":{"@id":"https:\/\/sumkcaps.com\/#website"},"primaryImageOfPage":{"@id":"https:\/\/sumkcaps.com\/product\/sumkcaps-5-panel-3d-embroidery-canvas-trucker-hats\/#primaryimage"},"image":{"@id":"https:\/\/sumkcaps.com\/product\/sumkcaps-5-panel-3d-embroidery-canvas-trucker-hats\/#primaryimage"},"thumbnailUrl":"https:\/\/sumkcaps.com\/wp-content\/uploads\/2023\/09\/sumkcaps-5-panel-canvas-trucker-hats-1.jpg","datePublished":"2023-09-13T12:59:16+00:00","dateModified":"2026-01-12T03:10:47+00:00","description":"Custom Embroidery Patch Camo Trucker Hat-listo para la venta al por mayor con materiales duraderos, ajuste regulable y logotipos personalizables para cualquier ocasi\u00f3n.","breadcrumb":{"@id":"https:\/\/sumkcaps.com\/product\/sumkcaps-5-panel-3d-embroidery-canvas-trucker-hats\/#breadcrumb"},"inLanguage":"es","potentialAction":[{"@type":"ReadAction","target":["https:\/\/sumkcaps.com\/product\/sumkcaps-5-panel-3d-embroidery-canvas-trucker-hats\/"]}]},{"@type":"ImageObject","inLanguage":"es","@id":"https:\/\/sumkcaps.com\/product\/sumkcaps-5-panel-3d-embroidery-canvas-trucker-hats\/#primaryimage","url":"https:\/\/sumkcaps.com\/wp-content\/uploads\/2023\/09\/sumkcaps-5-panel-canvas-trucker-hats-1.jpg","contentUrl":"https:\/\/sumkcaps.com\/wp-content\/uploads\/2023\/09\/sumkcaps-5-panel-canvas-trucker-hats-1.jpg","width":750,"height":750,"caption":"Sumkcaps 5 Panel Canvas Trucker Hats 1"},{"@type":"BreadcrumbList","@id":"https:\/\/sumkcaps.com\/product\/sumkcaps-5-panel-3d-embroidery-canvas-trucker-hats\/#breadcrumb","itemListElement":[{"@type":"ListItem","position":1,"name":"Home","item":"https:\/\/sumkcaps.com\/"},{"@type":"ListItem","position":2,"name":"Products","item":"https:\/\/sumkcaps.com\/product\/"},{"@type":"ListItem","position":3,"name":"5 Panel 3D Embroidery Canvas Trucker Hats Wholesale"}]},{"@type":"WebSite","@id":"https:\/\/sumkcaps.com\/#website","url":"https:\/\/sumkcaps.com\/","name":"Sumkcaps-China Fabricante y proveedor de gorras originales","description":"Somos gorra de China y el sombrero original de la f\u00e1brica, cuya actividad principal es la costumbre gorra y el sombrero como cliente&#039;s LOGO. Cualquier estilo gorra, cualquier color gorra, cualquier cantidad, cualquier material y cantidad no es problema. En una palabra, cualquier peque\u00f1o detalle puede ser personalizado como su solicitud.","publisher":{"@id":"https:\/\/sumkcaps.com\/#organization"},"potentialAction":[{"@type":"SearchAction","target":{"@type":"EntryPoint","urlTemplate":"https:\/\/sumkcaps.com\/?s={search_term_string}"},"query-input":{"@type":"PropertyValueSpecification","valueRequired":true,"valueName":"search_term_string"}}],"inLanguage":"es"},{"@type":"Organization","@id":"https:\/\/sumkcaps.com\/#organization","name":"Sumkcaps-China Fabricante y proveedor de gorras originales","url":"https:\/\/sumkcaps.com\/","logo":{"@type":"ImageObject","inLanguage":"es","@id":"https:\/\/sumkcaps.com\/#\/schema\/logo\/image\/","url":"https:\/\/sumkcaps.com\/wp-content\/uploads\/2025\/12\/1234.jpg","contentUrl":"https:\/\/sumkcaps.com\/wp-content\/uploads\/2025\/12\/1234.jpg","width":800,"height":800,"caption":"Sumkcaps-China Original Headwear Manufacturer and Suppliers"},"image":{"@id":"https:\/\/sumkcaps.com\/#\/schema\/logo\/image\/"},"sameAs":["https:\/\/www.facebook.com\/sumkcap","https:\/\/www.instagram.com\/sumkcaps7\/","https:\/\/www.pinterest.com\/sumkcapschina\/"]}]}},"taxonomy_info":{"product_cat":[{"value":693,"label":"Hat"},{"value":971,"label":"Embroidery Trucker Hats Wholesale"},{"value":942,"label":"5 Panel Trucker Hat"},{"value":943,"label":"Custom Embroidered 5 Panel Hats"}]},"featured_image_src_large":["https:\/\/sumkcaps.com\/wp-content\/uploads\/2023\/09\/sumkcaps-5-panel-canvas-trucker-hats-1.jpg",750,750,false],"author_info":[],"comment_info":"","_links":{"self":[{"href":"https:\/\/sumkcaps.com\/es\/wp-json\/wp\/v2\/product\/23885","targetHints":{"allow":["GET"]}}],"collection":[{"href":"https:\/\/sumkcaps.com\/es\/wp-json\/wp\/v2\/product"}],"about":[{"href":"https:\/\/sumkcaps.com\/es\/wp-json\/wp\/v2\/types\/product"}],"wp:featuredmedia":[{"embeddable":true,"href":"https:\/\/sumkcaps.com\/es\/wp-json\/wp\/v2\/media\/23886"}],"wp:attachment":[{"href":"https:\/\/sumkcaps.com\/es\/wp-json\/wp\/v2\/media?parent=23885"}],"wp:term":[{"taxonomy":"product_brand","embeddable":true,"href":"https:\/\/sumkcaps.com\/es\/wp-json\/wp\/v2\/product_brand?post=23885"},{"taxonomy":"product_cat","embeddable":true,"href":"https:\/\/sumkcaps.com\/es\/wp-json\/wp\/v2\/product_cat?post=23885"},{"taxonomy":"product_tag","embeddable":true,"href":"https:\/\/sumkcaps.com\/es\/wp-json\/wp\/v2\/product_tag?post=23885"}],"curies":[{"name":"wp","href":"https:\/\/api.w.org\/{rel}","templated":true}]}}