{"id":20162,"date":"2022-11-14T15:11:04","date_gmt":"2022-11-14T07:11:04","guid":{"rendered":"https:\/\/sumkcaps.com\/?post_type=product&#038;p=20162"},"modified":"2026-01-21T11:02:02","modified_gmt":"2026-01-21T03:02:02","slug":"sufox-231317-custom-seven-panel-embroidery-gray-snapback-cap","status":"publish","type":"product","link":"https:\/\/sumkcaps.com\/es\/producto\/sufox-231317-custom-seven-panel-embroidery-gorra-snapback-gris\/","title":{"rendered":"Custom Seven Panel Bordado Gris Snapback Cap Venta al por mayor"},"content":{"rendered":"<h3 data-start=\"159\" data-end=\"419\"><strong data-start=\"159\" data-end=\"173\">Decoraci\u00f3n<\/strong><\/h3>\n<p data-start=\"159\" data-end=\"419\">Esta gorra snapback de siete paneles incorpora un bordado plano personalizado que proporciona un aspecto limpio y preciso del logotipo con un acabado suave. Los dise\u00f1os de bordado pueden personalizarse en tama\u00f1o, color del hilo y ubicaci\u00f3n para adaptarse a los distintos requisitos de la marca.<\/p>\n<h3 data-start=\"421\" data-end=\"616\"><strong data-start=\"421\" data-end=\"433\">Material<\/strong><\/h3>\n<p data-start=\"421\" data-end=\"616\">Fabricada con un resistente tejido de poli\u00e9ster, la gorra ofrece una comodidad ligera, una buena retenci\u00f3n de la forma y resistencia a las arrugas. El material es adecuado para el uso diario y a largo plazo.<\/p>\n<h3 data-start=\"618\" data-end=\"814\"><strong data-start=\"618\" data-end=\"627\">Color<\/strong><\/h3>\n<p data-start=\"618\" data-end=\"814\">Disponible en opciones de color personalizadas, incluido el gris cl\u00e1sico. Los colores pueden adaptarse a la identidad de la marca, las colecciones de temporada o las necesidades promocionales con una calidad de color uniforme.<\/p>\n<h3 data-start=\"816\" data-end=\"996\"><strong data-start=\"816\" data-end=\"830\">Ajuste y talla<\/strong><\/h3>\n<p data-start=\"816\" data-end=\"996\">Dise\u00f1ada como OSFM (7 - 7 3\/4), esta gorra snapback se adapta c\u00f3modamente a la mayor\u00eda de los tama\u00f1os de cabeza. El cierre a presi\u00f3n ajustable permite ajustar f\u00e1cilmente la talla y garantiza un ajuste seguro.<\/p>\n<h3 data-start=\"998\" data-end=\"1173\"><strong data-start=\"998\" data-end=\"1007\">Visera<\/strong><\/h3>\n<p data-start=\"998\" data-end=\"1173\">Equipada con una visera de visera plana, proporciona un moderno look streetwear a la vez que ofrece una eficaz protecci\u00f3n solar. El ala plana mantiene su estructura y su forma limpia.<\/p>\n<h3 data-start=\"1175\" data-end=\"1351\"><strong data-start=\"1175\" data-end=\"1186\">Servicio<\/strong><\/h3>\n<p data-start=\"1175\" data-end=\"1351\">Admite servicios OEM y ODM, ofreciendo una personalizaci\u00f3n completa desde el desarrollo del dise\u00f1o hasta la producci\u00f3n en serie. Adecuado para marcas, mayoristas y proyectos promocionales.<\/p>\n<h3 data-start=\"1353\" data-end=\"1523\"><strong data-start=\"1353\" data-end=\"1372\">Plazo de entrega<\/strong><\/h3>\n<p data-start=\"1353\" data-end=\"1523\" data-is-last-node=\"\" data-is-only-node=\"\">La producci\u00f3n de muestras requiere aproximadamente 7-9 d\u00edas laborables, mientras que la producci\u00f3n a granel tarda 18-22 d\u00edas laborables, lo que garantiza una entrega eficaz y fiable.<\/p>","protected":false},"excerpt":{"rendered":"<p>La gorra snapback gris con bordado personalizado de siete paneles est\u00e1 fabricada en poli\u00e9ster resistente con un dise\u00f1o estructurado de siete paneles para una silueta moderna y limpia. Con bordado plano personalizado, ofrece un acabado de logotipo suave y profesional, ideal para marcas y promociones. La visera plana a\u00f1ade un estilo contempor\u00e1neo, mientras que el cierre a presi\u00f3n OSFM proporciona un ajuste c\u00f3modo y ajustable. Con soporte OEM y ODM, esta gorra es ideal para proyectos personalizados, pedidos al por mayor y necesidades de producci\u00f3n r\u00e1pida.<\/p>","protected":false},"featured_media":20163,"template":"","meta":{"_acf_changed":false,"_kad_blocks_custom_css":"","_kad_blocks_head_custom_js":"","_kad_blocks_body_custom_js":"","_kad_blocks_footer_custom_js":""},"product_brand":[],"product_cat":[42],"product_tag":[],"class_list":{"0":"post-20162","1":"product","2":"type-product","3":"status-publish","4":"has-post-thumbnail","6":"product_cat-snapback-cap","8":"first","9":"outofstock","10":"shipping-taxable","11":"product-type-simple"},"acf":[],"yoast_head":"<!-- This site is optimized with the Yoast SEO Premium plugin v20.8 (Yoast SEO v25.9) - https:\/\/yoast.com\/wordpress\/plugins\/seo\/ -->\n<title>Custom 7 Panel Embroidery Snapback Cap | China Manufactuer<\/title>\n<meta name=\"description\" content=\"High Quality Cap Head Wear With Professional Custom Design Service Available. Our Snapbacks Come in a Variety of Styles &amp; Colors From All The Top Brands.\" \/>\n<meta name=\"robots\" content=\"index, follow, max-snippet:-1, max-image-preview:large, max-video-preview:-1\" \/>\n<link rel=\"canonical\" href=\"https:\/\/sumkcaps.com\/es\/producto\/sufox-231317-custom-seven-panel-embroidery-gorra-snapback-gris\/\" \/>\n<meta property=\"og:locale\" content=\"es_ES\" \/>\n<meta property=\"og:type\" content=\"article\" \/>\n<meta property=\"og:title\" content=\"Custom Seven Panel Embroidery Gray Snapback Cap Wholesale - Sumkcaps\" \/>\n<meta property=\"og:description\" content=\"High Quality Cap Head Wear With Professional Custom Design Service Available. Our Snapbacks Come in a Variety of Styles &amp; Colors From All The Top Brands.\" \/>\n<meta property=\"og:url\" content=\"https:\/\/sumkcaps.com\/es\/producto\/sufox-231317-custom-seven-panel-embroidery-gorra-snapback-gris\/\" \/>\n<meta property=\"og:site_name\" content=\"Sumkcaps-China Original Headwear Manufacturer and Suppliers\" \/>\n<meta property=\"article:publisher\" content=\"https:\/\/www.facebook.com\/sumkcap\" \/>\n<meta property=\"article:modified_time\" content=\"2026-01-21T03:02:02+00:00\" \/>\n<meta property=\"og:image\" content=\"https:\/\/sumkcaps.com\/wp-content\/uploads\/2022\/11\/7_panel_embroidery_gray_snapback_cap-1.jpg\" \/>\n\t<meta property=\"og:image:width\" content=\"1000\" \/>\n\t<meta property=\"og:image:height\" content=\"1000\" \/>\n\t<meta property=\"og:image:type\" content=\"image\/jpeg\" \/>\n<meta name=\"twitter:card\" content=\"summary_large_image\" \/>\n<meta name=\"twitter:label1\" content=\"Tiempo de lectura\" \/>\n\t<meta name=\"twitter:data1\" content=\"2 minutos\" \/>\n<script type=\"application\/ld+json\" class=\"yoast-schema-graph\">{\"@context\":\"https:\/\/schema.org\",\"@graph\":[{\"@type\":\"WebPage\",\"@id\":\"https:\/\/sumkcaps.com\/product\/sufox-231317-custom-seven-panel-embroidery-gray-snapback-cap\/\",\"url\":\"https:\/\/sumkcaps.com\/product\/sufox-231317-custom-seven-panel-embroidery-gray-snapback-cap\/\",\"name\":\"Custom 7 Panel Embroidery Snapback Cap | China Manufactuer\",\"isPartOf\":{\"@id\":\"https:\/\/sumkcaps.com\/#website\"},\"primaryImageOfPage\":{\"@id\":\"https:\/\/sumkcaps.com\/product\/sufox-231317-custom-seven-panel-embroidery-gray-snapback-cap\/#primaryimage\"},\"image\":{\"@id\":\"https:\/\/sumkcaps.com\/product\/sufox-231317-custom-seven-panel-embroidery-gray-snapback-cap\/#primaryimage\"},\"thumbnailUrl\":\"https:\/\/sumkcaps.com\/wp-content\/uploads\/2022\/11\/7_panel_embroidery_gray_snapback_cap-1.jpg\",\"datePublished\":\"2022-11-14T07:11:04+00:00\",\"dateModified\":\"2026-01-21T03:02:02+00:00\",\"description\":\"High Quality Cap Head Wear With Professional Custom Design Service Available. Our Snapbacks Come in a Variety of Styles & Colors From All The Top Brands.\",\"breadcrumb\":{\"@id\":\"https:\/\/sumkcaps.com\/product\/sufox-231317-custom-seven-panel-embroidery-gray-snapback-cap\/#breadcrumb\"},\"inLanguage\":\"es\",\"potentialAction\":[{\"@type\":\"ReadAction\",\"target\":[\"https:\/\/sumkcaps.com\/product\/sufox-231317-custom-seven-panel-embroidery-gray-snapback-cap\/\"]}]},{\"@type\":\"ImageObject\",\"inLanguage\":\"es\",\"@id\":\"https:\/\/sumkcaps.com\/product\/sufox-231317-custom-seven-panel-embroidery-gray-snapback-cap\/#primaryimage\",\"url\":\"https:\/\/sumkcaps.com\/wp-content\/uploads\/2022\/11\/7_panel_embroidery_gray_snapback_cap-1.jpg\",\"contentUrl\":\"https:\/\/sumkcaps.com\/wp-content\/uploads\/2022\/11\/7_panel_embroidery_gray_snapback_cap-1.jpg\",\"width\":1000,\"height\":1000},{\"@type\":\"BreadcrumbList\",\"@id\":\"https:\/\/sumkcaps.com\/product\/sufox-231317-custom-seven-panel-embroidery-gray-snapback-cap\/#breadcrumb\",\"itemListElement\":[{\"@type\":\"ListItem\",\"position\":1,\"name\":\"Home\",\"item\":\"https:\/\/sumkcaps.com\/\"},{\"@type\":\"ListItem\",\"position\":2,\"name\":\"Products\",\"item\":\"https:\/\/sumkcaps.com\/product\/\"},{\"@type\":\"ListItem\",\"position\":3,\"name\":\"Custom Seven Panel Embroidery Gray Snapback Cap Wholesale\"}]},{\"@type\":\"WebSite\",\"@id\":\"https:\/\/sumkcaps.com\/#website\",\"url\":\"https:\/\/sumkcaps.com\/\",\"name\":\"Sumkcaps-China Original Headwear Manufacturer and Suppliers\",\"description\":\"We are China Cap And Hat Original Factory, whose main business is to custom cap and hat as client&#039;s LOGO. Any cap style, any cap color, any qty, any material and qty is no problem. In one words, any small details can be customized as your request.\",\"publisher\":{\"@id\":\"https:\/\/sumkcaps.com\/#organization\"},\"potentialAction\":[{\"@type\":\"SearchAction\",\"target\":{\"@type\":\"EntryPoint\",\"urlTemplate\":\"https:\/\/sumkcaps.com\/?s={search_term_string}\"},\"query-input\":{\"@type\":\"PropertyValueSpecification\",\"valueRequired\":true,\"valueName\":\"search_term_string\"}}],\"inLanguage\":\"es\"},{\"@type\":\"Organization\",\"@id\":\"https:\/\/sumkcaps.com\/#organization\",\"name\":\"Sumkcaps-China Original Headwear Manufacturer and Suppliers\",\"url\":\"https:\/\/sumkcaps.com\/\",\"logo\":{\"@type\":\"ImageObject\",\"inLanguage\":\"es\",\"@id\":\"https:\/\/sumkcaps.com\/#\/schema\/logo\/image\/\",\"url\":\"https:\/\/sumkcaps.com\/wp-content\/uploads\/2025\/12\/1234.jpg\",\"contentUrl\":\"https:\/\/sumkcaps.com\/wp-content\/uploads\/2025\/12\/1234.jpg\",\"width\":800,\"height\":800,\"caption\":\"Sumkcaps-China Original Headwear Manufacturer and Suppliers\"},\"image\":{\"@id\":\"https:\/\/sumkcaps.com\/#\/schema\/logo\/image\/\"},\"sameAs\":[\"https:\/\/www.facebook.com\/sumkcap\",\"https:\/\/www.instagram.com\/sumkcaps7\/\",\"https:\/\/www.pinterest.com\/sumkcapschina\/\"]}]}<\/script>\n<!-- \/ Yoast SEO Premium plugin. -->","yoast_head_json":{"title":"Custom 7 Panel Bordado Snapback Cap | China Manufactuer","description":"Alta Calidad Cap Head Wear Con Servicio Profesional De Dise\u00f1o Personalizado Disponible. Nuestros Snapbacks vienen en una variedad de estilos y colores de todas las marcas superiores.","robots":{"index":"index","follow":"follow","max-snippet":"max-snippet:-1","max-image-preview":"max-image-preview:large","max-video-preview":"max-video-preview:-1"},"canonical":"https:\/\/sumkcaps.com\/es\/producto\/sufox-231317-custom-seven-panel-embroidery-gorra-snapback-gris\/","og_locale":"es_ES","og_type":"article","og_title":"Custom Seven Panel Embroidery Gray Snapback Cap Wholesale - Sumkcaps","og_description":"High Quality Cap Head Wear With Professional Custom Design Service Available. Our Snapbacks Come in a Variety of Styles & Colors From All The Top Brands.","og_url":"https:\/\/sumkcaps.com\/es\/producto\/sufox-231317-custom-seven-panel-embroidery-gorra-snapback-gris\/","og_site_name":"Sumkcaps-China Original Headwear Manufacturer and Suppliers","article_publisher":"https:\/\/www.facebook.com\/sumkcap","article_modified_time":"2026-01-21T03:02:02+00:00","og_image":[{"width":1000,"height":1000,"url":"https:\/\/sumkcaps.com\/wp-content\/uploads\/2022\/11\/7_panel_embroidery_gray_snapback_cap-1.jpg","type":"image\/jpeg"}],"twitter_card":"summary_large_image","twitter_misc":{"Tiempo de lectura":"2 minutos"},"schema":{"@context":"https:\/\/schema.org","@graph":[{"@type":"WebPage","@id":"https:\/\/sumkcaps.com\/product\/sufox-231317-custom-seven-panel-embroidery-gray-snapback-cap\/","url":"https:\/\/sumkcaps.com\/product\/sufox-231317-custom-seven-panel-embroidery-gray-snapback-cap\/","name":"Custom 7 Panel Bordado Snapback Cap | China Manufactuer","isPartOf":{"@id":"https:\/\/sumkcaps.com\/#website"},"primaryImageOfPage":{"@id":"https:\/\/sumkcaps.com\/product\/sufox-231317-custom-seven-panel-embroidery-gray-snapback-cap\/#primaryimage"},"image":{"@id":"https:\/\/sumkcaps.com\/product\/sufox-231317-custom-seven-panel-embroidery-gray-snapback-cap\/#primaryimage"},"thumbnailUrl":"https:\/\/sumkcaps.com\/wp-content\/uploads\/2022\/11\/7_panel_embroidery_gray_snapback_cap-1.jpg","datePublished":"2022-11-14T07:11:04+00:00","dateModified":"2026-01-21T03:02:02+00:00","description":"Alta Calidad Cap Head Wear Con Servicio Profesional De Dise\u00f1o Personalizado Disponible. Nuestros Snapbacks vienen en una variedad de estilos y colores de todas las marcas superiores.","breadcrumb":{"@id":"https:\/\/sumkcaps.com\/product\/sufox-231317-custom-seven-panel-embroidery-gray-snapback-cap\/#breadcrumb"},"inLanguage":"es","potentialAction":[{"@type":"ReadAction","target":["https:\/\/sumkcaps.com\/product\/sufox-231317-custom-seven-panel-embroidery-gray-snapback-cap\/"]}]},{"@type":"ImageObject","inLanguage":"es","@id":"https:\/\/sumkcaps.com\/product\/sufox-231317-custom-seven-panel-embroidery-gray-snapback-cap\/#primaryimage","url":"https:\/\/sumkcaps.com\/wp-content\/uploads\/2022\/11\/7_panel_embroidery_gray_snapback_cap-1.jpg","contentUrl":"https:\/\/sumkcaps.com\/wp-content\/uploads\/2022\/11\/7_panel_embroidery_gray_snapback_cap-1.jpg","width":1000,"height":1000},{"@type":"BreadcrumbList","@id":"https:\/\/sumkcaps.com\/product\/sufox-231317-custom-seven-panel-embroidery-gray-snapback-cap\/#breadcrumb","itemListElement":[{"@type":"ListItem","position":1,"name":"Home","item":"https:\/\/sumkcaps.com\/"},{"@type":"ListItem","position":2,"name":"Products","item":"https:\/\/sumkcaps.com\/product\/"},{"@type":"ListItem","position":3,"name":"Custom Seven Panel Embroidery Gray Snapback Cap Wholesale"}]},{"@type":"WebSite","@id":"https:\/\/sumkcaps.com\/#website","url":"https:\/\/sumkcaps.com\/","name":"Sumkcaps-China Fabricante y proveedor de gorras originales","description":"Somos gorra de China y el sombrero original de la f\u00e1brica, cuya actividad principal es la costumbre gorra y el sombrero como cliente&#039;s LOGO. Cualquier estilo gorra, cualquier color gorra, cualquier cantidad, cualquier material y cantidad no es problema. En una palabra, cualquier peque\u00f1o detalle puede ser personalizado como su solicitud.","publisher":{"@id":"https:\/\/sumkcaps.com\/#organization"},"potentialAction":[{"@type":"SearchAction","target":{"@type":"EntryPoint","urlTemplate":"https:\/\/sumkcaps.com\/?s={search_term_string}"},"query-input":{"@type":"PropertyValueSpecification","valueRequired":true,"valueName":"search_term_string"}}],"inLanguage":"es"},{"@type":"Organization","@id":"https:\/\/sumkcaps.com\/#organization","name":"Sumkcaps-China Fabricante y proveedor de gorras originales","url":"https:\/\/sumkcaps.com\/","logo":{"@type":"ImageObject","inLanguage":"es","@id":"https:\/\/sumkcaps.com\/#\/schema\/logo\/image\/","url":"https:\/\/sumkcaps.com\/wp-content\/uploads\/2025\/12\/1234.jpg","contentUrl":"https:\/\/sumkcaps.com\/wp-content\/uploads\/2025\/12\/1234.jpg","width":800,"height":800,"caption":"Sumkcaps-China Original Headwear Manufacturer and Suppliers"},"image":{"@id":"https:\/\/sumkcaps.com\/#\/schema\/logo\/image\/"},"sameAs":["https:\/\/www.facebook.com\/sumkcap","https:\/\/www.instagram.com\/sumkcaps7\/","https:\/\/www.pinterest.com\/sumkcapschina\/"]}]}},"taxonomy_info":{"product_cat":[{"value":42,"label":"Snapback Hats Wholesale"}]},"featured_image_src_large":["https:\/\/sumkcaps.com\/wp-content\/uploads\/2022\/11\/7_panel_embroidery_gray_snapback_cap-1.jpg",800,800,false],"author_info":[],"comment_info":"","_links":{"self":[{"href":"https:\/\/sumkcaps.com\/es\/wp-json\/wp\/v2\/product\/20162","targetHints":{"allow":["GET"]}}],"collection":[{"href":"https:\/\/sumkcaps.com\/es\/wp-json\/wp\/v2\/product"}],"about":[{"href":"https:\/\/sumkcaps.com\/es\/wp-json\/wp\/v2\/types\/product"}],"wp:featuredmedia":[{"embeddable":true,"href":"https:\/\/sumkcaps.com\/es\/wp-json\/wp\/v2\/media\/20163"}],"wp:attachment":[{"href":"https:\/\/sumkcaps.com\/es\/wp-json\/wp\/v2\/media?parent=20162"}],"wp:term":[{"taxonomy":"product_brand","embeddable":true,"href":"https:\/\/sumkcaps.com\/es\/wp-json\/wp\/v2\/product_brand?post=20162"},{"taxonomy":"product_cat","embeddable":true,"href":"https:\/\/sumkcaps.com\/es\/wp-json\/wp\/v2\/product_cat?post=20162"},{"taxonomy":"product_tag","embeddable":true,"href":"https:\/\/sumkcaps.com\/es\/wp-json\/wp\/v2\/product_tag?post=20162"}],"curies":[{"name":"wp","href":"https:\/\/api.w.org\/{rel}","templated":true}]}}