{"id":19685,"date":"2022-11-10T14:56:01","date_gmt":"2022-11-10T06:56:01","guid":{"rendered":"https:\/\/sumkcaps.com\/?post_type=product&#038;p=19685"},"modified":"2025-07-30T14:57:01","modified_gmt":"2025-07-30T06:57:01","slug":"sufox-231255-custom-five-panel-3d-embroidery-trucker-hat","status":"publish","type":"product","link":"https:\/\/sumkcaps.com\/es\/producto\/sufox-231255-custom-five-panel-3d-embroidery-trucker-hat\/","title":{"rendered":"Custom Five Panel 3D Embroidery Trucker Hat Mayorista"},"content":{"rendered":"<p>La Custom Five Panel 3D Embroidery Trucker Hat personifica el estilo moderno con su elegante dise\u00f1o. El intrincado bordado en 3D a\u00f1ade un toque de sofisticaci\u00f3n, convirti\u00e9ndola en un accesorio destacado para cualquier atuendo. Fabricada con materiales de primera calidad, esta gorra garantiza durabilidad y un ajuste c\u00f3modo para un uso duradero. El ajuste regulable permite personalizar la talla, garantizando una comodidad \u00f3ptima para cualquier forma y tama\u00f1o de cabeza. Disponible en varios colores, este sombrero ofrece algo para todo el mundo.<\/p>\n<h3 data-start=\"86\" data-end=\"123\"><strong data-start=\"93\" data-end=\"123\">Personalizaci\u00f3n y decoraci\u00f3n<\/strong><\/h3>\n<ul data-start=\"124\" data-end=\"384\">\n<li data-start=\"124\" data-end=\"203\">\n<p data-start=\"126\" data-end=\"203\"><strong data-start=\"126\" data-end=\"148\">Opciones de decoraci\u00f3n<\/strong>: Bordado 3D, dise\u00f1os totalmente personalizables disponibles<\/p>\n<\/li>\n<li data-start=\"204\" data-end=\"285\">\n<p data-start=\"206\" data-end=\"285\"><strong data-start=\"206\" data-end=\"227\">Servicio OEM y ODM<\/strong>: Total compatibilidad con marcas blancas y personalizaci\u00f3n de marcas<\/p>\n<\/li>\n<li data-start=\"286\" data-end=\"384\">\n<p data-start=\"288\" data-end=\"384\"><strong data-start=\"288\" data-end=\"305\">Colores<\/strong>: Disponible en negro cl\u00e1sico o totalmente personalizado para adaptarse a la identidad de su marca.<\/p>\n<\/li>\n<\/ul>\n<h3 data-start=\"391\" data-end=\"425\"><strong data-start=\"398\" data-end=\"425\">Material y construcci\u00f3n<\/strong><\/h3>\n<ul data-start=\"426\" data-end=\"663\">\n<li data-start=\"426\" data-end=\"525\">\n<p data-start=\"428\" data-end=\"525\"><strong data-start=\"428\" data-end=\"440\">Material<\/strong>: Paneles frontales de algod\u00f3n resistente con parte trasera de malla transpirable para mayor comodidad y ventilaci\u00f3n.<\/p>\n<\/li>\n<li data-start=\"526\" data-end=\"595\">\n<p data-start=\"528\" data-end=\"595\"><strong data-start=\"528\" data-end=\"541\">Estructura<\/strong>: Construcci\u00f3n de 5 paneles que ofrece un aspecto elegante y moderno<\/p>\n<\/li>\n<li data-start=\"596\" data-end=\"663\">\n<p data-start=\"598\" data-end=\"663\"><strong data-start=\"598\" data-end=\"607\">Visera<\/strong>: Borde precurvado para un ajuste cl\u00e1sico y protecci\u00f3n solar<\/p>\n<\/li>\n<\/ul>\n<h3 data-start=\"670\" data-end=\"693\"><strong data-start=\"677\" data-end=\"693\">Ajuste y tallaje<\/strong><\/h3>\n<ul data-start=\"694\" data-end=\"837\">\n<li data-start=\"694\" data-end=\"767\">\n<p data-start=\"696\" data-end=\"767\"><strong data-start=\"696\" data-end=\"703\">Ajuste<\/strong>: One Size Fits Most (OSFM), adecuado para tallas de cabeza 7 - 7 3\/4<\/p>\n<\/li>\n<li data-start=\"768\" data-end=\"837\">\n<p data-start=\"770\" data-end=\"837\"><strong data-start=\"770\" data-end=\"781\">Cierre<\/strong>: Correa ajustable para un tallaje flexible y un uso seguro<\/p>\n<\/li>\n<\/ul>\n<h3 data-start=\"844\" data-end=\"871\"><strong data-start=\"851\" data-end=\"871\">Cantidad m\u00ednima y producci\u00f3n<\/strong><\/h3>\n<ul data-start=\"872\" data-end=\"1060\">\n<li data-start=\"872\" data-end=\"963\">\n<p data-start=\"874\" data-end=\"963\"><strong data-start=\"874\" data-end=\"881\">MOQ<\/strong>200 unidades por dise\u00f1o y color: ideal para marcas en expansi\u00f3n y proyectos personalizados<\/p>\n<\/li>\n<li data-start=\"964\" data-end=\"1060\">\n<p data-start=\"966\" data-end=\"1060\"><strong data-start=\"966\" data-end=\"985\">Tipo de producci\u00f3n<\/strong>: Soporte de pedidos masivos con plazos de entrega r\u00e1pidos y cumplimiento escalable<\/p>\n<\/li>\n<\/ul>\n<p>Disfrute de la personalizaci\u00f3n con el <strong>Custom Five Panel 3D Bordado Trucker Hat<\/strong>, hecho a medida para que coincida con la identidad de su marca. Perfectas para cualquier escenario aplicable, ya sea ropa informal o eventos promocionales. Los ojales estrat\u00e9gicamente situados proporcionan una excelente ventilaci\u00f3n, manteniendo la cabeza fresca y c\u00f3moda. El borde resistente ofrece una amplia protecci\u00f3n solar, lo que la convierte en una opci\u00f3n pr\u00e1ctica para actividades al aire libre.<\/p>\n<p><strong>Sumkcaps, con 20 a\u00f1os de experiencia<\/strong>ofrece calidad de primer nivel con un MOQ bajo, proporcion\u00e1ndole el mejor valor por su inversi\u00f3n. Descubra por qu\u00e9 empresas de todo el mundo conf\u00edan en nosotros para sus necesidades de sombrerer\u00eda. P\u00f3ngase en contacto con nosotros hoy mismo para realizar su pedido al por mayor.<\/p>","protected":false},"excerpt":{"rendered":"<p>Sumkcaps 231255 Custom Five Panel 3D Embroidery Trucker Hat Es Una Gorra De Estilo Popular, Ligera Y Transpirable. Sombrero perfecto para su peque\u00f1a empresa, equipo deportivo, eventos especiales, y m\u00e1s. Cambie su propio logotipo f\u00e1cilmente. Descubra nuestra Custom Five Panel 3D Embroidery Trucker Hat. Perfectamente dise\u00f1ado para la comodidad y el estilo. Materiales de alta calidad y ajuste regulable. \u00a1Pida al por mayor ahora!<\/p>","protected":false},"featured_media":19686,"template":"","meta":{"_acf_changed":false,"_kad_blocks_custom_css":"","_kad_blocks_head_custom_js":"","_kad_blocks_body_custom_js":"","_kad_blocks_footer_custom_js":""},"product_brand":[],"product_cat":[693,942,943],"product_tag":[],"class_list":{"0":"post-19685","1":"product","2":"type-product","3":"status-publish","4":"has-post-thumbnail","6":"product_cat-hat","7":"product_cat-5-panel-trucker-hat","8":"product_cat-custom-embroidered-5-panel-hats","10":"first","11":"outofstock","12":"shipping-taxable","13":"product-type-simple"},"acf":[],"yoast_head":"<!-- This site is optimized with the Yoast SEO Premium plugin v20.8 (Yoast SEO v25.9) - https:\/\/yoast.com\/wordpress\/plugins\/seo\/ -->\n<title>Custom Five Panel 3D Embroidery Trucker Hat Wholesale<\/title>\n<meta name=\"description\" content=\"Discover our Custom 5 Panel 3D Embroidery Trucker Hat\u2014premium comfort, breathable mesh, and stylish fit. Perfect for branding. Order wholesale today!\" \/>\n<meta name=\"robots\" content=\"index, follow, max-snippet:-1, max-image-preview:large, max-video-preview:-1\" \/>\n<link rel=\"canonical\" href=\"https:\/\/sumkcaps.com\/es\/producto\/sufox-231255-custom-five-panel-3d-embroidery-trucker-hat\/\" \/>\n<meta property=\"og:locale\" content=\"es_ES\" \/>\n<meta property=\"og:type\" content=\"article\" \/>\n<meta property=\"og:title\" content=\"Custom Five Panel 3D Embroidery Trucker Hat Wholesale - Sumkcaps\" \/>\n<meta property=\"og:description\" content=\"Discover our Custom 5 Panel 3D Embroidery Trucker Hat\u2014premium comfort, breathable mesh, and stylish fit. Perfect for branding. Order wholesale today!\" \/>\n<meta property=\"og:url\" content=\"https:\/\/sumkcaps.com\/es\/producto\/sufox-231255-custom-five-panel-3d-embroidery-trucker-hat\/\" \/>\n<meta property=\"og:site_name\" content=\"Sumkcaps-China Original Headwear Manufacturer and Suppliers\" \/>\n<meta property=\"article:publisher\" content=\"https:\/\/www.facebook.com\/sumkcap\" \/>\n<meta property=\"article:modified_time\" content=\"2025-07-30T06:57:01+00:00\" \/>\n<meta property=\"og:image\" content=\"https:\/\/sumkcaps.com\/wp-content\/uploads\/2022\/11\/5_panel_3d_embroidery_trucker_hat-1.jpg\" \/>\n\t<meta property=\"og:image:width\" content=\"1000\" \/>\n\t<meta property=\"og:image:height\" content=\"1000\" \/>\n\t<meta property=\"og:image:type\" content=\"image\/jpeg\" \/>\n<meta name=\"twitter:card\" content=\"summary_large_image\" \/>\n<meta name=\"twitter:label1\" content=\"Tiempo de lectura\" \/>\n\t<meta name=\"twitter:data1\" content=\"2 minutos\" \/>\n<script type=\"application\/ld+json\" class=\"yoast-schema-graph\">{\"@context\":\"https:\/\/schema.org\",\"@graph\":[{\"@type\":\"WebPage\",\"@id\":\"https:\/\/sumkcaps.com\/product\/sufox-231255-custom-five-panel-3d-embroidery-trucker-hat\/\",\"url\":\"https:\/\/sumkcaps.com\/product\/sufox-231255-custom-five-panel-3d-embroidery-trucker-hat\/\",\"name\":\"Custom Five Panel 3D Embroidery Trucker Hat Wholesale\",\"isPartOf\":{\"@id\":\"https:\/\/sumkcaps.com\/#website\"},\"primaryImageOfPage\":{\"@id\":\"https:\/\/sumkcaps.com\/product\/sufox-231255-custom-five-panel-3d-embroidery-trucker-hat\/#primaryimage\"},\"image\":{\"@id\":\"https:\/\/sumkcaps.com\/product\/sufox-231255-custom-five-panel-3d-embroidery-trucker-hat\/#primaryimage\"},\"thumbnailUrl\":\"https:\/\/sumkcaps.com\/wp-content\/uploads\/2022\/11\/5_panel_3d_embroidery_trucker_hat-1.jpg\",\"datePublished\":\"2022-11-10T06:56:01+00:00\",\"dateModified\":\"2025-07-30T06:57:01+00:00\",\"description\":\"Discover our Custom 5 Panel 3D Embroidery Trucker Hat\u2014premium comfort, breathable mesh, and stylish fit. Perfect for branding. Order wholesale today!\",\"breadcrumb\":{\"@id\":\"https:\/\/sumkcaps.com\/product\/sufox-231255-custom-five-panel-3d-embroidery-trucker-hat\/#breadcrumb\"},\"inLanguage\":\"es\",\"potentialAction\":[{\"@type\":\"ReadAction\",\"target\":[\"https:\/\/sumkcaps.com\/product\/sufox-231255-custom-five-panel-3d-embroidery-trucker-hat\/\"]}]},{\"@type\":\"ImageObject\",\"inLanguage\":\"es\",\"@id\":\"https:\/\/sumkcaps.com\/product\/sufox-231255-custom-five-panel-3d-embroidery-trucker-hat\/#primaryimage\",\"url\":\"https:\/\/sumkcaps.com\/wp-content\/uploads\/2022\/11\/5_panel_3d_embroidery_trucker_hat-1.jpg\",\"contentUrl\":\"https:\/\/sumkcaps.com\/wp-content\/uploads\/2022\/11\/5_panel_3d_embroidery_trucker_hat-1.jpg\",\"width\":1000,\"height\":1000,\"caption\":\"Custom Five Panel 3D Embroidery Trucker Hat Wholesale\"},{\"@type\":\"BreadcrumbList\",\"@id\":\"https:\/\/sumkcaps.com\/product\/sufox-231255-custom-five-panel-3d-embroidery-trucker-hat\/#breadcrumb\",\"itemListElement\":[{\"@type\":\"ListItem\",\"position\":1,\"name\":\"Home\",\"item\":\"https:\/\/sumkcaps.com\/\"},{\"@type\":\"ListItem\",\"position\":2,\"name\":\"Products\",\"item\":\"https:\/\/sumkcaps.com\/product\/\"},{\"@type\":\"ListItem\",\"position\":3,\"name\":\"Custom Five Panel 3D Embroidery Trucker Hat Wholesale\"}]},{\"@type\":\"WebSite\",\"@id\":\"https:\/\/sumkcaps.com\/#website\",\"url\":\"https:\/\/sumkcaps.com\/\",\"name\":\"Sumkcaps-China Original Headwear Manufacturer and Suppliers\",\"description\":\"We are China Cap And Hat Original Factory, whose main business is to custom cap and hat as client&#039;s LOGO. Any cap style, any cap color, any qty, any material and qty is no problem. In one words, any small details can be customized as your request.\",\"publisher\":{\"@id\":\"https:\/\/sumkcaps.com\/#organization\"},\"potentialAction\":[{\"@type\":\"SearchAction\",\"target\":{\"@type\":\"EntryPoint\",\"urlTemplate\":\"https:\/\/sumkcaps.com\/?s={search_term_string}\"},\"query-input\":{\"@type\":\"PropertyValueSpecification\",\"valueRequired\":true,\"valueName\":\"search_term_string\"}}],\"inLanguage\":\"es\"},{\"@type\":\"Organization\",\"@id\":\"https:\/\/sumkcaps.com\/#organization\",\"name\":\"Sumkcaps-China Original Headwear Manufacturer and Suppliers\",\"url\":\"https:\/\/sumkcaps.com\/\",\"logo\":{\"@type\":\"ImageObject\",\"inLanguage\":\"es\",\"@id\":\"https:\/\/sumkcaps.com\/#\/schema\/logo\/image\/\",\"url\":\"https:\/\/sumkcaps.com\/wp-content\/uploads\/2025\/12\/1234.jpg\",\"contentUrl\":\"https:\/\/sumkcaps.com\/wp-content\/uploads\/2025\/12\/1234.jpg\",\"width\":800,\"height\":800,\"caption\":\"Sumkcaps-China Original Headwear Manufacturer and Suppliers\"},\"image\":{\"@id\":\"https:\/\/sumkcaps.com\/#\/schema\/logo\/image\/\"},\"sameAs\":[\"https:\/\/www.facebook.com\/sumkcap\",\"https:\/\/www.instagram.com\/sumkcaps7\/\",\"https:\/\/www.pinterest.com\/sumkcapschina\/\"]}]}<\/script>\n<!-- \/ Yoast SEO Premium plugin. -->","yoast_head_json":{"title":"Custom Five Panel 3D Embroidery Trucker Hat Mayorista","description":"Descubra nuestra gorra Trucker personalizada de 5 paneles con bordado en 3D: comodidad de primera, malla transpirable y ajuste con estilo. Perfecta para su marca. Haga su pedido al por mayor hoy mismo.","robots":{"index":"index","follow":"follow","max-snippet":"max-snippet:-1","max-image-preview":"max-image-preview:large","max-video-preview":"max-video-preview:-1"},"canonical":"https:\/\/sumkcaps.com\/es\/producto\/sufox-231255-custom-five-panel-3d-embroidery-trucker-hat\/","og_locale":"es_ES","og_type":"article","og_title":"Custom Five Panel 3D Embroidery Trucker Hat Wholesale - Sumkcaps","og_description":"Discover our Custom 5 Panel 3D Embroidery Trucker Hat\u2014premium comfort, breathable mesh, and stylish fit. Perfect for branding. Order wholesale today!","og_url":"https:\/\/sumkcaps.com\/es\/producto\/sufox-231255-custom-five-panel-3d-embroidery-trucker-hat\/","og_site_name":"Sumkcaps-China Original Headwear Manufacturer and Suppliers","article_publisher":"https:\/\/www.facebook.com\/sumkcap","article_modified_time":"2025-07-30T06:57:01+00:00","og_image":[{"width":1000,"height":1000,"url":"https:\/\/sumkcaps.com\/wp-content\/uploads\/2022\/11\/5_panel_3d_embroidery_trucker_hat-1.jpg","type":"image\/jpeg"}],"twitter_card":"summary_large_image","twitter_misc":{"Tiempo de lectura":"2 minutos"},"schema":{"@context":"https:\/\/schema.org","@graph":[{"@type":"WebPage","@id":"https:\/\/sumkcaps.com\/product\/sufox-231255-custom-five-panel-3d-embroidery-trucker-hat\/","url":"https:\/\/sumkcaps.com\/product\/sufox-231255-custom-five-panel-3d-embroidery-trucker-hat\/","name":"Custom Five Panel 3D Embroidery Trucker Hat Mayorista","isPartOf":{"@id":"https:\/\/sumkcaps.com\/#website"},"primaryImageOfPage":{"@id":"https:\/\/sumkcaps.com\/product\/sufox-231255-custom-five-panel-3d-embroidery-trucker-hat\/#primaryimage"},"image":{"@id":"https:\/\/sumkcaps.com\/product\/sufox-231255-custom-five-panel-3d-embroidery-trucker-hat\/#primaryimage"},"thumbnailUrl":"https:\/\/sumkcaps.com\/wp-content\/uploads\/2022\/11\/5_panel_3d_embroidery_trucker_hat-1.jpg","datePublished":"2022-11-10T06:56:01+00:00","dateModified":"2025-07-30T06:57:01+00:00","description":"Descubra nuestra gorra Trucker personalizada de 5 paneles con bordado en 3D: comodidad de primera, malla transpirable y ajuste con estilo. Perfecta para su marca. Haga su pedido al por mayor hoy mismo.","breadcrumb":{"@id":"https:\/\/sumkcaps.com\/product\/sufox-231255-custom-five-panel-3d-embroidery-trucker-hat\/#breadcrumb"},"inLanguage":"es","potentialAction":[{"@type":"ReadAction","target":["https:\/\/sumkcaps.com\/product\/sufox-231255-custom-five-panel-3d-embroidery-trucker-hat\/"]}]},{"@type":"ImageObject","inLanguage":"es","@id":"https:\/\/sumkcaps.com\/product\/sufox-231255-custom-five-panel-3d-embroidery-trucker-hat\/#primaryimage","url":"https:\/\/sumkcaps.com\/wp-content\/uploads\/2022\/11\/5_panel_3d_embroidery_trucker_hat-1.jpg","contentUrl":"https:\/\/sumkcaps.com\/wp-content\/uploads\/2022\/11\/5_panel_3d_embroidery_trucker_hat-1.jpg","width":1000,"height":1000,"caption":"Custom Five Panel 3D Embroidery Trucker Hat Wholesale"},{"@type":"BreadcrumbList","@id":"https:\/\/sumkcaps.com\/product\/sufox-231255-custom-five-panel-3d-embroidery-trucker-hat\/#breadcrumb","itemListElement":[{"@type":"ListItem","position":1,"name":"Home","item":"https:\/\/sumkcaps.com\/"},{"@type":"ListItem","position":2,"name":"Products","item":"https:\/\/sumkcaps.com\/product\/"},{"@type":"ListItem","position":3,"name":"Custom Five Panel 3D Embroidery Trucker Hat Wholesale"}]},{"@type":"WebSite","@id":"https:\/\/sumkcaps.com\/#website","url":"https:\/\/sumkcaps.com\/","name":"Sumkcaps-China Fabricante y proveedor de gorras originales","description":"Somos gorra de China y el sombrero original de la f\u00e1brica, cuya actividad principal es la costumbre gorra y el sombrero como cliente&#039;s LOGO. Cualquier estilo gorra, cualquier color gorra, cualquier cantidad, cualquier material y cantidad no es problema. En una palabra, cualquier peque\u00f1o detalle puede ser personalizado como su solicitud.","publisher":{"@id":"https:\/\/sumkcaps.com\/#organization"},"potentialAction":[{"@type":"SearchAction","target":{"@type":"EntryPoint","urlTemplate":"https:\/\/sumkcaps.com\/?s={search_term_string}"},"query-input":{"@type":"PropertyValueSpecification","valueRequired":true,"valueName":"search_term_string"}}],"inLanguage":"es"},{"@type":"Organization","@id":"https:\/\/sumkcaps.com\/#organization","name":"Sumkcaps-China Fabricante y proveedor de gorras originales","url":"https:\/\/sumkcaps.com\/","logo":{"@type":"ImageObject","inLanguage":"es","@id":"https:\/\/sumkcaps.com\/#\/schema\/logo\/image\/","url":"https:\/\/sumkcaps.com\/wp-content\/uploads\/2025\/12\/1234.jpg","contentUrl":"https:\/\/sumkcaps.com\/wp-content\/uploads\/2025\/12\/1234.jpg","width":800,"height":800,"caption":"Sumkcaps-China Original Headwear Manufacturer and Suppliers"},"image":{"@id":"https:\/\/sumkcaps.com\/#\/schema\/logo\/image\/"},"sameAs":["https:\/\/www.facebook.com\/sumkcap","https:\/\/www.instagram.com\/sumkcaps7\/","https:\/\/www.pinterest.com\/sumkcapschina\/"]}]}},"taxonomy_info":{"product_cat":[{"value":693,"label":"Hat"},{"value":942,"label":"5 Panel Trucker Hat"},{"value":943,"label":"Custom Embroidered 5 Panel Hats"}]},"featured_image_src_large":["https:\/\/sumkcaps.com\/wp-content\/uploads\/2022\/11\/5_panel_3d_embroidery_trucker_hat-1.jpg",800,800,false],"author_info":[],"comment_info":"","_links":{"self":[{"href":"https:\/\/sumkcaps.com\/es\/wp-json\/wp\/v2\/product\/19685","targetHints":{"allow":["GET"]}}],"collection":[{"href":"https:\/\/sumkcaps.com\/es\/wp-json\/wp\/v2\/product"}],"about":[{"href":"https:\/\/sumkcaps.com\/es\/wp-json\/wp\/v2\/types\/product"}],"wp:featuredmedia":[{"embeddable":true,"href":"https:\/\/sumkcaps.com\/es\/wp-json\/wp\/v2\/media\/19686"}],"wp:attachment":[{"href":"https:\/\/sumkcaps.com\/es\/wp-json\/wp\/v2\/media?parent=19685"}],"wp:term":[{"taxonomy":"product_brand","embeddable":true,"href":"https:\/\/sumkcaps.com\/es\/wp-json\/wp\/v2\/product_brand?post=19685"},{"taxonomy":"product_cat","embeddable":true,"href":"https:\/\/sumkcaps.com\/es\/wp-json\/wp\/v2\/product_cat?post=19685"},{"taxonomy":"product_tag","embeddable":true,"href":"https:\/\/sumkcaps.com\/es\/wp-json\/wp\/v2\/product_tag?post=19685"}],"curies":[{"name":"wp","href":"https:\/\/api.w.org\/{rel}","templated":true}]}}