{"id":18388,"date":"2022-11-03T09:25:21","date_gmt":"2022-11-03T01:25:21","guid":{"rendered":"https:\/\/sumkcaps.com\/?post_type=product&#038;p=18388"},"modified":"2024-03-27T16:24:35","modified_gmt":"2024-03-27T08:24:35","slug":"sufox-231167-custom-leather-patch-acrylic-gray-beanie-hat","status":"publish","type":"product","link":"https:\/\/sumkcaps.com\/es\/producto\/sufox-231167-custom-leather-patch-acrylic-gray-beanie-hat\/","title":{"rendered":"Sumkcaps 231167 Custom Leather Patch Gorro acr\u00edlico gris"},"content":{"rendered":"","protected":false},"excerpt":{"rendered":"<p>Sumkcaps 231167 Custom Leather Patch acr\u00edlico gris Beanie Hat es un sombrero de invierno caliente. Alta calidad Cap desgaste de la cabeza con el servicio profesional de dise\u00f1o personalizado disponible. A\u00f1ada su logotipo o dise\u00f1o personalizado en l\u00ednea. Servicio de Expertos. Descuento a granel. \u00a1Ordene Hoy!<\/p>","protected":false},"featured_media":18389,"template":"","meta":{"_acf_changed":false,"_kad_blocks_custom_css":"","_kad_blocks_head_custom_js":"","_kad_blocks_body_custom_js":"","_kad_blocks_footer_custom_js":""},"product_brand":[],"product_cat":[693],"product_tag":[],"class_list":{"0":"post-18388","1":"product","2":"type-product","3":"status-publish","4":"has-post-thumbnail","6":"product_cat-hat","8":"first","9":"outofstock","10":"shipping-taxable","11":"product-type-simple"},"acf":[],"yoast_head":"<!-- This site is optimized with the Yoast SEO Premium plugin v20.8 (Yoast SEO v25.9) - https:\/\/yoast.com\/wordpress\/plugins\/seo\/ -->\n<title>Custom Leather Patch Acrylic Beanie Hat | China Manufactuer<\/title>\n<meta name=\"description\" content=\"Custom Cap, Logo Cap, Brand Caps, Custom Made Snapback Caps, Custom Snapback Baseball Hats. Premium Cap Manufacturer since 2006. Bulk Discount.\" \/>\n<meta name=\"robots\" content=\"index, follow, max-snippet:-1, max-image-preview:large, max-video-preview:-1\" \/>\n<link rel=\"canonical\" href=\"https:\/\/sumkcaps.com\/es\/producto\/sufox-231167-custom-leather-patch-acrylic-gray-beanie-hat\/\" \/>\n<meta property=\"og:locale\" content=\"es_ES\" \/>\n<meta property=\"og:type\" content=\"article\" \/>\n<meta property=\"og:title\" content=\"Sumkcaps 231167 Custom Leather Patch Acrylic Gray Beanie Hat - Sumkcaps\" \/>\n<meta property=\"og:description\" content=\"Custom Cap, Logo Cap, Brand Caps, Custom Made Snapback Caps, Custom Snapback Baseball Hats. Premium Cap Manufacturer since 2006. Bulk Discount.\" \/>\n<meta property=\"og:url\" content=\"https:\/\/sumkcaps.com\/es\/producto\/sufox-231167-custom-leather-patch-acrylic-gray-beanie-hat\/\" \/>\n<meta property=\"og:site_name\" content=\"Sumkcaps-China Original Headwear Manufacturer and Suppliers\" \/>\n<meta property=\"article:publisher\" content=\"https:\/\/www.facebook.com\/sumkcap\" \/>\n<meta property=\"article:modified_time\" content=\"2024-03-27T08:24:35+00:00\" \/>\n<meta property=\"og:image\" content=\"https:\/\/sumkcaps.com\/wp-content\/uploads\/2022\/11\/leather_patch_acrylic_gray_beanie_hat-1.jpg\" \/>\n\t<meta property=\"og:image:width\" content=\"1000\" \/>\n\t<meta property=\"og:image:height\" content=\"1000\" \/>\n\t<meta property=\"og:image:type\" content=\"image\/jpeg\" \/>\n<meta name=\"twitter:card\" content=\"summary_large_image\" \/>\n<script type=\"application\/ld+json\" class=\"yoast-schema-graph\">{\"@context\":\"https:\/\/schema.org\",\"@graph\":[{\"@type\":\"WebPage\",\"@id\":\"https:\/\/sumkcaps.com\/product\/sufox-231167-custom-leather-patch-acrylic-gray-beanie-hat\/\",\"url\":\"https:\/\/sumkcaps.com\/product\/sufox-231167-custom-leather-patch-acrylic-gray-beanie-hat\/\",\"name\":\"Custom Leather Patch Acrylic Beanie Hat | China Manufactuer\",\"isPartOf\":{\"@id\":\"https:\/\/sumkcaps.com\/#website\"},\"primaryImageOfPage\":{\"@id\":\"https:\/\/sumkcaps.com\/product\/sufox-231167-custom-leather-patch-acrylic-gray-beanie-hat\/#primaryimage\"},\"image\":{\"@id\":\"https:\/\/sumkcaps.com\/product\/sufox-231167-custom-leather-patch-acrylic-gray-beanie-hat\/#primaryimage\"},\"thumbnailUrl\":\"https:\/\/sumkcaps.com\/wp-content\/uploads\/2022\/11\/leather_patch_acrylic_gray_beanie_hat-1.jpg\",\"datePublished\":\"2022-11-03T01:25:21+00:00\",\"dateModified\":\"2024-03-27T08:24:35+00:00\",\"description\":\"Custom Cap, Logo Cap, Brand Caps, Custom Made Snapback Caps, Custom Snapback Baseball Hats. Premium Cap Manufacturer since 2006. Bulk Discount.\",\"breadcrumb\":{\"@id\":\"https:\/\/sumkcaps.com\/product\/sufox-231167-custom-leather-patch-acrylic-gray-beanie-hat\/#breadcrumb\"},\"inLanguage\":\"es\",\"potentialAction\":[{\"@type\":\"ReadAction\",\"target\":[\"https:\/\/sumkcaps.com\/product\/sufox-231167-custom-leather-patch-acrylic-gray-beanie-hat\/\"]}]},{\"@type\":\"ImageObject\",\"inLanguage\":\"es\",\"@id\":\"https:\/\/sumkcaps.com\/product\/sufox-231167-custom-leather-patch-acrylic-gray-beanie-hat\/#primaryimage\",\"url\":\"https:\/\/sumkcaps.com\/wp-content\/uploads\/2022\/11\/leather_patch_acrylic_gray_beanie_hat-1.jpg\",\"contentUrl\":\"https:\/\/sumkcaps.com\/wp-content\/uploads\/2022\/11\/leather_patch_acrylic_gray_beanie_hat-1.jpg\",\"width\":1000,\"height\":1000},{\"@type\":\"BreadcrumbList\",\"@id\":\"https:\/\/sumkcaps.com\/product\/sufox-231167-custom-leather-patch-acrylic-gray-beanie-hat\/#breadcrumb\",\"itemListElement\":[{\"@type\":\"ListItem\",\"position\":1,\"name\":\"Home\",\"item\":\"https:\/\/sumkcaps.com\/\"},{\"@type\":\"ListItem\",\"position\":2,\"name\":\"Products\",\"item\":\"https:\/\/sumkcaps.com\/product\/\"},{\"@type\":\"ListItem\",\"position\":3,\"name\":\"Sufox 231167 Custom Leather Patch Acrylic Gray Beanie Hat\"}]},{\"@type\":\"WebSite\",\"@id\":\"https:\/\/sumkcaps.com\/#website\",\"url\":\"https:\/\/sumkcaps.com\/\",\"name\":\"Sumkcaps-China Original Headwear Manufacturer and Suppliers\",\"description\":\"We are China Cap And Hat Original Factory, whose main business is to custom cap and hat as client&#039;s LOGO. Any cap style, any cap color, any qty, any material and qty is no problem. In one words, any small details can be customized as your request.\",\"publisher\":{\"@id\":\"https:\/\/sumkcaps.com\/#organization\"},\"potentialAction\":[{\"@type\":\"SearchAction\",\"target\":{\"@type\":\"EntryPoint\",\"urlTemplate\":\"https:\/\/sumkcaps.com\/?s={search_term_string}\"},\"query-input\":{\"@type\":\"PropertyValueSpecification\",\"valueRequired\":true,\"valueName\":\"search_term_string\"}}],\"inLanguage\":\"es\"},{\"@type\":\"Organization\",\"@id\":\"https:\/\/sumkcaps.com\/#organization\",\"name\":\"Sumkcaps-China Original Headwear Manufacturer and Suppliers\",\"url\":\"https:\/\/sumkcaps.com\/\",\"logo\":{\"@type\":\"ImageObject\",\"inLanguage\":\"es\",\"@id\":\"https:\/\/sumkcaps.com\/#\/schema\/logo\/image\/\",\"url\":\"https:\/\/sumkcaps.com\/wp-content\/uploads\/2025\/12\/1234.jpg\",\"contentUrl\":\"https:\/\/sumkcaps.com\/wp-content\/uploads\/2025\/12\/1234.jpg\",\"width\":800,\"height\":800,\"caption\":\"Sumkcaps-China Original Headwear Manufacturer and Suppliers\"},\"image\":{\"@id\":\"https:\/\/sumkcaps.com\/#\/schema\/logo\/image\/\"},\"sameAs\":[\"https:\/\/www.facebook.com\/sumkcap\",\"https:\/\/www.instagram.com\/sumkcaps7\/\",\"https:\/\/www.pinterest.com\/sumkcapschina\/\"]}]}<\/script>\n<!-- \/ Yoast SEO Premium plugin. -->","yoast_head_json":{"title":"Custom Leather Patch Acrylic Beanie Hat | China Manufactuer","description":"Custom Cap, Logo Cap, Brand Caps, Custom Made Snapback Caps, Custom Snapback Baseball Hats. Fabricante de Gorras Premium desde 2006. Descuento por volumen.","robots":{"index":"index","follow":"follow","max-snippet":"max-snippet:-1","max-image-preview":"max-image-preview:large","max-video-preview":"max-video-preview:-1"},"canonical":"https:\/\/sumkcaps.com\/es\/producto\/sufox-231167-custom-leather-patch-acrylic-gray-beanie-hat\/","og_locale":"es_ES","og_type":"article","og_title":"Sumkcaps 231167 Custom Leather Patch Acrylic Gray Beanie Hat - Sumkcaps","og_description":"Custom Cap, Logo Cap, Brand Caps, Custom Made Snapback Caps, Custom Snapback Baseball Hats. Premium Cap Manufacturer since 2006. Bulk Discount.","og_url":"https:\/\/sumkcaps.com\/es\/producto\/sufox-231167-custom-leather-patch-acrylic-gray-beanie-hat\/","og_site_name":"Sumkcaps-China Original Headwear Manufacturer and Suppliers","article_publisher":"https:\/\/www.facebook.com\/sumkcap","article_modified_time":"2024-03-27T08:24:35+00:00","og_image":[{"width":1000,"height":1000,"url":"https:\/\/sumkcaps.com\/wp-content\/uploads\/2022\/11\/leather_patch_acrylic_gray_beanie_hat-1.jpg","type":"image\/jpeg"}],"twitter_card":"summary_large_image","schema":{"@context":"https:\/\/schema.org","@graph":[{"@type":"WebPage","@id":"https:\/\/sumkcaps.com\/product\/sufox-231167-custom-leather-patch-acrylic-gray-beanie-hat\/","url":"https:\/\/sumkcaps.com\/product\/sufox-231167-custom-leather-patch-acrylic-gray-beanie-hat\/","name":"Custom Leather Patch Acrylic Beanie Hat | China Manufactuer","isPartOf":{"@id":"https:\/\/sumkcaps.com\/#website"},"primaryImageOfPage":{"@id":"https:\/\/sumkcaps.com\/product\/sufox-231167-custom-leather-patch-acrylic-gray-beanie-hat\/#primaryimage"},"image":{"@id":"https:\/\/sumkcaps.com\/product\/sufox-231167-custom-leather-patch-acrylic-gray-beanie-hat\/#primaryimage"},"thumbnailUrl":"https:\/\/sumkcaps.com\/wp-content\/uploads\/2022\/11\/leather_patch_acrylic_gray_beanie_hat-1.jpg","datePublished":"2022-11-03T01:25:21+00:00","dateModified":"2024-03-27T08:24:35+00:00","description":"Custom Cap, Logo Cap, Brand Caps, Custom Made Snapback Caps, Custom Snapback Baseball Hats. Fabricante de Gorras Premium desde 2006. Descuento por volumen.","breadcrumb":{"@id":"https:\/\/sumkcaps.com\/product\/sufox-231167-custom-leather-patch-acrylic-gray-beanie-hat\/#breadcrumb"},"inLanguage":"es","potentialAction":[{"@type":"ReadAction","target":["https:\/\/sumkcaps.com\/product\/sufox-231167-custom-leather-patch-acrylic-gray-beanie-hat\/"]}]},{"@type":"ImageObject","inLanguage":"es","@id":"https:\/\/sumkcaps.com\/product\/sufox-231167-custom-leather-patch-acrylic-gray-beanie-hat\/#primaryimage","url":"https:\/\/sumkcaps.com\/wp-content\/uploads\/2022\/11\/leather_patch_acrylic_gray_beanie_hat-1.jpg","contentUrl":"https:\/\/sumkcaps.com\/wp-content\/uploads\/2022\/11\/leather_patch_acrylic_gray_beanie_hat-1.jpg","width":1000,"height":1000},{"@type":"BreadcrumbList","@id":"https:\/\/sumkcaps.com\/product\/sufox-231167-custom-leather-patch-acrylic-gray-beanie-hat\/#breadcrumb","itemListElement":[{"@type":"ListItem","position":1,"name":"Home","item":"https:\/\/sumkcaps.com\/"},{"@type":"ListItem","position":2,"name":"Products","item":"https:\/\/sumkcaps.com\/product\/"},{"@type":"ListItem","position":3,"name":"Sufox 231167 Custom Leather Patch Acrylic Gray Beanie Hat"}]},{"@type":"WebSite","@id":"https:\/\/sumkcaps.com\/#website","url":"https:\/\/sumkcaps.com\/","name":"Sumkcaps-China Fabricante y proveedor de gorras originales","description":"Somos gorra de China y el sombrero original de la f\u00e1brica, cuya actividad principal es la costumbre gorra y el sombrero como cliente&#039;s LOGO. Cualquier estilo gorra, cualquier color gorra, cualquier cantidad, cualquier material y cantidad no es problema. En una palabra, cualquier peque\u00f1o detalle puede ser personalizado como su solicitud.","publisher":{"@id":"https:\/\/sumkcaps.com\/#organization"},"potentialAction":[{"@type":"SearchAction","target":{"@type":"EntryPoint","urlTemplate":"https:\/\/sumkcaps.com\/?s={search_term_string}"},"query-input":{"@type":"PropertyValueSpecification","valueRequired":true,"valueName":"search_term_string"}}],"inLanguage":"es"},{"@type":"Organization","@id":"https:\/\/sumkcaps.com\/#organization","name":"Sumkcaps-China Fabricante y proveedor de gorras originales","url":"https:\/\/sumkcaps.com\/","logo":{"@type":"ImageObject","inLanguage":"es","@id":"https:\/\/sumkcaps.com\/#\/schema\/logo\/image\/","url":"https:\/\/sumkcaps.com\/wp-content\/uploads\/2025\/12\/1234.jpg","contentUrl":"https:\/\/sumkcaps.com\/wp-content\/uploads\/2025\/12\/1234.jpg","width":800,"height":800,"caption":"Sumkcaps-China Original Headwear Manufacturer and Suppliers"},"image":{"@id":"https:\/\/sumkcaps.com\/#\/schema\/logo\/image\/"},"sameAs":["https:\/\/www.facebook.com\/sumkcap","https:\/\/www.instagram.com\/sumkcaps7\/","https:\/\/www.pinterest.com\/sumkcapschina\/"]}]}},"taxonomy_info":{"product_cat":[{"value":693,"label":"Hat"}]},"featured_image_src_large":["https:\/\/sumkcaps.com\/wp-content\/uploads\/2022\/11\/leather_patch_acrylic_gray_beanie_hat-1.jpg",800,800,false],"author_info":[],"comment_info":"","_links":{"self":[{"href":"https:\/\/sumkcaps.com\/es\/wp-json\/wp\/v2\/product\/18388","targetHints":{"allow":["GET"]}}],"collection":[{"href":"https:\/\/sumkcaps.com\/es\/wp-json\/wp\/v2\/product"}],"about":[{"href":"https:\/\/sumkcaps.com\/es\/wp-json\/wp\/v2\/types\/product"}],"wp:featuredmedia":[{"embeddable":true,"href":"https:\/\/sumkcaps.com\/es\/wp-json\/wp\/v2\/media\/18389"}],"wp:attachment":[{"href":"https:\/\/sumkcaps.com\/es\/wp-json\/wp\/v2\/media?parent=18388"}],"wp:term":[{"taxonomy":"product_brand","embeddable":true,"href":"https:\/\/sumkcaps.com\/es\/wp-json\/wp\/v2\/product_brand?post=18388"},{"taxonomy":"product_cat","embeddable":true,"href":"https:\/\/sumkcaps.com\/es\/wp-json\/wp\/v2\/product_cat?post=18388"},{"taxonomy":"product_tag","embeddable":true,"href":"https:\/\/sumkcaps.com\/es\/wp-json\/wp\/v2\/product_tag?post=18388"}],"curies":[{"name":"wp","href":"https:\/\/api.w.org\/{rel}","templated":true}]}}