{"id":18023,"date":"2022-10-27T09:18:13","date_gmt":"2022-10-27T01:18:13","guid":{"rendered":"https:\/\/sumkcaps.com\/?post_type=product&#038;p=18023"},"modified":"2025-07-10T09:05:57","modified_gmt":"2025-07-10T01:05:57","slug":"sufox-231122-custom-six-panel-3d-embroidery-fitted-snapback-cap","status":"publish","type":"product","link":"https:\/\/sumkcaps.com\/es\/producto\/sufox-231122-custom-six-panel-3d-embroidery-fitted-snapback-cap\/","title":{"rendered":"Sumkcaps 231122 Custom Six Panel 3D Embroidery Fitted Snapback Cap"},"content":{"rendered":"<h2 data-start=\"269\" data-end=\"323\"><strong data-start=\"276\" data-end=\"321\">Tipo y estructura de gorra: Gorra Snapback<\/strong><\/h2>\n<p data-start=\"324\" data-end=\"766\">Esta gorra pertenece al <strong data-start=\"348\" data-end=\"371\">familia de gorras snapback<\/strong>, caracterizado por su <strong data-start=\"394\" data-end=\"407\">factura plana<\/strong> y <strong data-start=\"412\" data-end=\"439\">cierre a presi\u00f3n ajustable<\/strong>. A diferencia de las gorras casuales o las gorras de alto rendimiento, la <strong data-start=\"489\" data-end=\"508\">snapback ajustado<\/strong> es estructurada y elegante, y ofrece un ajuste ce\u00f1ido que combina el estilo urbano con la funcionalidad de los sombreros. La <strong data-start=\"613\" data-end=\"639\">construcci\u00f3n de seis paneles<\/strong> mejora la retenci\u00f3n de la forma y ofrece una silueta cl\u00e1sica, por lo que es ideal para la ropa de calle, la marca de equipo y las marcas de estilo de vida.<\/p>\n<h2 data-start=\"768\" data-end=\"815\"><strong data-start=\"775\" data-end=\"813\">Composici\u00f3n del material: 100% Acr\u00edlico<\/strong><\/h2>\n<p data-start=\"816\" data-end=\"1107\">El acr\u00edlico es un material duradero, ligero y moldeable. Se utiliza mucho en sombrerer\u00eda de estilo callejero por su capacidad para mantener n\u00edtidos los dise\u00f1os bordados sin dejar de ser c\u00f3modo y transpirable. Este tejido tambi\u00e9n proporciona <strong data-start=\"1052\" data-end=\"1070\">intensidad del color<\/strong>Los logotipos y estampados resaltan.<\/p>\n<h2 data-start=\"1109\" data-end=\"1167\"><strong data-start=\"1116\" data-end=\"1165\">Estilo de decoraci\u00f3n: Bordado 3D Personalizaci\u00f3n<\/strong><\/h2>\n<p data-start=\"1168\" data-end=\"1555\">El bordado en 3D es una de las t\u00e9cnicas de decoraci\u00f3n m\u00e1s apreciadas en la fabricaci\u00f3n de sombreros. Proporciona a los logotipos y textos un efecto t\u00e1ctil en relieve que a\u00f1ade profundidad y dimensi\u00f3n. Este m\u00e9todo es ideal para las marcas que buscan un branding visual de gran impacto. Combinado con <strong data-start=\"1419\" data-end=\"1449\">opciones de personalizaci\u00f3n total<\/strong>los usuarios pueden dise\u00f1ar ilustraciones exclusivas, logotipos de equipos o gr\u00e1ficos promocionales adaptados a la identidad de su marca.<\/p>\n<h2 data-start=\"1557\" data-end=\"1603\"><strong data-start=\"1564\" data-end=\"1601\">Estilo de visera: Flat Bill Est\u00e9tica<\/strong><\/h2>\n<p data-start=\"1604\" data-end=\"1901\">En <strong data-start=\"1608\" data-end=\"1627\">visera plana<\/strong> ofrece una est\u00e9tica moderna y urbana, preferida por las marcas de streetwear, la cultura hip-hop y los grupos demogr\u00e1ficos m\u00e1s j\u00f3venes. A diferencia de las viseras curvadas de las gorras de paternidad o de b\u00e9isbol, la visera plana le da un aspecto atrevido y contempor\u00e1neo, convirti\u00e9ndola en una declaraci\u00f3n de moda m\u00e1s all\u00e1 de una prenda funcional para la cabeza.<\/p>\n<h2 data-start=\"1903\" data-end=\"1958\"><strong data-start=\"1910\" data-end=\"1956\">Personalizaci\u00f3n del color: Igualaci\u00f3n Pantone completa<\/strong><\/h2>\n<p data-start=\"1959\" data-end=\"2183\">Esta tapa admite <strong data-start=\"1977\" data-end=\"2004\">colores totalmente personalizados<\/strong>permitiendo a las marcas igualar los tonos Pantone exactos. Tanto si necesita monocromos atrevidos como contrastes vibrantes, la personalizaci\u00f3n ayuda a alinear perfectamente el producto con su marca visual.<\/p>\n<h2 data-start=\"1959\" data-end=\"2183\"><strong data-start=\"2192\" data-end=\"2222\">Mercados destinatarios y casos de uso<\/strong><\/h2>\n<ul data-start=\"2225\" data-end=\"2551\">\n<li data-start=\"2225\" data-end=\"2307\">\n<p data-start=\"2227\" data-end=\"2307\"><strong data-start=\"2227\" data-end=\"2249\">Marcas de ropa de calle:<\/strong> Crear l\u00edneas de productos ic\u00f3nicas con una marca visual fuerte.<\/p>\n<\/li>\n<li data-start=\"2308\" data-end=\"2391\">\n<p data-start=\"2310\" data-end=\"2391\"><strong data-start=\"2310\" data-end=\"2327\">Equipos deportivos:<\/strong> Gorras de equipo de aspecto profesional con dise\u00f1os centrados en el logotipo.<\/p>\n<\/li>\n<li data-start=\"2392\" data-end=\"2473\">\n<p data-start=\"2394\" data-end=\"2473\"><strong data-start=\"2394\" data-end=\"2419\">Promociones corporativas:<\/strong> Eleve la identidad de su marca con regalos de primera calidad para la cabeza.<\/p>\n<\/li>\n<li data-start=\"2474\" data-end=\"2551\">\n<p data-start=\"2476\" data-end=\"2551\"><strong data-start=\"2476\" data-end=\"2501\">Mercanc\u00edas y comercio minorista:<\/strong> Ideal para la reventa en tiendas de ropa y estilo de vida.<\/p>\n<\/li>\n<\/ul>\n<h2 data-start=\"2553\" data-end=\"2594\"><strong data-start=\"2560\" data-end=\"2592\">MOQ y servicios de fabricaci\u00f3n<\/strong><\/h2>\n<p data-start=\"2595\" data-end=\"2894\">Con un <strong data-start=\"2602\" data-end=\"2663\">pedido m\u00ednimo de 200 unidades por dise\u00f1o y color<\/strong>Este producto est\u00e1 optimizado para compradores al por mayor, como marcas de moda, creadores de merchandising y organizadores de eventos. Sumkcaps ofrece <strong data-start=\"2785\" data-end=\"2807\">Servicios OEM y ODM<\/strong>que facilitan el lanzamiento de su propia l\u00ednea de gorras con soporte de personalizaci\u00f3n directo de f\u00e1brica.<\/p>","protected":false},"excerpt":{"rendered":"<p>Sumkcaps 231122 es una gorra personalizada de seis paneles fabricada en acr\u00edlico 100%. Con un llamativo bordado en 3D y una visera plana, ofrece personalizaci\u00f3n a todo color y servicios OEM y ODM. Cantidad m\u00ednima de 200 unidades por dise\u00f1o\/color. Perfecta para marcas de streetwear, equipos y promociones.<\/p>","protected":false},"featured_media":18024,"template":"","meta":{"_acf_changed":false,"_kad_blocks_custom_css":"","_kad_blocks_head_custom_js":"","_kad_blocks_body_custom_js":"","_kad_blocks_footer_custom_js":""},"product_brand":[],"product_cat":[42],"product_tag":[],"class_list":{"0":"post-18023","1":"product","2":"type-product","3":"status-publish","4":"has-post-thumbnail","6":"product_cat-snapback-cap","8":"first","9":"outofstock","10":"shipping-taxable","11":"product-type-simple"},"acf":[],"yoast_head":"<!-- This site is optimized with the Yoast SEO Premium plugin v20.8 (Yoast SEO v25.9) - https:\/\/yoast.com\/wordpress\/plugins\/seo\/ -->\n<title>Custom 3D Embroidery Fitted Snapback Cap | China Manufactuer<\/title>\n<meta name=\"description\" content=\"Custom Cap, Logo Cap, Brand Caps, Custom Made Snapback Caps, Custom Snapback Baseball Hats. Premium Cap Manufacturer since 2006. Quick delivery.\" \/>\n<meta name=\"robots\" content=\"index, follow, max-snippet:-1, max-image-preview:large, max-video-preview:-1\" \/>\n<link rel=\"canonical\" href=\"https:\/\/sumkcaps.com\/es\/producto\/sufox-231122-custom-six-panel-3d-embroidery-fitted-snapback-cap\/\" \/>\n<meta property=\"og:locale\" content=\"es_ES\" \/>\n<meta property=\"og:type\" content=\"article\" \/>\n<meta property=\"og:title\" content=\"Sumkcaps 231122 Custom Six Panel 3D Embroidery Fitted Snapback Cap - Sumkcaps\" \/>\n<meta property=\"og:description\" content=\"Custom Cap, Logo Cap, Brand Caps, Custom Made Snapback Caps, Custom Snapback Baseball Hats. Premium Cap Manufacturer since 2006. Quick delivery.\" \/>\n<meta property=\"og:url\" content=\"https:\/\/sumkcaps.com\/es\/producto\/sufox-231122-custom-six-panel-3d-embroidery-fitted-snapback-cap\/\" \/>\n<meta property=\"og:site_name\" content=\"Sumkcaps-China Original Headwear Manufacturer and Suppliers\" \/>\n<meta property=\"article:publisher\" content=\"https:\/\/www.facebook.com\/sumkcap\" \/>\n<meta property=\"article:modified_time\" content=\"2025-07-10T01:05:57+00:00\" \/>\n<meta property=\"og:image\" content=\"https:\/\/sumkcaps.com\/wp-content\/uploads\/2022\/10\/6_panel_3d_embroidery_fitted_snapback_cap-1-3-scaled.jpg\" \/>\n\t<meta property=\"og:image:width\" content=\"2560\" \/>\n\t<meta property=\"og:image:height\" content=\"2400\" \/>\n\t<meta property=\"og:image:type\" content=\"image\/jpeg\" \/>\n<meta name=\"twitter:card\" content=\"summary_large_image\" \/>\n<meta name=\"twitter:label1\" content=\"Tiempo de lectura\" \/>\n\t<meta name=\"twitter:data1\" content=\"2 minutos\" \/>\n<script type=\"application\/ld+json\" class=\"yoast-schema-graph\">{\"@context\":\"https:\/\/schema.org\",\"@graph\":[{\"@type\":\"WebPage\",\"@id\":\"https:\/\/sumkcaps.com\/product\/sufox-231122-custom-six-panel-3d-embroidery-fitted-snapback-cap\/\",\"url\":\"https:\/\/sumkcaps.com\/product\/sufox-231122-custom-six-panel-3d-embroidery-fitted-snapback-cap\/\",\"name\":\"Custom 3D Embroidery Fitted Snapback Cap | China Manufactuer\",\"isPartOf\":{\"@id\":\"https:\/\/sumkcaps.com\/#website\"},\"primaryImageOfPage\":{\"@id\":\"https:\/\/sumkcaps.com\/product\/sufox-231122-custom-six-panel-3d-embroidery-fitted-snapback-cap\/#primaryimage\"},\"image\":{\"@id\":\"https:\/\/sumkcaps.com\/product\/sufox-231122-custom-six-panel-3d-embroidery-fitted-snapback-cap\/#primaryimage\"},\"thumbnailUrl\":\"https:\/\/sumkcaps.com\/wp-content\/uploads\/2022\/10\/6_panel_3d_embroidery_fitted_snapback_cap-1-3-scaled.jpg\",\"datePublished\":\"2022-10-27T01:18:13+00:00\",\"dateModified\":\"2025-07-10T01:05:57+00:00\",\"description\":\"Custom Cap, Logo Cap, Brand Caps, Custom Made Snapback Caps, Custom Snapback Baseball Hats. Premium Cap Manufacturer since 2006. Quick delivery.\",\"breadcrumb\":{\"@id\":\"https:\/\/sumkcaps.com\/product\/sufox-231122-custom-six-panel-3d-embroidery-fitted-snapback-cap\/#breadcrumb\"},\"inLanguage\":\"es\",\"potentialAction\":[{\"@type\":\"ReadAction\",\"target\":[\"https:\/\/sumkcaps.com\/product\/sufox-231122-custom-six-panel-3d-embroidery-fitted-snapback-cap\/\"]}]},{\"@type\":\"ImageObject\",\"inLanguage\":\"es\",\"@id\":\"https:\/\/sumkcaps.com\/product\/sufox-231122-custom-six-panel-3d-embroidery-fitted-snapback-cap\/#primaryimage\",\"url\":\"https:\/\/sumkcaps.com\/wp-content\/uploads\/2022\/10\/6_panel_3d_embroidery_fitted_snapback_cap-1-3-scaled.jpg\",\"contentUrl\":\"https:\/\/sumkcaps.com\/wp-content\/uploads\/2022\/10\/6_panel_3d_embroidery_fitted_snapback_cap-1-3-scaled.jpg\",\"width\":2560,\"height\":2400},{\"@type\":\"BreadcrumbList\",\"@id\":\"https:\/\/sumkcaps.com\/product\/sufox-231122-custom-six-panel-3d-embroidery-fitted-snapback-cap\/#breadcrumb\",\"itemListElement\":[{\"@type\":\"ListItem\",\"position\":1,\"name\":\"Home\",\"item\":\"https:\/\/sumkcaps.com\/\"},{\"@type\":\"ListItem\",\"position\":2,\"name\":\"Products\",\"item\":\"https:\/\/sumkcaps.com\/product\/\"},{\"@type\":\"ListItem\",\"position\":3,\"name\":\"Sumkcaps 231122 Custom Six Panel 3D Embroidery Fitted Snapback Cap\"}]},{\"@type\":\"WebSite\",\"@id\":\"https:\/\/sumkcaps.com\/#website\",\"url\":\"https:\/\/sumkcaps.com\/\",\"name\":\"Sumkcaps-China Original Headwear Manufacturer and Suppliers\",\"description\":\"We are China Cap And Hat Original Factory, whose main business is to custom cap and hat as client&#039;s LOGO. Any cap style, any cap color, any qty, any material and qty is no problem. In one words, any small details can be customized as your request.\",\"publisher\":{\"@id\":\"https:\/\/sumkcaps.com\/#organization\"},\"potentialAction\":[{\"@type\":\"SearchAction\",\"target\":{\"@type\":\"EntryPoint\",\"urlTemplate\":\"https:\/\/sumkcaps.com\/?s={search_term_string}\"},\"query-input\":{\"@type\":\"PropertyValueSpecification\",\"valueRequired\":true,\"valueName\":\"search_term_string\"}}],\"inLanguage\":\"es\"},{\"@type\":\"Organization\",\"@id\":\"https:\/\/sumkcaps.com\/#organization\",\"name\":\"Sumkcaps-China Original Headwear Manufacturer and Suppliers\",\"url\":\"https:\/\/sumkcaps.com\/\",\"logo\":{\"@type\":\"ImageObject\",\"inLanguage\":\"es\",\"@id\":\"https:\/\/sumkcaps.com\/#\/schema\/logo\/image\/\",\"url\":\"https:\/\/sumkcaps.com\/wp-content\/uploads\/2025\/12\/1234.jpg\",\"contentUrl\":\"https:\/\/sumkcaps.com\/wp-content\/uploads\/2025\/12\/1234.jpg\",\"width\":800,\"height\":800,\"caption\":\"Sumkcaps-China Original Headwear Manufacturer and Suppliers\"},\"image\":{\"@id\":\"https:\/\/sumkcaps.com\/#\/schema\/logo\/image\/\"},\"sameAs\":[\"https:\/\/www.facebook.com\/sumkcap\",\"https:\/\/www.instagram.com\/sumkcaps7\/\",\"https:\/\/www.pinterest.com\/sumkcapschina\/\"]}]}<\/script>\n<!-- \/ Yoast SEO Premium plugin. -->","yoast_head_json":{"title":"Custom 3D Bordado Ajustado Snapback Cap | China Manufactuer","description":"Custom Cap, Logo Cap, Brand Caps, Custom Made Snapback Caps, Custom Snapback Baseball Hats. Fabricante de Gorras Premium desde 2006. Entrega r\u00e1pida.","robots":{"index":"index","follow":"follow","max-snippet":"max-snippet:-1","max-image-preview":"max-image-preview:large","max-video-preview":"max-video-preview:-1"},"canonical":"https:\/\/sumkcaps.com\/es\/producto\/sufox-231122-custom-six-panel-3d-embroidery-fitted-snapback-cap\/","og_locale":"es_ES","og_type":"article","og_title":"Sumkcaps 231122 Custom Six Panel 3D Embroidery Fitted Snapback Cap - Sumkcaps","og_description":"Custom Cap, Logo Cap, Brand Caps, Custom Made Snapback Caps, Custom Snapback Baseball Hats. Premium Cap Manufacturer since 2006. Quick delivery.","og_url":"https:\/\/sumkcaps.com\/es\/producto\/sufox-231122-custom-six-panel-3d-embroidery-fitted-snapback-cap\/","og_site_name":"Sumkcaps-China Original Headwear Manufacturer and Suppliers","article_publisher":"https:\/\/www.facebook.com\/sumkcap","article_modified_time":"2025-07-10T01:05:57+00:00","og_image":[{"width":2560,"height":2400,"url":"https:\/\/sumkcaps.com\/wp-content\/uploads\/2022\/10\/6_panel_3d_embroidery_fitted_snapback_cap-1-3-scaled.jpg","type":"image\/jpeg"}],"twitter_card":"summary_large_image","twitter_misc":{"Tiempo de lectura":"2 minutos"},"schema":{"@context":"https:\/\/schema.org","@graph":[{"@type":"WebPage","@id":"https:\/\/sumkcaps.com\/product\/sufox-231122-custom-six-panel-3d-embroidery-fitted-snapback-cap\/","url":"https:\/\/sumkcaps.com\/product\/sufox-231122-custom-six-panel-3d-embroidery-fitted-snapback-cap\/","name":"Custom 3D Bordado Ajustado Snapback Cap | China Manufactuer","isPartOf":{"@id":"https:\/\/sumkcaps.com\/#website"},"primaryImageOfPage":{"@id":"https:\/\/sumkcaps.com\/product\/sufox-231122-custom-six-panel-3d-embroidery-fitted-snapback-cap\/#primaryimage"},"image":{"@id":"https:\/\/sumkcaps.com\/product\/sufox-231122-custom-six-panel-3d-embroidery-fitted-snapback-cap\/#primaryimage"},"thumbnailUrl":"https:\/\/sumkcaps.com\/wp-content\/uploads\/2022\/10\/6_panel_3d_embroidery_fitted_snapback_cap-1-3-scaled.jpg","datePublished":"2022-10-27T01:18:13+00:00","dateModified":"2025-07-10T01:05:57+00:00","description":"Custom Cap, Logo Cap, Brand Caps, Custom Made Snapback Caps, Custom Snapback Baseball Hats. Fabricante de Gorras Premium desde 2006. Entrega r\u00e1pida.","breadcrumb":{"@id":"https:\/\/sumkcaps.com\/product\/sufox-231122-custom-six-panel-3d-embroidery-fitted-snapback-cap\/#breadcrumb"},"inLanguage":"es","potentialAction":[{"@type":"ReadAction","target":["https:\/\/sumkcaps.com\/product\/sufox-231122-custom-six-panel-3d-embroidery-fitted-snapback-cap\/"]}]},{"@type":"ImageObject","inLanguage":"es","@id":"https:\/\/sumkcaps.com\/product\/sufox-231122-custom-six-panel-3d-embroidery-fitted-snapback-cap\/#primaryimage","url":"https:\/\/sumkcaps.com\/wp-content\/uploads\/2022\/10\/6_panel_3d_embroidery_fitted_snapback_cap-1-3-scaled.jpg","contentUrl":"https:\/\/sumkcaps.com\/wp-content\/uploads\/2022\/10\/6_panel_3d_embroidery_fitted_snapback_cap-1-3-scaled.jpg","width":2560,"height":2400},{"@type":"BreadcrumbList","@id":"https:\/\/sumkcaps.com\/product\/sufox-231122-custom-six-panel-3d-embroidery-fitted-snapback-cap\/#breadcrumb","itemListElement":[{"@type":"ListItem","position":1,"name":"Home","item":"https:\/\/sumkcaps.com\/"},{"@type":"ListItem","position":2,"name":"Products","item":"https:\/\/sumkcaps.com\/product\/"},{"@type":"ListItem","position":3,"name":"Sumkcaps 231122 Custom Six Panel 3D Embroidery Fitted Snapback Cap"}]},{"@type":"WebSite","@id":"https:\/\/sumkcaps.com\/#website","url":"https:\/\/sumkcaps.com\/","name":"Sumkcaps-China Fabricante y proveedor de gorras originales","description":"Somos gorra de China y el sombrero original de la f\u00e1brica, cuya actividad principal es la costumbre gorra y el sombrero como cliente&#039;s LOGO. Cualquier estilo gorra, cualquier color gorra, cualquier cantidad, cualquier material y cantidad no es problema. En una palabra, cualquier peque\u00f1o detalle puede ser personalizado como su solicitud.","publisher":{"@id":"https:\/\/sumkcaps.com\/#organization"},"potentialAction":[{"@type":"SearchAction","target":{"@type":"EntryPoint","urlTemplate":"https:\/\/sumkcaps.com\/?s={search_term_string}"},"query-input":{"@type":"PropertyValueSpecification","valueRequired":true,"valueName":"search_term_string"}}],"inLanguage":"es"},{"@type":"Organization","@id":"https:\/\/sumkcaps.com\/#organization","name":"Sumkcaps-China Fabricante y proveedor de gorras originales","url":"https:\/\/sumkcaps.com\/","logo":{"@type":"ImageObject","inLanguage":"es","@id":"https:\/\/sumkcaps.com\/#\/schema\/logo\/image\/","url":"https:\/\/sumkcaps.com\/wp-content\/uploads\/2025\/12\/1234.jpg","contentUrl":"https:\/\/sumkcaps.com\/wp-content\/uploads\/2025\/12\/1234.jpg","width":800,"height":800,"caption":"Sumkcaps-China Original Headwear Manufacturer and Suppliers"},"image":{"@id":"https:\/\/sumkcaps.com\/#\/schema\/logo\/image\/"},"sameAs":["https:\/\/www.facebook.com\/sumkcap","https:\/\/www.instagram.com\/sumkcaps7\/","https:\/\/www.pinterest.com\/sumkcapschina\/"]}]}},"taxonomy_info":{"product_cat":[{"value":42,"label":"Snapback Hats Wholesale"}]},"featured_image_src_large":["https:\/\/sumkcaps.com\/wp-content\/uploads\/2022\/10\/6_panel_3d_embroidery_fitted_snapback_cap-1-3-1024x960.jpg",800,750,true],"author_info":[],"comment_info":"","_links":{"self":[{"href":"https:\/\/sumkcaps.com\/es\/wp-json\/wp\/v2\/product\/18023","targetHints":{"allow":["GET"]}}],"collection":[{"href":"https:\/\/sumkcaps.com\/es\/wp-json\/wp\/v2\/product"}],"about":[{"href":"https:\/\/sumkcaps.com\/es\/wp-json\/wp\/v2\/types\/product"}],"wp:featuredmedia":[{"embeddable":true,"href":"https:\/\/sumkcaps.com\/es\/wp-json\/wp\/v2\/media\/18024"}],"wp:attachment":[{"href":"https:\/\/sumkcaps.com\/es\/wp-json\/wp\/v2\/media?parent=18023"}],"wp:term":[{"taxonomy":"product_brand","embeddable":true,"href":"https:\/\/sumkcaps.com\/es\/wp-json\/wp\/v2\/product_brand?post=18023"},{"taxonomy":"product_cat","embeddable":true,"href":"https:\/\/sumkcaps.com\/es\/wp-json\/wp\/v2\/product_cat?post=18023"},{"taxonomy":"product_tag","embeddable":true,"href":"https:\/\/sumkcaps.com\/es\/wp-json\/wp\/v2\/product_tag?post=18023"}],"curies":[{"name":"wp","href":"https:\/\/api.w.org\/{rel}","templated":true}]}}