{"id":17318,"date":"2022-10-21T14:08:48","date_gmt":"2022-10-21T06:08:48","guid":{"rendered":"https:\/\/sumkcaps.com\/?post_type=product&#038;p=17318"},"modified":"2026-03-06T09:43:27","modified_gmt":"2026-03-06T01:43:27","slug":"sufox-231032-custom-six-panel-embroidered-corduroy-snapback-cap","status":"publish","type":"product","link":"https:\/\/sumkcaps.com\/es\/producto\/sufox-231032-custom-gorra-snapback-de-pana-bordada-de-seis-paneles\/","title":{"rendered":"Sumkcaps 231032 Gorra personalizada de pana de seis paneles bordada Snapback"},"content":{"rendered":"<div class=\"flex flex-col text-sm pb-25\">\n<article class=\"text-token-text-primary w-full focus:outline-none [--shadow-height:45px] has-data-writing-block:pointer-events-none has-data-writing-block:-mt-(--shadow-height) has-data-writing-block:pt-(--shadow-height) [&amp;:has([data-writing-block])&gt;*]:pointer-events-auto scroll-mt-[calc(var(--header-height)+min(200px,max(70px,20svh)))]\" dir=\"auto\" tabindex=\"-1\" data-turn-id=\"request-69a533f8-b908-8320-af5c-a60756ee5572-2\" data-testid=\"conversation-turn-62\" data-scroll-anchor=\"true\" data-turn=\"assistant\">\n<div class=\"text-base my-auto mx-auto pb-10 [--thread-content-margin:var(--thread-content-margin-xs,calc(var(--spacing)*4))] @w-sm\/main:[--thread-content-margin:var(--thread-content-margin-sm,calc(var(--spacing)*6))] @w-lg\/main:[--thread-content-margin:var(--thread-content-margin-lg,calc(var(--spacing)*16))] px-(--thread-content-margin)\">\n<div class=\"[--thread-content-max-width:40rem] @w-lg\/main:[--thread-content-max-width:48rem] mx-auto max-w-(--thread-content-max-width) flex-1 group\/turn-messages focus-visible:outline-hidden relative flex w-full min-w-0 flex-col agent-turn\" tabindex=\"-1\">\n<div class=\"flex max-w-full flex-col gap-4 grow\">\n<div class=\"min-h-8 text-message relative flex w-full flex-col items-end gap-2 text-start break-words whitespace-normal [.text-message+&amp;]:mt-1\" dir=\"auto\" data-message-author-role=\"assistant\" data-message-id=\"097db692-78d2-4f36-8391-7665e28a9ff6\" data-message-model-slug=\"gpt-5-3\">\n<div class=\"flex w-full flex-col gap-1 empty:hidden\">\n<div class=\"markdown prose dark:prose-invert w-full wrap-break-word light markdown-new-styling\">\n<h3 data-start=\"86\" data-end=\"421\"><strong data-start=\"86\" data-end=\"113\">Decoraci\u00f3n<\/strong><\/h3>\n<p data-start=\"86\" data-end=\"421\">Esta gorra snapback incorpora un bordado de alta calidad que proporciona un acabado n\u00edtido y texturizado del logotipo. La t\u00e9cnica de bordado garantiza una larga durabilidad y un efecto visual de primera calidad, por lo que resulta ideal para logotipos de marca, insignias de equipos o dise\u00f1os promocionales que requieran un aspecto profesional y elegante.<\/p>\n<h3 data-start=\"423\" data-end=\"738\"><strong data-start=\"423\" data-end=\"446\">Material\u00a0<\/strong><\/h3>\n<p data-start=\"423\" data-end=\"738\">Confeccionada en un resistente tejido de pana, esta gorra ofrece una distintiva textura acanalada que a\u00f1ade profundidad y un aspecto de inspiraci\u00f3n vintage. La pana es c\u00f3moda y resistente, por lo que resulta adecuada para el d\u00eda a d\u00eda y ofrece un estilo \u00fanico que destaca en las colecciones de moda y streetwear.<\/p>\n<h3 data-start=\"740\" data-end=\"1043\"><strong data-start=\"740\" data-end=\"767\">Color<\/strong><\/h3>\n<p data-start=\"740\" data-end=\"1043\">La gorra est\u00e1 disponible en rojo cl\u00e1sico y en colores totalmente personalizables. Las marcas pueden elegir colores que coincidan con su identidad o el tema de su campa\u00f1a, lo que permite una mayor flexibilidad en el dise\u00f1o del producto y garantiza que la gorra final se ajuste perfectamente a los requisitos de la marca.<\/p>\n<h3 data-start=\"1045\" data-end=\"1347\"><strong data-start=\"1045\" data-end=\"1078\">Ajuste y talla<\/strong><\/h3>\n<p data-start=\"1045\" data-end=\"1347\">Dise\u00f1ada con un cierre a presi\u00f3n ajustable, la gorra se adapta a la mayor\u00eda de las tallas de cabeza, desde la 7 hasta la 7 3\/4. El dise\u00f1o de talla \u00fanica garantiza un uso c\u00f3modo y pr\u00e1ctico para una amplia gama de clientes, por lo que es ideal para la distribuci\u00f3n minorista y promocional.<\/p>\n<h3 data-start=\"1349\" data-end=\"1634\"><strong data-start=\"1349\" data-end=\"1370\">Visera<\/strong><\/h3>\n<p data-start=\"1349\" data-end=\"1634\">La visera de visera plana aporta una est\u00e9tica moderna de ropa de calle, al tiempo que ayuda a proteger los ojos de la luz solar. Su dise\u00f1o estructurado mantiene la forma de la gorra y realza el aspecto atrevido general, lo que la convierte en una elecci\u00f3n popular para marcas de moda y colecciones de estilo de vida.<\/p>\n<h3 data-start=\"1636\" data-end=\"1900\"><strong data-start=\"1636\" data-end=\"1659\">Servicio<\/strong><\/h3>\n<p data-start=\"1636\" data-end=\"1900\">Sumkcaps ofrece servicios profesionales de OEM y ODM para satisfacer diferentes necesidades de personalizaci\u00f3n. Los clientes pueden personalizar logotipos, tejidos, colores, etiquetas y embalajes, lo que permite a las marcas crear productos de sombrerer\u00eda \u00fanicos y adaptados a su mercado.<\/p>\n<h3 data-start=\"1902\" data-end=\"2165\"><strong data-start=\"1902\" data-end=\"1921\">Plazo de entrega<\/strong><\/h3>\n<p data-start=\"1902\" data-end=\"2165\" data-is-last-node=\"\" data-is-only-node=\"\">Ofrecemos plazos de producci\u00f3n fiables y eficaces. La producci\u00f3n de muestras tarda aproximadamente <strong data-start=\"2016\" data-end=\"2036\">7-9 d\u00edas laborables<\/strong>, mientras que los pedidos al por mayor suelen requerir <strong data-start=\"2074\" data-end=\"2096\">18-22 d\u00edas laborables<\/strong>, Garantizar la entrega puntual de los pedidos al por mayor y los lanzamientos de productos.<\/p>\n<\/div>\n<\/div>\n<\/div>\n<\/div>\n<div class=\"z-0 flex min-h-[46px] justify-start\"><\/div>\n<div class=\"mt-3 w-full empty:hidden\">\n<div class=\"text-center\"><\/div>\n<\/div>\n<\/div>\n<\/div>\n<\/article>\n<\/div>\n<div class=\"pointer-events-none h-px w-px absolute bottom-0\" aria-hidden=\"true\" data-edge=\"true\"><\/div>","protected":false},"excerpt":{"rendered":"<p>Sumkcaps 231032 Custom Six Panel Embroidered Corduroy Snapback Cap Es Una De Las Gorras M\u00e1s Populares, Ligera Y Transpirable. Nuestros Snapbacks vienen en una variedad de estilos y colores de todas las principales marcas.<\/p>","protected":false},"featured_media":17319,"template":"","meta":{"_acf_changed":false,"_kad_blocks_custom_css":"","_kad_blocks_head_custom_js":"","_kad_blocks_body_custom_js":"","_kad_blocks_footer_custom_js":""},"product_brand":[],"product_cat":[42],"product_tag":[],"class_list":{"0":"post-17318","1":"product","2":"type-product","3":"status-publish","4":"has-post-thumbnail","6":"product_cat-snapback-cap","8":"first","9":"outofstock","10":"shipping-taxable","11":"product-type-simple"},"acf":[],"yoast_head":"<!-- This site is optimized with the Yoast SEO Premium plugin v20.8 (Yoast SEO v25.9) - https:\/\/yoast.com\/wordpress\/plugins\/seo\/ -->\n<title>Custom Embroidered Corduroy Snapback Cap | China Manufactuer<\/title>\n<meta name=\"description\" content=\"More Than 10 Years Of Experience In The Headwear Industry. Cap Manufacturers.100% Satisfaction Guarantee. Expert Service. Bulk Discount. Quick delivery.\" \/>\n<meta name=\"robots\" content=\"index, follow, max-snippet:-1, max-image-preview:large, max-video-preview:-1\" \/>\n<link rel=\"canonical\" href=\"https:\/\/sumkcaps.com\/es\/producto\/sufox-231032-custom-gorra-snapback-de-pana-bordada-de-seis-paneles\/\" \/>\n<meta property=\"og:locale\" content=\"es_ES\" \/>\n<meta property=\"og:type\" content=\"article\" \/>\n<meta property=\"og:title\" content=\"Sumkcaps 231032 Custom Six Panel Embroidered Corduroy Snapback Cap - Sumkcaps\" \/>\n<meta property=\"og:description\" content=\"More Than 10 Years Of Experience In The Headwear Industry. Cap Manufacturers.100% Satisfaction Guarantee. Expert Service. Bulk Discount. Quick delivery.\" \/>\n<meta property=\"og:url\" content=\"https:\/\/sumkcaps.com\/es\/producto\/sufox-231032-custom-gorra-snapback-de-pana-bordada-de-seis-paneles\/\" \/>\n<meta property=\"og:site_name\" content=\"Sumkcaps-China Original Headwear Manufacturer and Suppliers\" \/>\n<meta property=\"article:publisher\" content=\"https:\/\/www.facebook.com\/sumkcap\" \/>\n<meta property=\"article:modified_time\" content=\"2026-03-06T01:43:27+00:00\" \/>\n<meta property=\"og:image\" content=\"https:\/\/sumkcaps.com\/wp-content\/uploads\/2022\/10\/6_panel_embroidered_corduroy_snapback_cap-1.jpg\" \/>\n\t<meta property=\"og:image:width\" content=\"800\" \/>\n\t<meta property=\"og:image:height\" content=\"800\" \/>\n\t<meta property=\"og:image:type\" content=\"image\/jpeg\" \/>\n<meta name=\"twitter:card\" content=\"summary_large_image\" \/>\n<meta name=\"twitter:label1\" content=\"Tiempo de lectura\" \/>\n\t<meta name=\"twitter:data1\" content=\"2 minutos\" \/>\n<script type=\"application\/ld+json\" class=\"yoast-schema-graph\">{\"@context\":\"https:\/\/schema.org\",\"@graph\":[{\"@type\":\"WebPage\",\"@id\":\"https:\/\/sumkcaps.com\/product\/sufox-231032-custom-six-panel-embroidered-corduroy-snapback-cap\/\",\"url\":\"https:\/\/sumkcaps.com\/product\/sufox-231032-custom-six-panel-embroidered-corduroy-snapback-cap\/\",\"name\":\"Custom Embroidered Corduroy Snapback Cap | China Manufactuer\",\"isPartOf\":{\"@id\":\"https:\/\/sumkcaps.com\/#website\"},\"primaryImageOfPage\":{\"@id\":\"https:\/\/sumkcaps.com\/product\/sufox-231032-custom-six-panel-embroidered-corduroy-snapback-cap\/#primaryimage\"},\"image\":{\"@id\":\"https:\/\/sumkcaps.com\/product\/sufox-231032-custom-six-panel-embroidered-corduroy-snapback-cap\/#primaryimage\"},\"thumbnailUrl\":\"https:\/\/sumkcaps.com\/wp-content\/uploads\/2022\/10\/6_panel_embroidered_corduroy_snapback_cap-1.jpg\",\"datePublished\":\"2022-10-21T06:08:48+00:00\",\"dateModified\":\"2026-03-06T01:43:27+00:00\",\"description\":\"More Than 10 Years Of Experience In The Headwear Industry. Cap Manufacturers.100% Satisfaction Guarantee. Expert Service. Bulk Discount. Quick delivery.\",\"breadcrumb\":{\"@id\":\"https:\/\/sumkcaps.com\/product\/sufox-231032-custom-six-panel-embroidered-corduroy-snapback-cap\/#breadcrumb\"},\"inLanguage\":\"es\",\"potentialAction\":[{\"@type\":\"ReadAction\",\"target\":[\"https:\/\/sumkcaps.com\/product\/sufox-231032-custom-six-panel-embroidered-corduroy-snapback-cap\/\"]}]},{\"@type\":\"ImageObject\",\"inLanguage\":\"es\",\"@id\":\"https:\/\/sumkcaps.com\/product\/sufox-231032-custom-six-panel-embroidered-corduroy-snapback-cap\/#primaryimage\",\"url\":\"https:\/\/sumkcaps.com\/wp-content\/uploads\/2022\/10\/6_panel_embroidered_corduroy_snapback_cap-1.jpg\",\"contentUrl\":\"https:\/\/sumkcaps.com\/wp-content\/uploads\/2022\/10\/6_panel_embroidered_corduroy_snapback_cap-1.jpg\",\"width\":800,\"height\":800},{\"@type\":\"BreadcrumbList\",\"@id\":\"https:\/\/sumkcaps.com\/product\/sufox-231032-custom-six-panel-embroidered-corduroy-snapback-cap\/#breadcrumb\",\"itemListElement\":[{\"@type\":\"ListItem\",\"position\":1,\"name\":\"Home\",\"item\":\"https:\/\/sumkcaps.com\/\"},{\"@type\":\"ListItem\",\"position\":2,\"name\":\"Products\",\"item\":\"https:\/\/sumkcaps.com\/product\/\"},{\"@type\":\"ListItem\",\"position\":3,\"name\":\"Sumkcaps 231032 Custom Six Panel Embroidered Corduroy Snapback Cap\"}]},{\"@type\":\"WebSite\",\"@id\":\"https:\/\/sumkcaps.com\/#website\",\"url\":\"https:\/\/sumkcaps.com\/\",\"name\":\"Sumkcaps-China Original Headwear Manufacturer and Suppliers\",\"description\":\"We are China Cap And Hat Original Factory, whose main business is to custom cap and hat as client&#039;s LOGO. Any cap style, any cap color, any qty, any material and qty is no problem. In one words, any small details can be customized as your request.\",\"publisher\":{\"@id\":\"https:\/\/sumkcaps.com\/#organization\"},\"potentialAction\":[{\"@type\":\"SearchAction\",\"target\":{\"@type\":\"EntryPoint\",\"urlTemplate\":\"https:\/\/sumkcaps.com\/?s={search_term_string}\"},\"query-input\":{\"@type\":\"PropertyValueSpecification\",\"valueRequired\":true,\"valueName\":\"search_term_string\"}}],\"inLanguage\":\"es\"},{\"@type\":\"Organization\",\"@id\":\"https:\/\/sumkcaps.com\/#organization\",\"name\":\"Sumkcaps-China Original Headwear Manufacturer and Suppliers\",\"url\":\"https:\/\/sumkcaps.com\/\",\"logo\":{\"@type\":\"ImageObject\",\"inLanguage\":\"es\",\"@id\":\"https:\/\/sumkcaps.com\/#\/schema\/logo\/image\/\",\"url\":\"https:\/\/sumkcaps.com\/wp-content\/uploads\/2025\/12\/1234.jpg\",\"contentUrl\":\"https:\/\/sumkcaps.com\/wp-content\/uploads\/2025\/12\/1234.jpg\",\"width\":800,\"height\":800,\"caption\":\"Sumkcaps-China Original Headwear Manufacturer and Suppliers\"},\"image\":{\"@id\":\"https:\/\/sumkcaps.com\/#\/schema\/logo\/image\/\"},\"sameAs\":[\"https:\/\/www.facebook.com\/sumkcap\",\"https:\/\/www.instagram.com\/sumkcaps7\/\",\"https:\/\/www.pinterest.com\/sumkcapschina\/\"]}]}<\/script>\n<!-- \/ Yoast SEO Premium plugin. -->","yoast_head_json":{"title":"Custom bordado de pana Snapback Cap | China Manufactuer","description":"M\u00e1s de 10 a\u00f1os de experiencia en la industria de sombreros. Fabricantes Cap.100% Satisfacci\u00f3n Garantizada. Servicio de expertos. Descuento a granel. Entrega r\u00e1pida.","robots":{"index":"index","follow":"follow","max-snippet":"max-snippet:-1","max-image-preview":"max-image-preview:large","max-video-preview":"max-video-preview:-1"},"canonical":"https:\/\/sumkcaps.com\/es\/producto\/sufox-231032-custom-gorra-snapback-de-pana-bordada-de-seis-paneles\/","og_locale":"es_ES","og_type":"article","og_title":"Sumkcaps 231032 Custom Six Panel Embroidered Corduroy Snapback Cap - Sumkcaps","og_description":"More Than 10 Years Of Experience In The Headwear Industry. Cap Manufacturers.100% Satisfaction Guarantee. Expert Service. Bulk Discount. Quick delivery.","og_url":"https:\/\/sumkcaps.com\/es\/producto\/sufox-231032-custom-gorra-snapback-de-pana-bordada-de-seis-paneles\/","og_site_name":"Sumkcaps-China Original Headwear Manufacturer and Suppliers","article_publisher":"https:\/\/www.facebook.com\/sumkcap","article_modified_time":"2026-03-06T01:43:27+00:00","og_image":[{"width":800,"height":800,"url":"https:\/\/sumkcaps.com\/wp-content\/uploads\/2022\/10\/6_panel_embroidered_corduroy_snapback_cap-1.jpg","type":"image\/jpeg"}],"twitter_card":"summary_large_image","twitter_misc":{"Tiempo de lectura":"2 minutos"},"schema":{"@context":"https:\/\/schema.org","@graph":[{"@type":"WebPage","@id":"https:\/\/sumkcaps.com\/product\/sufox-231032-custom-six-panel-embroidered-corduroy-snapback-cap\/","url":"https:\/\/sumkcaps.com\/product\/sufox-231032-custom-six-panel-embroidered-corduroy-snapback-cap\/","name":"Custom bordado de pana Snapback Cap | China Manufactuer","isPartOf":{"@id":"https:\/\/sumkcaps.com\/#website"},"primaryImageOfPage":{"@id":"https:\/\/sumkcaps.com\/product\/sufox-231032-custom-six-panel-embroidered-corduroy-snapback-cap\/#primaryimage"},"image":{"@id":"https:\/\/sumkcaps.com\/product\/sufox-231032-custom-six-panel-embroidered-corduroy-snapback-cap\/#primaryimage"},"thumbnailUrl":"https:\/\/sumkcaps.com\/wp-content\/uploads\/2022\/10\/6_panel_embroidered_corduroy_snapback_cap-1.jpg","datePublished":"2022-10-21T06:08:48+00:00","dateModified":"2026-03-06T01:43:27+00:00","description":"M\u00e1s de 10 a\u00f1os de experiencia en la industria de sombreros. Fabricantes Cap.100% Satisfacci\u00f3n Garantizada. Servicio de expertos. Descuento a granel. Entrega r\u00e1pida.","breadcrumb":{"@id":"https:\/\/sumkcaps.com\/product\/sufox-231032-custom-six-panel-embroidered-corduroy-snapback-cap\/#breadcrumb"},"inLanguage":"es","potentialAction":[{"@type":"ReadAction","target":["https:\/\/sumkcaps.com\/product\/sufox-231032-custom-six-panel-embroidered-corduroy-snapback-cap\/"]}]},{"@type":"ImageObject","inLanguage":"es","@id":"https:\/\/sumkcaps.com\/product\/sufox-231032-custom-six-panel-embroidered-corduroy-snapback-cap\/#primaryimage","url":"https:\/\/sumkcaps.com\/wp-content\/uploads\/2022\/10\/6_panel_embroidered_corduroy_snapback_cap-1.jpg","contentUrl":"https:\/\/sumkcaps.com\/wp-content\/uploads\/2022\/10\/6_panel_embroidered_corduroy_snapback_cap-1.jpg","width":800,"height":800},{"@type":"BreadcrumbList","@id":"https:\/\/sumkcaps.com\/product\/sufox-231032-custom-six-panel-embroidered-corduroy-snapback-cap\/#breadcrumb","itemListElement":[{"@type":"ListItem","position":1,"name":"Home","item":"https:\/\/sumkcaps.com\/"},{"@type":"ListItem","position":2,"name":"Products","item":"https:\/\/sumkcaps.com\/product\/"},{"@type":"ListItem","position":3,"name":"Sumkcaps 231032 Custom Six Panel Embroidered Corduroy Snapback Cap"}]},{"@type":"WebSite","@id":"https:\/\/sumkcaps.com\/#website","url":"https:\/\/sumkcaps.com\/","name":"Sumkcaps-China Fabricante y proveedor de gorras originales","description":"Somos gorra de China y el sombrero original de la f\u00e1brica, cuya actividad principal es la costumbre gorra y el sombrero como cliente&#039;s LOGO. Cualquier estilo gorra, cualquier color gorra, cualquier cantidad, cualquier material y cantidad no es problema. En una palabra, cualquier peque\u00f1o detalle puede ser personalizado como su solicitud.","publisher":{"@id":"https:\/\/sumkcaps.com\/#organization"},"potentialAction":[{"@type":"SearchAction","target":{"@type":"EntryPoint","urlTemplate":"https:\/\/sumkcaps.com\/?s={search_term_string}"},"query-input":{"@type":"PropertyValueSpecification","valueRequired":true,"valueName":"search_term_string"}}],"inLanguage":"es"},{"@type":"Organization","@id":"https:\/\/sumkcaps.com\/#organization","name":"Sumkcaps-China Fabricante y proveedor de gorras originales","url":"https:\/\/sumkcaps.com\/","logo":{"@type":"ImageObject","inLanguage":"es","@id":"https:\/\/sumkcaps.com\/#\/schema\/logo\/image\/","url":"https:\/\/sumkcaps.com\/wp-content\/uploads\/2025\/12\/1234.jpg","contentUrl":"https:\/\/sumkcaps.com\/wp-content\/uploads\/2025\/12\/1234.jpg","width":800,"height":800,"caption":"Sumkcaps-China Original Headwear Manufacturer and Suppliers"},"image":{"@id":"https:\/\/sumkcaps.com\/#\/schema\/logo\/image\/"},"sameAs":["https:\/\/www.facebook.com\/sumkcap","https:\/\/www.instagram.com\/sumkcaps7\/","https:\/\/www.pinterest.com\/sumkcapschina\/"]}]}},"taxonomy_info":{"product_cat":[{"value":42,"label":"Snapback Hats Wholesale"}]},"featured_image_src_large":["https:\/\/sumkcaps.com\/wp-content\/uploads\/2022\/10\/6_panel_embroidered_corduroy_snapback_cap-1.jpg",800,800,false],"author_info":[],"comment_info":"","_links":{"self":[{"href":"https:\/\/sumkcaps.com\/es\/wp-json\/wp\/v2\/product\/17318","targetHints":{"allow":["GET"]}}],"collection":[{"href":"https:\/\/sumkcaps.com\/es\/wp-json\/wp\/v2\/product"}],"about":[{"href":"https:\/\/sumkcaps.com\/es\/wp-json\/wp\/v2\/types\/product"}],"wp:featuredmedia":[{"embeddable":true,"href":"https:\/\/sumkcaps.com\/es\/wp-json\/wp\/v2\/media\/17319"}],"wp:attachment":[{"href":"https:\/\/sumkcaps.com\/es\/wp-json\/wp\/v2\/media?parent=17318"}],"wp:term":[{"taxonomy":"product_brand","embeddable":true,"href":"https:\/\/sumkcaps.com\/es\/wp-json\/wp\/v2\/product_brand?post=17318"},{"taxonomy":"product_cat","embeddable":true,"href":"https:\/\/sumkcaps.com\/es\/wp-json\/wp\/v2\/product_cat?post=17318"},{"taxonomy":"product_tag","embeddable":true,"href":"https:\/\/sumkcaps.com\/es\/wp-json\/wp\/v2\/product_tag?post=17318"}],"curies":[{"name":"wp","href":"https:\/\/api.w.org\/{rel}","templated":true}]}}