{"id":17038,"date":"2022-10-19T10:59:04","date_gmt":"2022-10-19T02:59:04","guid":{"rendered":"https:\/\/sumkcaps.com\/?post_type=product&#038;p=17038"},"modified":"2025-12-17T15:02:36","modified_gmt":"2025-12-17T07:02:36","slug":"sufox-231004-custom-six-panel-flat-embroidery-baseball-cap","status":"publish","type":"product","link":"https:\/\/sumkcaps.com\/es\/producto\/sufox-231004-custom-seis-paneles-bordado-plano-gorra-de-beisbol\/","title":{"rendered":"Sumkcaps 231004 Gorra de b\u00e9isbol personalizada con bordado plano de seis paneles"},"content":{"rendered":"<h3 data-start=\"247\" data-end=\"670\"><strong data-start=\"247\" data-end=\"287\">Decoraci\u00f3n<\/strong><\/h3>\n<p data-start=\"247\" data-end=\"670\">Esta gorra de b\u00e9isbol cuenta con un bordado plano limpio y preciso, lo que le da un aspecto n\u00edtido y profesional a los logotipos, textos o dise\u00f1os personalizados. El bordado se asienta suavemente sobre la superficie, lo que garantiza una gran durabilidad sin a\u00f1adir volumen. Ideal para la promoci\u00f3n de marcas, merchandising corporativo, colecciones minoristas o ropa de equipo, el bordado plano ofrece una opci\u00f3n de decoraci\u00f3n atemporal y vers\u00e1til.<\/p>\n<h3 data-start=\"672\" data-end=\"1051\"><strong data-start=\"672\" data-end=\"696\">Material<\/strong><\/h3>\n<p data-start=\"672\" data-end=\"1051\">Fabricada con tejido de poli\u00e9ster de alta calidad, esta gorra ofrece una excelente durabilidad, resistencia a las arrugas y retenci\u00f3n del color. El material ligero pero resistente garantiza una comodidad durante todo el d\u00eda, al tiempo que mantiene su forma. El poli\u00e9ster tambi\u00e9n es f\u00e1cil de cuidar, lo que hace que esta gorra sea adecuada para un uso frecuente en tiendas, eventos promocionales y para el d\u00eda a d\u00eda.<\/p>\n<h3 data-start=\"1053\" data-end=\"1393\"><strong data-start=\"1053\" data-end=\"1075\">Color<\/strong><\/h3>\n<p data-start=\"1053\" data-end=\"1393\">La gorra est\u00e1 disponible en colores totalmente personalizados para que coincida con la identidad de su marca o sus colecciones de temporada. Desde tonos neutros cl\u00e1sicos hasta tonos llamativos, las opciones de color flexibles le permiten crear dise\u00f1os \u00fanicos que destacan en el mercado. El te\u00f1ido personalizado garantiza una calidad de color constante en los pedidos de producci\u00f3n a granel.<\/p>\n<h3 data-start=\"1395\" data-end=\"1715\"><strong data-start=\"1395\" data-end=\"1428\">Ajuste y talla<\/strong><\/h3>\n<p data-start=\"1395\" data-end=\"1715\">Dise\u00f1ada con una estructura OSFM, esta gorra de b\u00e9isbol de seis paneles se adapta c\u00f3modamente a tama\u00f1os de cabeza de 7 a 7 3\/4. La corona estructurada y el cierre ajustable proporcionan un ajuste seguro y flexible, lo que la hace adecuada para la mayor\u00eda de los adultos. Ofrece comodidad y una silueta limpia para el uso diario.<\/p>\n<h3 data-start=\"1717\" data-end=\"2052\"><strong data-start=\"1717\" data-end=\"1739\">Visera<\/strong><\/h3>\n<p data-start=\"1717\" data-end=\"2052\">La visera precurvada ofrece un aspecto cl\u00e1sico de gorra de b\u00e9isbol a la vez que proporciona una protecci\u00f3n pr\u00e1ctica contra el sol. Su forma realza los contornos faciales y a\u00f1ade un atractivo deportivo y desenfadado. La visera mantiene su curvatura con el paso del tiempo, lo que garantiza un estilo y una funcionalidad constantes para actividades al aire libre, promociones o uso informal.<\/p>\n<h3 data-start=\"2054\" data-end=\"2393\"><strong data-start=\"2054\" data-end=\"2077\">Servicio<\/strong><\/h3>\n<p data-start=\"2054\" data-end=\"2393\">Ofrecemos servicios profesionales de OEM y ODM, y admitimos dise\u00f1os personalizados, colocaci\u00f3n de logotipos, etiquetado, embalaje y producci\u00f3n a granel. Desde el desarrollo del concepto hasta la entrega final, nuestro equipo trabaja en estrecha colaboraci\u00f3n con los clientes para garantizar la calidad, la coherencia y el cumplimiento puntual de los plazos para las marcas privadas y los socios mayoristas.<\/p>","protected":false},"excerpt":{"rendered":"<p>Sumkcaps 231004 Custom Seis Panel Bordado Plano Gorra De B\u00e9isbol Es Uno De Los Populares Estilo Gorra, Peso Ligero Y Transpirable Bien. Nuestros Snapbacks vienen en una variedad de estilos y colores de todas las marcas superiores.<\/p>","protected":false},"featured_media":17039,"template":"","meta":{"_acf_changed":false,"_kad_blocks_custom_css":"","_kad_blocks_head_custom_js":"","_kad_blocks_body_custom_js":"","_kad_blocks_footer_custom_js":""},"product_brand":[],"product_cat":[38],"product_tag":[],"class_list":{"0":"post-17038","1":"product","2":"type-product","3":"status-publish","4":"has-post-thumbnail","6":"product_cat-baseball-cap-supplier","8":"first","9":"outofstock","10":"shipping-taxable","11":"product-type-simple"},"acf":[],"yoast_head":"<!-- This site is optimized with the Yoast SEO Premium plugin v20.8 (Yoast SEO v25.9) - https:\/\/yoast.com\/wordpress\/plugins\/seo\/ -->\n<title>Custom Flat Embroidery Baseball Cap | China Manufactuer<\/title>\n<meta name=\"description\" content=\"High Quality Cap Head Wear With Professional Custom Design Service Available. Add Your Logo or Custom Design Online. Expert Service. Bulk Discount.\" \/>\n<meta name=\"robots\" content=\"index, follow, max-snippet:-1, max-image-preview:large, max-video-preview:-1\" \/>\n<link rel=\"canonical\" href=\"https:\/\/sumkcaps.com\/es\/producto\/sufox-231004-custom-seis-paneles-bordado-plano-gorra-de-beisbol\/\" \/>\n<meta property=\"og:locale\" content=\"es_ES\" \/>\n<meta property=\"og:type\" content=\"article\" \/>\n<meta property=\"og:title\" content=\"Sumkcaps 231004 Custom Six Panel Flat Embroidery Baseball Cap - Sumkcaps\" \/>\n<meta property=\"og:description\" content=\"High Quality Cap Head Wear With Professional Custom Design Service Available. Add Your Logo or Custom Design Online. Expert Service. Bulk Discount.\" \/>\n<meta property=\"og:url\" content=\"https:\/\/sumkcaps.com\/es\/producto\/sufox-231004-custom-seis-paneles-bordado-plano-gorra-de-beisbol\/\" \/>\n<meta property=\"og:site_name\" content=\"Sumkcaps-China Original Headwear Manufacturer and Suppliers\" \/>\n<meta property=\"article:publisher\" content=\"https:\/\/www.facebook.com\/sumkcap\" \/>\n<meta property=\"article:modified_time\" content=\"2025-12-17T07:02:36+00:00\" \/>\n<meta property=\"og:image\" content=\"https:\/\/sumkcaps.com\/wp-content\/uploads\/2022\/10\/6_panel_flat_embroidery_baseball_cap-1.jpg\" \/>\n\t<meta property=\"og:image:width\" content=\"800\" \/>\n\t<meta property=\"og:image:height\" content=\"800\" \/>\n\t<meta property=\"og:image:type\" content=\"image\/jpeg\" \/>\n<meta name=\"twitter:card\" content=\"summary_large_image\" \/>\n<meta name=\"twitter:label1\" content=\"Tiempo de lectura\" \/>\n\t<meta name=\"twitter:data1\" content=\"2 minutos\" \/>\n<script type=\"application\/ld+json\" class=\"yoast-schema-graph\">{\"@context\":\"https:\/\/schema.org\",\"@graph\":[{\"@type\":\"WebPage\",\"@id\":\"https:\/\/sumkcaps.com\/product\/sufox-231004-custom-six-panel-flat-embroidery-baseball-cap\/\",\"url\":\"https:\/\/sumkcaps.com\/product\/sufox-231004-custom-six-panel-flat-embroidery-baseball-cap\/\",\"name\":\"Custom Flat Embroidery Baseball Cap | China Manufactuer\",\"isPartOf\":{\"@id\":\"https:\/\/sumkcaps.com\/#website\"},\"primaryImageOfPage\":{\"@id\":\"https:\/\/sumkcaps.com\/product\/sufox-231004-custom-six-panel-flat-embroidery-baseball-cap\/#primaryimage\"},\"image\":{\"@id\":\"https:\/\/sumkcaps.com\/product\/sufox-231004-custom-six-panel-flat-embroidery-baseball-cap\/#primaryimage\"},\"thumbnailUrl\":\"https:\/\/sumkcaps.com\/wp-content\/uploads\/2022\/10\/6_panel_flat_embroidery_baseball_cap-1.jpg\",\"datePublished\":\"2022-10-19T02:59:04+00:00\",\"dateModified\":\"2025-12-17T07:02:36+00:00\",\"description\":\"High Quality Cap Head Wear With Professional Custom Design Service Available. Add Your Logo or Custom Design Online. Expert Service. Bulk Discount.\",\"breadcrumb\":{\"@id\":\"https:\/\/sumkcaps.com\/product\/sufox-231004-custom-six-panel-flat-embroidery-baseball-cap\/#breadcrumb\"},\"inLanguage\":\"es\",\"potentialAction\":[{\"@type\":\"ReadAction\",\"target\":[\"https:\/\/sumkcaps.com\/product\/sufox-231004-custom-six-panel-flat-embroidery-baseball-cap\/\"]}]},{\"@type\":\"ImageObject\",\"inLanguage\":\"es\",\"@id\":\"https:\/\/sumkcaps.com\/product\/sufox-231004-custom-six-panel-flat-embroidery-baseball-cap\/#primaryimage\",\"url\":\"https:\/\/sumkcaps.com\/wp-content\/uploads\/2022\/10\/6_panel_flat_embroidery_baseball_cap-1.jpg\",\"contentUrl\":\"https:\/\/sumkcaps.com\/wp-content\/uploads\/2022\/10\/6_panel_flat_embroidery_baseball_cap-1.jpg\",\"width\":800,\"height\":800},{\"@type\":\"BreadcrumbList\",\"@id\":\"https:\/\/sumkcaps.com\/product\/sufox-231004-custom-six-panel-flat-embroidery-baseball-cap\/#breadcrumb\",\"itemListElement\":[{\"@type\":\"ListItem\",\"position\":1,\"name\":\"Home\",\"item\":\"https:\/\/sumkcaps.com\/\"},{\"@type\":\"ListItem\",\"position\":2,\"name\":\"Products\",\"item\":\"https:\/\/sumkcaps.com\/product\/\"},{\"@type\":\"ListItem\",\"position\":3,\"name\":\"Sumkcaps 231004 Custom Six Panel Flat Embroidery Baseball Cap\"}]},{\"@type\":\"WebSite\",\"@id\":\"https:\/\/sumkcaps.com\/#website\",\"url\":\"https:\/\/sumkcaps.com\/\",\"name\":\"Sumkcaps-China Original Headwear Manufacturer and Suppliers\",\"description\":\"We are China Cap And Hat Original Factory, whose main business is to custom cap and hat as client&#039;s LOGO. Any cap style, any cap color, any qty, any material and qty is no problem. In one words, any small details can be customized as your request.\",\"publisher\":{\"@id\":\"https:\/\/sumkcaps.com\/#organization\"},\"potentialAction\":[{\"@type\":\"SearchAction\",\"target\":{\"@type\":\"EntryPoint\",\"urlTemplate\":\"https:\/\/sumkcaps.com\/?s={search_term_string}\"},\"query-input\":{\"@type\":\"PropertyValueSpecification\",\"valueRequired\":true,\"valueName\":\"search_term_string\"}}],\"inLanguage\":\"es\"},{\"@type\":\"Organization\",\"@id\":\"https:\/\/sumkcaps.com\/#organization\",\"name\":\"Sumkcaps-China Original Headwear Manufacturer and Suppliers\",\"url\":\"https:\/\/sumkcaps.com\/\",\"logo\":{\"@type\":\"ImageObject\",\"inLanguage\":\"es\",\"@id\":\"https:\/\/sumkcaps.com\/#\/schema\/logo\/image\/\",\"url\":\"https:\/\/sumkcaps.com\/wp-content\/uploads\/2025\/12\/1234.jpg\",\"contentUrl\":\"https:\/\/sumkcaps.com\/wp-content\/uploads\/2025\/12\/1234.jpg\",\"width\":800,\"height\":800,\"caption\":\"Sumkcaps-China Original Headwear Manufacturer and Suppliers\"},\"image\":{\"@id\":\"https:\/\/sumkcaps.com\/#\/schema\/logo\/image\/\"},\"sameAs\":[\"https:\/\/www.facebook.com\/sumkcap\",\"https:\/\/www.instagram.com\/sumkcaps7\/\",\"https:\/\/www.pinterest.com\/sumkcapschina\/\"]}]}<\/script>\n<!-- \/ Yoast SEO Premium plugin. -->","yoast_head_json":{"title":"Bordado plano personalizado Gorra de b\u00e9isbol | China Manufactuer","description":"Alta Calidad Cap Head Wear Con Servicio Profesional De Dise\u00f1o Personalizado Disponible. A\u00f1ada su logotipo o dise\u00f1o personalizado en l\u00ednea. Servicio experto. Descuento por volumen.","robots":{"index":"index","follow":"follow","max-snippet":"max-snippet:-1","max-image-preview":"max-image-preview:large","max-video-preview":"max-video-preview:-1"},"canonical":"https:\/\/sumkcaps.com\/es\/producto\/sufox-231004-custom-seis-paneles-bordado-plano-gorra-de-beisbol\/","og_locale":"es_ES","og_type":"article","og_title":"Sumkcaps 231004 Custom Six Panel Flat Embroidery Baseball Cap - Sumkcaps","og_description":"High Quality Cap Head Wear With Professional Custom Design Service Available. Add Your Logo or Custom Design Online. Expert Service. Bulk Discount.","og_url":"https:\/\/sumkcaps.com\/es\/producto\/sufox-231004-custom-seis-paneles-bordado-plano-gorra-de-beisbol\/","og_site_name":"Sumkcaps-China Original Headwear Manufacturer and Suppliers","article_publisher":"https:\/\/www.facebook.com\/sumkcap","article_modified_time":"2025-12-17T07:02:36+00:00","og_image":[{"width":800,"height":800,"url":"https:\/\/sumkcaps.com\/wp-content\/uploads\/2022\/10\/6_panel_flat_embroidery_baseball_cap-1.jpg","type":"image\/jpeg"}],"twitter_card":"summary_large_image","twitter_misc":{"Tiempo de lectura":"2 minutos"},"schema":{"@context":"https:\/\/schema.org","@graph":[{"@type":"WebPage","@id":"https:\/\/sumkcaps.com\/product\/sufox-231004-custom-six-panel-flat-embroidery-baseball-cap\/","url":"https:\/\/sumkcaps.com\/product\/sufox-231004-custom-six-panel-flat-embroidery-baseball-cap\/","name":"Bordado plano personalizado Gorra de b\u00e9isbol | China Manufactuer","isPartOf":{"@id":"https:\/\/sumkcaps.com\/#website"},"primaryImageOfPage":{"@id":"https:\/\/sumkcaps.com\/product\/sufox-231004-custom-six-panel-flat-embroidery-baseball-cap\/#primaryimage"},"image":{"@id":"https:\/\/sumkcaps.com\/product\/sufox-231004-custom-six-panel-flat-embroidery-baseball-cap\/#primaryimage"},"thumbnailUrl":"https:\/\/sumkcaps.com\/wp-content\/uploads\/2022\/10\/6_panel_flat_embroidery_baseball_cap-1.jpg","datePublished":"2022-10-19T02:59:04+00:00","dateModified":"2025-12-17T07:02:36+00:00","description":"Alta Calidad Cap Head Wear Con Servicio Profesional De Dise\u00f1o Personalizado Disponible. A\u00f1ada su logotipo o dise\u00f1o personalizado en l\u00ednea. Servicio experto. Descuento por volumen.","breadcrumb":{"@id":"https:\/\/sumkcaps.com\/product\/sufox-231004-custom-six-panel-flat-embroidery-baseball-cap\/#breadcrumb"},"inLanguage":"es","potentialAction":[{"@type":"ReadAction","target":["https:\/\/sumkcaps.com\/product\/sufox-231004-custom-six-panel-flat-embroidery-baseball-cap\/"]}]},{"@type":"ImageObject","inLanguage":"es","@id":"https:\/\/sumkcaps.com\/product\/sufox-231004-custom-six-panel-flat-embroidery-baseball-cap\/#primaryimage","url":"https:\/\/sumkcaps.com\/wp-content\/uploads\/2022\/10\/6_panel_flat_embroidery_baseball_cap-1.jpg","contentUrl":"https:\/\/sumkcaps.com\/wp-content\/uploads\/2022\/10\/6_panel_flat_embroidery_baseball_cap-1.jpg","width":800,"height":800},{"@type":"BreadcrumbList","@id":"https:\/\/sumkcaps.com\/product\/sufox-231004-custom-six-panel-flat-embroidery-baseball-cap\/#breadcrumb","itemListElement":[{"@type":"ListItem","position":1,"name":"Home","item":"https:\/\/sumkcaps.com\/"},{"@type":"ListItem","position":2,"name":"Products","item":"https:\/\/sumkcaps.com\/product\/"},{"@type":"ListItem","position":3,"name":"Sumkcaps 231004 Custom Six Panel Flat Embroidery Baseball Cap"}]},{"@type":"WebSite","@id":"https:\/\/sumkcaps.com\/#website","url":"https:\/\/sumkcaps.com\/","name":"Sumkcaps-China Fabricante y proveedor de gorras originales","description":"Somos gorra de China y el sombrero original de la f\u00e1brica, cuya actividad principal es la costumbre gorra y el sombrero como cliente&#039;s LOGO. Cualquier estilo gorra, cualquier color gorra, cualquier cantidad, cualquier material y cantidad no es problema. En una palabra, cualquier peque\u00f1o detalle puede ser personalizado como su solicitud.","publisher":{"@id":"https:\/\/sumkcaps.com\/#organization"},"potentialAction":[{"@type":"SearchAction","target":{"@type":"EntryPoint","urlTemplate":"https:\/\/sumkcaps.com\/?s={search_term_string}"},"query-input":{"@type":"PropertyValueSpecification","valueRequired":true,"valueName":"search_term_string"}}],"inLanguage":"es"},{"@type":"Organization","@id":"https:\/\/sumkcaps.com\/#organization","name":"Sumkcaps-China Fabricante y proveedor de gorras originales","url":"https:\/\/sumkcaps.com\/","logo":{"@type":"ImageObject","inLanguage":"es","@id":"https:\/\/sumkcaps.com\/#\/schema\/logo\/image\/","url":"https:\/\/sumkcaps.com\/wp-content\/uploads\/2025\/12\/1234.jpg","contentUrl":"https:\/\/sumkcaps.com\/wp-content\/uploads\/2025\/12\/1234.jpg","width":800,"height":800,"caption":"Sumkcaps-China Original Headwear Manufacturer and Suppliers"},"image":{"@id":"https:\/\/sumkcaps.com\/#\/schema\/logo\/image\/"},"sameAs":["https:\/\/www.facebook.com\/sumkcap","https:\/\/www.instagram.com\/sumkcaps7\/","https:\/\/www.pinterest.com\/sumkcapschina\/"]}]}},"taxonomy_info":{"product_cat":[{"value":38,"label":"Baseball Cap"}]},"featured_image_src_large":["https:\/\/sumkcaps.com\/wp-content\/uploads\/2022\/10\/6_panel_flat_embroidery_baseball_cap-1.jpg",800,800,false],"author_info":[],"comment_info":"","_links":{"self":[{"href":"https:\/\/sumkcaps.com\/es\/wp-json\/wp\/v2\/product\/17038","targetHints":{"allow":["GET"]}}],"collection":[{"href":"https:\/\/sumkcaps.com\/es\/wp-json\/wp\/v2\/product"}],"about":[{"href":"https:\/\/sumkcaps.com\/es\/wp-json\/wp\/v2\/types\/product"}],"wp:featuredmedia":[{"embeddable":true,"href":"https:\/\/sumkcaps.com\/es\/wp-json\/wp\/v2\/media\/17039"}],"wp:attachment":[{"href":"https:\/\/sumkcaps.com\/es\/wp-json\/wp\/v2\/media?parent=17038"}],"wp:term":[{"taxonomy":"product_brand","embeddable":true,"href":"https:\/\/sumkcaps.com\/es\/wp-json\/wp\/v2\/product_brand?post=17038"},{"taxonomy":"product_cat","embeddable":true,"href":"https:\/\/sumkcaps.com\/es\/wp-json\/wp\/v2\/product_cat?post=17038"},{"taxonomy":"product_tag","embeddable":true,"href":"https:\/\/sumkcaps.com\/es\/wp-json\/wp\/v2\/product_tag?post=17038"}],"curies":[{"name":"wp","href":"https:\/\/api.w.org\/{rel}","templated":true}]}}