{"id":16973,"date":"2022-10-13T16:11:15","date_gmt":"2022-10-13T08:11:15","guid":{"rendered":"https:\/\/sumkcaps.com\/?post_type=product&#038;p=16973"},"modified":"2025-12-17T16:03:14","modified_gmt":"2025-12-17T08:03:14","slug":"sufox-241091-custom-six-panel-3d-embroidery-snapback-cap","status":"publish","type":"product","link":"https:\/\/sumkcaps.com\/es\/producto\/sufox-241091-custom-six-panel-3d-embroidery-snapback-cap\/","title":{"rendered":"Sumkcaps 241091 Gorra Snapback Bordada 3D de Seis Paneles Personalizada"},"content":{"rendered":"<h3 data-start=\"129\" data-end=\"514\"><strong data-start=\"129\" data-end=\"159\">Decoraci\u00f3n<\/strong><\/h3>\n<p data-start=\"129\" data-end=\"514\">Esta gorra snapback cuenta con un bordado 3D de alta calidad, que aporta a los logotipos, textos o dise\u00f1os un efecto relieve muy llamativo. El bordado es preciso y duradero, y mantiene su forma y color con el paso del tiempo. Ideal para marcas, ropa de equipo o colecciones de moda, el dise\u00f1o 3D a\u00f1ade profundidad y atractivo visual, haciendo que tu marca destaque en entornos minoristas o promocionales.<\/p>\n<h3 data-start=\"516\" data-end=\"890\"><strong data-start=\"516\" data-end=\"543\">Material<\/strong><\/h3>\n<p data-start=\"516\" data-end=\"890\">Fabricada con acr\u00edlico 100% de alta calidad, esta gorra ofrece durabilidad, comodidad ligera y una excelente retenci\u00f3n de la forma. Las fibras acr\u00edlicas proporcionan una textura suave, resisten el encogimiento y mantienen colores vivos tras un uso repetido. Esto la hace perfecta para el uso diario, las actividades al aire libre o la distribuci\u00f3n al por mayor, garantizando una calidad duradera.<\/p>\n<h3 data-start=\"892\" data-end=\"1238\"><strong data-start=\"892\" data-end=\"919\">Color<\/strong><\/h3>\n<p data-start=\"892\" data-end=\"1238\">Disponible en una llamativa base roja o en colores totalmente personalizados para que coincidan con su marca o temas de temporada. Las opciones de personalizaci\u00f3n permiten una combinaci\u00f3n de colores coherente en los pedidos al por mayor, lo que lo hace ideal para colecciones de marcas privadas, l\u00edneas minoristas o mercanc\u00eda promocional, garantizando que cada gorra se ajuste a la identidad de su marca.<\/p>\n<h3 data-start=\"1240\" data-end=\"1598\"><strong data-start=\"1240\" data-end=\"1273\">Ajuste y talla<\/strong><\/h3>\n<p data-start=\"1240\" data-end=\"1598\">Dise\u00f1ada con un ajuste OSFM, esta gorra snapback de seis paneles se adapta c\u00f3modamente a la mayor\u00eda de los tama\u00f1os de cabeza de adultos, desde 7 hasta 7 3\/4. El cierre ajustable snapback proporciona un ajuste seguro y flexible, mientras que los paneles estructurados mantienen una silueta limpia, lo que ofrece comodidad y un aspecto elegante, adecuado para un uso informal o a la \u00faltima moda.<\/p>\n<h3 data-start=\"1600\" data-end=\"1948\"><strong data-start=\"1600\" data-end=\"1621\">Visera<\/strong><\/h3>\n<p data-start=\"1600\" data-end=\"1948\">El dise\u00f1o de visera plana aporta una est\u00e9tica moderna inspirada en la moda urbana, a la vez que proporciona una protecci\u00f3n pr\u00e1ctica contra el sol y la sombra. Su forma plana estructurada mantiene su forma con el paso del tiempo, complementando la construcci\u00f3n de seis paneles de la gorra. Perfecta para un uso informal, deportivo o promocional, la visera plana realza el estilo general y la identidad visual.<\/p>\n<h3 data-start=\"1950\" data-end=\"2286\"><strong data-start=\"1950\" data-end=\"1973\">Servicio<\/strong><\/h3>\n<p data-start=\"1950\" data-end=\"2286\">Ofrecemos servicios completos de OEM y ODM, y admitimos dise\u00f1os personalizados, colocaci\u00f3n de logotipos, etiquetado, embalaje y producci\u00f3n a granel. Desde el concepto hasta la entrega, nuestro equipo garantiza una fabricaci\u00f3n de alta calidad y un cumplimiento puntual, lo que hace que esta gorra sea ideal para marcas privadas, socios mayoristas o campa\u00f1as promocionales.<\/p>","protected":false},"excerpt":{"rendered":"<p>Sumkcaps 241091 Custom Six Panel 3D Bordado Snapback Cap Es Uno De Los Populares Estilo Cap, Peso Ligero Y Transpirable Bien. Nuestros Snapbacks vienen en una variedad de estilos y colores de todas las principales marcas.<\/p>","protected":false},"featured_media":16974,"template":"","meta":{"_acf_changed":false,"_kad_blocks_custom_css":"","_kad_blocks_head_custom_js":"","_kad_blocks_body_custom_js":"","_kad_blocks_footer_custom_js":""},"product_brand":[],"product_cat":[42],"product_tag":[],"class_list":{"0":"post-16973","1":"product","2":"type-product","3":"status-publish","4":"has-post-thumbnail","6":"product_cat-snapback-cap","8":"first","9":"outofstock","10":"shipping-taxable","11":"product-type-simple"},"acf":[],"yoast_head":"<!-- This site is optimized with the Yoast SEO Premium plugin v20.8 (Yoast SEO v25.9) - https:\/\/yoast.com\/wordpress\/plugins\/seo\/ -->\n<title>Custom 3D Embroidery Snapback Cap | China Manufactuer<\/title>\n<meta name=\"description\" content=\"Sumkcaps 241091 3D Embroidery Snapback Cap with 100% acrylic, flat bill, OSFM fit, red\/custom colors, and full OEM &amp; ODM support.\" \/>\n<meta name=\"robots\" content=\"index, follow, max-snippet:-1, max-image-preview:large, max-video-preview:-1\" \/>\n<link rel=\"canonical\" href=\"https:\/\/sumkcaps.com\/es\/producto\/sufox-241091-custom-six-panel-3d-embroidery-snapback-cap\/\" \/>\n<meta property=\"og:locale\" content=\"es_ES\" \/>\n<meta property=\"og:type\" content=\"article\" \/>\n<meta property=\"og:title\" content=\"Sumkcaps 241091 Custom Six Panel 3D Embroidery Snapback Cap - Sumkcaps\" \/>\n<meta property=\"og:description\" content=\"Sumkcaps 241091 3D Embroidery Snapback Cap with 100% acrylic, flat bill, OSFM fit, red\/custom colors, and full OEM &amp; ODM support.\" \/>\n<meta property=\"og:url\" content=\"https:\/\/sumkcaps.com\/es\/producto\/sufox-241091-custom-six-panel-3d-embroidery-snapback-cap\/\" \/>\n<meta property=\"og:site_name\" content=\"Sumkcaps-China Original Headwear Manufacturer and Suppliers\" \/>\n<meta property=\"article:publisher\" content=\"https:\/\/www.facebook.com\/sumkcap\" \/>\n<meta property=\"article:modified_time\" content=\"2025-12-17T08:03:14+00:00\" \/>\n<meta property=\"og:image\" content=\"https:\/\/sumkcaps.com\/wp-content\/uploads\/2022\/10\/custom_6_panel_3d_embroidery_snapback_hat-1-1.jpg\" \/>\n\t<meta property=\"og:image:width\" content=\"800\" \/>\n\t<meta property=\"og:image:height\" content=\"800\" \/>\n\t<meta property=\"og:image:type\" content=\"image\/jpeg\" \/>\n<meta name=\"twitter:card\" content=\"summary_large_image\" \/>\n<meta name=\"twitter:label1\" content=\"Tiempo de lectura\" \/>\n\t<meta name=\"twitter:data1\" content=\"2 minutos\" \/>\n<script type=\"application\/ld+json\" class=\"yoast-schema-graph\">{\"@context\":\"https:\/\/schema.org\",\"@graph\":[{\"@type\":\"WebPage\",\"@id\":\"https:\/\/sumkcaps.com\/product\/sufox-241091-custom-six-panel-3d-embroidery-snapback-cap\/\",\"url\":\"https:\/\/sumkcaps.com\/product\/sufox-241091-custom-six-panel-3d-embroidery-snapback-cap\/\",\"name\":\"Custom 3D Embroidery Snapback Cap | China Manufactuer\",\"isPartOf\":{\"@id\":\"https:\/\/sumkcaps.com\/#website\"},\"primaryImageOfPage\":{\"@id\":\"https:\/\/sumkcaps.com\/product\/sufox-241091-custom-six-panel-3d-embroidery-snapback-cap\/#primaryimage\"},\"image\":{\"@id\":\"https:\/\/sumkcaps.com\/product\/sufox-241091-custom-six-panel-3d-embroidery-snapback-cap\/#primaryimage\"},\"thumbnailUrl\":\"https:\/\/sumkcaps.com\/wp-content\/uploads\/2022\/10\/custom_6_panel_3d_embroidery_snapback_hat-1-1.jpg\",\"datePublished\":\"2022-10-13T08:11:15+00:00\",\"dateModified\":\"2025-12-17T08:03:14+00:00\",\"description\":\"Sumkcaps 241091 3D Embroidery Snapback Cap with 100% acrylic, flat bill, OSFM fit, red\/custom colors, and full OEM & ODM support.\",\"breadcrumb\":{\"@id\":\"https:\/\/sumkcaps.com\/product\/sufox-241091-custom-six-panel-3d-embroidery-snapback-cap\/#breadcrumb\"},\"inLanguage\":\"es\",\"potentialAction\":[{\"@type\":\"ReadAction\",\"target\":[\"https:\/\/sumkcaps.com\/product\/sufox-241091-custom-six-panel-3d-embroidery-snapback-cap\/\"]}]},{\"@type\":\"ImageObject\",\"inLanguage\":\"es\",\"@id\":\"https:\/\/sumkcaps.com\/product\/sufox-241091-custom-six-panel-3d-embroidery-snapback-cap\/#primaryimage\",\"url\":\"https:\/\/sumkcaps.com\/wp-content\/uploads\/2022\/10\/custom_6_panel_3d_embroidery_snapback_hat-1-1.jpg\",\"contentUrl\":\"https:\/\/sumkcaps.com\/wp-content\/uploads\/2022\/10\/custom_6_panel_3d_embroidery_snapback_hat-1-1.jpg\",\"width\":800,\"height\":800},{\"@type\":\"BreadcrumbList\",\"@id\":\"https:\/\/sumkcaps.com\/product\/sufox-241091-custom-six-panel-3d-embroidery-snapback-cap\/#breadcrumb\",\"itemListElement\":[{\"@type\":\"ListItem\",\"position\":1,\"name\":\"Home\",\"item\":\"https:\/\/sumkcaps.com\/\"},{\"@type\":\"ListItem\",\"position\":2,\"name\":\"Products\",\"item\":\"https:\/\/sumkcaps.com\/product\/\"},{\"@type\":\"ListItem\",\"position\":3,\"name\":\"Sumkcaps 241091 Custom Six Panel 3D Embroidery Snapback Cap\"}]},{\"@type\":\"WebSite\",\"@id\":\"https:\/\/sumkcaps.com\/#website\",\"url\":\"https:\/\/sumkcaps.com\/\",\"name\":\"Sumkcaps-China Original Headwear Manufacturer and Suppliers\",\"description\":\"We are China Cap And Hat Original Factory, whose main business is to custom cap and hat as client&#039;s LOGO. Any cap style, any cap color, any qty, any material and qty is no problem. In one words, any small details can be customized as your request.\",\"publisher\":{\"@id\":\"https:\/\/sumkcaps.com\/#organization\"},\"potentialAction\":[{\"@type\":\"SearchAction\",\"target\":{\"@type\":\"EntryPoint\",\"urlTemplate\":\"https:\/\/sumkcaps.com\/?s={search_term_string}\"},\"query-input\":{\"@type\":\"PropertyValueSpecification\",\"valueRequired\":true,\"valueName\":\"search_term_string\"}}],\"inLanguage\":\"es\"},{\"@type\":\"Organization\",\"@id\":\"https:\/\/sumkcaps.com\/#organization\",\"name\":\"Sumkcaps-China Original Headwear Manufacturer and Suppliers\",\"url\":\"https:\/\/sumkcaps.com\/\",\"logo\":{\"@type\":\"ImageObject\",\"inLanguage\":\"es\",\"@id\":\"https:\/\/sumkcaps.com\/#\/schema\/logo\/image\/\",\"url\":\"https:\/\/sumkcaps.com\/wp-content\/uploads\/2025\/12\/1234.jpg\",\"contentUrl\":\"https:\/\/sumkcaps.com\/wp-content\/uploads\/2025\/12\/1234.jpg\",\"width\":800,\"height\":800,\"caption\":\"Sumkcaps-China Original Headwear Manufacturer and Suppliers\"},\"image\":{\"@id\":\"https:\/\/sumkcaps.com\/#\/schema\/logo\/image\/\"},\"sameAs\":[\"https:\/\/www.facebook.com\/sumkcap\",\"https:\/\/www.instagram.com\/sumkcaps7\/\",\"https:\/\/www.pinterest.com\/sumkcapschina\/\"]}]}<\/script>\n<!-- \/ Yoast SEO Premium plugin. -->","yoast_head_json":{"title":"Custom 3D Bordado Snapback Cap | China Manufactuer","description":"Sumkcaps 241091 Gorra Snapback con bordado 3D, visera plana de acr\u00edlico 100%, talla \u00fanica, colores rojo\/personalizados y compatibilidad total con OEM y ODM.","robots":{"index":"index","follow":"follow","max-snippet":"max-snippet:-1","max-image-preview":"max-image-preview:large","max-video-preview":"max-video-preview:-1"},"canonical":"https:\/\/sumkcaps.com\/es\/producto\/sufox-241091-custom-six-panel-3d-embroidery-snapback-cap\/","og_locale":"es_ES","og_type":"article","og_title":"Sumkcaps 241091 Custom Six Panel 3D Embroidery Snapback Cap - Sumkcaps","og_description":"Sumkcaps 241091 3D Embroidery Snapback Cap with 100% acrylic, flat bill, OSFM fit, red\/custom colors, and full OEM & ODM support.","og_url":"https:\/\/sumkcaps.com\/es\/producto\/sufox-241091-custom-six-panel-3d-embroidery-snapback-cap\/","og_site_name":"Sumkcaps-China Original Headwear Manufacturer and Suppliers","article_publisher":"https:\/\/www.facebook.com\/sumkcap","article_modified_time":"2025-12-17T08:03:14+00:00","og_image":[{"width":800,"height":800,"url":"https:\/\/sumkcaps.com\/wp-content\/uploads\/2022\/10\/custom_6_panel_3d_embroidery_snapback_hat-1-1.jpg","type":"image\/jpeg"}],"twitter_card":"summary_large_image","twitter_misc":{"Tiempo de lectura":"2 minutos"},"schema":{"@context":"https:\/\/schema.org","@graph":[{"@type":"WebPage","@id":"https:\/\/sumkcaps.com\/product\/sufox-241091-custom-six-panel-3d-embroidery-snapback-cap\/","url":"https:\/\/sumkcaps.com\/product\/sufox-241091-custom-six-panel-3d-embroidery-snapback-cap\/","name":"Custom 3D Bordado Snapback Cap | China Manufactuer","isPartOf":{"@id":"https:\/\/sumkcaps.com\/#website"},"primaryImageOfPage":{"@id":"https:\/\/sumkcaps.com\/product\/sufox-241091-custom-six-panel-3d-embroidery-snapback-cap\/#primaryimage"},"image":{"@id":"https:\/\/sumkcaps.com\/product\/sufox-241091-custom-six-panel-3d-embroidery-snapback-cap\/#primaryimage"},"thumbnailUrl":"https:\/\/sumkcaps.com\/wp-content\/uploads\/2022\/10\/custom_6_panel_3d_embroidery_snapback_hat-1-1.jpg","datePublished":"2022-10-13T08:11:15+00:00","dateModified":"2025-12-17T08:03:14+00:00","description":"Sumkcaps 241091 Gorra Snapback con bordado 3D, visera plana de acr\u00edlico 100%, talla \u00fanica, colores rojo\/personalizados y compatibilidad total con OEM y ODM.","breadcrumb":{"@id":"https:\/\/sumkcaps.com\/product\/sufox-241091-custom-six-panel-3d-embroidery-snapback-cap\/#breadcrumb"},"inLanguage":"es","potentialAction":[{"@type":"ReadAction","target":["https:\/\/sumkcaps.com\/product\/sufox-241091-custom-six-panel-3d-embroidery-snapback-cap\/"]}]},{"@type":"ImageObject","inLanguage":"es","@id":"https:\/\/sumkcaps.com\/product\/sufox-241091-custom-six-panel-3d-embroidery-snapback-cap\/#primaryimage","url":"https:\/\/sumkcaps.com\/wp-content\/uploads\/2022\/10\/custom_6_panel_3d_embroidery_snapback_hat-1-1.jpg","contentUrl":"https:\/\/sumkcaps.com\/wp-content\/uploads\/2022\/10\/custom_6_panel_3d_embroidery_snapback_hat-1-1.jpg","width":800,"height":800},{"@type":"BreadcrumbList","@id":"https:\/\/sumkcaps.com\/product\/sufox-241091-custom-six-panel-3d-embroidery-snapback-cap\/#breadcrumb","itemListElement":[{"@type":"ListItem","position":1,"name":"Home","item":"https:\/\/sumkcaps.com\/"},{"@type":"ListItem","position":2,"name":"Products","item":"https:\/\/sumkcaps.com\/product\/"},{"@type":"ListItem","position":3,"name":"Sumkcaps 241091 Custom Six Panel 3D Embroidery Snapback Cap"}]},{"@type":"WebSite","@id":"https:\/\/sumkcaps.com\/#website","url":"https:\/\/sumkcaps.com\/","name":"Sumkcaps-China Fabricante y proveedor de gorras originales","description":"Somos gorra de China y el sombrero original de la f\u00e1brica, cuya actividad principal es la costumbre gorra y el sombrero como cliente&#039;s LOGO. Cualquier estilo gorra, cualquier color gorra, cualquier cantidad, cualquier material y cantidad no es problema. En una palabra, cualquier peque\u00f1o detalle puede ser personalizado como su solicitud.","publisher":{"@id":"https:\/\/sumkcaps.com\/#organization"},"potentialAction":[{"@type":"SearchAction","target":{"@type":"EntryPoint","urlTemplate":"https:\/\/sumkcaps.com\/?s={search_term_string}"},"query-input":{"@type":"PropertyValueSpecification","valueRequired":true,"valueName":"search_term_string"}}],"inLanguage":"es"},{"@type":"Organization","@id":"https:\/\/sumkcaps.com\/#organization","name":"Sumkcaps-China Fabricante y proveedor de gorras originales","url":"https:\/\/sumkcaps.com\/","logo":{"@type":"ImageObject","inLanguage":"es","@id":"https:\/\/sumkcaps.com\/#\/schema\/logo\/image\/","url":"https:\/\/sumkcaps.com\/wp-content\/uploads\/2025\/12\/1234.jpg","contentUrl":"https:\/\/sumkcaps.com\/wp-content\/uploads\/2025\/12\/1234.jpg","width":800,"height":800,"caption":"Sumkcaps-China Original Headwear Manufacturer and Suppliers"},"image":{"@id":"https:\/\/sumkcaps.com\/#\/schema\/logo\/image\/"},"sameAs":["https:\/\/www.facebook.com\/sumkcap","https:\/\/www.instagram.com\/sumkcaps7\/","https:\/\/www.pinterest.com\/sumkcapschina\/"]}]}},"taxonomy_info":{"product_cat":[{"value":42,"label":"Snapback Hats Wholesale"}]},"featured_image_src_large":["https:\/\/sumkcaps.com\/wp-content\/uploads\/2022\/10\/custom_6_panel_3d_embroidery_snapback_hat-1-1.jpg",800,800,false],"author_info":[],"comment_info":"","_links":{"self":[{"href":"https:\/\/sumkcaps.com\/es\/wp-json\/wp\/v2\/product\/16973","targetHints":{"allow":["GET"]}}],"collection":[{"href":"https:\/\/sumkcaps.com\/es\/wp-json\/wp\/v2\/product"}],"about":[{"href":"https:\/\/sumkcaps.com\/es\/wp-json\/wp\/v2\/types\/product"}],"wp:featuredmedia":[{"embeddable":true,"href":"https:\/\/sumkcaps.com\/es\/wp-json\/wp\/v2\/media\/16974"}],"wp:attachment":[{"href":"https:\/\/sumkcaps.com\/es\/wp-json\/wp\/v2\/media?parent=16973"}],"wp:term":[{"taxonomy":"product_brand","embeddable":true,"href":"https:\/\/sumkcaps.com\/es\/wp-json\/wp\/v2\/product_brand?post=16973"},{"taxonomy":"product_cat","embeddable":true,"href":"https:\/\/sumkcaps.com\/es\/wp-json\/wp\/v2\/product_cat?post=16973"},{"taxonomy":"product_tag","embeddable":true,"href":"https:\/\/sumkcaps.com\/es\/wp-json\/wp\/v2\/product_tag?post=16973"}],"curies":[{"name":"wp","href":"https:\/\/api.w.org\/{rel}","templated":true}]}}