{"id":16942,"date":"2022-10-13T15:45:33","date_gmt":"2022-10-13T07:45:33","guid":{"rendered":"https:\/\/sumkcaps.com\/?post_type=product&#038;p=16942"},"modified":"2026-03-10T16:04:56","modified_gmt":"2026-03-10T08:04:56","slug":"sufox-241099-custom-six-panel-embroidery-patch-snapback-cap","status":"publish","type":"product","link":"https:\/\/sumkcaps.com\/es\/producto\/sufox-241099-custom-seis-paneles-bordado-parche-snapback-gorra\/","title":{"rendered":"Sumkcaps 241099 Gorra personalizada de seis paneles con bordado y parche Snapback"},"content":{"rendered":"<h3 data-start=\"0\" data-end=\"327\"><strong data-start=\"0\" data-end=\"33\">Decoraci\u00f3n<\/strong><\/h3>\n<p data-start=\"0\" data-end=\"327\">Esta gorra snapback incorpora un parche bordado cosido que a\u00f1ade textura y un aspecto de primera calidad. El parche crea un dise\u00f1o en relieve y duradero que resalta logotipos o gr\u00e1ficos con un acabado refinado. Es ideal para las marcas que buscan una declaraci\u00f3n visual elegante y duradera en sus gorras personalizadas.<\/p>\n<h3 data-start=\"329\" data-end=\"653\"><strong data-start=\"329\" data-end=\"356\">Material<\/strong><\/h3>\n<p data-start=\"329\" data-end=\"653\">Fabricada con acr\u00edlico 100%, esta gorra ofrece una comodidad ligera, una excelente durabilidad y una gran retenci\u00f3n de la forma. El tejido resiste el encogimiento y las arrugas, lo que garantiza que la gorra mantenga su forma estructurada con el paso del tiempo. El acr\u00edlico es f\u00e1cil de cuidar, por lo que es adecuado para el uso diario y a largo plazo.<\/p>\n<h3 data-start=\"655\" data-end=\"969\"><strong data-start=\"655\" data-end=\"677\">Color<\/strong><\/h3>\n<p data-start=\"655\" data-end=\"969\">La gorra se puede personalizar a todo color, lo que permite a los clientes elegir el tejido y los colores de los parches que mejor se adapten a la identidad de su marca o a su concepto de dise\u00f1o. Esta flexibilidad la hace ideal para marcas de moda, eventos promocionales y art\u00edculos de venta al por menor, proporcionando un aspecto \u00fanico a cada pedido personalizado.<\/p>\n<h3 data-start=\"971\" data-end=\"1271\"><strong data-start=\"971\" data-end=\"1004\">Ajuste y talla<\/strong><\/h3>\n<p data-start=\"971\" data-end=\"1271\">Con un cierre a presi\u00f3n ajustable, esta gorra ofrece el tama\u00f1o OSFM (One Size Fits Most), ajust\u00e1ndose a circunferencias de cabeza de 7 a 7 3\/4. El dise\u00f1o ajustable garantiza un ajuste seguro y c\u00f3modo para la mayor\u00eda de los adultos, adecuado para ropa informal, deportes y uso promocional.<\/p>\n<h3 data-start=\"1273\" data-end=\"1577\"><strong data-start=\"1273\" data-end=\"1294\">Visera<\/strong><\/h3>\n<p data-start=\"1273\" data-end=\"1577\">La visera de visera plana ofrece un moderno estilo urbano a la vez que una protecci\u00f3n solar fiable. Su dise\u00f1o estructurado mantiene un aspecto n\u00edtido y elegante, complementando atuendos urbanos, informales y deportivos. La visera tambi\u00e9n se puede personalizar en color o material para un mayor impacto de dise\u00f1o.<\/p>\n<h3 data-start=\"1579\" data-end=\"1874\"><strong data-start=\"1579\" data-end=\"1602\">Servicio<\/strong><\/h3>\n<p data-start=\"1579\" data-end=\"1874\">Sumkcaps ofrece servicios completos de OEM y ODM, apoyando a marcas y distribuidores con soluciones de dise\u00f1o personalizadas. Desde la selecci\u00f3n de materiales y el dise\u00f1o de parches hasta la colocaci\u00f3n del logotipo y el embalaje, nuestro equipo garantiza gorras de alta calidad totalmente personalizadas que cumplen las expectativas del cliente.<\/p>\n<h3 data-start=\"1876\" data-end=\"2154\"><strong data-start=\"1876\" data-end=\"1918\">Plazo de entrega<\/strong><\/h3>\n<p data-start=\"1876\" data-end=\"2154\" data-is-last-node=\"\" data-is-only-node=\"\">La producci\u00f3n de muestras suele tardar entre 7 y 9 d\u00edas laborables, lo que permite a los clientes revisar y confirmar r\u00e1pidamente los dise\u00f1os. La producci\u00f3n a gran escala suele requerir entre 18 y 22 d\u00edas laborables, lo que garantiza una calidad uniforme y una entrega puntual para pedidos de gran volumen.<\/p>","protected":false},"excerpt":{"rendered":"<p>Sumkcaps 241099 Custom Six Panel Embroidery Patch Snapback Cap Es Una De Las Gorras De Estilo Popular, Ligera Y Transpirable. Nuestros Snapbacks vienen en una variedad de estilos y colores de todas las marcas superiores.<\/p>","protected":false},"featured_media":16943,"template":"","meta":{"_acf_changed":false,"_kad_blocks_custom_css":"","_kad_blocks_head_custom_js":"","_kad_blocks_body_custom_js":"","_kad_blocks_footer_custom_js":""},"product_brand":[],"product_cat":[42],"product_tag":[],"class_list":{"0":"post-16942","1":"product","2":"type-product","3":"status-publish","4":"has-post-thumbnail","6":"product_cat-snapback-cap","8":"first","9":"outofstock","10":"shipping-taxable","11":"product-type-simple"},"acf":[],"yoast_head":"<!-- This site is optimized with the Yoast SEO Premium plugin v20.8 (Yoast SEO v25.9) - https:\/\/yoast.com\/wordpress\/plugins\/seo\/ -->\n<title>Custom Embroidery Patch Snapback Cap | China Manufactuer<\/title>\n<meta name=\"description\" content=\"Custom Cap, Logo Cap, Brand Caps, Custom Made Snapback Caps, Custom Snapback Baseball Hats. Premium Cap Manufacturer since 2006. Order Today!\" \/>\n<meta name=\"robots\" content=\"index, follow, max-snippet:-1, max-image-preview:large, max-video-preview:-1\" \/>\n<link rel=\"canonical\" href=\"https:\/\/sumkcaps.com\/es\/producto\/sufox-241099-custom-seis-paneles-bordado-parche-snapback-gorra\/\" \/>\n<meta property=\"og:locale\" content=\"es_ES\" \/>\n<meta property=\"og:type\" content=\"article\" \/>\n<meta property=\"og:title\" content=\"Sumkcaps 241099 Custom Six Panel Embroidery Patch Snapback Cap - Sumkcaps\" \/>\n<meta property=\"og:description\" content=\"Custom Cap, Logo Cap, Brand Caps, Custom Made Snapback Caps, Custom Snapback Baseball Hats. Premium Cap Manufacturer since 2006. Order Today!\" \/>\n<meta property=\"og:url\" content=\"https:\/\/sumkcaps.com\/es\/producto\/sufox-241099-custom-seis-paneles-bordado-parche-snapback-gorra\/\" \/>\n<meta property=\"og:site_name\" content=\"Sumkcaps-China Original Headwear Manufacturer and Suppliers\" \/>\n<meta property=\"article:publisher\" content=\"https:\/\/www.facebook.com\/sumkcap\" \/>\n<meta property=\"article:modified_time\" content=\"2026-03-10T08:04:56+00:00\" \/>\n<meta property=\"og:image\" content=\"https:\/\/sumkcaps.com\/wp-content\/uploads\/2022\/10\/flat_brim_3d_acrylic_letters_bolted_snapback_hat-1.jpg\" \/>\n\t<meta property=\"og:image:width\" content=\"600\" \/>\n\t<meta property=\"og:image:height\" content=\"600\" \/>\n\t<meta property=\"og:image:type\" content=\"image\/jpeg\" \/>\n<meta name=\"twitter:card\" content=\"summary_large_image\" \/>\n<meta name=\"twitter:label1\" content=\"Tiempo de lectura\" \/>\n\t<meta name=\"twitter:data1\" content=\"2 minutos\" \/>\n<script type=\"application\/ld+json\" class=\"yoast-schema-graph\">{\"@context\":\"https:\/\/schema.org\",\"@graph\":[{\"@type\":\"WebPage\",\"@id\":\"https:\/\/sumkcaps.com\/product\/sufox-241099-custom-six-panel-embroidery-patch-snapback-cap\/\",\"url\":\"https:\/\/sumkcaps.com\/product\/sufox-241099-custom-six-panel-embroidery-patch-snapback-cap\/\",\"name\":\"Custom Embroidery Patch Snapback Cap | China Manufactuer\",\"isPartOf\":{\"@id\":\"https:\/\/sumkcaps.com\/#website\"},\"primaryImageOfPage\":{\"@id\":\"https:\/\/sumkcaps.com\/product\/sufox-241099-custom-six-panel-embroidery-patch-snapback-cap\/#primaryimage\"},\"image\":{\"@id\":\"https:\/\/sumkcaps.com\/product\/sufox-241099-custom-six-panel-embroidery-patch-snapback-cap\/#primaryimage\"},\"thumbnailUrl\":\"https:\/\/sumkcaps.com\/wp-content\/uploads\/2022\/10\/flat_brim_3d_acrylic_letters_bolted_snapback_hat-1.jpg\",\"datePublished\":\"2022-10-13T07:45:33+00:00\",\"dateModified\":\"2026-03-10T08:04:56+00:00\",\"description\":\"Custom Cap, Logo Cap, Brand Caps, Custom Made Snapback Caps, Custom Snapback Baseball Hats. Premium Cap Manufacturer since 2006. Order Today!\",\"breadcrumb\":{\"@id\":\"https:\/\/sumkcaps.com\/product\/sufox-241099-custom-six-panel-embroidery-patch-snapback-cap\/#breadcrumb\"},\"inLanguage\":\"es\",\"potentialAction\":[{\"@type\":\"ReadAction\",\"target\":[\"https:\/\/sumkcaps.com\/product\/sufox-241099-custom-six-panel-embroidery-patch-snapback-cap\/\"]}]},{\"@type\":\"ImageObject\",\"inLanguage\":\"es\",\"@id\":\"https:\/\/sumkcaps.com\/product\/sufox-241099-custom-six-panel-embroidery-patch-snapback-cap\/#primaryimage\",\"url\":\"https:\/\/sumkcaps.com\/wp-content\/uploads\/2022\/10\/flat_brim_3d_acrylic_letters_bolted_snapback_hat-1.jpg\",\"contentUrl\":\"https:\/\/sumkcaps.com\/wp-content\/uploads\/2022\/10\/flat_brim_3d_acrylic_letters_bolted_snapback_hat-1.jpg\",\"width\":600,\"height\":600},{\"@type\":\"BreadcrumbList\",\"@id\":\"https:\/\/sumkcaps.com\/product\/sufox-241099-custom-six-panel-embroidery-patch-snapback-cap\/#breadcrumb\",\"itemListElement\":[{\"@type\":\"ListItem\",\"position\":1,\"name\":\"Home\",\"item\":\"https:\/\/sumkcaps.com\/\"},{\"@type\":\"ListItem\",\"position\":2,\"name\":\"Products\",\"item\":\"https:\/\/sumkcaps.com\/product\/\"},{\"@type\":\"ListItem\",\"position\":3,\"name\":\"Sumkcaps 241099 Custom Six Panel Embroidery Patch Snapback Cap\"}]},{\"@type\":\"WebSite\",\"@id\":\"https:\/\/sumkcaps.com\/#website\",\"url\":\"https:\/\/sumkcaps.com\/\",\"name\":\"Sumkcaps-China Original Headwear Manufacturer and Suppliers\",\"description\":\"We are China Cap And Hat Original Factory, whose main business is to custom cap and hat as client&#039;s LOGO. Any cap style, any cap color, any qty, any material and qty is no problem. In one words, any small details can be customized as your request.\",\"publisher\":{\"@id\":\"https:\/\/sumkcaps.com\/#organization\"},\"potentialAction\":[{\"@type\":\"SearchAction\",\"target\":{\"@type\":\"EntryPoint\",\"urlTemplate\":\"https:\/\/sumkcaps.com\/?s={search_term_string}\"},\"query-input\":{\"@type\":\"PropertyValueSpecification\",\"valueRequired\":true,\"valueName\":\"search_term_string\"}}],\"inLanguage\":\"es\"},{\"@type\":\"Organization\",\"@id\":\"https:\/\/sumkcaps.com\/#organization\",\"name\":\"Sumkcaps-China Original Headwear Manufacturer and Suppliers\",\"url\":\"https:\/\/sumkcaps.com\/\",\"logo\":{\"@type\":\"ImageObject\",\"inLanguage\":\"es\",\"@id\":\"https:\/\/sumkcaps.com\/#\/schema\/logo\/image\/\",\"url\":\"https:\/\/sumkcaps.com\/wp-content\/uploads\/2025\/12\/1234.jpg\",\"contentUrl\":\"https:\/\/sumkcaps.com\/wp-content\/uploads\/2025\/12\/1234.jpg\",\"width\":800,\"height\":800,\"caption\":\"Sumkcaps-China Original Headwear Manufacturer and Suppliers\"},\"image\":{\"@id\":\"https:\/\/sumkcaps.com\/#\/schema\/logo\/image\/\"},\"sameAs\":[\"https:\/\/www.facebook.com\/sumkcap\",\"https:\/\/www.instagram.com\/sumkcaps7\/\",\"https:\/\/www.pinterest.com\/sumkcapschina\/\"]}]}<\/script>\n<!-- \/ Yoast SEO Premium plugin. -->","yoast_head_json":{"title":"Bordado personalizado parche Snapback Cap | China Manufactuer","description":"Custom Cap, Logo Cap, Brand Caps, Custom Made Snapback Caps, Custom Snapback Baseball Hats. Fabricante de Gorras Premium desde 2006. \u00a1Ordene Hoy!","robots":{"index":"index","follow":"follow","max-snippet":"max-snippet:-1","max-image-preview":"max-image-preview:large","max-video-preview":"max-video-preview:-1"},"canonical":"https:\/\/sumkcaps.com\/es\/producto\/sufox-241099-custom-seis-paneles-bordado-parche-snapback-gorra\/","og_locale":"es_ES","og_type":"article","og_title":"Sumkcaps 241099 Custom Six Panel Embroidery Patch Snapback Cap - Sumkcaps","og_description":"Custom Cap, Logo Cap, Brand Caps, Custom Made Snapback Caps, Custom Snapback Baseball Hats. Premium Cap Manufacturer since 2006. Order Today!","og_url":"https:\/\/sumkcaps.com\/es\/producto\/sufox-241099-custom-seis-paneles-bordado-parche-snapback-gorra\/","og_site_name":"Sumkcaps-China Original Headwear Manufacturer and Suppliers","article_publisher":"https:\/\/www.facebook.com\/sumkcap","article_modified_time":"2026-03-10T08:04:56+00:00","og_image":[{"width":600,"height":600,"url":"https:\/\/sumkcaps.com\/wp-content\/uploads\/2022\/10\/flat_brim_3d_acrylic_letters_bolted_snapback_hat-1.jpg","type":"image\/jpeg"}],"twitter_card":"summary_large_image","twitter_misc":{"Tiempo de lectura":"2 minutos"},"schema":{"@context":"https:\/\/schema.org","@graph":[{"@type":"WebPage","@id":"https:\/\/sumkcaps.com\/product\/sufox-241099-custom-six-panel-embroidery-patch-snapback-cap\/","url":"https:\/\/sumkcaps.com\/product\/sufox-241099-custom-six-panel-embroidery-patch-snapback-cap\/","name":"Bordado personalizado parche Snapback Cap | China Manufactuer","isPartOf":{"@id":"https:\/\/sumkcaps.com\/#website"},"primaryImageOfPage":{"@id":"https:\/\/sumkcaps.com\/product\/sufox-241099-custom-six-panel-embroidery-patch-snapback-cap\/#primaryimage"},"image":{"@id":"https:\/\/sumkcaps.com\/product\/sufox-241099-custom-six-panel-embroidery-patch-snapback-cap\/#primaryimage"},"thumbnailUrl":"https:\/\/sumkcaps.com\/wp-content\/uploads\/2022\/10\/flat_brim_3d_acrylic_letters_bolted_snapback_hat-1.jpg","datePublished":"2022-10-13T07:45:33+00:00","dateModified":"2026-03-10T08:04:56+00:00","description":"Custom Cap, Logo Cap, Brand Caps, Custom Made Snapback Caps, Custom Snapback Baseball Hats. Fabricante de Gorras Premium desde 2006. \u00a1Ordene Hoy!","breadcrumb":{"@id":"https:\/\/sumkcaps.com\/product\/sufox-241099-custom-six-panel-embroidery-patch-snapback-cap\/#breadcrumb"},"inLanguage":"es","potentialAction":[{"@type":"ReadAction","target":["https:\/\/sumkcaps.com\/product\/sufox-241099-custom-six-panel-embroidery-patch-snapback-cap\/"]}]},{"@type":"ImageObject","inLanguage":"es","@id":"https:\/\/sumkcaps.com\/product\/sufox-241099-custom-six-panel-embroidery-patch-snapback-cap\/#primaryimage","url":"https:\/\/sumkcaps.com\/wp-content\/uploads\/2022\/10\/flat_brim_3d_acrylic_letters_bolted_snapback_hat-1.jpg","contentUrl":"https:\/\/sumkcaps.com\/wp-content\/uploads\/2022\/10\/flat_brim_3d_acrylic_letters_bolted_snapback_hat-1.jpg","width":600,"height":600},{"@type":"BreadcrumbList","@id":"https:\/\/sumkcaps.com\/product\/sufox-241099-custom-six-panel-embroidery-patch-snapback-cap\/#breadcrumb","itemListElement":[{"@type":"ListItem","position":1,"name":"Home","item":"https:\/\/sumkcaps.com\/"},{"@type":"ListItem","position":2,"name":"Products","item":"https:\/\/sumkcaps.com\/product\/"},{"@type":"ListItem","position":3,"name":"Sumkcaps 241099 Custom Six Panel Embroidery Patch Snapback Cap"}]},{"@type":"WebSite","@id":"https:\/\/sumkcaps.com\/#website","url":"https:\/\/sumkcaps.com\/","name":"Sumkcaps-China Fabricante y proveedor de gorras originales","description":"Somos gorra de China y el sombrero original de la f\u00e1brica, cuya actividad principal es la costumbre gorra y el sombrero como cliente&#039;s LOGO. Cualquier estilo gorra, cualquier color gorra, cualquier cantidad, cualquier material y cantidad no es problema. En una palabra, cualquier peque\u00f1o detalle puede ser personalizado como su solicitud.","publisher":{"@id":"https:\/\/sumkcaps.com\/#organization"},"potentialAction":[{"@type":"SearchAction","target":{"@type":"EntryPoint","urlTemplate":"https:\/\/sumkcaps.com\/?s={search_term_string}"},"query-input":{"@type":"PropertyValueSpecification","valueRequired":true,"valueName":"search_term_string"}}],"inLanguage":"es"},{"@type":"Organization","@id":"https:\/\/sumkcaps.com\/#organization","name":"Sumkcaps-China Fabricante y proveedor de gorras originales","url":"https:\/\/sumkcaps.com\/","logo":{"@type":"ImageObject","inLanguage":"es","@id":"https:\/\/sumkcaps.com\/#\/schema\/logo\/image\/","url":"https:\/\/sumkcaps.com\/wp-content\/uploads\/2025\/12\/1234.jpg","contentUrl":"https:\/\/sumkcaps.com\/wp-content\/uploads\/2025\/12\/1234.jpg","width":800,"height":800,"caption":"Sumkcaps-China Original Headwear Manufacturer and Suppliers"},"image":{"@id":"https:\/\/sumkcaps.com\/#\/schema\/logo\/image\/"},"sameAs":["https:\/\/www.facebook.com\/sumkcap","https:\/\/www.instagram.com\/sumkcaps7\/","https:\/\/www.pinterest.com\/sumkcapschina\/"]}]}},"taxonomy_info":{"product_cat":[{"value":42,"label":"Snapback Hats Wholesale"}]},"featured_image_src_large":["https:\/\/sumkcaps.com\/wp-content\/uploads\/2022\/10\/flat_brim_3d_acrylic_letters_bolted_snapback_hat-1.jpg",600,600,false],"author_info":[],"comment_info":"","_links":{"self":[{"href":"https:\/\/sumkcaps.com\/es\/wp-json\/wp\/v2\/product\/16942","targetHints":{"allow":["GET"]}}],"collection":[{"href":"https:\/\/sumkcaps.com\/es\/wp-json\/wp\/v2\/product"}],"about":[{"href":"https:\/\/sumkcaps.com\/es\/wp-json\/wp\/v2\/types\/product"}],"wp:featuredmedia":[{"embeddable":true,"href":"https:\/\/sumkcaps.com\/es\/wp-json\/wp\/v2\/media\/16943"}],"wp:attachment":[{"href":"https:\/\/sumkcaps.com\/es\/wp-json\/wp\/v2\/media?parent=16942"}],"wp:term":[{"taxonomy":"product_brand","embeddable":true,"href":"https:\/\/sumkcaps.com\/es\/wp-json\/wp\/v2\/product_brand?post=16942"},{"taxonomy":"product_cat","embeddable":true,"href":"https:\/\/sumkcaps.com\/es\/wp-json\/wp\/v2\/product_cat?post=16942"},{"taxonomy":"product_tag","embeddable":true,"href":"https:\/\/sumkcaps.com\/es\/wp-json\/wp\/v2\/product_tag?post=16942"}],"curies":[{"name":"wp","href":"https:\/\/api.w.org\/{rel}","templated":true}]}}