{"id":16668,"date":"2022-10-13T10:20:53","date_gmt":"2022-10-13T02:20:53","guid":{"rendered":"https:\/\/sumkcaps.com\/?post_type=product&#038;p=16668"},"modified":"2026-03-17T11:06:12","modified_gmt":"2026-03-17T03:06:12","slug":"sufox-241068-custom-six-panel-embroidered-gray-snapback-cap","status":"publish","type":"product","link":"https:\/\/sumkcaps.com\/es\/producto\/sufox-241068-custom-six-panel-embroidered-gray-snapback-cap\/","title":{"rendered":"Sumkcaps 241068 Gorra Snapback Gris Bordada de Seis Paneles Personalizada"},"content":{"rendered":"<div class=\"flex max-w-full flex-col gap-4 grow\">\n<div class=\"min-h-8 text-message relative flex w-full flex-col items-end gap-2 text-start break-words whitespace-normal [.text-message+&amp;]:mt-1\" dir=\"auto\" data-message-author-role=\"assistant\" data-message-id=\"b44cec7d-019b-462e-8e92-9ae230291269\" data-message-model-slug=\"gpt-5-3\">\n<div class=\"flex w-full flex-col gap-1 empty:hidden\">\n<div class=\"markdown prose dark:prose-invert w-full wrap-break-word light markdown-new-styling\">\n<h3 data-start=\"0\" data-end=\"381\"><strong data-start=\"0\" data-end=\"35\">Decoraci\u00f3n<\/strong><\/h3>\n<p data-start=\"0\" data-end=\"381\">This snapback cap features high-quality flat embroidery that delivers a clean, precise, and durable design. Flat embroidery is ideal for logos, text, or custom artwork, ensuring a professional and long-lasting appearance. The stitching maintains clarity even after long-term wear, making it perfect for brands, teams, and promotional headwear.<\/p>\n<h3 data-start=\"0\" data-end=\"381\"><strong data-start=\"383\" data-end=\"413\">Material<\/strong><\/h3>\n<p data-start=\"0\" data-end=\"381\">Made from premium 100% acrylic fabric, this cap offers excellent durability, shape retention, and lightweight comfort. Acrylic material is resistant to wrinkles and fading, making it suitable for daily wear and long-term use. The fabric also provides a smooth surface that works perfectly for embroidery customization.<\/p>\n<h3 data-start=\"736\" data-end=\"1074\"><strong data-start=\"736\" data-end=\"768\">Color<\/strong><\/h3>\n<p data-start=\"736\" data-end=\"1074\">The cap is available in classic gray as well as fully customized colors to match your brand identity or design needs. Whether you want neutral tones, bold colors, or Pantone-matched shades, we can produce the cap according to your requirements, ensuring a consistent and professional brand presentation.<\/p>\n<h3 data-start=\"1076\" data-end=\"1410\"><strong data-start=\"1076\" data-end=\"1112\">Ajuste y talla<\/strong><\/h3>\n<p data-start=\"1076\" data-end=\"1410\">Designed with an adjustable snapback closure, this cap offers OSFM (One Size Fits Most) sizing, comfortably fitting head sizes from 7 to 7 3\/4. The adjustable structure allows users to easily customize the fit, providing both comfort and practicality for different head shapes and everyday wear.<\/p>\n<h3 data-start=\"1412\" data-end=\"1703\"><strong data-start=\"1412\" data-end=\"1436\">Visera<\/strong><\/h3>\n<p data-start=\"1412\" data-end=\"1703\">The flat bill visor gives the cap a modern streetwear look while offering effective sun protection. Its structured design helps the cap maintain its shape and provides a bold, fashionable appearance that is popular in casual wear, sports, and urban fashion styles.<\/p>\n<h3 data-start=\"1705\" data-end=\"2017\"><strong data-start=\"1705\" data-end=\"1731\">Servicio<\/strong><\/h3>\n<p data-start=\"1705\" data-end=\"2017\">We provide both OEM and ODM services to meet different customization needs. From logo design and fabric selection to color matching and packaging options, our professional team works closely with clients to create unique custom caps that align with brand identity and market demands.<\/p>\n<h3 data-start=\"2019\" data-end=\"2319\"><strong data-start=\"2019\" data-end=\"2041\">Plazo de entrega<\/strong><\/h3>\n<p data-start=\"2019\" data-end=\"2319\" data-is-last-node=\"\" data-is-only-node=\"\">Our production process is efficient and reliable. Sample production typically takes <strong data-start=\"2128\" data-end=\"2148\">7-9 d\u00edas laborables<\/strong>, allowing you to review the design before bulk production. Mass production usually requires <strong data-start=\"2241\" data-end=\"2263\">18-22 d\u00edas laborables<\/strong>, depending on order quantity and customization details.<\/p>\n<\/div>\n<\/div>\n<\/div>\n<\/div>\n<div class=\"z-0 flex min-h-[46px] justify-start\"><\/div>\n<div class=\"mt-3 w-full empty:hidden\">\n<div class=\"text-center\">\n<div>\n<div class=\"inline-flex border border-gray-100 dark:border-gray-700 rounded-xl\">\n<div class=\"bg-token-main-surface-tertiary w-px flex-1 self-stretch\"><\/div>\n<\/div>\n<\/div>\n<\/div>\n<\/div>","protected":false},"excerpt":{"rendered":"<p>Sumkcaps 241068 Custom Seis Panel Bordado Gris Snapback Cap Es Uno De Los Populares Estilo Cap, Peso Ligero Y Transpirable Bien. Nuestros Snapbacks vienen en una variedad de estilos y colores de todas las marcas superiores.<\/p>","protected":false},"featured_media":16669,"template":"","meta":{"_acf_changed":false,"_kad_blocks_custom_css":"","_kad_blocks_head_custom_js":"","_kad_blocks_body_custom_js":"","_kad_blocks_footer_custom_js":""},"product_brand":[],"product_cat":[42],"product_tag":[],"class_list":{"0":"post-16668","1":"product","2":"type-product","3":"status-publish","4":"has-post-thumbnail","6":"product_cat-snapback-cap","8":"first","9":"outofstock","10":"shipping-taxable","11":"product-type-simple"},"acf":[],"yoast_head":"<!-- This site is optimized with the Yoast SEO Premium plugin v20.8 (Yoast SEO v25.9) - https:\/\/yoast.com\/wordpress\/plugins\/seo\/ -->\n<title>Custom Embroidered Gray Snapback Cap | China Manufactuer<\/title>\n<meta name=\"description\" content=\"High Quality Cap Head Wear With Professional Custom Design Service Available. Add Your Logo or Custom Design Online. Expert Service. Bulk Discount.\" \/>\n<meta name=\"robots\" content=\"index, follow, max-snippet:-1, max-image-preview:large, max-video-preview:-1\" \/>\n<link rel=\"canonical\" href=\"https:\/\/sumkcaps.com\/es\/producto\/sufox-241068-custom-six-panel-embroidered-gray-snapback-cap\/\" \/>\n<meta property=\"og:locale\" content=\"es_ES\" \/>\n<meta property=\"og:type\" content=\"article\" \/>\n<meta property=\"og:title\" content=\"Sumkcaps 241068 Custom Six Panel Embroidered Gray Snapback Cap - Sumkcaps\" \/>\n<meta property=\"og:description\" content=\"High Quality Cap Head Wear With Professional Custom Design Service Available. Add Your Logo or Custom Design Online. Expert Service. Bulk Discount.\" \/>\n<meta property=\"og:url\" content=\"https:\/\/sumkcaps.com\/es\/producto\/sufox-241068-custom-six-panel-embroidered-gray-snapback-cap\/\" \/>\n<meta property=\"og:site_name\" content=\"Sumkcaps-China Original Headwear Manufacturer and Suppliers\" \/>\n<meta property=\"article:publisher\" content=\"https:\/\/www.facebook.com\/sumkcap\" \/>\n<meta property=\"article:modified_time\" content=\"2026-03-17T03:06:12+00:00\" \/>\n<meta property=\"og:image\" content=\"https:\/\/sumkcaps.com\/wp-content\/uploads\/2022\/10\/custom_6_panel_embroidered_grey_snapback_hat-1.jpg\" \/>\n\t<meta property=\"og:image:width\" content=\"800\" \/>\n\t<meta property=\"og:image:height\" content=\"800\" \/>\n\t<meta property=\"og:image:type\" content=\"image\/jpeg\" \/>\n<meta name=\"twitter:card\" content=\"summary_large_image\" \/>\n<meta name=\"twitter:label1\" content=\"Tiempo de lectura\" \/>\n\t<meta name=\"twitter:data1\" content=\"2 minutos\" \/>\n<script type=\"application\/ld+json\" class=\"yoast-schema-graph\">{\"@context\":\"https:\/\/schema.org\",\"@graph\":[{\"@type\":\"WebPage\",\"@id\":\"https:\/\/sumkcaps.com\/product\/sufox-241068-custom-six-panel-embroidered-gray-snapback-cap\/\",\"url\":\"https:\/\/sumkcaps.com\/product\/sufox-241068-custom-six-panel-embroidered-gray-snapback-cap\/\",\"name\":\"Custom Embroidered Gray Snapback Cap | China Manufactuer\",\"isPartOf\":{\"@id\":\"https:\/\/sumkcaps.com\/#website\"},\"primaryImageOfPage\":{\"@id\":\"https:\/\/sumkcaps.com\/product\/sufox-241068-custom-six-panel-embroidered-gray-snapback-cap\/#primaryimage\"},\"image\":{\"@id\":\"https:\/\/sumkcaps.com\/product\/sufox-241068-custom-six-panel-embroidered-gray-snapback-cap\/#primaryimage\"},\"thumbnailUrl\":\"https:\/\/sumkcaps.com\/wp-content\/uploads\/2022\/10\/custom_6_panel_embroidered_grey_snapback_hat-1.jpg\",\"datePublished\":\"2022-10-13T02:20:53+00:00\",\"dateModified\":\"2026-03-17T03:06:12+00:00\",\"description\":\"High Quality Cap Head Wear With Professional Custom Design Service Available. Add Your Logo or Custom Design Online. Expert Service. Bulk Discount.\",\"breadcrumb\":{\"@id\":\"https:\/\/sumkcaps.com\/product\/sufox-241068-custom-six-panel-embroidered-gray-snapback-cap\/#breadcrumb\"},\"inLanguage\":\"es\",\"potentialAction\":[{\"@type\":\"ReadAction\",\"target\":[\"https:\/\/sumkcaps.com\/product\/sufox-241068-custom-six-panel-embroidered-gray-snapback-cap\/\"]}]},{\"@type\":\"ImageObject\",\"inLanguage\":\"es\",\"@id\":\"https:\/\/sumkcaps.com\/product\/sufox-241068-custom-six-panel-embroidered-gray-snapback-cap\/#primaryimage\",\"url\":\"https:\/\/sumkcaps.com\/wp-content\/uploads\/2022\/10\/custom_6_panel_embroidered_grey_snapback_hat-1.jpg\",\"contentUrl\":\"https:\/\/sumkcaps.com\/wp-content\/uploads\/2022\/10\/custom_6_panel_embroidered_grey_snapback_hat-1.jpg\",\"width\":800,\"height\":800},{\"@type\":\"BreadcrumbList\",\"@id\":\"https:\/\/sumkcaps.com\/product\/sufox-241068-custom-six-panel-embroidered-gray-snapback-cap\/#breadcrumb\",\"itemListElement\":[{\"@type\":\"ListItem\",\"position\":1,\"name\":\"Home\",\"item\":\"https:\/\/sumkcaps.com\/\"},{\"@type\":\"ListItem\",\"position\":2,\"name\":\"Products\",\"item\":\"https:\/\/sumkcaps.com\/product\/\"},{\"@type\":\"ListItem\",\"position\":3,\"name\":\"Sumkcaps 241068 Custom Six Panel Embroidered Gray Snapback Cap\"}]},{\"@type\":\"WebSite\",\"@id\":\"https:\/\/sumkcaps.com\/#website\",\"url\":\"https:\/\/sumkcaps.com\/\",\"name\":\"Sumkcaps-China Original Headwear Manufacturer and Suppliers\",\"description\":\"We are China Cap And Hat Original Factory, whose main business is to custom cap and hat as client&#039;s LOGO. Any cap style, any cap color, any qty, any material and qty is no problem. In one words, any small details can be customized as your request.\",\"publisher\":{\"@id\":\"https:\/\/sumkcaps.com\/#organization\"},\"potentialAction\":[{\"@type\":\"SearchAction\",\"target\":{\"@type\":\"EntryPoint\",\"urlTemplate\":\"https:\/\/sumkcaps.com\/?s={search_term_string}\"},\"query-input\":{\"@type\":\"PropertyValueSpecification\",\"valueRequired\":true,\"valueName\":\"search_term_string\"}}],\"inLanguage\":\"es\"},{\"@type\":\"Organization\",\"@id\":\"https:\/\/sumkcaps.com\/#organization\",\"name\":\"Sumkcaps-China Original Headwear Manufacturer and Suppliers\",\"url\":\"https:\/\/sumkcaps.com\/\",\"logo\":{\"@type\":\"ImageObject\",\"inLanguage\":\"es\",\"@id\":\"https:\/\/sumkcaps.com\/#\/schema\/logo\/image\/\",\"url\":\"https:\/\/sumkcaps.com\/wp-content\/uploads\/2025\/12\/1234.jpg\",\"contentUrl\":\"https:\/\/sumkcaps.com\/wp-content\/uploads\/2025\/12\/1234.jpg\",\"width\":800,\"height\":800,\"caption\":\"Sumkcaps-China Original Headwear Manufacturer and Suppliers\"},\"image\":{\"@id\":\"https:\/\/sumkcaps.com\/#\/schema\/logo\/image\/\"},\"sameAs\":[\"https:\/\/www.facebook.com\/sumkcap\",\"https:\/\/www.instagram.com\/sumkcaps7\/\",\"https:\/\/www.pinterest.com\/sumkcapschina\/\"]}]}<\/script>\n<!-- \/ Yoast SEO Premium plugin. -->","yoast_head_json":{"title":"Bordado personalizado gris Snapback Cap | China Manufactuer","description":"Alta Calidad Cap Head Wear Con Servicio Profesional De Dise\u00f1o Personalizado Disponible. A\u00f1ada su logotipo o dise\u00f1o personalizado en l\u00ednea. Servicio experto. Descuento por volumen.","robots":{"index":"index","follow":"follow","max-snippet":"max-snippet:-1","max-image-preview":"max-image-preview:large","max-video-preview":"max-video-preview:-1"},"canonical":"https:\/\/sumkcaps.com\/es\/producto\/sufox-241068-custom-six-panel-embroidered-gray-snapback-cap\/","og_locale":"es_ES","og_type":"article","og_title":"Sumkcaps 241068 Custom Six Panel Embroidered Gray Snapback Cap - Sumkcaps","og_description":"High Quality Cap Head Wear With Professional Custom Design Service Available. Add Your Logo or Custom Design Online. Expert Service. Bulk Discount.","og_url":"https:\/\/sumkcaps.com\/es\/producto\/sufox-241068-custom-six-panel-embroidered-gray-snapback-cap\/","og_site_name":"Sumkcaps-China Original Headwear Manufacturer and Suppliers","article_publisher":"https:\/\/www.facebook.com\/sumkcap","article_modified_time":"2026-03-17T03:06:12+00:00","og_image":[{"width":800,"height":800,"url":"https:\/\/sumkcaps.com\/wp-content\/uploads\/2022\/10\/custom_6_panel_embroidered_grey_snapback_hat-1.jpg","type":"image\/jpeg"}],"twitter_card":"summary_large_image","twitter_misc":{"Tiempo de lectura":"2 minutos"},"schema":{"@context":"https:\/\/schema.org","@graph":[{"@type":"WebPage","@id":"https:\/\/sumkcaps.com\/product\/sufox-241068-custom-six-panel-embroidered-gray-snapback-cap\/","url":"https:\/\/sumkcaps.com\/product\/sufox-241068-custom-six-panel-embroidered-gray-snapback-cap\/","name":"Bordado personalizado gris Snapback Cap | China Manufactuer","isPartOf":{"@id":"https:\/\/sumkcaps.com\/#website"},"primaryImageOfPage":{"@id":"https:\/\/sumkcaps.com\/product\/sufox-241068-custom-six-panel-embroidered-gray-snapback-cap\/#primaryimage"},"image":{"@id":"https:\/\/sumkcaps.com\/product\/sufox-241068-custom-six-panel-embroidered-gray-snapback-cap\/#primaryimage"},"thumbnailUrl":"https:\/\/sumkcaps.com\/wp-content\/uploads\/2022\/10\/custom_6_panel_embroidered_grey_snapback_hat-1.jpg","datePublished":"2022-10-13T02:20:53+00:00","dateModified":"2026-03-17T03:06:12+00:00","description":"Alta Calidad Cap Head Wear Con Servicio Profesional De Dise\u00f1o Personalizado Disponible. A\u00f1ada su logotipo o dise\u00f1o personalizado en l\u00ednea. Servicio experto. Descuento por volumen.","breadcrumb":{"@id":"https:\/\/sumkcaps.com\/product\/sufox-241068-custom-six-panel-embroidered-gray-snapback-cap\/#breadcrumb"},"inLanguage":"es","potentialAction":[{"@type":"ReadAction","target":["https:\/\/sumkcaps.com\/product\/sufox-241068-custom-six-panel-embroidered-gray-snapback-cap\/"]}]},{"@type":"ImageObject","inLanguage":"es","@id":"https:\/\/sumkcaps.com\/product\/sufox-241068-custom-six-panel-embroidered-gray-snapback-cap\/#primaryimage","url":"https:\/\/sumkcaps.com\/wp-content\/uploads\/2022\/10\/custom_6_panel_embroidered_grey_snapback_hat-1.jpg","contentUrl":"https:\/\/sumkcaps.com\/wp-content\/uploads\/2022\/10\/custom_6_panel_embroidered_grey_snapback_hat-1.jpg","width":800,"height":800},{"@type":"BreadcrumbList","@id":"https:\/\/sumkcaps.com\/product\/sufox-241068-custom-six-panel-embroidered-gray-snapback-cap\/#breadcrumb","itemListElement":[{"@type":"ListItem","position":1,"name":"Home","item":"https:\/\/sumkcaps.com\/"},{"@type":"ListItem","position":2,"name":"Products","item":"https:\/\/sumkcaps.com\/product\/"},{"@type":"ListItem","position":3,"name":"Sumkcaps 241068 Custom Six Panel Embroidered Gray Snapback Cap"}]},{"@type":"WebSite","@id":"https:\/\/sumkcaps.com\/#website","url":"https:\/\/sumkcaps.com\/","name":"Sumkcaps-China Fabricante y proveedor de gorras originales","description":"Somos gorra de China y el sombrero original de la f\u00e1brica, cuya actividad principal es la costumbre gorra y el sombrero como cliente&#039;s LOGO. Cualquier estilo gorra, cualquier color gorra, cualquier cantidad, cualquier material y cantidad no es problema. En una palabra, cualquier peque\u00f1o detalle puede ser personalizado como su solicitud.","publisher":{"@id":"https:\/\/sumkcaps.com\/#organization"},"potentialAction":[{"@type":"SearchAction","target":{"@type":"EntryPoint","urlTemplate":"https:\/\/sumkcaps.com\/?s={search_term_string}"},"query-input":{"@type":"PropertyValueSpecification","valueRequired":true,"valueName":"search_term_string"}}],"inLanguage":"es"},{"@type":"Organization","@id":"https:\/\/sumkcaps.com\/#organization","name":"Sumkcaps-China Fabricante y proveedor de gorras originales","url":"https:\/\/sumkcaps.com\/","logo":{"@type":"ImageObject","inLanguage":"es","@id":"https:\/\/sumkcaps.com\/#\/schema\/logo\/image\/","url":"https:\/\/sumkcaps.com\/wp-content\/uploads\/2025\/12\/1234.jpg","contentUrl":"https:\/\/sumkcaps.com\/wp-content\/uploads\/2025\/12\/1234.jpg","width":800,"height":800,"caption":"Sumkcaps-China Original Headwear Manufacturer and Suppliers"},"image":{"@id":"https:\/\/sumkcaps.com\/#\/schema\/logo\/image\/"},"sameAs":["https:\/\/www.facebook.com\/sumkcap","https:\/\/www.instagram.com\/sumkcaps7\/","https:\/\/www.pinterest.com\/sumkcapschina\/"]}]}},"taxonomy_info":{"product_cat":[{"value":42,"label":"Snapback Hats Wholesale"}]},"featured_image_src_large":["https:\/\/sumkcaps.com\/wp-content\/uploads\/2022\/10\/custom_6_panel_embroidered_grey_snapback_hat-1.jpg",800,800,false],"author_info":[],"comment_info":"","_links":{"self":[{"href":"https:\/\/sumkcaps.com\/es\/wp-json\/wp\/v2\/product\/16668","targetHints":{"allow":["GET"]}}],"collection":[{"href":"https:\/\/sumkcaps.com\/es\/wp-json\/wp\/v2\/product"}],"about":[{"href":"https:\/\/sumkcaps.com\/es\/wp-json\/wp\/v2\/types\/product"}],"wp:featuredmedia":[{"embeddable":true,"href":"https:\/\/sumkcaps.com\/es\/wp-json\/wp\/v2\/media\/16669"}],"wp:attachment":[{"href":"https:\/\/sumkcaps.com\/es\/wp-json\/wp\/v2\/media?parent=16668"}],"wp:term":[{"taxonomy":"product_brand","embeddable":true,"href":"https:\/\/sumkcaps.com\/es\/wp-json\/wp\/v2\/product_brand?post=16668"},{"taxonomy":"product_cat","embeddable":true,"href":"https:\/\/sumkcaps.com\/es\/wp-json\/wp\/v2\/product_cat?post=16668"},{"taxonomy":"product_tag","embeddable":true,"href":"https:\/\/sumkcaps.com\/es\/wp-json\/wp\/v2\/product_tag?post=16668"}],"curies":[{"name":"wp","href":"https:\/\/api.w.org\/{rel}","templated":true}]}}