{"id":16652,"date":"2022-10-13T10:08:37","date_gmt":"2022-10-13T02:08:37","guid":{"rendered":"https:\/\/sumkcaps.com\/?post_type=product&#038;p=16652"},"modified":"2026-03-17T11:08:50","modified_gmt":"2026-03-17T03:08:50","slug":"sufox-241066-custom-six-panel-embroidery-patch-snapback-cap","status":"publish","type":"product","link":"https:\/\/sumkcaps.com\/es\/producto\/sufox-241066-custom-seis-paneles-bordado-parche-snapback-cap\/","title":{"rendered":"Sumkcaps 241066 Gorra Snapback Bordada de Seis Paneles Personalizada con Parche"},"content":{"rendered":"<div class=\"flex flex-col text-sm pb-25\">\n<article class=\"text-token-text-primary w-full focus:outline-none [--shadow-height:45px] has-data-writing-block:pointer-events-none has-data-writing-block:-mt-(--shadow-height) has-data-writing-block:pt-(--shadow-height) [&amp;:has([data-writing-block])&gt;*]:pointer-events-auto scroll-mt-[calc(var(--header-height)+min(200px,max(70px,20svh)))]\" dir=\"auto\" tabindex=\"-1\" data-turn-id=\"request-WEB:44ab88e5-de60-49fb-8365-fb99b00d66d3-2\" data-testid=\"conversation-turn-6\" data-scroll-anchor=\"true\" data-turn=\"assistant\">\n<div class=\"text-base my-auto mx-auto pb-10 [--thread-content-margin:var(--thread-content-margin-xs,calc(var(--spacing)*4))] @w-sm\/main:[--thread-content-margin:var(--thread-content-margin-sm,calc(var(--spacing)*6))] @w-lg\/main:[--thread-content-margin:var(--thread-content-margin-lg,calc(var(--spacing)*16))] px-(--thread-content-margin)\">\n<div class=\"[--thread-content-max-width:40rem] @w-lg\/main:[--thread-content-max-width:48rem] mx-auto max-w-(--thread-content-max-width) flex-1 group\/turn-messages focus-visible:outline-hidden relative flex w-full min-w-0 flex-col agent-turn\" tabindex=\"-1\">\n<div class=\"flex max-w-full flex-col gap-4 grow\">\n<div class=\"min-h-8 text-message relative flex w-full flex-col items-end gap-2 text-start break-words whitespace-normal [.text-message+&amp;]:mt-1\" dir=\"auto\" data-message-author-role=\"assistant\" data-message-id=\"3d9ea5e2-1d37-4d9c-a23f-62356bb3e52a\" data-message-model-slug=\"gpt-5-3\">\n<div class=\"flex w-full flex-col gap-1 empty:hidden\">\n<div class=\"markdown prose dark:prose-invert w-full wrap-break-word light markdown-new-styling\">\n<h3 data-start=\"0\" data-end=\"353\"><strong data-start=\"0\" data-end=\"36\">Decoraci\u00f3n<\/strong><\/h3>\n<p data-start=\"0\" data-end=\"353\">Esta gorra snapback incorpora un parche bordado de alta calidad que a\u00f1ade textura y profundidad a su logotipo o dise\u00f1o. El parche est\u00e1 cuidadosamente cosido en el panel frontal, creando un efecto visual audaz y duradero. Es ideal para logotipos de marca, insignias de equipo o ilustraciones personalizadas, garantizando un aspecto distintivo y profesional.<\/p>\n<h3 data-start=\"355\" data-end=\"699\"><strong data-start=\"355\" data-end=\"385\">Material<\/strong><\/h3>\n<p data-start=\"355\" data-end=\"699\">Confeccionada con tejido acr\u00edlico 100% de primera calidad, esta gorra ofrece una excelente durabilidad y una larga conservaci\u00f3n de la forma. El material es ligero, c\u00f3modo y resistente a las arrugas y la decoloraci\u00f3n, por lo que es adecuado para el uso diario. El acr\u00edlico tambi\u00e9n proporciona una superficie lisa que admite diversas t\u00e9cnicas de decoraci\u00f3n.<\/p>\n<h3 data-start=\"701\" data-end=\"1017\"><strong data-start=\"701\" data-end=\"734\">Color<\/strong><\/h3>\n<p data-start=\"701\" data-end=\"1017\">Esta gorra est\u00e1 disponible en el cl\u00e1sico verde, as\u00ed como en colores totalmente personalizados para adaptarse a la identidad de su marca. Tanto si prefiere tonos neutros como vibrantes, podemos producir gorras seg\u00fan sus requisitos de color espec\u00edficos, incluida la combinaci\u00f3n de colores Pantone para una marca coherente.<\/p>\n<h3 data-start=\"1019\" data-end=\"1321\"><strong data-start=\"1019\" data-end=\"1055\">Ajuste y talla<\/strong><\/h3>\n<p data-start=\"1019\" data-end=\"1321\">Dise\u00f1ada con un cierre a presi\u00f3n ajustable, esta gorra tiene un tama\u00f1o OSFM (One Size Fits Most) para adaptarse c\u00f3modamente a cabezas de 7 a 7 3\/4. La correa ajustable permite a los usuarios modificar f\u00e1cilmente el ajuste, garantizando la comodidad y versatilidad para diferentes formas de cabeza. La correa ajustable permite a los usuarios modificar f\u00e1cilmente el ajuste, garantizando comodidad y versatilidad para diferentes formas de cabeza.<\/p>\n<h3 data-start=\"1323\" data-end=\"1628\"><strong data-start=\"1323\" data-end=\"1347\">Visera<\/strong><\/h3>\n<p data-start=\"1323\" data-end=\"1628\">La visera de visera plana confiere a la gorra un aspecto moderno y elegante muy popular en la moda callejera e informal. Su dise\u00f1o estructurado ayuda a mantener la forma de la gorra a la vez que proporciona una pr\u00e1ctica protecci\u00f3n solar, lo que la hace adecuada para actividades al aire libre y el uso diario.<\/p>\n<h3 data-start=\"1630\" data-end=\"1932\"><strong data-start=\"1630\" data-end=\"1656\">Servicio<\/strong><\/h3>\n<p data-start=\"1630\" data-end=\"1932\">Ofrecemos servicios integrales de OEM y ODM para apoyar sus proyectos de gorras personalizadas. Desde el dise\u00f1o del logotipo y la selecci\u00f3n de materiales hasta la personalizaci\u00f3n del color y las soluciones de embalaje, nuestro equipo colabora estrechamente con los clientes para crear gorras \u00fanicas adaptadas a sus necesidades de marca y mercado.<\/p>\n<h3 data-start=\"1934\" data-end=\"2233\"><strong data-start=\"1934\" data-end=\"1956\">Plazo de entrega<\/strong><\/h3>\n<p data-start=\"1934\" data-end=\"2233\" data-is-last-node=\"\" data-is-only-node=\"\">Nuestro programa de producci\u00f3n es eficaz y fiable. La producci\u00f3n de muestras suele tardar <strong data-start=\"2042\" data-end=\"2062\">7-9 d\u00edas laborables<\/strong>, El cliente puede confirmar el dise\u00f1o y la calidad. La producci\u00f3n a granel suele requerir <strong data-start=\"2151\" data-end=\"2173\">18-22 d\u00edas laborables<\/strong>, seg\u00fan la cantidad del pedido y los detalles de personalizaci\u00f3n.<\/p>\n<\/div>\n<\/div>\n<\/div>\n<\/div>\n<\/div>\n<\/div>\n<\/article>\n<\/div>","protected":false},"excerpt":{"rendered":"<p>Sumkcaps 241066 Personalizado Seis Panel Bordado Parche Snapback Cap Es Uno De Estilo Popular Cap, Peso Ligero Y Transpirable Bueno. Nuestros Snapbacks vienen en una variedad de estilos y colores de todas las principales marcas.<\/p>","protected":false},"featured_media":16653,"template":"","meta":{"_acf_changed":false,"_kad_blocks_custom_css":"","_kad_blocks_head_custom_js":"","_kad_blocks_body_custom_js":"","_kad_blocks_footer_custom_js":""},"product_brand":[],"product_cat":[42],"product_tag":[],"class_list":{"0":"post-16652","1":"product","2":"type-product","3":"status-publish","4":"has-post-thumbnail","6":"product_cat-snapback-cap","8":"first","9":"outofstock","10":"shipping-taxable","11":"product-type-simple"},"acf":[],"yoast_head":"<!-- This site is optimized with the Yoast SEO Premium plugin v20.8 (Yoast SEO v25.9) - https:\/\/yoast.com\/wordpress\/plugins\/seo\/ -->\n<title>Custom Embroidery Patch Snapback Cap | China Manufactuer<\/title>\n<meta name=\"description\" content=\"More Than 10 Years Of Experience In The Headwear Industry. Cap Manufacturers.100% Satisfaction Guarantee. Expert Service. Bulk Discount. Quick delivery.\" \/>\n<meta name=\"robots\" content=\"index, follow, max-snippet:-1, max-image-preview:large, max-video-preview:-1\" \/>\n<link rel=\"canonical\" href=\"https:\/\/sumkcaps.com\/es\/producto\/sufox-241066-custom-seis-paneles-bordado-parche-snapback-cap\/\" \/>\n<meta property=\"og:locale\" content=\"es_ES\" \/>\n<meta property=\"og:type\" content=\"article\" \/>\n<meta property=\"og:title\" content=\"Sumkcaps 241066 Custom Six Panel Embroidery Patch Snapback Cap - Sumkcaps\" \/>\n<meta property=\"og:description\" content=\"More Than 10 Years Of Experience In The Headwear Industry. Cap Manufacturers.100% Satisfaction Guarantee. Expert Service. Bulk Discount. Quick delivery.\" \/>\n<meta property=\"og:url\" content=\"https:\/\/sumkcaps.com\/es\/producto\/sufox-241066-custom-seis-paneles-bordado-parche-snapback-cap\/\" \/>\n<meta property=\"og:site_name\" content=\"Sumkcaps-China Original Headwear Manufacturer and Suppliers\" \/>\n<meta property=\"article:publisher\" content=\"https:\/\/www.facebook.com\/sumkcap\" \/>\n<meta property=\"article:modified_time\" content=\"2026-03-17T03:08:50+00:00\" \/>\n<meta property=\"og:image\" content=\"https:\/\/sumkcaps.com\/wp-content\/uploads\/2022\/10\/custom_6_panel_camo_brim_embroidery_snapback_hat-1.jpg\" \/>\n\t<meta property=\"og:image:width\" content=\"800\" \/>\n\t<meta property=\"og:image:height\" content=\"800\" \/>\n\t<meta property=\"og:image:type\" content=\"image\/jpeg\" \/>\n<meta name=\"twitter:card\" content=\"summary_large_image\" \/>\n<meta name=\"twitter:label1\" content=\"Tiempo de lectura\" \/>\n\t<meta name=\"twitter:data1\" content=\"2 minutos\" \/>\n<script type=\"application\/ld+json\" class=\"yoast-schema-graph\">{\"@context\":\"https:\/\/schema.org\",\"@graph\":[{\"@type\":\"WebPage\",\"@id\":\"https:\/\/sumkcaps.com\/product\/sufox-241066-custom-six-panel-embroidery-patch-snapback-cap\/\",\"url\":\"https:\/\/sumkcaps.com\/product\/sufox-241066-custom-six-panel-embroidery-patch-snapback-cap\/\",\"name\":\"Custom Embroidery Patch Snapback Cap | China Manufactuer\",\"isPartOf\":{\"@id\":\"https:\/\/sumkcaps.com\/#website\"},\"primaryImageOfPage\":{\"@id\":\"https:\/\/sumkcaps.com\/product\/sufox-241066-custom-six-panel-embroidery-patch-snapback-cap\/#primaryimage\"},\"image\":{\"@id\":\"https:\/\/sumkcaps.com\/product\/sufox-241066-custom-six-panel-embroidery-patch-snapback-cap\/#primaryimage\"},\"thumbnailUrl\":\"https:\/\/sumkcaps.com\/wp-content\/uploads\/2022\/10\/custom_6_panel_camo_brim_embroidery_snapback_hat-1.jpg\",\"datePublished\":\"2022-10-13T02:08:37+00:00\",\"dateModified\":\"2026-03-17T03:08:50+00:00\",\"description\":\"More Than 10 Years Of Experience In The Headwear Industry. Cap Manufacturers.100% Satisfaction Guarantee. Expert Service. Bulk Discount. Quick delivery.\",\"breadcrumb\":{\"@id\":\"https:\/\/sumkcaps.com\/product\/sufox-241066-custom-six-panel-embroidery-patch-snapback-cap\/#breadcrumb\"},\"inLanguage\":\"es\",\"potentialAction\":[{\"@type\":\"ReadAction\",\"target\":[\"https:\/\/sumkcaps.com\/product\/sufox-241066-custom-six-panel-embroidery-patch-snapback-cap\/\"]}]},{\"@type\":\"ImageObject\",\"inLanguage\":\"es\",\"@id\":\"https:\/\/sumkcaps.com\/product\/sufox-241066-custom-six-panel-embroidery-patch-snapback-cap\/#primaryimage\",\"url\":\"https:\/\/sumkcaps.com\/wp-content\/uploads\/2022\/10\/custom_6_panel_camo_brim_embroidery_snapback_hat-1.jpg\",\"contentUrl\":\"https:\/\/sumkcaps.com\/wp-content\/uploads\/2022\/10\/custom_6_panel_camo_brim_embroidery_snapback_hat-1.jpg\",\"width\":800,\"height\":800},{\"@type\":\"BreadcrumbList\",\"@id\":\"https:\/\/sumkcaps.com\/product\/sufox-241066-custom-six-panel-embroidery-patch-snapback-cap\/#breadcrumb\",\"itemListElement\":[{\"@type\":\"ListItem\",\"position\":1,\"name\":\"Home\",\"item\":\"https:\/\/sumkcaps.com\/\"},{\"@type\":\"ListItem\",\"position\":2,\"name\":\"Products\",\"item\":\"https:\/\/sumkcaps.com\/product\/\"},{\"@type\":\"ListItem\",\"position\":3,\"name\":\"Sumkcaps 241066 Custom Six Panel Embroidery Patch Snapback Cap\"}]},{\"@type\":\"WebSite\",\"@id\":\"https:\/\/sumkcaps.com\/#website\",\"url\":\"https:\/\/sumkcaps.com\/\",\"name\":\"Sumkcaps-China Original Headwear Manufacturer and Suppliers\",\"description\":\"We are China Cap And Hat Original Factory, whose main business is to custom cap and hat as client&#039;s LOGO. Any cap style, any cap color, any qty, any material and qty is no problem. In one words, any small details can be customized as your request.\",\"publisher\":{\"@id\":\"https:\/\/sumkcaps.com\/#organization\"},\"potentialAction\":[{\"@type\":\"SearchAction\",\"target\":{\"@type\":\"EntryPoint\",\"urlTemplate\":\"https:\/\/sumkcaps.com\/?s={search_term_string}\"},\"query-input\":{\"@type\":\"PropertyValueSpecification\",\"valueRequired\":true,\"valueName\":\"search_term_string\"}}],\"inLanguage\":\"es\"},{\"@type\":\"Organization\",\"@id\":\"https:\/\/sumkcaps.com\/#organization\",\"name\":\"Sumkcaps-China Original Headwear Manufacturer and Suppliers\",\"url\":\"https:\/\/sumkcaps.com\/\",\"logo\":{\"@type\":\"ImageObject\",\"inLanguage\":\"es\",\"@id\":\"https:\/\/sumkcaps.com\/#\/schema\/logo\/image\/\",\"url\":\"https:\/\/sumkcaps.com\/wp-content\/uploads\/2025\/12\/1234.jpg\",\"contentUrl\":\"https:\/\/sumkcaps.com\/wp-content\/uploads\/2025\/12\/1234.jpg\",\"width\":800,\"height\":800,\"caption\":\"Sumkcaps-China Original Headwear Manufacturer and Suppliers\"},\"image\":{\"@id\":\"https:\/\/sumkcaps.com\/#\/schema\/logo\/image\/\"},\"sameAs\":[\"https:\/\/www.facebook.com\/sumkcap\",\"https:\/\/www.instagram.com\/sumkcaps7\/\",\"https:\/\/www.pinterest.com\/sumkcapschina\/\"]}]}<\/script>\n<!-- \/ Yoast SEO Premium plugin. -->","yoast_head_json":{"title":"Bordado personalizado parche Snapback Cap | China Manufactuer","description":"M\u00e1s de 10 a\u00f1os de experiencia en la industria de sombreros. Fabricantes Cap.100% Satisfacci\u00f3n Garantizada. Servicio de expertos. Descuento a granel. Entrega r\u00e1pida.","robots":{"index":"index","follow":"follow","max-snippet":"max-snippet:-1","max-image-preview":"max-image-preview:large","max-video-preview":"max-video-preview:-1"},"canonical":"https:\/\/sumkcaps.com\/es\/producto\/sufox-241066-custom-seis-paneles-bordado-parche-snapback-cap\/","og_locale":"es_ES","og_type":"article","og_title":"Sumkcaps 241066 Custom Six Panel Embroidery Patch Snapback Cap - Sumkcaps","og_description":"More Than 10 Years Of Experience In The Headwear Industry. Cap Manufacturers.100% Satisfaction Guarantee. Expert Service. Bulk Discount. Quick delivery.","og_url":"https:\/\/sumkcaps.com\/es\/producto\/sufox-241066-custom-seis-paneles-bordado-parche-snapback-cap\/","og_site_name":"Sumkcaps-China Original Headwear Manufacturer and Suppliers","article_publisher":"https:\/\/www.facebook.com\/sumkcap","article_modified_time":"2026-03-17T03:08:50+00:00","og_image":[{"width":800,"height":800,"url":"https:\/\/sumkcaps.com\/wp-content\/uploads\/2022\/10\/custom_6_panel_camo_brim_embroidery_snapback_hat-1.jpg","type":"image\/jpeg"}],"twitter_card":"summary_large_image","twitter_misc":{"Tiempo de lectura":"2 minutos"},"schema":{"@context":"https:\/\/schema.org","@graph":[{"@type":"WebPage","@id":"https:\/\/sumkcaps.com\/product\/sufox-241066-custom-six-panel-embroidery-patch-snapback-cap\/","url":"https:\/\/sumkcaps.com\/product\/sufox-241066-custom-six-panel-embroidery-patch-snapback-cap\/","name":"Bordado personalizado parche Snapback Cap | China Manufactuer","isPartOf":{"@id":"https:\/\/sumkcaps.com\/#website"},"primaryImageOfPage":{"@id":"https:\/\/sumkcaps.com\/product\/sufox-241066-custom-six-panel-embroidery-patch-snapback-cap\/#primaryimage"},"image":{"@id":"https:\/\/sumkcaps.com\/product\/sufox-241066-custom-six-panel-embroidery-patch-snapback-cap\/#primaryimage"},"thumbnailUrl":"https:\/\/sumkcaps.com\/wp-content\/uploads\/2022\/10\/custom_6_panel_camo_brim_embroidery_snapback_hat-1.jpg","datePublished":"2022-10-13T02:08:37+00:00","dateModified":"2026-03-17T03:08:50+00:00","description":"M\u00e1s de 10 a\u00f1os de experiencia en la industria de sombreros. Fabricantes Cap.100% Satisfacci\u00f3n Garantizada. Servicio de expertos. Descuento a granel. Entrega r\u00e1pida.","breadcrumb":{"@id":"https:\/\/sumkcaps.com\/product\/sufox-241066-custom-six-panel-embroidery-patch-snapback-cap\/#breadcrumb"},"inLanguage":"es","potentialAction":[{"@type":"ReadAction","target":["https:\/\/sumkcaps.com\/product\/sufox-241066-custom-six-panel-embroidery-patch-snapback-cap\/"]}]},{"@type":"ImageObject","inLanguage":"es","@id":"https:\/\/sumkcaps.com\/product\/sufox-241066-custom-six-panel-embroidery-patch-snapback-cap\/#primaryimage","url":"https:\/\/sumkcaps.com\/wp-content\/uploads\/2022\/10\/custom_6_panel_camo_brim_embroidery_snapback_hat-1.jpg","contentUrl":"https:\/\/sumkcaps.com\/wp-content\/uploads\/2022\/10\/custom_6_panel_camo_brim_embroidery_snapback_hat-1.jpg","width":800,"height":800},{"@type":"BreadcrumbList","@id":"https:\/\/sumkcaps.com\/product\/sufox-241066-custom-six-panel-embroidery-patch-snapback-cap\/#breadcrumb","itemListElement":[{"@type":"ListItem","position":1,"name":"Home","item":"https:\/\/sumkcaps.com\/"},{"@type":"ListItem","position":2,"name":"Products","item":"https:\/\/sumkcaps.com\/product\/"},{"@type":"ListItem","position":3,"name":"Sumkcaps 241066 Custom Six Panel Embroidery Patch Snapback Cap"}]},{"@type":"WebSite","@id":"https:\/\/sumkcaps.com\/#website","url":"https:\/\/sumkcaps.com\/","name":"Sumkcaps-China Fabricante y proveedor de gorras originales","description":"Somos gorra de China y el sombrero original de la f\u00e1brica, cuya actividad principal es la costumbre gorra y el sombrero como cliente&#039;s LOGO. Cualquier estilo gorra, cualquier color gorra, cualquier cantidad, cualquier material y cantidad no es problema. En una palabra, cualquier peque\u00f1o detalle puede ser personalizado como su solicitud.","publisher":{"@id":"https:\/\/sumkcaps.com\/#organization"},"potentialAction":[{"@type":"SearchAction","target":{"@type":"EntryPoint","urlTemplate":"https:\/\/sumkcaps.com\/?s={search_term_string}"},"query-input":{"@type":"PropertyValueSpecification","valueRequired":true,"valueName":"search_term_string"}}],"inLanguage":"es"},{"@type":"Organization","@id":"https:\/\/sumkcaps.com\/#organization","name":"Sumkcaps-China Fabricante y proveedor de gorras originales","url":"https:\/\/sumkcaps.com\/","logo":{"@type":"ImageObject","inLanguage":"es","@id":"https:\/\/sumkcaps.com\/#\/schema\/logo\/image\/","url":"https:\/\/sumkcaps.com\/wp-content\/uploads\/2025\/12\/1234.jpg","contentUrl":"https:\/\/sumkcaps.com\/wp-content\/uploads\/2025\/12\/1234.jpg","width":800,"height":800,"caption":"Sumkcaps-China Original Headwear Manufacturer and Suppliers"},"image":{"@id":"https:\/\/sumkcaps.com\/#\/schema\/logo\/image\/"},"sameAs":["https:\/\/www.facebook.com\/sumkcap","https:\/\/www.instagram.com\/sumkcaps7\/","https:\/\/www.pinterest.com\/sumkcapschina\/"]}]}},"taxonomy_info":{"product_cat":[{"value":42,"label":"Snapback Hats Wholesale"}]},"featured_image_src_large":["https:\/\/sumkcaps.com\/wp-content\/uploads\/2022\/10\/custom_6_panel_camo_brim_embroidery_snapback_hat-1.jpg",800,800,false],"author_info":[],"comment_info":"","_links":{"self":[{"href":"https:\/\/sumkcaps.com\/es\/wp-json\/wp\/v2\/product\/16652","targetHints":{"allow":["GET"]}}],"collection":[{"href":"https:\/\/sumkcaps.com\/es\/wp-json\/wp\/v2\/product"}],"about":[{"href":"https:\/\/sumkcaps.com\/es\/wp-json\/wp\/v2\/types\/product"}],"wp:featuredmedia":[{"embeddable":true,"href":"https:\/\/sumkcaps.com\/es\/wp-json\/wp\/v2\/media\/16653"}],"wp:attachment":[{"href":"https:\/\/sumkcaps.com\/es\/wp-json\/wp\/v2\/media?parent=16652"}],"wp:term":[{"taxonomy":"product_brand","embeddable":true,"href":"https:\/\/sumkcaps.com\/es\/wp-json\/wp\/v2\/product_brand?post=16652"},{"taxonomy":"product_cat","embeddable":true,"href":"https:\/\/sumkcaps.com\/es\/wp-json\/wp\/v2\/product_cat?post=16652"},{"taxonomy":"product_tag","embeddable":true,"href":"https:\/\/sumkcaps.com\/es\/wp-json\/wp\/v2\/product_tag?post=16652"}],"curies":[{"name":"wp","href":"https:\/\/api.w.org\/{rel}","templated":true}]}}