{"id":16349,"date":"2022-10-12T13:58:11","date_gmt":"2022-10-12T05:58:11","guid":{"rendered":"https:\/\/sumkcaps.com\/?post_type=product&#038;p=16349"},"modified":"2026-03-23T16:13:35","modified_gmt":"2026-03-23T08:13:35","slug":"sufox-241031-custom-six-panel-embroidered-flat-brim-snapback-cap","status":"publish","type":"product","link":"https:\/\/sumkcaps.com\/es\/producto\/sufox-241031-custom-gorra-snapback-de-seis-paneles-bordada-de-ala-plana\/","title":{"rendered":"Sumkcaps 241031 Gorra Snapback Bordada de Seis Paneles con Borde Plano Personalizada"},"content":{"rendered":"<div class=\"flex flex-col text-sm pb-25\">\n<section class=\"text-token-text-primary w-full focus:outline-none [--shadow-height:45px] has-data-writing-block:pointer-events-none has-data-writing-block:-mt-(--shadow-height) has-data-writing-block:pt-(--shadow-height) [&amp;:has([data-writing-block])&gt;*]:pointer-events-auto scroll-mt-[calc(var(--header-height)+min(200px,max(70px,20svh)))]\" dir=\"auto\" data-turn-id=\"request-WEB:4c0b397b-8329-4287-9f2a-226621e332d2-5\" data-testid=\"conversation-turn-6\" data-scroll-anchor=\"true\" data-turn=\"assistant\">\n<div class=\"text-base my-auto mx-auto pb-10 [--thread-content-margin:var(--thread-content-margin-xs,calc(var(--spacing)*4))] @w-sm\/main:[--thread-content-margin:var(--thread-content-margin-sm,calc(var(--spacing)*6))] @w-lg\/main:[--thread-content-margin:var(--thread-content-margin-lg,calc(var(--spacing)*16))] px-(--thread-content-margin)\">\n<div class=\"[--thread-content-max-width:40rem] @w-lg\/main:[--thread-content-max-width:48rem] mx-auto max-w-(--thread-content-max-width) flex-1 group\/turn-messages focus-visible:outline-hidden relative flex w-full min-w-0 flex-col agent-turn\">\n<div class=\"flex max-w-full flex-col gap-4 grow\">\n<div class=\"min-h-8 text-message relative flex w-full flex-col items-end gap-2 text-start break-words whitespace-normal outline-none keyboard-focused:focus-ring [.text-message+&amp;]:mt-1\" dir=\"auto\" tabindex=\"0\" data-message-author-role=\"assistant\" data-message-id=\"e575db25-93b9-4dcc-9865-47ede0da9f8c\" data-message-model-slug=\"gpt-5-3\" data-turn-start-message=\"true\">\n<div class=\"flex w-full flex-col gap-1 empty:hidden\">\n<div class=\"markdown prose dark:prose-invert w-full wrap-break-word light markdown-new-styling\">\n<h3 data-start=\"153\" data-end=\"379\"><strong data-start=\"153\" data-end=\"167\">Decoraci\u00f3n<\/strong><\/h3>\n<p data-start=\"153\" data-end=\"379\">El bordado de alta calidad ofrece un acabado en relieve que realza la profundidad y la visibilidad del logotipo. Las puntadas limpias y los hilos duraderos garantizan un rendimiento duradero y hacen que los dise\u00f1os sean resistentes a la decoloraci\u00f3n y el desgaste.<\/p>\n<h3 data-start=\"386\" data-end=\"586\"><strong data-start=\"386\" data-end=\"398\">Material<\/strong><\/h3>\n<p data-start=\"386\" data-end=\"586\">Fabricado con acr\u00edlico 100%, este gorro es ligero, duradero y mantiene la forma. Resiste las arrugas y mantiene la estructura con el paso del tiempo, lo que proporciona una comodidad fiable y un uso a largo plazo.<\/p>\n<h3 data-start=\"593\" data-end=\"802\"><strong data-start=\"593\" data-end=\"602\">Color<\/strong><\/h3>\n<p data-start=\"593\" data-end=\"802\">Disponible en negro cl\u00e1sico y en colores totalmente personalizables, ofrece flexibilidad para las necesidades de marca. El tono negro intenso proporciona un aspecto elegante y vers\u00e1til, mientras que las opciones personalizadas garantizan la alineaci\u00f3n de la marca.<\/p>\n<h3 data-start=\"809\" data-end=\"1000\"><strong data-start=\"809\" data-end=\"823\">Ajuste y talla<\/strong><\/h3>\n<p data-start=\"809\" data-end=\"1000\">Dise\u00f1ada con un cierre a presi\u00f3n ajustable OSFM (7 - 7 3\/4), que proporciona un ajuste seguro y c\u00f3modo para la mayor\u00eda de los tama\u00f1os de cabeza. Adecuada para uso unisex con f\u00e1cil ajuste de talla.<\/p>\n<h3 data-start=\"1007\" data-end=\"1198\"><strong data-start=\"1007\" data-end=\"1016\">Visera<\/strong><\/h3>\n<p data-start=\"1007\" data-end=\"1198\">Presenta una visera de visera plana que crea una silueta estructurada y moderna. Mantiene su forma a la vez que ofrece protecci\u00f3n solar, por lo que es ideal tanto para la moda como para un uso funcional.<\/p>\n<h3 data-start=\"1205\" data-end=\"1409\"><strong data-start=\"1205\" data-end=\"1216\">Servicio<\/strong><\/h3>\n<p data-start=\"1205\" data-end=\"1409\">Admite servicios OEM y ODM, lo que permite una personalizaci\u00f3n completa, desde los materiales hasta los detalles de la marca. Ideal para empresas que buscan crear productos \u00fanicos o ampliar sus colecciones de marca propia.<\/p>\n<h3 data-start=\"1416\" data-end=\"1603\"><strong data-start=\"1416\" data-end=\"1435\">Plazo de entrega<\/strong><\/h3>\n<p data-start=\"1416\" data-end=\"1603\" data-is-last-node=\"\" data-is-only-node=\"\">La producci\u00f3n de muestras tarda entre 7 y 9 d\u00edas laborables, mientras que la producci\u00f3n a granel se completa en 18-22 d\u00edas laborables, lo que garantiza unos plazos eficientes para los pedidos personalizados y al por mayor.<\/p>\n<\/div>\n<\/div>\n<\/div>\n<\/div>\n<\/div>\n<\/div>\n<\/section>\n<\/div>","protected":false},"excerpt":{"rendered":"<p>Sumkcaps 241031 Bordado de Seis Paneles con Borde Plano Snapback es una de las gorras m\u00e1s populares, ligera y transpirable. Nuestros Snapbacks vienen en una variedad de estilos y colores de todas las principales marcas.<\/p>","protected":false},"featured_media":16350,"template":"","meta":{"_acf_changed":false,"_kad_blocks_custom_css":"","_kad_blocks_head_custom_js":"","_kad_blocks_body_custom_js":"","_kad_blocks_footer_custom_js":""},"product_brand":[],"product_cat":[42],"product_tag":[],"class_list":{"0":"post-16349","1":"product","2":"type-product","3":"status-publish","4":"has-post-thumbnail","6":"product_cat-snapback-cap","8":"first","9":"outofstock","10":"shipping-taxable","11":"product-type-simple"},"acf":[],"yoast_head":"<!-- This site is optimized with the Yoast SEO Premium plugin v20.8 (Yoast SEO v25.9) - https:\/\/yoast.com\/wordpress\/plugins\/seo\/ -->\n<title>Custom Embroidered Flat Brim Snapback Cap | China Manufactuer<\/title>\n<meta name=\"description\" content=\"We are dedicated to manufacturing Premium Custom Caps, beanies and bucket hats. Patches available. Many custom options. Quick delivery. Order Today!\" \/>\n<meta name=\"robots\" content=\"index, follow, max-snippet:-1, max-image-preview:large, max-video-preview:-1\" \/>\n<link rel=\"canonical\" href=\"https:\/\/sumkcaps.com\/es\/producto\/sufox-241031-custom-gorra-snapback-de-seis-paneles-bordada-de-ala-plana\/\" \/>\n<meta property=\"og:locale\" content=\"es_ES\" \/>\n<meta property=\"og:type\" content=\"article\" \/>\n<meta property=\"og:title\" content=\"Sumkcaps 241031 Custom Six Panel Embroidered Flat Brim Snapback Cap - Sumkcaps\" \/>\n<meta property=\"og:description\" content=\"We are dedicated to manufacturing Premium Custom Caps, beanies and bucket hats. Patches available. Many custom options. Quick delivery. Order Today!\" \/>\n<meta property=\"og:url\" content=\"https:\/\/sumkcaps.com\/es\/producto\/sufox-241031-custom-gorra-snapback-de-seis-paneles-bordada-de-ala-plana\/\" \/>\n<meta property=\"og:site_name\" content=\"Sumkcaps-China Original Headwear Manufacturer and Suppliers\" \/>\n<meta property=\"article:publisher\" content=\"https:\/\/www.facebook.com\/sumkcap\" \/>\n<meta property=\"article:modified_time\" content=\"2026-03-23T08:13:35+00:00\" \/>\n<meta property=\"og:image\" content=\"https:\/\/sumkcaps.com\/wp-content\/uploads\/2022\/10\/6_panel_embroidery_falt_brim_snapback_hat-1.jpg\" \/>\n\t<meta property=\"og:image:width\" content=\"800\" \/>\n\t<meta property=\"og:image:height\" content=\"800\" \/>\n\t<meta property=\"og:image:type\" content=\"image\/jpeg\" \/>\n<meta name=\"twitter:card\" content=\"summary_large_image\" \/>\n<meta name=\"twitter:label1\" content=\"Tiempo de lectura\" \/>\n\t<meta name=\"twitter:data1\" content=\"2 minutos\" \/>\n<script type=\"application\/ld+json\" class=\"yoast-schema-graph\">{\"@context\":\"https:\/\/schema.org\",\"@graph\":[{\"@type\":\"WebPage\",\"@id\":\"https:\/\/sumkcaps.com\/product\/sufox-241031-custom-six-panel-embroidered-flat-brim-snapback-cap\/\",\"url\":\"https:\/\/sumkcaps.com\/product\/sufox-241031-custom-six-panel-embroidered-flat-brim-snapback-cap\/\",\"name\":\"Custom Embroidered Flat Brim Snapback Cap | China Manufactuer\",\"isPartOf\":{\"@id\":\"https:\/\/sumkcaps.com\/#website\"},\"primaryImageOfPage\":{\"@id\":\"https:\/\/sumkcaps.com\/product\/sufox-241031-custom-six-panel-embroidered-flat-brim-snapback-cap\/#primaryimage\"},\"image\":{\"@id\":\"https:\/\/sumkcaps.com\/product\/sufox-241031-custom-six-panel-embroidered-flat-brim-snapback-cap\/#primaryimage\"},\"thumbnailUrl\":\"https:\/\/sumkcaps.com\/wp-content\/uploads\/2022\/10\/6_panel_embroidery_falt_brim_snapback_hat-1.jpg\",\"datePublished\":\"2022-10-12T05:58:11+00:00\",\"dateModified\":\"2026-03-23T08:13:35+00:00\",\"description\":\"We are dedicated to manufacturing Premium Custom Caps, beanies and bucket hats. Patches available. Many custom options. Quick delivery. Order Today!\",\"breadcrumb\":{\"@id\":\"https:\/\/sumkcaps.com\/product\/sufox-241031-custom-six-panel-embroidered-flat-brim-snapback-cap\/#breadcrumb\"},\"inLanguage\":\"es\",\"potentialAction\":[{\"@type\":\"ReadAction\",\"target\":[\"https:\/\/sumkcaps.com\/product\/sufox-241031-custom-six-panel-embroidered-flat-brim-snapback-cap\/\"]}]},{\"@type\":\"ImageObject\",\"inLanguage\":\"es\",\"@id\":\"https:\/\/sumkcaps.com\/product\/sufox-241031-custom-six-panel-embroidered-flat-brim-snapback-cap\/#primaryimage\",\"url\":\"https:\/\/sumkcaps.com\/wp-content\/uploads\/2022\/10\/6_panel_embroidery_falt_brim_snapback_hat-1.jpg\",\"contentUrl\":\"https:\/\/sumkcaps.com\/wp-content\/uploads\/2022\/10\/6_panel_embroidery_falt_brim_snapback_hat-1.jpg\",\"width\":800,\"height\":800},{\"@type\":\"BreadcrumbList\",\"@id\":\"https:\/\/sumkcaps.com\/product\/sufox-241031-custom-six-panel-embroidered-flat-brim-snapback-cap\/#breadcrumb\",\"itemListElement\":[{\"@type\":\"ListItem\",\"position\":1,\"name\":\"Home\",\"item\":\"https:\/\/sumkcaps.com\/\"},{\"@type\":\"ListItem\",\"position\":2,\"name\":\"Products\",\"item\":\"https:\/\/sumkcaps.com\/product\/\"},{\"@type\":\"ListItem\",\"position\":3,\"name\":\"Sumkcaps 241031 Custom Six Panel Embroidered Flat Brim Snapback Cap\"}]},{\"@type\":\"WebSite\",\"@id\":\"https:\/\/sumkcaps.com\/#website\",\"url\":\"https:\/\/sumkcaps.com\/\",\"name\":\"Sumkcaps-China Original Headwear Manufacturer and Suppliers\",\"description\":\"We are China Cap And Hat Original Factory, whose main business is to custom cap and hat as client&#039;s LOGO. Any cap style, any cap color, any qty, any material and qty is no problem. In one words, any small details can be customized as your request.\",\"publisher\":{\"@id\":\"https:\/\/sumkcaps.com\/#organization\"},\"potentialAction\":[{\"@type\":\"SearchAction\",\"target\":{\"@type\":\"EntryPoint\",\"urlTemplate\":\"https:\/\/sumkcaps.com\/?s={search_term_string}\"},\"query-input\":{\"@type\":\"PropertyValueSpecification\",\"valueRequired\":true,\"valueName\":\"search_term_string\"}}],\"inLanguage\":\"es\"},{\"@type\":\"Organization\",\"@id\":\"https:\/\/sumkcaps.com\/#organization\",\"name\":\"Sumkcaps-China Original Headwear Manufacturer and Suppliers\",\"url\":\"https:\/\/sumkcaps.com\/\",\"logo\":{\"@type\":\"ImageObject\",\"inLanguage\":\"es\",\"@id\":\"https:\/\/sumkcaps.com\/#\/schema\/logo\/image\/\",\"url\":\"https:\/\/sumkcaps.com\/wp-content\/uploads\/2025\/12\/1234.jpg\",\"contentUrl\":\"https:\/\/sumkcaps.com\/wp-content\/uploads\/2025\/12\/1234.jpg\",\"width\":800,\"height\":800,\"caption\":\"Sumkcaps-China Original Headwear Manufacturer and Suppliers\"},\"image\":{\"@id\":\"https:\/\/sumkcaps.com\/#\/schema\/logo\/image\/\"},\"sameAs\":[\"https:\/\/www.facebook.com\/sumkcap\",\"https:\/\/www.instagram.com\/sumkcaps7\/\",\"https:\/\/www.pinterest.com\/sumkcapschina\/\"]}]}<\/script>\n<!-- \/ Yoast SEO Premium plugin. -->","yoast_head_json":{"title":"Bordado personalizado de ala plana Snapback Cap | China Manufactuer","description":"Nos dedicamos a la fabricaci\u00f3n de gorras, gorros y sombreros de cubo personalizados de primera calidad. Parches disponibles. Muchas opciones personalizadas. Entrega r\u00e1pida. \u00a1Haga su pedido hoy!","robots":{"index":"index","follow":"follow","max-snippet":"max-snippet:-1","max-image-preview":"max-image-preview:large","max-video-preview":"max-video-preview:-1"},"canonical":"https:\/\/sumkcaps.com\/es\/producto\/sufox-241031-custom-gorra-snapback-de-seis-paneles-bordada-de-ala-plana\/","og_locale":"es_ES","og_type":"article","og_title":"Sumkcaps 241031 Custom Six Panel Embroidered Flat Brim Snapback Cap - Sumkcaps","og_description":"We are dedicated to manufacturing Premium Custom Caps, beanies and bucket hats. Patches available. Many custom options. Quick delivery. Order Today!","og_url":"https:\/\/sumkcaps.com\/es\/producto\/sufox-241031-custom-gorra-snapback-de-seis-paneles-bordada-de-ala-plana\/","og_site_name":"Sumkcaps-China Original Headwear Manufacturer and Suppliers","article_publisher":"https:\/\/www.facebook.com\/sumkcap","article_modified_time":"2026-03-23T08:13:35+00:00","og_image":[{"width":800,"height":800,"url":"https:\/\/sumkcaps.com\/wp-content\/uploads\/2022\/10\/6_panel_embroidery_falt_brim_snapback_hat-1.jpg","type":"image\/jpeg"}],"twitter_card":"summary_large_image","twitter_misc":{"Tiempo de lectura":"2 minutos"},"schema":{"@context":"https:\/\/schema.org","@graph":[{"@type":"WebPage","@id":"https:\/\/sumkcaps.com\/product\/sufox-241031-custom-six-panel-embroidered-flat-brim-snapback-cap\/","url":"https:\/\/sumkcaps.com\/product\/sufox-241031-custom-six-panel-embroidered-flat-brim-snapback-cap\/","name":"Bordado personalizado de ala plana Snapback Cap | China Manufactuer","isPartOf":{"@id":"https:\/\/sumkcaps.com\/#website"},"primaryImageOfPage":{"@id":"https:\/\/sumkcaps.com\/product\/sufox-241031-custom-six-panel-embroidered-flat-brim-snapback-cap\/#primaryimage"},"image":{"@id":"https:\/\/sumkcaps.com\/product\/sufox-241031-custom-six-panel-embroidered-flat-brim-snapback-cap\/#primaryimage"},"thumbnailUrl":"https:\/\/sumkcaps.com\/wp-content\/uploads\/2022\/10\/6_panel_embroidery_falt_brim_snapback_hat-1.jpg","datePublished":"2022-10-12T05:58:11+00:00","dateModified":"2026-03-23T08:13:35+00:00","description":"Nos dedicamos a la fabricaci\u00f3n de gorras, gorros y sombreros de cubo personalizados de primera calidad. Parches disponibles. Muchas opciones personalizadas. Entrega r\u00e1pida. \u00a1Haga su pedido hoy!","breadcrumb":{"@id":"https:\/\/sumkcaps.com\/product\/sufox-241031-custom-six-panel-embroidered-flat-brim-snapback-cap\/#breadcrumb"},"inLanguage":"es","potentialAction":[{"@type":"ReadAction","target":["https:\/\/sumkcaps.com\/product\/sufox-241031-custom-six-panel-embroidered-flat-brim-snapback-cap\/"]}]},{"@type":"ImageObject","inLanguage":"es","@id":"https:\/\/sumkcaps.com\/product\/sufox-241031-custom-six-panel-embroidered-flat-brim-snapback-cap\/#primaryimage","url":"https:\/\/sumkcaps.com\/wp-content\/uploads\/2022\/10\/6_panel_embroidery_falt_brim_snapback_hat-1.jpg","contentUrl":"https:\/\/sumkcaps.com\/wp-content\/uploads\/2022\/10\/6_panel_embroidery_falt_brim_snapback_hat-1.jpg","width":800,"height":800},{"@type":"BreadcrumbList","@id":"https:\/\/sumkcaps.com\/product\/sufox-241031-custom-six-panel-embroidered-flat-brim-snapback-cap\/#breadcrumb","itemListElement":[{"@type":"ListItem","position":1,"name":"Home","item":"https:\/\/sumkcaps.com\/"},{"@type":"ListItem","position":2,"name":"Products","item":"https:\/\/sumkcaps.com\/product\/"},{"@type":"ListItem","position":3,"name":"Sumkcaps 241031 Custom Six Panel Embroidered Flat Brim Snapback Cap"}]},{"@type":"WebSite","@id":"https:\/\/sumkcaps.com\/#website","url":"https:\/\/sumkcaps.com\/","name":"Sumkcaps-China Fabricante y proveedor de gorras originales","description":"Somos gorra de China y el sombrero original de la f\u00e1brica, cuya actividad principal es la costumbre gorra y el sombrero como cliente&#039;s LOGO. Cualquier estilo gorra, cualquier color gorra, cualquier cantidad, cualquier material y cantidad no es problema. En una palabra, cualquier peque\u00f1o detalle puede ser personalizado como su solicitud.","publisher":{"@id":"https:\/\/sumkcaps.com\/#organization"},"potentialAction":[{"@type":"SearchAction","target":{"@type":"EntryPoint","urlTemplate":"https:\/\/sumkcaps.com\/?s={search_term_string}"},"query-input":{"@type":"PropertyValueSpecification","valueRequired":true,"valueName":"search_term_string"}}],"inLanguage":"es"},{"@type":"Organization","@id":"https:\/\/sumkcaps.com\/#organization","name":"Sumkcaps-China Fabricante y proveedor de gorras originales","url":"https:\/\/sumkcaps.com\/","logo":{"@type":"ImageObject","inLanguage":"es","@id":"https:\/\/sumkcaps.com\/#\/schema\/logo\/image\/","url":"https:\/\/sumkcaps.com\/wp-content\/uploads\/2025\/12\/1234.jpg","contentUrl":"https:\/\/sumkcaps.com\/wp-content\/uploads\/2025\/12\/1234.jpg","width":800,"height":800,"caption":"Sumkcaps-China Original Headwear Manufacturer and Suppliers"},"image":{"@id":"https:\/\/sumkcaps.com\/#\/schema\/logo\/image\/"},"sameAs":["https:\/\/www.facebook.com\/sumkcap","https:\/\/www.instagram.com\/sumkcaps7\/","https:\/\/www.pinterest.com\/sumkcapschina\/"]}]}},"taxonomy_info":{"product_cat":[{"value":42,"label":"Snapback Hats Wholesale"}]},"featured_image_src_large":["https:\/\/sumkcaps.com\/wp-content\/uploads\/2022\/10\/6_panel_embroidery_falt_brim_snapback_hat-1.jpg",800,800,false],"author_info":[],"comment_info":"","_links":{"self":[{"href":"https:\/\/sumkcaps.com\/es\/wp-json\/wp\/v2\/product\/16349","targetHints":{"allow":["GET"]}}],"collection":[{"href":"https:\/\/sumkcaps.com\/es\/wp-json\/wp\/v2\/product"}],"about":[{"href":"https:\/\/sumkcaps.com\/es\/wp-json\/wp\/v2\/types\/product"}],"wp:featuredmedia":[{"embeddable":true,"href":"https:\/\/sumkcaps.com\/es\/wp-json\/wp\/v2\/media\/16350"}],"wp:attachment":[{"href":"https:\/\/sumkcaps.com\/es\/wp-json\/wp\/v2\/media?parent=16349"}],"wp:term":[{"taxonomy":"product_brand","embeddable":true,"href":"https:\/\/sumkcaps.com\/es\/wp-json\/wp\/v2\/product_brand?post=16349"},{"taxonomy":"product_cat","embeddable":true,"href":"https:\/\/sumkcaps.com\/es\/wp-json\/wp\/v2\/product_cat?post=16349"},{"taxonomy":"product_tag","embeddable":true,"href":"https:\/\/sumkcaps.com\/es\/wp-json\/wp\/v2\/product_tag?post=16349"}],"curies":[{"name":"wp","href":"https:\/\/api.w.org\/{rel}","templated":true}]}}