{"id":15938,"date":"2022-09-29T13:48:57","date_gmt":"2022-09-29T05:48:57","guid":{"rendered":"https:\/\/sumkcaps.com\/?post_type=product&#038;p=15938"},"modified":"2026-04-03T09:51:24","modified_gmt":"2026-04-03T01:51:24","slug":"sufox-23941-custom-five-panel-embroidered-hip-hop-two-tone-snapback-cap","status":"publish","type":"product","link":"https:\/\/sumkcaps.com\/es\/producto\/sufox-23941-custom-five-panel-embroidered-hip-hop-two-tone-snapback-cap\/","title":{"rendered":"Sumkcaps 23941 Custom Cinco Paneles Bordado Hip Hop Dos Tonos Snapback Cap"},"content":{"rendered":"<h3 data-section-id=\"1o0wlg4\" data-start=\"125\" data-end=\"161\"><span role=\"text\"><strong data-start=\"129\" data-end=\"159\">Decoraci\u00f3n<\/strong><\/span><\/h3>\n<p data-start=\"162\" data-end=\"446\">The cap features high-quality 3D embroidery, delivering a raised, textured logo that stands out visually and physically. This technique enhances brand visibility and durability, making it ideal for bold designs, streetwear collections, and promotional headwear that demands attention.<\/p>\n<h3 data-section-id=\"1p2br5x\" data-start=\"453\" data-end=\"486\"><span role=\"text\"><strong data-start=\"457\" data-end=\"484\">Material<\/strong><\/span><\/h3>\n<p data-start=\"487\" data-end=\"774\">Crafted from 100% acrylic, this snapback offers excellent durability, shape retention, and resistance to wrinkles. The fabric is lightweight yet sturdy, providing a structured look while maintaining comfort, making it suitable for everyday wear and long-term use in various environments.<\/p>\n<h3 data-section-id=\"slu0w9\" data-start=\"781\" data-end=\"809\"><span role=\"text\"><strong data-start=\"785\" data-end=\"807\">Color<\/strong><\/span><\/h3>\n<p data-start=\"810\" data-end=\"1086\">Available in fully customized color options, this two-tone snapback allows brands to match exact Pantone shades or create unique color combinations. This flexibility ensures your design aligns perfectly with your brand identity, seasonal collections, or promotional campaigns.<\/p>\n<h3 data-section-id=\"1ujt2bk\" data-start=\"1093\" data-end=\"1132\"><span role=\"text\"><strong data-start=\"1097\" data-end=\"1130\">Ajuste y talla<\/strong><\/span><\/h3>\n<p data-start=\"1133\" data-end=\"1389\">Designed with an adjustable snapback closure, this cap offers a one-size-fits-most (OSFM) fit ranging from 7 to 7 3\/4. It ensures a secure and comfortable fit for most head sizes, making it a versatile choice for bulk orders and wide customer demographics.<\/p>\n<h3 data-section-id=\"3asju8\" data-start=\"1396\" data-end=\"1423\"><span role=\"text\"><strong data-start=\"1400\" data-end=\"1421\">Visera<\/strong><\/span><\/h3>\n<p data-start=\"1424\" data-end=\"1666\">The flat bill design delivers a modern, urban aesthetic that is popular in hip hop and streetwear fashion. It maintains its shape over time and provides effective sun protection, making it both stylish and functional for everyday outdoor use.<\/p>\n<h3 data-section-id=\"3nymbz\" data-start=\"1673\" data-end=\"1702\"><span role=\"text\"><strong data-start=\"1677\" data-end=\"1700\">Servicio<\/strong><\/span><\/h3>\n<p data-start=\"1703\" data-end=\"1965\">We provide comprehensive OEM and ODM services, supporting custom logos, materials, colors, and packaging. Whether you have a ready design or need development assistance, our team ensures efficient communication and high-quality production tailored to your brand.<\/p>\n<h3 data-section-id=\"1mx9aa5\" data-start=\"1972\" data-end=\"1997\"><span role=\"text\"><strong data-start=\"1976\" data-end=\"1995\">Plazo de entrega<\/strong><\/span><\/h3>\n<p data-start=\"1998\" data-end=\"2249\" data-is-last-node=\"\" data-is-only-node=\"\">Our efficient production process ensures quick delivery, with samples completed within 7\u20139 working days and bulk production finished in 18\u201322 working days. This reliable timeline helps brands meet tight deadlines and respond quickly to market demands.<\/p>","protected":false},"excerpt":{"rendered":"<p>Sumkcaps 23941 Bordado Personalizado Hip Hop Dos Tonos Cinco Panel Snapback Cap Es Uno De Los Populares Estilo Cap, Peso Ligero Y Transpirable Bien. Nuestros Snapbacks vienen en una variedad de estilos y colores de todas las principales marcas.<\/p>","protected":false},"featured_media":15939,"template":"","meta":{"_acf_changed":false,"_kad_blocks_custom_css":"","_kad_blocks_head_custom_js":"","_kad_blocks_body_custom_js":"","_kad_blocks_footer_custom_js":""},"product_brand":[],"product_cat":[42],"product_tag":[],"class_list":{"0":"post-15938","1":"product","2":"type-product","3":"status-publish","4":"has-post-thumbnail","6":"product_cat-snapback-cap","8":"first","9":"outofstock","10":"shipping-taxable","11":"product-type-simple"},"acf":[],"yoast_head":"<!-- This site is optimized with the Yoast SEO Premium plugin v20.8 (Yoast SEO v25.9) - https:\/\/yoast.com\/wordpress\/plugins\/seo\/ -->\n<title>Custom Embroidery Two Tone Snapback Cap | China Manufactuer<\/title>\n<meta name=\"description\" content=\"More Than 10 Years Of Experience In The Headwear Industry. Cap Manufacturers. Add Your Logo or Custom Design Online. Expert Service. Bulk Discount.\" \/>\n<meta name=\"robots\" content=\"index, follow, max-snippet:-1, max-image-preview:large, max-video-preview:-1\" \/>\n<link rel=\"canonical\" href=\"https:\/\/sumkcaps.com\/es\/producto\/sufox-23941-custom-five-panel-embroidered-hip-hop-two-tone-snapback-cap\/\" \/>\n<meta property=\"og:locale\" content=\"es_ES\" \/>\n<meta property=\"og:type\" content=\"article\" \/>\n<meta property=\"og:title\" content=\"Sumkcaps 23941 Custom Five Panel Embroidered Hip Hop Two Tone Snapback Cap - Sumkcaps\" \/>\n<meta property=\"og:description\" content=\"More Than 10 Years Of Experience In The Headwear Industry. Cap Manufacturers. Add Your Logo or Custom Design Online. Expert Service. Bulk Discount.\" \/>\n<meta property=\"og:url\" content=\"https:\/\/sumkcaps.com\/es\/producto\/sufox-23941-custom-five-panel-embroidered-hip-hop-two-tone-snapback-cap\/\" \/>\n<meta property=\"og:site_name\" content=\"Sumkcaps-China Original Headwear Manufacturer and Suppliers\" \/>\n<meta property=\"article:publisher\" content=\"https:\/\/www.facebook.com\/sumkcap\" \/>\n<meta property=\"article:modified_time\" content=\"2026-04-03T01:51:24+00:00\" \/>\n<meta property=\"og:image\" content=\"https:\/\/sumkcaps.com\/wp-content\/uploads\/2022\/09\/hip_hop_5_panel_snapback_cap-1.jpg\" \/>\n\t<meta property=\"og:image:width\" content=\"800\" \/>\n\t<meta property=\"og:image:height\" content=\"800\" \/>\n\t<meta property=\"og:image:type\" content=\"image\/jpeg\" \/>\n<meta name=\"twitter:card\" content=\"summary_large_image\" \/>\n<meta name=\"twitter:label1\" content=\"Tiempo de lectura\" \/>\n\t<meta name=\"twitter:data1\" content=\"2 minutos\" \/>\n<script type=\"application\/ld+json\" class=\"yoast-schema-graph\">{\"@context\":\"https:\/\/schema.org\",\"@graph\":[{\"@type\":\"WebPage\",\"@id\":\"https:\/\/sumkcaps.com\/product\/sufox-23941-custom-five-panel-embroidered-hip-hop-two-tone-snapback-cap\/\",\"url\":\"https:\/\/sumkcaps.com\/product\/sufox-23941-custom-five-panel-embroidered-hip-hop-two-tone-snapback-cap\/\",\"name\":\"Custom Embroidery Two Tone Snapback Cap | China Manufactuer\",\"isPartOf\":{\"@id\":\"https:\/\/sumkcaps.com\/#website\"},\"primaryImageOfPage\":{\"@id\":\"https:\/\/sumkcaps.com\/product\/sufox-23941-custom-five-panel-embroidered-hip-hop-two-tone-snapback-cap\/#primaryimage\"},\"image\":{\"@id\":\"https:\/\/sumkcaps.com\/product\/sufox-23941-custom-five-panel-embroidered-hip-hop-two-tone-snapback-cap\/#primaryimage\"},\"thumbnailUrl\":\"https:\/\/sumkcaps.com\/wp-content\/uploads\/2022\/09\/hip_hop_5_panel_snapback_cap-1.jpg\",\"datePublished\":\"2022-09-29T05:48:57+00:00\",\"dateModified\":\"2026-04-03T01:51:24+00:00\",\"description\":\"More Than 10 Years Of Experience In The Headwear Industry. Cap Manufacturers. Add Your Logo or Custom Design Online. Expert Service. Bulk Discount.\",\"breadcrumb\":{\"@id\":\"https:\/\/sumkcaps.com\/product\/sufox-23941-custom-five-panel-embroidered-hip-hop-two-tone-snapback-cap\/#breadcrumb\"},\"inLanguage\":\"es\",\"potentialAction\":[{\"@type\":\"ReadAction\",\"target\":[\"https:\/\/sumkcaps.com\/product\/sufox-23941-custom-five-panel-embroidered-hip-hop-two-tone-snapback-cap\/\"]}]},{\"@type\":\"ImageObject\",\"inLanguage\":\"es\",\"@id\":\"https:\/\/sumkcaps.com\/product\/sufox-23941-custom-five-panel-embroidered-hip-hop-two-tone-snapback-cap\/#primaryimage\",\"url\":\"https:\/\/sumkcaps.com\/wp-content\/uploads\/2022\/09\/hip_hop_5_panel_snapback_cap-1.jpg\",\"contentUrl\":\"https:\/\/sumkcaps.com\/wp-content\/uploads\/2022\/09\/hip_hop_5_panel_snapback_cap-1.jpg\",\"width\":800,\"height\":800},{\"@type\":\"BreadcrumbList\",\"@id\":\"https:\/\/sumkcaps.com\/product\/sufox-23941-custom-five-panel-embroidered-hip-hop-two-tone-snapback-cap\/#breadcrumb\",\"itemListElement\":[{\"@type\":\"ListItem\",\"position\":1,\"name\":\"Home\",\"item\":\"https:\/\/sumkcaps.com\/\"},{\"@type\":\"ListItem\",\"position\":2,\"name\":\"Products\",\"item\":\"https:\/\/sumkcaps.com\/product\/\"},{\"@type\":\"ListItem\",\"position\":3,\"name\":\"Sumkcaps 23941 Custom Five Panel Embroidered Hip Hop Two Tone Snapback Cap\"}]},{\"@type\":\"WebSite\",\"@id\":\"https:\/\/sumkcaps.com\/#website\",\"url\":\"https:\/\/sumkcaps.com\/\",\"name\":\"Sumkcaps-China Original Headwear Manufacturer and Suppliers\",\"description\":\"We are China Cap And Hat Original Factory, whose main business is to custom cap and hat as client&#039;s LOGO. Any cap style, any cap color, any qty, any material and qty is no problem. In one words, any small details can be customized as your request.\",\"publisher\":{\"@id\":\"https:\/\/sumkcaps.com\/#organization\"},\"potentialAction\":[{\"@type\":\"SearchAction\",\"target\":{\"@type\":\"EntryPoint\",\"urlTemplate\":\"https:\/\/sumkcaps.com\/?s={search_term_string}\"},\"query-input\":{\"@type\":\"PropertyValueSpecification\",\"valueRequired\":true,\"valueName\":\"search_term_string\"}}],\"inLanguage\":\"es\"},{\"@type\":\"Organization\",\"@id\":\"https:\/\/sumkcaps.com\/#organization\",\"name\":\"Sumkcaps-China Original Headwear Manufacturer and Suppliers\",\"url\":\"https:\/\/sumkcaps.com\/\",\"logo\":{\"@type\":\"ImageObject\",\"inLanguage\":\"es\",\"@id\":\"https:\/\/sumkcaps.com\/#\/schema\/logo\/image\/\",\"url\":\"https:\/\/sumkcaps.com\/wp-content\/uploads\/2025\/12\/1234.jpg\",\"contentUrl\":\"https:\/\/sumkcaps.com\/wp-content\/uploads\/2025\/12\/1234.jpg\",\"width\":800,\"height\":800,\"caption\":\"Sumkcaps-China Original Headwear Manufacturer and Suppliers\"},\"image\":{\"@id\":\"https:\/\/sumkcaps.com\/#\/schema\/logo\/image\/\"},\"sameAs\":[\"https:\/\/www.facebook.com\/sumkcap\",\"https:\/\/www.instagram.com\/sumkcaps7\/\",\"https:\/\/www.pinterest.com\/sumkcapschina\/\"]}]}<\/script>\n<!-- \/ Yoast SEO Premium plugin. -->","yoast_head_json":{"title":"Bordado personalizado de dos tonos Snapback Cap | China Manufactuer","description":"M\u00e1s de 10 a\u00f1os de experiencia en el sector de la sombrerer\u00eda. Fabricantes de Gorras. A\u00f1ada su logotipo o dise\u00f1o personalizado en l\u00ednea. Servicio experto. Descuento por volumen.","robots":{"index":"index","follow":"follow","max-snippet":"max-snippet:-1","max-image-preview":"max-image-preview:large","max-video-preview":"max-video-preview:-1"},"canonical":"https:\/\/sumkcaps.com\/es\/producto\/sufox-23941-custom-five-panel-embroidered-hip-hop-two-tone-snapback-cap\/","og_locale":"es_ES","og_type":"article","og_title":"Sumkcaps 23941 Custom Five Panel Embroidered Hip Hop Two Tone Snapback Cap - Sumkcaps","og_description":"More Than 10 Years Of Experience In The Headwear Industry. Cap Manufacturers. Add Your Logo or Custom Design Online. Expert Service. Bulk Discount.","og_url":"https:\/\/sumkcaps.com\/es\/producto\/sufox-23941-custom-five-panel-embroidered-hip-hop-two-tone-snapback-cap\/","og_site_name":"Sumkcaps-China Original Headwear Manufacturer and Suppliers","article_publisher":"https:\/\/www.facebook.com\/sumkcap","article_modified_time":"2026-04-03T01:51:24+00:00","og_image":[{"width":800,"height":800,"url":"https:\/\/sumkcaps.com\/wp-content\/uploads\/2022\/09\/hip_hop_5_panel_snapback_cap-1.jpg","type":"image\/jpeg"}],"twitter_card":"summary_large_image","twitter_misc":{"Tiempo de lectura":"2 minutos"},"schema":{"@context":"https:\/\/schema.org","@graph":[{"@type":"WebPage","@id":"https:\/\/sumkcaps.com\/product\/sufox-23941-custom-five-panel-embroidered-hip-hop-two-tone-snapback-cap\/","url":"https:\/\/sumkcaps.com\/product\/sufox-23941-custom-five-panel-embroidered-hip-hop-two-tone-snapback-cap\/","name":"Bordado personalizado de dos tonos Snapback Cap | China Manufactuer","isPartOf":{"@id":"https:\/\/sumkcaps.com\/#website"},"primaryImageOfPage":{"@id":"https:\/\/sumkcaps.com\/product\/sufox-23941-custom-five-panel-embroidered-hip-hop-two-tone-snapback-cap\/#primaryimage"},"image":{"@id":"https:\/\/sumkcaps.com\/product\/sufox-23941-custom-five-panel-embroidered-hip-hop-two-tone-snapback-cap\/#primaryimage"},"thumbnailUrl":"https:\/\/sumkcaps.com\/wp-content\/uploads\/2022\/09\/hip_hop_5_panel_snapback_cap-1.jpg","datePublished":"2022-09-29T05:48:57+00:00","dateModified":"2026-04-03T01:51:24+00:00","description":"M\u00e1s de 10 a\u00f1os de experiencia en el sector de la sombrerer\u00eda. Fabricantes de Gorras. A\u00f1ada su logotipo o dise\u00f1o personalizado en l\u00ednea. Servicio experto. Descuento por volumen.","breadcrumb":{"@id":"https:\/\/sumkcaps.com\/product\/sufox-23941-custom-five-panel-embroidered-hip-hop-two-tone-snapback-cap\/#breadcrumb"},"inLanguage":"es","potentialAction":[{"@type":"ReadAction","target":["https:\/\/sumkcaps.com\/product\/sufox-23941-custom-five-panel-embroidered-hip-hop-two-tone-snapback-cap\/"]}]},{"@type":"ImageObject","inLanguage":"es","@id":"https:\/\/sumkcaps.com\/product\/sufox-23941-custom-five-panel-embroidered-hip-hop-two-tone-snapback-cap\/#primaryimage","url":"https:\/\/sumkcaps.com\/wp-content\/uploads\/2022\/09\/hip_hop_5_panel_snapback_cap-1.jpg","contentUrl":"https:\/\/sumkcaps.com\/wp-content\/uploads\/2022\/09\/hip_hop_5_panel_snapback_cap-1.jpg","width":800,"height":800},{"@type":"BreadcrumbList","@id":"https:\/\/sumkcaps.com\/product\/sufox-23941-custom-five-panel-embroidered-hip-hop-two-tone-snapback-cap\/#breadcrumb","itemListElement":[{"@type":"ListItem","position":1,"name":"Home","item":"https:\/\/sumkcaps.com\/"},{"@type":"ListItem","position":2,"name":"Products","item":"https:\/\/sumkcaps.com\/product\/"},{"@type":"ListItem","position":3,"name":"Sumkcaps 23941 Custom Five Panel Embroidered Hip Hop Two Tone Snapback Cap"}]},{"@type":"WebSite","@id":"https:\/\/sumkcaps.com\/#website","url":"https:\/\/sumkcaps.com\/","name":"Sumkcaps-China Fabricante y proveedor de gorras originales","description":"Somos gorra de China y el sombrero original de la f\u00e1brica, cuya actividad principal es la costumbre gorra y el sombrero como cliente&#039;s LOGO. Cualquier estilo gorra, cualquier color gorra, cualquier cantidad, cualquier material y cantidad no es problema. En una palabra, cualquier peque\u00f1o detalle puede ser personalizado como su solicitud.","publisher":{"@id":"https:\/\/sumkcaps.com\/#organization"},"potentialAction":[{"@type":"SearchAction","target":{"@type":"EntryPoint","urlTemplate":"https:\/\/sumkcaps.com\/?s={search_term_string}"},"query-input":{"@type":"PropertyValueSpecification","valueRequired":true,"valueName":"search_term_string"}}],"inLanguage":"es"},{"@type":"Organization","@id":"https:\/\/sumkcaps.com\/#organization","name":"Sumkcaps-China Fabricante y proveedor de gorras originales","url":"https:\/\/sumkcaps.com\/","logo":{"@type":"ImageObject","inLanguage":"es","@id":"https:\/\/sumkcaps.com\/#\/schema\/logo\/image\/","url":"https:\/\/sumkcaps.com\/wp-content\/uploads\/2025\/12\/1234.jpg","contentUrl":"https:\/\/sumkcaps.com\/wp-content\/uploads\/2025\/12\/1234.jpg","width":800,"height":800,"caption":"Sumkcaps-China Original Headwear Manufacturer and Suppliers"},"image":{"@id":"https:\/\/sumkcaps.com\/#\/schema\/logo\/image\/"},"sameAs":["https:\/\/www.facebook.com\/sumkcap","https:\/\/www.instagram.com\/sumkcaps7\/","https:\/\/www.pinterest.com\/sumkcapschina\/"]}]}},"taxonomy_info":{"product_cat":[{"value":42,"label":"Snapback Hats Wholesale"}]},"featured_image_src_large":["https:\/\/sumkcaps.com\/wp-content\/uploads\/2022\/09\/hip_hop_5_panel_snapback_cap-1.jpg",800,800,false],"author_info":[],"comment_info":"","_links":{"self":[{"href":"https:\/\/sumkcaps.com\/es\/wp-json\/wp\/v2\/product\/15938","targetHints":{"allow":["GET"]}}],"collection":[{"href":"https:\/\/sumkcaps.com\/es\/wp-json\/wp\/v2\/product"}],"about":[{"href":"https:\/\/sumkcaps.com\/es\/wp-json\/wp\/v2\/types\/product"}],"wp:featuredmedia":[{"embeddable":true,"href":"https:\/\/sumkcaps.com\/es\/wp-json\/wp\/v2\/media\/15939"}],"wp:attachment":[{"href":"https:\/\/sumkcaps.com\/es\/wp-json\/wp\/v2\/media?parent=15938"}],"wp:term":[{"taxonomy":"product_brand","embeddable":true,"href":"https:\/\/sumkcaps.com\/es\/wp-json\/wp\/v2\/product_brand?post=15938"},{"taxonomy":"product_cat","embeddable":true,"href":"https:\/\/sumkcaps.com\/es\/wp-json\/wp\/v2\/product_cat?post=15938"},{"taxonomy":"product_tag","embeddable":true,"href":"https:\/\/sumkcaps.com\/es\/wp-json\/wp\/v2\/product_tag?post=15938"}],"curies":[{"name":"wp","href":"https:\/\/api.w.org\/{rel}","templated":true}]}}