{"id":15921,"date":"2022-09-29T13:25:54","date_gmt":"2022-09-29T05:25:54","guid":{"rendered":"https:\/\/sumkcaps.com\/?post_type=product&#038;p=15921"},"modified":"2026-01-12T10:07:57","modified_gmt":"2026-01-12T02:07:57","slug":"sufox-23938-custom-two-side-reversible-bucket-hats","status":"publish","type":"product","link":"https:\/\/sumkcaps.com\/es\/producto\/sufox-23938-sombreros-de-cubo-reversibles-de-dos-lados-personalizados\/","title":{"rendered":"Sumkcaps 23938 Sombreros de cubo reversibles a dos caras personalizados"},"content":{"rendered":"<h3 data-start=\"86\" data-end=\"123\">Decoraci\u00f3n<\/h3>\n<p data-start=\"124\" data-end=\"564\">Dise\u00f1ado con una estructura totalmente reversible, este sombrero de cubo ofrece dos aspectos distintos en un solo producto. Cada lado puede presentar colores, motivos o elementos de marca diferentes, lo que permite la m\u00e1xima libertad creativa para dise\u00f1os personalizados. Ideal para las marcas que buscan versatilidad, la decoraci\u00f3n reversible mejora la portabilidad al tiempo que duplica las opciones de estilo, por lo que es perfecto para uso promocional, colecciones de venta al por menor, o l\u00edneas de moda callejera.<\/p>\n<h3 data-start=\"571\" data-end=\"604\">Material<\/h3>\n<p data-start=\"605\" data-end=\"1023\">Confeccionado con una duradera mezcla de poli\u00e9ster y algod\u00f3n, este gorro es c\u00f3modo, transpirable y duradero. El componente de algod\u00f3n proporciona un tacto suave y agradable a la piel, mientras que el poli\u00e9ster a\u00f1ade fuerza, retenci\u00f3n de la forma y resistencia a las arrugas. Esta combinaci\u00f3n de materiales garantiza el buen rendimiento del sombrero en el uso diario, las actividades al aire libre y el uso frecuente, manteniendo su aspecto y comodidad con el paso del tiempo.<\/p>\n<h3 data-start=\"1030\" data-end=\"1054\">Forma<\/h3>\n<p data-start=\"1055\" data-end=\"1444\">Con una silueta de sombrero de cubo cl\u00e1sico, este dise\u00f1o ofrece una forma relajada y atemporal adecuada para todas las estaciones. El ala inclinada uniformemente proporciona un estilo informal y una cobertura funcional, mientras que la corona estructurada garantiza un ajuste uniforme. Su forma universalmente popular la convierte en una excelente elecci\u00f3n para marcas de ropa urbana, marcas de estilo de vida y art\u00edculos promocionales que buscan un amplio atractivo en el mercado.<\/p>\n<h3 data-start=\"1451\" data-end=\"1471\">Color<\/h3>\n<p data-start=\"1472\" data-end=\"1865\">Este sombrero de cubo admite la personalizaci\u00f3n a todo color en ambas caras, lo que permite a las marcas combinar tonos Pantone espec\u00edficos, paletas estacionales o colores de marca caracter\u00edsticos. Tanto si prefiere contrastes atrevidos, tonos sutiles o estampados creativos, las opciones de colores personalizados ayudan a dar vida a conceptos de dise\u00f1o \u00fanicos. Esta flexibilidad hace que la gorra sea adecuada para colecciones de moda, eventos y campa\u00f1as de marca.<\/p>\n<h3 data-start=\"1872\" data-end=\"1894\">Visera<\/h3>\n<p data-start=\"1895\" data-end=\"2264\">Dise\u00f1ado sin visera tradicional, este sombrero de cubo mantiene un perfil limpio y minimalista a la vez que ofrece una cobertura total del ala. La estructura sin visera aumenta la comodidad y la flexibilidad, lo que facilita su transporte, plegado y uso en diversos entornos. Esta elecci\u00f3n de dise\u00f1o enfatiza el estilo informal y la practicidad, ideal para viajar, el ocio al aire libre y la ropa de calle diaria.<\/p>\n<h3 data-start=\"2271\" data-end=\"2306\">Ajuste y talla<\/h3>\n<p data-start=\"2307\" data-end=\"2654\">Con un dise\u00f1o de talla \u00fanica, este sombrero de cubo se adapta c\u00f3modamente a tama\u00f1os de cabeza que van del 7 al 7 3\/4. La construcci\u00f3n equilibrada asegura un ajuste seguro pero relajado para la mayor\u00eda de los usuarios, por lo que es adecuado para uso unisex. Este tallaje estandarizado simplifica los pedidos al por mayor y lo convierte en una excelente opci\u00f3n para la venta al por mayor, las promociones y la distribuci\u00f3n al por menor.<\/p>\n<h3 data-start=\"2661\" data-end=\"2682\">Plazo de entrega<\/h3>\n<p data-start=\"2683\" data-end=\"3071\" data-is-last-node=\"\" data-is-only-node=\"\">Los eficientes plazos de producci\u00f3n hacen que este sombrero de cubo reversible sea ideal para lanzamientos planificados y pedidos al por mayor. La producci\u00f3n de muestras suele tardar entre 7 y 9 d\u00edas laborables, lo que permite una r\u00e1pida verificaci\u00f3n del dise\u00f1o. Una vez aprobada, la producci\u00f3n en serie se completa en 18-22 d\u00edas laborables. Este fiable plazo de entrega ayuda a las marcas a gestionar eficazmente sus calendarios, manteniendo al mismo tiempo una calidad y un acabado artesanales constantes.<\/p>","protected":false},"excerpt":{"rendered":"<p>El sombrero de cubo reversible de dos lados Sumkcaps 23938 Custom tiene un dise\u00f1o reversible vers\u00e1til que ofrece dos estilos en uno. Hecho de una mezcla duradera de poli\u00e9ster y algod\u00f3n, ofrece comodidad, transpirabilidad y larga duraci\u00f3n. Con colores totalmente personalizables en ambos lados y una forma cl\u00e1sica de sombrero de cubo, este sombrero OSFM es ideal para marcas, promociones y colecciones de moda.<\/p>","protected":false},"featured_media":15922,"template":"","meta":{"_acf_changed":false,"_kad_blocks_custom_css":"","_kad_blocks_head_custom_js":"","_kad_blocks_body_custom_js":"","_kad_blocks_footer_custom_js":""},"product_brand":[],"product_cat":[55],"product_tag":[],"class_list":{"0":"post-15921","1":"product","2":"type-product","3":"status-publish","4":"has-post-thumbnail","6":"product_cat-bucket-hat-manufacturers","8":"first","9":"outofstock","10":"shipping-taxable","11":"product-type-simple"},"acf":[],"yoast_head":"<!-- This site is optimized with the Yoast SEO Premium plugin v20.8 (Yoast SEO v25.9) - https:\/\/yoast.com\/wordpress\/plugins\/seo\/ -->\n<title>Custom Two Side Reversible Bucket Hats | China Manufactuer<\/title>\n<meta name=\"description\" content=\"Custom Cap, Logo Cap, Brand Caps, Custom Made Snapback Caps, Custom Snapback Baseball Hats. Premium Cap Manufacturer since 2006. Order Today!\" \/>\n<meta name=\"robots\" content=\"index, follow, max-snippet:-1, max-image-preview:large, max-video-preview:-1\" \/>\n<link rel=\"canonical\" href=\"https:\/\/sumkcaps.com\/es\/producto\/sufox-23938-sombreros-de-cubo-reversibles-de-dos-lados-personalizados\/\" \/>\n<meta property=\"og:locale\" content=\"es_ES\" \/>\n<meta property=\"og:type\" content=\"article\" \/>\n<meta property=\"og:title\" content=\"Sumkcaps 23938 Custom Two Side Reversible Bucket Hats - Sumkcaps\" \/>\n<meta property=\"og:description\" content=\"Custom Cap, Logo Cap, Brand Caps, Custom Made Snapback Caps, Custom Snapback Baseball Hats. Premium Cap Manufacturer since 2006. Order Today!\" \/>\n<meta property=\"og:url\" content=\"https:\/\/sumkcaps.com\/es\/producto\/sufox-23938-sombreros-de-cubo-reversibles-de-dos-lados-personalizados\/\" \/>\n<meta property=\"og:site_name\" content=\"Sumkcaps-China Original Headwear Manufacturer and Suppliers\" \/>\n<meta property=\"article:publisher\" content=\"https:\/\/www.facebook.com\/sumkcap\" \/>\n<meta property=\"article:modified_time\" content=\"2026-01-12T02:07:57+00:00\" \/>\n<meta property=\"og:image\" content=\"https:\/\/sumkcaps.com\/wp-content\/uploads\/2022\/09\/custom_reversible_bucket_hat-1.jpg\" \/>\n\t<meta property=\"og:image:width\" content=\"800\" \/>\n\t<meta property=\"og:image:height\" content=\"800\" \/>\n\t<meta property=\"og:image:type\" content=\"image\/jpeg\" \/>\n<meta name=\"twitter:card\" content=\"summary_large_image\" \/>\n<meta name=\"twitter:label1\" content=\"Tiempo de lectura\" \/>\n\t<meta name=\"twitter:data1\" content=\"2 minutos\" \/>\n<script type=\"application\/ld+json\" class=\"yoast-schema-graph\">{\"@context\":\"https:\/\/schema.org\",\"@graph\":[{\"@type\":\"WebPage\",\"@id\":\"https:\/\/sumkcaps.com\/product\/sufox-23938-custom-two-side-reversible-bucket-hats\/\",\"url\":\"https:\/\/sumkcaps.com\/product\/sufox-23938-custom-two-side-reversible-bucket-hats\/\",\"name\":\"Custom Two Side Reversible Bucket Hats | China Manufactuer\",\"isPartOf\":{\"@id\":\"https:\/\/sumkcaps.com\/#website\"},\"primaryImageOfPage\":{\"@id\":\"https:\/\/sumkcaps.com\/product\/sufox-23938-custom-two-side-reversible-bucket-hats\/#primaryimage\"},\"image\":{\"@id\":\"https:\/\/sumkcaps.com\/product\/sufox-23938-custom-two-side-reversible-bucket-hats\/#primaryimage\"},\"thumbnailUrl\":\"https:\/\/sumkcaps.com\/wp-content\/uploads\/2022\/09\/custom_reversible_bucket_hat-1.jpg\",\"datePublished\":\"2022-09-29T05:25:54+00:00\",\"dateModified\":\"2026-01-12T02:07:57+00:00\",\"description\":\"Custom Cap, Logo Cap, Brand Caps, Custom Made Snapback Caps, Custom Snapback Baseball Hats. Premium Cap Manufacturer since 2006. Order Today!\",\"breadcrumb\":{\"@id\":\"https:\/\/sumkcaps.com\/product\/sufox-23938-custom-two-side-reversible-bucket-hats\/#breadcrumb\"},\"inLanguage\":\"es\",\"potentialAction\":[{\"@type\":\"ReadAction\",\"target\":[\"https:\/\/sumkcaps.com\/product\/sufox-23938-custom-two-side-reversible-bucket-hats\/\"]}]},{\"@type\":\"ImageObject\",\"inLanguage\":\"es\",\"@id\":\"https:\/\/sumkcaps.com\/product\/sufox-23938-custom-two-side-reversible-bucket-hats\/#primaryimage\",\"url\":\"https:\/\/sumkcaps.com\/wp-content\/uploads\/2022\/09\/custom_reversible_bucket_hat-1.jpg\",\"contentUrl\":\"https:\/\/sumkcaps.com\/wp-content\/uploads\/2022\/09\/custom_reversible_bucket_hat-1.jpg\",\"width\":800,\"height\":800},{\"@type\":\"BreadcrumbList\",\"@id\":\"https:\/\/sumkcaps.com\/product\/sufox-23938-custom-two-side-reversible-bucket-hats\/#breadcrumb\",\"itemListElement\":[{\"@type\":\"ListItem\",\"position\":1,\"name\":\"Home\",\"item\":\"https:\/\/sumkcaps.com\/\"},{\"@type\":\"ListItem\",\"position\":2,\"name\":\"Products\",\"item\":\"https:\/\/sumkcaps.com\/product\/\"},{\"@type\":\"ListItem\",\"position\":3,\"name\":\"Sumkcaps 23938 Custom Two Side Reversible Bucket Hats\"}]},{\"@type\":\"WebSite\",\"@id\":\"https:\/\/sumkcaps.com\/#website\",\"url\":\"https:\/\/sumkcaps.com\/\",\"name\":\"Sumkcaps-China Original Headwear Manufacturer and Suppliers\",\"description\":\"We are China Cap And Hat Original Factory, whose main business is to custom cap and hat as client&#039;s LOGO. Any cap style, any cap color, any qty, any material and qty is no problem. In one words, any small details can be customized as your request.\",\"publisher\":{\"@id\":\"https:\/\/sumkcaps.com\/#organization\"},\"potentialAction\":[{\"@type\":\"SearchAction\",\"target\":{\"@type\":\"EntryPoint\",\"urlTemplate\":\"https:\/\/sumkcaps.com\/?s={search_term_string}\"},\"query-input\":{\"@type\":\"PropertyValueSpecification\",\"valueRequired\":true,\"valueName\":\"search_term_string\"}}],\"inLanguage\":\"es\"},{\"@type\":\"Organization\",\"@id\":\"https:\/\/sumkcaps.com\/#organization\",\"name\":\"Sumkcaps-China Original Headwear Manufacturer and Suppliers\",\"url\":\"https:\/\/sumkcaps.com\/\",\"logo\":{\"@type\":\"ImageObject\",\"inLanguage\":\"es\",\"@id\":\"https:\/\/sumkcaps.com\/#\/schema\/logo\/image\/\",\"url\":\"https:\/\/sumkcaps.com\/wp-content\/uploads\/2025\/12\/1234.jpg\",\"contentUrl\":\"https:\/\/sumkcaps.com\/wp-content\/uploads\/2025\/12\/1234.jpg\",\"width\":800,\"height\":800,\"caption\":\"Sumkcaps-China Original Headwear Manufacturer and Suppliers\"},\"image\":{\"@id\":\"https:\/\/sumkcaps.com\/#\/schema\/logo\/image\/\"},\"sameAs\":[\"https:\/\/www.facebook.com\/sumkcap\",\"https:\/\/www.instagram.com\/sumkcaps7\/\",\"https:\/\/www.pinterest.com\/sumkcapschina\/\"]}]}<\/script>\n<!-- \/ Yoast SEO Premium plugin. -->","yoast_head_json":{"title":"Custom Two Side Reversible Bucket Hats | China Manufactuer","description":"Custom Cap, Logo Cap, Brand Caps, Custom Made Snapback Caps, Custom Snapback Baseball Hats. Fabricante de Gorras Premium desde 2006. \u00a1Ordene Hoy!","robots":{"index":"index","follow":"follow","max-snippet":"max-snippet:-1","max-image-preview":"max-image-preview:large","max-video-preview":"max-video-preview:-1"},"canonical":"https:\/\/sumkcaps.com\/es\/producto\/sufox-23938-sombreros-de-cubo-reversibles-de-dos-lados-personalizados\/","og_locale":"es_ES","og_type":"article","og_title":"Sumkcaps 23938 Custom Two Side Reversible Bucket Hats - Sumkcaps","og_description":"Custom Cap, Logo Cap, Brand Caps, Custom Made Snapback Caps, Custom Snapback Baseball Hats. Premium Cap Manufacturer since 2006. Order Today!","og_url":"https:\/\/sumkcaps.com\/es\/producto\/sufox-23938-sombreros-de-cubo-reversibles-de-dos-lados-personalizados\/","og_site_name":"Sumkcaps-China Original Headwear Manufacturer and Suppliers","article_publisher":"https:\/\/www.facebook.com\/sumkcap","article_modified_time":"2026-01-12T02:07:57+00:00","og_image":[{"width":800,"height":800,"url":"https:\/\/sumkcaps.com\/wp-content\/uploads\/2022\/09\/custom_reversible_bucket_hat-1.jpg","type":"image\/jpeg"}],"twitter_card":"summary_large_image","twitter_misc":{"Tiempo de lectura":"2 minutos"},"schema":{"@context":"https:\/\/schema.org","@graph":[{"@type":"WebPage","@id":"https:\/\/sumkcaps.com\/product\/sufox-23938-custom-two-side-reversible-bucket-hats\/","url":"https:\/\/sumkcaps.com\/product\/sufox-23938-custom-two-side-reversible-bucket-hats\/","name":"Custom Two Side Reversible Bucket Hats | China Manufactuer","isPartOf":{"@id":"https:\/\/sumkcaps.com\/#website"},"primaryImageOfPage":{"@id":"https:\/\/sumkcaps.com\/product\/sufox-23938-custom-two-side-reversible-bucket-hats\/#primaryimage"},"image":{"@id":"https:\/\/sumkcaps.com\/product\/sufox-23938-custom-two-side-reversible-bucket-hats\/#primaryimage"},"thumbnailUrl":"https:\/\/sumkcaps.com\/wp-content\/uploads\/2022\/09\/custom_reversible_bucket_hat-1.jpg","datePublished":"2022-09-29T05:25:54+00:00","dateModified":"2026-01-12T02:07:57+00:00","description":"Custom Cap, Logo Cap, Brand Caps, Custom Made Snapback Caps, Custom Snapback Baseball Hats. Fabricante de Gorras Premium desde 2006. \u00a1Ordene Hoy!","breadcrumb":{"@id":"https:\/\/sumkcaps.com\/product\/sufox-23938-custom-two-side-reversible-bucket-hats\/#breadcrumb"},"inLanguage":"es","potentialAction":[{"@type":"ReadAction","target":["https:\/\/sumkcaps.com\/product\/sufox-23938-custom-two-side-reversible-bucket-hats\/"]}]},{"@type":"ImageObject","inLanguage":"es","@id":"https:\/\/sumkcaps.com\/product\/sufox-23938-custom-two-side-reversible-bucket-hats\/#primaryimage","url":"https:\/\/sumkcaps.com\/wp-content\/uploads\/2022\/09\/custom_reversible_bucket_hat-1.jpg","contentUrl":"https:\/\/sumkcaps.com\/wp-content\/uploads\/2022\/09\/custom_reversible_bucket_hat-1.jpg","width":800,"height":800},{"@type":"BreadcrumbList","@id":"https:\/\/sumkcaps.com\/product\/sufox-23938-custom-two-side-reversible-bucket-hats\/#breadcrumb","itemListElement":[{"@type":"ListItem","position":1,"name":"Home","item":"https:\/\/sumkcaps.com\/"},{"@type":"ListItem","position":2,"name":"Products","item":"https:\/\/sumkcaps.com\/product\/"},{"@type":"ListItem","position":3,"name":"Sumkcaps 23938 Custom Two Side Reversible Bucket Hats"}]},{"@type":"WebSite","@id":"https:\/\/sumkcaps.com\/#website","url":"https:\/\/sumkcaps.com\/","name":"Sumkcaps-China Fabricante y proveedor de gorras originales","description":"Somos gorra de China y el sombrero original de la f\u00e1brica, cuya actividad principal es la costumbre gorra y el sombrero como cliente&#039;s LOGO. Cualquier estilo gorra, cualquier color gorra, cualquier cantidad, cualquier material y cantidad no es problema. En una palabra, cualquier peque\u00f1o detalle puede ser personalizado como su solicitud.","publisher":{"@id":"https:\/\/sumkcaps.com\/#organization"},"potentialAction":[{"@type":"SearchAction","target":{"@type":"EntryPoint","urlTemplate":"https:\/\/sumkcaps.com\/?s={search_term_string}"},"query-input":{"@type":"PropertyValueSpecification","valueRequired":true,"valueName":"search_term_string"}}],"inLanguage":"es"},{"@type":"Organization","@id":"https:\/\/sumkcaps.com\/#organization","name":"Sumkcaps-China Fabricante y proveedor de gorras originales","url":"https:\/\/sumkcaps.com\/","logo":{"@type":"ImageObject","inLanguage":"es","@id":"https:\/\/sumkcaps.com\/#\/schema\/logo\/image\/","url":"https:\/\/sumkcaps.com\/wp-content\/uploads\/2025\/12\/1234.jpg","contentUrl":"https:\/\/sumkcaps.com\/wp-content\/uploads\/2025\/12\/1234.jpg","width":800,"height":800,"caption":"Sumkcaps-China Original Headwear Manufacturer and Suppliers"},"image":{"@id":"https:\/\/sumkcaps.com\/#\/schema\/logo\/image\/"},"sameAs":["https:\/\/www.facebook.com\/sumkcap","https:\/\/www.instagram.com\/sumkcaps7\/","https:\/\/www.pinterest.com\/sumkcapschina\/"]}]}},"taxonomy_info":{"product_cat":[{"value":55,"label":"Bucket Hat Wholesale"}]},"featured_image_src_large":["https:\/\/sumkcaps.com\/wp-content\/uploads\/2022\/09\/custom_reversible_bucket_hat-1.jpg",800,800,false],"author_info":[],"comment_info":"","_links":{"self":[{"href":"https:\/\/sumkcaps.com\/es\/wp-json\/wp\/v2\/product\/15921","targetHints":{"allow":["GET"]}}],"collection":[{"href":"https:\/\/sumkcaps.com\/es\/wp-json\/wp\/v2\/product"}],"about":[{"href":"https:\/\/sumkcaps.com\/es\/wp-json\/wp\/v2\/types\/product"}],"wp:featuredmedia":[{"embeddable":true,"href":"https:\/\/sumkcaps.com\/es\/wp-json\/wp\/v2\/media\/15922"}],"wp:attachment":[{"href":"https:\/\/sumkcaps.com\/es\/wp-json\/wp\/v2\/media?parent=15921"}],"wp:term":[{"taxonomy":"product_brand","embeddable":true,"href":"https:\/\/sumkcaps.com\/es\/wp-json\/wp\/v2\/product_brand?post=15921"},{"taxonomy":"product_cat","embeddable":true,"href":"https:\/\/sumkcaps.com\/es\/wp-json\/wp\/v2\/product_cat?post=15921"},{"taxonomy":"product_tag","embeddable":true,"href":"https:\/\/sumkcaps.com\/es\/wp-json\/wp\/v2\/product_tag?post=15921"}],"curies":[{"name":"wp","href":"https:\/\/api.w.org\/{rel}","templated":true}]}}