{"id":15014,"date":"2022-09-20T10:50:50","date_gmt":"2022-09-20T02:50:50","guid":{"rendered":"https:\/\/sumkcaps.com\/?post_type=product&#038;p=15014"},"modified":"2025-11-05T14:36:42","modified_gmt":"2025-11-05T06:36:42","slug":"sufox-2937-custom-cuffed-embroidered-patch-knit-beanie-hat","status":"publish","type":"product","link":"https:\/\/sumkcaps.com\/es\/producto\/sufox-2937-custom-cuffed-embroidered-patch-knit-beanie-hat\/","title":{"rendered":"Sumkcaps 2937 Gorro de punto con parche bordado y pu\u00f1os personalizados"},"content":{"rendered":"<h2 data-start=\"674\" data-end=\"713\"><strong data-start=\"680\" data-end=\"713\">Forma: Timeless Cuffed Beanie<\/strong><\/h2>\n<p data-start=\"714\" data-end=\"953\">En <strong data-start=\"718\" data-end=\"746\">silueta de gorro con pu\u00f1o<\/strong> ofrece un ajuste ce\u00f1ido y un estilo atemporal, ideal tanto para los amantes de la moda como para los entusiastas de las actividades al aire libre. El pu\u00f1o sirve como lienzo perfecto para la marca, permitiendo que su parche personalizado sea el centro de atenci\u00f3n.<\/p>\n<h2 data-start=\"955\" data-end=\"1001\"><strong data-start=\"961\" data-end=\"1001\">Decoraci\u00f3n: Parche bordado personalizado<\/strong><\/h2>\n<p data-start=\"1002\" data-end=\"1258\">Con una <strong data-start=\"1014\" data-end=\"1048\">parche bordado personalizable<\/strong>Su logotipo o gr\u00e1fico se aplica con un bordado texturizado de alta calidad para conseguir un aspecto de primera. El parche puede personalizarse en forma, tama\u00f1o y color, lo que proporciona una visibilidad de marca destacada en tiendas o eventos.<\/p>\n<h2 data-start=\"1260\" data-end=\"1316\"><strong data-start=\"1266\" data-end=\"1316\">Material: Acr\u00edlico 100% para mayor calidez y durabilidad<\/strong><\/h2>\n<p data-start=\"1317\" data-end=\"1547\">Fabricado con materiales suaves pero resistentes <strong data-start=\"1343\" data-end=\"1359\">100% acr\u00edlico<\/strong>Este gorro ofrece un excelente aislamiento sin dejar de ser ligero y transpirable. El acr\u00edlico asegura la retenci\u00f3n de la forma y la vitalidad del color, por lo que es ideal para el uso diario en tiempo fresco.<\/p>\n<h2 data-start=\"1549\" data-end=\"1584\"><strong data-start=\"1555\" data-end=\"1584\">Color: totalmente personalizable<\/strong><\/h2>\n<p data-start=\"1585\" data-end=\"1754\">Aunque est\u00e1 disponible en tonos est\u00e1ndar, este gorro se puede personalizar en una amplia gama de colores para que combine a la perfecci\u00f3n con la identidad de su marca, el tema de un evento o una colecci\u00f3n de temporada.<\/p>\n<h2 data-start=\"1756\" data-end=\"1799\"><strong data-start=\"1762\" data-end=\"1799\">MOQ: 200 piezas por dise\u00f1o y color<\/strong><\/h2>\n<p data-start=\"1800\" data-end=\"1993\">Con un <strong data-start=\"1807\" data-end=\"1843\">Pedido m\u00ednimo de 200 unidades<\/strong>Este gorro es adecuado para la producci\u00f3n de lotes peque\u00f1os y medianos, por lo que es una gran opci\u00f3n para colecciones de venta al por menor, equipos y regalos promocionales.<\/p>\n<h2 data-start=\"1995\" data-end=\"2031\"><strong data-start=\"2001\" data-end=\"2031\">Servicios: Asistencia OEM y ODM<\/strong><\/h2>\n<p data-start=\"2032\" data-end=\"2203\">Sumkcaps proporciona <strong data-start=\"2059\" data-end=\"2081\">Servicios OEM y ODM<\/strong>que permite una personalizaci\u00f3n total del dise\u00f1o, desde la igualaci\u00f3n de colores y el tallaje hasta la creaci\u00f3n de parches personalizados y el envasado con etiqueta privada.<\/p>","protected":false},"excerpt":{"rendered":"<p>Sumkcaps 2937 Custom Cuffed Embroidered Patch Knitted Cap es un vers\u00e1til esencial de invierno, hecho de tela acr\u00edlica 100% para mayor calidez y durabilidad. Con un dise\u00f1o de pu\u00f1o cl\u00e1sico y parches bordados personalizables, este gorro es totalmente personalizable en color y logotipo, ofreciendo servicios OEM y ODM con una cantidad m\u00ednima de pedido de 200 piezas, proporcionando comodidad de alta gama y de moda para deportes al aire libre, ropa de calle y eventos promocionales.<\/p>","protected":false},"featured_media":15015,"template":"","meta":{"_acf_changed":false,"_kad_blocks_custom_css":"","_kad_blocks_head_custom_js":"","_kad_blocks_body_custom_js":"","_kad_blocks_footer_custom_js":""},"product_brand":[],"product_cat":[980,1036,693],"product_tag":[],"class_list":{"0":"post-15014","1":"product","2":"type-product","3":"status-publish","4":"has-post-thumbnail","6":"product_cat-beanie-hat-wholesale","7":"product_cat-cuffed-beanie-hat-wholesale","8":"product_cat-hat","10":"first","11":"outofstock","12":"shipping-taxable","13":"product-type-simple"},"acf":[],"yoast_head":"<!-- This site is optimized with the Yoast SEO Premium plugin v20.8 (Yoast SEO v25.9) - https:\/\/yoast.com\/wordpress\/plugins\/seo\/ -->\n<title>Custom Cuffed Embroidered Patch Beanie Hat | China Manufactuer<\/title>\n<meta name=\"description\" content=\"More Than 10 Years Of Experience In The Headwear Industry. Cap Manufacturers.100% Satisfaction Guarantee. Add Your Logo or Custom Design Online.\" \/>\n<meta name=\"robots\" content=\"index, follow, max-snippet:-1, max-image-preview:large, max-video-preview:-1\" \/>\n<link rel=\"canonical\" href=\"https:\/\/sumkcaps.com\/es\/producto\/sufox-2937-custom-cuffed-embroidered-patch-knit-beanie-hat\/\" \/>\n<meta property=\"og:locale\" content=\"es_ES\" \/>\n<meta property=\"og:type\" content=\"article\" \/>\n<meta property=\"og:title\" content=\"Sumkcaps 2937 Custom Cuffed Embroidered Patch Knit Beanie Hat - Sumkcaps\" \/>\n<meta property=\"og:description\" content=\"More Than 10 Years Of Experience In The Headwear Industry. Cap Manufacturers.100% Satisfaction Guarantee. Add Your Logo or Custom Design Online.\" \/>\n<meta property=\"og:url\" content=\"https:\/\/sumkcaps.com\/es\/producto\/sufox-2937-custom-cuffed-embroidered-patch-knit-beanie-hat\/\" \/>\n<meta property=\"og:site_name\" content=\"Sumkcaps-China Original Headwear Manufacturer and Suppliers\" \/>\n<meta property=\"article:publisher\" content=\"https:\/\/www.facebook.com\/sumkcap\" \/>\n<meta property=\"article:modified_time\" content=\"2025-11-05T06:36:42+00:00\" \/>\n<meta property=\"og:image\" content=\"https:\/\/sumkcaps.com\/wp-content\/uploads\/2022\/09\/Acrylic_Cuffed_Winter_Knit_Beanie-5.jpg\" \/>\n\t<meta property=\"og:image:width\" content=\"1000\" \/>\n\t<meta property=\"og:image:height\" content=\"1000\" \/>\n\t<meta property=\"og:image:type\" content=\"image\/jpeg\" \/>\n<meta name=\"twitter:card\" content=\"summary_large_image\" \/>\n<meta name=\"twitter:label1\" content=\"Tiempo de lectura\" \/>\n\t<meta name=\"twitter:data1\" content=\"2 minutos\" \/>\n<script type=\"application\/ld+json\" class=\"yoast-schema-graph\">{\"@context\":\"https:\/\/schema.org\",\"@graph\":[{\"@type\":\"WebPage\",\"@id\":\"https:\/\/sumkcaps.com\/product\/sufox-2937-custom-cuffed-embroidered-patch-knit-beanie-hat\/\",\"url\":\"https:\/\/sumkcaps.com\/product\/sufox-2937-custom-cuffed-embroidered-patch-knit-beanie-hat\/\",\"name\":\"Custom Cuffed Embroidered Patch Beanie Hat | China Manufactuer\",\"isPartOf\":{\"@id\":\"https:\/\/sumkcaps.com\/#website\"},\"primaryImageOfPage\":{\"@id\":\"https:\/\/sumkcaps.com\/product\/sufox-2937-custom-cuffed-embroidered-patch-knit-beanie-hat\/#primaryimage\"},\"image\":{\"@id\":\"https:\/\/sumkcaps.com\/product\/sufox-2937-custom-cuffed-embroidered-patch-knit-beanie-hat\/#primaryimage\"},\"thumbnailUrl\":\"https:\/\/sumkcaps.com\/wp-content\/uploads\/2022\/09\/Acrylic_Cuffed_Winter_Knit_Beanie-5.jpg\",\"datePublished\":\"2022-09-20T02:50:50+00:00\",\"dateModified\":\"2025-11-05T06:36:42+00:00\",\"description\":\"More Than 10 Years Of Experience In The Headwear Industry. Cap Manufacturers.100% Satisfaction Guarantee. Add Your Logo or Custom Design Online.\",\"breadcrumb\":{\"@id\":\"https:\/\/sumkcaps.com\/product\/sufox-2937-custom-cuffed-embroidered-patch-knit-beanie-hat\/#breadcrumb\"},\"inLanguage\":\"es\",\"potentialAction\":[{\"@type\":\"ReadAction\",\"target\":[\"https:\/\/sumkcaps.com\/product\/sufox-2937-custom-cuffed-embroidered-patch-knit-beanie-hat\/\"]}]},{\"@type\":\"ImageObject\",\"inLanguage\":\"es\",\"@id\":\"https:\/\/sumkcaps.com\/product\/sufox-2937-custom-cuffed-embroidered-patch-knit-beanie-hat\/#primaryimage\",\"url\":\"https:\/\/sumkcaps.com\/wp-content\/uploads\/2022\/09\/Acrylic_Cuffed_Winter_Knit_Beanie-5.jpg\",\"contentUrl\":\"https:\/\/sumkcaps.com\/wp-content\/uploads\/2022\/09\/Acrylic_Cuffed_Winter_Knit_Beanie-5.jpg\",\"width\":1000,\"height\":1000},{\"@type\":\"BreadcrumbList\",\"@id\":\"https:\/\/sumkcaps.com\/product\/sufox-2937-custom-cuffed-embroidered-patch-knit-beanie-hat\/#breadcrumb\",\"itemListElement\":[{\"@type\":\"ListItem\",\"position\":1,\"name\":\"Home\",\"item\":\"https:\/\/sumkcaps.com\/\"},{\"@type\":\"ListItem\",\"position\":2,\"name\":\"Products\",\"item\":\"https:\/\/sumkcaps.com\/product\/\"},{\"@type\":\"ListItem\",\"position\":3,\"name\":\"Sumkcaps 2937 Custom Cuffed Embroidered Patch Knit Beanie Hat\"}]},{\"@type\":\"WebSite\",\"@id\":\"https:\/\/sumkcaps.com\/#website\",\"url\":\"https:\/\/sumkcaps.com\/\",\"name\":\"Sumkcaps-China Original Headwear Manufacturer and Suppliers\",\"description\":\"We are China Cap And Hat Original Factory, whose main business is to custom cap and hat as client&#039;s LOGO. Any cap style, any cap color, any qty, any material and qty is no problem. In one words, any small details can be customized as your request.\",\"publisher\":{\"@id\":\"https:\/\/sumkcaps.com\/#organization\"},\"potentialAction\":[{\"@type\":\"SearchAction\",\"target\":{\"@type\":\"EntryPoint\",\"urlTemplate\":\"https:\/\/sumkcaps.com\/?s={search_term_string}\"},\"query-input\":{\"@type\":\"PropertyValueSpecification\",\"valueRequired\":true,\"valueName\":\"search_term_string\"}}],\"inLanguage\":\"es\"},{\"@type\":\"Organization\",\"@id\":\"https:\/\/sumkcaps.com\/#organization\",\"name\":\"Sumkcaps-China Original Headwear Manufacturer and Suppliers\",\"url\":\"https:\/\/sumkcaps.com\/\",\"logo\":{\"@type\":\"ImageObject\",\"inLanguage\":\"es\",\"@id\":\"https:\/\/sumkcaps.com\/#\/schema\/logo\/image\/\",\"url\":\"https:\/\/sumkcaps.com\/wp-content\/uploads\/2025\/12\/1234.jpg\",\"contentUrl\":\"https:\/\/sumkcaps.com\/wp-content\/uploads\/2025\/12\/1234.jpg\",\"width\":800,\"height\":800,\"caption\":\"Sumkcaps-China Original Headwear Manufacturer and Suppliers\"},\"image\":{\"@id\":\"https:\/\/sumkcaps.com\/#\/schema\/logo\/image\/\"},\"sameAs\":[\"https:\/\/www.facebook.com\/sumkcap\",\"https:\/\/www.instagram.com\/sumkcaps7\/\",\"https:\/\/www.pinterest.com\/sumkcapschina\/\"]}]}<\/script>\n<!-- \/ Yoast SEO Premium plugin. -->","yoast_head_json":{"title":"Custom Cuffed Embroidered Patch Beanie Hat | China Manufactuer","description":"M\u00e1s de 10 a\u00f1os de experiencia en la industria de sombreros. Fabricantes de Gorras.100% Garant\u00eda de Satisfacci\u00f3n. A\u00f1ada su logotipo o dise\u00f1o personalizado en l\u00ednea.","robots":{"index":"index","follow":"follow","max-snippet":"max-snippet:-1","max-image-preview":"max-image-preview:large","max-video-preview":"max-video-preview:-1"},"canonical":"https:\/\/sumkcaps.com\/es\/producto\/sufox-2937-custom-cuffed-embroidered-patch-knit-beanie-hat\/","og_locale":"es_ES","og_type":"article","og_title":"Sumkcaps 2937 Custom Cuffed Embroidered Patch Knit Beanie Hat - Sumkcaps","og_description":"More Than 10 Years Of Experience In The Headwear Industry. Cap Manufacturers.100% Satisfaction Guarantee. Add Your Logo or Custom Design Online.","og_url":"https:\/\/sumkcaps.com\/es\/producto\/sufox-2937-custom-cuffed-embroidered-patch-knit-beanie-hat\/","og_site_name":"Sumkcaps-China Original Headwear Manufacturer and Suppliers","article_publisher":"https:\/\/www.facebook.com\/sumkcap","article_modified_time":"2025-11-05T06:36:42+00:00","og_image":[{"width":1000,"height":1000,"url":"https:\/\/sumkcaps.com\/wp-content\/uploads\/2022\/09\/Acrylic_Cuffed_Winter_Knit_Beanie-5.jpg","type":"image\/jpeg"}],"twitter_card":"summary_large_image","twitter_misc":{"Tiempo de lectura":"2 minutos"},"schema":{"@context":"https:\/\/schema.org","@graph":[{"@type":"WebPage","@id":"https:\/\/sumkcaps.com\/product\/sufox-2937-custom-cuffed-embroidered-patch-knit-beanie-hat\/","url":"https:\/\/sumkcaps.com\/product\/sufox-2937-custom-cuffed-embroidered-patch-knit-beanie-hat\/","name":"Custom Cuffed Embroidered Patch Beanie Hat | China Manufactuer","isPartOf":{"@id":"https:\/\/sumkcaps.com\/#website"},"primaryImageOfPage":{"@id":"https:\/\/sumkcaps.com\/product\/sufox-2937-custom-cuffed-embroidered-patch-knit-beanie-hat\/#primaryimage"},"image":{"@id":"https:\/\/sumkcaps.com\/product\/sufox-2937-custom-cuffed-embroidered-patch-knit-beanie-hat\/#primaryimage"},"thumbnailUrl":"https:\/\/sumkcaps.com\/wp-content\/uploads\/2022\/09\/Acrylic_Cuffed_Winter_Knit_Beanie-5.jpg","datePublished":"2022-09-20T02:50:50+00:00","dateModified":"2025-11-05T06:36:42+00:00","description":"M\u00e1s de 10 a\u00f1os de experiencia en la industria de sombreros. Fabricantes de Gorras.100% Garant\u00eda de Satisfacci\u00f3n. A\u00f1ada su logotipo o dise\u00f1o personalizado en l\u00ednea.","breadcrumb":{"@id":"https:\/\/sumkcaps.com\/product\/sufox-2937-custom-cuffed-embroidered-patch-knit-beanie-hat\/#breadcrumb"},"inLanguage":"es","potentialAction":[{"@type":"ReadAction","target":["https:\/\/sumkcaps.com\/product\/sufox-2937-custom-cuffed-embroidered-patch-knit-beanie-hat\/"]}]},{"@type":"ImageObject","inLanguage":"es","@id":"https:\/\/sumkcaps.com\/product\/sufox-2937-custom-cuffed-embroidered-patch-knit-beanie-hat\/#primaryimage","url":"https:\/\/sumkcaps.com\/wp-content\/uploads\/2022\/09\/Acrylic_Cuffed_Winter_Knit_Beanie-5.jpg","contentUrl":"https:\/\/sumkcaps.com\/wp-content\/uploads\/2022\/09\/Acrylic_Cuffed_Winter_Knit_Beanie-5.jpg","width":1000,"height":1000},{"@type":"BreadcrumbList","@id":"https:\/\/sumkcaps.com\/product\/sufox-2937-custom-cuffed-embroidered-patch-knit-beanie-hat\/#breadcrumb","itemListElement":[{"@type":"ListItem","position":1,"name":"Home","item":"https:\/\/sumkcaps.com\/"},{"@type":"ListItem","position":2,"name":"Products","item":"https:\/\/sumkcaps.com\/product\/"},{"@type":"ListItem","position":3,"name":"Sumkcaps 2937 Custom Cuffed Embroidered Patch Knit Beanie Hat"}]},{"@type":"WebSite","@id":"https:\/\/sumkcaps.com\/#website","url":"https:\/\/sumkcaps.com\/","name":"Sumkcaps-China Fabricante y proveedor de gorras originales","description":"Somos gorra de China y el sombrero original de la f\u00e1brica, cuya actividad principal es la costumbre gorra y el sombrero como cliente&#039;s LOGO. Cualquier estilo gorra, cualquier color gorra, cualquier cantidad, cualquier material y cantidad no es problema. En una palabra, cualquier peque\u00f1o detalle puede ser personalizado como su solicitud.","publisher":{"@id":"https:\/\/sumkcaps.com\/#organization"},"potentialAction":[{"@type":"SearchAction","target":{"@type":"EntryPoint","urlTemplate":"https:\/\/sumkcaps.com\/?s={search_term_string}"},"query-input":{"@type":"PropertyValueSpecification","valueRequired":true,"valueName":"search_term_string"}}],"inLanguage":"es"},{"@type":"Organization","@id":"https:\/\/sumkcaps.com\/#organization","name":"Sumkcaps-China Fabricante y proveedor de gorras originales","url":"https:\/\/sumkcaps.com\/","logo":{"@type":"ImageObject","inLanguage":"es","@id":"https:\/\/sumkcaps.com\/#\/schema\/logo\/image\/","url":"https:\/\/sumkcaps.com\/wp-content\/uploads\/2025\/12\/1234.jpg","contentUrl":"https:\/\/sumkcaps.com\/wp-content\/uploads\/2025\/12\/1234.jpg","width":800,"height":800,"caption":"Sumkcaps-China Original Headwear Manufacturer and Suppliers"},"image":{"@id":"https:\/\/sumkcaps.com\/#\/schema\/logo\/image\/"},"sameAs":["https:\/\/www.facebook.com\/sumkcap","https:\/\/www.instagram.com\/sumkcaps7\/","https:\/\/www.pinterest.com\/sumkcapschina\/"]}]}},"taxonomy_info":{"product_cat":[{"value":980,"label":"Beanie Hat"},{"value":1036,"label":"Cuffed Beanie Hats"},{"value":693,"label":"Hat"}]},"featured_image_src_large":["https:\/\/sumkcaps.com\/wp-content\/uploads\/2022\/09\/Acrylic_Cuffed_Winter_Knit_Beanie-5.jpg",800,800,false],"author_info":[],"comment_info":"","_links":{"self":[{"href":"https:\/\/sumkcaps.com\/es\/wp-json\/wp\/v2\/product\/15014","targetHints":{"allow":["GET"]}}],"collection":[{"href":"https:\/\/sumkcaps.com\/es\/wp-json\/wp\/v2\/product"}],"about":[{"href":"https:\/\/sumkcaps.com\/es\/wp-json\/wp\/v2\/types\/product"}],"wp:featuredmedia":[{"embeddable":true,"href":"https:\/\/sumkcaps.com\/es\/wp-json\/wp\/v2\/media\/15015"}],"wp:attachment":[{"href":"https:\/\/sumkcaps.com\/es\/wp-json\/wp\/v2\/media?parent=15014"}],"wp:term":[{"taxonomy":"product_brand","embeddable":true,"href":"https:\/\/sumkcaps.com\/es\/wp-json\/wp\/v2\/product_brand?post=15014"},{"taxonomy":"product_cat","embeddable":true,"href":"https:\/\/sumkcaps.com\/es\/wp-json\/wp\/v2\/product_cat?post=15014"},{"taxonomy":"product_tag","embeddable":true,"href":"https:\/\/sumkcaps.com\/es\/wp-json\/wp\/v2\/product_tag?post=15014"}],"curies":[{"name":"wp","href":"https:\/\/api.w.org\/{rel}","templated":true}]}}