{"id":14893,"date":"2022-09-19T14:34:22","date_gmt":"2022-09-19T06:34:22","guid":{"rendered":"https:\/\/sumkcaps.com\/?post_type=product&#038;p=14893"},"modified":"2025-07-09T17:34:15","modified_gmt":"2025-07-09T09:34:15","slug":"sufox-2910-custom-printed-logo-leather-closure-five-panel-hat","status":"publish","type":"product","link":"https:\/\/sumkcaps.com\/es\/producto\/sufox-2910-logotipo-personalizado-impreso-cierre-de-cuero-sombrero-de-cinco-paneles\/","title":{"rendered":"Sumkcaps 2910 Custom Logo Impreso Cierre de cuero Sombrero de cinco paneles"},"content":{"rendered":"<h2 data-start=\"784\" data-end=\"839\"><strong data-start=\"790\" data-end=\"839\">Estructura: Dise\u00f1o de cinco paneles para un estilo moderno<\/strong><\/h2>\n<p data-start=\"840\" data-end=\"1108\">En <strong data-start=\"844\" data-end=\"869\">silueta de cinco paneles<\/strong> ofrece un panel frontal plano y sin costuras, perfecto para logotipos grandes y llamativos. Su ajuste estructurado pero de perfil bajo atrae a los mercados del streetwear, surf\/skate y outdoor, proporcionando un look vers\u00e1til que funciona para la moda casual o premium.<\/p>\n<h2 data-start=\"1110\" data-end=\"1165\"><strong data-start=\"1116\" data-end=\"1165\">Decoraci\u00f3n: Logotipos impresos personalizados de alta calidad<\/strong><\/h2>\n<p data-start=\"1166\" data-end=\"1380\">La impresi\u00f3n personalizada de logotipos garantiza que su dise\u00f1o se muestre con detalles vibrantes y precisos. La impresi\u00f3n es ideal para logotipos complejos, ilustraciones a todo color o gr\u00e1ficos de marca creativos, lo que da a su sombrero un aspecto atrevido y profesional.<\/p>\n<h2 data-start=\"1166\" data-end=\"1380\"><strong data-start=\"1388\" data-end=\"1449\">Material: Mezcla de poli\u00e9ster y algod\u00f3n para mayor comodidad y durabilidad<\/strong><\/h2>\n<p data-start=\"1450\" data-end=\"1671\">Hecho de un <strong data-start=\"1462\" data-end=\"1488\">mezcla de poli\u00e9ster y algod\u00f3n<\/strong>Este gorro ofrece el equilibrio perfecto entre estructura y suavidad. El poli\u00e9ster proporciona durabilidad y solidez del color, mientras que el algod\u00f3n garantiza transpirabilidad y comodidad para llevarla puesta todo el d\u00eda.<\/p>\n<h2 data-start=\"1673\" data-end=\"1736\"><strong data-start=\"1679\" data-end=\"1736\">Cierre: Correa de piel ajustable para un toque premium<\/strong><\/h2>\n<p data-start=\"1737\" data-end=\"1953\">En <strong data-start=\"1741\" data-end=\"1784\">correa de piel aut\u00e9ntica con hebilla met\u00e1lica<\/strong> no s\u00f3lo permite ajustar el tama\u00f1o, sino que tambi\u00e9n a\u00f1ade un toque refinado y de primera calidad. Este lujoso cierre la diferencia de las gorras snapback est\u00e1ndar o de los cierres de velcro.<\/p>\n<h2 data-start=\"1955\" data-end=\"2000\"><strong data-start=\"1961\" data-end=\"2000\">Visera: Precurvada para un ajuste relajado<\/strong><\/h2>\n<p data-start=\"2001\" data-end=\"2149\">En <strong data-start=\"2005\" data-end=\"2025\">visera precurvada<\/strong> ofrece un aspecto informal listo para llevar, lo que hace que esta gorra sea ideal para colecciones de estilo de vida, promociones al aire libre y prendas de equipo.<\/p>\n<h2 data-start=\"2151\" data-end=\"2186\"><strong data-start=\"2157\" data-end=\"2186\">Color: totalmente personalizable<\/strong><\/h2>\n<p data-start=\"2187\" data-end=\"2333\">De serie en tonos neutros, el color base de la gorra y los dise\u00f1os impresos pueden personalizarse por completo para adaptarse a la paleta de colores de su marca o a su estilo de temporada.<\/p>\n<h2 data-start=\"2335\" data-end=\"2378\"><strong data-start=\"2341\" data-end=\"2378\">MOQ: 200 piezas por dise\u00f1o y color<\/strong><\/h2>\n<p data-start=\"2379\" data-end=\"2526\">Con un <strong data-start=\"2386\" data-end=\"2426\">pedido m\u00ednimo de 200 unidades<\/strong>Este sombrero es accesible tanto para marcas emergentes como para peque\u00f1os minoristas y promociones corporativas.<\/p>\n<h2 data-start=\"2528\" data-end=\"2575\"><strong data-start=\"2534\" data-end=\"2575\">Servicios: Fabricaci\u00f3n completa OEM y ODM<\/strong><\/h2>\n<p data-start=\"2576\" data-end=\"2744\">Sumkcaps ofrece <strong data-start=\"2601\" data-end=\"2623\">Servicios OEM y ODM<\/strong>La capacidad de las marcas para crear dise\u00f1os originales, ajustar las especificaciones de los productos y ampliar la producci\u00f3n para satisfacer la demanda del mercado.<\/p>","protected":false},"excerpt":{"rendered":"<p>Sumkcaps 2910 Logotipo Personalizado Impreso Cierre De Cuero De Cinco Paneles Es Una Gorra De Estilo Popular, Ligera Y Transpirable. Sombrero perfecto para su peque\u00f1a empresa, equipo deportivo, evento especial, y m\u00e1s. Cambie su propio logotipo f\u00e1cilmente.<\/p>","protected":false},"featured_media":14894,"template":"","meta":{"_acf_changed":false,"_kad_blocks_custom_css":"","_kad_blocks_head_custom_js":"","_kad_blocks_body_custom_js":"","_kad_blocks_footer_custom_js":""},"product_brand":[],"product_cat":[60],"product_tag":[],"class_list":{"0":"post-14893","1":"product","2":"type-product","3":"status-publish","4":"has-post-thumbnail","6":"product_cat-5-panel-hat","8":"first","9":"outofstock","10":"shipping-taxable","11":"product-type-simple"},"acf":[],"yoast_head":"<!-- This site is optimized with the Yoast SEO Premium plugin v20.8 (Yoast SEO v25.9) - https:\/\/yoast.com\/wordpress\/plugins\/seo\/ -->\n<title>Custom Printed Logo Five Panel Hat | China Manufactuer<\/title>\n<meta name=\"description\" content=\"Leading Manufacturer For Headwear, Orders From Factory Directly And Save Your 75% Budget! Add Your Logo or Custom Design Online. Expert Service.\" \/>\n<meta name=\"robots\" content=\"index, follow, max-snippet:-1, max-image-preview:large, max-video-preview:-1\" \/>\n<link rel=\"canonical\" href=\"https:\/\/sumkcaps.com\/es\/producto\/sufox-2910-logotipo-personalizado-impreso-cierre-de-cuero-sombrero-de-cinco-paneles\/\" \/>\n<meta property=\"og:locale\" content=\"es_ES\" \/>\n<meta property=\"og:type\" content=\"article\" \/>\n<meta property=\"og:title\" content=\"Sumkcaps 2910 Custom Printed Logo Leather Closure Five Panel Hat - Sumkcaps\" \/>\n<meta property=\"og:description\" content=\"Leading Manufacturer For Headwear, Orders From Factory Directly And Save Your 75% Budget! Add Your Logo or Custom Design Online. Expert Service.\" \/>\n<meta property=\"og:url\" content=\"https:\/\/sumkcaps.com\/es\/producto\/sufox-2910-logotipo-personalizado-impreso-cierre-de-cuero-sombrero-de-cinco-paneles\/\" \/>\n<meta property=\"og:site_name\" content=\"Sumkcaps-China Original Headwear Manufacturer and Suppliers\" \/>\n<meta property=\"article:publisher\" content=\"https:\/\/www.facebook.com\/sumkcap\" \/>\n<meta property=\"article:modified_time\" content=\"2025-07-09T09:34:15+00:00\" \/>\n<meta property=\"og:image\" content=\"https:\/\/sumkcaps.com\/wp-content\/uploads\/2022\/09\/5_panel_caps_hats-4.jpg\" \/>\n\t<meta property=\"og:image:width\" content=\"1000\" \/>\n\t<meta property=\"og:image:height\" content=\"1000\" \/>\n\t<meta property=\"og:image:type\" content=\"image\/jpeg\" \/>\n<meta name=\"twitter:card\" content=\"summary_large_image\" \/>\n<meta name=\"twitter:label1\" content=\"Tiempo de lectura\" \/>\n\t<meta name=\"twitter:data1\" content=\"2 minutos\" \/>\n<script type=\"application\/ld+json\" class=\"yoast-schema-graph\">{\"@context\":\"https:\/\/schema.org\",\"@graph\":[{\"@type\":\"WebPage\",\"@id\":\"https:\/\/sumkcaps.com\/product\/sufox-2910-custom-printed-logo-leather-closure-five-panel-hat\/\",\"url\":\"https:\/\/sumkcaps.com\/product\/sufox-2910-custom-printed-logo-leather-closure-five-panel-hat\/\",\"name\":\"Custom Printed Logo Five Panel Hat | China Manufactuer\",\"isPartOf\":{\"@id\":\"https:\/\/sumkcaps.com\/#website\"},\"primaryImageOfPage\":{\"@id\":\"https:\/\/sumkcaps.com\/product\/sufox-2910-custom-printed-logo-leather-closure-five-panel-hat\/#primaryimage\"},\"image\":{\"@id\":\"https:\/\/sumkcaps.com\/product\/sufox-2910-custom-printed-logo-leather-closure-five-panel-hat\/#primaryimage\"},\"thumbnailUrl\":\"https:\/\/sumkcaps.com\/wp-content\/uploads\/2022\/09\/5_panel_caps_hats-4.jpg\",\"datePublished\":\"2022-09-19T06:34:22+00:00\",\"dateModified\":\"2025-07-09T09:34:15+00:00\",\"description\":\"Leading Manufacturer For Headwear, Orders From Factory Directly And Save Your 75% Budget! Add Your Logo or Custom Design Online. Expert Service.\",\"breadcrumb\":{\"@id\":\"https:\/\/sumkcaps.com\/product\/sufox-2910-custom-printed-logo-leather-closure-five-panel-hat\/#breadcrumb\"},\"inLanguage\":\"es\",\"potentialAction\":[{\"@type\":\"ReadAction\",\"target\":[\"https:\/\/sumkcaps.com\/product\/sufox-2910-custom-printed-logo-leather-closure-five-panel-hat\/\"]}]},{\"@type\":\"ImageObject\",\"inLanguage\":\"es\",\"@id\":\"https:\/\/sumkcaps.com\/product\/sufox-2910-custom-printed-logo-leather-closure-five-panel-hat\/#primaryimage\",\"url\":\"https:\/\/sumkcaps.com\/wp-content\/uploads\/2022\/09\/5_panel_caps_hats-4.jpg\",\"contentUrl\":\"https:\/\/sumkcaps.com\/wp-content\/uploads\/2022\/09\/5_panel_caps_hats-4.jpg\",\"width\":1000,\"height\":1000,\"caption\":\"Custom 5 panel camp hat\"},{\"@type\":\"BreadcrumbList\",\"@id\":\"https:\/\/sumkcaps.com\/product\/sufox-2910-custom-printed-logo-leather-closure-five-panel-hat\/#breadcrumb\",\"itemListElement\":[{\"@type\":\"ListItem\",\"position\":1,\"name\":\"Home\",\"item\":\"https:\/\/sumkcaps.com\/\"},{\"@type\":\"ListItem\",\"position\":2,\"name\":\"Products\",\"item\":\"https:\/\/sumkcaps.com\/product\/\"},{\"@type\":\"ListItem\",\"position\":3,\"name\":\"Sumkcaps 2910 Custom Printed Logo Leather Closure Five Panel Hat\"}]},{\"@type\":\"WebSite\",\"@id\":\"https:\/\/sumkcaps.com\/#website\",\"url\":\"https:\/\/sumkcaps.com\/\",\"name\":\"Sumkcaps-China Original Headwear Manufacturer and Suppliers\",\"description\":\"We are China Cap And Hat Original Factory, whose main business is to custom cap and hat as client&#039;s LOGO. Any cap style, any cap color, any qty, any material and qty is no problem. In one words, any small details can be customized as your request.\",\"publisher\":{\"@id\":\"https:\/\/sumkcaps.com\/#organization\"},\"potentialAction\":[{\"@type\":\"SearchAction\",\"target\":{\"@type\":\"EntryPoint\",\"urlTemplate\":\"https:\/\/sumkcaps.com\/?s={search_term_string}\"},\"query-input\":{\"@type\":\"PropertyValueSpecification\",\"valueRequired\":true,\"valueName\":\"search_term_string\"}}],\"inLanguage\":\"es\"},{\"@type\":\"Organization\",\"@id\":\"https:\/\/sumkcaps.com\/#organization\",\"name\":\"Sumkcaps-China Original Headwear Manufacturer and Suppliers\",\"url\":\"https:\/\/sumkcaps.com\/\",\"logo\":{\"@type\":\"ImageObject\",\"inLanguage\":\"es\",\"@id\":\"https:\/\/sumkcaps.com\/#\/schema\/logo\/image\/\",\"url\":\"https:\/\/sumkcaps.com\/wp-content\/uploads\/2025\/12\/1234.jpg\",\"contentUrl\":\"https:\/\/sumkcaps.com\/wp-content\/uploads\/2025\/12\/1234.jpg\",\"width\":800,\"height\":800,\"caption\":\"Sumkcaps-China Original Headwear Manufacturer and Suppliers\"},\"image\":{\"@id\":\"https:\/\/sumkcaps.com\/#\/schema\/logo\/image\/\"},\"sameAs\":[\"https:\/\/www.facebook.com\/sumkcap\",\"https:\/\/www.instagram.com\/sumkcaps7\/\",\"https:\/\/www.pinterest.com\/sumkcapschina\/\"]}]}<\/script>\n<!-- \/ Yoast SEO Premium plugin. -->","yoast_head_json":{"title":"Logotipo personalizado impreso Cinco Panel Sombrero | China Manufactuer","description":"\u00a1Fabricante L\u00edder De Sombrerer\u00eda, Haga Sus Pedidos Directamente A La F\u00e1brica Y Ahorre Su Presupuesto 75%! A\u00f1ada su logotipo o dise\u00f1o personalizado en l\u00ednea. Servicio Experto.","robots":{"index":"index","follow":"follow","max-snippet":"max-snippet:-1","max-image-preview":"max-image-preview:large","max-video-preview":"max-video-preview:-1"},"canonical":"https:\/\/sumkcaps.com\/es\/producto\/sufox-2910-logotipo-personalizado-impreso-cierre-de-cuero-sombrero-de-cinco-paneles\/","og_locale":"es_ES","og_type":"article","og_title":"Sumkcaps 2910 Custom Printed Logo Leather Closure Five Panel Hat - Sumkcaps","og_description":"Leading Manufacturer For Headwear, Orders From Factory Directly And Save Your 75% Budget! Add Your Logo or Custom Design Online. Expert Service.","og_url":"https:\/\/sumkcaps.com\/es\/producto\/sufox-2910-logotipo-personalizado-impreso-cierre-de-cuero-sombrero-de-cinco-paneles\/","og_site_name":"Sumkcaps-China Original Headwear Manufacturer and Suppliers","article_publisher":"https:\/\/www.facebook.com\/sumkcap","article_modified_time":"2025-07-09T09:34:15+00:00","og_image":[{"width":1000,"height":1000,"url":"https:\/\/sumkcaps.com\/wp-content\/uploads\/2022\/09\/5_panel_caps_hats-4.jpg","type":"image\/jpeg"}],"twitter_card":"summary_large_image","twitter_misc":{"Tiempo de lectura":"2 minutos"},"schema":{"@context":"https:\/\/schema.org","@graph":[{"@type":"WebPage","@id":"https:\/\/sumkcaps.com\/product\/sufox-2910-custom-printed-logo-leather-closure-five-panel-hat\/","url":"https:\/\/sumkcaps.com\/product\/sufox-2910-custom-printed-logo-leather-closure-five-panel-hat\/","name":"Logotipo personalizado impreso Cinco Panel Sombrero | China Manufactuer","isPartOf":{"@id":"https:\/\/sumkcaps.com\/#website"},"primaryImageOfPage":{"@id":"https:\/\/sumkcaps.com\/product\/sufox-2910-custom-printed-logo-leather-closure-five-panel-hat\/#primaryimage"},"image":{"@id":"https:\/\/sumkcaps.com\/product\/sufox-2910-custom-printed-logo-leather-closure-five-panel-hat\/#primaryimage"},"thumbnailUrl":"https:\/\/sumkcaps.com\/wp-content\/uploads\/2022\/09\/5_panel_caps_hats-4.jpg","datePublished":"2022-09-19T06:34:22+00:00","dateModified":"2025-07-09T09:34:15+00:00","description":"\u00a1Fabricante L\u00edder De Sombrerer\u00eda, Haga Sus Pedidos Directamente A La F\u00e1brica Y Ahorre Su Presupuesto 75%! A\u00f1ada su logotipo o dise\u00f1o personalizado en l\u00ednea. Servicio Experto.","breadcrumb":{"@id":"https:\/\/sumkcaps.com\/product\/sufox-2910-custom-printed-logo-leather-closure-five-panel-hat\/#breadcrumb"},"inLanguage":"es","potentialAction":[{"@type":"ReadAction","target":["https:\/\/sumkcaps.com\/product\/sufox-2910-custom-printed-logo-leather-closure-five-panel-hat\/"]}]},{"@type":"ImageObject","inLanguage":"es","@id":"https:\/\/sumkcaps.com\/product\/sufox-2910-custom-printed-logo-leather-closure-five-panel-hat\/#primaryimage","url":"https:\/\/sumkcaps.com\/wp-content\/uploads\/2022\/09\/5_panel_caps_hats-4.jpg","contentUrl":"https:\/\/sumkcaps.com\/wp-content\/uploads\/2022\/09\/5_panel_caps_hats-4.jpg","width":1000,"height":1000,"caption":"Custom 5 panel camp hat"},{"@type":"BreadcrumbList","@id":"https:\/\/sumkcaps.com\/product\/sufox-2910-custom-printed-logo-leather-closure-five-panel-hat\/#breadcrumb","itemListElement":[{"@type":"ListItem","position":1,"name":"Home","item":"https:\/\/sumkcaps.com\/"},{"@type":"ListItem","position":2,"name":"Products","item":"https:\/\/sumkcaps.com\/product\/"},{"@type":"ListItem","position":3,"name":"Sumkcaps 2910 Custom Printed Logo Leather Closure Five Panel Hat"}]},{"@type":"WebSite","@id":"https:\/\/sumkcaps.com\/#website","url":"https:\/\/sumkcaps.com\/","name":"Sumkcaps-China Fabricante y proveedor de gorras originales","description":"Somos gorra de China y el sombrero original de la f\u00e1brica, cuya actividad principal es la costumbre gorra y el sombrero como cliente&#039;s LOGO. Cualquier estilo gorra, cualquier color gorra, cualquier cantidad, cualquier material y cantidad no es problema. En una palabra, cualquier peque\u00f1o detalle puede ser personalizado como su solicitud.","publisher":{"@id":"https:\/\/sumkcaps.com\/#organization"},"potentialAction":[{"@type":"SearchAction","target":{"@type":"EntryPoint","urlTemplate":"https:\/\/sumkcaps.com\/?s={search_term_string}"},"query-input":{"@type":"PropertyValueSpecification","valueRequired":true,"valueName":"search_term_string"}}],"inLanguage":"es"},{"@type":"Organization","@id":"https:\/\/sumkcaps.com\/#organization","name":"Sumkcaps-China Fabricante y proveedor de gorras originales","url":"https:\/\/sumkcaps.com\/","logo":{"@type":"ImageObject","inLanguage":"es","@id":"https:\/\/sumkcaps.com\/#\/schema\/logo\/image\/","url":"https:\/\/sumkcaps.com\/wp-content\/uploads\/2025\/12\/1234.jpg","contentUrl":"https:\/\/sumkcaps.com\/wp-content\/uploads\/2025\/12\/1234.jpg","width":800,"height":800,"caption":"Sumkcaps-China Original Headwear Manufacturer and Suppliers"},"image":{"@id":"https:\/\/sumkcaps.com\/#\/schema\/logo\/image\/"},"sameAs":["https:\/\/www.facebook.com\/sumkcap","https:\/\/www.instagram.com\/sumkcaps7\/","https:\/\/www.pinterest.com\/sumkcapschina\/"]}]}},"taxonomy_info":{"product_cat":[{"value":60,"label":"Wholesale Five Panel Hats"}]},"featured_image_src_large":["https:\/\/sumkcaps.com\/wp-content\/uploads\/2022\/09\/5_panel_caps_hats-4.jpg",800,800,false],"author_info":[],"comment_info":"","_links":{"self":[{"href":"https:\/\/sumkcaps.com\/es\/wp-json\/wp\/v2\/product\/14893","targetHints":{"allow":["GET"]}}],"collection":[{"href":"https:\/\/sumkcaps.com\/es\/wp-json\/wp\/v2\/product"}],"about":[{"href":"https:\/\/sumkcaps.com\/es\/wp-json\/wp\/v2\/types\/product"}],"wp:featuredmedia":[{"embeddable":true,"href":"https:\/\/sumkcaps.com\/es\/wp-json\/wp\/v2\/media\/14894"}],"wp:attachment":[{"href":"https:\/\/sumkcaps.com\/es\/wp-json\/wp\/v2\/media?parent=14893"}],"wp:term":[{"taxonomy":"product_brand","embeddable":true,"href":"https:\/\/sumkcaps.com\/es\/wp-json\/wp\/v2\/product_brand?post=14893"},{"taxonomy":"product_cat","embeddable":true,"href":"https:\/\/sumkcaps.com\/es\/wp-json\/wp\/v2\/product_cat?post=14893"},{"taxonomy":"product_tag","embeddable":true,"href":"https:\/\/sumkcaps.com\/es\/wp-json\/wp\/v2\/product_tag?post=14893"}],"curies":[{"name":"wp","href":"https:\/\/api.w.org\/{rel}","templated":true}]}}