{"id":14828,"date":"2022-09-19T11:20:08","date_gmt":"2022-09-19T03:20:08","guid":{"rendered":"https:\/\/sumkcaps.com\/?post_type=product&#038;p=14828"},"modified":"2026-04-03T15:36:09","modified_gmt":"2026-04-03T07:36:09","slug":"sufox-2920-custom-five-panel-printing-hip-hop-snapback-cap","status":"publish","type":"product","link":"https:\/\/sumkcaps.com\/es\/producto\/sufox-2920-custom-five-panel-printing-hip-hop-snapback-cap\/","title":{"rendered":"Sumkcaps 2920 Custom Five Panel Printing Hip Hop Snapback Cap"},"content":{"rendered":"<h3 data-section-id=\"1fbq7kg\" data-start=\"126\" data-end=\"178\"><span role=\"text\"><strong data-start=\"130\" data-end=\"176\">Decoraci\u00f3n<\/strong><\/span><\/h3>\n<p data-start=\"179\" data-end=\"448\">This cap combines 3D embroidery with full-surface printing, creating a dynamic and layered visual effect. The raised embroidery adds depth and texture, while the all-over print allows for bold, creative designs, making it ideal for hip hop styles and standout branding.<\/p>\n<h3 data-section-id=\"kpdawz\" data-start=\"455\" data-end=\"492\"><span role=\"text\"><strong data-start=\"459\" data-end=\"490\">Material<\/strong><\/span><\/h3>\n<p data-start=\"493\" data-end=\"752\">Crafted from a polyester and cotton blend, this cap offers both durability and comfort. Polyester enhances print clarity and color retention, while cotton provides breathability and a soft touch, ensuring long-lasting wear and a comfortable fit for daily use.<\/p>\n<h3 data-section-id=\"slu0w9\" data-start=\"759\" data-end=\"787\"><span role=\"text\"><strong data-start=\"763\" data-end=\"785\">Color<\/strong><\/span><\/h3>\n<p data-start=\"788\" data-end=\"1051\">Fully customizable in color, this cap supports a wide range of design possibilities, from vibrant patterns to subtle tones. Brands can match exact color requirements or create unique combinations, ensuring strong visual identity and appeal in competitive markets.<\/p>\n<h3 data-section-id=\"1ujt2bk\" data-start=\"1058\" data-end=\"1097\"><span role=\"text\"><strong data-start=\"1062\" data-end=\"1095\">Ajuste y talla<\/strong><\/span><\/h3>\n<p data-start=\"1098\" data-end=\"1343\">Featuring an adjustable snapback closure, this cap offers a one-size-fits-most fit ranging from 7 to 7 3\/4. It provides a secure and comfortable fit for various head sizes, making it an excellent choice for bulk production and diverse audiences.<\/p>\n<h3 data-section-id=\"3asju8\" data-start=\"1350\" data-end=\"1377\"><span role=\"text\"><strong data-start=\"1354\" data-end=\"1375\">Visera<\/strong><\/span><\/h3>\n<p data-start=\"1378\" data-end=\"1606\">The flat bill visor delivers a modern, structured look that aligns with hip hop and streetwear trends. It maintains its shape over time while offering effective sun protection, combining style and practicality for everyday wear.<\/p>\n<h3 data-section-id=\"3nymbz\" data-start=\"1613\" data-end=\"1642\"><span role=\"text\"><strong data-start=\"1617\" data-end=\"1640\">Servicio<\/strong><\/span><\/h3>\n<p data-start=\"1643\" data-end=\"1889\">We offer comprehensive OEM and ODM services, including custom logos, materials, colors, and packaging. Our experienced team ensures precise execution of your designs, helping bring your brand vision to life with high-quality production standards.<\/p>\n<h3 data-section-id=\"1mx9aa5\" data-start=\"1896\" data-end=\"1921\"><span role=\"text\"><strong data-start=\"1900\" data-end=\"1919\">Plazo de entrega<\/strong><\/span><\/h3>\n<p data-start=\"1922\" data-end=\"2161\" data-is-last-node=\"\" data-is-only-node=\"\">Our efficient production process ensures quick turnaround times, with samples completed within 7\u20139 working days and bulk production finished in 18\u201322 working days. This allows brands to meet deadlines and respond rapidly to market demands.<\/p>","protected":false},"excerpt":{"rendered":"<p>Sumkcaps 2920 Custom Five Panel Printing Hip Hop Snapback Cap Es Una De Las Gorras De Estilo M\u00e1s Populares, Ligera Y Transpirable. Nuestros Snapbacks vienen en una variedad de estilos y colores de todas las marcas superiores.<\/p>","protected":false},"featured_media":14829,"template":"","meta":{"_acf_changed":false,"_kad_blocks_custom_css":"","_kad_blocks_head_custom_js":"","_kad_blocks_body_custom_js":"","_kad_blocks_footer_custom_js":""},"product_brand":[],"product_cat":[42],"product_tag":[],"class_list":{"0":"post-14828","1":"product","2":"type-product","3":"status-publish","4":"has-post-thumbnail","6":"product_cat-snapback-cap","8":"first","9":"outofstock","10":"shipping-taxable","11":"product-type-simple"},"acf":[],"yoast_head":"<!-- This site is optimized with the Yoast SEO Premium plugin v20.8 (Yoast SEO v25.9) - https:\/\/yoast.com\/wordpress\/plugins\/seo\/ -->\n<title>Custom Printing Hip Hop Snapback Cap | China Manufactuer<\/title>\n<meta name=\"description\" content=\"High Quality China Custom Headwear Manufacturer. Top Quality Products At Best Prices. Add Your Logo or Custom Design Online. Expert Service. Bulk Discount.\" \/>\n<meta name=\"robots\" content=\"index, follow, max-snippet:-1, max-image-preview:large, max-video-preview:-1\" \/>\n<link rel=\"canonical\" href=\"https:\/\/sumkcaps.com\/es\/producto\/sufox-2920-custom-five-panel-printing-hip-hop-snapback-cap\/\" \/>\n<meta property=\"og:locale\" content=\"es_ES\" \/>\n<meta property=\"og:type\" content=\"article\" \/>\n<meta property=\"og:title\" content=\"Sumkcaps 2920 Custom Five Panel Printing Hip Hop Snapback Cap - Sumkcaps\" \/>\n<meta property=\"og:description\" content=\"High Quality China Custom Headwear Manufacturer. Top Quality Products At Best Prices. Add Your Logo or Custom Design Online. Expert Service. Bulk Discount.\" \/>\n<meta property=\"og:url\" content=\"https:\/\/sumkcaps.com\/es\/producto\/sufox-2920-custom-five-panel-printing-hip-hop-snapback-cap\/\" \/>\n<meta property=\"og:site_name\" content=\"Sumkcaps-China Original Headwear Manufacturer and Suppliers\" \/>\n<meta property=\"article:publisher\" content=\"https:\/\/www.facebook.com\/sumkcap\" \/>\n<meta property=\"article:modified_time\" content=\"2026-04-03T07:36:09+00:00\" \/>\n<meta property=\"og:image\" content=\"https:\/\/sumkcaps.com\/wp-content\/uploads\/2022\/09\/Printed_Hip_Hop_Snapback_Hat-2.jpg\" \/>\n\t<meta property=\"og:image:width\" content=\"1000\" \/>\n\t<meta property=\"og:image:height\" content=\"1000\" \/>\n\t<meta property=\"og:image:type\" content=\"image\/jpeg\" \/>\n<meta name=\"twitter:card\" content=\"summary_large_image\" \/>\n<meta name=\"twitter:label1\" content=\"Tiempo de lectura\" \/>\n\t<meta name=\"twitter:data1\" content=\"2 minutos\" \/>\n<script type=\"application\/ld+json\" class=\"yoast-schema-graph\">{\"@context\":\"https:\/\/schema.org\",\"@graph\":[{\"@type\":\"WebPage\",\"@id\":\"https:\/\/sumkcaps.com\/product\/sufox-2920-custom-five-panel-printing-hip-hop-snapback-cap\/\",\"url\":\"https:\/\/sumkcaps.com\/product\/sufox-2920-custom-five-panel-printing-hip-hop-snapback-cap\/\",\"name\":\"Custom Printing Hip Hop Snapback Cap | China Manufactuer\",\"isPartOf\":{\"@id\":\"https:\/\/sumkcaps.com\/#website\"},\"primaryImageOfPage\":{\"@id\":\"https:\/\/sumkcaps.com\/product\/sufox-2920-custom-five-panel-printing-hip-hop-snapback-cap\/#primaryimage\"},\"image\":{\"@id\":\"https:\/\/sumkcaps.com\/product\/sufox-2920-custom-five-panel-printing-hip-hop-snapback-cap\/#primaryimage\"},\"thumbnailUrl\":\"https:\/\/sumkcaps.com\/wp-content\/uploads\/2022\/09\/Printed_Hip_Hop_Snapback_Hat-2.jpg\",\"datePublished\":\"2022-09-19T03:20:08+00:00\",\"dateModified\":\"2026-04-03T07:36:09+00:00\",\"description\":\"High Quality China Custom Headwear Manufacturer. Top Quality Products At Best Prices. Add Your Logo or Custom Design Online. Expert Service. Bulk Discount.\",\"breadcrumb\":{\"@id\":\"https:\/\/sumkcaps.com\/product\/sufox-2920-custom-five-panel-printing-hip-hop-snapback-cap\/#breadcrumb\"},\"inLanguage\":\"es\",\"potentialAction\":[{\"@type\":\"ReadAction\",\"target\":[\"https:\/\/sumkcaps.com\/product\/sufox-2920-custom-five-panel-printing-hip-hop-snapback-cap\/\"]}]},{\"@type\":\"ImageObject\",\"inLanguage\":\"es\",\"@id\":\"https:\/\/sumkcaps.com\/product\/sufox-2920-custom-five-panel-printing-hip-hop-snapback-cap\/#primaryimage\",\"url\":\"https:\/\/sumkcaps.com\/wp-content\/uploads\/2022\/09\/Printed_Hip_Hop_Snapback_Hat-2.jpg\",\"contentUrl\":\"https:\/\/sumkcaps.com\/wp-content\/uploads\/2022\/09\/Printed_Hip_Hop_Snapback_Hat-2.jpg\",\"width\":1000,\"height\":1000,\"caption\":\"Custom Printing Snapback\"},{\"@type\":\"BreadcrumbList\",\"@id\":\"https:\/\/sumkcaps.com\/product\/sufox-2920-custom-five-panel-printing-hip-hop-snapback-cap\/#breadcrumb\",\"itemListElement\":[{\"@type\":\"ListItem\",\"position\":1,\"name\":\"Home\",\"item\":\"https:\/\/sumkcaps.com\/\"},{\"@type\":\"ListItem\",\"position\":2,\"name\":\"Products\",\"item\":\"https:\/\/sumkcaps.com\/product\/\"},{\"@type\":\"ListItem\",\"position\":3,\"name\":\"Sumkcaps 2920 Custom Five Panel Printing Hip Hop Snapback Cap\"}]},{\"@type\":\"WebSite\",\"@id\":\"https:\/\/sumkcaps.com\/#website\",\"url\":\"https:\/\/sumkcaps.com\/\",\"name\":\"Sumkcaps-China Original Headwear Manufacturer and Suppliers\",\"description\":\"We are China Cap And Hat Original Factory, whose main business is to custom cap and hat as client&#039;s LOGO. Any cap style, any cap color, any qty, any material and qty is no problem. In one words, any small details can be customized as your request.\",\"publisher\":{\"@id\":\"https:\/\/sumkcaps.com\/#organization\"},\"potentialAction\":[{\"@type\":\"SearchAction\",\"target\":{\"@type\":\"EntryPoint\",\"urlTemplate\":\"https:\/\/sumkcaps.com\/?s={search_term_string}\"},\"query-input\":{\"@type\":\"PropertyValueSpecification\",\"valueRequired\":true,\"valueName\":\"search_term_string\"}}],\"inLanguage\":\"es\"},{\"@type\":\"Organization\",\"@id\":\"https:\/\/sumkcaps.com\/#organization\",\"name\":\"Sumkcaps-China Original Headwear Manufacturer and Suppliers\",\"url\":\"https:\/\/sumkcaps.com\/\",\"logo\":{\"@type\":\"ImageObject\",\"inLanguage\":\"es\",\"@id\":\"https:\/\/sumkcaps.com\/#\/schema\/logo\/image\/\",\"url\":\"https:\/\/sumkcaps.com\/wp-content\/uploads\/2025\/12\/1234.jpg\",\"contentUrl\":\"https:\/\/sumkcaps.com\/wp-content\/uploads\/2025\/12\/1234.jpg\",\"width\":800,\"height\":800,\"caption\":\"Sumkcaps-China Original Headwear Manufacturer and Suppliers\"},\"image\":{\"@id\":\"https:\/\/sumkcaps.com\/#\/schema\/logo\/image\/\"},\"sameAs\":[\"https:\/\/www.facebook.com\/sumkcap\",\"https:\/\/www.instagram.com\/sumkcaps7\/\",\"https:\/\/www.pinterest.com\/sumkcapschina\/\"]}]}<\/script>\n<!-- \/ Yoast SEO Premium plugin. -->","yoast_head_json":{"title":"Impresi\u00f3n personalizada Hip Hop Snapback Cap | China Manufactuer","description":"Alta Calidad China Custom Headwear Fabricante. Productos de alta calidad a los mejores precios. A\u00f1ada su logotipo o dise\u00f1o personalizado en l\u00ednea. Servicio experto. Descuento por volumen.","robots":{"index":"index","follow":"follow","max-snippet":"max-snippet:-1","max-image-preview":"max-image-preview:large","max-video-preview":"max-video-preview:-1"},"canonical":"https:\/\/sumkcaps.com\/es\/producto\/sufox-2920-custom-five-panel-printing-hip-hop-snapback-cap\/","og_locale":"es_ES","og_type":"article","og_title":"Sumkcaps 2920 Custom Five Panel Printing Hip Hop Snapback Cap - Sumkcaps","og_description":"High Quality China Custom Headwear Manufacturer. Top Quality Products At Best Prices. Add Your Logo or Custom Design Online. Expert Service. Bulk Discount.","og_url":"https:\/\/sumkcaps.com\/es\/producto\/sufox-2920-custom-five-panel-printing-hip-hop-snapback-cap\/","og_site_name":"Sumkcaps-China Original Headwear Manufacturer and Suppliers","article_publisher":"https:\/\/www.facebook.com\/sumkcap","article_modified_time":"2026-04-03T07:36:09+00:00","og_image":[{"width":1000,"height":1000,"url":"https:\/\/sumkcaps.com\/wp-content\/uploads\/2022\/09\/Printed_Hip_Hop_Snapback_Hat-2.jpg","type":"image\/jpeg"}],"twitter_card":"summary_large_image","twitter_misc":{"Tiempo de lectura":"2 minutos"},"schema":{"@context":"https:\/\/schema.org","@graph":[{"@type":"WebPage","@id":"https:\/\/sumkcaps.com\/product\/sufox-2920-custom-five-panel-printing-hip-hop-snapback-cap\/","url":"https:\/\/sumkcaps.com\/product\/sufox-2920-custom-five-panel-printing-hip-hop-snapback-cap\/","name":"Impresi\u00f3n personalizada Hip Hop Snapback Cap | China Manufactuer","isPartOf":{"@id":"https:\/\/sumkcaps.com\/#website"},"primaryImageOfPage":{"@id":"https:\/\/sumkcaps.com\/product\/sufox-2920-custom-five-panel-printing-hip-hop-snapback-cap\/#primaryimage"},"image":{"@id":"https:\/\/sumkcaps.com\/product\/sufox-2920-custom-five-panel-printing-hip-hop-snapback-cap\/#primaryimage"},"thumbnailUrl":"https:\/\/sumkcaps.com\/wp-content\/uploads\/2022\/09\/Printed_Hip_Hop_Snapback_Hat-2.jpg","datePublished":"2022-09-19T03:20:08+00:00","dateModified":"2026-04-03T07:36:09+00:00","description":"Alta Calidad China Custom Headwear Fabricante. Productos de alta calidad a los mejores precios. A\u00f1ada su logotipo o dise\u00f1o personalizado en l\u00ednea. Servicio experto. Descuento por volumen.","breadcrumb":{"@id":"https:\/\/sumkcaps.com\/product\/sufox-2920-custom-five-panel-printing-hip-hop-snapback-cap\/#breadcrumb"},"inLanguage":"es","potentialAction":[{"@type":"ReadAction","target":["https:\/\/sumkcaps.com\/product\/sufox-2920-custom-five-panel-printing-hip-hop-snapback-cap\/"]}]},{"@type":"ImageObject","inLanguage":"es","@id":"https:\/\/sumkcaps.com\/product\/sufox-2920-custom-five-panel-printing-hip-hop-snapback-cap\/#primaryimage","url":"https:\/\/sumkcaps.com\/wp-content\/uploads\/2022\/09\/Printed_Hip_Hop_Snapback_Hat-2.jpg","contentUrl":"https:\/\/sumkcaps.com\/wp-content\/uploads\/2022\/09\/Printed_Hip_Hop_Snapback_Hat-2.jpg","width":1000,"height":1000,"caption":"Custom Printing Snapback"},{"@type":"BreadcrumbList","@id":"https:\/\/sumkcaps.com\/product\/sufox-2920-custom-five-panel-printing-hip-hop-snapback-cap\/#breadcrumb","itemListElement":[{"@type":"ListItem","position":1,"name":"Home","item":"https:\/\/sumkcaps.com\/"},{"@type":"ListItem","position":2,"name":"Products","item":"https:\/\/sumkcaps.com\/product\/"},{"@type":"ListItem","position":3,"name":"Sumkcaps 2920 Custom Five Panel Printing Hip Hop Snapback Cap"}]},{"@type":"WebSite","@id":"https:\/\/sumkcaps.com\/#website","url":"https:\/\/sumkcaps.com\/","name":"Sumkcaps-China Fabricante y proveedor de gorras originales","description":"Somos gorra de China y el sombrero original de la f\u00e1brica, cuya actividad principal es la costumbre gorra y el sombrero como cliente&#039;s LOGO. Cualquier estilo gorra, cualquier color gorra, cualquier cantidad, cualquier material y cantidad no es problema. En una palabra, cualquier peque\u00f1o detalle puede ser personalizado como su solicitud.","publisher":{"@id":"https:\/\/sumkcaps.com\/#organization"},"potentialAction":[{"@type":"SearchAction","target":{"@type":"EntryPoint","urlTemplate":"https:\/\/sumkcaps.com\/?s={search_term_string}"},"query-input":{"@type":"PropertyValueSpecification","valueRequired":true,"valueName":"search_term_string"}}],"inLanguage":"es"},{"@type":"Organization","@id":"https:\/\/sumkcaps.com\/#organization","name":"Sumkcaps-China Fabricante y proveedor de gorras originales","url":"https:\/\/sumkcaps.com\/","logo":{"@type":"ImageObject","inLanguage":"es","@id":"https:\/\/sumkcaps.com\/#\/schema\/logo\/image\/","url":"https:\/\/sumkcaps.com\/wp-content\/uploads\/2025\/12\/1234.jpg","contentUrl":"https:\/\/sumkcaps.com\/wp-content\/uploads\/2025\/12\/1234.jpg","width":800,"height":800,"caption":"Sumkcaps-China Original Headwear Manufacturer and Suppliers"},"image":{"@id":"https:\/\/sumkcaps.com\/#\/schema\/logo\/image\/"},"sameAs":["https:\/\/www.facebook.com\/sumkcap","https:\/\/www.instagram.com\/sumkcaps7\/","https:\/\/www.pinterest.com\/sumkcapschina\/"]}]}},"taxonomy_info":{"product_cat":[{"value":42,"label":"Snapback Hats Wholesale"}]},"featured_image_src_large":["https:\/\/sumkcaps.com\/wp-content\/uploads\/2022\/09\/Printed_Hip_Hop_Snapback_Hat-2.jpg",800,800,false],"author_info":[],"comment_info":"","_links":{"self":[{"href":"https:\/\/sumkcaps.com\/es\/wp-json\/wp\/v2\/product\/14828","targetHints":{"allow":["GET"]}}],"collection":[{"href":"https:\/\/sumkcaps.com\/es\/wp-json\/wp\/v2\/product"}],"about":[{"href":"https:\/\/sumkcaps.com\/es\/wp-json\/wp\/v2\/types\/product"}],"wp:featuredmedia":[{"embeddable":true,"href":"https:\/\/sumkcaps.com\/es\/wp-json\/wp\/v2\/media\/14829"}],"wp:attachment":[{"href":"https:\/\/sumkcaps.com\/es\/wp-json\/wp\/v2\/media?parent=14828"}],"wp:term":[{"taxonomy":"product_brand","embeddable":true,"href":"https:\/\/sumkcaps.com\/es\/wp-json\/wp\/v2\/product_brand?post=14828"},{"taxonomy":"product_cat","embeddable":true,"href":"https:\/\/sumkcaps.com\/es\/wp-json\/wp\/v2\/product_cat?post=14828"},{"taxonomy":"product_tag","embeddable":true,"href":"https:\/\/sumkcaps.com\/es\/wp-json\/wp\/v2\/product_tag?post=14828"}],"curies":[{"name":"wp","href":"https:\/\/api.w.org\/{rel}","templated":true}]}}