{"id":14763,"date":"2022-09-15T13:05:58","date_gmt":"2022-09-15T05:05:58","guid":{"rendered":"https:\/\/sumkcaps.com\/?post_type=product&#038;p=14763"},"modified":"2026-01-12T10:56:24","modified_gmt":"2026-01-12T02:56:24","slug":"sufox-2712-custom-rubber-patch-full-printing-bucket-hats","status":"publish","type":"product","link":"https:\/\/sumkcaps.com\/es\/producto\/sufox-2712-personalizado-parche-de-goma-impresion-completa-sombreros-de-cubo\/","title":{"rendered":"Sumkcaps 2712 Custom Rubber Patch Impresi\u00f3n completa Bucket Sombreros"},"content":{"rendered":"<div class=\"flex flex-col text-sm pb-25\">\n<article class=\"text-token-text-primary w-full focus:outline-none [--shadow-height:45px] has-data-writing-block:pointer-events-none has-data-writing-block:-mt-(--shadow-height) has-data-writing-block:pt-(--shadow-height) [&amp;:has([data-writing-block])&gt;*]:pointer-events-auto scroll-mt-[calc(var(--header-height)+min(200px,max(70px,20svh)))]\" dir=\"auto\" tabindex=\"-1\" data-turn-id=\"request-WEB:a19c8f3b-d9f5-4531-9910-bb9043c76dce-11\" data-testid=\"conversation-turn-24\" data-scroll-anchor=\"true\" data-turn=\"assistant\">\n<div class=\"text-base my-auto mx-auto pb-10 [--thread-content-margin:--spacing(4)] @w-sm\/main:[--thread-content-margin:--spacing(6)] @w-lg\/main:[--thread-content-margin:--spacing(16)] px-(--thread-content-margin)\">\n<div class=\"[--thread-content-max-width:40rem] @w-lg\/main:[--thread-content-max-width:48rem] mx-auto max-w-(--thread-content-max-width) flex-1 group\/turn-messages focus-visible:outline-hidden relative flex w-full min-w-0 flex-col agent-turn\" tabindex=\"-1\">\n<div class=\"flex max-w-full flex-col grow\">\n<div class=\"min-h-8 text-message relative flex w-full flex-col items-end gap-2 text-start break-words whitespace-normal [.text-message+&amp;]:mt-1\" dir=\"auto\" data-message-author-role=\"assistant\" data-message-id=\"cbddbcd5-59c1-430e-8903-ccef19375895\" data-message-model-slug=\"gpt-5-mini\">\n<div class=\"flex w-full flex-col gap-1 empty:hidden first:pt-[1px]\">\n<div class=\"markdown prose dark:prose-invert w-full break-words light markdown-new-styling\">\n<h3 data-start=\"94\" data-end=\"133\">Decoraci\u00f3n<\/h3>\n<p data-start=\"134\" data-end=\"519\">Este sombrero de cubo presenta una impresi\u00f3n personalizada en toda la superficie combinada con un parche de goma de primera calidad para la marca o con fines decorativos. El parche de goma a\u00f1ade un elemento t\u00e1ctil 3D y un acento visual duradero, mientras que la impresi\u00f3n completa permite dise\u00f1os vibrantes y detallados en todo el sombrero. Ideal para ropa de calle, art\u00edculos promocionales o colecciones de moda que busquen un estilo atrevido y una gran visibilidad de marca.<\/p>\n<h3 data-start=\"526\" data-end=\"548\">Material<\/h3>\n<p data-start=\"549\" data-end=\"913\">Fabricada en nailon de alta calidad, esta gorra es ligera, duradera y resistente al desgaste. La suave superficie de nailon realza la viveza de los dise\u00f1os estampados y garantiza la retenci\u00f3n duradera del color. Sus propiedades transpirables y de secado r\u00e1pido lo hacen adecuado para actividades al aire libre, viajes y uso diario, combinando practicidad con un estilo llamativo.<\/p>\n<h3 data-start=\"920\" data-end=\"944\">Forma<\/h3>\n<p data-start=\"945\" data-end=\"1279\">Dise\u00f1ado con una silueta cl\u00e1sica de sombrero de cubo, este estilo proporciona un aspecto atemporal y relajado. La corona estructurada y el ala uniforme crean un perfil limpio y vers\u00e1til adecuado para todas las estaciones. Su popular forma atrae a un amplio p\u00fablico, por lo que es ideal para marcas de streetwear, colecciones lifestyle y mercados de moda casual.<\/p>\n<h3 data-start=\"1286\" data-end=\"1306\">Color<\/h3>\n<p data-start=\"1307\" data-end=\"1664\">Este sombrero de cubo permite la personalizaci\u00f3n a todo color para adaptarse a las directrices de la marca o a dise\u00f1os creativos. Desde estampados llamativos a tonos sutiles, las opciones de color personalizadas ofrecen flexibilidad para un estilo \u00fanico. Combinado con la impresi\u00f3n a todo color, el sombrero se convierte en un accesorio destacado que puede reflejar las tendencias estacionales, la identidad de marca o los temas promocionales con precisi\u00f3n y estilo.<\/p>\n<h3 data-start=\"1671\" data-end=\"1694\">Visera<\/h3>\n<p data-start=\"1695\" data-end=\"2025\">Con un dise\u00f1o de visera plana, este sombrero de cubo ofrece un aspecto contempor\u00e1neo y estructurado al tiempo que mantiene una cobertura total. El ala plana realza el estilo y la funcionalidad, aportando un toque moderno al cl\u00e1sico sombrero de cubo. Este dise\u00f1o atrae al p\u00fablico m\u00e1s a la moda y a los entusiastas del streetwear que buscan una silueta limpia y atrevida.<\/p>\n<h3 data-start=\"2032\" data-end=\"2067\">Ajuste y talla<\/h3>\n<p data-start=\"2068\" data-end=\"2400\">Con un dise\u00f1o de talla \u00fanica, este sombrero de cubo se adapta c\u00f3modamente a cabezas de 7 a 7 3\/4. Su construcci\u00f3n equilibrada garantiza un ajuste seguro pero relajado para la mayor\u00eda de los usuarios. Este tallaje estandarizado lo hace adecuado para uso unisex, pedidos al por mayor, distribuci\u00f3n al por menor y campa\u00f1as promocionales, simplificando la gesti\u00f3n del inventario.<\/p>\n<h3 data-start=\"2407\" data-end=\"2428\">Plazo de entrega<\/h3>\n<p data-start=\"2429\" data-end=\"2744\" data-is-last-node=\"\" data-is-only-node=\"\">Una producci\u00f3n eficiente garantiza una entrega puntual. La producci\u00f3n de muestras tarda entre 7 y 9 d\u00edas laborables en confirmar el dise\u00f1o, y la producci\u00f3n en serie se completa en 18-22 d\u00edas laborables. Este plazo fiable es ideal para las marcas que planifican colecciones de temporada, art\u00edculos para eventos o pedidos masivos sin comprometer la calidad.<\/p>\n<\/div>\n<\/div>\n<\/div>\n<\/div>\n<\/div>\n<\/div>\n<\/article>\n<\/div>","protected":false},"excerpt":{"rendered":"<p>La gorra Sumkcaps 2712 Custom Rubber Patch Full Printing Bucket Hat est\u00e1 fabricada en nylon resistente con una vibrante impresi\u00f3n integral y un parche de goma de primera calidad. Con una forma cl\u00e1sica de cubo con visera plana y ajuste OSFM, ofrece comodidad, estilo y un fuerte atractivo de marca. Ideal para streetwear, colecciones de moda y uso promocional.<\/p>","protected":false},"featured_media":14764,"template":"","meta":{"_acf_changed":false,"_kad_blocks_custom_css":"","_kad_blocks_head_custom_js":"","_kad_blocks_body_custom_js":"","_kad_blocks_footer_custom_js":""},"product_brand":[],"product_cat":[55],"product_tag":[],"class_list":{"0":"post-14763","1":"product","2":"type-product","3":"status-publish","4":"has-post-thumbnail","6":"product_cat-bucket-hat-manufacturers","8":"first","9":"outofstock","10":"shipping-taxable","11":"product-type-simple"},"acf":[],"yoast_head":"<!-- This site is optimized with the Yoast SEO Premium plugin v20.8 (Yoast SEO v25.9) - https:\/\/yoast.com\/wordpress\/plugins\/seo\/ -->\n<title>Sufox Custom Rubber Patch Full Printing Bucket Hats<\/title>\n<meta name=\"description\" content=\"Sumkcaps 2712 Custom Nylon Bucket Hat features full printing, a rubber patch, flat bill, and OSFM fit\u2014perfect for streetwear and branding.\" \/>\n<meta name=\"robots\" content=\"index, follow, max-snippet:-1, max-image-preview:large, max-video-preview:-1\" \/>\n<link rel=\"canonical\" href=\"https:\/\/sumkcaps.com\/es\/producto\/sufox-2712-personalizado-parche-de-goma-impresion-completa-sombreros-de-cubo\/\" \/>\n<meta property=\"og:locale\" content=\"es_ES\" \/>\n<meta property=\"og:type\" content=\"article\" \/>\n<meta property=\"og:title\" content=\"Sumkcaps 2712 Custom Rubber Patch Full Printing Bucket Hats - Sumkcaps\" \/>\n<meta property=\"og:description\" content=\"Sumkcaps 2712 Custom Nylon Bucket Hat features full printing, a rubber patch, flat bill, and OSFM fit\u2014perfect for streetwear and branding.\" \/>\n<meta property=\"og:url\" content=\"https:\/\/sumkcaps.com\/es\/producto\/sufox-2712-personalizado-parche-de-goma-impresion-completa-sombreros-de-cubo\/\" \/>\n<meta property=\"og:site_name\" content=\"Sumkcaps-China Original Headwear Manufacturer and Suppliers\" \/>\n<meta property=\"article:publisher\" content=\"https:\/\/www.facebook.com\/sumkcap\" \/>\n<meta property=\"article:modified_time\" content=\"2026-01-12T02:56:24+00:00\" \/>\n<meta property=\"og:image\" content=\"https:\/\/sumkcaps.com\/wp-content\/uploads\/2022\/09\/full_printing_bucket_hat-1.jpg\" \/>\n\t<meta property=\"og:image:width\" content=\"1000\" \/>\n\t<meta property=\"og:image:height\" content=\"1000\" \/>\n\t<meta property=\"og:image:type\" content=\"image\/jpeg\" \/>\n<meta name=\"twitter:card\" content=\"summary_large_image\" \/>\n<meta name=\"twitter:label1\" content=\"Tiempo de lectura\" \/>\n\t<meta name=\"twitter:data1\" content=\"2 minutos\" \/>\n<script type=\"application\/ld+json\" class=\"yoast-schema-graph\">{\"@context\":\"https:\/\/schema.org\",\"@graph\":[{\"@type\":\"WebPage\",\"@id\":\"https:\/\/sumkcaps.com\/product\/sufox-2712-custom-rubber-patch-full-printing-bucket-hats\/\",\"url\":\"https:\/\/sumkcaps.com\/product\/sufox-2712-custom-rubber-patch-full-printing-bucket-hats\/\",\"name\":\"Sufox Custom Rubber Patch Full Printing Bucket Hats\",\"isPartOf\":{\"@id\":\"https:\/\/sumkcaps.com\/#website\"},\"primaryImageOfPage\":{\"@id\":\"https:\/\/sumkcaps.com\/product\/sufox-2712-custom-rubber-patch-full-printing-bucket-hats\/#primaryimage\"},\"image\":{\"@id\":\"https:\/\/sumkcaps.com\/product\/sufox-2712-custom-rubber-patch-full-printing-bucket-hats\/#primaryimage\"},\"thumbnailUrl\":\"https:\/\/sumkcaps.com\/wp-content\/uploads\/2022\/09\/full_printing_bucket_hat-1.jpg\",\"datePublished\":\"2022-09-15T05:05:58+00:00\",\"dateModified\":\"2026-01-12T02:56:24+00:00\",\"description\":\"Sumkcaps 2712 Custom Nylon Bucket Hat features full printing, a rubber patch, flat bill, and OSFM fit\u2014perfect for streetwear and branding.\",\"breadcrumb\":{\"@id\":\"https:\/\/sumkcaps.com\/product\/sufox-2712-custom-rubber-patch-full-printing-bucket-hats\/#breadcrumb\"},\"inLanguage\":\"es\",\"potentialAction\":[{\"@type\":\"ReadAction\",\"target\":[\"https:\/\/sumkcaps.com\/product\/sufox-2712-custom-rubber-patch-full-printing-bucket-hats\/\"]}]},{\"@type\":\"ImageObject\",\"inLanguage\":\"es\",\"@id\":\"https:\/\/sumkcaps.com\/product\/sufox-2712-custom-rubber-patch-full-printing-bucket-hats\/#primaryimage\",\"url\":\"https:\/\/sumkcaps.com\/wp-content\/uploads\/2022\/09\/full_printing_bucket_hat-1.jpg\",\"contentUrl\":\"https:\/\/sumkcaps.com\/wp-content\/uploads\/2022\/09\/full_printing_bucket_hat-1.jpg\",\"width\":1000,\"height\":1000},{\"@type\":\"BreadcrumbList\",\"@id\":\"https:\/\/sumkcaps.com\/product\/sufox-2712-custom-rubber-patch-full-printing-bucket-hats\/#breadcrumb\",\"itemListElement\":[{\"@type\":\"ListItem\",\"position\":1,\"name\":\"Home\",\"item\":\"https:\/\/sumkcaps.com\/\"},{\"@type\":\"ListItem\",\"position\":2,\"name\":\"Products\",\"item\":\"https:\/\/sumkcaps.com\/product\/\"},{\"@type\":\"ListItem\",\"position\":3,\"name\":\"Sumkcaps 2712 Custom Rubber Patch Full Printing Bucket Hats\"}]},{\"@type\":\"WebSite\",\"@id\":\"https:\/\/sumkcaps.com\/#website\",\"url\":\"https:\/\/sumkcaps.com\/\",\"name\":\"Sumkcaps-China Original Headwear Manufacturer and Suppliers\",\"description\":\"We are China Cap And Hat Original Factory, whose main business is to custom cap and hat as client&#039;s LOGO. Any cap style, any cap color, any qty, any material and qty is no problem. In one words, any small details can be customized as your request.\",\"publisher\":{\"@id\":\"https:\/\/sumkcaps.com\/#organization\"},\"potentialAction\":[{\"@type\":\"SearchAction\",\"target\":{\"@type\":\"EntryPoint\",\"urlTemplate\":\"https:\/\/sumkcaps.com\/?s={search_term_string}\"},\"query-input\":{\"@type\":\"PropertyValueSpecification\",\"valueRequired\":true,\"valueName\":\"search_term_string\"}}],\"inLanguage\":\"es\"},{\"@type\":\"Organization\",\"@id\":\"https:\/\/sumkcaps.com\/#organization\",\"name\":\"Sumkcaps-China Original Headwear Manufacturer and Suppliers\",\"url\":\"https:\/\/sumkcaps.com\/\",\"logo\":{\"@type\":\"ImageObject\",\"inLanguage\":\"es\",\"@id\":\"https:\/\/sumkcaps.com\/#\/schema\/logo\/image\/\",\"url\":\"https:\/\/sumkcaps.com\/wp-content\/uploads\/2025\/12\/1234.jpg\",\"contentUrl\":\"https:\/\/sumkcaps.com\/wp-content\/uploads\/2025\/12\/1234.jpg\",\"width\":800,\"height\":800,\"caption\":\"Sumkcaps-China Original Headwear Manufacturer and Suppliers\"},\"image\":{\"@id\":\"https:\/\/sumkcaps.com\/#\/schema\/logo\/image\/\"},\"sameAs\":[\"https:\/\/www.facebook.com\/sumkcap\",\"https:\/\/www.instagram.com\/sumkcaps7\/\",\"https:\/\/www.pinterest.com\/sumkcapschina\/\"]}]}<\/script>\n<!-- \/ Yoast SEO Premium plugin. -->","yoast_head_json":{"title":"Sufox Custom Rubber Patch Impresi\u00f3n completa Bucket Sombreros","description":"La gorra Sumkcaps 2712 Custom Nylon Bucket Hat cuenta con una impresi\u00f3n completa, un parche de goma, una visera plana y un ajuste OSFM, perfecto para el streetwear y el branding.","robots":{"index":"index","follow":"follow","max-snippet":"max-snippet:-1","max-image-preview":"max-image-preview:large","max-video-preview":"max-video-preview:-1"},"canonical":"https:\/\/sumkcaps.com\/es\/producto\/sufox-2712-personalizado-parche-de-goma-impresion-completa-sombreros-de-cubo\/","og_locale":"es_ES","og_type":"article","og_title":"Sumkcaps 2712 Custom Rubber Patch Full Printing Bucket Hats - Sumkcaps","og_description":"Sumkcaps 2712 Custom Nylon Bucket Hat features full printing, a rubber patch, flat bill, and OSFM fit\u2014perfect for streetwear and branding.","og_url":"https:\/\/sumkcaps.com\/es\/producto\/sufox-2712-personalizado-parche-de-goma-impresion-completa-sombreros-de-cubo\/","og_site_name":"Sumkcaps-China Original Headwear Manufacturer and Suppliers","article_publisher":"https:\/\/www.facebook.com\/sumkcap","article_modified_time":"2026-01-12T02:56:24+00:00","og_image":[{"width":1000,"height":1000,"url":"https:\/\/sumkcaps.com\/wp-content\/uploads\/2022\/09\/full_printing_bucket_hat-1.jpg","type":"image\/jpeg"}],"twitter_card":"summary_large_image","twitter_misc":{"Tiempo de lectura":"2 minutos"},"schema":{"@context":"https:\/\/schema.org","@graph":[{"@type":"WebPage","@id":"https:\/\/sumkcaps.com\/product\/sufox-2712-custom-rubber-patch-full-printing-bucket-hats\/","url":"https:\/\/sumkcaps.com\/product\/sufox-2712-custom-rubber-patch-full-printing-bucket-hats\/","name":"Sufox Custom Rubber Patch Impresi\u00f3n completa Bucket Sombreros","isPartOf":{"@id":"https:\/\/sumkcaps.com\/#website"},"primaryImageOfPage":{"@id":"https:\/\/sumkcaps.com\/product\/sufox-2712-custom-rubber-patch-full-printing-bucket-hats\/#primaryimage"},"image":{"@id":"https:\/\/sumkcaps.com\/product\/sufox-2712-custom-rubber-patch-full-printing-bucket-hats\/#primaryimage"},"thumbnailUrl":"https:\/\/sumkcaps.com\/wp-content\/uploads\/2022\/09\/full_printing_bucket_hat-1.jpg","datePublished":"2022-09-15T05:05:58+00:00","dateModified":"2026-01-12T02:56:24+00:00","description":"La gorra Sumkcaps 2712 Custom Nylon Bucket Hat cuenta con una impresi\u00f3n completa, un parche de goma, una visera plana y un ajuste OSFM, perfecto para el streetwear y el branding.","breadcrumb":{"@id":"https:\/\/sumkcaps.com\/product\/sufox-2712-custom-rubber-patch-full-printing-bucket-hats\/#breadcrumb"},"inLanguage":"es","potentialAction":[{"@type":"ReadAction","target":["https:\/\/sumkcaps.com\/product\/sufox-2712-custom-rubber-patch-full-printing-bucket-hats\/"]}]},{"@type":"ImageObject","inLanguage":"es","@id":"https:\/\/sumkcaps.com\/product\/sufox-2712-custom-rubber-patch-full-printing-bucket-hats\/#primaryimage","url":"https:\/\/sumkcaps.com\/wp-content\/uploads\/2022\/09\/full_printing_bucket_hat-1.jpg","contentUrl":"https:\/\/sumkcaps.com\/wp-content\/uploads\/2022\/09\/full_printing_bucket_hat-1.jpg","width":1000,"height":1000},{"@type":"BreadcrumbList","@id":"https:\/\/sumkcaps.com\/product\/sufox-2712-custom-rubber-patch-full-printing-bucket-hats\/#breadcrumb","itemListElement":[{"@type":"ListItem","position":1,"name":"Home","item":"https:\/\/sumkcaps.com\/"},{"@type":"ListItem","position":2,"name":"Products","item":"https:\/\/sumkcaps.com\/product\/"},{"@type":"ListItem","position":3,"name":"Sumkcaps 2712 Custom Rubber Patch Full Printing Bucket Hats"}]},{"@type":"WebSite","@id":"https:\/\/sumkcaps.com\/#website","url":"https:\/\/sumkcaps.com\/","name":"Sumkcaps-China Fabricante y proveedor de gorras originales","description":"Somos gorra de China y el sombrero original de la f\u00e1brica, cuya actividad principal es la costumbre gorra y el sombrero como cliente&#039;s LOGO. Cualquier estilo gorra, cualquier color gorra, cualquier cantidad, cualquier material y cantidad no es problema. En una palabra, cualquier peque\u00f1o detalle puede ser personalizado como su solicitud.","publisher":{"@id":"https:\/\/sumkcaps.com\/#organization"},"potentialAction":[{"@type":"SearchAction","target":{"@type":"EntryPoint","urlTemplate":"https:\/\/sumkcaps.com\/?s={search_term_string}"},"query-input":{"@type":"PropertyValueSpecification","valueRequired":true,"valueName":"search_term_string"}}],"inLanguage":"es"},{"@type":"Organization","@id":"https:\/\/sumkcaps.com\/#organization","name":"Sumkcaps-China Fabricante y proveedor de gorras originales","url":"https:\/\/sumkcaps.com\/","logo":{"@type":"ImageObject","inLanguage":"es","@id":"https:\/\/sumkcaps.com\/#\/schema\/logo\/image\/","url":"https:\/\/sumkcaps.com\/wp-content\/uploads\/2025\/12\/1234.jpg","contentUrl":"https:\/\/sumkcaps.com\/wp-content\/uploads\/2025\/12\/1234.jpg","width":800,"height":800,"caption":"Sumkcaps-China Original Headwear Manufacturer and Suppliers"},"image":{"@id":"https:\/\/sumkcaps.com\/#\/schema\/logo\/image\/"},"sameAs":["https:\/\/www.facebook.com\/sumkcap","https:\/\/www.instagram.com\/sumkcaps7\/","https:\/\/www.pinterest.com\/sumkcapschina\/"]}]}},"taxonomy_info":{"product_cat":[{"value":55,"label":"Bucket Hat Wholesale"}]},"featured_image_src_large":["https:\/\/sumkcaps.com\/wp-content\/uploads\/2022\/09\/full_printing_bucket_hat-1.jpg",800,800,false],"author_info":[],"comment_info":"","_links":{"self":[{"href":"https:\/\/sumkcaps.com\/es\/wp-json\/wp\/v2\/product\/14763","targetHints":{"allow":["GET"]}}],"collection":[{"href":"https:\/\/sumkcaps.com\/es\/wp-json\/wp\/v2\/product"}],"about":[{"href":"https:\/\/sumkcaps.com\/es\/wp-json\/wp\/v2\/types\/product"}],"wp:featuredmedia":[{"embeddable":true,"href":"https:\/\/sumkcaps.com\/es\/wp-json\/wp\/v2\/media\/14764"}],"wp:attachment":[{"href":"https:\/\/sumkcaps.com\/es\/wp-json\/wp\/v2\/media?parent=14763"}],"wp:term":[{"taxonomy":"product_brand","embeddable":true,"href":"https:\/\/sumkcaps.com\/es\/wp-json\/wp\/v2\/product_brand?post=14763"},{"taxonomy":"product_cat","embeddable":true,"href":"https:\/\/sumkcaps.com\/es\/wp-json\/wp\/v2\/product_cat?post=14763"},{"taxonomy":"product_tag","embeddable":true,"href":"https:\/\/sumkcaps.com\/es\/wp-json\/wp\/v2\/product_tag?post=14763"}],"curies":[{"name":"wp","href":"https:\/\/api.w.org\/{rel}","templated":true}]}}