{"id":14736,"date":"2022-09-15T10:24:38","date_gmt":"2022-09-15T02:24:38","guid":{"rendered":"https:\/\/sumkcaps.com\/?post_type=product&#038;p=14736"},"modified":"2024-06-26T12:41:26","modified_gmt":"2024-06-26T04:41:26","slug":"sufox-2711-custom-embroidered-cotton-bucket-hats","status":"publish","type":"product","link":"https:\/\/sumkcaps.com\/es\/producto\/sufox-2711-sombreros-de-cubo-de-algodon-bordados-personalizados\/","title":{"rendered":"Sombreros de cubo de algod\u00f3n bordados personalizados al por mayor"},"content":{"rendered":"<div class=\"flex flex-grow flex-col max-w-full\">\n<div class=\"min-h-[20px] text-message flex flex-col items-start whitespace-pre-wrap break-words [.text-message+&amp;]:mt-5 juice:w-full juice:items-end overflow-x-auto gap-2\" dir=\"auto\" data-message-author-role=\"assistant\" data-message-id=\"f5681aca-d605-4f60-99e9-f888f15e5297\">\n<div class=\"flex w-full flex-col gap-1 juice:empty:hidden juice:first:pt-[3px]\">\n<div class=\"markdown prose w-full break-words dark:prose-invert light\">\n<h2>Color<\/h2>\n<p>Nuestros sombreros de cubo de algod\u00f3n bordados a medida son de un vibrante azul real. Este atrevido tono a\u00f1ade un toque moderno a estos sombreros de cubo personalizados, convirti\u00e9ndolos en una opci\u00f3n elegante para diversas ocasiones y atuendos.<\/p>\n<h2>Material<\/h2>\n<p>Fabricados con algod\u00f3n de alta calidad, estos sombreros de cubo bordados personalizados son duraderos y c\u00f3modos. El tejido de algod\u00f3n transpirable garantiza una comodidad ligera, por lo que el Custom Cotton Bucket Hat es ideal para llevarlo todo el d\u00eda. Su resistente construcci\u00f3n garantiza un uso duradero, convirti\u00e9ndolo en una elecci\u00f3n fiable para los clientes.<\/p>\n<h2>Escenario de aplicaci\u00f3n<\/h2>\n<p>Ideal para diversas actividades al aire libre y ropa informal, el sombrero de cubo de algod\u00f3n bordado personalizado es perfecto para salidas a la playa, festivales, senderismo y eventos promocionales. Su dise\u00f1o cl\u00e1sico y vers\u00e1til lo convierte en una elecci\u00f3n popular para cualquier ocasi\u00f3n. Tanto si est\u00e1 disfrutando de un d\u00eda soleado como participando en una aventura al aire libre, el Sombrero de Cubo de Algod\u00f3n Personalizado ofrece una excelente protecci\u00f3n solar y a\u00f1ade un toque de estilo a su atuendo.<\/p>\n<h2>Material que puede producirse<\/h2>\n<p>Adem\u00e1s de algod\u00f3n de alta calidad, podemos fabricar sombreros de cubo bordados a medida en otros materiales para satisfacer sus necesidades espec\u00edficas. Las opciones incluyen poli\u00e9ster, lona y nylon, asegurando que encuentre el material perfecto para su Sombrero de Bucket Bordado a Medida. Cada material se selecciona por su durabilidad y comodidad, garantizando que nuestros sombreros mantengan su calidad con el paso del tiempo.<\/p>\n<h2>Logotipo personalizado<\/h2>\n<p>Ofrecemos servicios de personalizaci\u00f3n para nuestros Sombreros de Cubo de Algod\u00f3n Bordados a Medida, permiti\u00e9ndole a\u00f1adir su propio logotipo o dise\u00f1o. Nuestras avanzadas t\u00e9cnicas de bordado garantizan que su logotipo personalizado destaque con colores vivos y detalles n\u00edtidos. Personalice estos modernos sombreros para promocionar su marca o conmemorar un evento especial.<\/p>\n<h2>Acerca de Sumkcaps<\/h2>\n<p>Sumkcaps cuenta con m\u00e1s de 20 a\u00f1os de experiencia en la fabricaci\u00f3n de sombreros, especializ\u00e1ndose en cantidades m\u00ednimas de pedido reducidas y servicios mayoristas personalizados rentables. Nuestro compromiso con la calidad y la satisfacci\u00f3n del cliente nos convierte en el socio ideal para sus necesidades de sombrerer\u00eda. Elija Sumkcaps para sombreros de cubo de algod\u00f3n bordados personalizados de alta calidad y lleve su negocio a nuevas alturas con nuestros sombreros de calidad y con estilo.<\/p>\n<\/div>\n<\/div>\n<\/div>\n<\/div>","protected":false},"excerpt":{"rendered":"<p>Sumkcaps 2711 Sombrero de Cubo de Algod\u00f3n Bordado Personalizado Est\u00e1 de Moda y Mantiene su Producto \u00danico. La mejor opci\u00f3n para promover su marca.<\/p>","protected":false},"featured_media":14737,"template":"","meta":{"_acf_changed":false,"_kad_blocks_custom_css":"","_kad_blocks_head_custom_js":"","_kad_blocks_body_custom_js":"","_kad_blocks_footer_custom_js":""},"product_brand":[],"product_cat":[55,965],"product_tag":[],"class_list":{"0":"post-14736","1":"product","2":"type-product","3":"status-publish","4":"has-post-thumbnail","6":"product_cat-bucket-hat-manufacturers","7":"product_cat-cotton-bucket-hats-wholesale","9":"first","10":"outofstock","11":"shipping-taxable","12":"product-type-simple"},"acf":[],"yoast_head":"<!-- This site is optimized with the Yoast SEO Premium plugin v20.8 (Yoast SEO v25.9) - https:\/\/yoast.com\/wordpress\/plugins\/seo\/ -->\n<title>Custom Embroidered Cotton Bucket Hats Wholesale<\/title>\n<meta name=\"description\" content=\"Explore our Custom Embroidered Cotton Bucket Hats available for wholesale. Perfect for local distributors, retail stores, and trade professionals. Order now for high-quality, stylish customizable hats.\" \/>\n<meta name=\"robots\" content=\"index, follow, max-snippet:-1, max-image-preview:large, max-video-preview:-1\" \/>\n<link rel=\"canonical\" href=\"https:\/\/sumkcaps.com\/es\/producto\/sufox-2711-sombreros-de-cubo-de-algodon-bordados-personalizados\/\" \/>\n<meta property=\"og:locale\" content=\"es_ES\" \/>\n<meta property=\"og:type\" content=\"article\" \/>\n<meta property=\"og:title\" content=\"Custom Embroidered Cotton Bucket Hats Wholesale - Sumkcaps\" \/>\n<meta property=\"og:description\" content=\"Explore our Custom Embroidered Cotton Bucket Hats available for wholesale. Perfect for local distributors, retail stores, and trade professionals. Order now for high-quality, stylish customizable hats.\" \/>\n<meta property=\"og:url\" content=\"https:\/\/sumkcaps.com\/es\/producto\/sufox-2711-sombreros-de-cubo-de-algodon-bordados-personalizados\/\" \/>\n<meta property=\"og:site_name\" content=\"Sumkcaps-China Original Headwear Manufacturer and Suppliers\" \/>\n<meta property=\"article:publisher\" content=\"https:\/\/www.facebook.com\/sumkcap\" \/>\n<meta property=\"article:modified_time\" content=\"2024-06-26T04:41:26+00:00\" \/>\n<meta property=\"og:image\" content=\"https:\/\/sumkcaps.com\/wp-content\/uploads\/2022\/09\/bucket_hat-1.jpg\" \/>\n\t<meta property=\"og:image:width\" content=\"1000\" \/>\n\t<meta property=\"og:image:height\" content=\"1000\" \/>\n\t<meta property=\"og:image:type\" content=\"image\/jpeg\" \/>\n<meta name=\"twitter:card\" content=\"summary_large_image\" \/>\n<meta name=\"twitter:label1\" content=\"Tiempo de lectura\" \/>\n\t<meta name=\"twitter:data1\" content=\"2 minutos\" \/>\n<script type=\"application\/ld+json\" class=\"yoast-schema-graph\">{\"@context\":\"https:\/\/schema.org\",\"@graph\":[{\"@type\":\"WebPage\",\"@id\":\"https:\/\/sumkcaps.com\/product\/sufox-2711-custom-embroidered-cotton-bucket-hats\/\",\"url\":\"https:\/\/sumkcaps.com\/product\/sufox-2711-custom-embroidered-cotton-bucket-hats\/\",\"name\":\"Custom Embroidered Cotton Bucket Hats Wholesale\",\"isPartOf\":{\"@id\":\"https:\/\/sumkcaps.com\/#website\"},\"primaryImageOfPage\":{\"@id\":\"https:\/\/sumkcaps.com\/product\/sufox-2711-custom-embroidered-cotton-bucket-hats\/#primaryimage\"},\"image\":{\"@id\":\"https:\/\/sumkcaps.com\/product\/sufox-2711-custom-embroidered-cotton-bucket-hats\/#primaryimage\"},\"thumbnailUrl\":\"https:\/\/sumkcaps.com\/wp-content\/uploads\/2022\/09\/bucket_hat-1.jpg\",\"datePublished\":\"2022-09-15T02:24:38+00:00\",\"dateModified\":\"2024-06-26T04:41:26+00:00\",\"description\":\"Explore our Custom Embroidered Cotton Bucket Hats available for wholesale. Perfect for local distributors, retail stores, and trade professionals. Order now for high-quality, stylish customizable hats.\",\"breadcrumb\":{\"@id\":\"https:\/\/sumkcaps.com\/product\/sufox-2711-custom-embroidered-cotton-bucket-hats\/#breadcrumb\"},\"inLanguage\":\"es\",\"potentialAction\":[{\"@type\":\"ReadAction\",\"target\":[\"https:\/\/sumkcaps.com\/product\/sufox-2711-custom-embroidered-cotton-bucket-hats\/\"]}]},{\"@type\":\"ImageObject\",\"inLanguage\":\"es\",\"@id\":\"https:\/\/sumkcaps.com\/product\/sufox-2711-custom-embroidered-cotton-bucket-hats\/#primaryimage\",\"url\":\"https:\/\/sumkcaps.com\/wp-content\/uploads\/2022\/09\/bucket_hat-1.jpg\",\"contentUrl\":\"https:\/\/sumkcaps.com\/wp-content\/uploads\/2022\/09\/bucket_hat-1.jpg\",\"width\":1000,\"height\":1000,\"caption\":\"Custom Embroidered Cotton Bucket Hats Wholesale\"},{\"@type\":\"BreadcrumbList\",\"@id\":\"https:\/\/sumkcaps.com\/product\/sufox-2711-custom-embroidered-cotton-bucket-hats\/#breadcrumb\",\"itemListElement\":[{\"@type\":\"ListItem\",\"position\":1,\"name\":\"Home\",\"item\":\"https:\/\/sumkcaps.com\/\"},{\"@type\":\"ListItem\",\"position\":2,\"name\":\"Products\",\"item\":\"https:\/\/sumkcaps.com\/product\/\"},{\"@type\":\"ListItem\",\"position\":3,\"name\":\"Custom Embroidered Cotton Bucket Hats Wholesale\"}]},{\"@type\":\"WebSite\",\"@id\":\"https:\/\/sumkcaps.com\/#website\",\"url\":\"https:\/\/sumkcaps.com\/\",\"name\":\"Sumkcaps-China Original Headwear Manufacturer and Suppliers\",\"description\":\"We are China Cap And Hat Original Factory, whose main business is to custom cap and hat as client&#039;s LOGO. Any cap style, any cap color, any qty, any material and qty is no problem. In one words, any small details can be customized as your request.\",\"publisher\":{\"@id\":\"https:\/\/sumkcaps.com\/#organization\"},\"potentialAction\":[{\"@type\":\"SearchAction\",\"target\":{\"@type\":\"EntryPoint\",\"urlTemplate\":\"https:\/\/sumkcaps.com\/?s={search_term_string}\"},\"query-input\":{\"@type\":\"PropertyValueSpecification\",\"valueRequired\":true,\"valueName\":\"search_term_string\"}}],\"inLanguage\":\"es\"},{\"@type\":\"Organization\",\"@id\":\"https:\/\/sumkcaps.com\/#organization\",\"name\":\"Sumkcaps-China Original Headwear Manufacturer and Suppliers\",\"url\":\"https:\/\/sumkcaps.com\/\",\"logo\":{\"@type\":\"ImageObject\",\"inLanguage\":\"es\",\"@id\":\"https:\/\/sumkcaps.com\/#\/schema\/logo\/image\/\",\"url\":\"https:\/\/sumkcaps.com\/wp-content\/uploads\/2025\/12\/1234.jpg\",\"contentUrl\":\"https:\/\/sumkcaps.com\/wp-content\/uploads\/2025\/12\/1234.jpg\",\"width\":800,\"height\":800,\"caption\":\"Sumkcaps-China Original Headwear Manufacturer and Suppliers\"},\"image\":{\"@id\":\"https:\/\/sumkcaps.com\/#\/schema\/logo\/image\/\"},\"sameAs\":[\"https:\/\/www.facebook.com\/sumkcap\",\"https:\/\/www.instagram.com\/sumkcaps7\/\",\"https:\/\/www.pinterest.com\/sumkcapschina\/\"]}]}<\/script>\n<!-- \/ Yoast SEO Premium plugin. -->","yoast_head_json":{"title":"Sombreros de cubo de algod\u00f3n bordados personalizados al por mayor","description":"Explore nuestros Sombreros de Cubo de Algod\u00f3n Bordados Personalizados disponibles para la venta al por mayor. Perfectos para distribuidores locales, tiendas minoristas y profesionales del comercio. Pida ahora sombreros personalizables de alta calidad y con estilo.","robots":{"index":"index","follow":"follow","max-snippet":"max-snippet:-1","max-image-preview":"max-image-preview:large","max-video-preview":"max-video-preview:-1"},"canonical":"https:\/\/sumkcaps.com\/es\/producto\/sufox-2711-sombreros-de-cubo-de-algodon-bordados-personalizados\/","og_locale":"es_ES","og_type":"article","og_title":"Custom Embroidered Cotton Bucket Hats Wholesale - Sumkcaps","og_description":"Explore our Custom Embroidered Cotton Bucket Hats available for wholesale. Perfect for local distributors, retail stores, and trade professionals. Order now for high-quality, stylish customizable hats.","og_url":"https:\/\/sumkcaps.com\/es\/producto\/sufox-2711-sombreros-de-cubo-de-algodon-bordados-personalizados\/","og_site_name":"Sumkcaps-China Original Headwear Manufacturer and Suppliers","article_publisher":"https:\/\/www.facebook.com\/sumkcap","article_modified_time":"2024-06-26T04:41:26+00:00","og_image":[{"width":1000,"height":1000,"url":"https:\/\/sumkcaps.com\/wp-content\/uploads\/2022\/09\/bucket_hat-1.jpg","type":"image\/jpeg"}],"twitter_card":"summary_large_image","twitter_misc":{"Tiempo de lectura":"2 minutos"},"schema":{"@context":"https:\/\/schema.org","@graph":[{"@type":"WebPage","@id":"https:\/\/sumkcaps.com\/product\/sufox-2711-custom-embroidered-cotton-bucket-hats\/","url":"https:\/\/sumkcaps.com\/product\/sufox-2711-custom-embroidered-cotton-bucket-hats\/","name":"Sombreros de cubo de algod\u00f3n bordados personalizados al por mayor","isPartOf":{"@id":"https:\/\/sumkcaps.com\/#website"},"primaryImageOfPage":{"@id":"https:\/\/sumkcaps.com\/product\/sufox-2711-custom-embroidered-cotton-bucket-hats\/#primaryimage"},"image":{"@id":"https:\/\/sumkcaps.com\/product\/sufox-2711-custom-embroidered-cotton-bucket-hats\/#primaryimage"},"thumbnailUrl":"https:\/\/sumkcaps.com\/wp-content\/uploads\/2022\/09\/bucket_hat-1.jpg","datePublished":"2022-09-15T02:24:38+00:00","dateModified":"2024-06-26T04:41:26+00:00","description":"Explore nuestros Sombreros de Cubo de Algod\u00f3n Bordados Personalizados disponibles para la venta al por mayor. Perfectos para distribuidores locales, tiendas minoristas y profesionales del comercio. Pida ahora sombreros personalizables de alta calidad y con estilo.","breadcrumb":{"@id":"https:\/\/sumkcaps.com\/product\/sufox-2711-custom-embroidered-cotton-bucket-hats\/#breadcrumb"},"inLanguage":"es","potentialAction":[{"@type":"ReadAction","target":["https:\/\/sumkcaps.com\/product\/sufox-2711-custom-embroidered-cotton-bucket-hats\/"]}]},{"@type":"ImageObject","inLanguage":"es","@id":"https:\/\/sumkcaps.com\/product\/sufox-2711-custom-embroidered-cotton-bucket-hats\/#primaryimage","url":"https:\/\/sumkcaps.com\/wp-content\/uploads\/2022\/09\/bucket_hat-1.jpg","contentUrl":"https:\/\/sumkcaps.com\/wp-content\/uploads\/2022\/09\/bucket_hat-1.jpg","width":1000,"height":1000,"caption":"Custom Embroidered Cotton Bucket Hats Wholesale"},{"@type":"BreadcrumbList","@id":"https:\/\/sumkcaps.com\/product\/sufox-2711-custom-embroidered-cotton-bucket-hats\/#breadcrumb","itemListElement":[{"@type":"ListItem","position":1,"name":"Home","item":"https:\/\/sumkcaps.com\/"},{"@type":"ListItem","position":2,"name":"Products","item":"https:\/\/sumkcaps.com\/product\/"},{"@type":"ListItem","position":3,"name":"Custom Embroidered Cotton Bucket Hats Wholesale"}]},{"@type":"WebSite","@id":"https:\/\/sumkcaps.com\/#website","url":"https:\/\/sumkcaps.com\/","name":"Sumkcaps-China Fabricante y proveedor de gorras originales","description":"Somos gorra de China y el sombrero original de la f\u00e1brica, cuya actividad principal es la costumbre gorra y el sombrero como cliente&#039;s LOGO. Cualquier estilo gorra, cualquier color gorra, cualquier cantidad, cualquier material y cantidad no es problema. En una palabra, cualquier peque\u00f1o detalle puede ser personalizado como su solicitud.","publisher":{"@id":"https:\/\/sumkcaps.com\/#organization"},"potentialAction":[{"@type":"SearchAction","target":{"@type":"EntryPoint","urlTemplate":"https:\/\/sumkcaps.com\/?s={search_term_string}"},"query-input":{"@type":"PropertyValueSpecification","valueRequired":true,"valueName":"search_term_string"}}],"inLanguage":"es"},{"@type":"Organization","@id":"https:\/\/sumkcaps.com\/#organization","name":"Sumkcaps-China Fabricante y proveedor de gorras originales","url":"https:\/\/sumkcaps.com\/","logo":{"@type":"ImageObject","inLanguage":"es","@id":"https:\/\/sumkcaps.com\/#\/schema\/logo\/image\/","url":"https:\/\/sumkcaps.com\/wp-content\/uploads\/2025\/12\/1234.jpg","contentUrl":"https:\/\/sumkcaps.com\/wp-content\/uploads\/2025\/12\/1234.jpg","width":800,"height":800,"caption":"Sumkcaps-China Original Headwear Manufacturer and Suppliers"},"image":{"@id":"https:\/\/sumkcaps.com\/#\/schema\/logo\/image\/"},"sameAs":["https:\/\/www.facebook.com\/sumkcap","https:\/\/www.instagram.com\/sumkcaps7\/","https:\/\/www.pinterest.com\/sumkcapschina\/"]}]}},"taxonomy_info":{"product_cat":[{"value":55,"label":"Bucket Hat Wholesale"},{"value":965,"label":"Cotton Bucket Hats Wholesale"}]},"featured_image_src_large":["https:\/\/sumkcaps.com\/wp-content\/uploads\/2022\/09\/bucket_hat-1.jpg",800,800,false],"author_info":[],"comment_info":"","_links":{"self":[{"href":"https:\/\/sumkcaps.com\/es\/wp-json\/wp\/v2\/product\/14736","targetHints":{"allow":["GET"]}}],"collection":[{"href":"https:\/\/sumkcaps.com\/es\/wp-json\/wp\/v2\/product"}],"about":[{"href":"https:\/\/sumkcaps.com\/es\/wp-json\/wp\/v2\/types\/product"}],"wp:featuredmedia":[{"embeddable":true,"href":"https:\/\/sumkcaps.com\/es\/wp-json\/wp\/v2\/media\/14737"}],"wp:attachment":[{"href":"https:\/\/sumkcaps.com\/es\/wp-json\/wp\/v2\/media?parent=14736"}],"wp:term":[{"taxonomy":"product_brand","embeddable":true,"href":"https:\/\/sumkcaps.com\/es\/wp-json\/wp\/v2\/product_brand?post=14736"},{"taxonomy":"product_cat","embeddable":true,"href":"https:\/\/sumkcaps.com\/es\/wp-json\/wp\/v2\/product_cat?post=14736"},{"taxonomy":"product_tag","embeddable":true,"href":"https:\/\/sumkcaps.com\/es\/wp-json\/wp\/v2\/product_tag?post=14736"}],"curies":[{"name":"wp","href":"https:\/\/api.w.org\/{rel}","templated":true}]}}