{"id":116,"date":"2021-07-03T10:56:35","date_gmt":"2021-07-03T02:56:35","guid":{"rendered":"https:\/\/sumkcaps.com\/?post_type=product&#038;p=116"},"modified":"2025-08-14T11:03:42","modified_gmt":"2025-08-14T03:03:42","slug":"5-panel-earflap-trapper-baseball-cap-winter-hat","status":"publish","type":"product","link":"https:\/\/sumkcaps.com\/es\/producto\/5-panel-earflap-trapper-baseball-cap-winter-hat\/","title":{"rendered":"5 Panel Earflap Trapper Baseball Cap Winter Hat"},"content":{"rendered":"<h2>1. Descripci\u00f3n detallada\uff1a<\/h2>\n<p>Este <span style=\"color: #000000;\"><a style=\"color: #000000;\" href=\"https:\/\/sumkcaps.com\/product\/5-panel-earflap-trapper-baseball-cap-winter-hat\/\"><strong data-start=\"106\" data-end=\"130\">sombrero de pana<\/strong><\/a> <\/span>combina el calor cl\u00e1sico del invierno con un toque moderno. Confeccionado en <strong data-start=\"196\" data-end=\"230\">material de pana de alta calidad<\/strong>Ofrece durabilidad y un tacto suave y c\u00f3modo. El <strong data-start=\"287\" data-end=\"310\">dise\u00f1o de orejeras de camuflaje<\/strong> no s\u00f3lo a\u00f1ade un estilo robusto y outdoor, sino que tambi\u00e9n proporciona una excelente cobertura para mantener la cabeza y las orejas calientes en climas fr\u00edos. Dise\u00f1ado con un <strong data-start=\"453\" data-end=\"481\">Corona tipo gorra de b\u00e9isbol<\/strong>Con su dise\u00f1o moderno y a la moda, mantiene la protecci\u00f3n pr\u00e1ctica de un gorro de trampero.<\/p>\n<h2>2. Tejido:<\/h2>\n<p>Tenemos diferentes telas, algod\u00f3n, acr\u00edlico, tela de camuflaje, tela de malla, tela patr\u00f3n, piel de serpiente, piel de leopardo, y as\u00ed sucesivamente, usted puede elegir el que m\u00e1s te guste para hacer la gorra.<\/p>\n<h2>3. Color:<\/h2>\n<p>Podemos hacer el color que desee.<\/p>\n<h2>4. Tama\u00f1o:<\/h2>\n<p>Tama\u00f1o Puede hacer el tama\u00f1o que desee.<\/p>\n<h2>5. Pico:<\/h2>\n<p>El pico puede ser curvo o plano. Puede bordar o imprimir su logotipo en el pico tambi\u00e9n.<\/p>\n<p>El pico puede estar alrededor y tambi\u00e9n puede ser cuadrado.<\/p>\n<h2>6. Logotipo\uff1a<\/h2>\n<p>El logotipo puede ser un bordado, una impresi\u00f3n, un parche, etc.<\/p>\n<h2>7. Cierre trasero \uff1a<\/h2>\n<p>El cierre trasero puede ser snapback, cerrado, flex fitted o correa de cuero.<\/p>\n<h2>8. MOQ\uff1a<\/h2>\n<p>Nuestro MOQ es 200pcs estilo \/ color<\/p>\n<h2>9.Formas de pago<\/h2>\n<p>Para el pago aceptamos Western Union; Money Gram; TT etc.<\/p>\n<p>Para la muestra, podemos aceptar PayPal.<\/p>\n<h2>10. Plazo de entrega<\/h2>\n<p>La producci\u00f3n que necesitamos 15-18 d\u00edas h\u00e1biles para la cantidad inferior 5000pcs<br \/>\nPara la muestra, solemos tardar entre 5 y 7 d\u00edas laborables en terminarla.<\/p>\n<p>&nbsp;<\/p>","protected":false},"excerpt":{"rendered":"<p>Sombrero Trapper hecho de material de pana de alta calidad, mientras tanto camo dise\u00f1o earflap mantener la cabeza caliente, y la gorra de b\u00e9isbol se ve mantener su moderno y fashional.<\/p>","protected":false},"featured_media":117,"template":"","meta":{"_acf_changed":false,"_kad_blocks_custom_css":"","_kad_blocks_head_custom_js":"","_kad_blocks_body_custom_js":"","_kad_blocks_footer_custom_js":""},"product_brand":[],"product_cat":[70],"product_tag":[],"class_list":{"0":"post-116","1":"product","2":"type-product","3":"status-publish","4":"has-post-thumbnail","6":"product_cat-trapper-hat","8":"first","9":"outofstock","10":"shipping-taxable","11":"product-type-simple"},"acf":[],"yoast_head":"<!-- This site is optimized with the Yoast SEO Premium plugin v20.8 (Yoast SEO v25.9) - https:\/\/yoast.com\/wordpress\/plugins\/seo\/ -->\n<title>5 Panel Earflap Trapper Baseball Cap Winter Hat - Sumkcaps<\/title>\n<meta name=\"robots\" content=\"index, follow, max-snippet:-1, max-image-preview:large, max-video-preview:-1\" \/>\n<link rel=\"canonical\" href=\"https:\/\/sumkcaps.com\/es\/producto\/5-panel-earflap-trapper-baseball-cap-winter-hat\/\" \/>\n<meta property=\"og:locale\" content=\"es_ES\" \/>\n<meta property=\"og:type\" content=\"article\" \/>\n<meta property=\"og:title\" content=\"5 Panel Earflap Trapper Baseball Cap Winter Hat - Sumkcaps\" \/>\n<meta property=\"og:description\" content=\"Trapper hat made of high quality corduroy material, meanwhile camo earflap design keep your head warm; and baseball cap looks keep your modern and fashional.\" \/>\n<meta property=\"og:url\" content=\"https:\/\/sumkcaps.com\/es\/producto\/5-panel-earflap-trapper-baseball-cap-winter-hat\/\" \/>\n<meta property=\"og:site_name\" content=\"Sumkcaps-China Original Headwear Manufacturer and Suppliers\" \/>\n<meta property=\"article:publisher\" content=\"https:\/\/www.facebook.com\/sumkcap\" \/>\n<meta property=\"article:modified_time\" content=\"2025-08-14T03:03:42+00:00\" \/>\n<meta property=\"og:image\" content=\"https:\/\/sumkcaps.com\/wp-content\/uploads\/2021\/07\/Hat5_900x.jpg\" \/>\n\t<meta property=\"og:image:width\" content=\"900\" \/>\n\t<meta property=\"og:image:height\" content=\"900\" \/>\n\t<meta property=\"og:image:type\" content=\"image\/jpeg\" \/>\n<meta name=\"twitter:card\" content=\"summary_large_image\" \/>\n<meta name=\"twitter:label1\" content=\"Tiempo de lectura\" \/>\n\t<meta name=\"twitter:data1\" content=\"2 minutos\" \/>\n<script type=\"application\/ld+json\" class=\"yoast-schema-graph\">{\"@context\":\"https:\/\/schema.org\",\"@graph\":[{\"@type\":\"WebPage\",\"@id\":\"https:\/\/sumkcaps.com\/product\/5-panel-earflap-trapper-baseball-cap-winter-hat\/\",\"url\":\"https:\/\/sumkcaps.com\/product\/5-panel-earflap-trapper-baseball-cap-winter-hat\/\",\"name\":\"5 Panel Earflap Trapper Baseball Cap Winter Hat - Sumkcaps\",\"isPartOf\":{\"@id\":\"https:\/\/sumkcaps.com\/#website\"},\"primaryImageOfPage\":{\"@id\":\"https:\/\/sumkcaps.com\/product\/5-panel-earflap-trapper-baseball-cap-winter-hat\/#primaryimage\"},\"image\":{\"@id\":\"https:\/\/sumkcaps.com\/product\/5-panel-earflap-trapper-baseball-cap-winter-hat\/#primaryimage\"},\"thumbnailUrl\":\"https:\/\/sumkcaps.com\/wp-content\/uploads\/2021\/07\/Hat5_900x.jpg\",\"datePublished\":\"2021-07-03T02:56:35+00:00\",\"dateModified\":\"2025-08-14T03:03:42+00:00\",\"breadcrumb\":{\"@id\":\"https:\/\/sumkcaps.com\/product\/5-panel-earflap-trapper-baseball-cap-winter-hat\/#breadcrumb\"},\"inLanguage\":\"es\",\"potentialAction\":[{\"@type\":\"ReadAction\",\"target\":[\"https:\/\/sumkcaps.com\/product\/5-panel-earflap-trapper-baseball-cap-winter-hat\/\"]}]},{\"@type\":\"ImageObject\",\"inLanguage\":\"es\",\"@id\":\"https:\/\/sumkcaps.com\/product\/5-panel-earflap-trapper-baseball-cap-winter-hat\/#primaryimage\",\"url\":\"https:\/\/sumkcaps.com\/wp-content\/uploads\/2021\/07\/Hat5_900x.jpg\",\"contentUrl\":\"https:\/\/sumkcaps.com\/wp-content\/uploads\/2021\/07\/Hat5_900x.jpg\",\"width\":900,\"height\":900},{\"@type\":\"BreadcrumbList\",\"@id\":\"https:\/\/sumkcaps.com\/product\/5-panel-earflap-trapper-baseball-cap-winter-hat\/#breadcrumb\",\"itemListElement\":[{\"@type\":\"ListItem\",\"position\":1,\"name\":\"Home\",\"item\":\"https:\/\/sumkcaps.com\/\"},{\"@type\":\"ListItem\",\"position\":2,\"name\":\"Products\",\"item\":\"https:\/\/sumkcaps.com\/product\/\"},{\"@type\":\"ListItem\",\"position\":3,\"name\":\"5 Panel Earflap Trapper Baseball Cap Winter Hat\"}]},{\"@type\":\"WebSite\",\"@id\":\"https:\/\/sumkcaps.com\/#website\",\"url\":\"https:\/\/sumkcaps.com\/\",\"name\":\"Sumkcaps-China Original Headwear Manufacturer and Suppliers\",\"description\":\"We are China Cap And Hat Original Factory, whose main business is to custom cap and hat as client&#039;s LOGO. Any cap style, any cap color, any qty, any material and qty is no problem. In one words, any small details can be customized as your request.\",\"publisher\":{\"@id\":\"https:\/\/sumkcaps.com\/#organization\"},\"potentialAction\":[{\"@type\":\"SearchAction\",\"target\":{\"@type\":\"EntryPoint\",\"urlTemplate\":\"https:\/\/sumkcaps.com\/?s={search_term_string}\"},\"query-input\":{\"@type\":\"PropertyValueSpecification\",\"valueRequired\":true,\"valueName\":\"search_term_string\"}}],\"inLanguage\":\"es\"},{\"@type\":\"Organization\",\"@id\":\"https:\/\/sumkcaps.com\/#organization\",\"name\":\"Sumkcaps-China Original Headwear Manufacturer and Suppliers\",\"url\":\"https:\/\/sumkcaps.com\/\",\"logo\":{\"@type\":\"ImageObject\",\"inLanguage\":\"es\",\"@id\":\"https:\/\/sumkcaps.com\/#\/schema\/logo\/image\/\",\"url\":\"https:\/\/sumkcaps.com\/wp-content\/uploads\/2025\/12\/1234.jpg\",\"contentUrl\":\"https:\/\/sumkcaps.com\/wp-content\/uploads\/2025\/12\/1234.jpg\",\"width\":800,\"height\":800,\"caption\":\"Sumkcaps-China Original Headwear Manufacturer and Suppliers\"},\"image\":{\"@id\":\"https:\/\/sumkcaps.com\/#\/schema\/logo\/image\/\"},\"sameAs\":[\"https:\/\/www.facebook.com\/sumkcap\",\"https:\/\/www.instagram.com\/sumkcaps7\/\",\"https:\/\/www.pinterest.com\/sumkcapschina\/\"]}]}<\/script>\n<!-- \/ Yoast SEO Premium plugin. -->","yoast_head_json":{"title":"5 Panel Earflap Trapper Baseball Cap Winter Hat - Sumkcaps","robots":{"index":"index","follow":"follow","max-snippet":"max-snippet:-1","max-image-preview":"max-image-preview:large","max-video-preview":"max-video-preview:-1"},"canonical":"https:\/\/sumkcaps.com\/es\/producto\/5-panel-earflap-trapper-baseball-cap-winter-hat\/","og_locale":"es_ES","og_type":"article","og_title":"5 Panel Earflap Trapper Baseball Cap Winter Hat - Sumkcaps","og_description":"Trapper hat made of high quality corduroy material, meanwhile camo earflap design keep your head warm; and baseball cap looks keep your modern and fashional.","og_url":"https:\/\/sumkcaps.com\/es\/producto\/5-panel-earflap-trapper-baseball-cap-winter-hat\/","og_site_name":"Sumkcaps-China Original Headwear Manufacturer and Suppliers","article_publisher":"https:\/\/www.facebook.com\/sumkcap","article_modified_time":"2025-08-14T03:03:42+00:00","og_image":[{"width":900,"height":900,"url":"https:\/\/sumkcaps.com\/wp-content\/uploads\/2021\/07\/Hat5_900x.jpg","type":"image\/jpeg"}],"twitter_card":"summary_large_image","twitter_misc":{"Tiempo de lectura":"2 minutos"},"schema":{"@context":"https:\/\/schema.org","@graph":[{"@type":"WebPage","@id":"https:\/\/sumkcaps.com\/product\/5-panel-earflap-trapper-baseball-cap-winter-hat\/","url":"https:\/\/sumkcaps.com\/product\/5-panel-earflap-trapper-baseball-cap-winter-hat\/","name":"5 Panel Earflap Trapper Baseball Cap Winter Hat - Sumkcaps","isPartOf":{"@id":"https:\/\/sumkcaps.com\/#website"},"primaryImageOfPage":{"@id":"https:\/\/sumkcaps.com\/product\/5-panel-earflap-trapper-baseball-cap-winter-hat\/#primaryimage"},"image":{"@id":"https:\/\/sumkcaps.com\/product\/5-panel-earflap-trapper-baseball-cap-winter-hat\/#primaryimage"},"thumbnailUrl":"https:\/\/sumkcaps.com\/wp-content\/uploads\/2021\/07\/Hat5_900x.jpg","datePublished":"2021-07-03T02:56:35+00:00","dateModified":"2025-08-14T03:03:42+00:00","breadcrumb":{"@id":"https:\/\/sumkcaps.com\/product\/5-panel-earflap-trapper-baseball-cap-winter-hat\/#breadcrumb"},"inLanguage":"es","potentialAction":[{"@type":"ReadAction","target":["https:\/\/sumkcaps.com\/product\/5-panel-earflap-trapper-baseball-cap-winter-hat\/"]}]},{"@type":"ImageObject","inLanguage":"es","@id":"https:\/\/sumkcaps.com\/product\/5-panel-earflap-trapper-baseball-cap-winter-hat\/#primaryimage","url":"https:\/\/sumkcaps.com\/wp-content\/uploads\/2021\/07\/Hat5_900x.jpg","contentUrl":"https:\/\/sumkcaps.com\/wp-content\/uploads\/2021\/07\/Hat5_900x.jpg","width":900,"height":900},{"@type":"BreadcrumbList","@id":"https:\/\/sumkcaps.com\/product\/5-panel-earflap-trapper-baseball-cap-winter-hat\/#breadcrumb","itemListElement":[{"@type":"ListItem","position":1,"name":"Home","item":"https:\/\/sumkcaps.com\/"},{"@type":"ListItem","position":2,"name":"Products","item":"https:\/\/sumkcaps.com\/product\/"},{"@type":"ListItem","position":3,"name":"5 Panel Earflap Trapper Baseball Cap Winter Hat"}]},{"@type":"WebSite","@id":"https:\/\/sumkcaps.com\/#website","url":"https:\/\/sumkcaps.com\/","name":"Sumkcaps-China Fabricante y proveedor de gorras originales","description":"Somos gorra de China y el sombrero original de la f\u00e1brica, cuya actividad principal es la costumbre gorra y el sombrero como cliente&#039;s LOGO. Cualquier estilo gorra, cualquier color gorra, cualquier cantidad, cualquier material y cantidad no es problema. En una palabra, cualquier peque\u00f1o detalle puede ser personalizado como su solicitud.","publisher":{"@id":"https:\/\/sumkcaps.com\/#organization"},"potentialAction":[{"@type":"SearchAction","target":{"@type":"EntryPoint","urlTemplate":"https:\/\/sumkcaps.com\/?s={search_term_string}"},"query-input":{"@type":"PropertyValueSpecification","valueRequired":true,"valueName":"search_term_string"}}],"inLanguage":"es"},{"@type":"Organization","@id":"https:\/\/sumkcaps.com\/#organization","name":"Sumkcaps-China Fabricante y proveedor de gorras originales","url":"https:\/\/sumkcaps.com\/","logo":{"@type":"ImageObject","inLanguage":"es","@id":"https:\/\/sumkcaps.com\/#\/schema\/logo\/image\/","url":"https:\/\/sumkcaps.com\/wp-content\/uploads\/2025\/12\/1234.jpg","contentUrl":"https:\/\/sumkcaps.com\/wp-content\/uploads\/2025\/12\/1234.jpg","width":800,"height":800,"caption":"Sumkcaps-China Original Headwear Manufacturer and Suppliers"},"image":{"@id":"https:\/\/sumkcaps.com\/#\/schema\/logo\/image\/"},"sameAs":["https:\/\/www.facebook.com\/sumkcap","https:\/\/www.instagram.com\/sumkcaps7\/","https:\/\/www.pinterest.com\/sumkcapschina\/"]}]}},"taxonomy_info":{"product_cat":[{"value":70,"label":"Trapper Hat Wholesale"}]},"featured_image_src_large":["https:\/\/sumkcaps.com\/wp-content\/uploads\/2021\/07\/Hat5_900x.jpg",800,800,false],"author_info":[],"comment_info":"","_links":{"self":[{"href":"https:\/\/sumkcaps.com\/es\/wp-json\/wp\/v2\/product\/116","targetHints":{"allow":["GET"]}}],"collection":[{"href":"https:\/\/sumkcaps.com\/es\/wp-json\/wp\/v2\/product"}],"about":[{"href":"https:\/\/sumkcaps.com\/es\/wp-json\/wp\/v2\/types\/product"}],"wp:featuredmedia":[{"embeddable":true,"href":"https:\/\/sumkcaps.com\/es\/wp-json\/wp\/v2\/media\/117"}],"wp:attachment":[{"href":"https:\/\/sumkcaps.com\/es\/wp-json\/wp\/v2\/media?parent=116"}],"wp:term":[{"taxonomy":"product_brand","embeddable":true,"href":"https:\/\/sumkcaps.com\/es\/wp-json\/wp\/v2\/product_brand?post=116"},{"taxonomy":"product_cat","embeddable":true,"href":"https:\/\/sumkcaps.com\/es\/wp-json\/wp\/v2\/product_cat?post=116"},{"taxonomy":"product_tag","embeddable":true,"href":"https:\/\/sumkcaps.com\/es\/wp-json\/wp\/v2\/product_tag?post=116"}],"curies":[{"name":"wp","href":"https:\/\/api.w.org\/{rel}","templated":true}]}}