{"id":22856,"date":"2023-06-01T11:33:59","date_gmt":"2023-06-01T03:33:59","guid":{"rendered":"https:\/\/sumkcaps.com\/?page_id=22856"},"modified":"2025-07-29T15:34:09","modified_gmt":"2025-07-29T07:34:09","slug":"terms-of-use","status":"publish","type":"page","link":"https:\/\/sumkcaps.com\/es\/condiciones-de-uso\/","title":{"rendered":"Condiciones de uso"},"content":{"rendered":"<div data-elementor-type=\"wp-page\" data-elementor-id=\"22856\" class=\"elementor elementor-22856\" data-elementor-post-type=\"page\">\n\t\t\t\t\t\t<section class=\"elementor-section elementor-top-section elementor-element elementor-element-9d2d261 elementor-section-full_width elementor-section-height-default elementor-section-height-default\" data-id=\"9d2d261\" data-element_type=\"section\" data-e-type=\"section\" data-settings=\"{&quot;background_background&quot;:&quot;classic&quot;}\">\n\t\t\t\t\t\t<div class=\"elementor-container elementor-column-gap-default\">\n\t\t\t\t\t<div class=\"elementor-column elementor-col-100 elementor-top-column elementor-element elementor-element-6459fc0\" data-id=\"6459fc0\" data-element_type=\"column\" data-e-type=\"column\">\n\t\t\t<div class=\"elementor-widget-wrap elementor-element-populated\">\n\t\t\t\t\t\t<div class=\"elementor-element elementor-element-3acc3f5 elementor-widget elementor-widget-heading\" data-id=\"3acc3f5\" data-element_type=\"widget\" data-e-type=\"widget\" data-widget_type=\"heading.default\">\n\t\t\t\t<div class=\"elementor-widget-container\">\n\t\t\t\t\t<h1 class=\"elementor-heading-title elementor-size-default\">Condiciones de uso<\/h1>\t\t\t\t<\/div>\n\t\t\t\t<\/div>\n\t\t\t\t\t<\/div>\n\t\t<\/div>\n\t\t\t\t\t<\/div>\n\t\t<\/section>\n\t\t\t\t<section class=\"elementor-section elementor-top-section elementor-element elementor-element-183f71f elementor-section-boxed elementor-section-height-default elementor-section-height-default\" data-id=\"183f71f\" data-element_type=\"section\" data-e-type=\"section\" data-settings=\"{&quot;background_background&quot;:&quot;classic&quot;}\">\n\t\t\t\t\t\t<div class=\"elementor-container elementor-column-gap-default\">\n\t\t\t\t\t<div class=\"elementor-column elementor-col-100 elementor-top-column elementor-element elementor-element-1f215e0\" data-id=\"1f215e0\" data-element_type=\"column\" data-e-type=\"column\">\n\t\t\t<div class=\"elementor-widget-wrap elementor-element-populated\">\n\t\t\t\t\t\t<div class=\"elementor-element elementor-element-6dba8c7 elementor-widget elementor-widget-text-editor\" data-id=\"6dba8c7\" data-element_type=\"widget\" data-e-type=\"widget\" data-widget_type=\"text-editor.default\">\n\t\t\t\t<div class=\"elementor-widget-container\">\n\t\t\t\t\t\t\t\t\t<h3>1. General, Interpretaci\u00f3n<\/h3><p>Este sitio web es propiedad y est\u00e1 gestionado por Sumkcaps.<\/p><p>A los efectos de estos T\u00e9rminos y Condiciones: las referencias a \"Usted\" y \"Su\" se refieren a las personas que acceden a este sitio web (incluidas las personas que acceden a este sitio en nombre de otras personas) y \"sitio web\" incluye tambi\u00e9n el sitio web m\u00f3vil y la aplicaci\u00f3n m\u00f3vil de Sumkcaps.<\/p><h3>2. Uso del sitio web<\/h3><p>El uso de este sitio web indica que Usted acepta quedar vinculado por estos T\u00e9rminos y Condiciones y actuar de conformidad con los mismos en consideraci\u00f3n al acceso proporcionado al sitio web, tal y como se detalla a continuaci\u00f3n. Si no est\u00e1 de acuerdo con estos T\u00e9rminos y Condiciones, no se le permite, y se compromete a no utilizar o acceder a este sitio web.<\/p><h3>3. Uso permitido<\/h3><p>El prop\u00f3sito de este sitio web es \u00fanicamente permitirle ver la disponibilidad de los bienes y servicios de Sumkcaps y ponerse en contacto con Sumkcaps, y para ning\u00fan otro prop\u00f3sito.<\/p><p>S\u00f3lo podr\u00e1 utilizar este sitio web de conformidad con las presentes Condiciones y \u00fanicamente con fines privados y no comerciales.<\/p><p>En particular, Usted no est\u00e1 autorizado a:<\/p><ul><li>sin el consentimiento previo por escrito de Sumkcaps, utilizar cualquier sistema automatizado, algoritmo o software para monitorizar, extraer, buscar o copiar cualquier material o datos (en su totalidad o en parte) desde o a trav\u00e9s del uso de este sitio web (\"screen scraping\");<\/li><li>utilizar cualquier software, rutina o dispositivo o realizar cualquier acci\u00f3n para interferir o intentar interferir de cualquier forma en el funcionamiento de este sitio web o para crear una carga irrazonablemente grande en este sitio web, tanto si se ha hecho intencionadamente como si no;<\/li><li>intentar obtener u obtener acceso no autorizado a cualquiera de las redes o cuentas de Sumkcaps o a informaci\u00f3n sobre otros usuarios; o<\/li><li>enlazar con este sitio web sin el consentimiento previo por escrito de Sumkcaps.<\/li><\/ul><p>En caso de incumplimiento de estos T\u00e9rminos y Condiciones por su parte, sin perjuicio de cualquier otro derecho de Sumkcaps, Sumkcaps podr\u00e1 cancelar sus solicitudes y compras sin previo aviso; y\/o denegar o bloquear su acceso a este sitio web; o establecer condiciones especiales sobre su acceso o uso de este sitio web.<\/p><h3>4. Derechos de propiedad<\/h3><p>Toda la informaci\u00f3n, datos y materiales en este sitio web (incluyendo pero no limitado a cualquier logotipo, la apariencia, estructura, esquema de color y dise\u00f1o de este sitio web, el c\u00f3digo de software y los datos subyacentes y base de datos) est\u00e1n sujetos a derechos de marca, derechos de autor, derechos de base de datos y \/ u otros derechos de propiedad intelectual registrados y no registrados. Cualquier uso o reproducci\u00f3n de la informaci\u00f3n, datos o materiales presentados en este sitio web que no sea para uso personal y no comercial permitido, est\u00e1 prohibido y constituir\u00e1 un incumplimiento de estos T\u00e9rminos y Condiciones y puede infringir los derechos de propiedad intelectual de Sumkcaps o de sus licenciantes.<\/p><h3>5. 5. Limitaci\u00f3n de responsabilidad<\/h3><p>Barterus no ser\u00e1 responsable de ninguna p\u00e9rdida o da\u00f1o directo, indirecto, especial, punitivo o consecuente de ning\u00fan tipo que se derive del uso de este sitio web o de cualquier informaci\u00f3n contenida en \u00e9l.<\/p><h3>6. Ley aplicable y jurisdicci\u00f3n<\/h3><p>Estos T\u00e9rminos y Condiciones y Su uso de este sitio web y cualquier disputa o reclamaci\u00f3n que surja de o en asociaci\u00f3n con tales asuntos se regir\u00e1n e interpretar\u00e1n de conformidad con las leyes de China y Usted acepta someterse a la jurisdicci\u00f3n exclusiva de los tribunales de China. Sumkcaps se reserva el derecho de iniciar procedimientos contra cualquier parte que incumpla estos T\u00e9rminos y Condiciones (\"parte infractora\") en los tribunales del lugar del incumplimiento, los tribunales del pa\u00eds de residencia de la parte infractora a nuestra entera discreci\u00f3n.<\/p><h3>7. General<\/h3><p>Sumkcaps se reserva el derecho de modificar cualquier informaci\u00f3n o material disponible en este sitio web en cualquier momento y sin previo aviso. Sumkcaps tambi\u00e9n puede modificar estos T\u00e9rminos y Condiciones en cualquier momento sin previo aviso, y dicha modificaci\u00f3n ser\u00e1 efectiva inmediatamente despu\u00e9s de la publicaci\u00f3n de los T\u00e9rminos y Condiciones modificados en el sitio web, que se considerar\u00e1 aceptada por Usted si contin\u00faa utilizando el sitio web.<\/p>\t\t\t\t\t\t\t\t<\/div>\n\t\t\t\t<\/div>\n\t\t\t\t\t<\/div>\n\t\t<\/div>\n\t\t\t\t\t<\/div>\n\t\t<\/section>\n\t\t\t\t<\/div>","protected":false},"excerpt":{"rendered":"<p>Condiciones de uso 1. Generalidades Generalidades, Interpretaci\u00f3n Este sitio web es propiedad y est\u00e1 gestionado por Sumkcaps. A los efectos de estos T\u00e9rminos y Condiciones: las referencias a \"Usted\" y \"Su\" se refieren a las personas que acceden a este sitio web (incluidas las personas que acceden a este sitio en nombre de otras personas) y \"sitio web\" incluye tambi\u00e9n el sitio web m\u00f3vil y el [...].<\/p>","protected":false},"author":1,"featured_media":22648,"parent":0,"menu_order":4,"comment_status":"closed","ping_status":"closed","template":"","meta":{"_acf_changed":false,"_kad_blocks_custom_css":"","_kad_blocks_head_custom_js":"","_kad_blocks_body_custom_js":"","_kad_blocks_footer_custom_js":"","footnotes":""},"class_list":["post-22856","page","type-page","status-publish","has-post-thumbnail","hentry"],"acf":[],"yoast_head":"<!-- This site is optimized with the Yoast SEO Premium plugin v20.8 (Yoast SEO v25.9) - https:\/\/yoast.com\/wordpress\/plugins\/seo\/ -->\n<title>Terms Of Use | Sumkcaps<\/title>\n<meta name=\"description\" content=\"Sumkcaps is leading of headwear manufacturer from China. OEMD &amp; ODM Avaible. 200pcs MOQ. Original cap factory. Full custom capacity.\" \/>\n<meta name=\"robots\" content=\"index, follow, max-snippet:-1, max-image-preview:large, max-video-preview:-1\" \/>\n<link rel=\"canonical\" href=\"https:\/\/sumkcaps.com\/es\/condiciones-de-uso\/\" \/>\n<meta property=\"og:locale\" content=\"es_ES\" \/>\n<meta property=\"og:type\" content=\"article\" \/>\n<meta property=\"og:title\" content=\"Terms of Use - Sumkcaps\" \/>\n<meta property=\"og:description\" content=\"Terms of Use - Sumkcaps\" \/>\n<meta property=\"og:url\" content=\"https:\/\/sumkcaps.com\/es\/condiciones-de-uso\/\" \/>\n<meta property=\"og:site_name\" content=\"Sumkcaps-China Original Headwear Manufacturer and Suppliers\" \/>\n<meta property=\"article:publisher\" content=\"https:\/\/www.facebook.com\/sumkcap\" \/>\n<meta property=\"article:modified_time\" content=\"2025-07-29T07:34:09+00:00\" \/>\n<meta property=\"og:image\" content=\"https:\/\/sumkcaps.com\/wp-content\/uploads\/2023\/05\/China-hat-manufactuers.png\" \/>\n\t<meta property=\"og:image:width\" content=\"801\" \/>\n\t<meta property=\"og:image:height\" content=\"961\" \/>\n\t<meta property=\"og:image:type\" content=\"image\/png\" \/>\n<meta name=\"twitter:card\" content=\"summary_large_image\" \/>\n<meta name=\"twitter:label1\" content=\"Tiempo de lectura\" \/>\n\t<meta name=\"twitter:data1\" content=\"3 minutos\" \/>\n<script type=\"application\/ld+json\" class=\"yoast-schema-graph\">{\"@context\":\"https:\/\/schema.org\",\"@graph\":[{\"@type\":\"WebPage\",\"@id\":\"https:\/\/sumkcaps.com\/terms-of-use\/\",\"url\":\"https:\/\/sumkcaps.com\/terms-of-use\/\",\"name\":\"Terms Of Use | Sumkcaps\",\"isPartOf\":{\"@id\":\"https:\/\/sumkcaps.com\/#website\"},\"primaryImageOfPage\":{\"@id\":\"https:\/\/sumkcaps.com\/terms-of-use\/#primaryimage\"},\"image\":{\"@id\":\"https:\/\/sumkcaps.com\/terms-of-use\/#primaryimage\"},\"thumbnailUrl\":\"https:\/\/sumkcaps.com\/wp-content\/uploads\/2023\/05\/China-hat-manufactuers.png\",\"datePublished\":\"2023-06-01T03:33:59+00:00\",\"dateModified\":\"2025-07-29T07:34:09+00:00\",\"description\":\"Sumkcaps is leading of headwear manufacturer from China. OEMD & ODM Avaible. 200pcs MOQ. Original cap factory. Full custom capacity.\",\"breadcrumb\":{\"@id\":\"https:\/\/sumkcaps.com\/terms-of-use\/#breadcrumb\"},\"inLanguage\":\"es\",\"potentialAction\":[{\"@type\":\"ReadAction\",\"target\":[\"https:\/\/sumkcaps.com\/terms-of-use\/\"]}]},{\"@type\":\"ImageObject\",\"inLanguage\":\"es\",\"@id\":\"https:\/\/sumkcaps.com\/terms-of-use\/#primaryimage\",\"url\":\"https:\/\/sumkcaps.com\/wp-content\/uploads\/2023\/05\/China-hat-manufactuers.png\",\"contentUrl\":\"https:\/\/sumkcaps.com\/wp-content\/uploads\/2023\/05\/China-hat-manufactuers.png\",\"width\":801,\"height\":961},{\"@type\":\"BreadcrumbList\",\"@id\":\"https:\/\/sumkcaps.com\/terms-of-use\/#breadcrumb\",\"itemListElement\":[{\"@type\":\"ListItem\",\"position\":1,\"name\":\"Home\",\"item\":\"https:\/\/sumkcaps.com\/\"},{\"@type\":\"ListItem\",\"position\":2,\"name\":\"Terms of Use\"}]},{\"@type\":\"WebSite\",\"@id\":\"https:\/\/sumkcaps.com\/#website\",\"url\":\"https:\/\/sumkcaps.com\/\",\"name\":\"Sumkcaps-China Original Headwear Manufacturer and Suppliers\",\"description\":\"We are China Cap And Hat Original Factory, whose main business is to custom cap and hat as client&#039;s LOGO. Any cap style, any cap color, any qty, any material and qty is no problem. In one words, any small details can be customized as your request.\",\"publisher\":{\"@id\":\"https:\/\/sumkcaps.com\/#organization\"},\"potentialAction\":[{\"@type\":\"SearchAction\",\"target\":{\"@type\":\"EntryPoint\",\"urlTemplate\":\"https:\/\/sumkcaps.com\/?s={search_term_string}\"},\"query-input\":{\"@type\":\"PropertyValueSpecification\",\"valueRequired\":true,\"valueName\":\"search_term_string\"}}],\"inLanguage\":\"es\"},{\"@type\":\"Organization\",\"@id\":\"https:\/\/sumkcaps.com\/#organization\",\"name\":\"Sumkcaps-China Original Headwear Manufacturer and Suppliers\",\"url\":\"https:\/\/sumkcaps.com\/\",\"logo\":{\"@type\":\"ImageObject\",\"inLanguage\":\"es\",\"@id\":\"https:\/\/sumkcaps.com\/#\/schema\/logo\/image\/\",\"url\":\"https:\/\/sumkcaps.com\/wp-content\/uploads\/2025\/12\/1234.jpg\",\"contentUrl\":\"https:\/\/sumkcaps.com\/wp-content\/uploads\/2025\/12\/1234.jpg\",\"width\":800,\"height\":800,\"caption\":\"Sumkcaps-China Original Headwear Manufacturer and Suppliers\"},\"image\":{\"@id\":\"https:\/\/sumkcaps.com\/#\/schema\/logo\/image\/\"},\"sameAs\":[\"https:\/\/www.facebook.com\/sumkcap\",\"https:\/\/www.instagram.com\/sumkcaps7\/\",\"https:\/\/www.pinterest.com\/sumkcapschina\/\"]}]}<\/script>\n<!-- \/ Yoast SEO Premium plugin. -->","yoast_head_json":{"title":"Condiciones de uso | Sumkcaps","description":"Sumkcaps es l\u00edder de fabricante de sombreros de China. OEMD y ODM Avaible. 200pcs MOQ. F\u00e1brica de gorras originales. Capacidad de personalizaci\u00f3n completa.","robots":{"index":"index","follow":"follow","max-snippet":"max-snippet:-1","max-image-preview":"max-image-preview:large","max-video-preview":"max-video-preview:-1"},"canonical":"https:\/\/sumkcaps.com\/es\/condiciones-de-uso\/","og_locale":"es_ES","og_type":"article","og_title":"Terms of Use - Sumkcaps","og_description":"Terms of Use - Sumkcaps","og_url":"https:\/\/sumkcaps.com\/es\/condiciones-de-uso\/","og_site_name":"Sumkcaps-China Original Headwear Manufacturer and Suppliers","article_publisher":"https:\/\/www.facebook.com\/sumkcap","article_modified_time":"2025-07-29T07:34:09+00:00","og_image":[{"width":801,"height":961,"url":"https:\/\/sumkcaps.com\/wp-content\/uploads\/2023\/05\/China-hat-manufactuers.png","type":"image\/png"}],"twitter_card":"summary_large_image","twitter_misc":{"Tiempo de lectura":"3 minutos"},"schema":{"@context":"https:\/\/schema.org","@graph":[{"@type":"WebPage","@id":"https:\/\/sumkcaps.com\/terms-of-use\/","url":"https:\/\/sumkcaps.com\/terms-of-use\/","name":"Condiciones de uso | Sumkcaps","isPartOf":{"@id":"https:\/\/sumkcaps.com\/#website"},"primaryImageOfPage":{"@id":"https:\/\/sumkcaps.com\/terms-of-use\/#primaryimage"},"image":{"@id":"https:\/\/sumkcaps.com\/terms-of-use\/#primaryimage"},"thumbnailUrl":"https:\/\/sumkcaps.com\/wp-content\/uploads\/2023\/05\/China-hat-manufactuers.png","datePublished":"2023-06-01T03:33:59+00:00","dateModified":"2025-07-29T07:34:09+00:00","description":"Sumkcaps es l\u00edder de fabricante de sombreros de China. OEMD y ODM Avaible. 200pcs MOQ. F\u00e1brica de gorras originales. Capacidad de personalizaci\u00f3n completa.","breadcrumb":{"@id":"https:\/\/sumkcaps.com\/terms-of-use\/#breadcrumb"},"inLanguage":"es","potentialAction":[{"@type":"ReadAction","target":["https:\/\/sumkcaps.com\/terms-of-use\/"]}]},{"@type":"ImageObject","inLanguage":"es","@id":"https:\/\/sumkcaps.com\/terms-of-use\/#primaryimage","url":"https:\/\/sumkcaps.com\/wp-content\/uploads\/2023\/05\/China-hat-manufactuers.png","contentUrl":"https:\/\/sumkcaps.com\/wp-content\/uploads\/2023\/05\/China-hat-manufactuers.png","width":801,"height":961},{"@type":"BreadcrumbList","@id":"https:\/\/sumkcaps.com\/terms-of-use\/#breadcrumb","itemListElement":[{"@type":"ListItem","position":1,"name":"Home","item":"https:\/\/sumkcaps.com\/"},{"@type":"ListItem","position":2,"name":"Terms of Use"}]},{"@type":"WebSite","@id":"https:\/\/sumkcaps.com\/#website","url":"https:\/\/sumkcaps.com\/","name":"Sumkcaps-China Fabricante y proveedor de gorras originales","description":"Somos gorra de China y el sombrero original de la f\u00e1brica, cuya actividad principal es la costumbre gorra y el sombrero como cliente&#039;s LOGO. Cualquier estilo gorra, cualquier color gorra, cualquier cantidad, cualquier material y cantidad no es problema. En una palabra, cualquier peque\u00f1o detalle puede ser personalizado como su solicitud.","publisher":{"@id":"https:\/\/sumkcaps.com\/#organization"},"potentialAction":[{"@type":"SearchAction","target":{"@type":"EntryPoint","urlTemplate":"https:\/\/sumkcaps.com\/?s={search_term_string}"},"query-input":{"@type":"PropertyValueSpecification","valueRequired":true,"valueName":"search_term_string"}}],"inLanguage":"es"},{"@type":"Organization","@id":"https:\/\/sumkcaps.com\/#organization","name":"Sumkcaps-China Fabricante y proveedor de gorras originales","url":"https:\/\/sumkcaps.com\/","logo":{"@type":"ImageObject","inLanguage":"es","@id":"https:\/\/sumkcaps.com\/#\/schema\/logo\/image\/","url":"https:\/\/sumkcaps.com\/wp-content\/uploads\/2025\/12\/1234.jpg","contentUrl":"https:\/\/sumkcaps.com\/wp-content\/uploads\/2025\/12\/1234.jpg","width":800,"height":800,"caption":"Sumkcaps-China Original Headwear Manufacturer and Suppliers"},"image":{"@id":"https:\/\/sumkcaps.com\/#\/schema\/logo\/image\/"},"sameAs":["https:\/\/www.facebook.com\/sumkcap","https:\/\/www.instagram.com\/sumkcaps7\/","https:\/\/www.pinterest.com\/sumkcapschina\/"]}]}},"taxonomy_info":[],"featured_image_src_large":["https:\/\/sumkcaps.com\/wp-content\/uploads\/2023\/05\/China-hat-manufactuers.png",800,960,false],"author_info":{"display_name":"Bruce Su","author_link":"https:\/\/sumkcaps.com\/es\/author\/bruce\/"},"comment_info":0,"_links":{"self":[{"href":"https:\/\/sumkcaps.com\/es\/wp-json\/wp\/v2\/pages\/22856","targetHints":{"allow":["GET"]}}],"collection":[{"href":"https:\/\/sumkcaps.com\/es\/wp-json\/wp\/v2\/pages"}],"about":[{"href":"https:\/\/sumkcaps.com\/es\/wp-json\/wp\/v2\/types\/page"}],"author":[{"embeddable":true,"href":"https:\/\/sumkcaps.com\/es\/wp-json\/wp\/v2\/users\/1"}],"replies":[{"embeddable":true,"href":"https:\/\/sumkcaps.com\/es\/wp-json\/wp\/v2\/comments?post=22856"}],"version-history":[{"count":0,"href":"https:\/\/sumkcaps.com\/es\/wp-json\/wp\/v2\/pages\/22856\/revisions"}],"wp:featuredmedia":[{"embeddable":true,"href":"https:\/\/sumkcaps.com\/es\/wp-json\/wp\/v2\/media\/22648"}],"wp:attachment":[{"href":"https:\/\/sumkcaps.com\/es\/wp-json\/wp\/v2\/media?parent=22856"}],"curies":[{"name":"wp","href":"https:\/\/api.w.org\/{rel}","templated":true}]}}