{"id":818,"date":"2021-07-09T14:30:29","date_gmt":"2021-07-09T06:30:29","guid":{"rendered":"https:\/\/sumkcaps.com\/?post_type=product&#038;p=818"},"modified":"2024-03-27T17:11:33","modified_gmt":"2024-03-27T09:11:33","slug":"velcro-patch-snapback-cap","status":"publish","type":"product","link":"https:\/\/sumkcaps.com\/de\/produkt\/klettverschluss-snapback-mutze\/","title":{"rendered":"Klettverschluss Snapback Cap"},"content":{"rendered":"<p>1. Cap-Stil: Snapback Cap; Baseball-Cap; Trucker; f\u00fcnf-Panel; Eimer Hut; M\u00fctzen etc; kann auch G\u00fcrteltasche tun<br \/>\n2. Stoff: Wir haben verschiedene Stoffe, Baumwolle, Acryl, Tarnstoff, Netzstoff, Musterstoff,<br \/>\nSchlangenleder, Leopardenleder, und so weiter, k\u00f6nnen Sie w\u00e4hlen, die Sie die Kappe zu tun m\u00f6gen<br \/>\n3. Farbe: Wir k\u00f6nnen die Farbe tun, wie Sie wollen<br \/>\n4. Gr\u00f6\u00dfe: Kann die Gr\u00f6\u00dfe tun, wie Sie wollen<br \/>\n5. Spitzenwert: Die Spitze kann eine gebogene Spitze oder eine flache Spitze sein. Kann Stickerei oder drucken Sie Ihr Logo auf der Spitze auch.<br \/>\nDie Spitze kann rund sein und auch quadratisch sein.<br \/>\n6. Logo kann Stickerei oder Druck oder Patch etc. sein<br \/>\n7. R\u00fcckseitiger Verschluss: Schnappverschluss, geschlossen, flexibel oder mit Lederband<br \/>\n8. Unser MOQ ist 200pcs Stil\/Farbe<br \/>\n9. F\u00fcr die Zahlung akzeptieren wir Western Union; Money Gram; TT etc<\/p>\n<p>F\u00fcr Probe, k\u00f6nnen wir PayPal akzeptieren<br \/>\n10. Die Produktion ben\u00f6tigen wir 15-18 Arbeitstage f\u00fcr die Menge unter 5000pcs<br \/>\n11. F\u00fcr die Probe, nehmen wir in der Regel 5-7 Arbeitstage, um es zu beenden.<br \/>\n12. Inzwischen k\u00f6nnen wir auch gewebte Etiketten, Aufkleber, Zapfendruck und Anh\u00e4nger f\u00fcr Sie herstellen.<\/p>","protected":false},"excerpt":{"rendered":"<p>Playgrnd hat mit dieser Snapback mit Klettverschluss auf der Vorderseite \u00fcber den Tellerrand geschaut und wir konnten ihr Design mit anpassbaren Optionen zum Leben erwecken, um diese luxuri\u00f6se Snapback zu kreieren.<\/p>","protected":false},"featured_media":819,"template":"","meta":{"_acf_changed":false,"_kad_blocks_custom_css":"","_kad_blocks_head_custom_js":"","_kad_blocks_body_custom_js":"","_kad_blocks_footer_custom_js":""},"product_brand":[],"product_cat":[42],"product_tag":[],"class_list":{"0":"post-818","1":"product","2":"type-product","3":"status-publish","4":"has-post-thumbnail","6":"product_cat-snapback-cap","8":"first","9":"outofstock","10":"shipping-taxable","11":"product-type-simple"},"acf":[],"yoast_head":"<!-- This site is optimized with the Yoast SEO Premium plugin v20.8 (Yoast SEO v25.9) - https:\/\/yoast.com\/wordpress\/plugins\/seo\/ -->\n<title>Velcro Patch Snapback Cap - Sumkcaps<\/title>\n<meta name=\"robots\" content=\"index, follow, max-snippet:-1, max-image-preview:large, max-video-preview:-1\" \/>\n<link rel=\"canonical\" href=\"https:\/\/sumkcaps.com\/de\/produkt\/klettverschluss-snapback-mutze\/\" \/>\n<meta property=\"og:locale\" content=\"de_DE\" \/>\n<meta property=\"og:type\" content=\"article\" \/>\n<meta property=\"og:title\" content=\"Velcro Patch Snapback Cap - Sumkcaps\" \/>\n<meta property=\"og:description\" content=\"Playgrnd has thought outside the box with this velcro front panel snapback and we were able to bring their design to life with customisable options to create this deluxe snapback.\" \/>\n<meta property=\"og:url\" content=\"https:\/\/sumkcaps.com\/de\/produkt\/klettverschluss-snapback-mutze\/\" \/>\n<meta property=\"og:site_name\" content=\"Sumkcaps-China Original Headwear Manufacturer and Suppliers\" \/>\n<meta property=\"article:publisher\" content=\"https:\/\/www.facebook.com\/sumkcap\" \/>\n<meta property=\"article:modified_time\" content=\"2024-03-27T09:11:33+00:00\" \/>\n<meta property=\"og:image\" content=\"https:\/\/sumkcaps.com\/wp-content\/uploads\/2021\/07\/ARCADE-HEADWEAR-X-PLAYGRND-VELCRO-FLAT-BRIM-SNAPBACK-FRONT-420x420-1.jpg\" \/>\n\t<meta property=\"og:image:width\" content=\"420\" \/>\n\t<meta property=\"og:image:height\" content=\"420\" \/>\n\t<meta property=\"og:image:type\" content=\"image\/jpeg\" \/>\n<meta name=\"twitter:card\" content=\"summary_large_image\" \/>\n<meta name=\"twitter:label1\" content=\"Gesch\u00e4tzte Lesezeit\" \/>\n\t<meta name=\"twitter:data1\" content=\"1\u00a0Minute\" \/>\n<script type=\"application\/ld+json\" class=\"yoast-schema-graph\">{\"@context\":\"https:\/\/schema.org\",\"@graph\":[{\"@type\":\"WebPage\",\"@id\":\"https:\/\/sumkcaps.com\/product\/velcro-patch-snapback-cap\/\",\"url\":\"https:\/\/sumkcaps.com\/product\/velcro-patch-snapback-cap\/\",\"name\":\"Velcro Patch Snapback Cap - Sumkcaps\",\"isPartOf\":{\"@id\":\"https:\/\/sumkcaps.com\/#website\"},\"primaryImageOfPage\":{\"@id\":\"https:\/\/sumkcaps.com\/product\/velcro-patch-snapback-cap\/#primaryimage\"},\"image\":{\"@id\":\"https:\/\/sumkcaps.com\/product\/velcro-patch-snapback-cap\/#primaryimage\"},\"thumbnailUrl\":\"https:\/\/sumkcaps.com\/wp-content\/uploads\/2021\/07\/ARCADE-HEADWEAR-X-PLAYGRND-VELCRO-FLAT-BRIM-SNAPBACK-FRONT-420x420-1.jpg\",\"datePublished\":\"2021-07-09T06:30:29+00:00\",\"dateModified\":\"2024-03-27T09:11:33+00:00\",\"breadcrumb\":{\"@id\":\"https:\/\/sumkcaps.com\/product\/velcro-patch-snapback-cap\/#breadcrumb\"},\"inLanguage\":\"de\",\"potentialAction\":[{\"@type\":\"ReadAction\",\"target\":[\"https:\/\/sumkcaps.com\/product\/velcro-patch-snapback-cap\/\"]}]},{\"@type\":\"ImageObject\",\"inLanguage\":\"de\",\"@id\":\"https:\/\/sumkcaps.com\/product\/velcro-patch-snapback-cap\/#primaryimage\",\"url\":\"https:\/\/sumkcaps.com\/wp-content\/uploads\/2021\/07\/ARCADE-HEADWEAR-X-PLAYGRND-VELCRO-FLAT-BRIM-SNAPBACK-FRONT-420x420-1.jpg\",\"contentUrl\":\"https:\/\/sumkcaps.com\/wp-content\/uploads\/2021\/07\/ARCADE-HEADWEAR-X-PLAYGRND-VELCRO-FLAT-BRIM-SNAPBACK-FRONT-420x420-1.jpg\",\"width\":420,\"height\":420},{\"@type\":\"BreadcrumbList\",\"@id\":\"https:\/\/sumkcaps.com\/product\/velcro-patch-snapback-cap\/#breadcrumb\",\"itemListElement\":[{\"@type\":\"ListItem\",\"position\":1,\"name\":\"Home\",\"item\":\"https:\/\/sumkcaps.com\/\"},{\"@type\":\"ListItem\",\"position\":2,\"name\":\"Products\",\"item\":\"https:\/\/sumkcaps.com\/product\/\"},{\"@type\":\"ListItem\",\"position\":3,\"name\":\"Velcro Patch Snapback Cap\"}]},{\"@type\":\"WebSite\",\"@id\":\"https:\/\/sumkcaps.com\/#website\",\"url\":\"https:\/\/sumkcaps.com\/\",\"name\":\"Sumkcaps-China Original Headwear Manufacturer and Suppliers\",\"description\":\"We are China Cap And Hat Original Factory, whose main business is to custom cap and hat as client&#039;s LOGO. Any cap style, any cap color, any qty, any material and qty is no problem. In one words, any small details can be customized as your request.\",\"publisher\":{\"@id\":\"https:\/\/sumkcaps.com\/#organization\"},\"potentialAction\":[{\"@type\":\"SearchAction\",\"target\":{\"@type\":\"EntryPoint\",\"urlTemplate\":\"https:\/\/sumkcaps.com\/?s={search_term_string}\"},\"query-input\":{\"@type\":\"PropertyValueSpecification\",\"valueRequired\":true,\"valueName\":\"search_term_string\"}}],\"inLanguage\":\"de\"},{\"@type\":\"Organization\",\"@id\":\"https:\/\/sumkcaps.com\/#organization\",\"name\":\"Sumkcaps-China Original Headwear Manufacturer and Suppliers\",\"url\":\"https:\/\/sumkcaps.com\/\",\"logo\":{\"@type\":\"ImageObject\",\"inLanguage\":\"de\",\"@id\":\"https:\/\/sumkcaps.com\/#\/schema\/logo\/image\/\",\"url\":\"https:\/\/sumkcaps.com\/wp-content\/uploads\/2025\/12\/1234.jpg\",\"contentUrl\":\"https:\/\/sumkcaps.com\/wp-content\/uploads\/2025\/12\/1234.jpg\",\"width\":800,\"height\":800,\"caption\":\"Sumkcaps-China Original Headwear Manufacturer and Suppliers\"},\"image\":{\"@id\":\"https:\/\/sumkcaps.com\/#\/schema\/logo\/image\/\"},\"sameAs\":[\"https:\/\/www.facebook.com\/sumkcap\",\"https:\/\/www.instagram.com\/sumkcaps7\/\",\"https:\/\/www.pinterest.com\/sumkcapschina\/\"]}]}<\/script>\n<!-- \/ Yoast SEO Premium plugin. -->","yoast_head_json":{"title":"Klettverschluss Snapback Cap - Sumkcaps","robots":{"index":"index","follow":"follow","max-snippet":"max-snippet:-1","max-image-preview":"max-image-preview:large","max-video-preview":"max-video-preview:-1"},"canonical":"https:\/\/sumkcaps.com\/de\/produkt\/klettverschluss-snapback-mutze\/","og_locale":"de_DE","og_type":"article","og_title":"Velcro Patch Snapback Cap - Sumkcaps","og_description":"Playgrnd has thought outside the box with this velcro front panel snapback and we were able to bring their design to life with customisable options to create this deluxe snapback.","og_url":"https:\/\/sumkcaps.com\/de\/produkt\/klettverschluss-snapback-mutze\/","og_site_name":"Sumkcaps-China Original Headwear Manufacturer and Suppliers","article_publisher":"https:\/\/www.facebook.com\/sumkcap","article_modified_time":"2024-03-27T09:11:33+00:00","og_image":[{"width":420,"height":420,"url":"https:\/\/sumkcaps.com\/wp-content\/uploads\/2021\/07\/ARCADE-HEADWEAR-X-PLAYGRND-VELCRO-FLAT-BRIM-SNAPBACK-FRONT-420x420-1.jpg","type":"image\/jpeg"}],"twitter_card":"summary_large_image","twitter_misc":{"Gesch\u00e4tzte Lesezeit":"1\u00a0Minute"},"schema":{"@context":"https:\/\/schema.org","@graph":[{"@type":"WebPage","@id":"https:\/\/sumkcaps.com\/product\/velcro-patch-snapback-cap\/","url":"https:\/\/sumkcaps.com\/product\/velcro-patch-snapback-cap\/","name":"Klettverschluss Snapback Cap - Sumkcaps","isPartOf":{"@id":"https:\/\/sumkcaps.com\/#website"},"primaryImageOfPage":{"@id":"https:\/\/sumkcaps.com\/product\/velcro-patch-snapback-cap\/#primaryimage"},"image":{"@id":"https:\/\/sumkcaps.com\/product\/velcro-patch-snapback-cap\/#primaryimage"},"thumbnailUrl":"https:\/\/sumkcaps.com\/wp-content\/uploads\/2021\/07\/ARCADE-HEADWEAR-X-PLAYGRND-VELCRO-FLAT-BRIM-SNAPBACK-FRONT-420x420-1.jpg","datePublished":"2021-07-09T06:30:29+00:00","dateModified":"2024-03-27T09:11:33+00:00","breadcrumb":{"@id":"https:\/\/sumkcaps.com\/product\/velcro-patch-snapback-cap\/#breadcrumb"},"inLanguage":"de","potentialAction":[{"@type":"ReadAction","target":["https:\/\/sumkcaps.com\/product\/velcro-patch-snapback-cap\/"]}]},{"@type":"ImageObject","inLanguage":"de","@id":"https:\/\/sumkcaps.com\/product\/velcro-patch-snapback-cap\/#primaryimage","url":"https:\/\/sumkcaps.com\/wp-content\/uploads\/2021\/07\/ARCADE-HEADWEAR-X-PLAYGRND-VELCRO-FLAT-BRIM-SNAPBACK-FRONT-420x420-1.jpg","contentUrl":"https:\/\/sumkcaps.com\/wp-content\/uploads\/2021\/07\/ARCADE-HEADWEAR-X-PLAYGRND-VELCRO-FLAT-BRIM-SNAPBACK-FRONT-420x420-1.jpg","width":420,"height":420},{"@type":"BreadcrumbList","@id":"https:\/\/sumkcaps.com\/product\/velcro-patch-snapback-cap\/#breadcrumb","itemListElement":[{"@type":"ListItem","position":1,"name":"Home","item":"https:\/\/sumkcaps.com\/"},{"@type":"ListItem","position":2,"name":"Products","item":"https:\/\/sumkcaps.com\/product\/"},{"@type":"ListItem","position":3,"name":"Velcro Patch Snapback Cap"}]},{"@type":"WebSite","@id":"https:\/\/sumkcaps.com\/#website","url":"https:\/\/sumkcaps.com\/","name":"Sumkcaps-China Original Kopfbedeckungen Hersteller und Lieferanten","description":"Wir sind China Cap And Hat Original Factory, deren Hauptgesch\u00e4ft ist es, benutzerdefinierte Kappe und Hut als Client &amp; #039; s LOGO. Jede Kappe Stil, jede Kappe Farbe, jede Menge, jedes Material und Menge ist kein Problem. In einem Wort, k\u00f6nnen alle kleinen Details als Ihre Anfrage angepasst werden.","publisher":{"@id":"https:\/\/sumkcaps.com\/#organization"},"potentialAction":[{"@type":"SearchAction","target":{"@type":"EntryPoint","urlTemplate":"https:\/\/sumkcaps.com\/?s={search_term_string}"},"query-input":{"@type":"PropertyValueSpecification","valueRequired":true,"valueName":"search_term_string"}}],"inLanguage":"de"},{"@type":"Organization","@id":"https:\/\/sumkcaps.com\/#organization","name":"Sumkcaps-China Original Kopfbedeckungen Hersteller und Lieferanten","url":"https:\/\/sumkcaps.com\/","logo":{"@type":"ImageObject","inLanguage":"de","@id":"https:\/\/sumkcaps.com\/#\/schema\/logo\/image\/","url":"https:\/\/sumkcaps.com\/wp-content\/uploads\/2025\/12\/1234.jpg","contentUrl":"https:\/\/sumkcaps.com\/wp-content\/uploads\/2025\/12\/1234.jpg","width":800,"height":800,"caption":"Sumkcaps-China Original Headwear Manufacturer and Suppliers"},"image":{"@id":"https:\/\/sumkcaps.com\/#\/schema\/logo\/image\/"},"sameAs":["https:\/\/www.facebook.com\/sumkcap","https:\/\/www.instagram.com\/sumkcaps7\/","https:\/\/www.pinterest.com\/sumkcapschina\/"]}]}},"taxonomy_info":{"product_cat":[{"value":42,"label":"Snapback Hats Wholesale"}]},"featured_image_src_large":["https:\/\/sumkcaps.com\/wp-content\/uploads\/2021\/07\/ARCADE-HEADWEAR-X-PLAYGRND-VELCRO-FLAT-BRIM-SNAPBACK-FRONT-420x420-1.jpg",420,420,false],"author_info":[],"comment_info":"","_links":{"self":[{"href":"https:\/\/sumkcaps.com\/de\/wp-json\/wp\/v2\/product\/818","targetHints":{"allow":["GET"]}}],"collection":[{"href":"https:\/\/sumkcaps.com\/de\/wp-json\/wp\/v2\/product"}],"about":[{"href":"https:\/\/sumkcaps.com\/de\/wp-json\/wp\/v2\/types\/product"}],"wp:featuredmedia":[{"embeddable":true,"href":"https:\/\/sumkcaps.com\/de\/wp-json\/wp\/v2\/media\/819"}],"wp:attachment":[{"href":"https:\/\/sumkcaps.com\/de\/wp-json\/wp\/v2\/media?parent=818"}],"wp:term":[{"taxonomy":"product_brand","embeddable":true,"href":"https:\/\/sumkcaps.com\/de\/wp-json\/wp\/v2\/product_brand?post=818"},{"taxonomy":"product_cat","embeddable":true,"href":"https:\/\/sumkcaps.com\/de\/wp-json\/wp\/v2\/product_cat?post=818"},{"taxonomy":"product_tag","embeddable":true,"href":"https:\/\/sumkcaps.com\/de\/wp-json\/wp\/v2\/product_tag?post=818"}],"curies":[{"name":"wp","href":"https:\/\/api.w.org\/{rel}","templated":true}]}}