{"id":3298,"date":"2022-04-22T11:24:15","date_gmt":"2022-04-22T03:24:15","guid":{"rendered":"https:\/\/sumkcaps.com\/?post_type=product&#038;p=3298"},"modified":"2025-07-30T16:24:51","modified_gmt":"2025-07-30T08:24:51","slug":"wholesale-custom-acrylic-wool-blank-plain-snapback-caps","status":"publish","type":"product","link":"https:\/\/sumkcaps.com\/de\/produkt\/groshandel-benutzerdefinierte-acryl-wolle-leer-plain-snapback-kappen\/","title":{"rendered":"Gro\u00dfhandel Acryl Wolle Blank Plain Snapback Caps"},"content":{"rendered":"<h2>Schlankes und vielseitiges Design<\/h2>\n<p>Diese unbedruckten Snapback-M\u00fctzen eignen sich ideal f\u00fcr Ihre individuelle Gestaltung. Sie haben ein klares, schlankes Design mit einem flachen Schnabel und einer strukturierten Krone. Sie sind in einem stilvollen Grau und Marineblau gehalten, das jeden pers\u00f6nlichen oder werblichen Stil erg\u00e4nzt.<\/p>\n<h2>Ideal f\u00fcr Anpassungen<\/h2>\n<p>Mit ihrem unbedruckten Design eignen sich diese Snapback-Kappen perfekt zum Hinzuf\u00fcgen Ihres Logos, Designs oder Ihrer Botschaft. Sie sind bei Unternehmen und Sportmannschaften f\u00fcr Werbeveranstaltungen sehr begehrt und daher eine vielseitige Wahl f\u00fcr den Gro\u00dfhandel.<\/p>\n<h2 data-start=\"80\" data-end=\"117\"><strong data-start=\"87\" data-end=\"117\">Personalisierung und Dekoration<\/strong><\/h2>\n<ul data-start=\"118\" data-end=\"444\">\n<li data-start=\"118\" data-end=\"287\">\n<p data-start=\"120\" data-end=\"145\"><strong data-start=\"120\" data-end=\"142\">Optionen f\u00fcr die Dekoration<\/strong>:<\/p>\n<ul data-start=\"148\" data-end=\"287\">\n<li data-start=\"148\" data-end=\"165\">\n<p data-start=\"150\" data-end=\"165\">3D-Stickerei<\/p>\n<\/li>\n<li data-start=\"168\" data-end=\"187\">\n<p data-start=\"170\" data-end=\"187\">Flachstickerei<\/p>\n<\/li>\n<li data-start=\"190\" data-end=\"213\">\n<p data-start=\"192\" data-end=\"213\">Bestickte Aufn\u00e4her<\/p>\n<\/li>\n<li data-start=\"216\" data-end=\"233\">\n<p data-start=\"218\" data-end=\"233\">Gewebte Aufn\u00e4her<\/p>\n<\/li>\n<li data-start=\"236\" data-end=\"287\">\n<p data-start=\"238\" data-end=\"287\">Vollst\u00e4ndig anpassbar, um Ihren Anforderungen an das Branding zu entsprechen<\/p>\n<\/li>\n<\/ul>\n<\/li>\n<li data-start=\"288\" data-end=\"359\">\n<p data-start=\"290\" data-end=\"359\"><strong data-start=\"290\" data-end=\"301\">Dienst<\/strong>: OEM- und ODM-Unterst\u00fctzung f\u00fcr Eigenmarken und kundenspezifische Designs<\/p>\n<\/li>\n<li data-start=\"360\" data-end=\"444\">\n<p data-start=\"362\" data-end=\"444\"><strong data-start=\"362\" data-end=\"369\">MOQ<\/strong>: 200 St\u00fcck pro Design pro Farbe - ideal f\u00fcr kleine bis gro\u00dfe Serienauftr\u00e4ge<\/p>\n<\/li>\n<\/ul>\n<h2 data-start=\"451\" data-end=\"485\"><strong data-start=\"458\" data-end=\"485\">Material und Konstruktion<\/strong><\/h2>\n<ul data-start=\"486\" data-end=\"775\">\n<li data-start=\"486\" data-end=\"577\">\n<p data-start=\"488\" data-end=\"577\"><strong data-start=\"488\" data-end=\"500\">Material<\/strong>: Hochwertige Acryl- und Wollmischung f\u00fcr W\u00e4rme, Haltbarkeit und Struktur<\/p>\n<\/li>\n<li data-start=\"578\" data-end=\"649\">\n<p data-start=\"580\" data-end=\"649\"><strong data-start=\"580\" data-end=\"589\">Form<\/strong>: Strukturierte Snapback-Kappe f\u00fcr eine k\u00fchne und moderne Silhouette<\/p>\n<\/li>\n<li data-start=\"650\" data-end=\"699\">\n<p data-start=\"652\" data-end=\"699\"><strong data-start=\"652\" data-end=\"661\">Visier<\/strong>: Flache Rechnung f\u00fcr einen sauberen, urbanen Stil<\/p>\n<\/li>\n<li data-start=\"700\" data-end=\"775\">\n<p data-start=\"702\" data-end=\"775\"><strong data-start=\"702\" data-end=\"711\">Farbe<\/strong>: Vollst\u00e4ndig anpassbar an die \u00c4sthetik Ihrer Marke oder Kollektion<\/p>\n<\/li>\n<\/ul>\n<h2 data-start=\"782\" data-end=\"805\"><strong data-start=\"789\" data-end=\"805\">Passform &amp; Gr\u00f6\u00dfe<\/strong><\/h2>\n<ul data-start=\"806\" data-end=\"953\">\n<li data-start=\"806\" data-end=\"888\">\n<p data-start=\"808\" data-end=\"888\"><strong data-start=\"808\" data-end=\"815\">Fit<\/strong>: One Size Fits Most (OSFM), geeignet f\u00fcr Kopfgr\u00f6\u00dfen von 7 bis 7 3\/4<\/p>\n<\/li>\n<li data-start=\"889\" data-end=\"953\">\n<p data-start=\"891\" data-end=\"953\"><strong data-start=\"891\" data-end=\"902\">Schlie\u00dfung<\/strong>: Verstellbarer Snapback f\u00fcr einfachen und sicheren Sitz<\/p>\n<\/li>\n<\/ul>\n<h2>Gro\u00dfhandelsvorteil<\/h2>\n<p>Nutzen Sie unsere Gro\u00dfmengenpreise f\u00fcr leere Snapback-M\u00fctzen, um ein hochwertiges Produkt zu einem g\u00fcnstigen Preis zu erhalten. Egal, ob Sie sich f\u00fcr den Einzelhandel eindecken, ein Team ausstatten oder sich auf eine Werbeveranstaltung vorbereiten, diese M\u00fctzen sind eine modische und praktische L\u00f6sung.<\/p>","protected":false},"excerpt":{"rendered":"<p>Unsere leeren Snapback-Kappen aus Acrylwolle eignen sich perfekt f\u00fcr die individuelle Gestaltung und sind somit ideal f\u00fcr Branding-Projekte f\u00fcr Unternehmen, Sportmannschaften oder Einzelhandelsunternehmen.<\/p>","protected":false},"featured_media":27418,"template":"","meta":{"_acf_changed":false,"_kad_blocks_custom_css":"","_kad_blocks_head_custom_js":"","_kad_blocks_body_custom_js":"","_kad_blocks_footer_custom_js":""},"product_brand":[],"product_cat":[42,950],"product_tag":[],"class_list":{"0":"post-3298","1":"product","2":"type-product","3":"status-publish","4":"has-post-thumbnail","6":"product_cat-snapback-cap","7":"product_cat-wool-5-panel-hat-wholesale","9":"first","10":"outofstock","11":"shipping-taxable","12":"product-type-simple"},"acf":[],"yoast_head":"<!-- This site is optimized with the Yoast SEO Premium plugin v20.8 (Yoast SEO v25.9) - https:\/\/yoast.com\/wordpress\/plugins\/seo\/ -->\n<title>Wholesale Acrylic Wool Blank Plain Snapback Caps - Sumkcaps<\/title>\n<meta name=\"description\" content=\"Get the best deals on blank snapback hats wholesale. Durable, stylish acrylic wool plain snapback caps ideal for custom branding and promotions.\" \/>\n<meta name=\"robots\" content=\"index, follow, max-snippet:-1, max-image-preview:large, max-video-preview:-1\" \/>\n<link rel=\"canonical\" href=\"https:\/\/sumkcaps.com\/de\/produkt\/groshandel-benutzerdefinierte-acryl-wolle-leer-plain-snapback-kappen\/\" \/>\n<meta property=\"og:locale\" content=\"de_DE\" \/>\n<meta property=\"og:type\" content=\"article\" \/>\n<meta property=\"og:title\" content=\"Wholesale Acrylic Wool Blank Plain Snapback Caps - Sumkcaps\" \/>\n<meta property=\"og:description\" content=\"Get the best deals on blank snapback hats wholesale. Durable, stylish acrylic wool plain snapback caps ideal for custom branding and promotions.\" \/>\n<meta property=\"og:url\" content=\"https:\/\/sumkcaps.com\/de\/produkt\/groshandel-benutzerdefinierte-acryl-wolle-leer-plain-snapback-kappen\/\" \/>\n<meta property=\"og:site_name\" content=\"Sumkcaps-China Original Headwear Manufacturer and Suppliers\" \/>\n<meta property=\"article:publisher\" content=\"https:\/\/www.facebook.com\/sumkcap\" \/>\n<meta property=\"article:modified_time\" content=\"2025-07-30T08:24:51+00:00\" \/>\n<meta property=\"og:image\" content=\"https:\/\/sumkcaps.com\/wp-content\/uploads\/2022\/04\/Wholesale-Acrylic-Wool-Blank-Plain-Snapback-Caps1.webp\" \/>\n\t<meta property=\"og:image:width\" content=\"800\" \/>\n\t<meta property=\"og:image:height\" content=\"800\" \/>\n\t<meta property=\"og:image:type\" content=\"image\/webp\" \/>\n<meta name=\"twitter:card\" content=\"summary_large_image\" \/>\n<meta name=\"twitter:label1\" content=\"Gesch\u00e4tzte Lesezeit\" \/>\n\t<meta name=\"twitter:data1\" content=\"2\u00a0Minuten\" \/>\n<script type=\"application\/ld+json\" class=\"yoast-schema-graph\">{\"@context\":\"https:\/\/schema.org\",\"@graph\":[{\"@type\":\"WebPage\",\"@id\":\"https:\/\/sumkcaps.com\/product\/wholesale-custom-acrylic-wool-blank-plain-snapback-caps\/\",\"url\":\"https:\/\/sumkcaps.com\/product\/wholesale-custom-acrylic-wool-blank-plain-snapback-caps\/\",\"name\":\"Wholesale Acrylic Wool Blank Plain Snapback Caps - Sumkcaps\",\"isPartOf\":{\"@id\":\"https:\/\/sumkcaps.com\/#website\"},\"primaryImageOfPage\":{\"@id\":\"https:\/\/sumkcaps.com\/product\/wholesale-custom-acrylic-wool-blank-plain-snapback-caps\/#primaryimage\"},\"image\":{\"@id\":\"https:\/\/sumkcaps.com\/product\/wholesale-custom-acrylic-wool-blank-plain-snapback-caps\/#primaryimage\"},\"thumbnailUrl\":\"https:\/\/sumkcaps.com\/wp-content\/uploads\/2022\/04\/Wholesale-Acrylic-Wool-Blank-Plain-Snapback-Caps1.webp\",\"datePublished\":\"2022-04-22T03:24:15+00:00\",\"dateModified\":\"2025-07-30T08:24:51+00:00\",\"description\":\"Get the best deals on blank snapback hats wholesale. Durable, stylish acrylic wool plain snapback caps ideal for custom branding and promotions.\",\"breadcrumb\":{\"@id\":\"https:\/\/sumkcaps.com\/product\/wholesale-custom-acrylic-wool-blank-plain-snapback-caps\/#breadcrumb\"},\"inLanguage\":\"de\",\"potentialAction\":[{\"@type\":\"ReadAction\",\"target\":[\"https:\/\/sumkcaps.com\/product\/wholesale-custom-acrylic-wool-blank-plain-snapback-caps\/\"]}]},{\"@type\":\"ImageObject\",\"inLanguage\":\"de\",\"@id\":\"https:\/\/sumkcaps.com\/product\/wholesale-custom-acrylic-wool-blank-plain-snapback-caps\/#primaryimage\",\"url\":\"https:\/\/sumkcaps.com\/wp-content\/uploads\/2022\/04\/Wholesale-Acrylic-Wool-Blank-Plain-Snapback-Caps1.webp\",\"contentUrl\":\"https:\/\/sumkcaps.com\/wp-content\/uploads\/2022\/04\/Wholesale-Acrylic-Wool-Blank-Plain-Snapback-Caps1.webp\",\"width\":800,\"height\":800,\"caption\":\"Wholesale Acrylic Wool Blank Plain Snapback Caps\"},{\"@type\":\"BreadcrumbList\",\"@id\":\"https:\/\/sumkcaps.com\/product\/wholesale-custom-acrylic-wool-blank-plain-snapback-caps\/#breadcrumb\",\"itemListElement\":[{\"@type\":\"ListItem\",\"position\":1,\"name\":\"Home\",\"item\":\"https:\/\/sumkcaps.com\/\"},{\"@type\":\"ListItem\",\"position\":2,\"name\":\"Products\",\"item\":\"https:\/\/sumkcaps.com\/product\/\"},{\"@type\":\"ListItem\",\"position\":3,\"name\":\"Wholesale Acrylic Wool Blank Plain Snapback Caps\"}]},{\"@type\":\"WebSite\",\"@id\":\"https:\/\/sumkcaps.com\/#website\",\"url\":\"https:\/\/sumkcaps.com\/\",\"name\":\"Sumkcaps-China Original Headwear Manufacturer and Suppliers\",\"description\":\"We are China Cap And Hat Original Factory, whose main business is to custom cap and hat as client&#039;s LOGO. Any cap style, any cap color, any qty, any material and qty is no problem. In one words, any small details can be customized as your request.\",\"publisher\":{\"@id\":\"https:\/\/sumkcaps.com\/#organization\"},\"potentialAction\":[{\"@type\":\"SearchAction\",\"target\":{\"@type\":\"EntryPoint\",\"urlTemplate\":\"https:\/\/sumkcaps.com\/?s={search_term_string}\"},\"query-input\":{\"@type\":\"PropertyValueSpecification\",\"valueRequired\":true,\"valueName\":\"search_term_string\"}}],\"inLanguage\":\"de\"},{\"@type\":\"Organization\",\"@id\":\"https:\/\/sumkcaps.com\/#organization\",\"name\":\"Sumkcaps-China Original Headwear Manufacturer and Suppliers\",\"url\":\"https:\/\/sumkcaps.com\/\",\"logo\":{\"@type\":\"ImageObject\",\"inLanguage\":\"de\",\"@id\":\"https:\/\/sumkcaps.com\/#\/schema\/logo\/image\/\",\"url\":\"https:\/\/sumkcaps.com\/wp-content\/uploads\/2025\/12\/1234.jpg\",\"contentUrl\":\"https:\/\/sumkcaps.com\/wp-content\/uploads\/2025\/12\/1234.jpg\",\"width\":800,\"height\":800,\"caption\":\"Sumkcaps-China Original Headwear Manufacturer and Suppliers\"},\"image\":{\"@id\":\"https:\/\/sumkcaps.com\/#\/schema\/logo\/image\/\"},\"sameAs\":[\"https:\/\/www.facebook.com\/sumkcap\",\"https:\/\/www.instagram.com\/sumkcaps7\/\",\"https:\/\/www.pinterest.com\/sumkcapschina\/\"]}]}<\/script>\n<!-- \/ Yoast SEO Premium plugin. -->","yoast_head_json":{"title":"Gro\u00dfhandel Acryl Wolle Blank Plain Snapback Caps - Sumkcaps","description":"Erhalten Sie die besten Angebote f\u00fcr leere Snapback-M\u00fctzen im Gro\u00dfhandel. Langlebige, stilvolle Acrylwolle plain Snapback-Kappen ideal f\u00fcr benutzerdefinierte Branding und Promotionen.","robots":{"index":"index","follow":"follow","max-snippet":"max-snippet:-1","max-image-preview":"max-image-preview:large","max-video-preview":"max-video-preview:-1"},"canonical":"https:\/\/sumkcaps.com\/de\/produkt\/groshandel-benutzerdefinierte-acryl-wolle-leer-plain-snapback-kappen\/","og_locale":"de_DE","og_type":"article","og_title":"Wholesale Acrylic Wool Blank Plain Snapback Caps - Sumkcaps","og_description":"Get the best deals on blank snapback hats wholesale. Durable, stylish acrylic wool plain snapback caps ideal for custom branding and promotions.","og_url":"https:\/\/sumkcaps.com\/de\/produkt\/groshandel-benutzerdefinierte-acryl-wolle-leer-plain-snapback-kappen\/","og_site_name":"Sumkcaps-China Original Headwear Manufacturer and Suppliers","article_publisher":"https:\/\/www.facebook.com\/sumkcap","article_modified_time":"2025-07-30T08:24:51+00:00","og_image":[{"width":800,"height":800,"url":"https:\/\/sumkcaps.com\/wp-content\/uploads\/2022\/04\/Wholesale-Acrylic-Wool-Blank-Plain-Snapback-Caps1.webp","type":"image\/webp"}],"twitter_card":"summary_large_image","twitter_misc":{"Gesch\u00e4tzte Lesezeit":"2\u00a0Minuten"},"schema":{"@context":"https:\/\/schema.org","@graph":[{"@type":"WebPage","@id":"https:\/\/sumkcaps.com\/product\/wholesale-custom-acrylic-wool-blank-plain-snapback-caps\/","url":"https:\/\/sumkcaps.com\/product\/wholesale-custom-acrylic-wool-blank-plain-snapback-caps\/","name":"Gro\u00dfhandel Acryl Wolle Blank Plain Snapback Caps - Sumkcaps","isPartOf":{"@id":"https:\/\/sumkcaps.com\/#website"},"primaryImageOfPage":{"@id":"https:\/\/sumkcaps.com\/product\/wholesale-custom-acrylic-wool-blank-plain-snapback-caps\/#primaryimage"},"image":{"@id":"https:\/\/sumkcaps.com\/product\/wholesale-custom-acrylic-wool-blank-plain-snapback-caps\/#primaryimage"},"thumbnailUrl":"https:\/\/sumkcaps.com\/wp-content\/uploads\/2022\/04\/Wholesale-Acrylic-Wool-Blank-Plain-Snapback-Caps1.webp","datePublished":"2022-04-22T03:24:15+00:00","dateModified":"2025-07-30T08:24:51+00:00","description":"Erhalten Sie die besten Angebote f\u00fcr leere Snapback-M\u00fctzen im Gro\u00dfhandel. Langlebige, stilvolle Acrylwolle plain Snapback-Kappen ideal f\u00fcr benutzerdefinierte Branding und Promotionen.","breadcrumb":{"@id":"https:\/\/sumkcaps.com\/product\/wholesale-custom-acrylic-wool-blank-plain-snapback-caps\/#breadcrumb"},"inLanguage":"de","potentialAction":[{"@type":"ReadAction","target":["https:\/\/sumkcaps.com\/product\/wholesale-custom-acrylic-wool-blank-plain-snapback-caps\/"]}]},{"@type":"ImageObject","inLanguage":"de","@id":"https:\/\/sumkcaps.com\/product\/wholesale-custom-acrylic-wool-blank-plain-snapback-caps\/#primaryimage","url":"https:\/\/sumkcaps.com\/wp-content\/uploads\/2022\/04\/Wholesale-Acrylic-Wool-Blank-Plain-Snapback-Caps1.webp","contentUrl":"https:\/\/sumkcaps.com\/wp-content\/uploads\/2022\/04\/Wholesale-Acrylic-Wool-Blank-Plain-Snapback-Caps1.webp","width":800,"height":800,"caption":"Wholesale Acrylic Wool Blank Plain Snapback Caps"},{"@type":"BreadcrumbList","@id":"https:\/\/sumkcaps.com\/product\/wholesale-custom-acrylic-wool-blank-plain-snapback-caps\/#breadcrumb","itemListElement":[{"@type":"ListItem","position":1,"name":"Home","item":"https:\/\/sumkcaps.com\/"},{"@type":"ListItem","position":2,"name":"Products","item":"https:\/\/sumkcaps.com\/product\/"},{"@type":"ListItem","position":3,"name":"Wholesale Acrylic Wool Blank Plain Snapback Caps"}]},{"@type":"WebSite","@id":"https:\/\/sumkcaps.com\/#website","url":"https:\/\/sumkcaps.com\/","name":"Sumkcaps-China Original Kopfbedeckungen Hersteller und Lieferanten","description":"Wir sind China Cap And Hat Original Factory, deren Hauptgesch\u00e4ft ist es, benutzerdefinierte Kappe und Hut als Client &amp; #039; s LOGO. Jede Kappe Stil, jede Kappe Farbe, jede Menge, jedes Material und Menge ist kein Problem. In einem Wort, k\u00f6nnen alle kleinen Details als Ihre Anfrage angepasst werden.","publisher":{"@id":"https:\/\/sumkcaps.com\/#organization"},"potentialAction":[{"@type":"SearchAction","target":{"@type":"EntryPoint","urlTemplate":"https:\/\/sumkcaps.com\/?s={search_term_string}"},"query-input":{"@type":"PropertyValueSpecification","valueRequired":true,"valueName":"search_term_string"}}],"inLanguage":"de"},{"@type":"Organization","@id":"https:\/\/sumkcaps.com\/#organization","name":"Sumkcaps-China Original Kopfbedeckungen Hersteller und Lieferanten","url":"https:\/\/sumkcaps.com\/","logo":{"@type":"ImageObject","inLanguage":"de","@id":"https:\/\/sumkcaps.com\/#\/schema\/logo\/image\/","url":"https:\/\/sumkcaps.com\/wp-content\/uploads\/2025\/12\/1234.jpg","contentUrl":"https:\/\/sumkcaps.com\/wp-content\/uploads\/2025\/12\/1234.jpg","width":800,"height":800,"caption":"Sumkcaps-China Original Headwear Manufacturer and Suppliers"},"image":{"@id":"https:\/\/sumkcaps.com\/#\/schema\/logo\/image\/"},"sameAs":["https:\/\/www.facebook.com\/sumkcap","https:\/\/www.instagram.com\/sumkcaps7\/","https:\/\/www.pinterest.com\/sumkcapschina\/"]}]}},"taxonomy_info":{"product_cat":[{"value":42,"label":"Snapback Hats Wholesale"},{"value":950,"label":"Wool 5 Panel Hat Wholesale"}]},"featured_image_src_large":["https:\/\/sumkcaps.com\/wp-content\/uploads\/2022\/04\/Wholesale-Acrylic-Wool-Blank-Plain-Snapback-Caps1.webp",800,800,false],"author_info":[],"comment_info":"","_links":{"self":[{"href":"https:\/\/sumkcaps.com\/de\/wp-json\/wp\/v2\/product\/3298","targetHints":{"allow":["GET"]}}],"collection":[{"href":"https:\/\/sumkcaps.com\/de\/wp-json\/wp\/v2\/product"}],"about":[{"href":"https:\/\/sumkcaps.com\/de\/wp-json\/wp\/v2\/types\/product"}],"wp:featuredmedia":[{"embeddable":true,"href":"https:\/\/sumkcaps.com\/de\/wp-json\/wp\/v2\/media\/27418"}],"wp:attachment":[{"href":"https:\/\/sumkcaps.com\/de\/wp-json\/wp\/v2\/media?parent=3298"}],"wp:term":[{"taxonomy":"product_brand","embeddable":true,"href":"https:\/\/sumkcaps.com\/de\/wp-json\/wp\/v2\/product_brand?post=3298"},{"taxonomy":"product_cat","embeddable":true,"href":"https:\/\/sumkcaps.com\/de\/wp-json\/wp\/v2\/product_cat?post=3298"},{"taxonomy":"product_tag","embeddable":true,"href":"https:\/\/sumkcaps.com\/de\/wp-json\/wp\/v2\/product_tag?post=3298"}],"curies":[{"name":"wp","href":"https:\/\/api.w.org\/{rel}","templated":true}]}}