{"id":31710,"date":"2025-08-29T14:33:25","date_gmt":"2025-08-29T06:33:25","guid":{"rendered":"https:\/\/sumkcaps.com\/?post_type=product&#038;p=31710"},"modified":"2025-08-29T14:37:14","modified_gmt":"2025-08-29T06:37:14","slug":"black-performance-hat","status":"publish","type":"product","link":"https:\/\/sumkcaps.com\/de\/produkt\/schwarzer-performance-hut\/","title":{"rendered":"Schwarzer Performance-Hut"},"content":{"rendered":"<h2 data-start=\"108\" data-end=\"218\"><strong data-start=\"108\" data-end=\"115\">MOQ<\/strong><\/h2>\n<p data-start=\"108\" data-end=\"218\">Mindestbestellmenge von <strong data-start=\"144\" data-end=\"175\">200 St\u00fcck pro Design pro Farbe<\/strong>geeignet f\u00fcr Gro\u00df- und Zwischenhandelsbestellungen.<\/p>\n<h2 data-start=\"220\" data-end=\"323\"><strong data-start=\"220\" data-end=\"234\">Dekoration<\/strong><\/h2>\n<p data-start=\"220\" data-end=\"323\">Mit langlebigem <strong data-start=\"256\" data-end=\"272\">Gummipatch<\/strong>und bietet eine stilvolle und moderne Option f\u00fcr das Branding.<\/p>\n<h2 data-start=\"325\" data-end=\"430\"><strong data-start=\"325\" data-end=\"337\">Material<\/strong><\/h2>\n<p data-start=\"325\" data-end=\"430\">Gefertigt aus <strong data-start=\"353\" data-end=\"366\">Polyester<\/strong>und sorgt f\u00fcr leichten Komfort, Atmungsaktivit\u00e4t und Haltbarkeit.<\/p>\n<h2 data-start=\"432\" data-end=\"538\"><strong data-start=\"432\" data-end=\"441\">Farbe<\/strong><\/h2>\n<p data-start=\"432\" data-end=\"538\">Erh\u00e4ltlich in klassischer <strong data-start=\"465\" data-end=\"474\">schwarz<\/strong>und bietet ein elegantes und vielseitiges Erscheinungsbild f\u00fcr alle Gelegenheiten.<\/p>\n<h2 data-start=\"540\" data-end=\"676\"><strong data-start=\"540\" data-end=\"554\">Passform &amp; Gr\u00f6\u00dfe<\/strong><\/h2>\n<p data-start=\"540\" data-end=\"676\">Entworfen als <strong data-start=\"569\" data-end=\"598\">OSFM (One Size Fits Most)<\/strong>, passende Kopfgr\u00f6\u00dfen von <strong data-start=\"624\" data-end=\"638\">7 bis 7 3\/4<\/strong> mit einer bequemen, verstellbaren Passform.<\/p>\n<h2 data-start=\"678\" data-end=\"768\"><strong data-start=\"678\" data-end=\"687\">Visier<\/strong><\/h2>\n<p data-start=\"678\" data-end=\"768\">Kommt mit einer <strong data-start=\"703\" data-end=\"722\">vorgekr\u00fcmmte Krempe<\/strong>die sportlichen Stil mit Sonnenschutz verbindet.<\/p>\n<h2 data-start=\"770\" data-end=\"879\"><strong data-start=\"770\" data-end=\"781\">Dienst<\/strong><\/h2>\n<p data-start=\"770\" data-end=\"879\">Professionell <strong data-start=\"797\" data-end=\"819\">OEM- und ODM-Dienstleistungen<\/strong> zur Unterst\u00fctzung der Personalisierung und Markenentwicklung.<\/p>\n<h2 data-start=\"881\" data-end=\"992\"><strong data-start=\"881\" data-end=\"900\">Durchlaufzeit<\/strong><\/h2>\n<p data-start=\"881\" data-end=\"992\">Vorlaufzeit f\u00fcr Muster: <strong data-start=\"921\" data-end=\"941\">7-9 Arbeitstage<\/strong>.<br data-start=\"942\" data-end=\"945\" \/>Produktionsvorlaufzeit: <strong data-start=\"967\" data-end=\"989\">18-22 Arbeitstage<\/strong>.<\/p>","protected":false},"excerpt":{"rendered":"<p>Die <strong data-start=\"113\" data-end=\"138\">Schwarzer Performance-Hut<\/strong> ist so konzipiert, dass er sowohl Komfort als auch Stil bietet. Hergestellt aus hochwertigem <strong data-start=\"209\" data-end=\"222\">Polyester<\/strong>Sie bietet eine leichte, atmungsaktive und strapazierf\u00e4hige Konstruktion, die sich beim Training, bei Outdoor-Aktivit\u00e4ten oder im Alltag bew\u00e4hrt. Der Zusatz eines schlanken <strong data-start=\"381\" data-end=\"397\">Gummipatch<\/strong> Die Dekoration unterstreicht seine moderne Ausstrahlung und macht ihn zu einem vielseitigen Accessoire, das sportliche Funktionalit\u00e4t mit zeitgen\u00f6ssischer Mode verbindet. Perfekt f\u00fcr alle, die leistungsorientiertes Design mit einem klaren, urbanen Look sch\u00e4tzen.<\/p>","protected":false},"featured_media":31712,"template":"","meta":{"_acf_changed":false,"_kad_blocks_custom_css":"","_kad_blocks_head_custom_js":"","_kad_blocks_body_custom_js":"","_kad_blocks_footer_custom_js":""},"product_brand":[],"product_cat":[693,705],"product_tag":[],"class_list":{"0":"post-31710","1":"product","2":"type-product","3":"status-publish","4":"has-post-thumbnail","6":"product_cat-hat","7":"product_cat-performance-cap","9":"first","10":"outofstock","11":"shipping-taxable","12":"product-type-simple"},"acf":[],"yoast_head":"<!-- This site is optimized with the Yoast SEO Premium plugin v20.8 (Yoast SEO v25.9) - https:\/\/yoast.com\/wordpress\/plugins\/seo\/ -->\n<title>Black Performance Hat - Sumkcaps<\/title>\n<meta name=\"description\" content=\"The Black Performance Hat is made from durable polyester for a lightweight, breathable fit, finished with a sleek rubber patch for a modern touch.\" \/>\n<meta name=\"robots\" content=\"index, follow, max-snippet:-1, max-image-preview:large, max-video-preview:-1\" \/>\n<link rel=\"canonical\" href=\"https:\/\/sumkcaps.com\/de\/produkt\/schwarzer-performance-hut\/\" \/>\n<meta property=\"og:locale\" content=\"de_DE\" \/>\n<meta property=\"og:type\" content=\"article\" \/>\n<meta property=\"og:title\" content=\"Black Performance Hat - Sumkcaps\" \/>\n<meta property=\"og:description\" content=\"The Black Performance Hat is made from durable polyester for a lightweight, breathable fit, finished with a sleek rubber patch for a modern touch.\" \/>\n<meta property=\"og:url\" content=\"https:\/\/sumkcaps.com\/de\/produkt\/schwarzer-performance-hut\/\" \/>\n<meta property=\"og:site_name\" content=\"Sumkcaps-China Original Headwear Manufacturer and Suppliers\" \/>\n<meta property=\"article:publisher\" content=\"https:\/\/www.facebook.com\/sumkcap\" \/>\n<meta property=\"article:modified_time\" content=\"2025-08-29T06:37:14+00:00\" \/>\n<meta property=\"og:image\" content=\"https:\/\/sumkcaps.com\/wp-content\/uploads\/2025\/08\/performance-hat-2.png\" \/>\n\t<meta property=\"og:image:width\" content=\"800\" \/>\n\t<meta property=\"og:image:height\" content=\"800\" \/>\n\t<meta property=\"og:image:type\" content=\"image\/png\" \/>\n<meta name=\"twitter:card\" content=\"summary_large_image\" \/>\n<meta name=\"twitter:label1\" content=\"Gesch\u00e4tzte Lesezeit\" \/>\n\t<meta name=\"twitter:data1\" content=\"1\u00a0Minute\" \/>\n<script type=\"application\/ld+json\" class=\"yoast-schema-graph\">{\"@context\":\"https:\/\/schema.org\",\"@graph\":[{\"@type\":\"WebPage\",\"@id\":\"https:\/\/sumkcaps.com\/product\/black-performance-hat\/\",\"url\":\"https:\/\/sumkcaps.com\/product\/black-performance-hat\/\",\"name\":\"Black Performance Hat - Sumkcaps\",\"isPartOf\":{\"@id\":\"https:\/\/sumkcaps.com\/#website\"},\"primaryImageOfPage\":{\"@id\":\"https:\/\/sumkcaps.com\/product\/black-performance-hat\/#primaryimage\"},\"image\":{\"@id\":\"https:\/\/sumkcaps.com\/product\/black-performance-hat\/#primaryimage\"},\"thumbnailUrl\":\"https:\/\/sumkcaps.com\/wp-content\/uploads\/2025\/08\/performance-hat-2.png\",\"datePublished\":\"2025-08-29T06:33:25+00:00\",\"dateModified\":\"2025-08-29T06:37:14+00:00\",\"description\":\"The Black Performance Hat is made from durable polyester for a lightweight, breathable fit, finished with a sleek rubber patch for a modern touch.\",\"breadcrumb\":{\"@id\":\"https:\/\/sumkcaps.com\/product\/black-performance-hat\/#breadcrumb\"},\"inLanguage\":\"de\",\"potentialAction\":[{\"@type\":\"ReadAction\",\"target\":[\"https:\/\/sumkcaps.com\/product\/black-performance-hat\/\"]}]},{\"@type\":\"ImageObject\",\"inLanguage\":\"de\",\"@id\":\"https:\/\/sumkcaps.com\/product\/black-performance-hat\/#primaryimage\",\"url\":\"https:\/\/sumkcaps.com\/wp-content\/uploads\/2025\/08\/performance-hat-2.png\",\"contentUrl\":\"https:\/\/sumkcaps.com\/wp-content\/uploads\/2025\/08\/performance-hat-2.png\",\"width\":1000,\"height\":1000,\"caption\":\"black performance hat\"},{\"@type\":\"BreadcrumbList\",\"@id\":\"https:\/\/sumkcaps.com\/product\/black-performance-hat\/#breadcrumb\",\"itemListElement\":[{\"@type\":\"ListItem\",\"position\":1,\"name\":\"Home\",\"item\":\"https:\/\/sumkcaps.com\/\"},{\"@type\":\"ListItem\",\"position\":2,\"name\":\"Products\",\"item\":\"https:\/\/sumkcaps.com\/product\/\"},{\"@type\":\"ListItem\",\"position\":3,\"name\":\"Black Performance Hat\"}]},{\"@type\":\"WebSite\",\"@id\":\"https:\/\/sumkcaps.com\/#website\",\"url\":\"https:\/\/sumkcaps.com\/\",\"name\":\"Sumkcaps-China Original Headwear Manufacturer and Suppliers\",\"description\":\"We are China Cap And Hat Original Factory, whose main business is to custom cap and hat as client&#039;s LOGO. Any cap style, any cap color, any qty, any material and qty is no problem. In one words, any small details can be customized as your request.\",\"publisher\":{\"@id\":\"https:\/\/sumkcaps.com\/#organization\"},\"potentialAction\":[{\"@type\":\"SearchAction\",\"target\":{\"@type\":\"EntryPoint\",\"urlTemplate\":\"https:\/\/sumkcaps.com\/?s={search_term_string}\"},\"query-input\":{\"@type\":\"PropertyValueSpecification\",\"valueRequired\":true,\"valueName\":\"search_term_string\"}}],\"inLanguage\":\"de\"},{\"@type\":\"Organization\",\"@id\":\"https:\/\/sumkcaps.com\/#organization\",\"name\":\"Sumkcaps-China Original Headwear Manufacturer and Suppliers\",\"url\":\"https:\/\/sumkcaps.com\/\",\"logo\":{\"@type\":\"ImageObject\",\"inLanguage\":\"de\",\"@id\":\"https:\/\/sumkcaps.com\/#\/schema\/logo\/image\/\",\"url\":\"https:\/\/sumkcaps.com\/wp-content\/uploads\/2025\/12\/1234.jpg\",\"contentUrl\":\"https:\/\/sumkcaps.com\/wp-content\/uploads\/2025\/12\/1234.jpg\",\"width\":800,\"height\":800,\"caption\":\"Sumkcaps-China Original Headwear Manufacturer and Suppliers\"},\"image\":{\"@id\":\"https:\/\/sumkcaps.com\/#\/schema\/logo\/image\/\"},\"sameAs\":[\"https:\/\/www.facebook.com\/sumkcap\",\"https:\/\/www.instagram.com\/sumkcaps7\/\",\"https:\/\/www.pinterest.com\/sumkcapschina\/\"]}]}<\/script>\n<!-- \/ Yoast SEO Premium plugin. -->","yoast_head_json":{"title":"Schwarzer Performance-Hut - Sumkcaps","description":"Der Black Performance Hat besteht aus strapazierf\u00e4higem Polyester f\u00fcr eine leichte, atmungsaktive Passform und ist mit einem eleganten Gummipatch f\u00fcr einen modernen Touch versehen.","robots":{"index":"index","follow":"follow","max-snippet":"max-snippet:-1","max-image-preview":"max-image-preview:large","max-video-preview":"max-video-preview:-1"},"canonical":"https:\/\/sumkcaps.com\/de\/produkt\/schwarzer-performance-hut\/","og_locale":"de_DE","og_type":"article","og_title":"Black Performance Hat - Sumkcaps","og_description":"The Black Performance Hat is made from durable polyester for a lightweight, breathable fit, finished with a sleek rubber patch for a modern touch.","og_url":"https:\/\/sumkcaps.com\/de\/produkt\/schwarzer-performance-hut\/","og_site_name":"Sumkcaps-China Original Headwear Manufacturer and Suppliers","article_publisher":"https:\/\/www.facebook.com\/sumkcap","article_modified_time":"2025-08-29T06:37:14+00:00","og_image":[{"url":"https:\/\/sumkcaps.com\/wp-content\/uploads\/2025\/08\/performance-hat-2.png","width":800,"height":800,"type":"image\/png"}],"twitter_card":"summary_large_image","twitter_misc":{"Gesch\u00e4tzte Lesezeit":"1\u00a0Minute"},"schema":{"@context":"https:\/\/schema.org","@graph":[{"@type":"WebPage","@id":"https:\/\/sumkcaps.com\/product\/black-performance-hat\/","url":"https:\/\/sumkcaps.com\/product\/black-performance-hat\/","name":"Schwarzer Performance-Hut - Sumkcaps","isPartOf":{"@id":"https:\/\/sumkcaps.com\/#website"},"primaryImageOfPage":{"@id":"https:\/\/sumkcaps.com\/product\/black-performance-hat\/#primaryimage"},"image":{"@id":"https:\/\/sumkcaps.com\/product\/black-performance-hat\/#primaryimage"},"thumbnailUrl":"https:\/\/sumkcaps.com\/wp-content\/uploads\/2025\/08\/performance-hat-2.png","datePublished":"2025-08-29T06:33:25+00:00","dateModified":"2025-08-29T06:37:14+00:00","description":"Der Black Performance Hat besteht aus strapazierf\u00e4higem Polyester f\u00fcr eine leichte, atmungsaktive Passform und ist mit einem eleganten Gummipatch f\u00fcr einen modernen Touch versehen.","breadcrumb":{"@id":"https:\/\/sumkcaps.com\/product\/black-performance-hat\/#breadcrumb"},"inLanguage":"de","potentialAction":[{"@type":"ReadAction","target":["https:\/\/sumkcaps.com\/product\/black-performance-hat\/"]}]},{"@type":"ImageObject","inLanguage":"de","@id":"https:\/\/sumkcaps.com\/product\/black-performance-hat\/#primaryimage","url":"https:\/\/sumkcaps.com\/wp-content\/uploads\/2025\/08\/performance-hat-2.png","contentUrl":"https:\/\/sumkcaps.com\/wp-content\/uploads\/2025\/08\/performance-hat-2.png","width":1000,"height":1000,"caption":"black performance hat"},{"@type":"BreadcrumbList","@id":"https:\/\/sumkcaps.com\/product\/black-performance-hat\/#breadcrumb","itemListElement":[{"@type":"ListItem","position":1,"name":"Home","item":"https:\/\/sumkcaps.com\/"},{"@type":"ListItem","position":2,"name":"Products","item":"https:\/\/sumkcaps.com\/product\/"},{"@type":"ListItem","position":3,"name":"Black Performance Hat"}]},{"@type":"WebSite","@id":"https:\/\/sumkcaps.com\/#website","url":"https:\/\/sumkcaps.com\/","name":"Sumkcaps-China Original Kopfbedeckungen Hersteller und Lieferanten","description":"Wir sind China Cap And Hat Original Factory, deren Hauptgesch\u00e4ft ist es, benutzerdefinierte Kappe und Hut als Client &amp; #039; s LOGO. Jede Kappe Stil, jede Kappe Farbe, jede Menge, jedes Material und Menge ist kein Problem. In einem Wort, k\u00f6nnen alle kleinen Details als Ihre Anfrage angepasst werden.","publisher":{"@id":"https:\/\/sumkcaps.com\/#organization"},"potentialAction":[{"@type":"SearchAction","target":{"@type":"EntryPoint","urlTemplate":"https:\/\/sumkcaps.com\/?s={search_term_string}"},"query-input":{"@type":"PropertyValueSpecification","valueRequired":true,"valueName":"search_term_string"}}],"inLanguage":"de"},{"@type":"Organization","@id":"https:\/\/sumkcaps.com\/#organization","name":"Sumkcaps-China Original Kopfbedeckungen Hersteller und Lieferanten","url":"https:\/\/sumkcaps.com\/","logo":{"@type":"ImageObject","inLanguage":"de","@id":"https:\/\/sumkcaps.com\/#\/schema\/logo\/image\/","url":"https:\/\/sumkcaps.com\/wp-content\/uploads\/2025\/12\/1234.jpg","contentUrl":"https:\/\/sumkcaps.com\/wp-content\/uploads\/2025\/12\/1234.jpg","width":800,"height":800,"caption":"Sumkcaps-China Original Headwear Manufacturer and Suppliers"},"image":{"@id":"https:\/\/sumkcaps.com\/#\/schema\/logo\/image\/"},"sameAs":["https:\/\/www.facebook.com\/sumkcap","https:\/\/www.instagram.com\/sumkcaps7\/","https:\/\/www.pinterest.com\/sumkcapschina\/"]}]}},"taxonomy_info":{"product_cat":[{"value":693,"label":"Hat"},{"value":705,"label":"Performance Hats Wholesale"}]},"featured_image_src_large":["https:\/\/sumkcaps.com\/wp-content\/uploads\/2025\/08\/performance-hat-2.png",800,800,false],"author_info":[],"comment_info":"","_links":{"self":[{"href":"https:\/\/sumkcaps.com\/de\/wp-json\/wp\/v2\/product\/31710","targetHints":{"allow":["GET"]}}],"collection":[{"href":"https:\/\/sumkcaps.com\/de\/wp-json\/wp\/v2\/product"}],"about":[{"href":"https:\/\/sumkcaps.com\/de\/wp-json\/wp\/v2\/types\/product"}],"wp:featuredmedia":[{"embeddable":true,"href":"https:\/\/sumkcaps.com\/de\/wp-json\/wp\/v2\/media\/31712"}],"wp:attachment":[{"href":"https:\/\/sumkcaps.com\/de\/wp-json\/wp\/v2\/media?parent=31710"}],"wp:term":[{"taxonomy":"product_brand","embeddable":true,"href":"https:\/\/sumkcaps.com\/de\/wp-json\/wp\/v2\/product_brand?post=31710"},{"taxonomy":"product_cat","embeddable":true,"href":"https:\/\/sumkcaps.com\/de\/wp-json\/wp\/v2\/product_cat?post=31710"},{"taxonomy":"product_tag","embeddable":true,"href":"https:\/\/sumkcaps.com\/de\/wp-json\/wp\/v2\/product_tag?post=31710"}],"curies":[{"name":"wp","href":"https:\/\/api.w.org\/{rel}","templated":true}]}}