{"id":23885,"date":"2023-09-13T20:59:16","date_gmt":"2023-09-13T12:59:16","guid":{"rendered":"https:\/\/sumkcaps.com\/?post_type=product&#038;p=23885"},"modified":"2026-01-12T11:10:47","modified_gmt":"2026-01-12T03:10:47","slug":"sumkcaps-5-panel-3d-embroidery-canvas-trucker-hats","status":"publish","type":"product","link":"https:\/\/sumkcaps.com\/de\/produkt\/sumkcaps-5-panel-3d-stickerei-leinwand-trucker-hute\/","title":{"rendered":"5 Panel 3D Stickerei Canvas Trucker H\u00fcte Gro\u00dfhandel"},"content":{"rendered":"<h3 data-start=\"86\" data-end=\"118\">Dekoration<\/h3>\n<p data-start=\"119\" data-end=\"490\">Diese Trucker-H\u00fcte verf\u00fcgen \u00fcber eine hochwertige 3D-Stickerei, die Ihren Designs Tiefe und Struktur verleiht. Die erhabenen N\u00e4hte sorgen daf\u00fcr, dass Logos, Texte oder Grafiken hervorstechen und ein professionelles und auff\u00e4lliges Finish liefern. Die Stickerei eignet sich perfekt f\u00fcr Branding, Mannschaftsartikel oder Modekollektionen und erh\u00f6ht die visuelle Attraktivit\u00e4t bei gleichzeitiger Haltbarkeit durch langes Tragen.<\/p>\n<h3 data-start=\"497\" data-end=\"520\">Material<\/h3>\n<p data-start=\"521\" data-end=\"899\">Diese H\u00fcte aus hochwertigem Segeltuch sind langlebig, atmungsaktiv und f\u00fcr den t\u00e4glichen Gebrauch geeignet. Der robuste Stoff ist formstabil und bietet auch bei l\u00e4ngerem Gebrauch einen angenehmen Tragekomfort. Segeltuch bietet au\u00dferdem eine ideale Oberfl\u00e4che f\u00fcr 3D-Stickereien, damit Ihre Motive lange scharf und lebendig bleiben. Diese H\u00fcte sind sowohl praktisch als auch stilvoll f\u00fcr Freizeit- und Outdoor-Aktivit\u00e4ten.<\/p>\n<h3 data-start=\"906\" data-end=\"937\">Farbe<\/h3>\n<p data-start=\"938\" data-end=\"1291\">Diese Trucker-H\u00fcte sind in klassischem Schwarz oder in vollst\u00e4ndig anpassbaren Farben erh\u00e4ltlich, die zu Ihrer Marke oder Ihren Designvorstellungen passen. Ganz gleich, ob Sie kr\u00e4ftige T\u00f6ne, subtile Schattierungen oder einzigartige Muster bevorzugen, mit den individuellen Farboptionen k\u00f6nnen Sie ganz einfach eine unverwechselbare Produktlinie erstellen. Diese Flexibilit\u00e4t ist perfekt f\u00fcr Modemarken, Werbekampagnen und personalisierte Gro\u00dfhandelsbestellungen.<\/p>\n<h3 data-start=\"1298\" data-end=\"1333\">Passform &amp; Gr\u00f6\u00dfe<\/h3>\n<p data-start=\"1334\" data-end=\"1655\">Mit dem One Size Fits Most-Design passen diese Trucker-H\u00fcte bequem auf Kopfgr\u00f6\u00dfen von 7 bis 7 3\/4. Die strukturierte 5-Panel-Konstruktion gew\u00e4hrleistet einen sicheren und dennoch bequemen Sitz f\u00fcr die meisten Tr\u00e4ger. Die OSFM-Gr\u00f6\u00dfe vereinfacht die Bestandsverwaltung und macht die H\u00fcte ideal f\u00fcr den Gro\u00dfhandel, den Einzelhandel oder den Vertrieb von Werbeartikeln.<\/p>\n<h3 data-start=\"1662\" data-end=\"1686\">Visier<\/h3>\n<p data-start=\"1687\" data-end=\"2012\">Das vorgeformte Visier bietet eine klassische, bequeme Passform und bietet gleichzeitig Sonnenschutz und ein elegantes Aussehen. Das vorgeformte Design h\u00e4lt die Form aufrecht, sodass keine Anpassungen erforderlich sind und ein einheitlicher Stil gew\u00e4hrleistet ist. Dieses Merkmal verleiht der M\u00fctze ein professionelles Finish und erg\u00e4nzt gleichzeitig l\u00e4ssige, sportliche oder Streetwear-Looks.<\/p>\n<h3 data-start=\"2019\" data-end=\"2044\">Dienst<\/h3>\n<p data-start=\"2045\" data-end=\"2379\">Diese H\u00fcte unterst\u00fctzen sowohl OEM- als auch ODM-Services und erm\u00f6glichen die vollst\u00e4ndige Anpassung von Stickereien, Farben, Paneelen und Markenelementen. Ob bei der Herstellung von Eigenmarken oder der Entwicklung einzigartiger Modekollektionen, diese Dienstleistungen bieten Flexibilit\u00e4t, Qualit\u00e4tssicherung und professionelle Produktionsanleitung f\u00fcr Ihre Gro\u00dfhandelsauftr\u00e4ge.<\/p>\n<h3 data-start=\"2386\" data-end=\"2407\">Durchlaufzeit<\/h3>\n<p data-start=\"2408\" data-end=\"2700\" data-is-last-node=\"\" data-is-only-node=\"\">Die Musterproduktion dauert in der Regel 7-9 Arbeitstage bis zur Genehmigung des Designs. Nach der Best\u00e4tigung wird die Massenproduktion innerhalb von 18-22 Arbeitstagen abgeschlossen. Dieser effiziente Zeitplan gew\u00e4hrleistet eine rechtzeitige Lieferung f\u00fcr Gro\u00dfbestellungen, saisonale Ver\u00f6ffentlichungen oder Werbekampagnen ohne Kompromisse bei der Qualit\u00e4t oder den Details.<\/p>","protected":false},"excerpt":{"rendered":"<p>Diese stilvolle Camo Trucker Hut mit benutzerdefinierten Stickerei ist perfekt f\u00fcr Outdoor-Enthusiasten und l\u00e4ssige Veranstaltungen. Ideal f\u00fcr Gro\u00dfhandelsk\u00e4ufe, damit Sie die besten Preise und die beste Qualit\u00e4t erhalten. Bestellen Sie jetzt und genie\u00dfen Sie Premium-Rabatte auf Gro\u00dfbestellungen<\/p>","protected":false},"featured_media":23886,"template":"","meta":{"_acf_changed":false,"_kad_blocks_custom_css":"","_kad_blocks_head_custom_js":"","_kad_blocks_body_custom_js":"","_kad_blocks_footer_custom_js":""},"product_brand":[],"product_cat":[693,971,942,943],"product_tag":[],"class_list":{"0":"post-23885","1":"product","2":"type-product","3":"status-publish","4":"has-post-thumbnail","6":"product_cat-hat","7":"product_cat-custom-embroidery-trucker-hats-wholesale","8":"product_cat-5-panel-trucker-hat","9":"product_cat-custom-embroidered-5-panel-hats","11":"first","12":"outofstock","13":"shipping-taxable","14":"product-type-simple"},"acf":[],"yoast_head":"<!-- This site is optimized with the Yoast SEO Premium plugin v20.8 (Yoast SEO v25.9) - https:\/\/yoast.com\/wordpress\/plugins\/seo\/ -->\n<title>Custom Embroidery Patch Camo Trucker Hat Wholesale<\/title>\n<meta name=\"description\" content=\"Custom Embroidery Patch Camo Trucker Hat\u2014wholesale-ready with durable materials, adjustable fit, and customizable logos for any occasion.\" \/>\n<meta name=\"robots\" content=\"index, follow, max-snippet:-1, max-image-preview:large, max-video-preview:-1\" \/>\n<link rel=\"canonical\" href=\"https:\/\/sumkcaps.com\/de\/produkt\/sumkcaps-5-panel-3d-stickerei-leinwand-trucker-hute\/\" \/>\n<meta property=\"og:locale\" content=\"de_DE\" \/>\n<meta property=\"og:type\" content=\"article\" \/>\n<meta property=\"og:title\" content=\"Custom 5 Panel 3D Logo Canvas Trucker Hats | Sumkcaps\" \/>\n<meta property=\"og:description\" content=\"High Quality China Custom Headwear Manufacturer. Top Quality Products At Best Prices. Add Your Logo or Custom Design Online. Expert Service. Bulk Discount.\" \/>\n<meta property=\"og:url\" content=\"https:\/\/sumkcaps.com\/de\/produkt\/sumkcaps-5-panel-3d-stickerei-leinwand-trucker-hute\/\" \/>\n<meta property=\"og:site_name\" content=\"Sumkcaps-China Original Headwear Manufacturer and Suppliers\" \/>\n<meta property=\"article:publisher\" content=\"https:\/\/www.facebook.com\/sumkcap\" \/>\n<meta property=\"article:modified_time\" content=\"2026-01-12T03:10:47+00:00\" \/>\n<meta property=\"og:image\" content=\"https:\/\/sumkcaps.com\/wp-content\/uploads\/2023\/09\/sumkcaps-5-panel-canvas-trucker-hats-1.jpg\" \/>\n\t<meta property=\"og:image:width\" content=\"750\" \/>\n\t<meta property=\"og:image:height\" content=\"750\" \/>\n\t<meta property=\"og:image:type\" content=\"image\/jpeg\" \/>\n<meta name=\"twitter:card\" content=\"summary_large_image\" \/>\n<meta name=\"twitter:title\" content=\"Custom 5 Panel 3D Logo Canvas Trucker Hats | Sumkcaps\" \/>\n<meta name=\"twitter:description\" content=\"High Quality China Custom Headwear Manufacturer. Top Quality Products At Best Prices. Add Your Logo or Custom Design Online. Expert Service. Bulk Discount.\" \/>\n<meta name=\"twitter:label1\" content=\"Gesch\u00e4tzte Lesezeit\" \/>\n\t<meta name=\"twitter:data1\" content=\"2\u00a0Minuten\" \/>\n<script type=\"application\/ld+json\" class=\"yoast-schema-graph\">{\"@context\":\"https:\/\/schema.org\",\"@graph\":[{\"@type\":\"WebPage\",\"@id\":\"https:\/\/sumkcaps.com\/product\/sumkcaps-5-panel-3d-embroidery-canvas-trucker-hats\/\",\"url\":\"https:\/\/sumkcaps.com\/product\/sumkcaps-5-panel-3d-embroidery-canvas-trucker-hats\/\",\"name\":\"Custom Embroidery Patch Camo Trucker Hat Wholesale\",\"isPartOf\":{\"@id\":\"https:\/\/sumkcaps.com\/#website\"},\"primaryImageOfPage\":{\"@id\":\"https:\/\/sumkcaps.com\/product\/sumkcaps-5-panel-3d-embroidery-canvas-trucker-hats\/#primaryimage\"},\"image\":{\"@id\":\"https:\/\/sumkcaps.com\/product\/sumkcaps-5-panel-3d-embroidery-canvas-trucker-hats\/#primaryimage\"},\"thumbnailUrl\":\"https:\/\/sumkcaps.com\/wp-content\/uploads\/2023\/09\/sumkcaps-5-panel-canvas-trucker-hats-1.jpg\",\"datePublished\":\"2023-09-13T12:59:16+00:00\",\"dateModified\":\"2026-01-12T03:10:47+00:00\",\"description\":\"Custom Embroidery Patch Camo Trucker Hat\u2014wholesale-ready with durable materials, adjustable fit, and customizable logos for any occasion.\",\"breadcrumb\":{\"@id\":\"https:\/\/sumkcaps.com\/product\/sumkcaps-5-panel-3d-embroidery-canvas-trucker-hats\/#breadcrumb\"},\"inLanguage\":\"de\",\"potentialAction\":[{\"@type\":\"ReadAction\",\"target\":[\"https:\/\/sumkcaps.com\/product\/sumkcaps-5-panel-3d-embroidery-canvas-trucker-hats\/\"]}]},{\"@type\":\"ImageObject\",\"inLanguage\":\"de\",\"@id\":\"https:\/\/sumkcaps.com\/product\/sumkcaps-5-panel-3d-embroidery-canvas-trucker-hats\/#primaryimage\",\"url\":\"https:\/\/sumkcaps.com\/wp-content\/uploads\/2023\/09\/sumkcaps-5-panel-canvas-trucker-hats-1.jpg\",\"contentUrl\":\"https:\/\/sumkcaps.com\/wp-content\/uploads\/2023\/09\/sumkcaps-5-panel-canvas-trucker-hats-1.jpg\",\"width\":750,\"height\":750,\"caption\":\"Sumkcaps 5 Panel Canvas Trucker Hats 1\"},{\"@type\":\"BreadcrumbList\",\"@id\":\"https:\/\/sumkcaps.com\/product\/sumkcaps-5-panel-3d-embroidery-canvas-trucker-hats\/#breadcrumb\",\"itemListElement\":[{\"@type\":\"ListItem\",\"position\":1,\"name\":\"Home\",\"item\":\"https:\/\/sumkcaps.com\/\"},{\"@type\":\"ListItem\",\"position\":2,\"name\":\"Products\",\"item\":\"https:\/\/sumkcaps.com\/product\/\"},{\"@type\":\"ListItem\",\"position\":3,\"name\":\"5 Panel 3D Embroidery Canvas Trucker Hats Wholesale\"}]},{\"@type\":\"WebSite\",\"@id\":\"https:\/\/sumkcaps.com\/#website\",\"url\":\"https:\/\/sumkcaps.com\/\",\"name\":\"Sumkcaps-China Original Headwear Manufacturer and Suppliers\",\"description\":\"We are China Cap And Hat Original Factory, whose main business is to custom cap and hat as client&#039;s LOGO. Any cap style, any cap color, any qty, any material and qty is no problem. In one words, any small details can be customized as your request.\",\"publisher\":{\"@id\":\"https:\/\/sumkcaps.com\/#organization\"},\"potentialAction\":[{\"@type\":\"SearchAction\",\"target\":{\"@type\":\"EntryPoint\",\"urlTemplate\":\"https:\/\/sumkcaps.com\/?s={search_term_string}\"},\"query-input\":{\"@type\":\"PropertyValueSpecification\",\"valueRequired\":true,\"valueName\":\"search_term_string\"}}],\"inLanguage\":\"de\"},{\"@type\":\"Organization\",\"@id\":\"https:\/\/sumkcaps.com\/#organization\",\"name\":\"Sumkcaps-China Original Headwear Manufacturer and Suppliers\",\"url\":\"https:\/\/sumkcaps.com\/\",\"logo\":{\"@type\":\"ImageObject\",\"inLanguage\":\"de\",\"@id\":\"https:\/\/sumkcaps.com\/#\/schema\/logo\/image\/\",\"url\":\"https:\/\/sumkcaps.com\/wp-content\/uploads\/2025\/12\/1234.jpg\",\"contentUrl\":\"https:\/\/sumkcaps.com\/wp-content\/uploads\/2025\/12\/1234.jpg\",\"width\":800,\"height\":800,\"caption\":\"Sumkcaps-China Original Headwear Manufacturer and Suppliers\"},\"image\":{\"@id\":\"https:\/\/sumkcaps.com\/#\/schema\/logo\/image\/\"},\"sameAs\":[\"https:\/\/www.facebook.com\/sumkcap\",\"https:\/\/www.instagram.com\/sumkcaps7\/\",\"https:\/\/www.pinterest.com\/sumkcapschina\/\"]}]}<\/script>\n<!-- \/ Yoast SEO Premium plugin. -->","yoast_head_json":{"title":"Benutzerdefinierte Stickerei Patch Camo Trucker Hut Gro\u00dfhandel","description":"Custom Embroidery Patch Camo Trucker Hat-Gro\u00dfhandelstauglich mit langlebigen Materialien, verstellbarer Passform und anpassbaren Logos f\u00fcr jede Gelegenheit.","robots":{"index":"index","follow":"follow","max-snippet":"max-snippet:-1","max-image-preview":"max-image-preview:large","max-video-preview":"max-video-preview:-1"},"canonical":"https:\/\/sumkcaps.com\/de\/produkt\/sumkcaps-5-panel-3d-stickerei-leinwand-trucker-hute\/","og_locale":"de_DE","og_type":"article","og_title":"Custom 5 Panel 3D Logo Canvas Trucker Hats | Sumkcaps","og_description":"High Quality China Custom Headwear Manufacturer. Top Quality Products At Best Prices. Add Your Logo or Custom Design Online. Expert Service. Bulk Discount.","og_url":"https:\/\/sumkcaps.com\/de\/produkt\/sumkcaps-5-panel-3d-stickerei-leinwand-trucker-hute\/","og_site_name":"Sumkcaps-China Original Headwear Manufacturer and Suppliers","article_publisher":"https:\/\/www.facebook.com\/sumkcap","article_modified_time":"2026-01-12T03:10:47+00:00","og_image":[{"width":750,"height":750,"url":"https:\/\/sumkcaps.com\/wp-content\/uploads\/2023\/09\/sumkcaps-5-panel-canvas-trucker-hats-1.jpg","type":"image\/jpeg"}],"twitter_card":"summary_large_image","twitter_title":"Custom 5 Panel 3D Logo Canvas Trucker Hats | Sumkcaps","twitter_description":"High Quality China Custom Headwear Manufacturer. Top Quality Products At Best Prices. Add Your Logo or Custom Design Online. Expert Service. Bulk Discount.","twitter_misc":{"Gesch\u00e4tzte Lesezeit":"2\u00a0Minuten"},"schema":{"@context":"https:\/\/schema.org","@graph":[{"@type":"WebPage","@id":"https:\/\/sumkcaps.com\/product\/sumkcaps-5-panel-3d-embroidery-canvas-trucker-hats\/","url":"https:\/\/sumkcaps.com\/product\/sumkcaps-5-panel-3d-embroidery-canvas-trucker-hats\/","name":"Benutzerdefinierte Stickerei Patch Camo Trucker Hut Gro\u00dfhandel","isPartOf":{"@id":"https:\/\/sumkcaps.com\/#website"},"primaryImageOfPage":{"@id":"https:\/\/sumkcaps.com\/product\/sumkcaps-5-panel-3d-embroidery-canvas-trucker-hats\/#primaryimage"},"image":{"@id":"https:\/\/sumkcaps.com\/product\/sumkcaps-5-panel-3d-embroidery-canvas-trucker-hats\/#primaryimage"},"thumbnailUrl":"https:\/\/sumkcaps.com\/wp-content\/uploads\/2023\/09\/sumkcaps-5-panel-canvas-trucker-hats-1.jpg","datePublished":"2023-09-13T12:59:16+00:00","dateModified":"2026-01-12T03:10:47+00:00","description":"Custom Embroidery Patch Camo Trucker Hat-Gro\u00dfhandelstauglich mit langlebigen Materialien, verstellbarer Passform und anpassbaren Logos f\u00fcr jede Gelegenheit.","breadcrumb":{"@id":"https:\/\/sumkcaps.com\/product\/sumkcaps-5-panel-3d-embroidery-canvas-trucker-hats\/#breadcrumb"},"inLanguage":"de","potentialAction":[{"@type":"ReadAction","target":["https:\/\/sumkcaps.com\/product\/sumkcaps-5-panel-3d-embroidery-canvas-trucker-hats\/"]}]},{"@type":"ImageObject","inLanguage":"de","@id":"https:\/\/sumkcaps.com\/product\/sumkcaps-5-panel-3d-embroidery-canvas-trucker-hats\/#primaryimage","url":"https:\/\/sumkcaps.com\/wp-content\/uploads\/2023\/09\/sumkcaps-5-panel-canvas-trucker-hats-1.jpg","contentUrl":"https:\/\/sumkcaps.com\/wp-content\/uploads\/2023\/09\/sumkcaps-5-panel-canvas-trucker-hats-1.jpg","width":750,"height":750,"caption":"Sumkcaps 5 Panel Canvas Trucker Hats 1"},{"@type":"BreadcrumbList","@id":"https:\/\/sumkcaps.com\/product\/sumkcaps-5-panel-3d-embroidery-canvas-trucker-hats\/#breadcrumb","itemListElement":[{"@type":"ListItem","position":1,"name":"Home","item":"https:\/\/sumkcaps.com\/"},{"@type":"ListItem","position":2,"name":"Products","item":"https:\/\/sumkcaps.com\/product\/"},{"@type":"ListItem","position":3,"name":"5 Panel 3D Embroidery Canvas Trucker Hats Wholesale"}]},{"@type":"WebSite","@id":"https:\/\/sumkcaps.com\/#website","url":"https:\/\/sumkcaps.com\/","name":"Sumkcaps-China Original Kopfbedeckungen Hersteller und Lieferanten","description":"Wir sind China Cap And Hat Original Factory, deren Hauptgesch\u00e4ft ist es, benutzerdefinierte Kappe und Hut als Client &amp; #039; s LOGO. Jede Kappe Stil, jede Kappe Farbe, jede Menge, jedes Material und Menge ist kein Problem. In einem Wort, k\u00f6nnen alle kleinen Details als Ihre Anfrage angepasst werden.","publisher":{"@id":"https:\/\/sumkcaps.com\/#organization"},"potentialAction":[{"@type":"SearchAction","target":{"@type":"EntryPoint","urlTemplate":"https:\/\/sumkcaps.com\/?s={search_term_string}"},"query-input":{"@type":"PropertyValueSpecification","valueRequired":true,"valueName":"search_term_string"}}],"inLanguage":"de"},{"@type":"Organization","@id":"https:\/\/sumkcaps.com\/#organization","name":"Sumkcaps-China Original Kopfbedeckungen Hersteller und Lieferanten","url":"https:\/\/sumkcaps.com\/","logo":{"@type":"ImageObject","inLanguage":"de","@id":"https:\/\/sumkcaps.com\/#\/schema\/logo\/image\/","url":"https:\/\/sumkcaps.com\/wp-content\/uploads\/2025\/12\/1234.jpg","contentUrl":"https:\/\/sumkcaps.com\/wp-content\/uploads\/2025\/12\/1234.jpg","width":800,"height":800,"caption":"Sumkcaps-China Original Headwear Manufacturer and Suppliers"},"image":{"@id":"https:\/\/sumkcaps.com\/#\/schema\/logo\/image\/"},"sameAs":["https:\/\/www.facebook.com\/sumkcap","https:\/\/www.instagram.com\/sumkcaps7\/","https:\/\/www.pinterest.com\/sumkcapschina\/"]}]}},"taxonomy_info":{"product_cat":[{"value":693,"label":"Hat"},{"value":971,"label":"Embroidery Trucker Hats Wholesale"},{"value":942,"label":"5 Panel Trucker Hat"},{"value":943,"label":"Custom Embroidered 5 Panel Hats"}]},"featured_image_src_large":["https:\/\/sumkcaps.com\/wp-content\/uploads\/2023\/09\/sumkcaps-5-panel-canvas-trucker-hats-1.jpg",750,750,false],"author_info":[],"comment_info":"","_links":{"self":[{"href":"https:\/\/sumkcaps.com\/de\/wp-json\/wp\/v2\/product\/23885","targetHints":{"allow":["GET"]}}],"collection":[{"href":"https:\/\/sumkcaps.com\/de\/wp-json\/wp\/v2\/product"}],"about":[{"href":"https:\/\/sumkcaps.com\/de\/wp-json\/wp\/v2\/types\/product"}],"wp:featuredmedia":[{"embeddable":true,"href":"https:\/\/sumkcaps.com\/de\/wp-json\/wp\/v2\/media\/23886"}],"wp:attachment":[{"href":"https:\/\/sumkcaps.com\/de\/wp-json\/wp\/v2\/media?parent=23885"}],"wp:term":[{"taxonomy":"product_brand","embeddable":true,"href":"https:\/\/sumkcaps.com\/de\/wp-json\/wp\/v2\/product_brand?post=23885"},{"taxonomy":"product_cat","embeddable":true,"href":"https:\/\/sumkcaps.com\/de\/wp-json\/wp\/v2\/product_cat?post=23885"},{"taxonomy":"product_tag","embeddable":true,"href":"https:\/\/sumkcaps.com\/de\/wp-json\/wp\/v2\/product_tag?post=23885"}],"curies":[{"name":"wp","href":"https:\/\/api.w.org\/{rel}","templated":true}]}}