{"id":19870,"date":"2022-11-11T09:20:00","date_gmt":"2022-11-11T01:20:00","guid":{"rendered":"https:\/\/sumkcaps.com\/?post_type=product&#038;p=19870"},"modified":"2026-01-22T09:35:12","modified_gmt":"2026-01-22T01:35:12","slug":"sufox-231278-custom-seven-panel-rubber-patch-snapback-cap","status":"publish","type":"product","link":"https:\/\/sumkcaps.com\/de\/produkt\/sufox-231278-benutzerdefinierte-sieben-panel-gummi-patch-snapback-cap\/","title":{"rendered":"Sumkcaps 231278 Benutzerdefinierte sieben Panel Gummi Patch Snapback Cap"},"content":{"rendered":"<h3 data-start=\"66\" data-end=\"400\"><strong data-start=\"66\" data-end=\"80\">Dekoration<\/strong><\/h3>\n<p data-start=\"66\" data-end=\"400\">Diese Snapback-Kappe mit sieben Feldern verf\u00fcgt \u00fcber einen vollst\u00e4ndig anpassbaren Gummi-Aufn\u00e4her, der eine moderne, haltbare und auff\u00e4llige Branding-L\u00f6sung bietet. Gummiaufn\u00e4her bieten einen sauberen 3D-Effekt, eine starke Textur und eine hervorragende Best\u00e4ndigkeit gegen Abnutzung, Feuchtigkeit und Verformung, was sie ideal f\u00fcr Streetwear-Marken und Werbezwecke macht.<\/p>\n<h3 data-start=\"402\" data-end=\"679\"><strong data-start=\"402\" data-end=\"414\">Material<\/strong><\/h3>\n<p data-start=\"402\" data-end=\"679\">Die M\u00fctze ist aus hochwertiger 100%-Baumwolle gefertigt und bietet ein weiches Tragegef\u00fchl, gute Atmungsaktivit\u00e4t und zuverl\u00e4ssige Haltbarkeit. Das Baumwollgewebe sorgt f\u00fcr ganzt\u00e4gigen Tragekomfort bei gleichzeitiger Beibehaltung der Struktur und eignet sich daher sowohl f\u00fcr Freizeitkleidung als auch f\u00fcr den langfristigen Einsatz zu verschiedenen Jahreszeiten.<\/p>\n<h3 data-start=\"681\" data-end=\"933\"><strong data-start=\"681\" data-end=\"690\">Farbe<\/strong><\/h3>\n<p data-start=\"681\" data-end=\"933\">Erh\u00e4ltlich in einem eleganten grauen Grundton mit vollst\u00e4ndigen Farbanpassungsoptionen. Ganz gleich, ob Sie Unifarben, markenspezifische T\u00f6ne oder Pantone-angepasste Schattierungen ben\u00f6tigen, die Kappe kann so hergestellt werden, dass sie perfekt zu Ihrer Markenidentit\u00e4t oder Ihrem Kollektionsthema passt.<\/p>\n<h3 data-start=\"935\" data-end=\"1164\"><strong data-start=\"935\" data-end=\"949\">Passform &amp; Gr\u00f6\u00dfe<\/strong><\/h3>\n<p data-start=\"935\" data-end=\"1164\">Diese Snapback-Kappe mit OSFM-Passform (7 - 7 3\/4) ist f\u00fcr eine Vielzahl von Kopfgr\u00f6\u00dfen geeignet. Der verstellbare Snapback-Verschluss sorgt f\u00fcr einen sicheren, bequemen Sitz, w\u00e4hrend die klassische Snapback-Silhouette erhalten bleibt.<\/p>\n<h3 data-start=\"1166\" data-end=\"1379\"><strong data-start=\"1166\" data-end=\"1175\">Visier<\/strong><\/h3>\n<p data-start=\"1166\" data-end=\"1379\">Der flache Schirm sorgt f\u00fcr einen gewagten, modernen Look, der in der Streetwear und der urbanen Mode beliebt ist. Er bietet au\u00dferdem einen effektiven Sonnenschutz und unterstreicht das scharfe, strukturierte Aussehen der Kappe.<\/p>\n<h3 data-start=\"1381\" data-end=\"1619\"><strong data-start=\"1381\" data-end=\"1392\">Dienst<\/strong><\/h3>\n<p data-start=\"1381\" data-end=\"1619\">Sumkcaps bietet professionelle OEM- und ODM-Dienstleistungen und unterst\u00fctzt die vollst\u00e4ndige Anpassung von der Designentwicklung bis zur Massenproduktion. Unser erfahrenes Team unterst\u00fctzt Marken bei der effizienten Umsetzung kreativer Konzepte in hochwertige Verschl\u00fcsse.<\/p>\n<h3 data-start=\"1621\" data-end=\"1861\"><strong data-start=\"1621\" data-end=\"1640\">Durchlaufzeit<\/strong><\/h3>\n<p data-start=\"1621\" data-end=\"1861\" data-is-last-node=\"\" data-is-only-node=\"\">Die Herstellung von Mustern dauert etwa 7-9 Arbeitstage und erm\u00f6glicht eine schnelle Designvalidierung. Die Massenproduktion wird innerhalb von 18-22 Arbeitstagen abgeschlossen, was zuverl\u00e4ssige Vorlaufzeiten f\u00fcr saisonale Produkteinf\u00fchrungen und Gro\u00dfhandelsauftr\u00e4ge gew\u00e4hrleistet.<\/p>","protected":false},"excerpt":{"rendered":"<p>Sumkcaps 231278 Custom Seven Panel Rubber Patch Snapback Cap ist eine der beliebtesten Cap-Stil, leicht und atmungsaktiv gut. Unsere Snapbacks kommen in einer Vielzahl von Stilen und Farben aus allen Top-Marken.<\/p>","protected":false},"featured_media":19871,"template":"","meta":{"_acf_changed":false,"_kad_blocks_custom_css":"","_kad_blocks_head_custom_js":"","_kad_blocks_body_custom_js":"","_kad_blocks_footer_custom_js":""},"product_brand":[],"product_cat":[42],"product_tag":[],"class_list":{"0":"post-19870","1":"product","2":"type-product","3":"status-publish","4":"has-post-thumbnail","6":"product_cat-snapback-cap","8":"first","9":"outofstock","10":"shipping-taxable","11":"product-type-simple"},"acf":[],"yoast_head":"<!-- This site is optimized with the Yoast SEO Premium plugin v20.8 (Yoast SEO v25.9) - https:\/\/yoast.com\/wordpress\/plugins\/seo\/ -->\n<title>Custom 7 Panel Rubber Patch Snapback Cap | China Manufactuer<\/title>\n<meta name=\"description\" content=\"High Quality China Custom Headwear Manufacturer. Top Quality Products At Best Prices. Add Your Logo or Custom Design Online. Expert Service. Bulk Discount.\" \/>\n<meta name=\"robots\" content=\"index, follow, max-snippet:-1, max-image-preview:large, max-video-preview:-1\" \/>\n<link rel=\"canonical\" href=\"https:\/\/sumkcaps.com\/de\/produkt\/sufox-231278-benutzerdefinierte-sieben-panel-gummi-patch-snapback-cap\/\" \/>\n<meta property=\"og:locale\" content=\"de_DE\" \/>\n<meta property=\"og:type\" content=\"article\" \/>\n<meta property=\"og:title\" content=\"Sumkcaps 231278 Custom Seven Panel Rubber Patch Snapback Cap - Sumkcaps\" \/>\n<meta property=\"og:description\" content=\"High Quality China Custom Headwear Manufacturer. Top Quality Products At Best Prices. Add Your Logo or Custom Design Online. Expert Service. Bulk Discount.\" \/>\n<meta property=\"og:url\" content=\"https:\/\/sumkcaps.com\/de\/produkt\/sufox-231278-benutzerdefinierte-sieben-panel-gummi-patch-snapback-cap\/\" \/>\n<meta property=\"og:site_name\" content=\"Sumkcaps-China Original Headwear Manufacturer and Suppliers\" \/>\n<meta property=\"article:publisher\" content=\"https:\/\/www.facebook.com\/sumkcap\" \/>\n<meta property=\"article:modified_time\" content=\"2026-01-22T01:35:12+00:00\" \/>\n<meta property=\"og:image\" content=\"https:\/\/sumkcaps.com\/wp-content\/uploads\/2022\/11\/rubber_patch_7_panel_snapback_cap-1-1.jpg\" \/>\n\t<meta property=\"og:image:width\" content=\"1000\" \/>\n\t<meta property=\"og:image:height\" content=\"1000\" \/>\n\t<meta property=\"og:image:type\" content=\"image\/jpeg\" \/>\n<meta name=\"twitter:card\" content=\"summary_large_image\" \/>\n<meta name=\"twitter:label1\" content=\"Gesch\u00e4tzte Lesezeit\" \/>\n\t<meta name=\"twitter:data1\" content=\"2\u00a0Minuten\" \/>\n<script type=\"application\/ld+json\" class=\"yoast-schema-graph\">{\"@context\":\"https:\/\/schema.org\",\"@graph\":[{\"@type\":\"WebPage\",\"@id\":\"https:\/\/sumkcaps.com\/product\/sufox-231278-custom-seven-panel-rubber-patch-snapback-cap\/\",\"url\":\"https:\/\/sumkcaps.com\/product\/sufox-231278-custom-seven-panel-rubber-patch-snapback-cap\/\",\"name\":\"Custom 7 Panel Rubber Patch Snapback Cap | China Manufactuer\",\"isPartOf\":{\"@id\":\"https:\/\/sumkcaps.com\/#website\"},\"primaryImageOfPage\":{\"@id\":\"https:\/\/sumkcaps.com\/product\/sufox-231278-custom-seven-panel-rubber-patch-snapback-cap\/#primaryimage\"},\"image\":{\"@id\":\"https:\/\/sumkcaps.com\/product\/sufox-231278-custom-seven-panel-rubber-patch-snapback-cap\/#primaryimage\"},\"thumbnailUrl\":\"https:\/\/sumkcaps.com\/wp-content\/uploads\/2022\/11\/rubber_patch_7_panel_snapback_cap-1-1.jpg\",\"datePublished\":\"2022-11-11T01:20:00+00:00\",\"dateModified\":\"2026-01-22T01:35:12+00:00\",\"description\":\"High Quality China Custom Headwear Manufacturer. Top Quality Products At Best Prices. Add Your Logo or Custom Design Online. Expert Service. Bulk Discount.\",\"breadcrumb\":{\"@id\":\"https:\/\/sumkcaps.com\/product\/sufox-231278-custom-seven-panel-rubber-patch-snapback-cap\/#breadcrumb\"},\"inLanguage\":\"de\",\"potentialAction\":[{\"@type\":\"ReadAction\",\"target\":[\"https:\/\/sumkcaps.com\/product\/sufox-231278-custom-seven-panel-rubber-patch-snapback-cap\/\"]}]},{\"@type\":\"ImageObject\",\"inLanguage\":\"de\",\"@id\":\"https:\/\/sumkcaps.com\/product\/sufox-231278-custom-seven-panel-rubber-patch-snapback-cap\/#primaryimage\",\"url\":\"https:\/\/sumkcaps.com\/wp-content\/uploads\/2022\/11\/rubber_patch_7_panel_snapback_cap-1-1.jpg\",\"contentUrl\":\"https:\/\/sumkcaps.com\/wp-content\/uploads\/2022\/11\/rubber_patch_7_panel_snapback_cap-1-1.jpg\",\"width\":1000,\"height\":1000},{\"@type\":\"BreadcrumbList\",\"@id\":\"https:\/\/sumkcaps.com\/product\/sufox-231278-custom-seven-panel-rubber-patch-snapback-cap\/#breadcrumb\",\"itemListElement\":[{\"@type\":\"ListItem\",\"position\":1,\"name\":\"Home\",\"item\":\"https:\/\/sumkcaps.com\/\"},{\"@type\":\"ListItem\",\"position\":2,\"name\":\"Products\",\"item\":\"https:\/\/sumkcaps.com\/product\/\"},{\"@type\":\"ListItem\",\"position\":3,\"name\":\"Sumkcaps 231278 Custom Seven Panel Rubber Patch Snapback Cap\"}]},{\"@type\":\"WebSite\",\"@id\":\"https:\/\/sumkcaps.com\/#website\",\"url\":\"https:\/\/sumkcaps.com\/\",\"name\":\"Sumkcaps-China Original Headwear Manufacturer and Suppliers\",\"description\":\"We are China Cap And Hat Original Factory, whose main business is to custom cap and hat as client&#039;s LOGO. Any cap style, any cap color, any qty, any material and qty is no problem. In one words, any small details can be customized as your request.\",\"publisher\":{\"@id\":\"https:\/\/sumkcaps.com\/#organization\"},\"potentialAction\":[{\"@type\":\"SearchAction\",\"target\":{\"@type\":\"EntryPoint\",\"urlTemplate\":\"https:\/\/sumkcaps.com\/?s={search_term_string}\"},\"query-input\":{\"@type\":\"PropertyValueSpecification\",\"valueRequired\":true,\"valueName\":\"search_term_string\"}}],\"inLanguage\":\"de\"},{\"@type\":\"Organization\",\"@id\":\"https:\/\/sumkcaps.com\/#organization\",\"name\":\"Sumkcaps-China Original Headwear Manufacturer and Suppliers\",\"url\":\"https:\/\/sumkcaps.com\/\",\"logo\":{\"@type\":\"ImageObject\",\"inLanguage\":\"de\",\"@id\":\"https:\/\/sumkcaps.com\/#\/schema\/logo\/image\/\",\"url\":\"https:\/\/sumkcaps.com\/wp-content\/uploads\/2025\/12\/1234.jpg\",\"contentUrl\":\"https:\/\/sumkcaps.com\/wp-content\/uploads\/2025\/12\/1234.jpg\",\"width\":800,\"height\":800,\"caption\":\"Sumkcaps-China Original Headwear Manufacturer and Suppliers\"},\"image\":{\"@id\":\"https:\/\/sumkcaps.com\/#\/schema\/logo\/image\/\"},\"sameAs\":[\"https:\/\/www.facebook.com\/sumkcap\",\"https:\/\/www.instagram.com\/sumkcaps7\/\",\"https:\/\/www.pinterest.com\/sumkcapschina\/\"]}]}<\/script>\n<!-- \/ Yoast SEO Premium plugin. -->","yoast_head_json":{"title":"Benutzerdefinierte 7 Panel Gummi Patch Snapback Cap | China Manufactuer","description":"Hohe Qualit\u00e4t China benutzerdefinierte Kopfbedeckungen Hersteller. Hochwertige Produkte zu besten Preisen. F\u00fcgen Sie Ihr Logo oder Ihr individuelles Design online hinzu. Fachm\u00e4nnischer Service. Gro\u00dfer Rabatt.","robots":{"index":"index","follow":"follow","max-snippet":"max-snippet:-1","max-image-preview":"max-image-preview:large","max-video-preview":"max-video-preview:-1"},"canonical":"https:\/\/sumkcaps.com\/de\/produkt\/sufox-231278-benutzerdefinierte-sieben-panel-gummi-patch-snapback-cap\/","og_locale":"de_DE","og_type":"article","og_title":"Sumkcaps 231278 Custom Seven Panel Rubber Patch Snapback Cap - Sumkcaps","og_description":"High Quality China Custom Headwear Manufacturer. Top Quality Products At Best Prices. Add Your Logo or Custom Design Online. Expert Service. Bulk Discount.","og_url":"https:\/\/sumkcaps.com\/de\/produkt\/sufox-231278-benutzerdefinierte-sieben-panel-gummi-patch-snapback-cap\/","og_site_name":"Sumkcaps-China Original Headwear Manufacturer and Suppliers","article_publisher":"https:\/\/www.facebook.com\/sumkcap","article_modified_time":"2026-01-22T01:35:12+00:00","og_image":[{"width":1000,"height":1000,"url":"https:\/\/sumkcaps.com\/wp-content\/uploads\/2022\/11\/rubber_patch_7_panel_snapback_cap-1-1.jpg","type":"image\/jpeg"}],"twitter_card":"summary_large_image","twitter_misc":{"Gesch\u00e4tzte Lesezeit":"2\u00a0Minuten"},"schema":{"@context":"https:\/\/schema.org","@graph":[{"@type":"WebPage","@id":"https:\/\/sumkcaps.com\/product\/sufox-231278-custom-seven-panel-rubber-patch-snapback-cap\/","url":"https:\/\/sumkcaps.com\/product\/sufox-231278-custom-seven-panel-rubber-patch-snapback-cap\/","name":"Benutzerdefinierte 7 Panel Gummi Patch Snapback Cap | China Manufactuer","isPartOf":{"@id":"https:\/\/sumkcaps.com\/#website"},"primaryImageOfPage":{"@id":"https:\/\/sumkcaps.com\/product\/sufox-231278-custom-seven-panel-rubber-patch-snapback-cap\/#primaryimage"},"image":{"@id":"https:\/\/sumkcaps.com\/product\/sufox-231278-custom-seven-panel-rubber-patch-snapback-cap\/#primaryimage"},"thumbnailUrl":"https:\/\/sumkcaps.com\/wp-content\/uploads\/2022\/11\/rubber_patch_7_panel_snapback_cap-1-1.jpg","datePublished":"2022-11-11T01:20:00+00:00","dateModified":"2026-01-22T01:35:12+00:00","description":"Hohe Qualit\u00e4t China benutzerdefinierte Kopfbedeckungen Hersteller. Hochwertige Produkte zu besten Preisen. F\u00fcgen Sie Ihr Logo oder Ihr individuelles Design online hinzu. Fachm\u00e4nnischer Service. Gro\u00dfer Rabatt.","breadcrumb":{"@id":"https:\/\/sumkcaps.com\/product\/sufox-231278-custom-seven-panel-rubber-patch-snapback-cap\/#breadcrumb"},"inLanguage":"de","potentialAction":[{"@type":"ReadAction","target":["https:\/\/sumkcaps.com\/product\/sufox-231278-custom-seven-panel-rubber-patch-snapback-cap\/"]}]},{"@type":"ImageObject","inLanguage":"de","@id":"https:\/\/sumkcaps.com\/product\/sufox-231278-custom-seven-panel-rubber-patch-snapback-cap\/#primaryimage","url":"https:\/\/sumkcaps.com\/wp-content\/uploads\/2022\/11\/rubber_patch_7_panel_snapback_cap-1-1.jpg","contentUrl":"https:\/\/sumkcaps.com\/wp-content\/uploads\/2022\/11\/rubber_patch_7_panel_snapback_cap-1-1.jpg","width":1000,"height":1000},{"@type":"BreadcrumbList","@id":"https:\/\/sumkcaps.com\/product\/sufox-231278-custom-seven-panel-rubber-patch-snapback-cap\/#breadcrumb","itemListElement":[{"@type":"ListItem","position":1,"name":"Home","item":"https:\/\/sumkcaps.com\/"},{"@type":"ListItem","position":2,"name":"Products","item":"https:\/\/sumkcaps.com\/product\/"},{"@type":"ListItem","position":3,"name":"Sumkcaps 231278 Custom Seven Panel Rubber Patch Snapback Cap"}]},{"@type":"WebSite","@id":"https:\/\/sumkcaps.com\/#website","url":"https:\/\/sumkcaps.com\/","name":"Sumkcaps-China Original Kopfbedeckungen Hersteller und Lieferanten","description":"Wir sind China Cap And Hat Original Factory, deren Hauptgesch\u00e4ft ist es, benutzerdefinierte Kappe und Hut als Client &amp; #039; s LOGO. Jede Kappe Stil, jede Kappe Farbe, jede Menge, jedes Material und Menge ist kein Problem. In einem Wort, k\u00f6nnen alle kleinen Details als Ihre Anfrage angepasst werden.","publisher":{"@id":"https:\/\/sumkcaps.com\/#organization"},"potentialAction":[{"@type":"SearchAction","target":{"@type":"EntryPoint","urlTemplate":"https:\/\/sumkcaps.com\/?s={search_term_string}"},"query-input":{"@type":"PropertyValueSpecification","valueRequired":true,"valueName":"search_term_string"}}],"inLanguage":"de"},{"@type":"Organization","@id":"https:\/\/sumkcaps.com\/#organization","name":"Sumkcaps-China Original Kopfbedeckungen Hersteller und Lieferanten","url":"https:\/\/sumkcaps.com\/","logo":{"@type":"ImageObject","inLanguage":"de","@id":"https:\/\/sumkcaps.com\/#\/schema\/logo\/image\/","url":"https:\/\/sumkcaps.com\/wp-content\/uploads\/2025\/12\/1234.jpg","contentUrl":"https:\/\/sumkcaps.com\/wp-content\/uploads\/2025\/12\/1234.jpg","width":800,"height":800,"caption":"Sumkcaps-China Original Headwear Manufacturer and Suppliers"},"image":{"@id":"https:\/\/sumkcaps.com\/#\/schema\/logo\/image\/"},"sameAs":["https:\/\/www.facebook.com\/sumkcap","https:\/\/www.instagram.com\/sumkcaps7\/","https:\/\/www.pinterest.com\/sumkcapschina\/"]}]}},"taxonomy_info":{"product_cat":[{"value":42,"label":"Snapback Hats Wholesale"}]},"featured_image_src_large":["https:\/\/sumkcaps.com\/wp-content\/uploads\/2022\/11\/rubber_patch_7_panel_snapback_cap-1-1.jpg",800,800,false],"author_info":[],"comment_info":"","_links":{"self":[{"href":"https:\/\/sumkcaps.com\/de\/wp-json\/wp\/v2\/product\/19870","targetHints":{"allow":["GET"]}}],"collection":[{"href":"https:\/\/sumkcaps.com\/de\/wp-json\/wp\/v2\/product"}],"about":[{"href":"https:\/\/sumkcaps.com\/de\/wp-json\/wp\/v2\/types\/product"}],"wp:featuredmedia":[{"embeddable":true,"href":"https:\/\/sumkcaps.com\/de\/wp-json\/wp\/v2\/media\/19871"}],"wp:attachment":[{"href":"https:\/\/sumkcaps.com\/de\/wp-json\/wp\/v2\/media?parent=19870"}],"wp:term":[{"taxonomy":"product_brand","embeddable":true,"href":"https:\/\/sumkcaps.com\/de\/wp-json\/wp\/v2\/product_brand?post=19870"},{"taxonomy":"product_cat","embeddable":true,"href":"https:\/\/sumkcaps.com\/de\/wp-json\/wp\/v2\/product_cat?post=19870"},{"taxonomy":"product_tag","embeddable":true,"href":"https:\/\/sumkcaps.com\/de\/wp-json\/wp\/v2\/product_tag?post=19870"}],"curies":[{"name":"wp","href":"https:\/\/api.w.org\/{rel}","templated":true}]}}