{"id":19685,"date":"2022-11-10T14:56:01","date_gmt":"2022-11-10T06:56:01","guid":{"rendered":"https:\/\/sumkcaps.com\/?post_type=product&#038;p=19685"},"modified":"2025-07-30T14:57:01","modified_gmt":"2025-07-30T06:57:01","slug":"sufox-231255-custom-five-panel-3d-embroidery-trucker-hat","status":"publish","type":"product","link":"https:\/\/sumkcaps.com\/de\/produkt\/sufox-231255-benutzerdefinierte-funf-panel-3d-stickerei-trucker-hut\/","title":{"rendered":"Benutzerdefinierte f\u00fcnf Panel 3D-Stickerei Trucker Hut Gro\u00dfhandel"},"content":{"rendered":"<p>Der Custom Five Panel 3D Embroidery Trucker Hat verk\u00f6rpert mit seinem schnittigen Design modernen Stil. Die aufw\u00e4ndige 3D-Stickerei verleiht ihm einen Hauch von Raffinesse und macht ihn zu einem auff\u00e4lligen Accessoire f\u00fcr jedes Outfit. Der Hut ist aus hochwertigen Materialien gefertigt, die eine lange Haltbarkeit und einen angenehmen Tragekomfort garantieren. Die verstellbare Passform erm\u00f6glicht eine individuelle Gr\u00f6\u00dfenanpassung und garantiert optimalen Komfort f\u00fcr jede Kopfform und -gr\u00f6\u00dfe. Erh\u00e4ltlich in verschiedenen Farben, bietet dieser Hut f\u00fcr jeden etwas.<\/p>\n<h3 data-start=\"86\" data-end=\"123\"><strong data-start=\"93\" data-end=\"123\">Personalisierung und Dekoration<\/strong><\/h3>\n<ul data-start=\"124\" data-end=\"384\">\n<li data-start=\"124\" data-end=\"203\">\n<p data-start=\"126\" data-end=\"203\"><strong data-start=\"126\" data-end=\"148\">Optionen f\u00fcr die Dekoration<\/strong>: 3D-Stickerei, vollst\u00e4ndig anpassbare Designs verf\u00fcgbar<\/p>\n<\/li>\n<li data-start=\"204\" data-end=\"285\">\n<p data-start=\"206\" data-end=\"285\"><strong data-start=\"206\" data-end=\"227\">OEM- und ODM-Dienstleistungen<\/strong>: Volle Unterst\u00fctzung f\u00fcr Eigenmarken und Markenanpassung<\/p>\n<\/li>\n<li data-start=\"286\" data-end=\"384\">\n<p data-start=\"288\" data-end=\"384\"><strong data-start=\"288\" data-end=\"305\">Farbwahlen<\/strong>: Erh\u00e4ltlich in klassischem Schwarz oder ganz individuell auf Ihre Markenidentit\u00e4t abgestimmt<\/p>\n<\/li>\n<\/ul>\n<h3 data-start=\"391\" data-end=\"425\"><strong data-start=\"398\" data-end=\"425\">Material und Konstruktion<\/strong><\/h3>\n<ul data-start=\"426\" data-end=\"663\">\n<li data-start=\"426\" data-end=\"525\">\n<p data-start=\"428\" data-end=\"525\"><strong data-start=\"428\" data-end=\"440\">Material<\/strong>: Strapazierf\u00e4hige Baumwollvorderseite mit atmungsaktiver Netzr\u00fcckseite f\u00fcr Komfort und Bel\u00fcftung<\/p>\n<\/li>\n<li data-start=\"526\" data-end=\"595\">\n<p data-start=\"528\" data-end=\"595\"><strong data-start=\"528\" data-end=\"541\">Struktur<\/strong>: 5-Paneel-Konstruktion f\u00fcr einen schlanken, modernen Look<\/p>\n<\/li>\n<li data-start=\"596\" data-end=\"663\">\n<p data-start=\"598\" data-end=\"663\"><strong data-start=\"598\" data-end=\"607\">Visier<\/strong>: Vorgeformte Krempe f\u00fcr eine klassische Passform und Sonnenschutz<\/p>\n<\/li>\n<\/ul>\n<h3 data-start=\"670\" data-end=\"693\"><strong data-start=\"677\" data-end=\"693\">Passform &amp; Gr\u00f6\u00dfe<\/strong><\/h3>\n<ul data-start=\"694\" data-end=\"837\">\n<li data-start=\"694\" data-end=\"767\">\n<p data-start=\"696\" data-end=\"767\"><strong data-start=\"696\" data-end=\"703\">Fit<\/strong>: One Size Fits Most (OSFM), geeignet f\u00fcr Kopfgr\u00f6\u00dfen 7 - 7 3\/4<\/p>\n<\/li>\n<li data-start=\"768\" data-end=\"837\">\n<p data-start=\"770\" data-end=\"837\"><strong data-start=\"770\" data-end=\"781\">Schlie\u00dfung<\/strong>: Verstellbares Band f\u00fcr flexible Gr\u00f6\u00dfenanpassung und sicheren Halt<\/p>\n<\/li>\n<\/ul>\n<h3 data-start=\"844\" data-end=\"871\"><strong data-start=\"851\" data-end=\"871\">MOQ &amp; Produktion<\/strong><\/h3>\n<ul data-start=\"872\" data-end=\"1060\">\n<li data-start=\"872\" data-end=\"963\">\n<p data-start=\"874\" data-end=\"963\"><strong data-start=\"874\" data-end=\"881\">MOQ<\/strong>: 200 St\u00fcck pro Design und Farbe - ideal f\u00fcr wachsende Marken und individuelle Projekte<\/p>\n<\/li>\n<li data-start=\"964\" data-end=\"1060\">\n<p data-start=\"966\" data-end=\"1060\"><strong data-start=\"966\" data-end=\"985\">Produktion Typ<\/strong>: Unterst\u00fctzung von Gro\u00dfauftr\u00e4gen mit kurzen Durchlaufzeiten und skalierbarer Abwicklung<\/p>\n<\/li>\n<\/ul>\n<p>G\u00f6nnen Sie sich eine individuelle Gestaltung mit dem <strong>Benutzerdefinierte f\u00fcnf Panel 3D-Stickerei Trucker Hut<\/strong>ma\u00dfgeschneidert, um die Identit\u00e4t Ihrer Marke zu unterstreichen. Perfekt f\u00fcr jede anwendbare Szene, egal ob es sich um Freizeitkleidung oder Werbeveranstaltungen handelt. Die strategisch platzierten \u00d6sen sorgen f\u00fcr eine hervorragende Bel\u00fcftung und halten Ihren Kopf k\u00fchl und komfortabel. Die robuste Krempe bietet ausreichenden Sonnenschutz und ist damit eine praktische Wahl f\u00fcr Aktivit\u00e4ten im Freien.<\/p>\n<p><strong>Sumkcaps, mit 20 Jahren Erfahrung<\/strong>bietet erstklassige Qualit\u00e4t mit einer niedrigen Mindestbestellmenge, so dass Sie den besten Gegenwert f\u00fcr Ihre Investition erhalten. Entdecken Sie, warum Unternehmen auf der ganzen Welt uns f\u00fcr ihren Bedarf an Kopfbedeckungen vertrauen. Kontaktieren Sie uns noch heute, um Ihre Gro\u00dfhandelsbestellung aufzugeben!<\/p>","protected":false},"excerpt":{"rendered":"<p>Sumkcaps 231255 benutzerdefinierte f\u00fcnf Panel 3D-Stickerei Trucker Hut ist eine der beliebten Cap-Stil, geringes Gewicht und atmungsaktiv gut. Perfekte Hut f\u00fcr Ihr kleines Unternehmen, Sport-Team, besondere Veranstaltung, &amp; mehr. \u00c4ndern Sie Ihr eigenes Logo ganz einfach. Entdecken Sie unsere Custom Five Panel 3D Stickerei Trucker Hat. Perfekt entworfen f\u00fcr Komfort und Stil. Hochwertige Materialien und verstellbare Passform. Jetzt im Gro\u00dfhandel bestellen!<\/p>","protected":false},"featured_media":19686,"template":"","meta":{"_acf_changed":false,"_kad_blocks_custom_css":"","_kad_blocks_head_custom_js":"","_kad_blocks_body_custom_js":"","_kad_blocks_footer_custom_js":""},"product_brand":[],"product_cat":[693,942,943],"product_tag":[],"class_list":{"0":"post-19685","1":"product","2":"type-product","3":"status-publish","4":"has-post-thumbnail","6":"product_cat-hat","7":"product_cat-5-panel-trucker-hat","8":"product_cat-custom-embroidered-5-panel-hats","10":"first","11":"outofstock","12":"shipping-taxable","13":"product-type-simple"},"acf":[],"yoast_head":"<!-- This site is optimized with the Yoast SEO Premium plugin v20.8 (Yoast SEO v25.9) - https:\/\/yoast.com\/wordpress\/plugins\/seo\/ -->\n<title>Custom Five Panel 3D Embroidery Trucker Hat Wholesale<\/title>\n<meta name=\"description\" content=\"Discover our Custom 5 Panel 3D Embroidery Trucker Hat\u2014premium comfort, breathable mesh, and stylish fit. Perfect for branding. Order wholesale today!\" \/>\n<meta name=\"robots\" content=\"index, follow, max-snippet:-1, max-image-preview:large, max-video-preview:-1\" \/>\n<link rel=\"canonical\" href=\"https:\/\/sumkcaps.com\/de\/produkt\/sufox-231255-benutzerdefinierte-funf-panel-3d-stickerei-trucker-hut\/\" \/>\n<meta property=\"og:locale\" content=\"de_DE\" \/>\n<meta property=\"og:type\" content=\"article\" \/>\n<meta property=\"og:title\" content=\"Custom Five Panel 3D Embroidery Trucker Hat Wholesale - Sumkcaps\" \/>\n<meta property=\"og:description\" content=\"Discover our Custom 5 Panel 3D Embroidery Trucker Hat\u2014premium comfort, breathable mesh, and stylish fit. Perfect for branding. Order wholesale today!\" \/>\n<meta property=\"og:url\" content=\"https:\/\/sumkcaps.com\/de\/produkt\/sufox-231255-benutzerdefinierte-funf-panel-3d-stickerei-trucker-hut\/\" \/>\n<meta property=\"og:site_name\" content=\"Sumkcaps-China Original Headwear Manufacturer and Suppliers\" \/>\n<meta property=\"article:publisher\" content=\"https:\/\/www.facebook.com\/sumkcap\" \/>\n<meta property=\"article:modified_time\" content=\"2025-07-30T06:57:01+00:00\" \/>\n<meta property=\"og:image\" content=\"https:\/\/sumkcaps.com\/wp-content\/uploads\/2022\/11\/5_panel_3d_embroidery_trucker_hat-1.jpg\" \/>\n\t<meta property=\"og:image:width\" content=\"1000\" \/>\n\t<meta property=\"og:image:height\" content=\"1000\" \/>\n\t<meta property=\"og:image:type\" content=\"image\/jpeg\" \/>\n<meta name=\"twitter:card\" content=\"summary_large_image\" \/>\n<meta name=\"twitter:label1\" content=\"Gesch\u00e4tzte Lesezeit\" \/>\n\t<meta name=\"twitter:data1\" content=\"2\u00a0Minuten\" \/>\n<script type=\"application\/ld+json\" class=\"yoast-schema-graph\">{\"@context\":\"https:\/\/schema.org\",\"@graph\":[{\"@type\":\"WebPage\",\"@id\":\"https:\/\/sumkcaps.com\/product\/sufox-231255-custom-five-panel-3d-embroidery-trucker-hat\/\",\"url\":\"https:\/\/sumkcaps.com\/product\/sufox-231255-custom-five-panel-3d-embroidery-trucker-hat\/\",\"name\":\"Custom Five Panel 3D Embroidery Trucker Hat Wholesale\",\"isPartOf\":{\"@id\":\"https:\/\/sumkcaps.com\/#website\"},\"primaryImageOfPage\":{\"@id\":\"https:\/\/sumkcaps.com\/product\/sufox-231255-custom-five-panel-3d-embroidery-trucker-hat\/#primaryimage\"},\"image\":{\"@id\":\"https:\/\/sumkcaps.com\/product\/sufox-231255-custom-five-panel-3d-embroidery-trucker-hat\/#primaryimage\"},\"thumbnailUrl\":\"https:\/\/sumkcaps.com\/wp-content\/uploads\/2022\/11\/5_panel_3d_embroidery_trucker_hat-1.jpg\",\"datePublished\":\"2022-11-10T06:56:01+00:00\",\"dateModified\":\"2025-07-30T06:57:01+00:00\",\"description\":\"Discover our Custom 5 Panel 3D Embroidery Trucker Hat\u2014premium comfort, breathable mesh, and stylish fit. Perfect for branding. Order wholesale today!\",\"breadcrumb\":{\"@id\":\"https:\/\/sumkcaps.com\/product\/sufox-231255-custom-five-panel-3d-embroidery-trucker-hat\/#breadcrumb\"},\"inLanguage\":\"de\",\"potentialAction\":[{\"@type\":\"ReadAction\",\"target\":[\"https:\/\/sumkcaps.com\/product\/sufox-231255-custom-five-panel-3d-embroidery-trucker-hat\/\"]}]},{\"@type\":\"ImageObject\",\"inLanguage\":\"de\",\"@id\":\"https:\/\/sumkcaps.com\/product\/sufox-231255-custom-five-panel-3d-embroidery-trucker-hat\/#primaryimage\",\"url\":\"https:\/\/sumkcaps.com\/wp-content\/uploads\/2022\/11\/5_panel_3d_embroidery_trucker_hat-1.jpg\",\"contentUrl\":\"https:\/\/sumkcaps.com\/wp-content\/uploads\/2022\/11\/5_panel_3d_embroidery_trucker_hat-1.jpg\",\"width\":1000,\"height\":1000,\"caption\":\"Custom Five Panel 3D Embroidery Trucker Hat Wholesale\"},{\"@type\":\"BreadcrumbList\",\"@id\":\"https:\/\/sumkcaps.com\/product\/sufox-231255-custom-five-panel-3d-embroidery-trucker-hat\/#breadcrumb\",\"itemListElement\":[{\"@type\":\"ListItem\",\"position\":1,\"name\":\"Home\",\"item\":\"https:\/\/sumkcaps.com\/\"},{\"@type\":\"ListItem\",\"position\":2,\"name\":\"Products\",\"item\":\"https:\/\/sumkcaps.com\/product\/\"},{\"@type\":\"ListItem\",\"position\":3,\"name\":\"Custom Five Panel 3D Embroidery Trucker Hat Wholesale\"}]},{\"@type\":\"WebSite\",\"@id\":\"https:\/\/sumkcaps.com\/#website\",\"url\":\"https:\/\/sumkcaps.com\/\",\"name\":\"Sumkcaps-China Original Headwear Manufacturer and Suppliers\",\"description\":\"We are China Cap And Hat Original Factory, whose main business is to custom cap and hat as client&#039;s LOGO. Any cap style, any cap color, any qty, any material and qty is no problem. In one words, any small details can be customized as your request.\",\"publisher\":{\"@id\":\"https:\/\/sumkcaps.com\/#organization\"},\"potentialAction\":[{\"@type\":\"SearchAction\",\"target\":{\"@type\":\"EntryPoint\",\"urlTemplate\":\"https:\/\/sumkcaps.com\/?s={search_term_string}\"},\"query-input\":{\"@type\":\"PropertyValueSpecification\",\"valueRequired\":true,\"valueName\":\"search_term_string\"}}],\"inLanguage\":\"de\"},{\"@type\":\"Organization\",\"@id\":\"https:\/\/sumkcaps.com\/#organization\",\"name\":\"Sumkcaps-China Original Headwear Manufacturer and Suppliers\",\"url\":\"https:\/\/sumkcaps.com\/\",\"logo\":{\"@type\":\"ImageObject\",\"inLanguage\":\"de\",\"@id\":\"https:\/\/sumkcaps.com\/#\/schema\/logo\/image\/\",\"url\":\"https:\/\/sumkcaps.com\/wp-content\/uploads\/2025\/12\/1234.jpg\",\"contentUrl\":\"https:\/\/sumkcaps.com\/wp-content\/uploads\/2025\/12\/1234.jpg\",\"width\":800,\"height\":800,\"caption\":\"Sumkcaps-China Original Headwear Manufacturer and Suppliers\"},\"image\":{\"@id\":\"https:\/\/sumkcaps.com\/#\/schema\/logo\/image\/\"},\"sameAs\":[\"https:\/\/www.facebook.com\/sumkcap\",\"https:\/\/www.instagram.com\/sumkcaps7\/\",\"https:\/\/www.pinterest.com\/sumkcapschina\/\"]}]}<\/script>\n<!-- \/ Yoast SEO Premium plugin. -->","yoast_head_json":{"title":"Benutzerdefinierte f\u00fcnf Panel 3D-Stickerei Trucker Hut Gro\u00dfhandel","description":"Entdecken Sie unseren Custom 5 Panel 3D Embroidery Trucker Hat - erstklassiger Komfort, atmungsaktives Mesh und stylische Passform. Perfekt f\u00fcr Ihr Branding. Bestellen Sie noch heute im Gro\u00dfhandel!","robots":{"index":"index","follow":"follow","max-snippet":"max-snippet:-1","max-image-preview":"max-image-preview:large","max-video-preview":"max-video-preview:-1"},"canonical":"https:\/\/sumkcaps.com\/de\/produkt\/sufox-231255-benutzerdefinierte-funf-panel-3d-stickerei-trucker-hut\/","og_locale":"de_DE","og_type":"article","og_title":"Custom Five Panel 3D Embroidery Trucker Hat Wholesale - Sumkcaps","og_description":"Discover our Custom 5 Panel 3D Embroidery Trucker Hat\u2014premium comfort, breathable mesh, and stylish fit. Perfect for branding. Order wholesale today!","og_url":"https:\/\/sumkcaps.com\/de\/produkt\/sufox-231255-benutzerdefinierte-funf-panel-3d-stickerei-trucker-hut\/","og_site_name":"Sumkcaps-China Original Headwear Manufacturer and Suppliers","article_publisher":"https:\/\/www.facebook.com\/sumkcap","article_modified_time":"2025-07-30T06:57:01+00:00","og_image":[{"width":1000,"height":1000,"url":"https:\/\/sumkcaps.com\/wp-content\/uploads\/2022\/11\/5_panel_3d_embroidery_trucker_hat-1.jpg","type":"image\/jpeg"}],"twitter_card":"summary_large_image","twitter_misc":{"Gesch\u00e4tzte Lesezeit":"2\u00a0Minuten"},"schema":{"@context":"https:\/\/schema.org","@graph":[{"@type":"WebPage","@id":"https:\/\/sumkcaps.com\/product\/sufox-231255-custom-five-panel-3d-embroidery-trucker-hat\/","url":"https:\/\/sumkcaps.com\/product\/sufox-231255-custom-five-panel-3d-embroidery-trucker-hat\/","name":"Benutzerdefinierte f\u00fcnf Panel 3D-Stickerei Trucker Hut Gro\u00dfhandel","isPartOf":{"@id":"https:\/\/sumkcaps.com\/#website"},"primaryImageOfPage":{"@id":"https:\/\/sumkcaps.com\/product\/sufox-231255-custom-five-panel-3d-embroidery-trucker-hat\/#primaryimage"},"image":{"@id":"https:\/\/sumkcaps.com\/product\/sufox-231255-custom-five-panel-3d-embroidery-trucker-hat\/#primaryimage"},"thumbnailUrl":"https:\/\/sumkcaps.com\/wp-content\/uploads\/2022\/11\/5_panel_3d_embroidery_trucker_hat-1.jpg","datePublished":"2022-11-10T06:56:01+00:00","dateModified":"2025-07-30T06:57:01+00:00","description":"Entdecken Sie unseren Custom 5 Panel 3D Embroidery Trucker Hat - erstklassiger Komfort, atmungsaktives Mesh und stylische Passform. Perfekt f\u00fcr Ihr Branding. Bestellen Sie noch heute im Gro\u00dfhandel!","breadcrumb":{"@id":"https:\/\/sumkcaps.com\/product\/sufox-231255-custom-five-panel-3d-embroidery-trucker-hat\/#breadcrumb"},"inLanguage":"de","potentialAction":[{"@type":"ReadAction","target":["https:\/\/sumkcaps.com\/product\/sufox-231255-custom-five-panel-3d-embroidery-trucker-hat\/"]}]},{"@type":"ImageObject","inLanguage":"de","@id":"https:\/\/sumkcaps.com\/product\/sufox-231255-custom-five-panel-3d-embroidery-trucker-hat\/#primaryimage","url":"https:\/\/sumkcaps.com\/wp-content\/uploads\/2022\/11\/5_panel_3d_embroidery_trucker_hat-1.jpg","contentUrl":"https:\/\/sumkcaps.com\/wp-content\/uploads\/2022\/11\/5_panel_3d_embroidery_trucker_hat-1.jpg","width":1000,"height":1000,"caption":"Custom Five Panel 3D Embroidery Trucker Hat Wholesale"},{"@type":"BreadcrumbList","@id":"https:\/\/sumkcaps.com\/product\/sufox-231255-custom-five-panel-3d-embroidery-trucker-hat\/#breadcrumb","itemListElement":[{"@type":"ListItem","position":1,"name":"Home","item":"https:\/\/sumkcaps.com\/"},{"@type":"ListItem","position":2,"name":"Products","item":"https:\/\/sumkcaps.com\/product\/"},{"@type":"ListItem","position":3,"name":"Custom Five Panel 3D Embroidery Trucker Hat Wholesale"}]},{"@type":"WebSite","@id":"https:\/\/sumkcaps.com\/#website","url":"https:\/\/sumkcaps.com\/","name":"Sumkcaps-China Original Kopfbedeckungen Hersteller und Lieferanten","description":"Wir sind China Cap And Hat Original Factory, deren Hauptgesch\u00e4ft ist es, benutzerdefinierte Kappe und Hut als Client &amp; #039; s LOGO. Jede Kappe Stil, jede Kappe Farbe, jede Menge, jedes Material und Menge ist kein Problem. In einem Wort, k\u00f6nnen alle kleinen Details als Ihre Anfrage angepasst werden.","publisher":{"@id":"https:\/\/sumkcaps.com\/#organization"},"potentialAction":[{"@type":"SearchAction","target":{"@type":"EntryPoint","urlTemplate":"https:\/\/sumkcaps.com\/?s={search_term_string}"},"query-input":{"@type":"PropertyValueSpecification","valueRequired":true,"valueName":"search_term_string"}}],"inLanguage":"de"},{"@type":"Organization","@id":"https:\/\/sumkcaps.com\/#organization","name":"Sumkcaps-China Original Kopfbedeckungen Hersteller und Lieferanten","url":"https:\/\/sumkcaps.com\/","logo":{"@type":"ImageObject","inLanguage":"de","@id":"https:\/\/sumkcaps.com\/#\/schema\/logo\/image\/","url":"https:\/\/sumkcaps.com\/wp-content\/uploads\/2025\/12\/1234.jpg","contentUrl":"https:\/\/sumkcaps.com\/wp-content\/uploads\/2025\/12\/1234.jpg","width":800,"height":800,"caption":"Sumkcaps-China Original Headwear Manufacturer and Suppliers"},"image":{"@id":"https:\/\/sumkcaps.com\/#\/schema\/logo\/image\/"},"sameAs":["https:\/\/www.facebook.com\/sumkcap","https:\/\/www.instagram.com\/sumkcaps7\/","https:\/\/www.pinterest.com\/sumkcapschina\/"]}]}},"taxonomy_info":{"product_cat":[{"value":693,"label":"Hat"},{"value":942,"label":"5 Panel Trucker Hat"},{"value":943,"label":"Custom Embroidered 5 Panel Hats"}]},"featured_image_src_large":["https:\/\/sumkcaps.com\/wp-content\/uploads\/2022\/11\/5_panel_3d_embroidery_trucker_hat-1.jpg",800,800,false],"author_info":[],"comment_info":"","_links":{"self":[{"href":"https:\/\/sumkcaps.com\/de\/wp-json\/wp\/v2\/product\/19685","targetHints":{"allow":["GET"]}}],"collection":[{"href":"https:\/\/sumkcaps.com\/de\/wp-json\/wp\/v2\/product"}],"about":[{"href":"https:\/\/sumkcaps.com\/de\/wp-json\/wp\/v2\/types\/product"}],"wp:featuredmedia":[{"embeddable":true,"href":"https:\/\/sumkcaps.com\/de\/wp-json\/wp\/v2\/media\/19686"}],"wp:attachment":[{"href":"https:\/\/sumkcaps.com\/de\/wp-json\/wp\/v2\/media?parent=19685"}],"wp:term":[{"taxonomy":"product_brand","embeddable":true,"href":"https:\/\/sumkcaps.com\/de\/wp-json\/wp\/v2\/product_brand?post=19685"},{"taxonomy":"product_cat","embeddable":true,"href":"https:\/\/sumkcaps.com\/de\/wp-json\/wp\/v2\/product_cat?post=19685"},{"taxonomy":"product_tag","embeddable":true,"href":"https:\/\/sumkcaps.com\/de\/wp-json\/wp\/v2\/product_tag?post=19685"}],"curies":[{"name":"wp","href":"https:\/\/api.w.org\/{rel}","templated":true}]}}