{"id":18117,"date":"2022-10-27T11:33:43","date_gmt":"2022-10-27T03:33:43","guid":{"rendered":"https:\/\/sumkcaps.com\/?post_type=product&#038;p=18117"},"modified":"2026-02-06T11:58:07","modified_gmt":"2026-02-06T03:58:07","slug":"sufox-231134-custom-six-panel-embroidery-acrylic-snapback-cap","status":"publish","type":"product","link":"https:\/\/sumkcaps.com\/de\/produkt\/sufox-231134-benutzerdefinierte-sechs-panel-stickerei-acryl-snapback-cap\/","title":{"rendered":"Sumkcaps 231134 Custom sechs Panel Stickerei Acryl Snapback Cap"},"content":{"rendered":"<h3 data-start=\"144\" data-end=\"158\">Dekoration<\/h3>\n<p data-start=\"159\" data-end=\"544\">Diese Snapback-Cap ist mit einer individuellen Flachstickerei versehen, die mit sauberen, detaillierten N\u00e4hten f\u00fcr einen eleganten und raffinierten Look sorgt. Die Flachsticktechnik eignet sich perfekt f\u00fcr Logos, Text oder einfache Grafiken und sorgt f\u00fcr ein scharfes und professionelles Erscheinungsbild. Sie verleiht dem Design eine dauerhafte, zeitlose Qualit\u00e4t und ist somit ideal f\u00fcr Firmenbranding, Teamkleidung oder Freizeitmode.<\/p>\n<h3 data-start=\"546\" data-end=\"558\">Material<\/h3>\n<p data-start=\"559\" data-end=\"957\">Diese aus 100%-Acryl gefertigte Kappe kombiniert Strapazierf\u00e4higkeit mit einem leichten Tragegef\u00fchl, das den ganzen Tag \u00fcber f\u00fcr Komfort sorgt. Das Acrylgewebe beh\u00e4lt seine leuchtenden Farben und ist resistent gegen Ausbleichen, sodass Ihre individuellen Designs auch nach l\u00e4ngerem Gebrauch lebendig und klar bleiben. Das Material ist atmungsaktiv und feuchtigkeitsableitend und h\u00e4lt Sie in jeder Umgebung k\u00fchl und bequem, was es zu einer gro\u00dfartigen Option f\u00fcr alle Arten von Kleidung macht.<\/p>\n<h3 data-start=\"959\" data-end=\"968\">Farbe<\/h3>\n<p data-start=\"969\" data-end=\"1335\">Die Kappe ist in Blau gehalten, einer vielseitigen und allseits beliebten Farbe, die zu einer Vielzahl von Stilen und Anl\u00e4ssen passt. Blau ist f\u00fcr sein beruhigendes und professionelles Aussehen bekannt und eignet sich daher sowohl f\u00fcr legere als auch f\u00fcr gesch\u00e4ftliche Anl\u00e4sse. Au\u00dferdem kann die Farbe an Ihre spezifischen Vorlieben oder Markenbed\u00fcrfnisse angepasst werden, was Ihnen Flexibilit\u00e4t bei der Auswahl des Designs bietet.<\/p>\n<h3 data-start=\"1337\" data-end=\"1351\">Passform &amp; Gr\u00f6\u00dfe<\/h3>\n<p data-start=\"1352\" data-end=\"1733\">Die verstellbare OSFM-Kappe (One Size Fits Most) passt sich bequem an Kopfgr\u00f6\u00dfen von 7 bis 7 3\/4 an. Der verstellbare Snapback-Verschluss sorgt f\u00fcr einen sicheren Sitz, der an den individuellen Komfort angepasst werden kann und Flexibilit\u00e4t bietet, ohne den Stil zu beeintr\u00e4chtigen. Dadurch eignet sich die Kappe f\u00fcr eine Vielzahl von Nutzern, von Werbegeschenken f\u00fcr Veranstaltungen bis hin zum t\u00e4glichen Tragen.<\/p>\n<h3 data-start=\"1735\" data-end=\"1744\">Visier<\/h3>\n<p data-start=\"1745\" data-end=\"2118\">Das flache Design bietet einen modernen und strukturierten Look, der in der Streetwear-Mode beliebt ist. Der flache Schirm verleiht nicht nur Stil, sondern sch\u00fctzt auch das Gesicht vor der Sonne. Die robuste Konstruktion h\u00e4lt die Form der Kappe aufrecht und verleiht ihr ein sauberes, scharfes Aussehen im t\u00e4glichen Gebrauch. Dieses Design sorgt daf\u00fcr, dass die Kappe ihrer Form treu bleibt und sowohl Stil als auch Funktionalit\u00e4t bietet.<\/p>\n<h3 data-start=\"2120\" data-end=\"2131\">Dienst<\/h3>\n<p data-start=\"2132\" data-end=\"2535\">Diese Kappe ist mit OEM- und ODM-Services erh\u00e4ltlich, die eine vollst\u00e4ndige Anpassung an Ihre spezifischen Marken- oder Designanforderungen erm\u00f6glichen. Egal, ob Sie einzigartige Logos, Farbanpassungen oder verschiedene Stoffausf\u00fchrungen ben\u00f6tigen, diese Flexibilit\u00e4t gew\u00e4hrleistet, dass die Kappe perfekt auf Ihre Bed\u00fcrfnisse abgestimmt ist. Der kundenspezifische Service macht sie zu einer hervorragenden Wahl f\u00fcr Werbeartikel, Teamuniformen oder Markenartikel.<\/p>\n<h3 data-start=\"2537\" data-end=\"2556\">Durchlaufzeit<\/h3>\n<p data-start=\"2557\" data-end=\"2885\">Die Erstellung des Musters dauert 7-9 Arbeitstage, so dass Sie das Design genehmigen k\u00f6nnen, bevor mit der Massenproduktion begonnen wird. Nach der Freigabe betr\u00e4gt die Produktionszeit ca. 18-22 Arbeitstage. So wird sichergestellt, dass Ihre individuellen Caps p\u00fcnktlich geliefert werden, sei es f\u00fcr Werbeveranstaltungen, Gesch\u00e4ftseinf\u00fchrungen oder andere Anl\u00e4sse.<\/p>","protected":false},"excerpt":{"rendered":"<p>Sumkcaps 231134 benutzerdefinierte sechs Panel Stickerei Acryl Snapback Cap ist eines der beliebtesten Cap-Stil, leicht und atmungsaktiv gut. Unsere Snapbacks kommen in einer Vielzahl von Stilen und Farben aus allen Top-Marken.<\/p>","protected":false},"featured_media":18118,"template":"","meta":{"_acf_changed":false,"_kad_blocks_custom_css":"","_kad_blocks_head_custom_js":"","_kad_blocks_body_custom_js":"","_kad_blocks_footer_custom_js":""},"product_brand":[],"product_cat":[42],"product_tag":[],"class_list":{"0":"post-18117","1":"product","2":"type-product","3":"status-publish","4":"has-post-thumbnail","6":"product_cat-snapback-cap","8":"first","9":"outofstock","10":"shipping-taxable","11":"product-type-simple"},"acf":[],"yoast_head":"<!-- This site is optimized with the Yoast SEO Premium plugin v20.8 (Yoast SEO v25.9) - https:\/\/yoast.com\/wordpress\/plugins\/seo\/ -->\n<title>Custom Embroidery Acrylic Snapback Cap | China Manufactuer<\/title>\n<meta name=\"description\" content=\"Custom Cap, Logo Cap, Brand Caps, Custom Made Snapback Caps, Custom Snapback Baseball Hats. Premium Cap Manufacturer since 2006. Bulk Discount.\" \/>\n<meta name=\"robots\" content=\"index, follow, max-snippet:-1, max-image-preview:large, max-video-preview:-1\" \/>\n<link rel=\"canonical\" href=\"https:\/\/sumkcaps.com\/de\/produkt\/sufox-231134-benutzerdefinierte-sechs-panel-stickerei-acryl-snapback-cap\/\" \/>\n<meta property=\"og:locale\" content=\"de_DE\" \/>\n<meta property=\"og:type\" content=\"article\" \/>\n<meta property=\"og:title\" content=\"Sumkcaps 231134 Custom Six Panel Embroidery Acrylic Snapback Cap - Sumkcaps\" \/>\n<meta property=\"og:description\" content=\"Custom Cap, Logo Cap, Brand Caps, Custom Made Snapback Caps, Custom Snapback Baseball Hats. Premium Cap Manufacturer since 2006. Bulk Discount.\" \/>\n<meta property=\"og:url\" content=\"https:\/\/sumkcaps.com\/de\/produkt\/sufox-231134-benutzerdefinierte-sechs-panel-stickerei-acryl-snapback-cap\/\" \/>\n<meta property=\"og:site_name\" content=\"Sumkcaps-China Original Headwear Manufacturer and Suppliers\" \/>\n<meta property=\"article:publisher\" content=\"https:\/\/www.facebook.com\/sumkcap\" \/>\n<meta property=\"article:modified_time\" content=\"2026-02-06T03:58:07+00:00\" \/>\n<meta property=\"og:image\" content=\"https:\/\/sumkcaps.com\/wp-content\/uploads\/2022\/10\/6_panel_embroidery_acrylic_snapback_cap-1.jpg\" \/>\n\t<meta property=\"og:image:width\" content=\"750\" \/>\n\t<meta property=\"og:image:height\" content=\"750\" \/>\n\t<meta property=\"og:image:type\" content=\"image\/jpeg\" \/>\n<meta name=\"twitter:card\" content=\"summary_large_image\" \/>\n<meta name=\"twitter:label1\" content=\"Gesch\u00e4tzte Lesezeit\" \/>\n\t<meta name=\"twitter:data1\" content=\"2\u00a0Minuten\" \/>\n<script type=\"application\/ld+json\" class=\"yoast-schema-graph\">{\"@context\":\"https:\/\/schema.org\",\"@graph\":[{\"@type\":\"WebPage\",\"@id\":\"https:\/\/sumkcaps.com\/product\/sufox-231134-custom-six-panel-embroidery-acrylic-snapback-cap\/\",\"url\":\"https:\/\/sumkcaps.com\/product\/sufox-231134-custom-six-panel-embroidery-acrylic-snapback-cap\/\",\"name\":\"Custom Embroidery Acrylic Snapback Cap | China Manufactuer\",\"isPartOf\":{\"@id\":\"https:\/\/sumkcaps.com\/#website\"},\"primaryImageOfPage\":{\"@id\":\"https:\/\/sumkcaps.com\/product\/sufox-231134-custom-six-panel-embroidery-acrylic-snapback-cap\/#primaryimage\"},\"image\":{\"@id\":\"https:\/\/sumkcaps.com\/product\/sufox-231134-custom-six-panel-embroidery-acrylic-snapback-cap\/#primaryimage\"},\"thumbnailUrl\":\"https:\/\/sumkcaps.com\/wp-content\/uploads\/2022\/10\/6_panel_embroidery_acrylic_snapback_cap-1.jpg\",\"datePublished\":\"2022-10-27T03:33:43+00:00\",\"dateModified\":\"2026-02-06T03:58:07+00:00\",\"description\":\"Custom Cap, Logo Cap, Brand Caps, Custom Made Snapback Caps, Custom Snapback Baseball Hats. Premium Cap Manufacturer since 2006. Bulk Discount.\",\"breadcrumb\":{\"@id\":\"https:\/\/sumkcaps.com\/product\/sufox-231134-custom-six-panel-embroidery-acrylic-snapback-cap\/#breadcrumb\"},\"inLanguage\":\"de\",\"potentialAction\":[{\"@type\":\"ReadAction\",\"target\":[\"https:\/\/sumkcaps.com\/product\/sufox-231134-custom-six-panel-embroidery-acrylic-snapback-cap\/\"]}]},{\"@type\":\"ImageObject\",\"inLanguage\":\"de\",\"@id\":\"https:\/\/sumkcaps.com\/product\/sufox-231134-custom-six-panel-embroidery-acrylic-snapback-cap\/#primaryimage\",\"url\":\"https:\/\/sumkcaps.com\/wp-content\/uploads\/2022\/10\/6_panel_embroidery_acrylic_snapback_cap-1.jpg\",\"contentUrl\":\"https:\/\/sumkcaps.com\/wp-content\/uploads\/2022\/10\/6_panel_embroidery_acrylic_snapback_cap-1.jpg\",\"width\":750,\"height\":750},{\"@type\":\"BreadcrumbList\",\"@id\":\"https:\/\/sumkcaps.com\/product\/sufox-231134-custom-six-panel-embroidery-acrylic-snapback-cap\/#breadcrumb\",\"itemListElement\":[{\"@type\":\"ListItem\",\"position\":1,\"name\":\"Home\",\"item\":\"https:\/\/sumkcaps.com\/\"},{\"@type\":\"ListItem\",\"position\":2,\"name\":\"Products\",\"item\":\"https:\/\/sumkcaps.com\/product\/\"},{\"@type\":\"ListItem\",\"position\":3,\"name\":\"Sumkcaps 231134 Custom Six Panel Embroidery Acrylic Snapback Cap\"}]},{\"@type\":\"WebSite\",\"@id\":\"https:\/\/sumkcaps.com\/#website\",\"url\":\"https:\/\/sumkcaps.com\/\",\"name\":\"Sumkcaps-China Original Headwear Manufacturer and Suppliers\",\"description\":\"We are China Cap And Hat Original Factory, whose main business is to custom cap and hat as client&#039;s LOGO. Any cap style, any cap color, any qty, any material and qty is no problem. In one words, any small details can be customized as your request.\",\"publisher\":{\"@id\":\"https:\/\/sumkcaps.com\/#organization\"},\"potentialAction\":[{\"@type\":\"SearchAction\",\"target\":{\"@type\":\"EntryPoint\",\"urlTemplate\":\"https:\/\/sumkcaps.com\/?s={search_term_string}\"},\"query-input\":{\"@type\":\"PropertyValueSpecification\",\"valueRequired\":true,\"valueName\":\"search_term_string\"}}],\"inLanguage\":\"de\"},{\"@type\":\"Organization\",\"@id\":\"https:\/\/sumkcaps.com\/#organization\",\"name\":\"Sumkcaps-China Original Headwear Manufacturer and Suppliers\",\"url\":\"https:\/\/sumkcaps.com\/\",\"logo\":{\"@type\":\"ImageObject\",\"inLanguage\":\"de\",\"@id\":\"https:\/\/sumkcaps.com\/#\/schema\/logo\/image\/\",\"url\":\"https:\/\/sumkcaps.com\/wp-content\/uploads\/2025\/12\/1234.jpg\",\"contentUrl\":\"https:\/\/sumkcaps.com\/wp-content\/uploads\/2025\/12\/1234.jpg\",\"width\":800,\"height\":800,\"caption\":\"Sumkcaps-China Original Headwear Manufacturer and Suppliers\"},\"image\":{\"@id\":\"https:\/\/sumkcaps.com\/#\/schema\/logo\/image\/\"},\"sameAs\":[\"https:\/\/www.facebook.com\/sumkcap\",\"https:\/\/www.instagram.com\/sumkcaps7\/\",\"https:\/\/www.pinterest.com\/sumkcapschina\/\"]}]}<\/script>\n<!-- \/ Yoast SEO Premium plugin. -->","yoast_head_json":{"title":"Benutzerdefinierte Stickerei Acryl Snapback Cap | China Manufactuer","description":"Custom Cap, Logo Cap, Brand Caps, Custom Made Snapback Caps, Custom Snapback Baseball Hats. Premium Cap Hersteller seit 2006. Bulk Rabatt.","robots":{"index":"index","follow":"follow","max-snippet":"max-snippet:-1","max-image-preview":"max-image-preview:large","max-video-preview":"max-video-preview:-1"},"canonical":"https:\/\/sumkcaps.com\/de\/produkt\/sufox-231134-benutzerdefinierte-sechs-panel-stickerei-acryl-snapback-cap\/","og_locale":"de_DE","og_type":"article","og_title":"Sumkcaps 231134 Custom Six Panel Embroidery Acrylic Snapback Cap - Sumkcaps","og_description":"Custom Cap, Logo Cap, Brand Caps, Custom Made Snapback Caps, Custom Snapback Baseball Hats. Premium Cap Manufacturer since 2006. Bulk Discount.","og_url":"https:\/\/sumkcaps.com\/de\/produkt\/sufox-231134-benutzerdefinierte-sechs-panel-stickerei-acryl-snapback-cap\/","og_site_name":"Sumkcaps-China Original Headwear Manufacturer and Suppliers","article_publisher":"https:\/\/www.facebook.com\/sumkcap","article_modified_time":"2026-02-06T03:58:07+00:00","og_image":[{"width":750,"height":750,"url":"https:\/\/sumkcaps.com\/wp-content\/uploads\/2022\/10\/6_panel_embroidery_acrylic_snapback_cap-1.jpg","type":"image\/jpeg"}],"twitter_card":"summary_large_image","twitter_misc":{"Gesch\u00e4tzte Lesezeit":"2\u00a0Minuten"},"schema":{"@context":"https:\/\/schema.org","@graph":[{"@type":"WebPage","@id":"https:\/\/sumkcaps.com\/product\/sufox-231134-custom-six-panel-embroidery-acrylic-snapback-cap\/","url":"https:\/\/sumkcaps.com\/product\/sufox-231134-custom-six-panel-embroidery-acrylic-snapback-cap\/","name":"Benutzerdefinierte Stickerei Acryl Snapback Cap | China Manufactuer","isPartOf":{"@id":"https:\/\/sumkcaps.com\/#website"},"primaryImageOfPage":{"@id":"https:\/\/sumkcaps.com\/product\/sufox-231134-custom-six-panel-embroidery-acrylic-snapback-cap\/#primaryimage"},"image":{"@id":"https:\/\/sumkcaps.com\/product\/sufox-231134-custom-six-panel-embroidery-acrylic-snapback-cap\/#primaryimage"},"thumbnailUrl":"https:\/\/sumkcaps.com\/wp-content\/uploads\/2022\/10\/6_panel_embroidery_acrylic_snapback_cap-1.jpg","datePublished":"2022-10-27T03:33:43+00:00","dateModified":"2026-02-06T03:58:07+00:00","description":"Custom Cap, Logo Cap, Brand Caps, Custom Made Snapback Caps, Custom Snapback Baseball Hats. Premium Cap Hersteller seit 2006. Bulk Rabatt.","breadcrumb":{"@id":"https:\/\/sumkcaps.com\/product\/sufox-231134-custom-six-panel-embroidery-acrylic-snapback-cap\/#breadcrumb"},"inLanguage":"de","potentialAction":[{"@type":"ReadAction","target":["https:\/\/sumkcaps.com\/product\/sufox-231134-custom-six-panel-embroidery-acrylic-snapback-cap\/"]}]},{"@type":"ImageObject","inLanguage":"de","@id":"https:\/\/sumkcaps.com\/product\/sufox-231134-custom-six-panel-embroidery-acrylic-snapback-cap\/#primaryimage","url":"https:\/\/sumkcaps.com\/wp-content\/uploads\/2022\/10\/6_panel_embroidery_acrylic_snapback_cap-1.jpg","contentUrl":"https:\/\/sumkcaps.com\/wp-content\/uploads\/2022\/10\/6_panel_embroidery_acrylic_snapback_cap-1.jpg","width":750,"height":750},{"@type":"BreadcrumbList","@id":"https:\/\/sumkcaps.com\/product\/sufox-231134-custom-six-panel-embroidery-acrylic-snapback-cap\/#breadcrumb","itemListElement":[{"@type":"ListItem","position":1,"name":"Home","item":"https:\/\/sumkcaps.com\/"},{"@type":"ListItem","position":2,"name":"Products","item":"https:\/\/sumkcaps.com\/product\/"},{"@type":"ListItem","position":3,"name":"Sumkcaps 231134 Custom Six Panel Embroidery Acrylic Snapback Cap"}]},{"@type":"WebSite","@id":"https:\/\/sumkcaps.com\/#website","url":"https:\/\/sumkcaps.com\/","name":"Sumkcaps-China Original Kopfbedeckungen Hersteller und Lieferanten","description":"Wir sind China Cap And Hat Original Factory, deren Hauptgesch\u00e4ft ist es, benutzerdefinierte Kappe und Hut als Client &amp; #039; s LOGO. Jede Kappe Stil, jede Kappe Farbe, jede Menge, jedes Material und Menge ist kein Problem. In einem Wort, k\u00f6nnen alle kleinen Details als Ihre Anfrage angepasst werden.","publisher":{"@id":"https:\/\/sumkcaps.com\/#organization"},"potentialAction":[{"@type":"SearchAction","target":{"@type":"EntryPoint","urlTemplate":"https:\/\/sumkcaps.com\/?s={search_term_string}"},"query-input":{"@type":"PropertyValueSpecification","valueRequired":true,"valueName":"search_term_string"}}],"inLanguage":"de"},{"@type":"Organization","@id":"https:\/\/sumkcaps.com\/#organization","name":"Sumkcaps-China Original Kopfbedeckungen Hersteller und Lieferanten","url":"https:\/\/sumkcaps.com\/","logo":{"@type":"ImageObject","inLanguage":"de","@id":"https:\/\/sumkcaps.com\/#\/schema\/logo\/image\/","url":"https:\/\/sumkcaps.com\/wp-content\/uploads\/2025\/12\/1234.jpg","contentUrl":"https:\/\/sumkcaps.com\/wp-content\/uploads\/2025\/12\/1234.jpg","width":800,"height":800,"caption":"Sumkcaps-China Original Headwear Manufacturer and Suppliers"},"image":{"@id":"https:\/\/sumkcaps.com\/#\/schema\/logo\/image\/"},"sameAs":["https:\/\/www.facebook.com\/sumkcap","https:\/\/www.instagram.com\/sumkcaps7\/","https:\/\/www.pinterest.com\/sumkcapschina\/"]}]}},"taxonomy_info":{"product_cat":[{"value":42,"label":"Snapback Hats Wholesale"}]},"featured_image_src_large":["https:\/\/sumkcaps.com\/wp-content\/uploads\/2022\/10\/6_panel_embroidery_acrylic_snapback_cap-1.jpg",750,750,false],"author_info":[],"comment_info":"","_links":{"self":[{"href":"https:\/\/sumkcaps.com\/de\/wp-json\/wp\/v2\/product\/18117","targetHints":{"allow":["GET"]}}],"collection":[{"href":"https:\/\/sumkcaps.com\/de\/wp-json\/wp\/v2\/product"}],"about":[{"href":"https:\/\/sumkcaps.com\/de\/wp-json\/wp\/v2\/types\/product"}],"wp:featuredmedia":[{"embeddable":true,"href":"https:\/\/sumkcaps.com\/de\/wp-json\/wp\/v2\/media\/18118"}],"wp:attachment":[{"href":"https:\/\/sumkcaps.com\/de\/wp-json\/wp\/v2\/media?parent=18117"}],"wp:term":[{"taxonomy":"product_brand","embeddable":true,"href":"https:\/\/sumkcaps.com\/de\/wp-json\/wp\/v2\/product_brand?post=18117"},{"taxonomy":"product_cat","embeddable":true,"href":"https:\/\/sumkcaps.com\/de\/wp-json\/wp\/v2\/product_cat?post=18117"},{"taxonomy":"product_tag","embeddable":true,"href":"https:\/\/sumkcaps.com\/de\/wp-json\/wp\/v2\/product_tag?post=18117"}],"curies":[{"name":"wp","href":"https:\/\/api.w.org\/{rel}","templated":true}]}}