{"id":18109,"date":"2022-10-27T11:27:14","date_gmt":"2022-10-27T03:27:14","guid":{"rendered":"https:\/\/sumkcaps.com\/?post_type=product&#038;p=18109"},"modified":"2026-02-06T14:33:22","modified_gmt":"2026-02-06T06:33:22","slug":"sufox-231133-custom-six-panel-flat-embroidery-fitted-snapback-cap","status":"publish","type":"product","link":"https:\/\/sumkcaps.com\/de\/produkt\/sufox-231133-benutzerdefinierte-sechs-panel-flache-stickerei-ausgestattet-snapback-cap\/","title":{"rendered":"Sumkcaps 231133 Benutzerdefinierte sechs Panel flache Stickerei ausgestattet Snapback Cap"},"content":{"rendered":"<h3 data-start=\"141\" data-end=\"157\">Dekoration<\/h3>\n<p data-start=\"158\" data-end=\"565\">Diese Snapback-Cap ist mit einer individuellen Flachstickerei versehen und bietet ein sauberes, elegantes Design, das Logos, Text und Grafiken pr\u00e4zise hervorhebt. Die Flachsticktechnik eignet sich perfekt f\u00fcr einen professionellen und detaillierten Look und ist somit ideal f\u00fcr Unternehmen, Sportteams oder pers\u00f6nliche Mode. Sie verleiht der Kappe einen raffinierten Touch und sorgt f\u00fcr langlebige und visuell scharfe Designs, die nicht so leicht verblassen.<\/p>\n<h3 data-start=\"567\" data-end=\"581\">Material<\/h3>\n<p data-start=\"582\" data-end=\"1004\">Diese M\u00fctze besteht aus einer Mischung aus Acryl und Wolle und vereint das Beste aus beiden Welten. Acryl bietet Strapazierf\u00e4higkeit, Farbbest\u00e4ndigkeit und feuchtigkeitsableitende Eigenschaften, w\u00e4hrend Wolle eine reiche Textur und W\u00e4rme bietet. Diese Kombination macht die M\u00fctze sowohl bequem als auch widerstandsf\u00e4hig - perfekt f\u00fcr das ganze Jahr. Der Materialmix sorgt f\u00fcr ein erstklassiges Tragegef\u00fchl und ein strukturiertes, hochwertiges Finish f\u00fcr den t\u00e4glichen Gebrauch oder besondere Anl\u00e4sse.<\/p>\n<h3 data-start=\"1006\" data-end=\"1017\">Farbe<\/h3>\n<p data-start=\"1018\" data-end=\"1412\">Die Kappe ist in der Farbe vollst\u00e4ndig anpassbar, so dass Sie den perfekten Farbton f\u00fcr Ihr Design oder Ihr Branding w\u00e4hlen k\u00f6nnen. Ganz gleich, ob Sie etwas Plakatives und Auff\u00e4lliges oder etwas Dezenteres und Professionelleres suchen, die Farboptionen sind grenzenlos. Diese Flexibilit\u00e4t macht die Kappe zur idealen Wahl f\u00fcr Werbeartikel, Corporate Branding oder die Gestaltung eines pers\u00f6nlichen Looks f\u00fcr jede Veranstaltung oder Gruppe.<\/p>\n<h3 data-start=\"1414\" data-end=\"1430\">Passform &amp; Gr\u00f6\u00dfe<\/h3>\n<p data-start=\"1431\" data-end=\"1829\">Entworfen mit einem<strong data-start=\"1448\" data-end=\"1477\"> OSFM (One Size Fits Most)<\/strong> Mit ihrer verstellbaren Passform eignet sich diese Kappe f\u00fcr Kopfgr\u00f6\u00dfen von 7 bis 7 3\/4. Der verstellbare Snapback-Verschluss sorgt f\u00fcr eine bequeme und individuelle Passform und bietet den ganzen Tag \u00fcber Komfort. Dank der vielseitigen Gr\u00f6\u00dfenanpassung eignet sich die Kappe f\u00fcr eine Vielzahl von Personen, von Freizeittr\u00e4gern bis hin zu Veranstaltungsteilnehmern, und gew\u00e4hrleistet einen sicheren und bequemen Sitz f\u00fcr alle.<\/p>\n<h3 data-start=\"1831\" data-end=\"1842\">Visier<\/h3>\n<p data-start=\"1843\" data-end=\"2218\">Das flache Design sorgt f\u00fcr eine moderne, klare \u00c4sthetik, die in der Streetwear und der Freizeitmode sehr beliebt ist. Er bietet nicht nur Schutz vor der Sonne, sondern sorgt auch f\u00fcr einen klaren, strukturierten Look. Der flache Schirm tr\u00e4gt zur Gesamtform der Kappe bei und sorgt daf\u00fcr, dass sie ihr klares Profil beh\u00e4lt, w\u00e4hrend sie einen coolen, modernen Stil bietet, der in jeder Umgebung auff\u00e4llt.<\/p>\n<h3 data-start=\"2220\" data-end=\"2233\">Dienst<\/h3>\n<p data-start=\"2234\" data-end=\"2627\">Diese Kappe ist mit OEM- und ODM-Services erh\u00e4ltlich, die umfassende Anpassungsm\u00f6glichkeiten an Ihre individuellen Anforderungen bieten. Ganz gleich, ob Sie spezielle Logos, Designs oder Anpassungen an Ihr Branding ben\u00f6tigen, die Kappe kann genau auf Ihre Spezifikationen zugeschnitten werden. Diese Flexibilit\u00e4t macht sie zu einer ausgezeichneten Wahl f\u00fcr Firmengeschenke, Sportteams oder besondere Veranstaltungen, bei denen Personalisierung eine wichtige Rolle spielt.<\/p>\n<h3 data-start=\"2629\" data-end=\"2650\">Durchlaufzeit<\/h3>\n<p data-start=\"2651\" data-end=\"3001\">Die Erstellung eines Musters dauert etwa 7-9 Arbeitstage, so dass Sie das Design vor Beginn der Massenproduktion genehmigen k\u00f6nnen. Nach der Freigabe des Musters betr\u00e4gt die Produktionszeit f\u00fcr Gro\u00dfbestellungen 18-22 Arbeitstage. So ist sichergestellt, dass Sie Ihre individuellen Caps innerhalb des erwarteten Zeitrahmens erhalten, ganz gleich, ob es sich um eine Werbeveranstaltung oder eine Markteinf\u00fchrung handelt.<\/p>","protected":false},"excerpt":{"rendered":"<p>Sumkcaps 231133 Custom Six Panel Flat Embroidery Fitted Snapback Cap ist eine der beliebtesten Cap-Stil, leicht und atmungsaktiv gut. Unsere Snapbacks kommen in einer Vielzahl von Stilen und Farben aus allen Top-Marken.<\/p>","protected":false},"featured_media":18115,"template":"","meta":{"_acf_changed":false,"_kad_blocks_custom_css":"","_kad_blocks_head_custom_js":"","_kad_blocks_body_custom_js":"","_kad_blocks_footer_custom_js":""},"product_brand":[],"product_cat":[42],"product_tag":[],"class_list":{"0":"post-18109","1":"product","2":"type-product","3":"status-publish","4":"has-post-thumbnail","6":"product_cat-snapback-cap","8":"first","9":"outofstock","10":"shipping-taxable","11":"product-type-simple"},"acf":[],"yoast_head":"<!-- This site is optimized with the Yoast SEO Premium plugin v20.8 (Yoast SEO v25.9) - https:\/\/yoast.com\/wordpress\/plugins\/seo\/ -->\n<title>Custom Flat Embroidery Fitted Snapback Cap | China Manufactuer<\/title>\n<meta name=\"description\" content=\"More Than 10 Years Of Experience In The Headwear Industry. Cap Manufacturers.100% Satisfaction Guarantee. Expert Service. Bulk Discount. Quick delivery.\" \/>\n<meta name=\"robots\" content=\"index, follow, max-snippet:-1, max-image-preview:large, max-video-preview:-1\" \/>\n<link rel=\"canonical\" href=\"https:\/\/sumkcaps.com\/de\/produkt\/sufox-231133-benutzerdefinierte-sechs-panel-flache-stickerei-ausgestattet-snapback-cap\/\" \/>\n<meta property=\"og:locale\" content=\"de_DE\" \/>\n<meta property=\"og:type\" content=\"article\" \/>\n<meta property=\"og:title\" content=\"Sumkcaps 231133 Custom Six Panel Flat Embroidery Fitted Snapback Cap - Sumkcaps\" \/>\n<meta property=\"og:description\" content=\"More Than 10 Years Of Experience In The Headwear Industry. Cap Manufacturers.100% Satisfaction Guarantee. Expert Service. Bulk Discount. Quick delivery.\" \/>\n<meta property=\"og:url\" content=\"https:\/\/sumkcaps.com\/de\/produkt\/sufox-231133-benutzerdefinierte-sechs-panel-flache-stickerei-ausgestattet-snapback-cap\/\" \/>\n<meta property=\"og:site_name\" content=\"Sumkcaps-China Original Headwear Manufacturer and Suppliers\" \/>\n<meta property=\"article:publisher\" content=\"https:\/\/www.facebook.com\/sumkcap\" \/>\n<meta property=\"article:modified_time\" content=\"2026-02-06T06:33:22+00:00\" \/>\n<meta property=\"og:image\" content=\"https:\/\/sumkcaps.com\/wp-content\/uploads\/2022\/10\/6_panel_embroidery_wool_blend_fitted_snapback_cap-6-scaled.jpg\" \/>\n\t<meta property=\"og:image:width\" content=\"2560\" \/>\n\t<meta property=\"og:image:height\" content=\"2560\" \/>\n\t<meta property=\"og:image:type\" content=\"image\/jpeg\" \/>\n<meta name=\"twitter:card\" content=\"summary_large_image\" \/>\n<meta name=\"twitter:label1\" content=\"Gesch\u00e4tzte Lesezeit\" \/>\n\t<meta name=\"twitter:data1\" content=\"3\u00a0Minuten\" \/>\n<script type=\"application\/ld+json\" class=\"yoast-schema-graph\">{\"@context\":\"https:\/\/schema.org\",\"@graph\":[{\"@type\":\"WebPage\",\"@id\":\"https:\/\/sumkcaps.com\/product\/sufox-231133-custom-six-panel-flat-embroidery-fitted-snapback-cap\/\",\"url\":\"https:\/\/sumkcaps.com\/product\/sufox-231133-custom-six-panel-flat-embroidery-fitted-snapback-cap\/\",\"name\":\"Custom Flat Embroidery Fitted Snapback Cap | China Manufactuer\",\"isPartOf\":{\"@id\":\"https:\/\/sumkcaps.com\/#website\"},\"primaryImageOfPage\":{\"@id\":\"https:\/\/sumkcaps.com\/product\/sufox-231133-custom-six-panel-flat-embroidery-fitted-snapback-cap\/#primaryimage\"},\"image\":{\"@id\":\"https:\/\/sumkcaps.com\/product\/sufox-231133-custom-six-panel-flat-embroidery-fitted-snapback-cap\/#primaryimage\"},\"thumbnailUrl\":\"https:\/\/sumkcaps.com\/wp-content\/uploads\/2022\/10\/6_panel_embroidery_wool_blend_fitted_snapback_cap-6-scaled.jpg\",\"datePublished\":\"2022-10-27T03:27:14+00:00\",\"dateModified\":\"2026-02-06T06:33:22+00:00\",\"description\":\"More Than 10 Years Of Experience In The Headwear Industry. Cap Manufacturers.100% Satisfaction Guarantee. Expert Service. Bulk Discount. Quick delivery.\",\"breadcrumb\":{\"@id\":\"https:\/\/sumkcaps.com\/product\/sufox-231133-custom-six-panel-flat-embroidery-fitted-snapback-cap\/#breadcrumb\"},\"inLanguage\":\"de\",\"potentialAction\":[{\"@type\":\"ReadAction\",\"target\":[\"https:\/\/sumkcaps.com\/product\/sufox-231133-custom-six-panel-flat-embroidery-fitted-snapback-cap\/\"]}]},{\"@type\":\"ImageObject\",\"inLanguage\":\"de\",\"@id\":\"https:\/\/sumkcaps.com\/product\/sufox-231133-custom-six-panel-flat-embroidery-fitted-snapback-cap\/#primaryimage\",\"url\":\"https:\/\/sumkcaps.com\/wp-content\/uploads\/2022\/10\/6_panel_embroidery_wool_blend_fitted_snapback_cap-6-scaled.jpg\",\"contentUrl\":\"https:\/\/sumkcaps.com\/wp-content\/uploads\/2022\/10\/6_panel_embroidery_wool_blend_fitted_snapback_cap-6-scaled.jpg\",\"width\":2560,\"height\":2560},{\"@type\":\"BreadcrumbList\",\"@id\":\"https:\/\/sumkcaps.com\/product\/sufox-231133-custom-six-panel-flat-embroidery-fitted-snapback-cap\/#breadcrumb\",\"itemListElement\":[{\"@type\":\"ListItem\",\"position\":1,\"name\":\"Home\",\"item\":\"https:\/\/sumkcaps.com\/\"},{\"@type\":\"ListItem\",\"position\":2,\"name\":\"Products\",\"item\":\"https:\/\/sumkcaps.com\/product\/\"},{\"@type\":\"ListItem\",\"position\":3,\"name\":\"Sumkcaps 231133 Custom Six Panel Flat Embroidery Fitted Snapback Cap\"}]},{\"@type\":\"WebSite\",\"@id\":\"https:\/\/sumkcaps.com\/#website\",\"url\":\"https:\/\/sumkcaps.com\/\",\"name\":\"Sumkcaps-China Original Headwear Manufacturer and Suppliers\",\"description\":\"We are China Cap And Hat Original Factory, whose main business is to custom cap and hat as client&#039;s LOGO. Any cap style, any cap color, any qty, any material and qty is no problem. In one words, any small details can be customized as your request.\",\"publisher\":{\"@id\":\"https:\/\/sumkcaps.com\/#organization\"},\"potentialAction\":[{\"@type\":\"SearchAction\",\"target\":{\"@type\":\"EntryPoint\",\"urlTemplate\":\"https:\/\/sumkcaps.com\/?s={search_term_string}\"},\"query-input\":{\"@type\":\"PropertyValueSpecification\",\"valueRequired\":true,\"valueName\":\"search_term_string\"}}],\"inLanguage\":\"de\"},{\"@type\":\"Organization\",\"@id\":\"https:\/\/sumkcaps.com\/#organization\",\"name\":\"Sumkcaps-China Original Headwear Manufacturer and Suppliers\",\"url\":\"https:\/\/sumkcaps.com\/\",\"logo\":{\"@type\":\"ImageObject\",\"inLanguage\":\"de\",\"@id\":\"https:\/\/sumkcaps.com\/#\/schema\/logo\/image\/\",\"url\":\"https:\/\/sumkcaps.com\/wp-content\/uploads\/2025\/12\/1234.jpg\",\"contentUrl\":\"https:\/\/sumkcaps.com\/wp-content\/uploads\/2025\/12\/1234.jpg\",\"width\":800,\"height\":800,\"caption\":\"Sumkcaps-China Original Headwear Manufacturer and Suppliers\"},\"image\":{\"@id\":\"https:\/\/sumkcaps.com\/#\/schema\/logo\/image\/\"},\"sameAs\":[\"https:\/\/www.facebook.com\/sumkcap\",\"https:\/\/www.instagram.com\/sumkcaps7\/\",\"https:\/\/www.pinterest.com\/sumkcapschina\/\"]}]}<\/script>\n<!-- \/ Yoast SEO Premium plugin. -->","yoast_head_json":{"title":"Kundenspezifische flache Stickerei Fitted Snapback Cap | China Manufactuer","description":"Mehr als 10 Jahre Erfahrung in der Kopfbedeckungsindustrie. Cap Hersteller.100% Zufriedenheitsgarantie. Fachm\u00e4nnischer Service. Gro\u00dfer Rabatt. Schnelle Lieferung.","robots":{"index":"index","follow":"follow","max-snippet":"max-snippet:-1","max-image-preview":"max-image-preview:large","max-video-preview":"max-video-preview:-1"},"canonical":"https:\/\/sumkcaps.com\/de\/produkt\/sufox-231133-benutzerdefinierte-sechs-panel-flache-stickerei-ausgestattet-snapback-cap\/","og_locale":"de_DE","og_type":"article","og_title":"Sumkcaps 231133 Custom Six Panel Flat Embroidery Fitted Snapback Cap - Sumkcaps","og_description":"More Than 10 Years Of Experience In The Headwear Industry. Cap Manufacturers.100% Satisfaction Guarantee. Expert Service. Bulk Discount. Quick delivery.","og_url":"https:\/\/sumkcaps.com\/de\/produkt\/sufox-231133-benutzerdefinierte-sechs-panel-flache-stickerei-ausgestattet-snapback-cap\/","og_site_name":"Sumkcaps-China Original Headwear Manufacturer and Suppliers","article_publisher":"https:\/\/www.facebook.com\/sumkcap","article_modified_time":"2026-02-06T06:33:22+00:00","og_image":[{"width":2560,"height":2560,"url":"https:\/\/sumkcaps.com\/wp-content\/uploads\/2022\/10\/6_panel_embroidery_wool_blend_fitted_snapback_cap-6-scaled.jpg","type":"image\/jpeg"}],"twitter_card":"summary_large_image","twitter_misc":{"Gesch\u00e4tzte Lesezeit":"3\u00a0Minuten"},"schema":{"@context":"https:\/\/schema.org","@graph":[{"@type":"WebPage","@id":"https:\/\/sumkcaps.com\/product\/sufox-231133-custom-six-panel-flat-embroidery-fitted-snapback-cap\/","url":"https:\/\/sumkcaps.com\/product\/sufox-231133-custom-six-panel-flat-embroidery-fitted-snapback-cap\/","name":"Kundenspezifische flache Stickerei Fitted Snapback Cap | China Manufactuer","isPartOf":{"@id":"https:\/\/sumkcaps.com\/#website"},"primaryImageOfPage":{"@id":"https:\/\/sumkcaps.com\/product\/sufox-231133-custom-six-panel-flat-embroidery-fitted-snapback-cap\/#primaryimage"},"image":{"@id":"https:\/\/sumkcaps.com\/product\/sufox-231133-custom-six-panel-flat-embroidery-fitted-snapback-cap\/#primaryimage"},"thumbnailUrl":"https:\/\/sumkcaps.com\/wp-content\/uploads\/2022\/10\/6_panel_embroidery_wool_blend_fitted_snapback_cap-6-scaled.jpg","datePublished":"2022-10-27T03:27:14+00:00","dateModified":"2026-02-06T06:33:22+00:00","description":"Mehr als 10 Jahre Erfahrung in der Kopfbedeckungsindustrie. Cap Hersteller.100% Zufriedenheitsgarantie. Fachm\u00e4nnischer Service. Gro\u00dfer Rabatt. Schnelle Lieferung.","breadcrumb":{"@id":"https:\/\/sumkcaps.com\/product\/sufox-231133-custom-six-panel-flat-embroidery-fitted-snapback-cap\/#breadcrumb"},"inLanguage":"de","potentialAction":[{"@type":"ReadAction","target":["https:\/\/sumkcaps.com\/product\/sufox-231133-custom-six-panel-flat-embroidery-fitted-snapback-cap\/"]}]},{"@type":"ImageObject","inLanguage":"de","@id":"https:\/\/sumkcaps.com\/product\/sufox-231133-custom-six-panel-flat-embroidery-fitted-snapback-cap\/#primaryimage","url":"https:\/\/sumkcaps.com\/wp-content\/uploads\/2022\/10\/6_panel_embroidery_wool_blend_fitted_snapback_cap-6-scaled.jpg","contentUrl":"https:\/\/sumkcaps.com\/wp-content\/uploads\/2022\/10\/6_panel_embroidery_wool_blend_fitted_snapback_cap-6-scaled.jpg","width":2560,"height":2560},{"@type":"BreadcrumbList","@id":"https:\/\/sumkcaps.com\/product\/sufox-231133-custom-six-panel-flat-embroidery-fitted-snapback-cap\/#breadcrumb","itemListElement":[{"@type":"ListItem","position":1,"name":"Home","item":"https:\/\/sumkcaps.com\/"},{"@type":"ListItem","position":2,"name":"Products","item":"https:\/\/sumkcaps.com\/product\/"},{"@type":"ListItem","position":3,"name":"Sumkcaps 231133 Custom Six Panel Flat Embroidery Fitted Snapback Cap"}]},{"@type":"WebSite","@id":"https:\/\/sumkcaps.com\/#website","url":"https:\/\/sumkcaps.com\/","name":"Sumkcaps-China Original Kopfbedeckungen Hersteller und Lieferanten","description":"Wir sind China Cap And Hat Original Factory, deren Hauptgesch\u00e4ft ist es, benutzerdefinierte Kappe und Hut als Client &amp; #039; s LOGO. Jede Kappe Stil, jede Kappe Farbe, jede Menge, jedes Material und Menge ist kein Problem. In einem Wort, k\u00f6nnen alle kleinen Details als Ihre Anfrage angepasst werden.","publisher":{"@id":"https:\/\/sumkcaps.com\/#organization"},"potentialAction":[{"@type":"SearchAction","target":{"@type":"EntryPoint","urlTemplate":"https:\/\/sumkcaps.com\/?s={search_term_string}"},"query-input":{"@type":"PropertyValueSpecification","valueRequired":true,"valueName":"search_term_string"}}],"inLanguage":"de"},{"@type":"Organization","@id":"https:\/\/sumkcaps.com\/#organization","name":"Sumkcaps-China Original Kopfbedeckungen Hersteller und Lieferanten","url":"https:\/\/sumkcaps.com\/","logo":{"@type":"ImageObject","inLanguage":"de","@id":"https:\/\/sumkcaps.com\/#\/schema\/logo\/image\/","url":"https:\/\/sumkcaps.com\/wp-content\/uploads\/2025\/12\/1234.jpg","contentUrl":"https:\/\/sumkcaps.com\/wp-content\/uploads\/2025\/12\/1234.jpg","width":800,"height":800,"caption":"Sumkcaps-China Original Headwear Manufacturer and Suppliers"},"image":{"@id":"https:\/\/sumkcaps.com\/#\/schema\/logo\/image\/"},"sameAs":["https:\/\/www.facebook.com\/sumkcap","https:\/\/www.instagram.com\/sumkcaps7\/","https:\/\/www.pinterest.com\/sumkcapschina\/"]}]}},"taxonomy_info":{"product_cat":[{"value":42,"label":"Snapback Hats Wholesale"}]},"featured_image_src_large":["https:\/\/sumkcaps.com\/wp-content\/uploads\/2022\/10\/6_panel_embroidery_wool_blend_fitted_snapback_cap-6-1024x1024.jpg",800,800,true],"author_info":[],"comment_info":"","_links":{"self":[{"href":"https:\/\/sumkcaps.com\/de\/wp-json\/wp\/v2\/product\/18109","targetHints":{"allow":["GET"]}}],"collection":[{"href":"https:\/\/sumkcaps.com\/de\/wp-json\/wp\/v2\/product"}],"about":[{"href":"https:\/\/sumkcaps.com\/de\/wp-json\/wp\/v2\/types\/product"}],"wp:featuredmedia":[{"embeddable":true,"href":"https:\/\/sumkcaps.com\/de\/wp-json\/wp\/v2\/media\/18115"}],"wp:attachment":[{"href":"https:\/\/sumkcaps.com\/de\/wp-json\/wp\/v2\/media?parent=18109"}],"wp:term":[{"taxonomy":"product_brand","embeddable":true,"href":"https:\/\/sumkcaps.com\/de\/wp-json\/wp\/v2\/product_brand?post=18109"},{"taxonomy":"product_cat","embeddable":true,"href":"https:\/\/sumkcaps.com\/de\/wp-json\/wp\/v2\/product_cat?post=18109"},{"taxonomy":"product_tag","embeddable":true,"href":"https:\/\/sumkcaps.com\/de\/wp-json\/wp\/v2\/product_tag?post=18109"}],"curies":[{"name":"wp","href":"https:\/\/api.w.org\/{rel}","templated":true}]}}