{"id":18095,"date":"2022-10-27T10:33:45","date_gmt":"2022-10-27T02:33:45","guid":{"rendered":"https:\/\/sumkcaps.com\/?post_type=product&#038;p=18095"},"modified":"2026-02-06T14:18:34","modified_gmt":"2026-02-06T06:18:34","slug":"sufox-231131-custom-six-panel-flat-embroidery-snapback-cap","status":"publish","type":"product","link":"https:\/\/sumkcaps.com\/de\/produkt\/sufox-231131-benutzerdefinierte-sechs-panel-flach-stickerei-snapback-cap\/","title":{"rendered":"Sumkcaps 231131 Benutzerdefinierte sechs Panel flach Stickerei Snapback Cap"},"content":{"rendered":"<h3 data-start=\"141\" data-end=\"157\">Dekoration<\/h3>\n<p data-start=\"158\" data-end=\"552\">Diese Snapback-Cap verf\u00fcgt \u00fcber eine individuelle Flachstickerei, die saubere, pr\u00e4zise Designs erm\u00f6glicht. Die Flachstickerei ist ideal f\u00fcr Logos, Text und einfache Grafiken und sorgt f\u00fcr ein professionelles, langlebiges Finish. Die Stickerei ist klar und scharf und macht diese Kappe zu einem herausragenden St\u00fcck f\u00fcr jede Marke, jedes Team oder jede Werbeanwendung. Das minimalistische Design der Flachstickerei verleiht ihr einen zeitlosen und anspruchsvollen Reiz.<\/p>\n<h3 data-start=\"554\" data-end=\"568\">Material<\/h3>\n<p data-start=\"569\" data-end=\"977\">Diese aus 100%-Acryl gefertigte Kappe ist sowohl leicht als auch langlebig. Acryl ist bekannt f\u00fcr seine F\u00e4higkeit, leuchtende Farben zu bewahren und nicht zu verblassen, sodass Ihre individuellen Designs auch im Laufe der Zeit scharf und hell bleiben. Das Material ist atmungsaktiv, bequem und feuchtigkeitsableitend und bietet ganzt\u00e4gigen Tragekomfort. Acryl ist au\u00dferdem pflegeleicht und somit eine praktische Wahl sowohl f\u00fcr den t\u00e4glichen Gebrauch als auch f\u00fcr Werbezwecke.<\/p>\n<h3 data-start=\"979\" data-end=\"990\">Farbe<\/h3>\n<p data-start=\"991\" data-end=\"1392\">Diese Kappe ist in anpassbaren Farben erh\u00e4ltlich, die Ihnen die Flexibilit\u00e4t bieten, den perfekten Farbton f\u00fcr Ihr Branding oder Ihre Designanforderungen auszuw\u00e4hlen. Ganz gleich, ob Sie einen kr\u00e4ftigen, lebhaften Farbton oder einen eher neutralen Ton ben\u00f6tigen, die Farboptionen sind anpassbar. Die <strong data-start=\"1242\" data-end=\"1258\">anpassbar<\/strong> Diese Kappe eignet sich hervorragend f\u00fcr Personalisierungen, Werbegeschenke oder Uniformen, die eine bestimmte Farbkombination erfordern.<\/p>\n<h3 data-start=\"1394\" data-end=\"1410\">Passform &amp; Gr\u00f6\u00dfe<\/h3>\n<p data-start=\"1411\" data-end=\"1808\">Die verstellbare OSFM-Kappe (One Size Fits Most) ist f\u00fcr Kopfgr\u00f6\u00dfen von 7 bis 7 3\/4 geeignet. Der verstellbare Snapback-Verschluss sorgt f\u00fcr einen bequemen und sicheren Sitz und bietet Komfort f\u00fcr eine breite Palette von Personen. Diese universelle Gr\u00f6\u00dfe macht sie zu einer idealen Option f\u00fcr Gruppenveranstaltungen, Werbegeschenke oder Freizeitkleidung und stellt sicher, dass jeder eine individuell angepasste Kappe genie\u00dfen kann.<\/p>\n<h3 data-start=\"1810\" data-end=\"1821\">Visier<\/h3>\n<p data-start=\"1822\" data-end=\"2219\">Die Kappe hat einen flachen Schirm und bietet einen klaren, modernen Look, der in der Streetwear und der Freizeitmode beliebt ist. Der flache Schirm tr\u00e4gt nicht nur zum stilvollen Erscheinungsbild bei, sondern bietet auch Sonnenschutz und ist somit sowohl praktisch als auch modisch. Die Steifigkeit des flachen Schirms tr\u00e4gt dazu bei, dass die Form der Kappe erhalten bleibt, so dass sie auch nach l\u00e4ngerem Tragen strukturiert bleibt und eine lange Lebensdauer hat.<\/p>\n<h3 data-start=\"2221\" data-end=\"2234\">Dienst<\/h3>\n<p data-start=\"2235\" data-end=\"2600\">Dieses Produkt ist f\u00fcr OEM- und ODM-Services verf\u00fcgbar und bietet vollst\u00e4ndige Flexibilit\u00e4t bei der Anpassung. Ganz gleich, ob Sie \u00c4nderungen am Design, eine bestimmte Farbauswahl oder die Platzierung eines Logos w\u00fcnschen, die Kappe kann genau auf Ihre Anforderungen zugeschnitten werden. Dies macht sie perfekt f\u00fcr individuelle Bestellungen, Werbematerialien oder Waren, die mit der Identit\u00e4t Ihrer Marke \u00fcbereinstimmen m\u00fcssen.<\/p>\n<h3 data-start=\"2602\" data-end=\"2623\">Durchlaufzeit<\/h3>\n<p data-start=\"2624\" data-end=\"2980\">Die Erstellung eines Musters dauert etwa 7-9 Arbeitstage, so dass Sie das Design pr\u00fcfen k\u00f6nnen, bevor Sie eine vollst\u00e4ndige Bestellung aufgeben. Nach der Freigabe des Musters betr\u00e4gt die Produktionszeit f\u00fcr Gro\u00dfbestellungen in der Regel 18-22 Arbeitstage. So ist sichergestellt, dass Sie Ihre individuellen Caps rechtzeitig f\u00fcr Veranstaltungen, Markteinf\u00fchrungen oder andere geplante Anl\u00e4sse erhalten.<\/p>","protected":false},"excerpt":{"rendered":"<p>Sumkcaps 231131 benutzerdefinierte sechs Panel flache Stickerei Snapback Cap ist eines der beliebtesten Cap-Stil, leicht und atmungsaktiv gut. Unsere Snapbacks kommen in einer Vielzahl von Stilen und Farben aus allen Top-Marken.<\/p>","protected":false},"featured_media":18096,"template":"","meta":{"_acf_changed":false,"_kad_blocks_custom_css":"","_kad_blocks_head_custom_js":"","_kad_blocks_body_custom_js":"","_kad_blocks_footer_custom_js":""},"product_brand":[],"product_cat":[42],"product_tag":[],"class_list":{"0":"post-18095","1":"product","2":"type-product","3":"status-publish","4":"has-post-thumbnail","6":"product_cat-snapback-cap","8":"first","9":"outofstock","10":"shipping-taxable","11":"product-type-simple"},"acf":[],"yoast_head":"<!-- This site is optimized with the Yoast SEO Premium plugin v20.8 (Yoast SEO v25.9) - https:\/\/yoast.com\/wordpress\/plugins\/seo\/ -->\n<title>Custom 6 Panel Embroidery Snapback Cap | China Manufactuer<\/title>\n<meta name=\"description\" content=\"More Than 10 Years Of Experience In The Headwear Industry. Cap Manufacturers.100% Satisfaction Guarantee. Expert Service. Bulk Discount. Quick delivery.\" \/>\n<meta name=\"robots\" content=\"index, follow, max-snippet:-1, max-image-preview:large, max-video-preview:-1\" \/>\n<link rel=\"canonical\" href=\"https:\/\/sumkcaps.com\/de\/produkt\/sufox-231131-benutzerdefinierte-sechs-panel-flach-stickerei-snapback-cap\/\" \/>\n<meta property=\"og:locale\" content=\"de_DE\" \/>\n<meta property=\"og:type\" content=\"article\" \/>\n<meta property=\"og:title\" content=\"Sumkcaps 231131 Custom Six Panel Flat Embroidery Snapback Cap - Sumkcaps\" \/>\n<meta property=\"og:description\" content=\"More Than 10 Years Of Experience In The Headwear Industry. Cap Manufacturers.100% Satisfaction Guarantee. Expert Service. Bulk Discount. Quick delivery.\" \/>\n<meta property=\"og:url\" content=\"https:\/\/sumkcaps.com\/de\/produkt\/sufox-231131-benutzerdefinierte-sechs-panel-flach-stickerei-snapback-cap\/\" \/>\n<meta property=\"og:site_name\" content=\"Sumkcaps-China Original Headwear Manufacturer and Suppliers\" \/>\n<meta property=\"article:publisher\" content=\"https:\/\/www.facebook.com\/sumkcap\" \/>\n<meta property=\"article:modified_time\" content=\"2026-02-06T06:18:34+00:00\" \/>\n<meta property=\"og:image\" content=\"https:\/\/sumkcaps.com\/wp-content\/uploads\/2022\/10\/6_panel_flat_embroidery_snapback_cap-1-3-scaled.jpg\" \/>\n\t<meta property=\"og:image:width\" content=\"2560\" \/>\n\t<meta property=\"og:image:height\" content=\"2560\" \/>\n\t<meta property=\"og:image:type\" content=\"image\/jpeg\" \/>\n<meta name=\"twitter:card\" content=\"summary_large_image\" \/>\n<meta name=\"twitter:label1\" content=\"Gesch\u00e4tzte Lesezeit\" \/>\n\t<meta name=\"twitter:data1\" content=\"3\u00a0Minuten\" \/>\n<script type=\"application\/ld+json\" class=\"yoast-schema-graph\">{\"@context\":\"https:\/\/schema.org\",\"@graph\":[{\"@type\":\"WebPage\",\"@id\":\"https:\/\/sumkcaps.com\/product\/sufox-231131-custom-six-panel-flat-embroidery-snapback-cap\/\",\"url\":\"https:\/\/sumkcaps.com\/product\/sufox-231131-custom-six-panel-flat-embroidery-snapback-cap\/\",\"name\":\"Custom 6 Panel Embroidery Snapback Cap | China Manufactuer\",\"isPartOf\":{\"@id\":\"https:\/\/sumkcaps.com\/#website\"},\"primaryImageOfPage\":{\"@id\":\"https:\/\/sumkcaps.com\/product\/sufox-231131-custom-six-panel-flat-embroidery-snapback-cap\/#primaryimage\"},\"image\":{\"@id\":\"https:\/\/sumkcaps.com\/product\/sufox-231131-custom-six-panel-flat-embroidery-snapback-cap\/#primaryimage\"},\"thumbnailUrl\":\"https:\/\/sumkcaps.com\/wp-content\/uploads\/2022\/10\/6_panel_flat_embroidery_snapback_cap-1-3-scaled.jpg\",\"datePublished\":\"2022-10-27T02:33:45+00:00\",\"dateModified\":\"2026-02-06T06:18:34+00:00\",\"description\":\"More Than 10 Years Of Experience In The Headwear Industry. Cap Manufacturers.100% Satisfaction Guarantee. Expert Service. Bulk Discount. Quick delivery.\",\"breadcrumb\":{\"@id\":\"https:\/\/sumkcaps.com\/product\/sufox-231131-custom-six-panel-flat-embroidery-snapback-cap\/#breadcrumb\"},\"inLanguage\":\"de\",\"potentialAction\":[{\"@type\":\"ReadAction\",\"target\":[\"https:\/\/sumkcaps.com\/product\/sufox-231131-custom-six-panel-flat-embroidery-snapback-cap\/\"]}]},{\"@type\":\"ImageObject\",\"inLanguage\":\"de\",\"@id\":\"https:\/\/sumkcaps.com\/product\/sufox-231131-custom-six-panel-flat-embroidery-snapback-cap\/#primaryimage\",\"url\":\"https:\/\/sumkcaps.com\/wp-content\/uploads\/2022\/10\/6_panel_flat_embroidery_snapback_cap-1-3-scaled.jpg\",\"contentUrl\":\"https:\/\/sumkcaps.com\/wp-content\/uploads\/2022\/10\/6_panel_flat_embroidery_snapback_cap-1-3-scaled.jpg\",\"width\":2560,\"height\":2560},{\"@type\":\"BreadcrumbList\",\"@id\":\"https:\/\/sumkcaps.com\/product\/sufox-231131-custom-six-panel-flat-embroidery-snapback-cap\/#breadcrumb\",\"itemListElement\":[{\"@type\":\"ListItem\",\"position\":1,\"name\":\"Home\",\"item\":\"https:\/\/sumkcaps.com\/\"},{\"@type\":\"ListItem\",\"position\":2,\"name\":\"Products\",\"item\":\"https:\/\/sumkcaps.com\/product\/\"},{\"@type\":\"ListItem\",\"position\":3,\"name\":\"Sumkcaps 231131 Custom Six Panel Flat Embroidery Snapback Cap\"}]},{\"@type\":\"WebSite\",\"@id\":\"https:\/\/sumkcaps.com\/#website\",\"url\":\"https:\/\/sumkcaps.com\/\",\"name\":\"Sumkcaps-China Original Headwear Manufacturer and Suppliers\",\"description\":\"We are China Cap And Hat Original Factory, whose main business is to custom cap and hat as client&#039;s LOGO. Any cap style, any cap color, any qty, any material and qty is no problem. In one words, any small details can be customized as your request.\",\"publisher\":{\"@id\":\"https:\/\/sumkcaps.com\/#organization\"},\"potentialAction\":[{\"@type\":\"SearchAction\",\"target\":{\"@type\":\"EntryPoint\",\"urlTemplate\":\"https:\/\/sumkcaps.com\/?s={search_term_string}\"},\"query-input\":{\"@type\":\"PropertyValueSpecification\",\"valueRequired\":true,\"valueName\":\"search_term_string\"}}],\"inLanguage\":\"de\"},{\"@type\":\"Organization\",\"@id\":\"https:\/\/sumkcaps.com\/#organization\",\"name\":\"Sumkcaps-China Original Headwear Manufacturer and Suppliers\",\"url\":\"https:\/\/sumkcaps.com\/\",\"logo\":{\"@type\":\"ImageObject\",\"inLanguage\":\"de\",\"@id\":\"https:\/\/sumkcaps.com\/#\/schema\/logo\/image\/\",\"url\":\"https:\/\/sumkcaps.com\/wp-content\/uploads\/2025\/12\/1234.jpg\",\"contentUrl\":\"https:\/\/sumkcaps.com\/wp-content\/uploads\/2025\/12\/1234.jpg\",\"width\":800,\"height\":800,\"caption\":\"Sumkcaps-China Original Headwear Manufacturer and Suppliers\"},\"image\":{\"@id\":\"https:\/\/sumkcaps.com\/#\/schema\/logo\/image\/\"},\"sameAs\":[\"https:\/\/www.facebook.com\/sumkcap\",\"https:\/\/www.instagram.com\/sumkcaps7\/\",\"https:\/\/www.pinterest.com\/sumkcapschina\/\"]}]}<\/script>\n<!-- \/ Yoast SEO Premium plugin. -->","yoast_head_json":{"title":"Benutzerdefinierte 6 Panel Stickerei Snapback Cap | China Manufactuer","description":"Mehr als 10 Jahre Erfahrung in der Kopfbedeckungsindustrie. Cap Hersteller.100% Zufriedenheitsgarantie. Fachm\u00e4nnischer Service. Gro\u00dfer Rabatt. Schnelle Lieferung.","robots":{"index":"index","follow":"follow","max-snippet":"max-snippet:-1","max-image-preview":"max-image-preview:large","max-video-preview":"max-video-preview:-1"},"canonical":"https:\/\/sumkcaps.com\/de\/produkt\/sufox-231131-benutzerdefinierte-sechs-panel-flach-stickerei-snapback-cap\/","og_locale":"de_DE","og_type":"article","og_title":"Sumkcaps 231131 Custom Six Panel Flat Embroidery Snapback Cap - Sumkcaps","og_description":"More Than 10 Years Of Experience In The Headwear Industry. Cap Manufacturers.100% Satisfaction Guarantee. Expert Service. Bulk Discount. Quick delivery.","og_url":"https:\/\/sumkcaps.com\/de\/produkt\/sufox-231131-benutzerdefinierte-sechs-panel-flach-stickerei-snapback-cap\/","og_site_name":"Sumkcaps-China Original Headwear Manufacturer and Suppliers","article_publisher":"https:\/\/www.facebook.com\/sumkcap","article_modified_time":"2026-02-06T06:18:34+00:00","og_image":[{"width":2560,"height":2560,"url":"https:\/\/sumkcaps.com\/wp-content\/uploads\/2022\/10\/6_panel_flat_embroidery_snapback_cap-1-3-scaled.jpg","type":"image\/jpeg"}],"twitter_card":"summary_large_image","twitter_misc":{"Gesch\u00e4tzte Lesezeit":"3\u00a0Minuten"},"schema":{"@context":"https:\/\/schema.org","@graph":[{"@type":"WebPage","@id":"https:\/\/sumkcaps.com\/product\/sufox-231131-custom-six-panel-flat-embroidery-snapback-cap\/","url":"https:\/\/sumkcaps.com\/product\/sufox-231131-custom-six-panel-flat-embroidery-snapback-cap\/","name":"Benutzerdefinierte 6 Panel Stickerei Snapback Cap | China Manufactuer","isPartOf":{"@id":"https:\/\/sumkcaps.com\/#website"},"primaryImageOfPage":{"@id":"https:\/\/sumkcaps.com\/product\/sufox-231131-custom-six-panel-flat-embroidery-snapback-cap\/#primaryimage"},"image":{"@id":"https:\/\/sumkcaps.com\/product\/sufox-231131-custom-six-panel-flat-embroidery-snapback-cap\/#primaryimage"},"thumbnailUrl":"https:\/\/sumkcaps.com\/wp-content\/uploads\/2022\/10\/6_panel_flat_embroidery_snapback_cap-1-3-scaled.jpg","datePublished":"2022-10-27T02:33:45+00:00","dateModified":"2026-02-06T06:18:34+00:00","description":"Mehr als 10 Jahre Erfahrung in der Kopfbedeckungsindustrie. Cap Hersteller.100% Zufriedenheitsgarantie. Fachm\u00e4nnischer Service. Gro\u00dfer Rabatt. Schnelle Lieferung.","breadcrumb":{"@id":"https:\/\/sumkcaps.com\/product\/sufox-231131-custom-six-panel-flat-embroidery-snapback-cap\/#breadcrumb"},"inLanguage":"de","potentialAction":[{"@type":"ReadAction","target":["https:\/\/sumkcaps.com\/product\/sufox-231131-custom-six-panel-flat-embroidery-snapback-cap\/"]}]},{"@type":"ImageObject","inLanguage":"de","@id":"https:\/\/sumkcaps.com\/product\/sufox-231131-custom-six-panel-flat-embroidery-snapback-cap\/#primaryimage","url":"https:\/\/sumkcaps.com\/wp-content\/uploads\/2022\/10\/6_panel_flat_embroidery_snapback_cap-1-3-scaled.jpg","contentUrl":"https:\/\/sumkcaps.com\/wp-content\/uploads\/2022\/10\/6_panel_flat_embroidery_snapback_cap-1-3-scaled.jpg","width":2560,"height":2560},{"@type":"BreadcrumbList","@id":"https:\/\/sumkcaps.com\/product\/sufox-231131-custom-six-panel-flat-embroidery-snapback-cap\/#breadcrumb","itemListElement":[{"@type":"ListItem","position":1,"name":"Home","item":"https:\/\/sumkcaps.com\/"},{"@type":"ListItem","position":2,"name":"Products","item":"https:\/\/sumkcaps.com\/product\/"},{"@type":"ListItem","position":3,"name":"Sumkcaps 231131 Custom Six Panel Flat Embroidery Snapback Cap"}]},{"@type":"WebSite","@id":"https:\/\/sumkcaps.com\/#website","url":"https:\/\/sumkcaps.com\/","name":"Sumkcaps-China Original Kopfbedeckungen Hersteller und Lieferanten","description":"Wir sind China Cap And Hat Original Factory, deren Hauptgesch\u00e4ft ist es, benutzerdefinierte Kappe und Hut als Client &amp; #039; s LOGO. Jede Kappe Stil, jede Kappe Farbe, jede Menge, jedes Material und Menge ist kein Problem. In einem Wort, k\u00f6nnen alle kleinen Details als Ihre Anfrage angepasst werden.","publisher":{"@id":"https:\/\/sumkcaps.com\/#organization"},"potentialAction":[{"@type":"SearchAction","target":{"@type":"EntryPoint","urlTemplate":"https:\/\/sumkcaps.com\/?s={search_term_string}"},"query-input":{"@type":"PropertyValueSpecification","valueRequired":true,"valueName":"search_term_string"}}],"inLanguage":"de"},{"@type":"Organization","@id":"https:\/\/sumkcaps.com\/#organization","name":"Sumkcaps-China Original Kopfbedeckungen Hersteller und Lieferanten","url":"https:\/\/sumkcaps.com\/","logo":{"@type":"ImageObject","inLanguage":"de","@id":"https:\/\/sumkcaps.com\/#\/schema\/logo\/image\/","url":"https:\/\/sumkcaps.com\/wp-content\/uploads\/2025\/12\/1234.jpg","contentUrl":"https:\/\/sumkcaps.com\/wp-content\/uploads\/2025\/12\/1234.jpg","width":800,"height":800,"caption":"Sumkcaps-China Original Headwear Manufacturer and Suppliers"},"image":{"@id":"https:\/\/sumkcaps.com\/#\/schema\/logo\/image\/"},"sameAs":["https:\/\/www.facebook.com\/sumkcap","https:\/\/www.instagram.com\/sumkcaps7\/","https:\/\/www.pinterest.com\/sumkcapschina\/"]}]}},"taxonomy_info":{"product_cat":[{"value":42,"label":"Snapback Hats Wholesale"}]},"featured_image_src_large":["https:\/\/sumkcaps.com\/wp-content\/uploads\/2022\/10\/6_panel_flat_embroidery_snapback_cap-1-3-1024x1024.jpg",800,800,true],"author_info":[],"comment_info":"","_links":{"self":[{"href":"https:\/\/sumkcaps.com\/de\/wp-json\/wp\/v2\/product\/18095","targetHints":{"allow":["GET"]}}],"collection":[{"href":"https:\/\/sumkcaps.com\/de\/wp-json\/wp\/v2\/product"}],"about":[{"href":"https:\/\/sumkcaps.com\/de\/wp-json\/wp\/v2\/types\/product"}],"wp:featuredmedia":[{"embeddable":true,"href":"https:\/\/sumkcaps.com\/de\/wp-json\/wp\/v2\/media\/18096"}],"wp:attachment":[{"href":"https:\/\/sumkcaps.com\/de\/wp-json\/wp\/v2\/media?parent=18095"}],"wp:term":[{"taxonomy":"product_brand","embeddable":true,"href":"https:\/\/sumkcaps.com\/de\/wp-json\/wp\/v2\/product_brand?post=18095"},{"taxonomy":"product_cat","embeddable":true,"href":"https:\/\/sumkcaps.com\/de\/wp-json\/wp\/v2\/product_cat?post=18095"},{"taxonomy":"product_tag","embeddable":true,"href":"https:\/\/sumkcaps.com\/de\/wp-json\/wp\/v2\/product_tag?post=18095"}],"curies":[{"name":"wp","href":"https:\/\/api.w.org\/{rel}","templated":true}]}}