{"id":17684,"date":"2022-10-25T10:24:51","date_gmt":"2022-10-25T02:24:51","guid":{"rendered":"https:\/\/sumkcaps.com\/?post_type=product&#038;p=17684"},"modified":"2026-03-04T14:32:20","modified_gmt":"2026-03-04T06:32:20","slug":"sufox-231080-custom-six-panel-flat-embroidery-snapback-cap","status":"publish","type":"product","link":"https:\/\/sumkcaps.com\/de\/produkt\/sufox-231080-benutzerdefinierte-sechs-panel-flach-stickerei-snapback-cap\/","title":{"rendered":"Sumkcaps 231080 Benutzerdefinierte sechs Panel flach Stickerei Snapback Cap"},"content":{"rendered":"<div class=\"flex flex-col text-sm\">\n<article class=\"text-token-text-primary w-full focus:outline-none [--shadow-height:45px] has-data-writing-block:pointer-events-none has-data-writing-block:-mt-(--shadow-height) has-data-writing-block:pt-(--shadow-height) [&amp;:has([data-writing-block])&gt;*]:pointer-events-auto scroll-mt-[calc(var(--header-height)+min(200px,max(70px,20svh)))]\" dir=\"auto\" tabindex=\"-1\" data-turn-id=\"request-69a533f8-b908-8320-af5c-a60756ee5572-8\" data-testid=\"conversation-turn-40\" data-scroll-anchor=\"true\" data-turn=\"assistant\">\n<div class=\"text-base my-auto mx-auto pb-10 [--thread-content-margin:--spacing(4)] @w-sm\/main:[--thread-content-margin:--spacing(6)] @w-lg\/main:[--thread-content-margin:--spacing(16)] px-(--thread-content-margin)\">\n<div class=\"[--thread-content-max-width:40rem] @w-lg\/main:[--thread-content-max-width:48rem] mx-auto max-w-(--thread-content-max-width) flex-1 group\/turn-messages focus-visible:outline-hidden relative flex w-full min-w-0 flex-col agent-turn\" tabindex=\"-1\">\n<div class=\"flex max-w-full flex-col grow\">\n<div class=\"min-h-8 text-message relative flex w-full flex-col items-end gap-2 text-start break-words whitespace-normal [.text-message+&amp;]:mt-1\" dir=\"auto\" data-message-author-role=\"assistant\" data-message-id=\"d6e33bb2-5e69-47bc-ab34-ffc575b46f97\" data-message-model-slug=\"gpt-5-2\">\n<div class=\"flex w-full flex-col gap-1 empty:hidden first:pt-[1px]\">\n<div class=\"markdown prose dark:prose-invert w-full wrap-break-word light markdown-new-styling\">\n<h3 data-start=\"71\" data-end=\"413\"><strong data-start=\"71\" data-end=\"103\">Dekoration<\/strong><\/h3>\n<p data-start=\"71\" data-end=\"413\">Diese Snapback-Cap mit sechs Paneelen verf\u00fcgt \u00fcber eine pr\u00e4zise Flachstickerei, die f\u00fcr ein sauberes und raffiniertes Logo-Finish sorgt. Die Stickerei liegt gleichm\u00e4\u00dfig auf der Stoffoberfl\u00e4che und sorgt f\u00fcr scharfe Details und eine professionelle Pr\u00e4sentation. Die Flachstickerei ist ideal f\u00fcr komplizierte Logos und Textdesigns, die Klarheit und Haltbarkeit erfordern.<\/p>\n<h3 data-start=\"415\" data-end=\"711\"><strong data-start=\"415\" data-end=\"442\">Material<\/strong><\/h3>\n<p data-start=\"415\" data-end=\"711\">Diese M\u00fctze aus 100%-Acrylgewebe bietet eine hervorragende Struktur und lange Haltbarkeit. Das Material beh\u00e4lt seine Form bei und ist gleichzeitig leicht und bequem. Es ist resistent gegen Falten und Ausbleichen und bietet eine stabile Grundlage f\u00fcr hochwertige Stickereien.<\/p>\n<h3 data-start=\"713\" data-end=\"996\"><strong data-start=\"713\" data-end=\"735\">Farbe<\/strong><\/h3>\n<p data-start=\"713\" data-end=\"996\">Vollst\u00e4ndig anpassbare Farboptionen erm\u00f6glichen es Ihnen, Ihre Markenidentit\u00e4t oder Ihr Werbethema zu verwirklichen. Von subtilen klassischen T\u00f6nen bis hin zu kr\u00e4ftigen Statement-Farben kann die Kappe nach Ihren Vorgaben hergestellt werden, um ein unverwechselbares und marktf\u00e4higes Produkt zu schaffen.<\/p>\n<h3 data-start=\"998\" data-end=\"1245\"><strong data-start=\"998\" data-end=\"1031\">Passform &amp; Gr\u00f6\u00dfe<\/strong><\/h3>\n<p data-start=\"998\" data-end=\"1245\">Diese M\u00fctze mit verstellbarem Snapback-Verschluss passt den meisten Kopfgr\u00f6\u00dfen bequem. Der OSFM-Bereich (7 - 7 3\/4) sorgt f\u00fcr eine flexible Anpassung und einen sicheren Sitz, geeignet f\u00fcr das t\u00e4gliche Tragen oder f\u00fcr Outdoor-Aktivit\u00e4ten.<\/p>\n<h3 data-start=\"1247\" data-end=\"1503\"><strong data-start=\"1247\" data-end=\"1268\">Visier<\/strong><\/h3>\n<p data-start=\"1247\" data-end=\"1503\">Der flache Schirm sorgt f\u00fcr ein modernes und strukturiertes Erscheinungsbild bei gleichzeitiger Haltbarkeit. Er erg\u00e4nzt das cleane Stickereidesign und bietet effektiven Sonnenschutz, wodurch er ideal f\u00fcr Streetwear und sportlich inspirierte Styles ist.<\/p>\n<h3 data-start=\"1505\" data-end=\"1756\"><strong data-start=\"1505\" data-end=\"1528\">Dienst<\/strong><\/h3>\n<p data-start=\"1505\" data-end=\"1756\">Professionelle OEM- und ODM-Dienste stehen zur Verf\u00fcgung, um eine vollst\u00e4ndige Anpassung zu erm\u00f6glichen. Von der Platzierung von Stickereien und Branding-Details bis hin zu Verpackungsl\u00f6sungen kann jeder Aspekt auf Ihre Bed\u00fcrfnisse zugeschnitten werden - und das bei gleichbleibender Qualit\u00e4tskontrolle.<\/p>\n<h3 data-start=\"1758\" data-end=\"2010\"><strong data-start=\"1758\" data-end=\"1795\">Durchlaufzeit<\/strong><\/h3>\n<p data-start=\"1758\" data-end=\"2010\" data-is-last-node=\"\" data-is-only-node=\"\">Die Herstellung von Mustern dauert in der Regel 7-9 Arbeitstage f\u00fcr eine schnelle Genehmigung. F\u00fcr die Massenproduktion werden etwa 18-22 Arbeitstage ben\u00f6tigt. Eine effiziente Produktionsplanung gew\u00e4hrleistet eine zuverl\u00e4ssige und rechtzeitige Lieferung f\u00fcr alle Auftr\u00e4ge.<\/p>\n<\/div>\n<\/div>\n<\/div>\n<\/div>\n<div class=\"z-0 flex min-h-[46px] justify-start\"><\/div>\n<div class=\"mt-3 w-full empty:hidden\">\n<div class=\"text-center\"><\/div>\n<\/div>\n<\/div>\n<\/div>\n<\/article>\n<\/div>\n<div class=\"pointer-events-none h-px w-px absolute bottom-0\" aria-hidden=\"true\" data-edge=\"true\"><\/div>","protected":false},"excerpt":{"rendered":"<p>Sumkcaps 231080 benutzerdefinierte sechs Panel flache Stickerei Snapback Cap ist eines der beliebtesten Cap-Stil, leicht und atmungsaktiv gut. Unsere Snapbacks kommen in einer Vielzahl von Stilen und Farben aus allen Top-Marken.<\/p>","protected":false},"featured_media":17685,"template":"","meta":{"_acf_changed":false,"_kad_blocks_custom_css":"","_kad_blocks_head_custom_js":"","_kad_blocks_body_custom_js":"","_kad_blocks_footer_custom_js":""},"product_brand":[],"product_cat":[42],"product_tag":[],"class_list":{"0":"post-17684","1":"product","2":"type-product","3":"status-publish","4":"has-post-thumbnail","6":"product_cat-snapback-cap","8":"first","9":"outofstock","10":"shipping-taxable","11":"product-type-simple"},"acf":[],"yoast_head":"<!-- This site is optimized with the Yoast SEO Premium plugin v20.8 (Yoast SEO v25.9) - https:\/\/yoast.com\/wordpress\/plugins\/seo\/ -->\n<title>Custom 6 Panel Embroidery Snapback Cap | China Manufactuer<\/title>\n<meta name=\"description\" content=\"High Quality China Custom Headwear Manufacturer. Top Quality Products At Best Prices. Add Your Logo or Custom Design Online. Expert Service. Bulk Discount.\" \/>\n<meta name=\"robots\" content=\"index, follow, max-snippet:-1, max-image-preview:large, max-video-preview:-1\" \/>\n<link rel=\"canonical\" href=\"https:\/\/sumkcaps.com\/de\/produkt\/sufox-231080-benutzerdefinierte-sechs-panel-flach-stickerei-snapback-cap\/\" \/>\n<meta property=\"og:locale\" content=\"de_DE\" \/>\n<meta property=\"og:type\" content=\"article\" \/>\n<meta property=\"og:title\" content=\"Sumkcaps 231080 Custom Six Panel Flat Embroidery Snapback Cap - Sumkcaps\" \/>\n<meta property=\"og:description\" content=\"High Quality China Custom Headwear Manufacturer. Top Quality Products At Best Prices. Add Your Logo or Custom Design Online. Expert Service. Bulk Discount.\" \/>\n<meta property=\"og:url\" content=\"https:\/\/sumkcaps.com\/de\/produkt\/sufox-231080-benutzerdefinierte-sechs-panel-flach-stickerei-snapback-cap\/\" \/>\n<meta property=\"og:site_name\" content=\"Sumkcaps-China Original Headwear Manufacturer and Suppliers\" \/>\n<meta property=\"article:publisher\" content=\"https:\/\/www.facebook.com\/sumkcap\" \/>\n<meta property=\"article:modified_time\" content=\"2026-03-04T06:32:20+00:00\" \/>\n<meta property=\"og:image\" content=\"https:\/\/sumkcaps.com\/wp-content\/uploads\/2022\/10\/6_panel_flat_embroidery_snapback_cap-1-scaled.jpg\" \/>\n\t<meta property=\"og:image:width\" content=\"2560\" \/>\n\t<meta property=\"og:image:height\" content=\"2560\" \/>\n\t<meta property=\"og:image:type\" content=\"image\/jpeg\" \/>\n<meta name=\"twitter:card\" content=\"summary_large_image\" \/>\n<meta name=\"twitter:label1\" content=\"Gesch\u00e4tzte Lesezeit\" \/>\n\t<meta name=\"twitter:data1\" content=\"2\u00a0Minuten\" \/>\n<script type=\"application\/ld+json\" class=\"yoast-schema-graph\">{\"@context\":\"https:\/\/schema.org\",\"@graph\":[{\"@type\":\"WebPage\",\"@id\":\"https:\/\/sumkcaps.com\/product\/sufox-231080-custom-six-panel-flat-embroidery-snapback-cap\/\",\"url\":\"https:\/\/sumkcaps.com\/product\/sufox-231080-custom-six-panel-flat-embroidery-snapback-cap\/\",\"name\":\"Custom 6 Panel Embroidery Snapback Cap | China Manufactuer\",\"isPartOf\":{\"@id\":\"https:\/\/sumkcaps.com\/#website\"},\"primaryImageOfPage\":{\"@id\":\"https:\/\/sumkcaps.com\/product\/sufox-231080-custom-six-panel-flat-embroidery-snapback-cap\/#primaryimage\"},\"image\":{\"@id\":\"https:\/\/sumkcaps.com\/product\/sufox-231080-custom-six-panel-flat-embroidery-snapback-cap\/#primaryimage\"},\"thumbnailUrl\":\"https:\/\/sumkcaps.com\/wp-content\/uploads\/2022\/10\/6_panel_flat_embroidery_snapback_cap-1-scaled.jpg\",\"datePublished\":\"2022-10-25T02:24:51+00:00\",\"dateModified\":\"2026-03-04T06:32:20+00:00\",\"description\":\"High Quality China Custom Headwear Manufacturer. Top Quality Products At Best Prices. Add Your Logo or Custom Design Online. Expert Service. Bulk Discount.\",\"breadcrumb\":{\"@id\":\"https:\/\/sumkcaps.com\/product\/sufox-231080-custom-six-panel-flat-embroidery-snapback-cap\/#breadcrumb\"},\"inLanguage\":\"de\",\"potentialAction\":[{\"@type\":\"ReadAction\",\"target\":[\"https:\/\/sumkcaps.com\/product\/sufox-231080-custom-six-panel-flat-embroidery-snapback-cap\/\"]}]},{\"@type\":\"ImageObject\",\"inLanguage\":\"de\",\"@id\":\"https:\/\/sumkcaps.com\/product\/sufox-231080-custom-six-panel-flat-embroidery-snapback-cap\/#primaryimage\",\"url\":\"https:\/\/sumkcaps.com\/wp-content\/uploads\/2022\/10\/6_panel_flat_embroidery_snapback_cap-1-scaled.jpg\",\"contentUrl\":\"https:\/\/sumkcaps.com\/wp-content\/uploads\/2022\/10\/6_panel_flat_embroidery_snapback_cap-1-scaled.jpg\",\"width\":2560,\"height\":2560},{\"@type\":\"BreadcrumbList\",\"@id\":\"https:\/\/sumkcaps.com\/product\/sufox-231080-custom-six-panel-flat-embroidery-snapback-cap\/#breadcrumb\",\"itemListElement\":[{\"@type\":\"ListItem\",\"position\":1,\"name\":\"Home\",\"item\":\"https:\/\/sumkcaps.com\/\"},{\"@type\":\"ListItem\",\"position\":2,\"name\":\"Products\",\"item\":\"https:\/\/sumkcaps.com\/product\/\"},{\"@type\":\"ListItem\",\"position\":3,\"name\":\"Sumkcaps 231080 Custom Six Panel Flat Embroidery Snapback Cap\"}]},{\"@type\":\"WebSite\",\"@id\":\"https:\/\/sumkcaps.com\/#website\",\"url\":\"https:\/\/sumkcaps.com\/\",\"name\":\"Sumkcaps-China Original Headwear Manufacturer and Suppliers\",\"description\":\"We are China Cap And Hat Original Factory, whose main business is to custom cap and hat as client&#039;s LOGO. Any cap style, any cap color, any qty, any material and qty is no problem. In one words, any small details can be customized as your request.\",\"publisher\":{\"@id\":\"https:\/\/sumkcaps.com\/#organization\"},\"potentialAction\":[{\"@type\":\"SearchAction\",\"target\":{\"@type\":\"EntryPoint\",\"urlTemplate\":\"https:\/\/sumkcaps.com\/?s={search_term_string}\"},\"query-input\":{\"@type\":\"PropertyValueSpecification\",\"valueRequired\":true,\"valueName\":\"search_term_string\"}}],\"inLanguage\":\"de\"},{\"@type\":\"Organization\",\"@id\":\"https:\/\/sumkcaps.com\/#organization\",\"name\":\"Sumkcaps-China Original Headwear Manufacturer and Suppliers\",\"url\":\"https:\/\/sumkcaps.com\/\",\"logo\":{\"@type\":\"ImageObject\",\"inLanguage\":\"de\",\"@id\":\"https:\/\/sumkcaps.com\/#\/schema\/logo\/image\/\",\"url\":\"https:\/\/sumkcaps.com\/wp-content\/uploads\/2025\/12\/1234.jpg\",\"contentUrl\":\"https:\/\/sumkcaps.com\/wp-content\/uploads\/2025\/12\/1234.jpg\",\"width\":800,\"height\":800,\"caption\":\"Sumkcaps-China Original Headwear Manufacturer and Suppliers\"},\"image\":{\"@id\":\"https:\/\/sumkcaps.com\/#\/schema\/logo\/image\/\"},\"sameAs\":[\"https:\/\/www.facebook.com\/sumkcap\",\"https:\/\/www.instagram.com\/sumkcaps7\/\",\"https:\/\/www.pinterest.com\/sumkcapschina\/\"]}]}<\/script>\n<!-- \/ Yoast SEO Premium plugin. -->","yoast_head_json":{"title":"Benutzerdefinierte 6 Panel Stickerei Snapback Cap | China Manufactuer","description":"Hohe Qualit\u00e4t China benutzerdefinierte Kopfbedeckungen Hersteller. Hochwertige Produkte zu besten Preisen. F\u00fcgen Sie Ihr Logo oder Ihr individuelles Design online hinzu. Fachm\u00e4nnischer Service. Gro\u00dfer Rabatt.","robots":{"index":"index","follow":"follow","max-snippet":"max-snippet:-1","max-image-preview":"max-image-preview:large","max-video-preview":"max-video-preview:-1"},"canonical":"https:\/\/sumkcaps.com\/de\/produkt\/sufox-231080-benutzerdefinierte-sechs-panel-flach-stickerei-snapback-cap\/","og_locale":"de_DE","og_type":"article","og_title":"Sumkcaps 231080 Custom Six Panel Flat Embroidery Snapback Cap - Sumkcaps","og_description":"High Quality China Custom Headwear Manufacturer. Top Quality Products At Best Prices. Add Your Logo or Custom Design Online. Expert Service. Bulk Discount.","og_url":"https:\/\/sumkcaps.com\/de\/produkt\/sufox-231080-benutzerdefinierte-sechs-panel-flach-stickerei-snapback-cap\/","og_site_name":"Sumkcaps-China Original Headwear Manufacturer and Suppliers","article_publisher":"https:\/\/www.facebook.com\/sumkcap","article_modified_time":"2026-03-04T06:32:20+00:00","og_image":[{"width":2560,"height":2560,"url":"https:\/\/sumkcaps.com\/wp-content\/uploads\/2022\/10\/6_panel_flat_embroidery_snapback_cap-1-scaled.jpg","type":"image\/jpeg"}],"twitter_card":"summary_large_image","twitter_misc":{"Gesch\u00e4tzte Lesezeit":"2\u00a0Minuten"},"schema":{"@context":"https:\/\/schema.org","@graph":[{"@type":"WebPage","@id":"https:\/\/sumkcaps.com\/product\/sufox-231080-custom-six-panel-flat-embroidery-snapback-cap\/","url":"https:\/\/sumkcaps.com\/product\/sufox-231080-custom-six-panel-flat-embroidery-snapback-cap\/","name":"Benutzerdefinierte 6 Panel Stickerei Snapback Cap | China Manufactuer","isPartOf":{"@id":"https:\/\/sumkcaps.com\/#website"},"primaryImageOfPage":{"@id":"https:\/\/sumkcaps.com\/product\/sufox-231080-custom-six-panel-flat-embroidery-snapback-cap\/#primaryimage"},"image":{"@id":"https:\/\/sumkcaps.com\/product\/sufox-231080-custom-six-panel-flat-embroidery-snapback-cap\/#primaryimage"},"thumbnailUrl":"https:\/\/sumkcaps.com\/wp-content\/uploads\/2022\/10\/6_panel_flat_embroidery_snapback_cap-1-scaled.jpg","datePublished":"2022-10-25T02:24:51+00:00","dateModified":"2026-03-04T06:32:20+00:00","description":"Hohe Qualit\u00e4t China benutzerdefinierte Kopfbedeckungen Hersteller. Hochwertige Produkte zu besten Preisen. F\u00fcgen Sie Ihr Logo oder Ihr individuelles Design online hinzu. Fachm\u00e4nnischer Service. Gro\u00dfer Rabatt.","breadcrumb":{"@id":"https:\/\/sumkcaps.com\/product\/sufox-231080-custom-six-panel-flat-embroidery-snapback-cap\/#breadcrumb"},"inLanguage":"de","potentialAction":[{"@type":"ReadAction","target":["https:\/\/sumkcaps.com\/product\/sufox-231080-custom-six-panel-flat-embroidery-snapback-cap\/"]}]},{"@type":"ImageObject","inLanguage":"de","@id":"https:\/\/sumkcaps.com\/product\/sufox-231080-custom-six-panel-flat-embroidery-snapback-cap\/#primaryimage","url":"https:\/\/sumkcaps.com\/wp-content\/uploads\/2022\/10\/6_panel_flat_embroidery_snapback_cap-1-scaled.jpg","contentUrl":"https:\/\/sumkcaps.com\/wp-content\/uploads\/2022\/10\/6_panel_flat_embroidery_snapback_cap-1-scaled.jpg","width":2560,"height":2560},{"@type":"BreadcrumbList","@id":"https:\/\/sumkcaps.com\/product\/sufox-231080-custom-six-panel-flat-embroidery-snapback-cap\/#breadcrumb","itemListElement":[{"@type":"ListItem","position":1,"name":"Home","item":"https:\/\/sumkcaps.com\/"},{"@type":"ListItem","position":2,"name":"Products","item":"https:\/\/sumkcaps.com\/product\/"},{"@type":"ListItem","position":3,"name":"Sumkcaps 231080 Custom Six Panel Flat Embroidery Snapback Cap"}]},{"@type":"WebSite","@id":"https:\/\/sumkcaps.com\/#website","url":"https:\/\/sumkcaps.com\/","name":"Sumkcaps-China Original Kopfbedeckungen Hersteller und Lieferanten","description":"Wir sind China Cap And Hat Original Factory, deren Hauptgesch\u00e4ft ist es, benutzerdefinierte Kappe und Hut als Client &amp; #039; s LOGO. Jede Kappe Stil, jede Kappe Farbe, jede Menge, jedes Material und Menge ist kein Problem. In einem Wort, k\u00f6nnen alle kleinen Details als Ihre Anfrage angepasst werden.","publisher":{"@id":"https:\/\/sumkcaps.com\/#organization"},"potentialAction":[{"@type":"SearchAction","target":{"@type":"EntryPoint","urlTemplate":"https:\/\/sumkcaps.com\/?s={search_term_string}"},"query-input":{"@type":"PropertyValueSpecification","valueRequired":true,"valueName":"search_term_string"}}],"inLanguage":"de"},{"@type":"Organization","@id":"https:\/\/sumkcaps.com\/#organization","name":"Sumkcaps-China Original Kopfbedeckungen Hersteller und Lieferanten","url":"https:\/\/sumkcaps.com\/","logo":{"@type":"ImageObject","inLanguage":"de","@id":"https:\/\/sumkcaps.com\/#\/schema\/logo\/image\/","url":"https:\/\/sumkcaps.com\/wp-content\/uploads\/2025\/12\/1234.jpg","contentUrl":"https:\/\/sumkcaps.com\/wp-content\/uploads\/2025\/12\/1234.jpg","width":800,"height":800,"caption":"Sumkcaps-China Original Headwear Manufacturer and Suppliers"},"image":{"@id":"https:\/\/sumkcaps.com\/#\/schema\/logo\/image\/"},"sameAs":["https:\/\/www.facebook.com\/sumkcap","https:\/\/www.instagram.com\/sumkcaps7\/","https:\/\/www.pinterest.com\/sumkcapschina\/"]}]}},"taxonomy_info":{"product_cat":[{"value":42,"label":"Snapback Hats Wholesale"}]},"featured_image_src_large":["https:\/\/sumkcaps.com\/wp-content\/uploads\/2022\/10\/6_panel_flat_embroidery_snapback_cap-1-1024x1024.jpg",800,800,true],"author_info":[],"comment_info":"","_links":{"self":[{"href":"https:\/\/sumkcaps.com\/de\/wp-json\/wp\/v2\/product\/17684","targetHints":{"allow":["GET"]}}],"collection":[{"href":"https:\/\/sumkcaps.com\/de\/wp-json\/wp\/v2\/product"}],"about":[{"href":"https:\/\/sumkcaps.com\/de\/wp-json\/wp\/v2\/types\/product"}],"wp:featuredmedia":[{"embeddable":true,"href":"https:\/\/sumkcaps.com\/de\/wp-json\/wp\/v2\/media\/17685"}],"wp:attachment":[{"href":"https:\/\/sumkcaps.com\/de\/wp-json\/wp\/v2\/media?parent=17684"}],"wp:term":[{"taxonomy":"product_brand","embeddable":true,"href":"https:\/\/sumkcaps.com\/de\/wp-json\/wp\/v2\/product_brand?post=17684"},{"taxonomy":"product_cat","embeddable":true,"href":"https:\/\/sumkcaps.com\/de\/wp-json\/wp\/v2\/product_cat?post=17684"},{"taxonomy":"product_tag","embeddable":true,"href":"https:\/\/sumkcaps.com\/de\/wp-json\/wp\/v2\/product_tag?post=17684"}],"curies":[{"name":"wp","href":"https:\/\/api.w.org\/{rel}","templated":true}]}}