{"id":17347,"date":"2022-10-22T09:16:51","date_gmt":"2022-10-22T01:16:51","guid":{"rendered":"https:\/\/sumkcaps.com\/?post_type=product&#038;p=17347"},"modified":"2026-03-06T09:33:21","modified_gmt":"2026-03-06T01:33:21","slug":"sufox-231036-custom-five-panel-3d-embroidery-snapback-cap","status":"publish","type":"product","link":"https:\/\/sumkcaps.com\/de\/produkt\/sufox-231036-benutzerdefinierte-funf-panel-3d-stickerei-snapback-cap\/","title":{"rendered":"Sumkcaps 231036 Benutzerdefinierte f\u00fcnf Panel 3D-Stickerei Snapback Cap"},"content":{"rendered":"<h3 data-start=\"80\" data-end=\"421\"><strong data-start=\"80\" data-end=\"110\">Dekoration<\/strong><\/h3>\n<p data-start=\"80\" data-end=\"421\">Diese Snapback-Cap verf\u00fcgt \u00fcber eine hochwertige 3D-Stickerei, die einen auff\u00e4lligen, erhabenen Logo-Effekt erzeugt. Die detaillierten N\u00e4hte verbessern die Sichtbarkeit der Marke und verleihen der Kappe einen hochwertigen Look. Sie ist ideal f\u00fcr Streetwear-Marken, Werbeveranstaltungen oder kundenspezifische Artikel, die eine starke und stilvolle visuelle Identit\u00e4t erfordern.<\/p>\n<h3 data-start=\"423\" data-end=\"754\"><strong data-start=\"423\" data-end=\"450\">Material<\/strong><\/h3>\n<p data-start=\"423\" data-end=\"754\">Die M\u00fctze ist aus strapazierf\u00e4higem 100%-Acrylgewebe gefertigt und bietet eine hervorragende Formbest\u00e4ndigkeit und lang anhaltenden Tragekomfort. Das Material ist leicht, bequem und resistent gegen Falten und Ausbleichen. Es beh\u00e4lt seine Struktur auch nach l\u00e4ngerem Gebrauch, was es zu einer zuverl\u00e4ssigen Wahl f\u00fcr den t\u00e4glichen Gebrauch und individuelle Gro\u00dfauftr\u00e4ge macht.<\/p>\n<h3 data-start=\"756\" data-end=\"1065\"><strong data-start=\"756\" data-end=\"783\">Farbe<\/strong><\/h3>\n<p data-start=\"756\" data-end=\"1065\">Diese Kappe ist in einem auff\u00e4lligen Rot gehalten und l\u00e4sst sich in allen Farben individuell gestalten. Marken k\u00f6nnen aus einer breiten Palette von Farben w\u00e4hlen, die zu ihrer Identit\u00e4t oder ihrem Kampagnenthema passen. Individuelle Farboptionen sorgen daf\u00fcr, dass die Kappe perfekt zu Ihrem Markenimage, Ihrer Teamuniform oder Ihrem Werbedesign passt.<\/p>\n<h3 data-start=\"1067\" data-end=\"1366\"><strong data-start=\"1067\" data-end=\"1100\">Passform &amp; Gr\u00f6\u00dfe<\/strong><\/h3>\n<p data-start=\"1067\" data-end=\"1366\">Die Kappe ist mit einem verstellbaren Snapback-Verschluss ausgestattet und bietet eine bequeme Passform f\u00fcr die meisten Kopfgr\u00f6\u00dfen (7 - 7 3\/4). Die flexible Gr\u00f6\u00dfenanpassung sorgt f\u00fcr eine einfache Anpassung und einen sicheren Sitz, so dass sie f\u00fcr verschiedene Benutzer geeignet ist und gleichzeitig die klassische Snapback-Silhouette beibeh\u00e4lt.<\/p>\n<h3 data-start=\"1368\" data-end=\"1646\"><strong data-start=\"1368\" data-end=\"1389\">Visier<\/strong><\/h3>\n<p data-start=\"1368\" data-end=\"1646\">Der flache Schirm sorgt f\u00fcr einen modernen Streetwear-Stil und bietet gleichzeitig effektiven Sonnenschutz. Das strukturierte Design verhilft der Kappe zu einem scharfen und modischen Profil und macht sie bei Modemarken, Sportteams und Lifestyle-Kollektionen beliebt.<\/p>\n<h3 data-start=\"1648\" data-end=\"1941\"><strong data-start=\"1648\" data-end=\"1671\">Dienst<\/strong><\/h3>\n<p data-start=\"1648\" data-end=\"1941\">Sumkcaps bietet umfassende OEM- und ODM-Dienstleistungen, die es den Kunden erm\u00f6glichen, Logos, Materialien, Farben, Etiketten und Verpackungen vollst\u00e4ndig anzupassen. Unsere professionellen Design- und Produktionsteams arbeiten eng mit Marken zusammen, um kreative Ideen in qualitativ hochwertige, individuelle Caps zu verwandeln.<\/p>\n<h3 data-start=\"1943\" data-end=\"2271\"><strong data-start=\"1943\" data-end=\"1962\">Durchlaufzeit<\/strong><\/h3>\n<p data-start=\"1943\" data-end=\"2271\" data-is-last-node=\"\" data-is-only-node=\"\">Wir bieten effiziente Produktionszeiten, um Ihre gesch\u00e4ftlichen Anforderungen zu erf\u00fcllen. Die Produktion von Mustern dauert in der Regel <strong data-start=\"2071\" data-end=\"2091\">7-9 Arbeitstage<\/strong>, So k\u00f6nnen Sie den Entwurf vor der Massenproduktion \u00fcberpr\u00fcfen. Die Massenproduktion ist innerhalb von <strong data-start=\"2187\" data-end=\"2209\">18-22 Arbeitstage<\/strong>, und gew\u00e4hrleisten eine zuverl\u00e4ssige Lieferung f\u00fcr den Gro\u00df- und Einzelhandel.<\/p>","protected":false},"excerpt":{"rendered":"<p>Sumkcaps 231036 benutzerdefinierte f\u00fcnf Panel 3D-Stickerei Snapback Cap ist eines der beliebtesten Cap-Stil, leicht und atmungsaktiv gut. Unsere Snapbacks kommen in einer Vielzahl von Stilen und Farben aus allen Top-Marken.<\/p>","protected":false},"featured_media":17348,"template":"","meta":{"_acf_changed":false,"_kad_blocks_custom_css":"","_kad_blocks_head_custom_js":"","_kad_blocks_body_custom_js":"","_kad_blocks_footer_custom_js":""},"product_brand":[],"product_cat":[42],"product_tag":[],"class_list":{"0":"post-17347","1":"product","2":"type-product","3":"status-publish","4":"has-post-thumbnail","6":"product_cat-snapback-cap","8":"first","9":"outofstock","10":"shipping-taxable","11":"product-type-simple"},"acf":[],"yoast_head":"<!-- This site is optimized with the Yoast SEO Premium plugin v20.8 (Yoast SEO v25.9) - https:\/\/yoast.com\/wordpress\/plugins\/seo\/ -->\n<title>Custom 3D Embroidery Snapback Cap | China Manufactuer<\/title>\n<meta name=\"description\" content=\"More Than 10 Years Of Experience In The Headwear Industry. Cap Manufacturers.100% Satisfaction Guarantee. Expert Service. Bulk Discount. Quick delivery.\" \/>\n<meta name=\"robots\" content=\"index, follow, max-snippet:-1, max-image-preview:large, max-video-preview:-1\" \/>\n<link rel=\"canonical\" href=\"https:\/\/sumkcaps.com\/de\/produkt\/sufox-231036-benutzerdefinierte-funf-panel-3d-stickerei-snapback-cap\/\" \/>\n<meta property=\"og:locale\" content=\"de_DE\" \/>\n<meta property=\"og:type\" content=\"article\" \/>\n<meta property=\"og:title\" content=\"Sumkcaps 231036 Custom Five Panel 3D Embroidery Snapback Cap - Sumkcaps\" \/>\n<meta property=\"og:description\" content=\"More Than 10 Years Of Experience In The Headwear Industry. Cap Manufacturers.100% Satisfaction Guarantee. Expert Service. Bulk Discount. Quick delivery.\" \/>\n<meta property=\"og:url\" content=\"https:\/\/sumkcaps.com\/de\/produkt\/sufox-231036-benutzerdefinierte-funf-panel-3d-stickerei-snapback-cap\/\" \/>\n<meta property=\"og:site_name\" content=\"Sumkcaps-China Original Headwear Manufacturer and Suppliers\" \/>\n<meta property=\"article:publisher\" content=\"https:\/\/www.facebook.com\/sumkcap\" \/>\n<meta property=\"article:modified_time\" content=\"2026-03-06T01:33:21+00:00\" \/>\n<meta property=\"og:image\" content=\"https:\/\/sumkcaps.com\/wp-content\/uploads\/2022\/10\/5_panel_3d_embroidery_snapback_cap-1.jpg\" \/>\n\t<meta property=\"og:image:width\" content=\"800\" \/>\n\t<meta property=\"og:image:height\" content=\"800\" \/>\n\t<meta property=\"og:image:type\" content=\"image\/jpeg\" \/>\n<meta name=\"twitter:card\" content=\"summary_large_image\" \/>\n<meta name=\"twitter:label1\" content=\"Gesch\u00e4tzte Lesezeit\" \/>\n\t<meta name=\"twitter:data1\" content=\"2\u00a0Minuten\" \/>\n<script type=\"application\/ld+json\" class=\"yoast-schema-graph\">{\"@context\":\"https:\/\/schema.org\",\"@graph\":[{\"@type\":\"WebPage\",\"@id\":\"https:\/\/sumkcaps.com\/product\/sufox-231036-custom-five-panel-3d-embroidery-snapback-cap\/\",\"url\":\"https:\/\/sumkcaps.com\/product\/sufox-231036-custom-five-panel-3d-embroidery-snapback-cap\/\",\"name\":\"Custom 3D Embroidery Snapback Cap | China Manufactuer\",\"isPartOf\":{\"@id\":\"https:\/\/sumkcaps.com\/#website\"},\"primaryImageOfPage\":{\"@id\":\"https:\/\/sumkcaps.com\/product\/sufox-231036-custom-five-panel-3d-embroidery-snapback-cap\/#primaryimage\"},\"image\":{\"@id\":\"https:\/\/sumkcaps.com\/product\/sufox-231036-custom-five-panel-3d-embroidery-snapback-cap\/#primaryimage\"},\"thumbnailUrl\":\"https:\/\/sumkcaps.com\/wp-content\/uploads\/2022\/10\/5_panel_3d_embroidery_snapback_cap-1.jpg\",\"datePublished\":\"2022-10-22T01:16:51+00:00\",\"dateModified\":\"2026-03-06T01:33:21+00:00\",\"description\":\"More Than 10 Years Of Experience In The Headwear Industry. Cap Manufacturers.100% Satisfaction Guarantee. Expert Service. Bulk Discount. Quick delivery.\",\"breadcrumb\":{\"@id\":\"https:\/\/sumkcaps.com\/product\/sufox-231036-custom-five-panel-3d-embroidery-snapback-cap\/#breadcrumb\"},\"inLanguage\":\"de\",\"potentialAction\":[{\"@type\":\"ReadAction\",\"target\":[\"https:\/\/sumkcaps.com\/product\/sufox-231036-custom-five-panel-3d-embroidery-snapback-cap\/\"]}]},{\"@type\":\"ImageObject\",\"inLanguage\":\"de\",\"@id\":\"https:\/\/sumkcaps.com\/product\/sufox-231036-custom-five-panel-3d-embroidery-snapback-cap\/#primaryimage\",\"url\":\"https:\/\/sumkcaps.com\/wp-content\/uploads\/2022\/10\/5_panel_3d_embroidery_snapback_cap-1.jpg\",\"contentUrl\":\"https:\/\/sumkcaps.com\/wp-content\/uploads\/2022\/10\/5_panel_3d_embroidery_snapback_cap-1.jpg\",\"width\":800,\"height\":800},{\"@type\":\"BreadcrumbList\",\"@id\":\"https:\/\/sumkcaps.com\/product\/sufox-231036-custom-five-panel-3d-embroidery-snapback-cap\/#breadcrumb\",\"itemListElement\":[{\"@type\":\"ListItem\",\"position\":1,\"name\":\"Home\",\"item\":\"https:\/\/sumkcaps.com\/\"},{\"@type\":\"ListItem\",\"position\":2,\"name\":\"Products\",\"item\":\"https:\/\/sumkcaps.com\/product\/\"},{\"@type\":\"ListItem\",\"position\":3,\"name\":\"Sumkcaps 231036 Custom Five Panel 3D Embroidery Snapback Cap\"}]},{\"@type\":\"WebSite\",\"@id\":\"https:\/\/sumkcaps.com\/#website\",\"url\":\"https:\/\/sumkcaps.com\/\",\"name\":\"Sumkcaps-China Original Headwear Manufacturer and Suppliers\",\"description\":\"We are China Cap And Hat Original Factory, whose main business is to custom cap and hat as client&#039;s LOGO. Any cap style, any cap color, any qty, any material and qty is no problem. In one words, any small details can be customized as your request.\",\"publisher\":{\"@id\":\"https:\/\/sumkcaps.com\/#organization\"},\"potentialAction\":[{\"@type\":\"SearchAction\",\"target\":{\"@type\":\"EntryPoint\",\"urlTemplate\":\"https:\/\/sumkcaps.com\/?s={search_term_string}\"},\"query-input\":{\"@type\":\"PropertyValueSpecification\",\"valueRequired\":true,\"valueName\":\"search_term_string\"}}],\"inLanguage\":\"de\"},{\"@type\":\"Organization\",\"@id\":\"https:\/\/sumkcaps.com\/#organization\",\"name\":\"Sumkcaps-China Original Headwear Manufacturer and Suppliers\",\"url\":\"https:\/\/sumkcaps.com\/\",\"logo\":{\"@type\":\"ImageObject\",\"inLanguage\":\"de\",\"@id\":\"https:\/\/sumkcaps.com\/#\/schema\/logo\/image\/\",\"url\":\"https:\/\/sumkcaps.com\/wp-content\/uploads\/2025\/12\/1234.jpg\",\"contentUrl\":\"https:\/\/sumkcaps.com\/wp-content\/uploads\/2025\/12\/1234.jpg\",\"width\":800,\"height\":800,\"caption\":\"Sumkcaps-China Original Headwear Manufacturer and Suppliers\"},\"image\":{\"@id\":\"https:\/\/sumkcaps.com\/#\/schema\/logo\/image\/\"},\"sameAs\":[\"https:\/\/www.facebook.com\/sumkcap\",\"https:\/\/www.instagram.com\/sumkcaps7\/\",\"https:\/\/www.pinterest.com\/sumkcapschina\/\"]}]}<\/script>\n<!-- \/ Yoast SEO Premium plugin. -->","yoast_head_json":{"title":"Benutzerdefinierte 3D-Stickerei Snapback Cap | China Manufactuer","description":"Mehr als 10 Jahre Erfahrung in der Kopfbedeckungsindustrie. Cap Hersteller.100% Zufriedenheitsgarantie. Fachm\u00e4nnischer Service. Gro\u00dfer Rabatt. Schnelle Lieferung.","robots":{"index":"index","follow":"follow","max-snippet":"max-snippet:-1","max-image-preview":"max-image-preview:large","max-video-preview":"max-video-preview:-1"},"canonical":"https:\/\/sumkcaps.com\/de\/produkt\/sufox-231036-benutzerdefinierte-funf-panel-3d-stickerei-snapback-cap\/","og_locale":"de_DE","og_type":"article","og_title":"Sumkcaps 231036 Custom Five Panel 3D Embroidery Snapback Cap - Sumkcaps","og_description":"More Than 10 Years Of Experience In The Headwear Industry. Cap Manufacturers.100% Satisfaction Guarantee. Expert Service. Bulk Discount. Quick delivery.","og_url":"https:\/\/sumkcaps.com\/de\/produkt\/sufox-231036-benutzerdefinierte-funf-panel-3d-stickerei-snapback-cap\/","og_site_name":"Sumkcaps-China Original Headwear Manufacturer and Suppliers","article_publisher":"https:\/\/www.facebook.com\/sumkcap","article_modified_time":"2026-03-06T01:33:21+00:00","og_image":[{"width":800,"height":800,"url":"https:\/\/sumkcaps.com\/wp-content\/uploads\/2022\/10\/5_panel_3d_embroidery_snapback_cap-1.jpg","type":"image\/jpeg"}],"twitter_card":"summary_large_image","twitter_misc":{"Gesch\u00e4tzte Lesezeit":"2\u00a0Minuten"},"schema":{"@context":"https:\/\/schema.org","@graph":[{"@type":"WebPage","@id":"https:\/\/sumkcaps.com\/product\/sufox-231036-custom-five-panel-3d-embroidery-snapback-cap\/","url":"https:\/\/sumkcaps.com\/product\/sufox-231036-custom-five-panel-3d-embroidery-snapback-cap\/","name":"Benutzerdefinierte 3D-Stickerei Snapback Cap | China Manufactuer","isPartOf":{"@id":"https:\/\/sumkcaps.com\/#website"},"primaryImageOfPage":{"@id":"https:\/\/sumkcaps.com\/product\/sufox-231036-custom-five-panel-3d-embroidery-snapback-cap\/#primaryimage"},"image":{"@id":"https:\/\/sumkcaps.com\/product\/sufox-231036-custom-five-panel-3d-embroidery-snapback-cap\/#primaryimage"},"thumbnailUrl":"https:\/\/sumkcaps.com\/wp-content\/uploads\/2022\/10\/5_panel_3d_embroidery_snapback_cap-1.jpg","datePublished":"2022-10-22T01:16:51+00:00","dateModified":"2026-03-06T01:33:21+00:00","description":"Mehr als 10 Jahre Erfahrung in der Kopfbedeckungsindustrie. Cap Hersteller.100% Zufriedenheitsgarantie. Fachm\u00e4nnischer Service. Gro\u00dfer Rabatt. Schnelle Lieferung.","breadcrumb":{"@id":"https:\/\/sumkcaps.com\/product\/sufox-231036-custom-five-panel-3d-embroidery-snapback-cap\/#breadcrumb"},"inLanguage":"de","potentialAction":[{"@type":"ReadAction","target":["https:\/\/sumkcaps.com\/product\/sufox-231036-custom-five-panel-3d-embroidery-snapback-cap\/"]}]},{"@type":"ImageObject","inLanguage":"de","@id":"https:\/\/sumkcaps.com\/product\/sufox-231036-custom-five-panel-3d-embroidery-snapback-cap\/#primaryimage","url":"https:\/\/sumkcaps.com\/wp-content\/uploads\/2022\/10\/5_panel_3d_embroidery_snapback_cap-1.jpg","contentUrl":"https:\/\/sumkcaps.com\/wp-content\/uploads\/2022\/10\/5_panel_3d_embroidery_snapback_cap-1.jpg","width":800,"height":800},{"@type":"BreadcrumbList","@id":"https:\/\/sumkcaps.com\/product\/sufox-231036-custom-five-panel-3d-embroidery-snapback-cap\/#breadcrumb","itemListElement":[{"@type":"ListItem","position":1,"name":"Home","item":"https:\/\/sumkcaps.com\/"},{"@type":"ListItem","position":2,"name":"Products","item":"https:\/\/sumkcaps.com\/product\/"},{"@type":"ListItem","position":3,"name":"Sumkcaps 231036 Custom Five Panel 3D Embroidery Snapback Cap"}]},{"@type":"WebSite","@id":"https:\/\/sumkcaps.com\/#website","url":"https:\/\/sumkcaps.com\/","name":"Sumkcaps-China Original Kopfbedeckungen Hersteller und Lieferanten","description":"Wir sind China Cap And Hat Original Factory, deren Hauptgesch\u00e4ft ist es, benutzerdefinierte Kappe und Hut als Client &amp; #039; s LOGO. Jede Kappe Stil, jede Kappe Farbe, jede Menge, jedes Material und Menge ist kein Problem. In einem Wort, k\u00f6nnen alle kleinen Details als Ihre Anfrage angepasst werden.","publisher":{"@id":"https:\/\/sumkcaps.com\/#organization"},"potentialAction":[{"@type":"SearchAction","target":{"@type":"EntryPoint","urlTemplate":"https:\/\/sumkcaps.com\/?s={search_term_string}"},"query-input":{"@type":"PropertyValueSpecification","valueRequired":true,"valueName":"search_term_string"}}],"inLanguage":"de"},{"@type":"Organization","@id":"https:\/\/sumkcaps.com\/#organization","name":"Sumkcaps-China Original Kopfbedeckungen Hersteller und Lieferanten","url":"https:\/\/sumkcaps.com\/","logo":{"@type":"ImageObject","inLanguage":"de","@id":"https:\/\/sumkcaps.com\/#\/schema\/logo\/image\/","url":"https:\/\/sumkcaps.com\/wp-content\/uploads\/2025\/12\/1234.jpg","contentUrl":"https:\/\/sumkcaps.com\/wp-content\/uploads\/2025\/12\/1234.jpg","width":800,"height":800,"caption":"Sumkcaps-China Original Headwear Manufacturer and Suppliers"},"image":{"@id":"https:\/\/sumkcaps.com\/#\/schema\/logo\/image\/"},"sameAs":["https:\/\/www.facebook.com\/sumkcap","https:\/\/www.instagram.com\/sumkcaps7\/","https:\/\/www.pinterest.com\/sumkcapschina\/"]}]}},"taxonomy_info":{"product_cat":[{"value":42,"label":"Snapback Hats Wholesale"}]},"featured_image_src_large":["https:\/\/sumkcaps.com\/wp-content\/uploads\/2022\/10\/5_panel_3d_embroidery_snapback_cap-1.jpg",800,800,false],"author_info":[],"comment_info":"","_links":{"self":[{"href":"https:\/\/sumkcaps.com\/de\/wp-json\/wp\/v2\/product\/17347","targetHints":{"allow":["GET"]}}],"collection":[{"href":"https:\/\/sumkcaps.com\/de\/wp-json\/wp\/v2\/product"}],"about":[{"href":"https:\/\/sumkcaps.com\/de\/wp-json\/wp\/v2\/types\/product"}],"wp:featuredmedia":[{"embeddable":true,"href":"https:\/\/sumkcaps.com\/de\/wp-json\/wp\/v2\/media\/17348"}],"wp:attachment":[{"href":"https:\/\/sumkcaps.com\/de\/wp-json\/wp\/v2\/media?parent=17347"}],"wp:term":[{"taxonomy":"product_brand","embeddable":true,"href":"https:\/\/sumkcaps.com\/de\/wp-json\/wp\/v2\/product_brand?post=17347"},{"taxonomy":"product_cat","embeddable":true,"href":"https:\/\/sumkcaps.com\/de\/wp-json\/wp\/v2\/product_cat?post=17347"},{"taxonomy":"product_tag","embeddable":true,"href":"https:\/\/sumkcaps.com\/de\/wp-json\/wp\/v2\/product_tag?post=17347"}],"curies":[{"name":"wp","href":"https:\/\/api.w.org\/{rel}","templated":true}]}}