{"id":17340,"date":"2022-10-21T14:41:31","date_gmt":"2022-10-21T06:41:31","guid":{"rendered":"https:\/\/sumkcaps.com\/?post_type=product&#038;p=17340"},"modified":"2026-03-06T09:39:14","modified_gmt":"2026-03-06T01:39:14","slug":"sufox-231035-custom-six-panel-embroidery-suede-snapback-cap","status":"publish","type":"product","link":"https:\/\/sumkcaps.com\/de\/produkt\/sufox-231035-benutzerdefinierte-sechs-panel-stickerei-wildleder-snapback-cap\/","title":{"rendered":"Sumkcaps 231035 Custom sechs Panel Stickerei Wildleder Snapback Cap"},"content":{"rendered":"<div class=\"flex flex-col text-sm pb-25\">\n<article class=\"text-token-text-primary w-full focus:outline-none [--shadow-height:45px] has-data-writing-block:pointer-events-none has-data-writing-block:-mt-(--shadow-height) has-data-writing-block:pt-(--shadow-height) [&amp;:has([data-writing-block])&gt;*]:pointer-events-auto scroll-mt-[calc(var(--header-height)+min(200px,max(70px,20svh)))]\" dir=\"auto\" tabindex=\"-1\" data-turn-id=\"request-69a533f8-b908-8320-af5c-a60756ee5572-1\" data-testid=\"conversation-turn-60\" data-scroll-anchor=\"true\" data-turn=\"assistant\">\n<div class=\"text-base my-auto mx-auto pb-10 [--thread-content-margin:var(--thread-content-margin-xs,calc(var(--spacing)*4))] @w-sm\/main:[--thread-content-margin:var(--thread-content-margin-sm,calc(var(--spacing)*6))] @w-lg\/main:[--thread-content-margin:var(--thread-content-margin-lg,calc(var(--spacing)*16))] px-(--thread-content-margin)\">\n<div class=\"[--thread-content-max-width:40rem] @w-lg\/main:[--thread-content-max-width:48rem] mx-auto max-w-(--thread-content-max-width) flex-1 group\/turn-messages focus-visible:outline-hidden relative flex w-full min-w-0 flex-col agent-turn\" tabindex=\"-1\">\n<div class=\"flex max-w-full flex-col gap-4 grow\">\n<div class=\"min-h-8 text-message relative flex w-full flex-col items-end gap-2 text-start break-words whitespace-normal [.text-message+&amp;]:mt-1\" dir=\"auto\" data-message-author-role=\"assistant\" data-message-id=\"c5fb27b4-027a-45c0-bf27-08c831f81153\" data-message-model-slug=\"gpt-5-3\">\n<div class=\"flex w-full flex-col gap-1 empty:hidden\">\n<div class=\"markdown prose dark:prose-invert w-full wrap-break-word light markdown-new-styling\">\n<h3 data-start=\"82\" data-end=\"436\"><strong data-start=\"82\" data-end=\"109\">Dekoration<\/strong><\/h3>\n<p data-start=\"82\" data-end=\"436\">Diese Snapback-Cap ist mit einer hochwertigen Stickerei versehen, die eine saubere, pr\u00e4zise und dauerhafte Logopr\u00e4sentation erm\u00f6glicht. Die Sticktechnik verbessert die Sichtbarkeit der Marke und sorgt gleichzeitig f\u00fcr ein hochwertiges Erscheinungsbild. Sie ist ideal f\u00fcr Modemarken, Werbeartikel und Teambekleidung, die einen raffinierten und professionellen Look erfordern.<\/p>\n<h3 data-start=\"438\" data-end=\"764\"><strong data-start=\"438\" data-end=\"458\">Material<\/strong><\/h3>\n<p data-start=\"438\" data-end=\"764\">Diese aus hochwertigem Wildleder gefertigte Kappe bietet eine weiche, glatte Textur und ein anspruchsvolles Aussehen. Wildleder bietet eine einzigartige visuelle Tiefe und ein luxuri\u00f6ses Gef\u00fchl im Vergleich zu herk\u00f6mmlichen Stoffen, wodurch die Kappe in Modekollektionen und Einzelhandelsauslagen hervorsticht und gleichzeitig einen hohen Tragekomfort im Alltag gew\u00e4hrleistet.<\/p>\n<h3 data-start=\"766\" data-end=\"1065\"><strong data-start=\"766\" data-end=\"788\">Farbe<\/strong><\/h3>\n<p data-start=\"766\" data-end=\"1065\">Die Kappe kann vollst\u00e4ndig farblich angepasst werden, um den unterschiedlichen Anforderungen an das Branding gerecht zu werden. Egal, ob Sie klassische, neutrale T\u00f6ne oder kr\u00e4ftige Statement-Farben bevorzugen, Sumkcaps kann die Kappe nach Ihren Designvorgaben produzieren und Marken dabei helfen, eine einzigartige und konsistente visuelle Identit\u00e4t zu schaffen.<\/p>\n<h3 data-start=\"1067\" data-end=\"1364\"><strong data-start=\"1067\" data-end=\"1100\">Passform &amp; Gr\u00f6\u00dfe<\/strong><\/h3>\n<p data-start=\"1067\" data-end=\"1364\">Die mit einem verstellbaren Snapback-Verschluss ausgestattete Kappe passt den meisten Kopfgr\u00f6\u00dfen von 7 bis 7 3\/4. Das verstellbare Design sorgt f\u00fcr eine sichere und bequeme Passform f\u00fcr verschiedene Benutzer und eignet sich daher f\u00fcr Einzelhandelsm\u00e4rkte, Werbeveranstaltungen und Markenartikel.<\/p>\n<h3 data-start=\"1366\" data-end=\"1661\"><strong data-start=\"1366\" data-end=\"1387\">Visier<\/strong><\/h3>\n<p data-start=\"1366\" data-end=\"1661\">Der flache Schirm verleiht der Kappe eine moderne Streetwear-\u00c4sthetik und bietet gleichzeitig effektiven Sonnenschutz. Das strukturierte Design h\u00e4lt die Form der Kappe aufrecht und unterstreicht ihr stilvolles Erscheinungsbild, was sie zu einer beliebten Wahl f\u00fcr Lifestyle-Marken und modisch orientierte Kollektionen macht.<\/p>\n<h3 data-start=\"1663\" data-end=\"1931\"><strong data-start=\"1663\" data-end=\"1686\">Dienst\u00a0<\/strong><\/h3>\n<p data-start=\"1663\" data-end=\"1931\">Sumkcaps bietet umfassende OEM- und ODM-Dienstleistungen, die es den Kunden erm\u00f6glichen, Logos, Materialien, Farben, Etiketten und Verpackungen individuell zu gestalten. Unser erfahrenes Team arbeitet eng mit Marken zusammen, um kreative Ideen in hochwertige Endprodukte umzusetzen.<\/p>\n<h3 data-start=\"1933\" data-end=\"2212\"><strong data-start=\"1933\" data-end=\"1952\">Durchlaufzeit<\/strong><\/h3>\n<p data-start=\"1933\" data-end=\"2212\" data-is-last-node=\"\" data-is-only-node=\"\">Wir bieten effiziente Produktionszeitpl\u00e4ne, um Ihren Gesch\u00e4ftsplan zu unterst\u00fctzen. Die Musterproduktion dauert in der Regel <strong data-start=\"2066\" data-end=\"2086\">7-9 Arbeitstage<\/strong>, w\u00e4hrend die Massenproduktion <strong data-start=\"2119\" data-end=\"2141\">18-22 Arbeitstage<\/strong>, und gew\u00e4hrleisten eine zuverl\u00e4ssige Lieferung f\u00fcr Gro\u00dfhandelsauftr\u00e4ge und Produkteinf\u00fchrungen.<\/p>\n<\/div>\n<\/div>\n<\/div>\n<\/div>\n<\/div>\n<\/div>\n<\/article>\n<\/div>","protected":false},"excerpt":{"rendered":"<p>Sumkcaps 231035 benutzerdefinierte sechs Panel Stickerei Wildleder Snapback Cap ist eines der beliebtesten Cap-Stil, leicht und atmungsaktiv gut. Unsere Snapbacks kommen in einer Vielzahl von Stilen und Farben aus allen Top-Marken.<\/p>","protected":false},"featured_media":17341,"template":"","meta":{"_acf_changed":false,"_kad_blocks_custom_css":"","_kad_blocks_head_custom_js":"","_kad_blocks_body_custom_js":"","_kad_blocks_footer_custom_js":""},"product_brand":[],"product_cat":[42],"product_tag":[],"class_list":{"0":"post-17340","1":"product","2":"type-product","3":"status-publish","4":"has-post-thumbnail","6":"product_cat-snapback-cap","8":"first","9":"outofstock","10":"shipping-taxable","11":"product-type-simple"},"acf":[],"yoast_head":"<!-- This site is optimized with the Yoast SEO Premium plugin v20.8 (Yoast SEO v25.9) - https:\/\/yoast.com\/wordpress\/plugins\/seo\/ -->\n<title>Custom Embroidery Suede Snapback Cap | China Manufactuer<\/title>\n<meta name=\"description\" content=\"Custom Cap, Logo Cap, Brand Caps, Custom Made Snapback Caps, Custom Snapback Baseball Hats. Premium Cap Manufacturer since 2006. Bulk Discount.\" \/>\n<meta name=\"robots\" content=\"index, follow, max-snippet:-1, max-image-preview:large, max-video-preview:-1\" \/>\n<link rel=\"canonical\" href=\"https:\/\/sumkcaps.com\/de\/produkt\/sufox-231035-benutzerdefinierte-sechs-panel-stickerei-wildleder-snapback-cap\/\" \/>\n<meta property=\"og:locale\" content=\"de_DE\" \/>\n<meta property=\"og:type\" content=\"article\" \/>\n<meta property=\"og:title\" content=\"Sumkcaps 231035 Custom Six Panel Embroidery Suede Snapback Cap - Sumkcaps\" \/>\n<meta property=\"og:description\" content=\"Custom Cap, Logo Cap, Brand Caps, Custom Made Snapback Caps, Custom Snapback Baseball Hats. Premium Cap Manufacturer since 2006. Bulk Discount.\" \/>\n<meta property=\"og:url\" content=\"https:\/\/sumkcaps.com\/de\/produkt\/sufox-231035-benutzerdefinierte-sechs-panel-stickerei-wildleder-snapback-cap\/\" \/>\n<meta property=\"og:site_name\" content=\"Sumkcaps-China Original Headwear Manufacturer and Suppliers\" \/>\n<meta property=\"article:publisher\" content=\"https:\/\/www.facebook.com\/sumkcap\" \/>\n<meta property=\"article:modified_time\" content=\"2026-03-06T01:39:14+00:00\" \/>\n<meta property=\"og:image\" content=\"https:\/\/sumkcaps.com\/wp-content\/uploads\/2022\/10\/6_panel_embroidery_suede_snapback_cap-1.jpg\" \/>\n\t<meta property=\"og:image:width\" content=\"800\" \/>\n\t<meta property=\"og:image:height\" content=\"800\" \/>\n\t<meta property=\"og:image:type\" content=\"image\/jpeg\" \/>\n<meta name=\"twitter:card\" content=\"summary_large_image\" \/>\n<meta name=\"twitter:label1\" content=\"Gesch\u00e4tzte Lesezeit\" \/>\n\t<meta name=\"twitter:data1\" content=\"2\u00a0Minuten\" \/>\n<script type=\"application\/ld+json\" class=\"yoast-schema-graph\">{\"@context\":\"https:\/\/schema.org\",\"@graph\":[{\"@type\":\"WebPage\",\"@id\":\"https:\/\/sumkcaps.com\/product\/sufox-231035-custom-six-panel-embroidery-suede-snapback-cap\/\",\"url\":\"https:\/\/sumkcaps.com\/product\/sufox-231035-custom-six-panel-embroidery-suede-snapback-cap\/\",\"name\":\"Custom Embroidery Suede Snapback Cap | China Manufactuer\",\"isPartOf\":{\"@id\":\"https:\/\/sumkcaps.com\/#website\"},\"primaryImageOfPage\":{\"@id\":\"https:\/\/sumkcaps.com\/product\/sufox-231035-custom-six-panel-embroidery-suede-snapback-cap\/#primaryimage\"},\"image\":{\"@id\":\"https:\/\/sumkcaps.com\/product\/sufox-231035-custom-six-panel-embroidery-suede-snapback-cap\/#primaryimage\"},\"thumbnailUrl\":\"https:\/\/sumkcaps.com\/wp-content\/uploads\/2022\/10\/6_panel_embroidery_suede_snapback_cap-1.jpg\",\"datePublished\":\"2022-10-21T06:41:31+00:00\",\"dateModified\":\"2026-03-06T01:39:14+00:00\",\"description\":\"Custom Cap, Logo Cap, Brand Caps, Custom Made Snapback Caps, Custom Snapback Baseball Hats. Premium Cap Manufacturer since 2006. Bulk Discount.\",\"breadcrumb\":{\"@id\":\"https:\/\/sumkcaps.com\/product\/sufox-231035-custom-six-panel-embroidery-suede-snapback-cap\/#breadcrumb\"},\"inLanguage\":\"de\",\"potentialAction\":[{\"@type\":\"ReadAction\",\"target\":[\"https:\/\/sumkcaps.com\/product\/sufox-231035-custom-six-panel-embroidery-suede-snapback-cap\/\"]}]},{\"@type\":\"ImageObject\",\"inLanguage\":\"de\",\"@id\":\"https:\/\/sumkcaps.com\/product\/sufox-231035-custom-six-panel-embroidery-suede-snapback-cap\/#primaryimage\",\"url\":\"https:\/\/sumkcaps.com\/wp-content\/uploads\/2022\/10\/6_panel_embroidery_suede_snapback_cap-1.jpg\",\"contentUrl\":\"https:\/\/sumkcaps.com\/wp-content\/uploads\/2022\/10\/6_panel_embroidery_suede_snapback_cap-1.jpg\",\"width\":800,\"height\":800},{\"@type\":\"BreadcrumbList\",\"@id\":\"https:\/\/sumkcaps.com\/product\/sufox-231035-custom-six-panel-embroidery-suede-snapback-cap\/#breadcrumb\",\"itemListElement\":[{\"@type\":\"ListItem\",\"position\":1,\"name\":\"Home\",\"item\":\"https:\/\/sumkcaps.com\/\"},{\"@type\":\"ListItem\",\"position\":2,\"name\":\"Products\",\"item\":\"https:\/\/sumkcaps.com\/product\/\"},{\"@type\":\"ListItem\",\"position\":3,\"name\":\"Sumkcaps 231035 Custom Six Panel Embroidery Suede Snapback Cap\"}]},{\"@type\":\"WebSite\",\"@id\":\"https:\/\/sumkcaps.com\/#website\",\"url\":\"https:\/\/sumkcaps.com\/\",\"name\":\"Sumkcaps-China Original Headwear Manufacturer and Suppliers\",\"description\":\"We are China Cap And Hat Original Factory, whose main business is to custom cap and hat as client&#039;s LOGO. Any cap style, any cap color, any qty, any material and qty is no problem. In one words, any small details can be customized as your request.\",\"publisher\":{\"@id\":\"https:\/\/sumkcaps.com\/#organization\"},\"potentialAction\":[{\"@type\":\"SearchAction\",\"target\":{\"@type\":\"EntryPoint\",\"urlTemplate\":\"https:\/\/sumkcaps.com\/?s={search_term_string}\"},\"query-input\":{\"@type\":\"PropertyValueSpecification\",\"valueRequired\":true,\"valueName\":\"search_term_string\"}}],\"inLanguage\":\"de\"},{\"@type\":\"Organization\",\"@id\":\"https:\/\/sumkcaps.com\/#organization\",\"name\":\"Sumkcaps-China Original Headwear Manufacturer and Suppliers\",\"url\":\"https:\/\/sumkcaps.com\/\",\"logo\":{\"@type\":\"ImageObject\",\"inLanguage\":\"de\",\"@id\":\"https:\/\/sumkcaps.com\/#\/schema\/logo\/image\/\",\"url\":\"https:\/\/sumkcaps.com\/wp-content\/uploads\/2025\/12\/1234.jpg\",\"contentUrl\":\"https:\/\/sumkcaps.com\/wp-content\/uploads\/2025\/12\/1234.jpg\",\"width\":800,\"height\":800,\"caption\":\"Sumkcaps-China Original Headwear Manufacturer and Suppliers\"},\"image\":{\"@id\":\"https:\/\/sumkcaps.com\/#\/schema\/logo\/image\/\"},\"sameAs\":[\"https:\/\/www.facebook.com\/sumkcap\",\"https:\/\/www.instagram.com\/sumkcaps7\/\",\"https:\/\/www.pinterest.com\/sumkcapschina\/\"]}]}<\/script>\n<!-- \/ Yoast SEO Premium plugin. -->","yoast_head_json":{"title":"Custom Stickerei Wildleder Snapback Cap | China Manufactuer","description":"Custom Cap, Logo Cap, Brand Caps, Custom Made Snapback Caps, Custom Snapback Baseball Hats. Premium Cap Hersteller seit 2006. Bulk Rabatt.","robots":{"index":"index","follow":"follow","max-snippet":"max-snippet:-1","max-image-preview":"max-image-preview:large","max-video-preview":"max-video-preview:-1"},"canonical":"https:\/\/sumkcaps.com\/de\/produkt\/sufox-231035-benutzerdefinierte-sechs-panel-stickerei-wildleder-snapback-cap\/","og_locale":"de_DE","og_type":"article","og_title":"Sumkcaps 231035 Custom Six Panel Embroidery Suede Snapback Cap - Sumkcaps","og_description":"Custom Cap, Logo Cap, Brand Caps, Custom Made Snapback Caps, Custom Snapback Baseball Hats. Premium Cap Manufacturer since 2006. Bulk Discount.","og_url":"https:\/\/sumkcaps.com\/de\/produkt\/sufox-231035-benutzerdefinierte-sechs-panel-stickerei-wildleder-snapback-cap\/","og_site_name":"Sumkcaps-China Original Headwear Manufacturer and Suppliers","article_publisher":"https:\/\/www.facebook.com\/sumkcap","article_modified_time":"2026-03-06T01:39:14+00:00","og_image":[{"width":800,"height":800,"url":"https:\/\/sumkcaps.com\/wp-content\/uploads\/2022\/10\/6_panel_embroidery_suede_snapback_cap-1.jpg","type":"image\/jpeg"}],"twitter_card":"summary_large_image","twitter_misc":{"Gesch\u00e4tzte Lesezeit":"2\u00a0Minuten"},"schema":{"@context":"https:\/\/schema.org","@graph":[{"@type":"WebPage","@id":"https:\/\/sumkcaps.com\/product\/sufox-231035-custom-six-panel-embroidery-suede-snapback-cap\/","url":"https:\/\/sumkcaps.com\/product\/sufox-231035-custom-six-panel-embroidery-suede-snapback-cap\/","name":"Custom Stickerei Wildleder Snapback Cap | China Manufactuer","isPartOf":{"@id":"https:\/\/sumkcaps.com\/#website"},"primaryImageOfPage":{"@id":"https:\/\/sumkcaps.com\/product\/sufox-231035-custom-six-panel-embroidery-suede-snapback-cap\/#primaryimage"},"image":{"@id":"https:\/\/sumkcaps.com\/product\/sufox-231035-custom-six-panel-embroidery-suede-snapback-cap\/#primaryimage"},"thumbnailUrl":"https:\/\/sumkcaps.com\/wp-content\/uploads\/2022\/10\/6_panel_embroidery_suede_snapback_cap-1.jpg","datePublished":"2022-10-21T06:41:31+00:00","dateModified":"2026-03-06T01:39:14+00:00","description":"Custom Cap, Logo Cap, Brand Caps, Custom Made Snapback Caps, Custom Snapback Baseball Hats. Premium Cap Hersteller seit 2006. Bulk Rabatt.","breadcrumb":{"@id":"https:\/\/sumkcaps.com\/product\/sufox-231035-custom-six-panel-embroidery-suede-snapback-cap\/#breadcrumb"},"inLanguage":"de","potentialAction":[{"@type":"ReadAction","target":["https:\/\/sumkcaps.com\/product\/sufox-231035-custom-six-panel-embroidery-suede-snapback-cap\/"]}]},{"@type":"ImageObject","inLanguage":"de","@id":"https:\/\/sumkcaps.com\/product\/sufox-231035-custom-six-panel-embroidery-suede-snapback-cap\/#primaryimage","url":"https:\/\/sumkcaps.com\/wp-content\/uploads\/2022\/10\/6_panel_embroidery_suede_snapback_cap-1.jpg","contentUrl":"https:\/\/sumkcaps.com\/wp-content\/uploads\/2022\/10\/6_panel_embroidery_suede_snapback_cap-1.jpg","width":800,"height":800},{"@type":"BreadcrumbList","@id":"https:\/\/sumkcaps.com\/product\/sufox-231035-custom-six-panel-embroidery-suede-snapback-cap\/#breadcrumb","itemListElement":[{"@type":"ListItem","position":1,"name":"Home","item":"https:\/\/sumkcaps.com\/"},{"@type":"ListItem","position":2,"name":"Products","item":"https:\/\/sumkcaps.com\/product\/"},{"@type":"ListItem","position":3,"name":"Sumkcaps 231035 Custom Six Panel Embroidery Suede Snapback Cap"}]},{"@type":"WebSite","@id":"https:\/\/sumkcaps.com\/#website","url":"https:\/\/sumkcaps.com\/","name":"Sumkcaps-China Original Kopfbedeckungen Hersteller und Lieferanten","description":"Wir sind China Cap And Hat Original Factory, deren Hauptgesch\u00e4ft ist es, benutzerdefinierte Kappe und Hut als Client &amp; #039; s LOGO. Jede Kappe Stil, jede Kappe Farbe, jede Menge, jedes Material und Menge ist kein Problem. In einem Wort, k\u00f6nnen alle kleinen Details als Ihre Anfrage angepasst werden.","publisher":{"@id":"https:\/\/sumkcaps.com\/#organization"},"potentialAction":[{"@type":"SearchAction","target":{"@type":"EntryPoint","urlTemplate":"https:\/\/sumkcaps.com\/?s={search_term_string}"},"query-input":{"@type":"PropertyValueSpecification","valueRequired":true,"valueName":"search_term_string"}}],"inLanguage":"de"},{"@type":"Organization","@id":"https:\/\/sumkcaps.com\/#organization","name":"Sumkcaps-China Original Kopfbedeckungen Hersteller und Lieferanten","url":"https:\/\/sumkcaps.com\/","logo":{"@type":"ImageObject","inLanguage":"de","@id":"https:\/\/sumkcaps.com\/#\/schema\/logo\/image\/","url":"https:\/\/sumkcaps.com\/wp-content\/uploads\/2025\/12\/1234.jpg","contentUrl":"https:\/\/sumkcaps.com\/wp-content\/uploads\/2025\/12\/1234.jpg","width":800,"height":800,"caption":"Sumkcaps-China Original Headwear Manufacturer and Suppliers"},"image":{"@id":"https:\/\/sumkcaps.com\/#\/schema\/logo\/image\/"},"sameAs":["https:\/\/www.facebook.com\/sumkcap","https:\/\/www.instagram.com\/sumkcaps7\/","https:\/\/www.pinterest.com\/sumkcapschina\/"]}]}},"taxonomy_info":{"product_cat":[{"value":42,"label":"Snapback Hats Wholesale"}]},"featured_image_src_large":["https:\/\/sumkcaps.com\/wp-content\/uploads\/2022\/10\/6_panel_embroidery_suede_snapback_cap-1.jpg",800,800,false],"author_info":[],"comment_info":"","_links":{"self":[{"href":"https:\/\/sumkcaps.com\/de\/wp-json\/wp\/v2\/product\/17340","targetHints":{"allow":["GET"]}}],"collection":[{"href":"https:\/\/sumkcaps.com\/de\/wp-json\/wp\/v2\/product"}],"about":[{"href":"https:\/\/sumkcaps.com\/de\/wp-json\/wp\/v2\/types\/product"}],"wp:featuredmedia":[{"embeddable":true,"href":"https:\/\/sumkcaps.com\/de\/wp-json\/wp\/v2\/media\/17341"}],"wp:attachment":[{"href":"https:\/\/sumkcaps.com\/de\/wp-json\/wp\/v2\/media?parent=17340"}],"wp:term":[{"taxonomy":"product_brand","embeddable":true,"href":"https:\/\/sumkcaps.com\/de\/wp-json\/wp\/v2\/product_brand?post=17340"},{"taxonomy":"product_cat","embeddable":true,"href":"https:\/\/sumkcaps.com\/de\/wp-json\/wp\/v2\/product_cat?post=17340"},{"taxonomy":"product_tag","embeddable":true,"href":"https:\/\/sumkcaps.com\/de\/wp-json\/wp\/v2\/product_tag?post=17340"}],"curies":[{"name":"wp","href":"https:\/\/api.w.org\/{rel}","templated":true}]}}