{"id":17318,"date":"2022-10-21T14:08:48","date_gmt":"2022-10-21T06:08:48","guid":{"rendered":"https:\/\/sumkcaps.com\/?post_type=product&#038;p=17318"},"modified":"2026-03-06T09:43:27","modified_gmt":"2026-03-06T01:43:27","slug":"sufox-231032-custom-six-panel-embroidered-corduroy-snapback-cap","status":"publish","type":"product","link":"https:\/\/sumkcaps.com\/de\/produkt\/sufox-231032-benutzerdefinierte-sechs-panel-bestickt-kord-snapback-cap\/","title":{"rendered":"Sumkcaps 231032 Benutzerdefinierte sechs Panel bestickt Cord Snapback Cap"},"content":{"rendered":"<div class=\"flex flex-col text-sm pb-25\">\n<article class=\"text-token-text-primary w-full focus:outline-none [--shadow-height:45px] has-data-writing-block:pointer-events-none has-data-writing-block:-mt-(--shadow-height) has-data-writing-block:pt-(--shadow-height) [&amp;:has([data-writing-block])&gt;*]:pointer-events-auto scroll-mt-[calc(var(--header-height)+min(200px,max(70px,20svh)))]\" dir=\"auto\" tabindex=\"-1\" data-turn-id=\"request-69a533f8-b908-8320-af5c-a60756ee5572-2\" data-testid=\"conversation-turn-62\" data-scroll-anchor=\"true\" data-turn=\"assistant\">\n<div class=\"text-base my-auto mx-auto pb-10 [--thread-content-margin:var(--thread-content-margin-xs,calc(var(--spacing)*4))] @w-sm\/main:[--thread-content-margin:var(--thread-content-margin-sm,calc(var(--spacing)*6))] @w-lg\/main:[--thread-content-margin:var(--thread-content-margin-lg,calc(var(--spacing)*16))] px-(--thread-content-margin)\">\n<div class=\"[--thread-content-max-width:40rem] @w-lg\/main:[--thread-content-max-width:48rem] mx-auto max-w-(--thread-content-max-width) flex-1 group\/turn-messages focus-visible:outline-hidden relative flex w-full min-w-0 flex-col agent-turn\" tabindex=\"-1\">\n<div class=\"flex max-w-full flex-col gap-4 grow\">\n<div class=\"min-h-8 text-message relative flex w-full flex-col items-end gap-2 text-start break-words whitespace-normal [.text-message+&amp;]:mt-1\" dir=\"auto\" data-message-author-role=\"assistant\" data-message-id=\"097db692-78d2-4f36-8391-7665e28a9ff6\" data-message-model-slug=\"gpt-5-3\">\n<div class=\"flex w-full flex-col gap-1 empty:hidden\">\n<div class=\"markdown prose dark:prose-invert w-full wrap-break-word light markdown-new-styling\">\n<h3 data-start=\"86\" data-end=\"421\"><strong data-start=\"86\" data-end=\"113\">Dekoration<\/strong><\/h3>\n<p data-start=\"86\" data-end=\"421\">Diese Snapback-Cap verf\u00fcgt \u00fcber eine hochwertige Stickerei, die ein scharfes, strukturiertes Logo-Finish bietet. Die Sticktechnik sorgt f\u00fcr eine lange Haltbarkeit und einen erstklassigen visuellen Effekt, wodurch sie sich ideal f\u00fcr Markenlogos, Teamabzeichen oder Werbedesigns eignet, die ein professionelles und stilvolles Aussehen erfordern.<\/p>\n<h3 data-start=\"423\" data-end=\"738\"><strong data-start=\"423\" data-end=\"446\">Material\u00a0<\/strong><\/h3>\n<p data-start=\"423\" data-end=\"738\">Diese Kappe aus strapazierf\u00e4higem Cordstoff bietet eine unverwechselbare gerippte Struktur, die f\u00fcr Tiefe und einen Vintage-Look sorgt. Cord ist sowohl bequem als auch robust und damit alltagstauglich und bietet einen einzigartigen Stil, der in Mode- und Streetwear-Kollektionen hervorsticht.<\/p>\n<h3 data-start=\"740\" data-end=\"1043\"><strong data-start=\"740\" data-end=\"767\">Farbe<\/strong><\/h3>\n<p data-start=\"740\" data-end=\"1043\">Die Kappe ist sowohl in klassischem Rot als auch in vollst\u00e4ndig anpassbaren Farboptionen erh\u00e4ltlich. Marken k\u00f6nnen Farben ausw\u00e4hlen, die zu ihrer Identit\u00e4t oder ihrem Kampagnenthema passen. Dies erm\u00f6glicht eine gr\u00f6\u00dfere Flexibilit\u00e4t bei der Produktgestaltung und stellt sicher, dass die endg\u00fcltige Kappe perfekt auf die Markenanforderungen abgestimmt ist.<\/p>\n<h3 data-start=\"1045\" data-end=\"1347\"><strong data-start=\"1045\" data-end=\"1078\">Passform &amp; Gr\u00f6\u00dfe<\/strong><\/h3>\n<p data-start=\"1045\" data-end=\"1347\">Die mit einem verstellbaren Snapback-Verschluss ausgestattete Kappe passt den meisten Kopfgr\u00f6\u00dfen von 7 bis 7 3\/4. Das One-Size-Fits-Most-Design sorgt f\u00fcr angenehmen Tragekomfort und praktische Verwendbarkeit f\u00fcr eine Vielzahl von Kunden und ist somit ideal f\u00fcr den Einzelhandel und den Vertrieb von Werbeartikeln.<\/p>\n<h3 data-start=\"1349\" data-end=\"1634\"><strong data-start=\"1349\" data-end=\"1370\">Visier<\/strong><\/h3>\n<p data-start=\"1349\" data-end=\"1634\">Der flache Schirm sorgt f\u00fcr eine moderne Streetwear-\u00c4sthetik und sch\u00fctzt die Augen vor Sonnenlicht. Das strukturierte Design h\u00e4lt die Form der Kappe aufrecht und unterstreicht den k\u00fchnen Gesamtlook, was sie zu einer beliebten Wahl f\u00fcr Modemarken und Lifestyle-Kollektionen macht.<\/p>\n<h3 data-start=\"1636\" data-end=\"1900\"><strong data-start=\"1636\" data-end=\"1659\">Dienst<\/strong><\/h3>\n<p data-start=\"1636\" data-end=\"1900\">Sumkcaps bietet professionelle OEM- und ODM-Dienstleistungen an, um verschiedene Anpassungsanforderungen zu erf\u00fcllen. Kunden k\u00f6nnen Logos, Stoffe, Farben, Etiketten und Verpackungen personalisieren, so dass Marken einzigartige, auf ihren Markt zugeschnittene Kopfbedeckungen schaffen k\u00f6nnen.<\/p>\n<h3 data-start=\"1902\" data-end=\"2165\"><strong data-start=\"1902\" data-end=\"1921\">Durchlaufzeit<\/strong><\/h3>\n<p data-start=\"1902\" data-end=\"2165\" data-is-last-node=\"\" data-is-only-node=\"\">Wir bieten zuverl\u00e4ssige und effiziente Produktionszeitr\u00e4ume. Die Musterproduktion dauert etwa <strong data-start=\"2016\" data-end=\"2036\">7-9 Arbeitstage<\/strong>, w\u00e4hrend Gro\u00dfauftr\u00e4ge in der Regel Folgendes erfordern <strong data-start=\"2074\" data-end=\"2096\">18-22 Arbeitstage<\/strong>, die rechtzeitige Lieferung von Gro\u00dfhandelsbestellungen und Produkteinf\u00fchrungen.<\/p>\n<\/div>\n<\/div>\n<\/div>\n<\/div>\n<div class=\"z-0 flex min-h-[46px] justify-start\"><\/div>\n<div class=\"mt-3 w-full empty:hidden\">\n<div class=\"text-center\"><\/div>\n<\/div>\n<\/div>\n<\/div>\n<\/article>\n<\/div>\n<div class=\"pointer-events-none h-px w-px absolute bottom-0\" aria-hidden=\"true\" data-edge=\"true\"><\/div>","protected":false},"excerpt":{"rendered":"<p>Sumkcaps 231032 benutzerdefinierte sechs Panel bestickt Cord Snapback Cap ist eines der beliebtesten Cap-Stil, leicht und atmungsaktiv gut. Unsere Snapbacks kommen in einer Vielzahl von Stilen und Farben aus allen Top-Marken.<\/p>","protected":false},"featured_media":17319,"template":"","meta":{"_acf_changed":false,"_kad_blocks_custom_css":"","_kad_blocks_head_custom_js":"","_kad_blocks_body_custom_js":"","_kad_blocks_footer_custom_js":""},"product_brand":[],"product_cat":[42],"product_tag":[],"class_list":{"0":"post-17318","1":"product","2":"type-product","3":"status-publish","4":"has-post-thumbnail","6":"product_cat-snapback-cap","8":"first","9":"outofstock","10":"shipping-taxable","11":"product-type-simple"},"acf":[],"yoast_head":"<!-- This site is optimized with the Yoast SEO Premium plugin v20.8 (Yoast SEO v25.9) - https:\/\/yoast.com\/wordpress\/plugins\/seo\/ -->\n<title>Custom Embroidered Corduroy Snapback Cap | China Manufactuer<\/title>\n<meta name=\"description\" content=\"More Than 10 Years Of Experience In The Headwear Industry. Cap Manufacturers.100% Satisfaction Guarantee. Expert Service. Bulk Discount. Quick delivery.\" \/>\n<meta name=\"robots\" content=\"index, follow, max-snippet:-1, max-image-preview:large, max-video-preview:-1\" \/>\n<link rel=\"canonical\" href=\"https:\/\/sumkcaps.com\/de\/produkt\/sufox-231032-benutzerdefinierte-sechs-panel-bestickt-kord-snapback-cap\/\" \/>\n<meta property=\"og:locale\" content=\"de_DE\" \/>\n<meta property=\"og:type\" content=\"article\" \/>\n<meta property=\"og:title\" content=\"Sumkcaps 231032 Custom Six Panel Embroidered Corduroy Snapback Cap - Sumkcaps\" \/>\n<meta property=\"og:description\" content=\"More Than 10 Years Of Experience In The Headwear Industry. Cap Manufacturers.100% Satisfaction Guarantee. Expert Service. Bulk Discount. Quick delivery.\" \/>\n<meta property=\"og:url\" content=\"https:\/\/sumkcaps.com\/de\/produkt\/sufox-231032-benutzerdefinierte-sechs-panel-bestickt-kord-snapback-cap\/\" \/>\n<meta property=\"og:site_name\" content=\"Sumkcaps-China Original Headwear Manufacturer and Suppliers\" \/>\n<meta property=\"article:publisher\" content=\"https:\/\/www.facebook.com\/sumkcap\" \/>\n<meta property=\"article:modified_time\" content=\"2026-03-06T01:43:27+00:00\" \/>\n<meta property=\"og:image\" content=\"https:\/\/sumkcaps.com\/wp-content\/uploads\/2022\/10\/6_panel_embroidered_corduroy_snapback_cap-1.jpg\" \/>\n\t<meta property=\"og:image:width\" content=\"800\" \/>\n\t<meta property=\"og:image:height\" content=\"800\" \/>\n\t<meta property=\"og:image:type\" content=\"image\/jpeg\" \/>\n<meta name=\"twitter:card\" content=\"summary_large_image\" \/>\n<meta name=\"twitter:label1\" content=\"Gesch\u00e4tzte Lesezeit\" \/>\n\t<meta name=\"twitter:data1\" content=\"2\u00a0Minuten\" \/>\n<script type=\"application\/ld+json\" class=\"yoast-schema-graph\">{\"@context\":\"https:\/\/schema.org\",\"@graph\":[{\"@type\":\"WebPage\",\"@id\":\"https:\/\/sumkcaps.com\/product\/sufox-231032-custom-six-panel-embroidered-corduroy-snapback-cap\/\",\"url\":\"https:\/\/sumkcaps.com\/product\/sufox-231032-custom-six-panel-embroidered-corduroy-snapback-cap\/\",\"name\":\"Custom Embroidered Corduroy Snapback Cap | China Manufactuer\",\"isPartOf\":{\"@id\":\"https:\/\/sumkcaps.com\/#website\"},\"primaryImageOfPage\":{\"@id\":\"https:\/\/sumkcaps.com\/product\/sufox-231032-custom-six-panel-embroidered-corduroy-snapback-cap\/#primaryimage\"},\"image\":{\"@id\":\"https:\/\/sumkcaps.com\/product\/sufox-231032-custom-six-panel-embroidered-corduroy-snapback-cap\/#primaryimage\"},\"thumbnailUrl\":\"https:\/\/sumkcaps.com\/wp-content\/uploads\/2022\/10\/6_panel_embroidered_corduroy_snapback_cap-1.jpg\",\"datePublished\":\"2022-10-21T06:08:48+00:00\",\"dateModified\":\"2026-03-06T01:43:27+00:00\",\"description\":\"More Than 10 Years Of Experience In The Headwear Industry. Cap Manufacturers.100% Satisfaction Guarantee. Expert Service. Bulk Discount. Quick delivery.\",\"breadcrumb\":{\"@id\":\"https:\/\/sumkcaps.com\/product\/sufox-231032-custom-six-panel-embroidered-corduroy-snapback-cap\/#breadcrumb\"},\"inLanguage\":\"de\",\"potentialAction\":[{\"@type\":\"ReadAction\",\"target\":[\"https:\/\/sumkcaps.com\/product\/sufox-231032-custom-six-panel-embroidered-corduroy-snapback-cap\/\"]}]},{\"@type\":\"ImageObject\",\"inLanguage\":\"de\",\"@id\":\"https:\/\/sumkcaps.com\/product\/sufox-231032-custom-six-panel-embroidered-corduroy-snapback-cap\/#primaryimage\",\"url\":\"https:\/\/sumkcaps.com\/wp-content\/uploads\/2022\/10\/6_panel_embroidered_corduroy_snapback_cap-1.jpg\",\"contentUrl\":\"https:\/\/sumkcaps.com\/wp-content\/uploads\/2022\/10\/6_panel_embroidered_corduroy_snapback_cap-1.jpg\",\"width\":800,\"height\":800},{\"@type\":\"BreadcrumbList\",\"@id\":\"https:\/\/sumkcaps.com\/product\/sufox-231032-custom-six-panel-embroidered-corduroy-snapback-cap\/#breadcrumb\",\"itemListElement\":[{\"@type\":\"ListItem\",\"position\":1,\"name\":\"Home\",\"item\":\"https:\/\/sumkcaps.com\/\"},{\"@type\":\"ListItem\",\"position\":2,\"name\":\"Products\",\"item\":\"https:\/\/sumkcaps.com\/product\/\"},{\"@type\":\"ListItem\",\"position\":3,\"name\":\"Sumkcaps 231032 Custom Six Panel Embroidered Corduroy Snapback Cap\"}]},{\"@type\":\"WebSite\",\"@id\":\"https:\/\/sumkcaps.com\/#website\",\"url\":\"https:\/\/sumkcaps.com\/\",\"name\":\"Sumkcaps-China Original Headwear Manufacturer and Suppliers\",\"description\":\"We are China Cap And Hat Original Factory, whose main business is to custom cap and hat as client&#039;s LOGO. Any cap style, any cap color, any qty, any material and qty is no problem. In one words, any small details can be customized as your request.\",\"publisher\":{\"@id\":\"https:\/\/sumkcaps.com\/#organization\"},\"potentialAction\":[{\"@type\":\"SearchAction\",\"target\":{\"@type\":\"EntryPoint\",\"urlTemplate\":\"https:\/\/sumkcaps.com\/?s={search_term_string}\"},\"query-input\":{\"@type\":\"PropertyValueSpecification\",\"valueRequired\":true,\"valueName\":\"search_term_string\"}}],\"inLanguage\":\"de\"},{\"@type\":\"Organization\",\"@id\":\"https:\/\/sumkcaps.com\/#organization\",\"name\":\"Sumkcaps-China Original Headwear Manufacturer and Suppliers\",\"url\":\"https:\/\/sumkcaps.com\/\",\"logo\":{\"@type\":\"ImageObject\",\"inLanguage\":\"de\",\"@id\":\"https:\/\/sumkcaps.com\/#\/schema\/logo\/image\/\",\"url\":\"https:\/\/sumkcaps.com\/wp-content\/uploads\/2025\/12\/1234.jpg\",\"contentUrl\":\"https:\/\/sumkcaps.com\/wp-content\/uploads\/2025\/12\/1234.jpg\",\"width\":800,\"height\":800,\"caption\":\"Sumkcaps-China Original Headwear Manufacturer and Suppliers\"},\"image\":{\"@id\":\"https:\/\/sumkcaps.com\/#\/schema\/logo\/image\/\"},\"sameAs\":[\"https:\/\/www.facebook.com\/sumkcap\",\"https:\/\/www.instagram.com\/sumkcaps7\/\",\"https:\/\/www.pinterest.com\/sumkcapschina\/\"]}]}<\/script>\n<!-- \/ Yoast SEO Premium plugin. -->","yoast_head_json":{"title":"Benutzerdefinierte bestickt Cord Snapback Cap | China Manufactuer","description":"Mehr als 10 Jahre Erfahrung in der Kopfbedeckungsindustrie. Cap Hersteller.100% Zufriedenheitsgarantie. Fachm\u00e4nnischer Service. Gro\u00dfer Rabatt. Schnelle Lieferung.","robots":{"index":"index","follow":"follow","max-snippet":"max-snippet:-1","max-image-preview":"max-image-preview:large","max-video-preview":"max-video-preview:-1"},"canonical":"https:\/\/sumkcaps.com\/de\/produkt\/sufox-231032-benutzerdefinierte-sechs-panel-bestickt-kord-snapback-cap\/","og_locale":"de_DE","og_type":"article","og_title":"Sumkcaps 231032 Custom Six Panel Embroidered Corduroy Snapback Cap - Sumkcaps","og_description":"More Than 10 Years Of Experience In The Headwear Industry. Cap Manufacturers.100% Satisfaction Guarantee. Expert Service. Bulk Discount. Quick delivery.","og_url":"https:\/\/sumkcaps.com\/de\/produkt\/sufox-231032-benutzerdefinierte-sechs-panel-bestickt-kord-snapback-cap\/","og_site_name":"Sumkcaps-China Original Headwear Manufacturer and Suppliers","article_publisher":"https:\/\/www.facebook.com\/sumkcap","article_modified_time":"2026-03-06T01:43:27+00:00","og_image":[{"width":800,"height":800,"url":"https:\/\/sumkcaps.com\/wp-content\/uploads\/2022\/10\/6_panel_embroidered_corduroy_snapback_cap-1.jpg","type":"image\/jpeg"}],"twitter_card":"summary_large_image","twitter_misc":{"Gesch\u00e4tzte Lesezeit":"2\u00a0Minuten"},"schema":{"@context":"https:\/\/schema.org","@graph":[{"@type":"WebPage","@id":"https:\/\/sumkcaps.com\/product\/sufox-231032-custom-six-panel-embroidered-corduroy-snapback-cap\/","url":"https:\/\/sumkcaps.com\/product\/sufox-231032-custom-six-panel-embroidered-corduroy-snapback-cap\/","name":"Benutzerdefinierte bestickt Cord Snapback Cap | China Manufactuer","isPartOf":{"@id":"https:\/\/sumkcaps.com\/#website"},"primaryImageOfPage":{"@id":"https:\/\/sumkcaps.com\/product\/sufox-231032-custom-six-panel-embroidered-corduroy-snapback-cap\/#primaryimage"},"image":{"@id":"https:\/\/sumkcaps.com\/product\/sufox-231032-custom-six-panel-embroidered-corduroy-snapback-cap\/#primaryimage"},"thumbnailUrl":"https:\/\/sumkcaps.com\/wp-content\/uploads\/2022\/10\/6_panel_embroidered_corduroy_snapback_cap-1.jpg","datePublished":"2022-10-21T06:08:48+00:00","dateModified":"2026-03-06T01:43:27+00:00","description":"Mehr als 10 Jahre Erfahrung in der Kopfbedeckungsindustrie. Cap Hersteller.100% Zufriedenheitsgarantie. Fachm\u00e4nnischer Service. Gro\u00dfer Rabatt. Schnelle Lieferung.","breadcrumb":{"@id":"https:\/\/sumkcaps.com\/product\/sufox-231032-custom-six-panel-embroidered-corduroy-snapback-cap\/#breadcrumb"},"inLanguage":"de","potentialAction":[{"@type":"ReadAction","target":["https:\/\/sumkcaps.com\/product\/sufox-231032-custom-six-panel-embroidered-corduroy-snapback-cap\/"]}]},{"@type":"ImageObject","inLanguage":"de","@id":"https:\/\/sumkcaps.com\/product\/sufox-231032-custom-six-panel-embroidered-corduroy-snapback-cap\/#primaryimage","url":"https:\/\/sumkcaps.com\/wp-content\/uploads\/2022\/10\/6_panel_embroidered_corduroy_snapback_cap-1.jpg","contentUrl":"https:\/\/sumkcaps.com\/wp-content\/uploads\/2022\/10\/6_panel_embroidered_corduroy_snapback_cap-1.jpg","width":800,"height":800},{"@type":"BreadcrumbList","@id":"https:\/\/sumkcaps.com\/product\/sufox-231032-custom-six-panel-embroidered-corduroy-snapback-cap\/#breadcrumb","itemListElement":[{"@type":"ListItem","position":1,"name":"Home","item":"https:\/\/sumkcaps.com\/"},{"@type":"ListItem","position":2,"name":"Products","item":"https:\/\/sumkcaps.com\/product\/"},{"@type":"ListItem","position":3,"name":"Sumkcaps 231032 Custom Six Panel Embroidered Corduroy Snapback Cap"}]},{"@type":"WebSite","@id":"https:\/\/sumkcaps.com\/#website","url":"https:\/\/sumkcaps.com\/","name":"Sumkcaps-China Original Kopfbedeckungen Hersteller und Lieferanten","description":"Wir sind China Cap And Hat Original Factory, deren Hauptgesch\u00e4ft ist es, benutzerdefinierte Kappe und Hut als Client &amp; #039; s LOGO. Jede Kappe Stil, jede Kappe Farbe, jede Menge, jedes Material und Menge ist kein Problem. In einem Wort, k\u00f6nnen alle kleinen Details als Ihre Anfrage angepasst werden.","publisher":{"@id":"https:\/\/sumkcaps.com\/#organization"},"potentialAction":[{"@type":"SearchAction","target":{"@type":"EntryPoint","urlTemplate":"https:\/\/sumkcaps.com\/?s={search_term_string}"},"query-input":{"@type":"PropertyValueSpecification","valueRequired":true,"valueName":"search_term_string"}}],"inLanguage":"de"},{"@type":"Organization","@id":"https:\/\/sumkcaps.com\/#organization","name":"Sumkcaps-China Original Kopfbedeckungen Hersteller und Lieferanten","url":"https:\/\/sumkcaps.com\/","logo":{"@type":"ImageObject","inLanguage":"de","@id":"https:\/\/sumkcaps.com\/#\/schema\/logo\/image\/","url":"https:\/\/sumkcaps.com\/wp-content\/uploads\/2025\/12\/1234.jpg","contentUrl":"https:\/\/sumkcaps.com\/wp-content\/uploads\/2025\/12\/1234.jpg","width":800,"height":800,"caption":"Sumkcaps-China Original Headwear Manufacturer and Suppliers"},"image":{"@id":"https:\/\/sumkcaps.com\/#\/schema\/logo\/image\/"},"sameAs":["https:\/\/www.facebook.com\/sumkcap","https:\/\/www.instagram.com\/sumkcaps7\/","https:\/\/www.pinterest.com\/sumkcapschina\/"]}]}},"taxonomy_info":{"product_cat":[{"value":42,"label":"Snapback Hats Wholesale"}]},"featured_image_src_large":["https:\/\/sumkcaps.com\/wp-content\/uploads\/2022\/10\/6_panel_embroidered_corduroy_snapback_cap-1.jpg",800,800,false],"author_info":[],"comment_info":"","_links":{"self":[{"href":"https:\/\/sumkcaps.com\/de\/wp-json\/wp\/v2\/product\/17318","targetHints":{"allow":["GET"]}}],"collection":[{"href":"https:\/\/sumkcaps.com\/de\/wp-json\/wp\/v2\/product"}],"about":[{"href":"https:\/\/sumkcaps.com\/de\/wp-json\/wp\/v2\/types\/product"}],"wp:featuredmedia":[{"embeddable":true,"href":"https:\/\/sumkcaps.com\/de\/wp-json\/wp\/v2\/media\/17319"}],"wp:attachment":[{"href":"https:\/\/sumkcaps.com\/de\/wp-json\/wp\/v2\/media?parent=17318"}],"wp:term":[{"taxonomy":"product_brand","embeddable":true,"href":"https:\/\/sumkcaps.com\/de\/wp-json\/wp\/v2\/product_brand?post=17318"},{"taxonomy":"product_cat","embeddable":true,"href":"https:\/\/sumkcaps.com\/de\/wp-json\/wp\/v2\/product_cat?post=17318"},{"taxonomy":"product_tag","embeddable":true,"href":"https:\/\/sumkcaps.com\/de\/wp-json\/wp\/v2\/product_tag?post=17318"}],"curies":[{"name":"wp","href":"https:\/\/api.w.org\/{rel}","templated":true}]}}