{"id":17290,"date":"2022-10-21T08:55:01","date_gmt":"2022-10-21T00:55:01","guid":{"rendered":"https:\/\/sumkcaps.com\/?post_type=product&#038;p=17290"},"modified":"2026-03-06T09:46:02","modified_gmt":"2026-03-06T01:46:02","slug":"sufox-231029-custom-six-panel-embroidery-patch-snapback-cap","status":"publish","type":"product","link":"https:\/\/sumkcaps.com\/de\/produkt\/sufox-231029-benutzerdefinierte-sechs-panel-stickerei-patch-snapback-cap\/","title":{"rendered":"Sumkcaps 231029 Benutzerdefinierte sechs Panel Stickerei Patch Snapback Cap"},"content":{"rendered":"<div class=\"flex flex-col text-sm pb-25\">\n<article class=\"text-token-text-primary w-full focus:outline-none [--shadow-height:45px] has-data-writing-block:pointer-events-none has-data-writing-block:-mt-(--shadow-height) has-data-writing-block:pt-(--shadow-height) [&amp;:has([data-writing-block])&gt;*]:pointer-events-auto scroll-mt-[calc(var(--header-height)+min(200px,max(70px,20svh)))]\" dir=\"auto\" tabindex=\"-1\" data-turn-id=\"request-69a533f8-b908-8320-af5c-a60756ee5572-3\" data-testid=\"conversation-turn-64\" data-scroll-anchor=\"true\" data-turn=\"assistant\">\n<div class=\"text-base my-auto mx-auto pb-10 [--thread-content-margin:var(--thread-content-margin-xs,calc(var(--spacing)*4))] @w-sm\/main:[--thread-content-margin:var(--thread-content-margin-sm,calc(var(--spacing)*6))] @w-lg\/main:[--thread-content-margin:var(--thread-content-margin-lg,calc(var(--spacing)*16))] px-(--thread-content-margin)\">\n<div class=\"[--thread-content-max-width:40rem] @w-lg\/main:[--thread-content-max-width:48rem] mx-auto max-w-(--thread-content-max-width) flex-1 group\/turn-messages focus-visible:outline-hidden relative flex w-full min-w-0 flex-col agent-turn\" tabindex=\"-1\">\n<div class=\"flex max-w-full flex-col gap-4 grow\">\n<div class=\"min-h-8 text-message relative flex w-full flex-col items-end gap-2 text-start break-words whitespace-normal [.text-message+&amp;]:mt-1\" dir=\"auto\" data-message-author-role=\"assistant\" data-message-id=\"e1399fb1-2244-446c-8522-5d6842e54cb4\" data-message-model-slug=\"gpt-5-3\">\n<div class=\"flex w-full flex-col gap-1 empty:hidden\">\n<div class=\"markdown prose dark:prose-invert w-full wrap-break-word light markdown-new-styling\">\n<h3 data-start=\"82\" data-end=\"416\"><strong data-start=\"82\" data-end=\"115\">Dekoration<\/strong><\/h3>\n<p data-start=\"82\" data-end=\"416\">Diese Snapback-Kappe ist mit einem hochwertigen Stickereipatch versehen, der dem Design Struktur und Tiefe verleiht. Die Aufn\u00e4hertechnik hebt Logos mit klaren N\u00e4hten und starker visueller Wirkung hervor und ist damit ideal f\u00fcr Markenidentit\u00e4t, Sportteams und Werbeartikel, w\u00e4hrend sie gleichzeitig eine lange Haltbarkeit gew\u00e4hrleistet.<\/p>\n<h3 data-start=\"418\" data-end=\"739\"><strong data-start=\"418\" data-end=\"445\">Material<\/strong><\/h3>\n<p data-start=\"418\" data-end=\"739\">Diese M\u00fctze ist aus hochwertigem 100%-Acrylgewebe gefertigt und bietet eine hervorragende Haltbarkeit und Formbest\u00e4ndigkeit. Das Material ist leicht, bequem und faltenresistent, wodurch es sich f\u00fcr das t\u00e4gliche Tragen eignet und ideal f\u00fcr Marken ist, die zuverl\u00e4ssige Leistung und langfristige Produktqualit\u00e4t suchen.<\/p>\n<h3 data-start=\"741\" data-end=\"1024\"><strong data-start=\"741\" data-end=\"763\">Farbe<\/strong><\/h3>\n<p data-start=\"741\" data-end=\"1024\">Die Kappe kann in allen Farben angepasst werden, damit sie zu verschiedenen Markenstilen und Marketingkampagnen passt. Egal, ob Sie klassische T\u00f6ne oder kr\u00e4ftige Modefarben bevorzugen, Sumkcaps kann die Kappe nach Ihren spezifischen Anforderungen herstellen, um sicherzustellen, dass Ihr Design hervorsticht.<\/p>\n<h3 data-start=\"1026\" data-end=\"1311\"><strong data-start=\"1026\" data-end=\"1059\">Passform &amp; Gr\u00f6\u00dfe<\/strong><\/h3>\n<p data-start=\"1026\" data-end=\"1311\">Die mit einem verstellbaren Snapback-Verschluss ausgestattete Kappe bietet eine flexible Passform f\u00fcr die meisten Kopfgr\u00f6\u00dfen von 7 bis 7 3\/4. Diese Einheitsgr\u00f6\u00dfe erh\u00f6ht den Komfort und die Bequemlichkeit und eignet sich f\u00fcr Einzelhandelsm\u00e4rkte und Werbeveranstaltungen.<\/p>\n<h3 data-start=\"1313\" data-end=\"1589\"><strong data-start=\"1313\" data-end=\"1334\">Visier\u00a0<\/strong><\/h3>\n<p data-start=\"1313\" data-end=\"1589\">Der flache Schirm sorgt f\u00fcr einen modernen Streetwear-Look und bietet gleichzeitig eine starke Struktur und Haltbarkeit. Er hilft, die Augen vor Sonnenlicht zu sch\u00fctzen und erg\u00e4nzt zeitgen\u00f6ssische Modestile, was die Kappe f\u00fcr Lifestyle-Marken und junge M\u00e4rkte attraktiv macht.<\/p>\n<h3 data-start=\"1591\" data-end=\"1861\"><strong data-start=\"1591\" data-end=\"1614\">Dienst<\/strong><\/h3>\n<p data-start=\"1591\" data-end=\"1861\">Sumkcaps bietet umfassende OEM- und ODM-Dienstleistungen, die es den Kunden erm\u00f6glichen, Logos, Stoffe, Farben, Etiketten und Verpackungen individuell zu gestalten. Unser erfahrenes Design- und Produktionsteam stellt sicher, dass jeder kundenspezifische Hut die Erwartungen der Marke und die Qualit\u00e4tsstandards erf\u00fcllt.<\/p>\n<h3 data-start=\"1863\" data-end=\"2106\"><strong data-start=\"1863\" data-end=\"1882\">Durchlaufzeit<\/strong><\/h3>\n<p data-start=\"1863\" data-end=\"2106\" data-is-last-node=\"\" data-is-only-node=\"\">Die Herstellung von Proben dauert in der Regel <strong data-start=\"1919\" data-end=\"1939\">7-9 Arbeitstage<\/strong>, w\u00e4hrend die Massenproduktion <strong data-start=\"1972\" data-end=\"1994\">18-22 Arbeitstage<\/strong>. Unser effizienter Arbeitsablauf gew\u00e4hrleistet stabile Qualit\u00e4t und zuverl\u00e4ssige Liefertermine f\u00fcr Gro\u00dfhandels- und kundenspezifische Auftr\u00e4ge.<\/p>\n<\/div>\n<\/div>\n<\/div>\n<\/div>\n<\/div>\n<\/div>\n<\/article>\n<\/div>","protected":false},"excerpt":{"rendered":"<p>Sumkcaps 231029 benutzerdefinierte sechs Panel Stickerei Patch Snapback Cap ist eines der beliebtesten Cap-Stil, leicht und atmungsaktiv gut. Unsere Snapbacks kommen in einer Vielzahl von Stilen und Farben aus allen Top-Marken.<\/p>","protected":false},"featured_media":17291,"template":"","meta":{"_acf_changed":false,"_kad_blocks_custom_css":"","_kad_blocks_head_custom_js":"","_kad_blocks_body_custom_js":"","_kad_blocks_footer_custom_js":""},"product_brand":[],"product_cat":[42],"product_tag":[],"class_list":{"0":"post-17290","1":"product","2":"type-product","3":"status-publish","4":"has-post-thumbnail","6":"product_cat-snapback-cap","8":"first","9":"outofstock","10":"shipping-taxable","11":"product-type-simple"},"acf":[],"yoast_head":"<!-- This site is optimized with the Yoast SEO Premium plugin v20.8 (Yoast SEO v25.9) - https:\/\/yoast.com\/wordpress\/plugins\/seo\/ -->\n<title>Custom Embroidery Patch Snapback Cap | China Manufactuer<\/title>\n<meta name=\"description\" content=\"More Than 10 Years Of Experience In The Headwear Industry. Cap Manufacturers.100% Satisfaction Guarantee. Expert Service. Bulk Discount. Quick delivery.\" \/>\n<meta name=\"robots\" content=\"index, follow, max-snippet:-1, max-image-preview:large, max-video-preview:-1\" \/>\n<link rel=\"canonical\" href=\"https:\/\/sumkcaps.com\/de\/produkt\/sufox-231029-benutzerdefinierte-sechs-panel-stickerei-patch-snapback-cap\/\" \/>\n<meta property=\"og:locale\" content=\"de_DE\" \/>\n<meta property=\"og:type\" content=\"article\" \/>\n<meta property=\"og:title\" content=\"Sumkcaps 231029 Custom Six Panel Embroidery Patch Snapback Cap - Sumkcaps\" \/>\n<meta property=\"og:description\" content=\"More Than 10 Years Of Experience In The Headwear Industry. Cap Manufacturers.100% Satisfaction Guarantee. Expert Service. Bulk Discount. Quick delivery.\" \/>\n<meta property=\"og:url\" content=\"https:\/\/sumkcaps.com\/de\/produkt\/sufox-231029-benutzerdefinierte-sechs-panel-stickerei-patch-snapback-cap\/\" \/>\n<meta property=\"og:site_name\" content=\"Sumkcaps-China Original Headwear Manufacturer and Suppliers\" \/>\n<meta property=\"article:publisher\" content=\"https:\/\/www.facebook.com\/sumkcap\" \/>\n<meta property=\"article:modified_time\" content=\"2026-03-06T01:46:02+00:00\" \/>\n<meta property=\"og:image\" content=\"https:\/\/sumkcaps.com\/wp-content\/uploads\/2022\/10\/6_panel_embroidery_patch_snapback_cap-1-1.jpg\" \/>\n\t<meta property=\"og:image:width\" content=\"800\" \/>\n\t<meta property=\"og:image:height\" content=\"800\" \/>\n\t<meta property=\"og:image:type\" content=\"image\/jpeg\" \/>\n<meta name=\"twitter:card\" content=\"summary_large_image\" \/>\n<meta name=\"twitter:label1\" content=\"Gesch\u00e4tzte Lesezeit\" \/>\n\t<meta name=\"twitter:data1\" content=\"2\u00a0Minuten\" \/>\n<script type=\"application\/ld+json\" class=\"yoast-schema-graph\">{\"@context\":\"https:\/\/schema.org\",\"@graph\":[{\"@type\":\"WebPage\",\"@id\":\"https:\/\/sumkcaps.com\/product\/sufox-231029-custom-six-panel-embroidery-patch-snapback-cap\/\",\"url\":\"https:\/\/sumkcaps.com\/product\/sufox-231029-custom-six-panel-embroidery-patch-snapback-cap\/\",\"name\":\"Custom Embroidery Patch Snapback Cap | China Manufactuer\",\"isPartOf\":{\"@id\":\"https:\/\/sumkcaps.com\/#website\"},\"primaryImageOfPage\":{\"@id\":\"https:\/\/sumkcaps.com\/product\/sufox-231029-custom-six-panel-embroidery-patch-snapback-cap\/#primaryimage\"},\"image\":{\"@id\":\"https:\/\/sumkcaps.com\/product\/sufox-231029-custom-six-panel-embroidery-patch-snapback-cap\/#primaryimage\"},\"thumbnailUrl\":\"https:\/\/sumkcaps.com\/wp-content\/uploads\/2022\/10\/6_panel_embroidery_patch_snapback_cap-1-1.jpg\",\"datePublished\":\"2022-10-21T00:55:01+00:00\",\"dateModified\":\"2026-03-06T01:46:02+00:00\",\"description\":\"More Than 10 Years Of Experience In The Headwear Industry. Cap Manufacturers.100% Satisfaction Guarantee. Expert Service. Bulk Discount. Quick delivery.\",\"breadcrumb\":{\"@id\":\"https:\/\/sumkcaps.com\/product\/sufox-231029-custom-six-panel-embroidery-patch-snapback-cap\/#breadcrumb\"},\"inLanguage\":\"de\",\"potentialAction\":[{\"@type\":\"ReadAction\",\"target\":[\"https:\/\/sumkcaps.com\/product\/sufox-231029-custom-six-panel-embroidery-patch-snapback-cap\/\"]}]},{\"@type\":\"ImageObject\",\"inLanguage\":\"de\",\"@id\":\"https:\/\/sumkcaps.com\/product\/sufox-231029-custom-six-panel-embroidery-patch-snapback-cap\/#primaryimage\",\"url\":\"https:\/\/sumkcaps.com\/wp-content\/uploads\/2022\/10\/6_panel_embroidery_patch_snapback_cap-1-1.jpg\",\"contentUrl\":\"https:\/\/sumkcaps.com\/wp-content\/uploads\/2022\/10\/6_panel_embroidery_patch_snapback_cap-1-1.jpg\",\"width\":800,\"height\":800},{\"@type\":\"BreadcrumbList\",\"@id\":\"https:\/\/sumkcaps.com\/product\/sufox-231029-custom-six-panel-embroidery-patch-snapback-cap\/#breadcrumb\",\"itemListElement\":[{\"@type\":\"ListItem\",\"position\":1,\"name\":\"Home\",\"item\":\"https:\/\/sumkcaps.com\/\"},{\"@type\":\"ListItem\",\"position\":2,\"name\":\"Products\",\"item\":\"https:\/\/sumkcaps.com\/product\/\"},{\"@type\":\"ListItem\",\"position\":3,\"name\":\"Sumkcaps 231029 Custom Six Panel Embroidery Patch Snapback Cap\"}]},{\"@type\":\"WebSite\",\"@id\":\"https:\/\/sumkcaps.com\/#website\",\"url\":\"https:\/\/sumkcaps.com\/\",\"name\":\"Sumkcaps-China Original Headwear Manufacturer and Suppliers\",\"description\":\"We are China Cap And Hat Original Factory, whose main business is to custom cap and hat as client&#039;s LOGO. Any cap style, any cap color, any qty, any material and qty is no problem. In one words, any small details can be customized as your request.\",\"publisher\":{\"@id\":\"https:\/\/sumkcaps.com\/#organization\"},\"potentialAction\":[{\"@type\":\"SearchAction\",\"target\":{\"@type\":\"EntryPoint\",\"urlTemplate\":\"https:\/\/sumkcaps.com\/?s={search_term_string}\"},\"query-input\":{\"@type\":\"PropertyValueSpecification\",\"valueRequired\":true,\"valueName\":\"search_term_string\"}}],\"inLanguage\":\"de\"},{\"@type\":\"Organization\",\"@id\":\"https:\/\/sumkcaps.com\/#organization\",\"name\":\"Sumkcaps-China Original Headwear Manufacturer and Suppliers\",\"url\":\"https:\/\/sumkcaps.com\/\",\"logo\":{\"@type\":\"ImageObject\",\"inLanguage\":\"de\",\"@id\":\"https:\/\/sumkcaps.com\/#\/schema\/logo\/image\/\",\"url\":\"https:\/\/sumkcaps.com\/wp-content\/uploads\/2025\/12\/1234.jpg\",\"contentUrl\":\"https:\/\/sumkcaps.com\/wp-content\/uploads\/2025\/12\/1234.jpg\",\"width\":800,\"height\":800,\"caption\":\"Sumkcaps-China Original Headwear Manufacturer and Suppliers\"},\"image\":{\"@id\":\"https:\/\/sumkcaps.com\/#\/schema\/logo\/image\/\"},\"sameAs\":[\"https:\/\/www.facebook.com\/sumkcap\",\"https:\/\/www.instagram.com\/sumkcaps7\/\",\"https:\/\/www.pinterest.com\/sumkcapschina\/\"]}]}<\/script>\n<!-- \/ Yoast SEO Premium plugin. -->","yoast_head_json":{"title":"Custom Stickerei Patch Snapback Cap | China Manufactuer","description":"Mehr als 10 Jahre Erfahrung in der Kopfbedeckungsindustrie. Cap Hersteller.100% Zufriedenheitsgarantie. Fachm\u00e4nnischer Service. Gro\u00dfer Rabatt. Schnelle Lieferung.","robots":{"index":"index","follow":"follow","max-snippet":"max-snippet:-1","max-image-preview":"max-image-preview:large","max-video-preview":"max-video-preview:-1"},"canonical":"https:\/\/sumkcaps.com\/de\/produkt\/sufox-231029-benutzerdefinierte-sechs-panel-stickerei-patch-snapback-cap\/","og_locale":"de_DE","og_type":"article","og_title":"Sumkcaps 231029 Custom Six Panel Embroidery Patch Snapback Cap - Sumkcaps","og_description":"More Than 10 Years Of Experience In The Headwear Industry. Cap Manufacturers.100% Satisfaction Guarantee. Expert Service. Bulk Discount. Quick delivery.","og_url":"https:\/\/sumkcaps.com\/de\/produkt\/sufox-231029-benutzerdefinierte-sechs-panel-stickerei-patch-snapback-cap\/","og_site_name":"Sumkcaps-China Original Headwear Manufacturer and Suppliers","article_publisher":"https:\/\/www.facebook.com\/sumkcap","article_modified_time":"2026-03-06T01:46:02+00:00","og_image":[{"width":800,"height":800,"url":"https:\/\/sumkcaps.com\/wp-content\/uploads\/2022\/10\/6_panel_embroidery_patch_snapback_cap-1-1.jpg","type":"image\/jpeg"}],"twitter_card":"summary_large_image","twitter_misc":{"Gesch\u00e4tzte Lesezeit":"2\u00a0Minuten"},"schema":{"@context":"https:\/\/schema.org","@graph":[{"@type":"WebPage","@id":"https:\/\/sumkcaps.com\/product\/sufox-231029-custom-six-panel-embroidery-patch-snapback-cap\/","url":"https:\/\/sumkcaps.com\/product\/sufox-231029-custom-six-panel-embroidery-patch-snapback-cap\/","name":"Custom Stickerei Patch Snapback Cap | China Manufactuer","isPartOf":{"@id":"https:\/\/sumkcaps.com\/#website"},"primaryImageOfPage":{"@id":"https:\/\/sumkcaps.com\/product\/sufox-231029-custom-six-panel-embroidery-patch-snapback-cap\/#primaryimage"},"image":{"@id":"https:\/\/sumkcaps.com\/product\/sufox-231029-custom-six-panel-embroidery-patch-snapback-cap\/#primaryimage"},"thumbnailUrl":"https:\/\/sumkcaps.com\/wp-content\/uploads\/2022\/10\/6_panel_embroidery_patch_snapback_cap-1-1.jpg","datePublished":"2022-10-21T00:55:01+00:00","dateModified":"2026-03-06T01:46:02+00:00","description":"Mehr als 10 Jahre Erfahrung in der Kopfbedeckungsindustrie. Cap Hersteller.100% Zufriedenheitsgarantie. Fachm\u00e4nnischer Service. Gro\u00dfer Rabatt. Schnelle Lieferung.","breadcrumb":{"@id":"https:\/\/sumkcaps.com\/product\/sufox-231029-custom-six-panel-embroidery-patch-snapback-cap\/#breadcrumb"},"inLanguage":"de","potentialAction":[{"@type":"ReadAction","target":["https:\/\/sumkcaps.com\/product\/sufox-231029-custom-six-panel-embroidery-patch-snapback-cap\/"]}]},{"@type":"ImageObject","inLanguage":"de","@id":"https:\/\/sumkcaps.com\/product\/sufox-231029-custom-six-panel-embroidery-patch-snapback-cap\/#primaryimage","url":"https:\/\/sumkcaps.com\/wp-content\/uploads\/2022\/10\/6_panel_embroidery_patch_snapback_cap-1-1.jpg","contentUrl":"https:\/\/sumkcaps.com\/wp-content\/uploads\/2022\/10\/6_panel_embroidery_patch_snapback_cap-1-1.jpg","width":800,"height":800},{"@type":"BreadcrumbList","@id":"https:\/\/sumkcaps.com\/product\/sufox-231029-custom-six-panel-embroidery-patch-snapback-cap\/#breadcrumb","itemListElement":[{"@type":"ListItem","position":1,"name":"Home","item":"https:\/\/sumkcaps.com\/"},{"@type":"ListItem","position":2,"name":"Products","item":"https:\/\/sumkcaps.com\/product\/"},{"@type":"ListItem","position":3,"name":"Sumkcaps 231029 Custom Six Panel Embroidery Patch Snapback Cap"}]},{"@type":"WebSite","@id":"https:\/\/sumkcaps.com\/#website","url":"https:\/\/sumkcaps.com\/","name":"Sumkcaps-China Original Kopfbedeckungen Hersteller und Lieferanten","description":"Wir sind China Cap And Hat Original Factory, deren Hauptgesch\u00e4ft ist es, benutzerdefinierte Kappe und Hut als Client &amp; #039; s LOGO. Jede Kappe Stil, jede Kappe Farbe, jede Menge, jedes Material und Menge ist kein Problem. In einem Wort, k\u00f6nnen alle kleinen Details als Ihre Anfrage angepasst werden.","publisher":{"@id":"https:\/\/sumkcaps.com\/#organization"},"potentialAction":[{"@type":"SearchAction","target":{"@type":"EntryPoint","urlTemplate":"https:\/\/sumkcaps.com\/?s={search_term_string}"},"query-input":{"@type":"PropertyValueSpecification","valueRequired":true,"valueName":"search_term_string"}}],"inLanguage":"de"},{"@type":"Organization","@id":"https:\/\/sumkcaps.com\/#organization","name":"Sumkcaps-China Original Kopfbedeckungen Hersteller und Lieferanten","url":"https:\/\/sumkcaps.com\/","logo":{"@type":"ImageObject","inLanguage":"de","@id":"https:\/\/sumkcaps.com\/#\/schema\/logo\/image\/","url":"https:\/\/sumkcaps.com\/wp-content\/uploads\/2025\/12\/1234.jpg","contentUrl":"https:\/\/sumkcaps.com\/wp-content\/uploads\/2025\/12\/1234.jpg","width":800,"height":800,"caption":"Sumkcaps-China Original Headwear Manufacturer and Suppliers"},"image":{"@id":"https:\/\/sumkcaps.com\/#\/schema\/logo\/image\/"},"sameAs":["https:\/\/www.facebook.com\/sumkcap","https:\/\/www.instagram.com\/sumkcaps7\/","https:\/\/www.pinterest.com\/sumkcapschina\/"]}]}},"taxonomy_info":{"product_cat":[{"value":42,"label":"Snapback Hats Wholesale"}]},"featured_image_src_large":["https:\/\/sumkcaps.com\/wp-content\/uploads\/2022\/10\/6_panel_embroidery_patch_snapback_cap-1-1.jpg",800,800,false],"author_info":[],"comment_info":"","_links":{"self":[{"href":"https:\/\/sumkcaps.com\/de\/wp-json\/wp\/v2\/product\/17290","targetHints":{"allow":["GET"]}}],"collection":[{"href":"https:\/\/sumkcaps.com\/de\/wp-json\/wp\/v2\/product"}],"about":[{"href":"https:\/\/sumkcaps.com\/de\/wp-json\/wp\/v2\/types\/product"}],"wp:featuredmedia":[{"embeddable":true,"href":"https:\/\/sumkcaps.com\/de\/wp-json\/wp\/v2\/media\/17291"}],"wp:attachment":[{"href":"https:\/\/sumkcaps.com\/de\/wp-json\/wp\/v2\/media?parent=17290"}],"wp:term":[{"taxonomy":"product_brand","embeddable":true,"href":"https:\/\/sumkcaps.com\/de\/wp-json\/wp\/v2\/product_brand?post=17290"},{"taxonomy":"product_cat","embeddable":true,"href":"https:\/\/sumkcaps.com\/de\/wp-json\/wp\/v2\/product_cat?post=17290"},{"taxonomy":"product_tag","embeddable":true,"href":"https:\/\/sumkcaps.com\/de\/wp-json\/wp\/v2\/product_tag?post=17290"}],"curies":[{"name":"wp","href":"https:\/\/api.w.org\/{rel}","templated":true}]}}