{"id":17038,"date":"2022-10-19T10:59:04","date_gmt":"2022-10-19T02:59:04","guid":{"rendered":"https:\/\/sumkcaps.com\/?post_type=product&#038;p=17038"},"modified":"2025-12-17T15:02:36","modified_gmt":"2025-12-17T07:02:36","slug":"sufox-231004-custom-six-panel-flat-embroidery-baseball-cap","status":"publish","type":"product","link":"https:\/\/sumkcaps.com\/de\/produkt\/sufox-231004-benutzerdefinierte-sechs-panel-flach-stickerei-baseballmutze\/","title":{"rendered":"Sumkcaps 231004 Benutzerdefinierte sechs Panel flache Stickerei Baseball-Kappe"},"content":{"rendered":"<h3 data-start=\"247\" data-end=\"670\"><strong data-start=\"247\" data-end=\"287\">Dekoration<\/strong><\/h3>\n<p data-start=\"247\" data-end=\"670\">Diese Baseballkappe verf\u00fcgt \u00fcber eine saubere und pr\u00e4zise Flachstickerei, die Logos, Texten oder individuellen Motiven einen scharfen und professionellen Look verleiht. Die Stickerei liegt glatt auf der Oberfl\u00e4che auf und sorgt f\u00fcr lange Haltbarkeit ohne aufzutragen. Flachstickerei eignet sich ideal f\u00fcr Markenwerbung, Unternehmensartikel, Einzelhandelskollektionen oder Teamkleidung und bietet eine zeitlose und vielseitige Dekorationsm\u00f6glichkeit.<\/p>\n<h3 data-start=\"672\" data-end=\"1051\"><strong data-start=\"672\" data-end=\"696\">Material<\/strong><\/h3>\n<p data-start=\"672\" data-end=\"1051\">Diese Kappe aus hochwertigem Polyestergewebe zeichnet sich durch hervorragende Strapazierf\u00e4higkeit, Knitterfreiheit und Farbechtheit aus. Das leichte und dennoch robuste Material sorgt f\u00fcr Tragekomfort den ganzen Tag \u00fcber und beh\u00e4lt gleichzeitig seine Form. Polyester ist zudem pflegeleicht, sodass sich diese Kappe ideal f\u00fcr den h\u00e4ufigen Einsatz im Einzelhandel, bei Werbeveranstaltungen und als l\u00e4ssige Alltagskleidung eignet.<\/p>\n<h3 data-start=\"1053\" data-end=\"1393\"><strong data-start=\"1053\" data-end=\"1075\">Farbe<\/strong><\/h3>\n<p data-start=\"1053\" data-end=\"1393\">Die Kappe ist in vollst\u00e4ndig individuell anpassbaren Farben erh\u00e4ltlich, die zu Ihrer Markenidentit\u00e4t oder Ihren saisonalen Kollektionen passen. Von klassischen neutralen T\u00f6nen bis hin zu kr\u00e4ftigen Statement-Farben \u2013 dank flexibler Farboptionen k\u00f6nnen Sie einzigartige Designs kreieren, die sich auf dem Markt abheben. Durch individuelles F\u00e4rben wird eine gleichbleibende Farbqualit\u00e4t bei Gro\u00dfauftr\u00e4gen gew\u00e4hrleistet.<\/p>\n<h3 data-start=\"1395\" data-end=\"1715\"><strong data-start=\"1395\" data-end=\"1428\">Passform &amp; Gr\u00f6\u00dfe<\/strong><\/h3>\n<p data-start=\"1395\" data-end=\"1715\">Diese Baseballkappe mit sechs Segmenten wurde mit einer OSFM-Struktur entworfen und passt bequem f\u00fcr Kopfgr\u00f6\u00dfen von 7 bis 7 3\/4. Die strukturierte Krone und der verstellbare Verschluss sorgen f\u00fcr einen sicheren und flexiblen Sitz, sodass sie f\u00fcr die meisten Erwachsenen geeignet ist. Sie bietet sowohl Komfort als auch eine klare Silhouette f\u00fcr den t\u00e4glichen Gebrauch.<\/p>\n<h3 data-start=\"1717\" data-end=\"2052\"><strong data-start=\"1717\" data-end=\"1739\">Visier<\/strong><\/h3>\n<p data-start=\"1717\" data-end=\"2052\">Das vorgebogene Visier sorgt f\u00fcr einen klassischen Baseballcap-Look und bietet gleichzeitig praktischen Sonnenschutz. Seine Form betont die Gesichtskonturen und verleiht einen sportlichen, l\u00e4ssigen Look. Das Visier beh\u00e4lt seine W\u00f6lbung \u00fcber lange Zeit bei und sorgt so f\u00fcr einen gleichbleibenden Stil und Funktionalit\u00e4t bei Outdoor-Aktivit\u00e4ten, Werbeaktionen oder als l\u00e4ssiges Modeaccessoire.<\/p>\n<h3 data-start=\"2054\" data-end=\"2393\"><strong data-start=\"2054\" data-end=\"2077\">Dienst<\/strong><\/h3>\n<p data-start=\"2054\" data-end=\"2393\">Wir bieten professionelle OEM- und ODM-Dienstleistungen und unterst\u00fctzen Sie bei der individuellen Gestaltung, Platzierung von Logos, Etikettierung, Verpackung und Massenproduktion. Von der Konzeptentwicklung bis zur endg\u00fcltigen Lieferung arbeitet unser Team eng mit den Kunden zusammen, um Qualit\u00e4t, Konsistenz und p\u00fcnktliche Lieferung f\u00fcr Eigenmarken und Gro\u00dfhandelspartner sicherzustellen.<\/p>","protected":false},"excerpt":{"rendered":"<p>Sumkcaps 231004 benutzerdefinierte sechs Panel flache Stickerei Baseball-Kappe ist eine der beliebten Cap-Stil, geringes Gewicht und atmungsaktiv gut. Unsere Snapbacks kommen in einer Vielzahl von Stilen und Farben von allen Top-Marken.<\/p>","protected":false},"featured_media":17039,"template":"","meta":{"_acf_changed":false,"_kad_blocks_custom_css":"","_kad_blocks_head_custom_js":"","_kad_blocks_body_custom_js":"","_kad_blocks_footer_custom_js":""},"product_brand":[],"product_cat":[38],"product_tag":[],"class_list":{"0":"post-17038","1":"product","2":"type-product","3":"status-publish","4":"has-post-thumbnail","6":"product_cat-baseball-cap-supplier","8":"first","9":"outofstock","10":"shipping-taxable","11":"product-type-simple"},"acf":[],"yoast_head":"<!-- This site is optimized with the Yoast SEO Premium plugin v20.8 (Yoast SEO v25.9) - https:\/\/yoast.com\/wordpress\/plugins\/seo\/ -->\n<title>Custom Flat Embroidery Baseball Cap | China Manufactuer<\/title>\n<meta name=\"description\" content=\"High Quality Cap Head Wear With Professional Custom Design Service Available. Add Your Logo or Custom Design Online. Expert Service. Bulk Discount.\" \/>\n<meta name=\"robots\" content=\"index, follow, max-snippet:-1, max-image-preview:large, max-video-preview:-1\" \/>\n<link rel=\"canonical\" href=\"https:\/\/sumkcaps.com\/de\/produkt\/sufox-231004-benutzerdefinierte-sechs-panel-flach-stickerei-baseballmutze\/\" \/>\n<meta property=\"og:locale\" content=\"de_DE\" \/>\n<meta property=\"og:type\" content=\"article\" \/>\n<meta property=\"og:title\" content=\"Sumkcaps 231004 Custom Six Panel Flat Embroidery Baseball Cap - Sumkcaps\" \/>\n<meta property=\"og:description\" content=\"High Quality Cap Head Wear With Professional Custom Design Service Available. Add Your Logo or Custom Design Online. Expert Service. Bulk Discount.\" \/>\n<meta property=\"og:url\" content=\"https:\/\/sumkcaps.com\/de\/produkt\/sufox-231004-benutzerdefinierte-sechs-panel-flach-stickerei-baseballmutze\/\" \/>\n<meta property=\"og:site_name\" content=\"Sumkcaps-China Original Headwear Manufacturer and Suppliers\" \/>\n<meta property=\"article:publisher\" content=\"https:\/\/www.facebook.com\/sumkcap\" \/>\n<meta property=\"article:modified_time\" content=\"2025-12-17T07:02:36+00:00\" \/>\n<meta property=\"og:image\" content=\"https:\/\/sumkcaps.com\/wp-content\/uploads\/2022\/10\/6_panel_flat_embroidery_baseball_cap-1.jpg\" \/>\n\t<meta property=\"og:image:width\" content=\"800\" \/>\n\t<meta property=\"og:image:height\" content=\"800\" \/>\n\t<meta property=\"og:image:type\" content=\"image\/jpeg\" \/>\n<meta name=\"twitter:card\" content=\"summary_large_image\" \/>\n<meta name=\"twitter:label1\" content=\"Gesch\u00e4tzte Lesezeit\" \/>\n\t<meta name=\"twitter:data1\" content=\"2\u00a0Minuten\" \/>\n<script type=\"application\/ld+json\" class=\"yoast-schema-graph\">{\"@context\":\"https:\/\/schema.org\",\"@graph\":[{\"@type\":\"WebPage\",\"@id\":\"https:\/\/sumkcaps.com\/product\/sufox-231004-custom-six-panel-flat-embroidery-baseball-cap\/\",\"url\":\"https:\/\/sumkcaps.com\/product\/sufox-231004-custom-six-panel-flat-embroidery-baseball-cap\/\",\"name\":\"Custom Flat Embroidery Baseball Cap | China Manufactuer\",\"isPartOf\":{\"@id\":\"https:\/\/sumkcaps.com\/#website\"},\"primaryImageOfPage\":{\"@id\":\"https:\/\/sumkcaps.com\/product\/sufox-231004-custom-six-panel-flat-embroidery-baseball-cap\/#primaryimage\"},\"image\":{\"@id\":\"https:\/\/sumkcaps.com\/product\/sufox-231004-custom-six-panel-flat-embroidery-baseball-cap\/#primaryimage\"},\"thumbnailUrl\":\"https:\/\/sumkcaps.com\/wp-content\/uploads\/2022\/10\/6_panel_flat_embroidery_baseball_cap-1.jpg\",\"datePublished\":\"2022-10-19T02:59:04+00:00\",\"dateModified\":\"2025-12-17T07:02:36+00:00\",\"description\":\"High Quality Cap Head Wear With Professional Custom Design Service Available. Add Your Logo or Custom Design Online. Expert Service. Bulk Discount.\",\"breadcrumb\":{\"@id\":\"https:\/\/sumkcaps.com\/product\/sufox-231004-custom-six-panel-flat-embroidery-baseball-cap\/#breadcrumb\"},\"inLanguage\":\"de\",\"potentialAction\":[{\"@type\":\"ReadAction\",\"target\":[\"https:\/\/sumkcaps.com\/product\/sufox-231004-custom-six-panel-flat-embroidery-baseball-cap\/\"]}]},{\"@type\":\"ImageObject\",\"inLanguage\":\"de\",\"@id\":\"https:\/\/sumkcaps.com\/product\/sufox-231004-custom-six-panel-flat-embroidery-baseball-cap\/#primaryimage\",\"url\":\"https:\/\/sumkcaps.com\/wp-content\/uploads\/2022\/10\/6_panel_flat_embroidery_baseball_cap-1.jpg\",\"contentUrl\":\"https:\/\/sumkcaps.com\/wp-content\/uploads\/2022\/10\/6_panel_flat_embroidery_baseball_cap-1.jpg\",\"width\":800,\"height\":800},{\"@type\":\"BreadcrumbList\",\"@id\":\"https:\/\/sumkcaps.com\/product\/sufox-231004-custom-six-panel-flat-embroidery-baseball-cap\/#breadcrumb\",\"itemListElement\":[{\"@type\":\"ListItem\",\"position\":1,\"name\":\"Home\",\"item\":\"https:\/\/sumkcaps.com\/\"},{\"@type\":\"ListItem\",\"position\":2,\"name\":\"Products\",\"item\":\"https:\/\/sumkcaps.com\/product\/\"},{\"@type\":\"ListItem\",\"position\":3,\"name\":\"Sumkcaps 231004 Custom Six Panel Flat Embroidery Baseball Cap\"}]},{\"@type\":\"WebSite\",\"@id\":\"https:\/\/sumkcaps.com\/#website\",\"url\":\"https:\/\/sumkcaps.com\/\",\"name\":\"Sumkcaps-China Original Headwear Manufacturer and Suppliers\",\"description\":\"We are China Cap And Hat Original Factory, whose main business is to custom cap and hat as client&#039;s LOGO. Any cap style, any cap color, any qty, any material and qty is no problem. In one words, any small details can be customized as your request.\",\"publisher\":{\"@id\":\"https:\/\/sumkcaps.com\/#organization\"},\"potentialAction\":[{\"@type\":\"SearchAction\",\"target\":{\"@type\":\"EntryPoint\",\"urlTemplate\":\"https:\/\/sumkcaps.com\/?s={search_term_string}\"},\"query-input\":{\"@type\":\"PropertyValueSpecification\",\"valueRequired\":true,\"valueName\":\"search_term_string\"}}],\"inLanguage\":\"de\"},{\"@type\":\"Organization\",\"@id\":\"https:\/\/sumkcaps.com\/#organization\",\"name\":\"Sumkcaps-China Original Headwear Manufacturer and Suppliers\",\"url\":\"https:\/\/sumkcaps.com\/\",\"logo\":{\"@type\":\"ImageObject\",\"inLanguage\":\"de\",\"@id\":\"https:\/\/sumkcaps.com\/#\/schema\/logo\/image\/\",\"url\":\"https:\/\/sumkcaps.com\/wp-content\/uploads\/2025\/12\/1234.jpg\",\"contentUrl\":\"https:\/\/sumkcaps.com\/wp-content\/uploads\/2025\/12\/1234.jpg\",\"width\":800,\"height\":800,\"caption\":\"Sumkcaps-China Original Headwear Manufacturer and Suppliers\"},\"image\":{\"@id\":\"https:\/\/sumkcaps.com\/#\/schema\/logo\/image\/\"},\"sameAs\":[\"https:\/\/www.facebook.com\/sumkcap\",\"https:\/\/www.instagram.com\/sumkcaps7\/\",\"https:\/\/www.pinterest.com\/sumkcapschina\/\"]}]}<\/script>\n<!-- \/ Yoast SEO Premium plugin. -->","yoast_head_json":{"title":"Benutzerdefinierte flache Stickerei Baseballm\u00fctze | China Manufactuer","description":"Hochwertige Kopfbedeckung mit professionellem Design-Service verf\u00fcgbar. F\u00fcgen Sie Ihr Logo oder Ihr individuelles Design online hinzu. Fachm\u00e4nnischer Service. Mengenrabatt.","robots":{"index":"index","follow":"follow","max-snippet":"max-snippet:-1","max-image-preview":"max-image-preview:large","max-video-preview":"max-video-preview:-1"},"canonical":"https:\/\/sumkcaps.com\/de\/produkt\/sufox-231004-benutzerdefinierte-sechs-panel-flach-stickerei-baseballmutze\/","og_locale":"de_DE","og_type":"article","og_title":"Sumkcaps 231004 Custom Six Panel Flat Embroidery Baseball Cap - Sumkcaps","og_description":"High Quality Cap Head Wear With Professional Custom Design Service Available. Add Your Logo or Custom Design Online. Expert Service. Bulk Discount.","og_url":"https:\/\/sumkcaps.com\/de\/produkt\/sufox-231004-benutzerdefinierte-sechs-panel-flach-stickerei-baseballmutze\/","og_site_name":"Sumkcaps-China Original Headwear Manufacturer and Suppliers","article_publisher":"https:\/\/www.facebook.com\/sumkcap","article_modified_time":"2025-12-17T07:02:36+00:00","og_image":[{"width":800,"height":800,"url":"https:\/\/sumkcaps.com\/wp-content\/uploads\/2022\/10\/6_panel_flat_embroidery_baseball_cap-1.jpg","type":"image\/jpeg"}],"twitter_card":"summary_large_image","twitter_misc":{"Gesch\u00e4tzte Lesezeit":"2\u00a0Minuten"},"schema":{"@context":"https:\/\/schema.org","@graph":[{"@type":"WebPage","@id":"https:\/\/sumkcaps.com\/product\/sufox-231004-custom-six-panel-flat-embroidery-baseball-cap\/","url":"https:\/\/sumkcaps.com\/product\/sufox-231004-custom-six-panel-flat-embroidery-baseball-cap\/","name":"Benutzerdefinierte flache Stickerei Baseballm\u00fctze | China Manufactuer","isPartOf":{"@id":"https:\/\/sumkcaps.com\/#website"},"primaryImageOfPage":{"@id":"https:\/\/sumkcaps.com\/product\/sufox-231004-custom-six-panel-flat-embroidery-baseball-cap\/#primaryimage"},"image":{"@id":"https:\/\/sumkcaps.com\/product\/sufox-231004-custom-six-panel-flat-embroidery-baseball-cap\/#primaryimage"},"thumbnailUrl":"https:\/\/sumkcaps.com\/wp-content\/uploads\/2022\/10\/6_panel_flat_embroidery_baseball_cap-1.jpg","datePublished":"2022-10-19T02:59:04+00:00","dateModified":"2025-12-17T07:02:36+00:00","description":"Hochwertige Kopfbedeckung mit professionellem Design-Service verf\u00fcgbar. F\u00fcgen Sie Ihr Logo oder Ihr individuelles Design online hinzu. Fachm\u00e4nnischer Service. Mengenrabatt.","breadcrumb":{"@id":"https:\/\/sumkcaps.com\/product\/sufox-231004-custom-six-panel-flat-embroidery-baseball-cap\/#breadcrumb"},"inLanguage":"de","potentialAction":[{"@type":"ReadAction","target":["https:\/\/sumkcaps.com\/product\/sufox-231004-custom-six-panel-flat-embroidery-baseball-cap\/"]}]},{"@type":"ImageObject","inLanguage":"de","@id":"https:\/\/sumkcaps.com\/product\/sufox-231004-custom-six-panel-flat-embroidery-baseball-cap\/#primaryimage","url":"https:\/\/sumkcaps.com\/wp-content\/uploads\/2022\/10\/6_panel_flat_embroidery_baseball_cap-1.jpg","contentUrl":"https:\/\/sumkcaps.com\/wp-content\/uploads\/2022\/10\/6_panel_flat_embroidery_baseball_cap-1.jpg","width":800,"height":800},{"@type":"BreadcrumbList","@id":"https:\/\/sumkcaps.com\/product\/sufox-231004-custom-six-panel-flat-embroidery-baseball-cap\/#breadcrumb","itemListElement":[{"@type":"ListItem","position":1,"name":"Home","item":"https:\/\/sumkcaps.com\/"},{"@type":"ListItem","position":2,"name":"Products","item":"https:\/\/sumkcaps.com\/product\/"},{"@type":"ListItem","position":3,"name":"Sumkcaps 231004 Custom Six Panel Flat Embroidery Baseball Cap"}]},{"@type":"WebSite","@id":"https:\/\/sumkcaps.com\/#website","url":"https:\/\/sumkcaps.com\/","name":"Sumkcaps-China Original Kopfbedeckungen Hersteller und Lieferanten","description":"Wir sind China Cap And Hat Original Factory, deren Hauptgesch\u00e4ft ist es, benutzerdefinierte Kappe und Hut als Client &amp; #039; s LOGO. Jede Kappe Stil, jede Kappe Farbe, jede Menge, jedes Material und Menge ist kein Problem. In einem Wort, k\u00f6nnen alle kleinen Details als Ihre Anfrage angepasst werden.","publisher":{"@id":"https:\/\/sumkcaps.com\/#organization"},"potentialAction":[{"@type":"SearchAction","target":{"@type":"EntryPoint","urlTemplate":"https:\/\/sumkcaps.com\/?s={search_term_string}"},"query-input":{"@type":"PropertyValueSpecification","valueRequired":true,"valueName":"search_term_string"}}],"inLanguage":"de"},{"@type":"Organization","@id":"https:\/\/sumkcaps.com\/#organization","name":"Sumkcaps-China Original Kopfbedeckungen Hersteller und Lieferanten","url":"https:\/\/sumkcaps.com\/","logo":{"@type":"ImageObject","inLanguage":"de","@id":"https:\/\/sumkcaps.com\/#\/schema\/logo\/image\/","url":"https:\/\/sumkcaps.com\/wp-content\/uploads\/2025\/12\/1234.jpg","contentUrl":"https:\/\/sumkcaps.com\/wp-content\/uploads\/2025\/12\/1234.jpg","width":800,"height":800,"caption":"Sumkcaps-China Original Headwear Manufacturer and Suppliers"},"image":{"@id":"https:\/\/sumkcaps.com\/#\/schema\/logo\/image\/"},"sameAs":["https:\/\/www.facebook.com\/sumkcap","https:\/\/www.instagram.com\/sumkcaps7\/","https:\/\/www.pinterest.com\/sumkcapschina\/"]}]}},"taxonomy_info":{"product_cat":[{"value":38,"label":"Baseball Cap"}]},"featured_image_src_large":["https:\/\/sumkcaps.com\/wp-content\/uploads\/2022\/10\/6_panel_flat_embroidery_baseball_cap-1.jpg",800,800,false],"author_info":[],"comment_info":"","_links":{"self":[{"href":"https:\/\/sumkcaps.com\/de\/wp-json\/wp\/v2\/product\/17038","targetHints":{"allow":["GET"]}}],"collection":[{"href":"https:\/\/sumkcaps.com\/de\/wp-json\/wp\/v2\/product"}],"about":[{"href":"https:\/\/sumkcaps.com\/de\/wp-json\/wp\/v2\/types\/product"}],"wp:featuredmedia":[{"embeddable":true,"href":"https:\/\/sumkcaps.com\/de\/wp-json\/wp\/v2\/media\/17039"}],"wp:attachment":[{"href":"https:\/\/sumkcaps.com\/de\/wp-json\/wp\/v2\/media?parent=17038"}],"wp:term":[{"taxonomy":"product_brand","embeddable":true,"href":"https:\/\/sumkcaps.com\/de\/wp-json\/wp\/v2\/product_brand?post=17038"},{"taxonomy":"product_cat","embeddable":true,"href":"https:\/\/sumkcaps.com\/de\/wp-json\/wp\/v2\/product_cat?post=17038"},{"taxonomy":"product_tag","embeddable":true,"href":"https:\/\/sumkcaps.com\/de\/wp-json\/wp\/v2\/product_tag?post=17038"}],"curies":[{"name":"wp","href":"https:\/\/api.w.org\/{rel}","templated":true}]}}