{"id":16668,"date":"2022-10-13T10:20:53","date_gmt":"2022-10-13T02:20:53","guid":{"rendered":"https:\/\/sumkcaps.com\/?post_type=product&#038;p=16668"},"modified":"2026-03-17T11:06:12","modified_gmt":"2026-03-17T03:06:12","slug":"sufox-241068-custom-six-panel-embroidered-gray-snapback-cap","status":"publish","type":"product","link":"https:\/\/sumkcaps.com\/de\/produkt\/sufox-241068-benutzerdefinierte-sechs-panel-gestickt-grau-snapback-cap\/","title":{"rendered":"Sumkcaps 241068 Benutzerdefinierte sechs Panel bestickt grau Snapback Cap"},"content":{"rendered":"<div class=\"flex max-w-full flex-col gap-4 grow\">\n<div class=\"min-h-8 text-message relative flex w-full flex-col items-end gap-2 text-start break-words whitespace-normal [.text-message+&amp;]:mt-1\" dir=\"auto\" data-message-author-role=\"assistant\" data-message-id=\"b44cec7d-019b-462e-8e92-9ae230291269\" data-message-model-slug=\"gpt-5-3\">\n<div class=\"flex w-full flex-col gap-1 empty:hidden\">\n<div class=\"markdown prose dark:prose-invert w-full wrap-break-word light markdown-new-styling\">\n<h3 data-start=\"0\" data-end=\"381\"><strong data-start=\"0\" data-end=\"35\">Dekoration<\/strong><\/h3>\n<p data-start=\"0\" data-end=\"381\">Diese Snapback-Cap verf\u00fcgt \u00fcber eine hochwertige Flachstickerei, die ein sauberes, pr\u00e4zises und haltbares Design liefert. Die Flachstickerei eignet sich ideal f\u00fcr Logos, Text oder individuelle Motive und sorgt f\u00fcr ein professionelles und langlebiges Erscheinungsbild. Die Stickerei beh\u00e4lt ihre Klarheit auch nach langem Tragen bei und eignet sich daher perfekt f\u00fcr Marken, Teams und Werbekopfbedeckungen.<\/p>\n<h3 data-start=\"0\" data-end=\"381\"><strong data-start=\"383\" data-end=\"413\">Material<\/strong><\/h3>\n<p data-start=\"0\" data-end=\"381\">Diese M\u00fctze ist aus hochwertigem 100%-Acrylgewebe gefertigt und bietet hervorragende Haltbarkeit, Formbest\u00e4ndigkeit und leichten Tragekomfort. Das Acrylmaterial ist resistent gegen Falten und Ausbleichen und eignet sich daher f\u00fcr das t\u00e4gliche Tragen und den langfristigen Gebrauch. Der Stoff bietet au\u00dferdem eine glatte Oberfl\u00e4che, die sich perfekt f\u00fcr eine individuelle Bestickung eignet.<\/p>\n<h3 data-start=\"736\" data-end=\"1074\"><strong data-start=\"736\" data-end=\"768\">Farbe<\/strong><\/h3>\n<p data-start=\"736\" data-end=\"1074\">Die Kappe ist sowohl in klassischem Grau als auch in v\u00f6llig individuellen Farben erh\u00e4ltlich, die Ihrer Markenidentit\u00e4t oder Ihren Designanforderungen entsprechen. Ganz gleich, ob Sie neutrale T\u00f6ne, kr\u00e4ftige Farben oder auf Pantone abgestimmte Schattierungen w\u00fcnschen, wir k\u00f6nnen die Kappe gem\u00e4\u00df Ihren Anforderungen herstellen und so eine einheitliche und professionelle Markenpr\u00e4sentation gew\u00e4hrleisten.<\/p>\n<h3 data-start=\"1076\" data-end=\"1410\"><strong data-start=\"1076\" data-end=\"1112\">Passform &amp; Gr\u00f6\u00dfe<\/strong><\/h3>\n<p data-start=\"1076\" data-end=\"1410\">Diese mit einem verstellbaren Snapback-Verschluss ausgestattete Kappe bietet OSFM-Gr\u00f6\u00dfen (One Size Fits Most) und passt bequem auf Kopfgr\u00f6\u00dfen von 7 bis 7 3\/4. Die verstellbare Struktur erm\u00f6glicht eine einfache Anpassung der Passform und bietet sowohl Komfort als auch Praktikabilit\u00e4t f\u00fcr verschiedene Kopfformen und Alltagskleidung.<\/p>\n<h3 data-start=\"1412\" data-end=\"1703\"><strong data-start=\"1412\" data-end=\"1436\">Visier<\/strong><\/h3>\n<p data-start=\"1412\" data-end=\"1703\">Der flache Schirm verleiht der Kappe einen modernen Streetwear-Look und bietet gleichzeitig effektiven Sonnenschutz. Das strukturierte Design sorgt daf\u00fcr, dass die Kappe ihre Form beh\u00e4lt, und verleiht ihr ein gewagtes, modisches Aussehen, das bei Freizeitkleidung, Sport und urbanen Modestilen beliebt ist.<\/p>\n<h3 data-start=\"1705\" data-end=\"2017\"><strong data-start=\"1705\" data-end=\"1731\">Dienst<\/strong><\/h3>\n<p data-start=\"1705\" data-end=\"2017\">Wir bieten sowohl OEM- als auch ODM-Dienstleistungen an, um den unterschiedlichen Anforderungen an die Anpassung gerecht zu werden. Vom Logodesign und der Stoffauswahl bis hin zur Farbanpassung und den Verpackungsoptionen arbeitet unser professionelles Team eng mit den Kunden zusammen, um einzigartige kundenspezifische Caps zu entwickeln, die mit der Markenidentit\u00e4t und den Marktanforderungen \u00fcbereinstimmen.<\/p>\n<h3 data-start=\"2019\" data-end=\"2319\"><strong data-start=\"2019\" data-end=\"2041\">Durchlaufzeit<\/strong><\/h3>\n<p data-start=\"2019\" data-end=\"2319\" data-is-last-node=\"\" data-is-only-node=\"\">Unser Produktionsprozess ist effizient und zuverl\u00e4ssig. Die Musterproduktion dauert in der Regel <strong data-start=\"2128\" data-end=\"2148\">7-9 Arbeitstage<\/strong>, Dadurch k\u00f6nnen Sie den Entwurf vor der Massenproduktion \u00fcberpr\u00fcfen. Die Massenproduktion erfordert in der Regel <strong data-start=\"2241\" data-end=\"2263\">18-22 Arbeitstage<\/strong>, abh\u00e4ngig von der Bestellmenge und den Einzelheiten der Anpassung.<\/p>\n<\/div>\n<\/div>\n<\/div>\n<\/div>\n<div class=\"z-0 flex min-h-[46px] justify-start\"><\/div>\n<div class=\"mt-3 w-full empty:hidden\">\n<div class=\"text-center\">\n<div>\n<div class=\"inline-flex border border-gray-100 dark:border-gray-700 rounded-xl\">\n<div class=\"bg-token-main-surface-tertiary w-px flex-1 self-stretch\"><\/div>\n<\/div>\n<\/div>\n<\/div>\n<\/div>","protected":false},"excerpt":{"rendered":"<p>Sumkcaps 241068 benutzerdefinierte sechs Panel bestickt grau Snapback Cap ist eines der beliebtesten Cap-Stil, leicht und atmungsaktiv gut. Unsere Snapbacks kommen in einer Vielzahl von Stilen und Farben aus allen Top-Marken.<\/p>","protected":false},"featured_media":16669,"template":"","meta":{"_acf_changed":false,"_kad_blocks_custom_css":"","_kad_blocks_head_custom_js":"","_kad_blocks_body_custom_js":"","_kad_blocks_footer_custom_js":""},"product_brand":[],"product_cat":[42],"product_tag":[],"class_list":{"0":"post-16668","1":"product","2":"type-product","3":"status-publish","4":"has-post-thumbnail","6":"product_cat-snapback-cap","8":"first","9":"outofstock","10":"shipping-taxable","11":"product-type-simple"},"acf":[],"yoast_head":"<!-- This site is optimized with the Yoast SEO Premium plugin v20.8 (Yoast SEO v25.9) - https:\/\/yoast.com\/wordpress\/plugins\/seo\/ -->\n<title>Custom Embroidered Gray Snapback Cap | China Manufactuer<\/title>\n<meta name=\"description\" content=\"High Quality Cap Head Wear With Professional Custom Design Service Available. Add Your Logo or Custom Design Online. Expert Service. Bulk Discount.\" \/>\n<meta name=\"robots\" content=\"index, follow, max-snippet:-1, max-image-preview:large, max-video-preview:-1\" \/>\n<link rel=\"canonical\" href=\"https:\/\/sumkcaps.com\/de\/produkt\/sufox-241068-benutzerdefinierte-sechs-panel-gestickt-grau-snapback-cap\/\" \/>\n<meta property=\"og:locale\" content=\"de_DE\" \/>\n<meta property=\"og:type\" content=\"article\" \/>\n<meta property=\"og:title\" content=\"Sumkcaps 241068 Custom Six Panel Embroidered Gray Snapback Cap - Sumkcaps\" \/>\n<meta property=\"og:description\" content=\"High Quality Cap Head Wear With Professional Custom Design Service Available. Add Your Logo or Custom Design Online. Expert Service. Bulk Discount.\" \/>\n<meta property=\"og:url\" content=\"https:\/\/sumkcaps.com\/de\/produkt\/sufox-241068-benutzerdefinierte-sechs-panel-gestickt-grau-snapback-cap\/\" \/>\n<meta property=\"og:site_name\" content=\"Sumkcaps-China Original Headwear Manufacturer and Suppliers\" \/>\n<meta property=\"article:publisher\" content=\"https:\/\/www.facebook.com\/sumkcap\" \/>\n<meta property=\"article:modified_time\" content=\"2026-03-17T03:06:12+00:00\" \/>\n<meta property=\"og:image\" content=\"https:\/\/sumkcaps.com\/wp-content\/uploads\/2022\/10\/custom_6_panel_embroidered_grey_snapback_hat-1.jpg\" \/>\n\t<meta property=\"og:image:width\" content=\"800\" \/>\n\t<meta property=\"og:image:height\" content=\"800\" \/>\n\t<meta property=\"og:image:type\" content=\"image\/jpeg\" \/>\n<meta name=\"twitter:card\" content=\"summary_large_image\" \/>\n<meta name=\"twitter:label1\" content=\"Gesch\u00e4tzte Lesezeit\" \/>\n\t<meta name=\"twitter:data1\" content=\"2\u00a0Minuten\" \/>\n<script type=\"application\/ld+json\" class=\"yoast-schema-graph\">{\"@context\":\"https:\/\/schema.org\",\"@graph\":[{\"@type\":\"WebPage\",\"@id\":\"https:\/\/sumkcaps.com\/product\/sufox-241068-custom-six-panel-embroidered-gray-snapback-cap\/\",\"url\":\"https:\/\/sumkcaps.com\/product\/sufox-241068-custom-six-panel-embroidered-gray-snapback-cap\/\",\"name\":\"Custom Embroidered Gray Snapback Cap | China Manufactuer\",\"isPartOf\":{\"@id\":\"https:\/\/sumkcaps.com\/#website\"},\"primaryImageOfPage\":{\"@id\":\"https:\/\/sumkcaps.com\/product\/sufox-241068-custom-six-panel-embroidered-gray-snapback-cap\/#primaryimage\"},\"image\":{\"@id\":\"https:\/\/sumkcaps.com\/product\/sufox-241068-custom-six-panel-embroidered-gray-snapback-cap\/#primaryimage\"},\"thumbnailUrl\":\"https:\/\/sumkcaps.com\/wp-content\/uploads\/2022\/10\/custom_6_panel_embroidered_grey_snapback_hat-1.jpg\",\"datePublished\":\"2022-10-13T02:20:53+00:00\",\"dateModified\":\"2026-03-17T03:06:12+00:00\",\"description\":\"High Quality Cap Head Wear With Professional Custom Design Service Available. Add Your Logo or Custom Design Online. Expert Service. Bulk Discount.\",\"breadcrumb\":{\"@id\":\"https:\/\/sumkcaps.com\/product\/sufox-241068-custom-six-panel-embroidered-gray-snapback-cap\/#breadcrumb\"},\"inLanguage\":\"de\",\"potentialAction\":[{\"@type\":\"ReadAction\",\"target\":[\"https:\/\/sumkcaps.com\/product\/sufox-241068-custom-six-panel-embroidered-gray-snapback-cap\/\"]}]},{\"@type\":\"ImageObject\",\"inLanguage\":\"de\",\"@id\":\"https:\/\/sumkcaps.com\/product\/sufox-241068-custom-six-panel-embroidered-gray-snapback-cap\/#primaryimage\",\"url\":\"https:\/\/sumkcaps.com\/wp-content\/uploads\/2022\/10\/custom_6_panel_embroidered_grey_snapback_hat-1.jpg\",\"contentUrl\":\"https:\/\/sumkcaps.com\/wp-content\/uploads\/2022\/10\/custom_6_panel_embroidered_grey_snapback_hat-1.jpg\",\"width\":800,\"height\":800},{\"@type\":\"BreadcrumbList\",\"@id\":\"https:\/\/sumkcaps.com\/product\/sufox-241068-custom-six-panel-embroidered-gray-snapback-cap\/#breadcrumb\",\"itemListElement\":[{\"@type\":\"ListItem\",\"position\":1,\"name\":\"Home\",\"item\":\"https:\/\/sumkcaps.com\/\"},{\"@type\":\"ListItem\",\"position\":2,\"name\":\"Products\",\"item\":\"https:\/\/sumkcaps.com\/product\/\"},{\"@type\":\"ListItem\",\"position\":3,\"name\":\"Sumkcaps 241068 Custom Six Panel Embroidered Gray Snapback Cap\"}]},{\"@type\":\"WebSite\",\"@id\":\"https:\/\/sumkcaps.com\/#website\",\"url\":\"https:\/\/sumkcaps.com\/\",\"name\":\"Sumkcaps-China Original Headwear Manufacturer and Suppliers\",\"description\":\"We are China Cap And Hat Original Factory, whose main business is to custom cap and hat as client&#039;s LOGO. Any cap style, any cap color, any qty, any material and qty is no problem. In one words, any small details can be customized as your request.\",\"publisher\":{\"@id\":\"https:\/\/sumkcaps.com\/#organization\"},\"potentialAction\":[{\"@type\":\"SearchAction\",\"target\":{\"@type\":\"EntryPoint\",\"urlTemplate\":\"https:\/\/sumkcaps.com\/?s={search_term_string}\"},\"query-input\":{\"@type\":\"PropertyValueSpecification\",\"valueRequired\":true,\"valueName\":\"search_term_string\"}}],\"inLanguage\":\"de\"},{\"@type\":\"Organization\",\"@id\":\"https:\/\/sumkcaps.com\/#organization\",\"name\":\"Sumkcaps-China Original Headwear Manufacturer and Suppliers\",\"url\":\"https:\/\/sumkcaps.com\/\",\"logo\":{\"@type\":\"ImageObject\",\"inLanguage\":\"de\",\"@id\":\"https:\/\/sumkcaps.com\/#\/schema\/logo\/image\/\",\"url\":\"https:\/\/sumkcaps.com\/wp-content\/uploads\/2025\/12\/1234.jpg\",\"contentUrl\":\"https:\/\/sumkcaps.com\/wp-content\/uploads\/2025\/12\/1234.jpg\",\"width\":800,\"height\":800,\"caption\":\"Sumkcaps-China Original Headwear Manufacturer and Suppliers\"},\"image\":{\"@id\":\"https:\/\/sumkcaps.com\/#\/schema\/logo\/image\/\"},\"sameAs\":[\"https:\/\/www.facebook.com\/sumkcap\",\"https:\/\/www.instagram.com\/sumkcaps7\/\",\"https:\/\/www.pinterest.com\/sumkcapschina\/\"]}]}<\/script>\n<!-- \/ Yoast SEO Premium plugin. -->","yoast_head_json":{"title":"Individuell bestickte graue Snapback Cap | China Manufactuer","description":"Hochwertige Kopfbedeckung mit professionellem Design-Service verf\u00fcgbar. F\u00fcgen Sie Ihr Logo oder Ihr individuelles Design online hinzu. Fachm\u00e4nnischer Service. Mengenrabatt.","robots":{"index":"index","follow":"follow","max-snippet":"max-snippet:-1","max-image-preview":"max-image-preview:large","max-video-preview":"max-video-preview:-1"},"canonical":"https:\/\/sumkcaps.com\/de\/produkt\/sufox-241068-benutzerdefinierte-sechs-panel-gestickt-grau-snapback-cap\/","og_locale":"de_DE","og_type":"article","og_title":"Sumkcaps 241068 Custom Six Panel Embroidered Gray Snapback Cap - Sumkcaps","og_description":"High Quality Cap Head Wear With Professional Custom Design Service Available. Add Your Logo or Custom Design Online. Expert Service. Bulk Discount.","og_url":"https:\/\/sumkcaps.com\/de\/produkt\/sufox-241068-benutzerdefinierte-sechs-panel-gestickt-grau-snapback-cap\/","og_site_name":"Sumkcaps-China Original Headwear Manufacturer and Suppliers","article_publisher":"https:\/\/www.facebook.com\/sumkcap","article_modified_time":"2026-03-17T03:06:12+00:00","og_image":[{"width":800,"height":800,"url":"https:\/\/sumkcaps.com\/wp-content\/uploads\/2022\/10\/custom_6_panel_embroidered_grey_snapback_hat-1.jpg","type":"image\/jpeg"}],"twitter_card":"summary_large_image","twitter_misc":{"Gesch\u00e4tzte Lesezeit":"2\u00a0Minuten"},"schema":{"@context":"https:\/\/schema.org","@graph":[{"@type":"WebPage","@id":"https:\/\/sumkcaps.com\/product\/sufox-241068-custom-six-panel-embroidered-gray-snapback-cap\/","url":"https:\/\/sumkcaps.com\/product\/sufox-241068-custom-six-panel-embroidered-gray-snapback-cap\/","name":"Individuell bestickte graue Snapback Cap | China Manufactuer","isPartOf":{"@id":"https:\/\/sumkcaps.com\/#website"},"primaryImageOfPage":{"@id":"https:\/\/sumkcaps.com\/product\/sufox-241068-custom-six-panel-embroidered-gray-snapback-cap\/#primaryimage"},"image":{"@id":"https:\/\/sumkcaps.com\/product\/sufox-241068-custom-six-panel-embroidered-gray-snapback-cap\/#primaryimage"},"thumbnailUrl":"https:\/\/sumkcaps.com\/wp-content\/uploads\/2022\/10\/custom_6_panel_embroidered_grey_snapback_hat-1.jpg","datePublished":"2022-10-13T02:20:53+00:00","dateModified":"2026-03-17T03:06:12+00:00","description":"Hochwertige Kopfbedeckung mit professionellem Design-Service verf\u00fcgbar. F\u00fcgen Sie Ihr Logo oder Ihr individuelles Design online hinzu. Fachm\u00e4nnischer Service. Mengenrabatt.","breadcrumb":{"@id":"https:\/\/sumkcaps.com\/product\/sufox-241068-custom-six-panel-embroidered-gray-snapback-cap\/#breadcrumb"},"inLanguage":"de","potentialAction":[{"@type":"ReadAction","target":["https:\/\/sumkcaps.com\/product\/sufox-241068-custom-six-panel-embroidered-gray-snapback-cap\/"]}]},{"@type":"ImageObject","inLanguage":"de","@id":"https:\/\/sumkcaps.com\/product\/sufox-241068-custom-six-panel-embroidered-gray-snapback-cap\/#primaryimage","url":"https:\/\/sumkcaps.com\/wp-content\/uploads\/2022\/10\/custom_6_panel_embroidered_grey_snapback_hat-1.jpg","contentUrl":"https:\/\/sumkcaps.com\/wp-content\/uploads\/2022\/10\/custom_6_panel_embroidered_grey_snapback_hat-1.jpg","width":800,"height":800},{"@type":"BreadcrumbList","@id":"https:\/\/sumkcaps.com\/product\/sufox-241068-custom-six-panel-embroidered-gray-snapback-cap\/#breadcrumb","itemListElement":[{"@type":"ListItem","position":1,"name":"Home","item":"https:\/\/sumkcaps.com\/"},{"@type":"ListItem","position":2,"name":"Products","item":"https:\/\/sumkcaps.com\/product\/"},{"@type":"ListItem","position":3,"name":"Sumkcaps 241068 Custom Six Panel Embroidered Gray Snapback Cap"}]},{"@type":"WebSite","@id":"https:\/\/sumkcaps.com\/#website","url":"https:\/\/sumkcaps.com\/","name":"Sumkcaps-China Original Kopfbedeckungen Hersteller und Lieferanten","description":"Wir sind China Cap And Hat Original Factory, deren Hauptgesch\u00e4ft ist es, benutzerdefinierte Kappe und Hut als Client &amp; #039; s LOGO. Jede Kappe Stil, jede Kappe Farbe, jede Menge, jedes Material und Menge ist kein Problem. In einem Wort, k\u00f6nnen alle kleinen Details als Ihre Anfrage angepasst werden.","publisher":{"@id":"https:\/\/sumkcaps.com\/#organization"},"potentialAction":[{"@type":"SearchAction","target":{"@type":"EntryPoint","urlTemplate":"https:\/\/sumkcaps.com\/?s={search_term_string}"},"query-input":{"@type":"PropertyValueSpecification","valueRequired":true,"valueName":"search_term_string"}}],"inLanguage":"de"},{"@type":"Organization","@id":"https:\/\/sumkcaps.com\/#organization","name":"Sumkcaps-China Original Kopfbedeckungen Hersteller und Lieferanten","url":"https:\/\/sumkcaps.com\/","logo":{"@type":"ImageObject","inLanguage":"de","@id":"https:\/\/sumkcaps.com\/#\/schema\/logo\/image\/","url":"https:\/\/sumkcaps.com\/wp-content\/uploads\/2025\/12\/1234.jpg","contentUrl":"https:\/\/sumkcaps.com\/wp-content\/uploads\/2025\/12\/1234.jpg","width":800,"height":800,"caption":"Sumkcaps-China Original Headwear Manufacturer and Suppliers"},"image":{"@id":"https:\/\/sumkcaps.com\/#\/schema\/logo\/image\/"},"sameAs":["https:\/\/www.facebook.com\/sumkcap","https:\/\/www.instagram.com\/sumkcaps7\/","https:\/\/www.pinterest.com\/sumkcapschina\/"]}]}},"taxonomy_info":{"product_cat":[{"value":42,"label":"Snapback Hats Wholesale"}]},"featured_image_src_large":["https:\/\/sumkcaps.com\/wp-content\/uploads\/2022\/10\/custom_6_panel_embroidered_grey_snapback_hat-1.jpg",800,800,false],"author_info":[],"comment_info":"","_links":{"self":[{"href":"https:\/\/sumkcaps.com\/de\/wp-json\/wp\/v2\/product\/16668","targetHints":{"allow":["GET"]}}],"collection":[{"href":"https:\/\/sumkcaps.com\/de\/wp-json\/wp\/v2\/product"}],"about":[{"href":"https:\/\/sumkcaps.com\/de\/wp-json\/wp\/v2\/types\/product"}],"wp:featuredmedia":[{"embeddable":true,"href":"https:\/\/sumkcaps.com\/de\/wp-json\/wp\/v2\/media\/16669"}],"wp:attachment":[{"href":"https:\/\/sumkcaps.com\/de\/wp-json\/wp\/v2\/media?parent=16668"}],"wp:term":[{"taxonomy":"product_brand","embeddable":true,"href":"https:\/\/sumkcaps.com\/de\/wp-json\/wp\/v2\/product_brand?post=16668"},{"taxonomy":"product_cat","embeddable":true,"href":"https:\/\/sumkcaps.com\/de\/wp-json\/wp\/v2\/product_cat?post=16668"},{"taxonomy":"product_tag","embeddable":true,"href":"https:\/\/sumkcaps.com\/de\/wp-json\/wp\/v2\/product_tag?post=16668"}],"curies":[{"name":"wp","href":"https:\/\/api.w.org\/{rel}","templated":true}]}}