{"id":16376,"date":"2022-10-12T14:22:41","date_gmt":"2022-10-12T06:22:41","guid":{"rendered":"https:\/\/sumkcaps.com\/?post_type=product&#038;p=16376"},"modified":"2025-07-09T17:48:38","modified_gmt":"2025-07-09T09:48:38","slug":"sufox-241034-custom-suede-brim-leather-patch-seven-panel-snapback-cap","status":"publish","type":"product","link":"https:\/\/sumkcaps.com\/de\/produkt\/sufox-241034-benutzerdefinierte-wildleder-krempe-leder-patch-sieben-panel-snapback-cap\/","title":{"rendered":"Sumkcaps 241034 Benutzerdefinierte Wildleder Krempe Leder Patch Senven Panel Snapback Cap"},"content":{"rendered":"<h2 data-start=\"768\" data-end=\"814\"><strong data-start=\"774\" data-end=\"814\">Struktur: Einzigartiges Sieben-Panel-Design<\/strong><\/h2>\n<p data-start=\"815\" data-end=\"1076\">Die <strong data-start=\"819\" data-end=\"847\">siebenwandige Konstruktion<\/strong> schafft eine klare, breite Front, die die Sichtbarkeit des Logos verbessert und eine moderne Streetwear-Silhouette bietet. Dieses unverwechselbare Design ist der Trend bei Premium-Cap-Kollektionen und l\u00e4sst Ihre Marke oder Merch-Linie frisch und zeitgem\u00e4\u00df aussehen.<\/p>\n<h2 data-start=\"1078\" data-end=\"1121\"><strong data-start=\"1084\" data-end=\"1121\">Verzierung: Aufn\u00e4her aus echtem Leder<\/strong><\/h2>\n<p data-start=\"1122\" data-end=\"1368\">Die Kappe ist mit einem <strong data-start=\"1141\" data-end=\"1165\">individueller Lederaufn\u00e4her<\/strong>und bietet eine anspruchsvolle, strukturierte Branding-Option. Lederaufn\u00e4her sind langlebig, stilvoll und ideal f\u00fcr Logos, die im Outdoor-, Lifestyle- und Modemarkt auf einen Vintage- und Premium-Look abzielen.<\/p>\n<h2 data-start=\"1370\" data-end=\"1424\"><strong data-start=\"1376\" data-end=\"1424\">Visier: Flacher Schnabel aus Wildleder f\u00fcr einen luxuri\u00f6sen Touch<\/strong><\/h2>\n<p data-start=\"1425\" data-end=\"1682\">Im Gegensatz zu Standard-Snapbacks ist diese Kappe mit einem <strong data-start=\"1472\" data-end=\"1491\">flacher Schnabel aus Wildleder<\/strong>und sorgt f\u00fcr eine weiche, edle Textur und einen visuellen Kontrast zur Acrylkrone. Der flache Schnabel passt zu Streetwear- und Skatekultur-Stilen und spricht ein j\u00fcngeres, trendbewusstes Publikum an.<\/p>\n<h2 data-start=\"1684\" data-end=\"1748\"><strong data-start=\"1690\" data-end=\"1748\">Material: 100%-Acrylkrone f\u00fcr Struktur und Komfort<\/strong><\/h2>\n<p data-start=\"1749\" data-end=\"1909\">Hergestellt aus <strong data-start=\"1759\" data-end=\"1775\">100% Acryl<\/strong>Die Krone bietet Strapazierf\u00e4higkeit, Formbest\u00e4ndigkeit und ein leichtes Tragegef\u00fchl - perfekt f\u00fcr das Tragen \u00fcber den ganzen Tag hinweg, sowohl im Freizeit- als auch im Aktivleben.<\/p>\n<h2 data-start=\"1911\" data-end=\"1963\"><strong data-start=\"1917\" data-end=\"1963\">Farbe: Kundenspezifische Optionen, angeboten in Rot<\/strong><\/h2>\n<p data-start=\"1964\" data-end=\"2093\">W\u00e4hrend hervorgehoben in <strong data-start=\"1985\" data-end=\"1997\">Fettes Rot<\/strong>Die Kappe kann in jeder beliebigen Farbe gestaltet werden, die zu Ihrer Markenpalette oder Ihrer saisonalen Kollektion passt.<\/p>\n<h2 data-start=\"2095\" data-end=\"2138\"><strong data-start=\"2101\" data-end=\"2138\">MOQ: 200 St\u00fcck pro Design pro Farbe<\/strong><\/h2>\n<p data-start=\"2139\" data-end=\"2284\">Mit einem <strong data-start=\"2146\" data-end=\"2177\">Mindestbestellmenge 200 St\u00fcck<\/strong>Diese Kappe eignet sich f\u00fcr Einzelhandelsaktionen, Markenkooperationen, limitierte Auflagen und Events.<\/p>\n<h2 data-start=\"2286\" data-end=\"2314\"><strong data-start=\"2292\" data-end=\"2314\">Dienstleistung: OEM &amp; ODM<\/strong><\/h2>\n<p data-start=\"2315\" data-end=\"2491\">Sumkcaps bietet umfassende <strong data-start=\"2347\" data-end=\"2369\">OEM- und ODM-Dienstleistungen<\/strong>Wir bieten die Herstellung von Eigenmarken, \u00c4nderungen des Produktdesigns und ma\u00dfgeschneiderte Verpackungen, um die besonderen Anforderungen Ihrer Marke zu erf\u00fcllen.<\/p>","protected":false},"excerpt":{"rendered":"<p>Sumkcaps 241034 benutzerdefinierte Wildleder Krempe Leder Patch Senven Panel Snapback Cap ist eines der beliebtesten Cap-Stil, leicht und atmungsaktiv gut. Unsere Snapbacks kommen in einer Vielzahl von Stilen und Farben aus allen Top-Marken.<\/p>","protected":false},"featured_media":16377,"template":"","meta":{"_acf_changed":false,"_kad_blocks_custom_css":"","_kad_blocks_head_custom_js":"","_kad_blocks_body_custom_js":"","_kad_blocks_footer_custom_js":""},"product_brand":[],"product_cat":[42],"product_tag":[],"class_list":{"0":"post-16376","1":"product","2":"type-product","3":"status-publish","4":"has-post-thumbnail","6":"product_cat-snapback-cap","8":"first","9":"outofstock","10":"shipping-taxable","11":"product-type-simple"},"acf":[],"yoast_head":"<!-- This site is optimized with the Yoast SEO Premium plugin v20.8 (Yoast SEO v25.9) - https:\/\/yoast.com\/wordpress\/plugins\/seo\/ -->\n<title>Custom Leather Patch 7 Panel Snapback Cap | China Manufactuer<\/title>\n<meta name=\"description\" content=\"High Quality China Custom Headwear Manufacturer. Top Quality Products At Best Prices. Add Your Logo or Custom Design Online. Expert Service. Bulk Discount.\" \/>\n<meta name=\"robots\" content=\"index, follow, max-snippet:-1, max-image-preview:large, max-video-preview:-1\" \/>\n<link rel=\"canonical\" href=\"https:\/\/sumkcaps.com\/de\/produkt\/sufox-241034-benutzerdefinierte-wildleder-krempe-leder-patch-sieben-panel-snapback-cap\/\" \/>\n<meta property=\"og:locale\" content=\"de_DE\" \/>\n<meta property=\"og:type\" content=\"article\" \/>\n<meta property=\"og:title\" content=\"Sumkcaps 241034 Custom Suede Brim Leather Patch Senven Panel Snapback Cap - Sumkcaps\" \/>\n<meta property=\"og:description\" content=\"High Quality China Custom Headwear Manufacturer. Top Quality Products At Best Prices. Add Your Logo or Custom Design Online. Expert Service. Bulk Discount.\" \/>\n<meta property=\"og:url\" content=\"https:\/\/sumkcaps.com\/de\/produkt\/sufox-241034-benutzerdefinierte-wildleder-krempe-leder-patch-sieben-panel-snapback-cap\/\" \/>\n<meta property=\"og:site_name\" content=\"Sumkcaps-China Original Headwear Manufacturer and Suppliers\" \/>\n<meta property=\"article:publisher\" content=\"https:\/\/www.facebook.com\/sumkcap\" \/>\n<meta property=\"article:modified_time\" content=\"2025-07-09T09:48:38+00:00\" \/>\n<meta property=\"og:image\" content=\"https:\/\/sumkcaps.com\/wp-content\/uploads\/2022\/10\/acrylic_flat_brim_suede_brim_leather_patch_snapback_hat-1.jpg\" \/>\n\t<meta property=\"og:image:width\" content=\"800\" \/>\n\t<meta property=\"og:image:height\" content=\"800\" \/>\n\t<meta property=\"og:image:type\" content=\"image\/jpeg\" \/>\n<meta name=\"twitter:card\" content=\"summary_large_image\" \/>\n<meta name=\"twitter:label1\" content=\"Gesch\u00e4tzte Lesezeit\" \/>\n\t<meta name=\"twitter:data1\" content=\"1\u00a0Minute\" \/>\n<script type=\"application\/ld+json\" class=\"yoast-schema-graph\">{\"@context\":\"https:\/\/schema.org\",\"@graph\":[{\"@type\":\"WebPage\",\"@id\":\"https:\/\/sumkcaps.com\/product\/sufox-241034-custom-suede-brim-leather-patch-seven-panel-snapback-cap\/\",\"url\":\"https:\/\/sumkcaps.com\/product\/sufox-241034-custom-suede-brim-leather-patch-seven-panel-snapback-cap\/\",\"name\":\"Custom Leather Patch 7 Panel Snapback Cap | China Manufactuer\",\"isPartOf\":{\"@id\":\"https:\/\/sumkcaps.com\/#website\"},\"primaryImageOfPage\":{\"@id\":\"https:\/\/sumkcaps.com\/product\/sufox-241034-custom-suede-brim-leather-patch-seven-panel-snapback-cap\/#primaryimage\"},\"image\":{\"@id\":\"https:\/\/sumkcaps.com\/product\/sufox-241034-custom-suede-brim-leather-patch-seven-panel-snapback-cap\/#primaryimage\"},\"thumbnailUrl\":\"https:\/\/sumkcaps.com\/wp-content\/uploads\/2022\/10\/acrylic_flat_brim_suede_brim_leather_patch_snapback_hat-1.jpg\",\"datePublished\":\"2022-10-12T06:22:41+00:00\",\"dateModified\":\"2025-07-09T09:48:38+00:00\",\"description\":\"High Quality China Custom Headwear Manufacturer. Top Quality Products At Best Prices. Add Your Logo or Custom Design Online. Expert Service. Bulk Discount.\",\"breadcrumb\":{\"@id\":\"https:\/\/sumkcaps.com\/product\/sufox-241034-custom-suede-brim-leather-patch-seven-panel-snapback-cap\/#breadcrumb\"},\"inLanguage\":\"de\",\"potentialAction\":[{\"@type\":\"ReadAction\",\"target\":[\"https:\/\/sumkcaps.com\/product\/sufox-241034-custom-suede-brim-leather-patch-seven-panel-snapback-cap\/\"]}]},{\"@type\":\"ImageObject\",\"inLanguage\":\"de\",\"@id\":\"https:\/\/sumkcaps.com\/product\/sufox-241034-custom-suede-brim-leather-patch-seven-panel-snapback-cap\/#primaryimage\",\"url\":\"https:\/\/sumkcaps.com\/wp-content\/uploads\/2022\/10\/acrylic_flat_brim_suede_brim_leather_patch_snapback_hat-1.jpg\",\"contentUrl\":\"https:\/\/sumkcaps.com\/wp-content\/uploads\/2022\/10\/acrylic_flat_brim_suede_brim_leather_patch_snapback_hat-1.jpg\",\"width\":800,\"height\":800},{\"@type\":\"BreadcrumbList\",\"@id\":\"https:\/\/sumkcaps.com\/product\/sufox-241034-custom-suede-brim-leather-patch-seven-panel-snapback-cap\/#breadcrumb\",\"itemListElement\":[{\"@type\":\"ListItem\",\"position\":1,\"name\":\"Home\",\"item\":\"https:\/\/sumkcaps.com\/\"},{\"@type\":\"ListItem\",\"position\":2,\"name\":\"Products\",\"item\":\"https:\/\/sumkcaps.com\/product\/\"},{\"@type\":\"ListItem\",\"position\":3,\"name\":\"Sumkcaps 241034 Custom Suede Brim Leather Patch Senven Panel Snapback Cap\"}]},{\"@type\":\"WebSite\",\"@id\":\"https:\/\/sumkcaps.com\/#website\",\"url\":\"https:\/\/sumkcaps.com\/\",\"name\":\"Sumkcaps-China Original Headwear Manufacturer and Suppliers\",\"description\":\"We are China Cap And Hat Original Factory, whose main business is to custom cap and hat as client&#039;s LOGO. Any cap style, any cap color, any qty, any material and qty is no problem. In one words, any small details can be customized as your request.\",\"publisher\":{\"@id\":\"https:\/\/sumkcaps.com\/#organization\"},\"potentialAction\":[{\"@type\":\"SearchAction\",\"target\":{\"@type\":\"EntryPoint\",\"urlTemplate\":\"https:\/\/sumkcaps.com\/?s={search_term_string}\"},\"query-input\":{\"@type\":\"PropertyValueSpecification\",\"valueRequired\":true,\"valueName\":\"search_term_string\"}}],\"inLanguage\":\"de\"},{\"@type\":\"Organization\",\"@id\":\"https:\/\/sumkcaps.com\/#organization\",\"name\":\"Sumkcaps-China Original Headwear Manufacturer and Suppliers\",\"url\":\"https:\/\/sumkcaps.com\/\",\"logo\":{\"@type\":\"ImageObject\",\"inLanguage\":\"de\",\"@id\":\"https:\/\/sumkcaps.com\/#\/schema\/logo\/image\/\",\"url\":\"https:\/\/sumkcaps.com\/wp-content\/uploads\/2025\/12\/1234.jpg\",\"contentUrl\":\"https:\/\/sumkcaps.com\/wp-content\/uploads\/2025\/12\/1234.jpg\",\"width\":800,\"height\":800,\"caption\":\"Sumkcaps-China Original Headwear Manufacturer and Suppliers\"},\"image\":{\"@id\":\"https:\/\/sumkcaps.com\/#\/schema\/logo\/image\/\"},\"sameAs\":[\"https:\/\/www.facebook.com\/sumkcap\",\"https:\/\/www.instagram.com\/sumkcaps7\/\",\"https:\/\/www.pinterest.com\/sumkcapschina\/\"]}]}<\/script>\n<!-- \/ Yoast SEO Premium plugin. -->","yoast_head_json":{"title":"Benutzerdefinierte Leder Patch 7 Panel Snapback Cap | China Manufactuer","description":"Hohe Qualit\u00e4t China benutzerdefinierte Kopfbedeckungen Hersteller. Hochwertige Produkte zu besten Preisen. F\u00fcgen Sie Ihr Logo oder Ihr individuelles Design online hinzu. Fachm\u00e4nnischer Service. Gro\u00dfer Rabatt.","robots":{"index":"index","follow":"follow","max-snippet":"max-snippet:-1","max-image-preview":"max-image-preview:large","max-video-preview":"max-video-preview:-1"},"canonical":"https:\/\/sumkcaps.com\/de\/produkt\/sufox-241034-benutzerdefinierte-wildleder-krempe-leder-patch-sieben-panel-snapback-cap\/","og_locale":"de_DE","og_type":"article","og_title":"Sumkcaps 241034 Custom Suede Brim Leather Patch Senven Panel Snapback Cap - Sumkcaps","og_description":"High Quality China Custom Headwear Manufacturer. Top Quality Products At Best Prices. Add Your Logo or Custom Design Online. Expert Service. Bulk Discount.","og_url":"https:\/\/sumkcaps.com\/de\/produkt\/sufox-241034-benutzerdefinierte-wildleder-krempe-leder-patch-sieben-panel-snapback-cap\/","og_site_name":"Sumkcaps-China Original Headwear Manufacturer and Suppliers","article_publisher":"https:\/\/www.facebook.com\/sumkcap","article_modified_time":"2025-07-09T09:48:38+00:00","og_image":[{"width":800,"height":800,"url":"https:\/\/sumkcaps.com\/wp-content\/uploads\/2022\/10\/acrylic_flat_brim_suede_brim_leather_patch_snapback_hat-1.jpg","type":"image\/jpeg"}],"twitter_card":"summary_large_image","twitter_misc":{"Gesch\u00e4tzte Lesezeit":"1\u00a0Minute"},"schema":{"@context":"https:\/\/schema.org","@graph":[{"@type":"WebPage","@id":"https:\/\/sumkcaps.com\/product\/sufox-241034-custom-suede-brim-leather-patch-seven-panel-snapback-cap\/","url":"https:\/\/sumkcaps.com\/product\/sufox-241034-custom-suede-brim-leather-patch-seven-panel-snapback-cap\/","name":"Benutzerdefinierte Leder Patch 7 Panel Snapback Cap | China Manufactuer","isPartOf":{"@id":"https:\/\/sumkcaps.com\/#website"},"primaryImageOfPage":{"@id":"https:\/\/sumkcaps.com\/product\/sufox-241034-custom-suede-brim-leather-patch-seven-panel-snapback-cap\/#primaryimage"},"image":{"@id":"https:\/\/sumkcaps.com\/product\/sufox-241034-custom-suede-brim-leather-patch-seven-panel-snapback-cap\/#primaryimage"},"thumbnailUrl":"https:\/\/sumkcaps.com\/wp-content\/uploads\/2022\/10\/acrylic_flat_brim_suede_brim_leather_patch_snapback_hat-1.jpg","datePublished":"2022-10-12T06:22:41+00:00","dateModified":"2025-07-09T09:48:38+00:00","description":"Hohe Qualit\u00e4t China benutzerdefinierte Kopfbedeckungen Hersteller. Hochwertige Produkte zu besten Preisen. F\u00fcgen Sie Ihr Logo oder Ihr individuelles Design online hinzu. Fachm\u00e4nnischer Service. Gro\u00dfer Rabatt.","breadcrumb":{"@id":"https:\/\/sumkcaps.com\/product\/sufox-241034-custom-suede-brim-leather-patch-seven-panel-snapback-cap\/#breadcrumb"},"inLanguage":"de","potentialAction":[{"@type":"ReadAction","target":["https:\/\/sumkcaps.com\/product\/sufox-241034-custom-suede-brim-leather-patch-seven-panel-snapback-cap\/"]}]},{"@type":"ImageObject","inLanguage":"de","@id":"https:\/\/sumkcaps.com\/product\/sufox-241034-custom-suede-brim-leather-patch-seven-panel-snapback-cap\/#primaryimage","url":"https:\/\/sumkcaps.com\/wp-content\/uploads\/2022\/10\/acrylic_flat_brim_suede_brim_leather_patch_snapback_hat-1.jpg","contentUrl":"https:\/\/sumkcaps.com\/wp-content\/uploads\/2022\/10\/acrylic_flat_brim_suede_brim_leather_patch_snapback_hat-1.jpg","width":800,"height":800},{"@type":"BreadcrumbList","@id":"https:\/\/sumkcaps.com\/product\/sufox-241034-custom-suede-brim-leather-patch-seven-panel-snapback-cap\/#breadcrumb","itemListElement":[{"@type":"ListItem","position":1,"name":"Home","item":"https:\/\/sumkcaps.com\/"},{"@type":"ListItem","position":2,"name":"Products","item":"https:\/\/sumkcaps.com\/product\/"},{"@type":"ListItem","position":3,"name":"Sumkcaps 241034 Custom Suede Brim Leather Patch Senven Panel Snapback Cap"}]},{"@type":"WebSite","@id":"https:\/\/sumkcaps.com\/#website","url":"https:\/\/sumkcaps.com\/","name":"Sumkcaps-China Original Kopfbedeckungen Hersteller und Lieferanten","description":"Wir sind China Cap And Hat Original Factory, deren Hauptgesch\u00e4ft ist es, benutzerdefinierte Kappe und Hut als Client &amp; #039; s LOGO. Jede Kappe Stil, jede Kappe Farbe, jede Menge, jedes Material und Menge ist kein Problem. In einem Wort, k\u00f6nnen alle kleinen Details als Ihre Anfrage angepasst werden.","publisher":{"@id":"https:\/\/sumkcaps.com\/#organization"},"potentialAction":[{"@type":"SearchAction","target":{"@type":"EntryPoint","urlTemplate":"https:\/\/sumkcaps.com\/?s={search_term_string}"},"query-input":{"@type":"PropertyValueSpecification","valueRequired":true,"valueName":"search_term_string"}}],"inLanguage":"de"},{"@type":"Organization","@id":"https:\/\/sumkcaps.com\/#organization","name":"Sumkcaps-China Original Kopfbedeckungen Hersteller und Lieferanten","url":"https:\/\/sumkcaps.com\/","logo":{"@type":"ImageObject","inLanguage":"de","@id":"https:\/\/sumkcaps.com\/#\/schema\/logo\/image\/","url":"https:\/\/sumkcaps.com\/wp-content\/uploads\/2025\/12\/1234.jpg","contentUrl":"https:\/\/sumkcaps.com\/wp-content\/uploads\/2025\/12\/1234.jpg","width":800,"height":800,"caption":"Sumkcaps-China Original Headwear Manufacturer and Suppliers"},"image":{"@id":"https:\/\/sumkcaps.com\/#\/schema\/logo\/image\/"},"sameAs":["https:\/\/www.facebook.com\/sumkcap","https:\/\/www.instagram.com\/sumkcaps7\/","https:\/\/www.pinterest.com\/sumkcapschina\/"]}]}},"taxonomy_info":{"product_cat":[{"value":42,"label":"Snapback Hats Wholesale"}]},"featured_image_src_large":["https:\/\/sumkcaps.com\/wp-content\/uploads\/2022\/10\/acrylic_flat_brim_suede_brim_leather_patch_snapback_hat-1.jpg",800,800,false],"author_info":[],"comment_info":"","_links":{"self":[{"href":"https:\/\/sumkcaps.com\/de\/wp-json\/wp\/v2\/product\/16376","targetHints":{"allow":["GET"]}}],"collection":[{"href":"https:\/\/sumkcaps.com\/de\/wp-json\/wp\/v2\/product"}],"about":[{"href":"https:\/\/sumkcaps.com\/de\/wp-json\/wp\/v2\/types\/product"}],"wp:featuredmedia":[{"embeddable":true,"href":"https:\/\/sumkcaps.com\/de\/wp-json\/wp\/v2\/media\/16377"}],"wp:attachment":[{"href":"https:\/\/sumkcaps.com\/de\/wp-json\/wp\/v2\/media?parent=16376"}],"wp:term":[{"taxonomy":"product_brand","embeddable":true,"href":"https:\/\/sumkcaps.com\/de\/wp-json\/wp\/v2\/product_brand?post=16376"},{"taxonomy":"product_cat","embeddable":true,"href":"https:\/\/sumkcaps.com\/de\/wp-json\/wp\/v2\/product_cat?post=16376"},{"taxonomy":"product_tag","embeddable":true,"href":"https:\/\/sumkcaps.com\/de\/wp-json\/wp\/v2\/product_tag?post=16376"}],"curies":[{"name":"wp","href":"https:\/\/api.w.org\/{rel}","templated":true}]}}