{"id":16349,"date":"2022-10-12T13:58:11","date_gmt":"2022-10-12T05:58:11","guid":{"rendered":"https:\/\/sumkcaps.com\/?post_type=product&#038;p=16349"},"modified":"2026-03-23T16:13:35","modified_gmt":"2026-03-23T08:13:35","slug":"sufox-241031-custom-six-panel-embroidered-flat-brim-snapback-cap","status":"publish","type":"product","link":"https:\/\/sumkcaps.com\/de\/produkt\/sufox-241031-benutzerdefinierte-sechs-panel-bestickt-flache-krempe-snapback-cap\/","title":{"rendered":"Sumkcaps 241031 Benutzerdefinierte sechs Panel bestickt flache Krempe Snapback Cap"},"content":{"rendered":"<div class=\"flex flex-col text-sm pb-25\">\n<section class=\"text-token-text-primary w-full focus:outline-none [--shadow-height:45px] has-data-writing-block:pointer-events-none has-data-writing-block:-mt-(--shadow-height) has-data-writing-block:pt-(--shadow-height) [&amp;:has([data-writing-block])&gt;*]:pointer-events-auto scroll-mt-[calc(var(--header-height)+min(200px,max(70px,20svh)))]\" dir=\"auto\" data-turn-id=\"request-WEB:4c0b397b-8329-4287-9f2a-226621e332d2-5\" data-testid=\"conversation-turn-6\" data-scroll-anchor=\"true\" data-turn=\"assistant\">\n<div class=\"text-base my-auto mx-auto pb-10 [--thread-content-margin:var(--thread-content-margin-xs,calc(var(--spacing)*4))] @w-sm\/main:[--thread-content-margin:var(--thread-content-margin-sm,calc(var(--spacing)*6))] @w-lg\/main:[--thread-content-margin:var(--thread-content-margin-lg,calc(var(--spacing)*16))] px-(--thread-content-margin)\">\n<div class=\"[--thread-content-max-width:40rem] @w-lg\/main:[--thread-content-max-width:48rem] mx-auto max-w-(--thread-content-max-width) flex-1 group\/turn-messages focus-visible:outline-hidden relative flex w-full min-w-0 flex-col agent-turn\">\n<div class=\"flex max-w-full flex-col gap-4 grow\">\n<div class=\"min-h-8 text-message relative flex w-full flex-col items-end gap-2 text-start break-words whitespace-normal outline-none keyboard-focused:focus-ring [.text-message+&amp;]:mt-1\" dir=\"auto\" tabindex=\"0\" data-message-author-role=\"assistant\" data-message-id=\"e575db25-93b9-4dcc-9865-47ede0da9f8c\" data-message-model-slug=\"gpt-5-3\" data-turn-start-message=\"true\">\n<div class=\"flex w-full flex-col gap-1 empty:hidden\">\n<div class=\"markdown prose dark:prose-invert w-full wrap-break-word light markdown-new-styling\">\n<h3 data-start=\"153\" data-end=\"379\"><strong data-start=\"153\" data-end=\"167\">Dekoration<\/strong><\/h3>\n<p data-start=\"153\" data-end=\"379\">Hochwertige Stickereien sorgen f\u00fcr eine kr\u00e4ftige, erhabene Oberfl\u00e4che, die dem Logo mehr Tiefe und Sichtbarkeit verleiht. Saubere N\u00e4hte und strapazierf\u00e4hige F\u00e4den sorgen f\u00fcr eine lange Lebensdauer und machen die Motive widerstandsf\u00e4hig gegen Verblassen und Abnutzung.<\/p>\n<h3 data-start=\"386\" data-end=\"586\"><strong data-start=\"386\" data-end=\"398\">Material<\/strong><\/h3>\n<p data-start=\"386\" data-end=\"586\">Diese M\u00fctze aus 100%-Acryl ist leicht, langlebig und formbest\u00e4ndig. Sie ist faltenfrei und beh\u00e4lt im Laufe der Zeit ihre Struktur bei und bietet zuverl\u00e4ssigen Komfort und langfristige Nutzbarkeit.<\/p>\n<h3 data-start=\"593\" data-end=\"802\"><strong data-start=\"593\" data-end=\"602\">Farbe<\/strong><\/h3>\n<p data-start=\"593\" data-end=\"802\">Erh\u00e4ltlich in klassischem Schwarz und in vollst\u00e4ndig anpassbaren Farben, die Flexibilit\u00e4t f\u00fcr das Branding bieten. Der tiefschwarze Farbton sorgt f\u00fcr einen eleganten, vielseitigen Look, w\u00e4hrend individuelle Optionen die Ausrichtung der Marke sicherstellen.<\/p>\n<h3 data-start=\"809\" data-end=\"1000\"><strong data-start=\"809\" data-end=\"823\">Passform &amp; Gr\u00f6\u00dfe<\/strong><\/h3>\n<p data-start=\"809\" data-end=\"1000\">Entworfen mit einem OSFM (7 - 7 3\/4) verstellbaren Snapback-Verschluss, der einen sicheren und bequemen Sitz f\u00fcr die meisten Kopfgr\u00f6\u00dfen bietet. Geeignet f\u00fcr Unisex-Tr\u00e4ger mit einfacher Gr\u00f6\u00dfenanpassung.<\/p>\n<h3 data-start=\"1007\" data-end=\"1198\"><strong data-start=\"1007\" data-end=\"1016\">Visier<\/strong><\/h3>\n<p data-start=\"1007\" data-end=\"1198\">Mit einem flachen Schirm, der eine strukturierte, moderne Silhouette schafft. Sie beh\u00e4lt ihre Form bei und bietet gleichzeitig Sonnenschutz, wodurch sie sich sowohl f\u00fcr den modischen als auch f\u00fcr den funktionalen Einsatz eignet.<\/p>\n<h3 data-start=\"1205\" data-end=\"1409\"><strong data-start=\"1205\" data-end=\"1216\">Dienst<\/strong><\/h3>\n<p data-start=\"1205\" data-end=\"1409\">Unterst\u00fctzt OEM- und ODM-Dienste und erm\u00f6glicht die vollst\u00e4ndige Anpassung von Materialien bis hin zu Markendetails. Ideal f\u00fcr Unternehmen, die einzigartige Produkte herstellen oder ihre Eigenmarkenkollektionen erweitern m\u00f6chten.<\/p>\n<h3 data-start=\"1416\" data-end=\"1603\"><strong data-start=\"1416\" data-end=\"1435\">Durchlaufzeit<\/strong><\/h3>\n<p data-start=\"1416\" data-end=\"1603\" data-is-last-node=\"\" data-is-only-node=\"\">Die Herstellung von Mustern dauert 7-9 Arbeitstage, w\u00e4hrend die Massenproduktion innerhalb von 18-22 Arbeitstagen abgeschlossen ist, was eine effiziente Zeitplanung f\u00fcr Bestellungen von Kunden und Gro\u00dfh\u00e4ndlern gew\u00e4hrleistet.<\/p>\n<\/div>\n<\/div>\n<\/div>\n<\/div>\n<\/div>\n<\/div>\n<\/section>\n<\/div>","protected":false},"excerpt":{"rendered":"<p>Sumkcaps 241031 benutzerdefinierte sechs Panel bestickt flache Krempe Snapback Cap ist eines der beliebtesten Cap-Stil, leicht und atmungsaktiv gut. Unsere Snapbacks kommen in einer Vielzahl von Stilen und Farben aus allen Top-Marken.<\/p>","protected":false},"featured_media":16350,"template":"","meta":{"_acf_changed":false,"_kad_blocks_custom_css":"","_kad_blocks_head_custom_js":"","_kad_blocks_body_custom_js":"","_kad_blocks_footer_custom_js":""},"product_brand":[],"product_cat":[42],"product_tag":[],"class_list":{"0":"post-16349","1":"product","2":"type-product","3":"status-publish","4":"has-post-thumbnail","6":"product_cat-snapback-cap","8":"first","9":"outofstock","10":"shipping-taxable","11":"product-type-simple"},"acf":[],"yoast_head":"<!-- This site is optimized with the Yoast SEO Premium plugin v20.8 (Yoast SEO v25.9) - https:\/\/yoast.com\/wordpress\/plugins\/seo\/ -->\n<title>Custom Embroidered Flat Brim Snapback Cap | China Manufactuer<\/title>\n<meta name=\"description\" content=\"We are dedicated to manufacturing Premium Custom Caps, beanies and bucket hats. Patches available. Many custom options. Quick delivery. Order Today!\" \/>\n<meta name=\"robots\" content=\"index, follow, max-snippet:-1, max-image-preview:large, max-video-preview:-1\" \/>\n<link rel=\"canonical\" href=\"https:\/\/sumkcaps.com\/de\/produkt\/sufox-241031-benutzerdefinierte-sechs-panel-bestickt-flache-krempe-snapback-cap\/\" \/>\n<meta property=\"og:locale\" content=\"de_DE\" \/>\n<meta property=\"og:type\" content=\"article\" \/>\n<meta property=\"og:title\" content=\"Sumkcaps 241031 Custom Six Panel Embroidered Flat Brim Snapback Cap - Sumkcaps\" \/>\n<meta property=\"og:description\" content=\"We are dedicated to manufacturing Premium Custom Caps, beanies and bucket hats. Patches available. Many custom options. Quick delivery. Order Today!\" \/>\n<meta property=\"og:url\" content=\"https:\/\/sumkcaps.com\/de\/produkt\/sufox-241031-benutzerdefinierte-sechs-panel-bestickt-flache-krempe-snapback-cap\/\" \/>\n<meta property=\"og:site_name\" content=\"Sumkcaps-China Original Headwear Manufacturer and Suppliers\" \/>\n<meta property=\"article:publisher\" content=\"https:\/\/www.facebook.com\/sumkcap\" \/>\n<meta property=\"article:modified_time\" content=\"2026-03-23T08:13:35+00:00\" \/>\n<meta property=\"og:image\" content=\"https:\/\/sumkcaps.com\/wp-content\/uploads\/2022\/10\/6_panel_embroidery_falt_brim_snapback_hat-1.jpg\" \/>\n\t<meta property=\"og:image:width\" content=\"800\" \/>\n\t<meta property=\"og:image:height\" content=\"800\" \/>\n\t<meta property=\"og:image:type\" content=\"image\/jpeg\" \/>\n<meta name=\"twitter:card\" content=\"summary_large_image\" \/>\n<meta name=\"twitter:label1\" content=\"Gesch\u00e4tzte Lesezeit\" \/>\n\t<meta name=\"twitter:data1\" content=\"2\u00a0Minuten\" \/>\n<script type=\"application\/ld+json\" class=\"yoast-schema-graph\">{\"@context\":\"https:\/\/schema.org\",\"@graph\":[{\"@type\":\"WebPage\",\"@id\":\"https:\/\/sumkcaps.com\/product\/sufox-241031-custom-six-panel-embroidered-flat-brim-snapback-cap\/\",\"url\":\"https:\/\/sumkcaps.com\/product\/sufox-241031-custom-six-panel-embroidered-flat-brim-snapback-cap\/\",\"name\":\"Custom Embroidered Flat Brim Snapback Cap | China Manufactuer\",\"isPartOf\":{\"@id\":\"https:\/\/sumkcaps.com\/#website\"},\"primaryImageOfPage\":{\"@id\":\"https:\/\/sumkcaps.com\/product\/sufox-241031-custom-six-panel-embroidered-flat-brim-snapback-cap\/#primaryimage\"},\"image\":{\"@id\":\"https:\/\/sumkcaps.com\/product\/sufox-241031-custom-six-panel-embroidered-flat-brim-snapback-cap\/#primaryimage\"},\"thumbnailUrl\":\"https:\/\/sumkcaps.com\/wp-content\/uploads\/2022\/10\/6_panel_embroidery_falt_brim_snapback_hat-1.jpg\",\"datePublished\":\"2022-10-12T05:58:11+00:00\",\"dateModified\":\"2026-03-23T08:13:35+00:00\",\"description\":\"We are dedicated to manufacturing Premium Custom Caps, beanies and bucket hats. Patches available. Many custom options. Quick delivery. Order Today!\",\"breadcrumb\":{\"@id\":\"https:\/\/sumkcaps.com\/product\/sufox-241031-custom-six-panel-embroidered-flat-brim-snapback-cap\/#breadcrumb\"},\"inLanguage\":\"de\",\"potentialAction\":[{\"@type\":\"ReadAction\",\"target\":[\"https:\/\/sumkcaps.com\/product\/sufox-241031-custom-six-panel-embroidered-flat-brim-snapback-cap\/\"]}]},{\"@type\":\"ImageObject\",\"inLanguage\":\"de\",\"@id\":\"https:\/\/sumkcaps.com\/product\/sufox-241031-custom-six-panel-embroidered-flat-brim-snapback-cap\/#primaryimage\",\"url\":\"https:\/\/sumkcaps.com\/wp-content\/uploads\/2022\/10\/6_panel_embroidery_falt_brim_snapback_hat-1.jpg\",\"contentUrl\":\"https:\/\/sumkcaps.com\/wp-content\/uploads\/2022\/10\/6_panel_embroidery_falt_brim_snapback_hat-1.jpg\",\"width\":800,\"height\":800},{\"@type\":\"BreadcrumbList\",\"@id\":\"https:\/\/sumkcaps.com\/product\/sufox-241031-custom-six-panel-embroidered-flat-brim-snapback-cap\/#breadcrumb\",\"itemListElement\":[{\"@type\":\"ListItem\",\"position\":1,\"name\":\"Home\",\"item\":\"https:\/\/sumkcaps.com\/\"},{\"@type\":\"ListItem\",\"position\":2,\"name\":\"Products\",\"item\":\"https:\/\/sumkcaps.com\/product\/\"},{\"@type\":\"ListItem\",\"position\":3,\"name\":\"Sumkcaps 241031 Custom Six Panel Embroidered Flat Brim Snapback Cap\"}]},{\"@type\":\"WebSite\",\"@id\":\"https:\/\/sumkcaps.com\/#website\",\"url\":\"https:\/\/sumkcaps.com\/\",\"name\":\"Sumkcaps-China Original Headwear Manufacturer and Suppliers\",\"description\":\"We are China Cap And Hat Original Factory, whose main business is to custom cap and hat as client&#039;s LOGO. Any cap style, any cap color, any qty, any material and qty is no problem. In one words, any small details can be customized as your request.\",\"publisher\":{\"@id\":\"https:\/\/sumkcaps.com\/#organization\"},\"potentialAction\":[{\"@type\":\"SearchAction\",\"target\":{\"@type\":\"EntryPoint\",\"urlTemplate\":\"https:\/\/sumkcaps.com\/?s={search_term_string}\"},\"query-input\":{\"@type\":\"PropertyValueSpecification\",\"valueRequired\":true,\"valueName\":\"search_term_string\"}}],\"inLanguage\":\"de\"},{\"@type\":\"Organization\",\"@id\":\"https:\/\/sumkcaps.com\/#organization\",\"name\":\"Sumkcaps-China Original Headwear Manufacturer and Suppliers\",\"url\":\"https:\/\/sumkcaps.com\/\",\"logo\":{\"@type\":\"ImageObject\",\"inLanguage\":\"de\",\"@id\":\"https:\/\/sumkcaps.com\/#\/schema\/logo\/image\/\",\"url\":\"https:\/\/sumkcaps.com\/wp-content\/uploads\/2025\/12\/1234.jpg\",\"contentUrl\":\"https:\/\/sumkcaps.com\/wp-content\/uploads\/2025\/12\/1234.jpg\",\"width\":800,\"height\":800,\"caption\":\"Sumkcaps-China Original Headwear Manufacturer and Suppliers\"},\"image\":{\"@id\":\"https:\/\/sumkcaps.com\/#\/schema\/logo\/image\/\"},\"sameAs\":[\"https:\/\/www.facebook.com\/sumkcap\",\"https:\/\/www.instagram.com\/sumkcaps7\/\",\"https:\/\/www.pinterest.com\/sumkcapschina\/\"]}]}<\/script>\n<!-- \/ Yoast SEO Premium plugin. -->","yoast_head_json":{"title":"Individuell bestickte flache Krempe Snapback Cap | China Manufactuer","description":"Wir widmen uns der Herstellung von Premium Custom Caps, Beanies und Bucket Hats. Aufn\u00e4her verf\u00fcgbar. Viele individuelle Optionen. Schnelle Lieferung. Bestellen Sie noch heute!","robots":{"index":"index","follow":"follow","max-snippet":"max-snippet:-1","max-image-preview":"max-image-preview:large","max-video-preview":"max-video-preview:-1"},"canonical":"https:\/\/sumkcaps.com\/de\/produkt\/sufox-241031-benutzerdefinierte-sechs-panel-bestickt-flache-krempe-snapback-cap\/","og_locale":"de_DE","og_type":"article","og_title":"Sumkcaps 241031 Custom Six Panel Embroidered Flat Brim Snapback Cap - Sumkcaps","og_description":"We are dedicated to manufacturing Premium Custom Caps, beanies and bucket hats. Patches available. Many custom options. Quick delivery. Order Today!","og_url":"https:\/\/sumkcaps.com\/de\/produkt\/sufox-241031-benutzerdefinierte-sechs-panel-bestickt-flache-krempe-snapback-cap\/","og_site_name":"Sumkcaps-China Original Headwear Manufacturer and Suppliers","article_publisher":"https:\/\/www.facebook.com\/sumkcap","article_modified_time":"2026-03-23T08:13:35+00:00","og_image":[{"width":800,"height":800,"url":"https:\/\/sumkcaps.com\/wp-content\/uploads\/2022\/10\/6_panel_embroidery_falt_brim_snapback_hat-1.jpg","type":"image\/jpeg"}],"twitter_card":"summary_large_image","twitter_misc":{"Gesch\u00e4tzte Lesezeit":"2\u00a0Minuten"},"schema":{"@context":"https:\/\/schema.org","@graph":[{"@type":"WebPage","@id":"https:\/\/sumkcaps.com\/product\/sufox-241031-custom-six-panel-embroidered-flat-brim-snapback-cap\/","url":"https:\/\/sumkcaps.com\/product\/sufox-241031-custom-six-panel-embroidered-flat-brim-snapback-cap\/","name":"Individuell bestickte flache Krempe Snapback Cap | China Manufactuer","isPartOf":{"@id":"https:\/\/sumkcaps.com\/#website"},"primaryImageOfPage":{"@id":"https:\/\/sumkcaps.com\/product\/sufox-241031-custom-six-panel-embroidered-flat-brim-snapback-cap\/#primaryimage"},"image":{"@id":"https:\/\/sumkcaps.com\/product\/sufox-241031-custom-six-panel-embroidered-flat-brim-snapback-cap\/#primaryimage"},"thumbnailUrl":"https:\/\/sumkcaps.com\/wp-content\/uploads\/2022\/10\/6_panel_embroidery_falt_brim_snapback_hat-1.jpg","datePublished":"2022-10-12T05:58:11+00:00","dateModified":"2026-03-23T08:13:35+00:00","description":"Wir widmen uns der Herstellung von Premium Custom Caps, Beanies und Bucket Hats. Aufn\u00e4her verf\u00fcgbar. Viele individuelle Optionen. Schnelle Lieferung. Bestellen Sie noch heute!","breadcrumb":{"@id":"https:\/\/sumkcaps.com\/product\/sufox-241031-custom-six-panel-embroidered-flat-brim-snapback-cap\/#breadcrumb"},"inLanguage":"de","potentialAction":[{"@type":"ReadAction","target":["https:\/\/sumkcaps.com\/product\/sufox-241031-custom-six-panel-embroidered-flat-brim-snapback-cap\/"]}]},{"@type":"ImageObject","inLanguage":"de","@id":"https:\/\/sumkcaps.com\/product\/sufox-241031-custom-six-panel-embroidered-flat-brim-snapback-cap\/#primaryimage","url":"https:\/\/sumkcaps.com\/wp-content\/uploads\/2022\/10\/6_panel_embroidery_falt_brim_snapback_hat-1.jpg","contentUrl":"https:\/\/sumkcaps.com\/wp-content\/uploads\/2022\/10\/6_panel_embroidery_falt_brim_snapback_hat-1.jpg","width":800,"height":800},{"@type":"BreadcrumbList","@id":"https:\/\/sumkcaps.com\/product\/sufox-241031-custom-six-panel-embroidered-flat-brim-snapback-cap\/#breadcrumb","itemListElement":[{"@type":"ListItem","position":1,"name":"Home","item":"https:\/\/sumkcaps.com\/"},{"@type":"ListItem","position":2,"name":"Products","item":"https:\/\/sumkcaps.com\/product\/"},{"@type":"ListItem","position":3,"name":"Sumkcaps 241031 Custom Six Panel Embroidered Flat Brim Snapback Cap"}]},{"@type":"WebSite","@id":"https:\/\/sumkcaps.com\/#website","url":"https:\/\/sumkcaps.com\/","name":"Sumkcaps-China Original Kopfbedeckungen Hersteller und Lieferanten","description":"Wir sind China Cap And Hat Original Factory, deren Hauptgesch\u00e4ft ist es, benutzerdefinierte Kappe und Hut als Client &amp; #039; s LOGO. Jede Kappe Stil, jede Kappe Farbe, jede Menge, jedes Material und Menge ist kein Problem. In einem Wort, k\u00f6nnen alle kleinen Details als Ihre Anfrage angepasst werden.","publisher":{"@id":"https:\/\/sumkcaps.com\/#organization"},"potentialAction":[{"@type":"SearchAction","target":{"@type":"EntryPoint","urlTemplate":"https:\/\/sumkcaps.com\/?s={search_term_string}"},"query-input":{"@type":"PropertyValueSpecification","valueRequired":true,"valueName":"search_term_string"}}],"inLanguage":"de"},{"@type":"Organization","@id":"https:\/\/sumkcaps.com\/#organization","name":"Sumkcaps-China Original Kopfbedeckungen Hersteller und Lieferanten","url":"https:\/\/sumkcaps.com\/","logo":{"@type":"ImageObject","inLanguage":"de","@id":"https:\/\/sumkcaps.com\/#\/schema\/logo\/image\/","url":"https:\/\/sumkcaps.com\/wp-content\/uploads\/2025\/12\/1234.jpg","contentUrl":"https:\/\/sumkcaps.com\/wp-content\/uploads\/2025\/12\/1234.jpg","width":800,"height":800,"caption":"Sumkcaps-China Original Headwear Manufacturer and Suppliers"},"image":{"@id":"https:\/\/sumkcaps.com\/#\/schema\/logo\/image\/"},"sameAs":["https:\/\/www.facebook.com\/sumkcap","https:\/\/www.instagram.com\/sumkcaps7\/","https:\/\/www.pinterest.com\/sumkcapschina\/"]}]}},"taxonomy_info":{"product_cat":[{"value":42,"label":"Snapback Hats Wholesale"}]},"featured_image_src_large":["https:\/\/sumkcaps.com\/wp-content\/uploads\/2022\/10\/6_panel_embroidery_falt_brim_snapback_hat-1.jpg",800,800,false],"author_info":[],"comment_info":"","_links":{"self":[{"href":"https:\/\/sumkcaps.com\/de\/wp-json\/wp\/v2\/product\/16349","targetHints":{"allow":["GET"]}}],"collection":[{"href":"https:\/\/sumkcaps.com\/de\/wp-json\/wp\/v2\/product"}],"about":[{"href":"https:\/\/sumkcaps.com\/de\/wp-json\/wp\/v2\/types\/product"}],"wp:featuredmedia":[{"embeddable":true,"href":"https:\/\/sumkcaps.com\/de\/wp-json\/wp\/v2\/media\/16350"}],"wp:attachment":[{"href":"https:\/\/sumkcaps.com\/de\/wp-json\/wp\/v2\/media?parent=16349"}],"wp:term":[{"taxonomy":"product_brand","embeddable":true,"href":"https:\/\/sumkcaps.com\/de\/wp-json\/wp\/v2\/product_brand?post=16349"},{"taxonomy":"product_cat","embeddable":true,"href":"https:\/\/sumkcaps.com\/de\/wp-json\/wp\/v2\/product_cat?post=16349"},{"taxonomy":"product_tag","embeddable":true,"href":"https:\/\/sumkcaps.com\/de\/wp-json\/wp\/v2\/product_tag?post=16349"}],"curies":[{"name":"wp","href":"https:\/\/api.w.org\/{rel}","templated":true}]}}