{"id":15861,"date":"2022-09-29T10:51:03","date_gmt":"2022-09-29T02:51:03","guid":{"rendered":"https:\/\/sumkcaps.com\/?post_type=product&#038;p=15861"},"modified":"2026-04-03T10:04:23","modified_gmt":"2026-04-03T02:04:23","slug":"sufox-23931-custom-black-leather-embroidered-snapback-cap","status":"publish","type":"product","link":"https:\/\/sumkcaps.com\/de\/produkt\/sufox-23931-benutzerdefinierte-schwarzem-leder-bestickt-snapback-cap\/","title":{"rendered":"Sumkcaps 23931 Custom Schwarz Leder bestickt Snapback Cap"},"content":{"rendered":"<div class=\"flex flex-col text-sm pb-25\">\n<section class=\"text-token-text-primary w-full focus:outline-none [--shadow-height:45px] has-data-writing-block:pointer-events-none has-data-writing-block:-mt-(--shadow-height) has-data-writing-block:pt-(--shadow-height) [&amp;:has([data-writing-block])&gt;*]:pointer-events-auto scroll-mt-[calc(var(--header-height)+min(200px,max(70px,20svh)))]\" dir=\"auto\" data-turn-id=\"request-WEB:bbc05147-6152-4591-8172-cc7c19e1ce4f-4\" data-testid=\"conversation-turn-10\" data-scroll-anchor=\"true\" data-turn=\"assistant\">\n<div class=\"text-base my-auto mx-auto pb-10 [--thread-content-margin:var(--thread-content-margin-xs,calc(var(--spacing)*4))] @w-sm\/main:[--thread-content-margin:var(--thread-content-margin-sm,calc(var(--spacing)*6))] @w-lg\/main:[--thread-content-margin:var(--thread-content-margin-lg,calc(var(--spacing)*16))] px-(--thread-content-margin)\">\n<div class=\"[--thread-content-max-width:40rem] @w-lg\/main:[--thread-content-max-width:48rem] mx-auto max-w-(--thread-content-max-width) flex-1 group\/turn-messages focus-visible:outline-hidden relative flex w-full min-w-0 flex-col agent-turn\">\n<div class=\"flex max-w-full flex-col gap-4 grow\">\n<div class=\"min-h-8 text-message relative flex w-full flex-col items-end gap-2 text-start break-words whitespace-normal outline-none keyboard-focused:focus-ring [.text-message+&amp;]:mt-1\" dir=\"auto\" tabindex=\"0\" data-message-author-role=\"assistant\" data-message-id=\"309a0517-2198-4d8f-ae84-48a1a0d47f01\" data-message-model-slug=\"gpt-5-3\" data-turn-start-message=\"true\">\n<div class=\"flex w-full flex-col gap-1 empty:hidden\">\n<div class=\"markdown prose dark:prose-invert w-full wrap-break-word light markdown-new-styling\">\n<h3 data-section-id=\"mtqtsz\" data-start=\"126\" data-end=\"159\"><span role=\"text\"><strong data-start=\"130\" data-end=\"157\">Dekoration<\/strong><\/span><\/h3>\n<p data-start=\"160\" data-end=\"446\">Diese Snapback-Kappe ist mit einer hochwertigen Stickerei versehen, die ein sauberes, pr\u00e4zises und professionelles Logo liefert. Die Stickerei ist haltbar und verschlei\u00dffest und sorgt f\u00fcr eine lang anhaltende optische Attraktivit\u00e4t. Sie ist ideal f\u00fcr raffiniertes Branding, hochwertige Kollektionen und anspruchsvolle individuelle Designs.<\/p>\n<h3 data-section-id=\"d771fh\" data-start=\"453\" data-end=\"481\"><span role=\"text\"><strong data-start=\"457\" data-end=\"479\">Material<\/strong><\/span><\/h3>\n<p data-start=\"482\" data-end=\"762\">Diese aus hochwertigem Leder gefertigte Kappe bietet ein luxuri\u00f6ses Aussehen und Gef\u00fchl mit hervorragender Haltbarkeit. Das Material bietet eine glatte Textur, nat\u00fcrliche Festigkeit und ein hochwertiges Aussehen und ist damit perfekt f\u00fcr modebewusste Marken und Kunden, die einen unverwechselbaren, gehobenen Stil suchen.<\/p>\n<h3 data-section-id=\"slu0w9\" data-start=\"769\" data-end=\"797\"><span role=\"text\"><strong data-start=\"773\" data-end=\"795\">Farbe<\/strong><\/span><\/h3>\n<p data-start=\"798\" data-end=\"1055\">Dieses Leder-Snapback ist in vollst\u00e4ndig individuell gestaltbaren Farboptionen erh\u00e4ltlich und bietet Marken die M\u00f6glichkeit, klassische T\u00f6ne oder kr\u00e4ftige Statement-T\u00f6ne zu w\u00e4hlen. Die Flexibilit\u00e4t stellt sicher, dass Ihr Design perfekt mit Ihrer Markenidentit\u00e4t \u00fcbereinstimmt und sowohl die visuelle Wirkung als auch die Marktattraktivit\u00e4t erh\u00f6ht.<\/p>\n<h3 data-section-id=\"1ujt2bk\" data-start=\"1062\" data-end=\"1101\"><span role=\"text\"><strong data-start=\"1066\" data-end=\"1099\">Passform &amp; Gr\u00f6\u00dfe<\/strong><\/span><\/h3>\n<p data-start=\"1102\" data-end=\"1347\">Diese mit einem verstellbaren Snapback-Verschluss ausgestattete Kappe bietet eine Einheitsgr\u00f6\u00dfe von 7 bis 7 3\/4. Sie gew\u00e4hrleistet einen bequemen und sicheren Sitz f\u00fcr die meisten Kopfgr\u00f6\u00dfen, was sie zu einer vielseitigen Option f\u00fcr gro\u00dfe Kundengruppen und Gro\u00dfbestellungen macht.<\/p>\n<h3 data-section-id=\"3asju8\" data-start=\"1354\" data-end=\"1381\"><span role=\"text\"><strong data-start=\"1358\" data-end=\"1379\">Visier<\/strong><\/span><\/h3>\n<p data-start=\"1382\" data-end=\"1622\">Das flache Visier bietet eine moderne und strukturierte Silhouette, die das hochwertige Ledermaterial erg\u00e4nzt. Er beh\u00e4lt seine Form \u00fcber die Zeit bei und bietet gleichzeitig effektiven Sonnenschutz, der modernen Stil mit allt\u00e4glicher Funktionalit\u00e4t verbindet.<\/p>\n<h3 data-section-id=\"3nymbz\" data-start=\"1629\" data-end=\"1658\"><span role=\"text\"><strong data-start=\"1633\" data-end=\"1656\">Dienst<\/strong><\/span><\/h3>\n<p data-start=\"1659\" data-end=\"1899\">Wir bieten umfassende OEM- und ODM-Dienstleistungen, die kundenspezifische Logos, Materialien, Farben und Verpackungsl\u00f6sungen unterst\u00fctzen. Unser erfahrenes Team arbeitet eng mit den Kunden zusammen, um sicherzustellen, dass jedes Produkt den Markenstandards entspricht - vom ersten Konzept bis zur Endproduktion.<\/p>\n<h3 data-section-id=\"1mx9aa5\" data-start=\"1906\" data-end=\"1931\"><span role=\"text\"><strong data-start=\"1910\" data-end=\"1929\">Durchlaufzeit<\/strong><\/span><\/h3>\n<p data-start=\"1932\" data-end=\"2149\" data-is-last-node=\"\" data-is-only-node=\"\">Unser effizienter Arbeitsablauf gew\u00e4hrleistet kurze Durchlaufzeiten. Muster werden innerhalb von 7-9 Arbeitstagen fertiggestellt, und die Massenproduktion dauert 18-22 Arbeitstage. So k\u00f6nnen Sie Fristen einhalten und effizient auf die Marktanforderungen reagieren.<\/p>\n<\/div>\n<\/div>\n<\/div>\n<\/div>\n<\/div>\n<\/div>\n<\/section>\n<\/div>","protected":false},"excerpt":{"rendered":"<p>Sumkcaps 23931 benutzerdefinierte schwarzes Leder bestickt Snapback Cap ist eine der beliebten Cap-Stil, geringes Gewicht und atmungsaktiv gut. Unsere Snapbacks kommen in einer Vielzahl von Stilen und Farben aus allen Top-Marken.<\/p>","protected":false},"featured_media":15862,"template":"","meta":{"_acf_changed":false,"_kad_blocks_custom_css":"","_kad_blocks_head_custom_js":"","_kad_blocks_body_custom_js":"","_kad_blocks_footer_custom_js":""},"product_brand":[],"product_cat":[42],"product_tag":[],"class_list":{"0":"post-15861","1":"product","2":"type-product","3":"status-publish","4":"has-post-thumbnail","6":"product_cat-snapback-cap","8":"first","9":"outofstock","10":"shipping-taxable","11":"product-type-simple"},"acf":[],"yoast_head":"<!-- This site is optimized with the Yoast SEO Premium plugin v20.8 (Yoast SEO v25.9) - https:\/\/yoast.com\/wordpress\/plugins\/seo\/ -->\n<title>Custom Embroidered Leather Snapback Cap | China Manufactuer<\/title>\n<meta name=\"description\" content=\"Custom Cap, Logo Cap, Brand Caps, Custom Made Snapback Caps, Custom Snapback Baseball Hats. Premium Cap Manufacturer since 2006. Order Today!\" \/>\n<meta name=\"robots\" content=\"index, follow, max-snippet:-1, max-image-preview:large, max-video-preview:-1\" \/>\n<link rel=\"canonical\" href=\"https:\/\/sumkcaps.com\/de\/produkt\/sufox-23931-benutzerdefinierte-schwarzem-leder-bestickt-snapback-cap\/\" \/>\n<meta property=\"og:locale\" content=\"de_DE\" \/>\n<meta property=\"og:type\" content=\"article\" \/>\n<meta property=\"og:title\" content=\"Sumkcaps 23931 Custom Black Leather Embroidered Snapback Cap - Sumkcaps\" \/>\n<meta property=\"og:description\" content=\"Custom Cap, Logo Cap, Brand Caps, Custom Made Snapback Caps, Custom Snapback Baseball Hats. Premium Cap Manufacturer since 2006. Order Today!\" \/>\n<meta property=\"og:url\" content=\"https:\/\/sumkcaps.com\/de\/produkt\/sufox-23931-benutzerdefinierte-schwarzem-leder-bestickt-snapback-cap\/\" \/>\n<meta property=\"og:site_name\" content=\"Sumkcaps-China Original Headwear Manufacturer and Suppliers\" \/>\n<meta property=\"article:publisher\" content=\"https:\/\/www.facebook.com\/sumkcap\" \/>\n<meta property=\"article:modified_time\" content=\"2026-04-03T02:04:23+00:00\" \/>\n<meta property=\"og:image\" content=\"https:\/\/sumkcaps.com\/wp-content\/uploads\/2022\/09\/custom_unisex_leather_snapback_cap-1.jpg\" \/>\n\t<meta property=\"og:image:width\" content=\"800\" \/>\n\t<meta property=\"og:image:height\" content=\"800\" \/>\n\t<meta property=\"og:image:type\" content=\"image\/jpeg\" \/>\n<meta name=\"twitter:card\" content=\"summary_large_image\" \/>\n<meta name=\"twitter:label1\" content=\"Gesch\u00e4tzte Lesezeit\" \/>\n\t<meta name=\"twitter:data1\" content=\"2\u00a0Minuten\" \/>\n<script type=\"application\/ld+json\" class=\"yoast-schema-graph\">{\"@context\":\"https:\/\/schema.org\",\"@graph\":[{\"@type\":\"WebPage\",\"@id\":\"https:\/\/sumkcaps.com\/product\/sufox-23931-custom-black-leather-embroidered-snapback-cap\/\",\"url\":\"https:\/\/sumkcaps.com\/product\/sufox-23931-custom-black-leather-embroidered-snapback-cap\/\",\"name\":\"Custom Embroidered Leather Snapback Cap | China Manufactuer\",\"isPartOf\":{\"@id\":\"https:\/\/sumkcaps.com\/#website\"},\"primaryImageOfPage\":{\"@id\":\"https:\/\/sumkcaps.com\/product\/sufox-23931-custom-black-leather-embroidered-snapback-cap\/#primaryimage\"},\"image\":{\"@id\":\"https:\/\/sumkcaps.com\/product\/sufox-23931-custom-black-leather-embroidered-snapback-cap\/#primaryimage\"},\"thumbnailUrl\":\"https:\/\/sumkcaps.com\/wp-content\/uploads\/2022\/09\/custom_unisex_leather_snapback_cap-1.jpg\",\"datePublished\":\"2022-09-29T02:51:03+00:00\",\"dateModified\":\"2026-04-03T02:04:23+00:00\",\"description\":\"Custom Cap, Logo Cap, Brand Caps, Custom Made Snapback Caps, Custom Snapback Baseball Hats. Premium Cap Manufacturer since 2006. Order Today!\",\"breadcrumb\":{\"@id\":\"https:\/\/sumkcaps.com\/product\/sufox-23931-custom-black-leather-embroidered-snapback-cap\/#breadcrumb\"},\"inLanguage\":\"de\",\"potentialAction\":[{\"@type\":\"ReadAction\",\"target\":[\"https:\/\/sumkcaps.com\/product\/sufox-23931-custom-black-leather-embroidered-snapback-cap\/\"]}]},{\"@type\":\"ImageObject\",\"inLanguage\":\"de\",\"@id\":\"https:\/\/sumkcaps.com\/product\/sufox-23931-custom-black-leather-embroidered-snapback-cap\/#primaryimage\",\"url\":\"https:\/\/sumkcaps.com\/wp-content\/uploads\/2022\/09\/custom_unisex_leather_snapback_cap-1.jpg\",\"contentUrl\":\"https:\/\/sumkcaps.com\/wp-content\/uploads\/2022\/09\/custom_unisex_leather_snapback_cap-1.jpg\",\"width\":800,\"height\":800},{\"@type\":\"BreadcrumbList\",\"@id\":\"https:\/\/sumkcaps.com\/product\/sufox-23931-custom-black-leather-embroidered-snapback-cap\/#breadcrumb\",\"itemListElement\":[{\"@type\":\"ListItem\",\"position\":1,\"name\":\"Home\",\"item\":\"https:\/\/sumkcaps.com\/\"},{\"@type\":\"ListItem\",\"position\":2,\"name\":\"Products\",\"item\":\"https:\/\/sumkcaps.com\/product\/\"},{\"@type\":\"ListItem\",\"position\":3,\"name\":\"Sumkcaps 23931 Custom Black Leather Embroidered Snapback Cap\"}]},{\"@type\":\"WebSite\",\"@id\":\"https:\/\/sumkcaps.com\/#website\",\"url\":\"https:\/\/sumkcaps.com\/\",\"name\":\"Sumkcaps-China Original Headwear Manufacturer and Suppliers\",\"description\":\"We are China Cap And Hat Original Factory, whose main business is to custom cap and hat as client&#039;s LOGO. Any cap style, any cap color, any qty, any material and qty is no problem. In one words, any small details can be customized as your request.\",\"publisher\":{\"@id\":\"https:\/\/sumkcaps.com\/#organization\"},\"potentialAction\":[{\"@type\":\"SearchAction\",\"target\":{\"@type\":\"EntryPoint\",\"urlTemplate\":\"https:\/\/sumkcaps.com\/?s={search_term_string}\"},\"query-input\":{\"@type\":\"PropertyValueSpecification\",\"valueRequired\":true,\"valueName\":\"search_term_string\"}}],\"inLanguage\":\"de\"},{\"@type\":\"Organization\",\"@id\":\"https:\/\/sumkcaps.com\/#organization\",\"name\":\"Sumkcaps-China Original Headwear Manufacturer and Suppliers\",\"url\":\"https:\/\/sumkcaps.com\/\",\"logo\":{\"@type\":\"ImageObject\",\"inLanguage\":\"de\",\"@id\":\"https:\/\/sumkcaps.com\/#\/schema\/logo\/image\/\",\"url\":\"https:\/\/sumkcaps.com\/wp-content\/uploads\/2025\/12\/1234.jpg\",\"contentUrl\":\"https:\/\/sumkcaps.com\/wp-content\/uploads\/2025\/12\/1234.jpg\",\"width\":800,\"height\":800,\"caption\":\"Sumkcaps-China Original Headwear Manufacturer and Suppliers\"},\"image\":{\"@id\":\"https:\/\/sumkcaps.com\/#\/schema\/logo\/image\/\"},\"sameAs\":[\"https:\/\/www.facebook.com\/sumkcap\",\"https:\/\/www.instagram.com\/sumkcaps7\/\",\"https:\/\/www.pinterest.com\/sumkcapschina\/\"]}]}<\/script>\n<!-- \/ Yoast SEO Premium plugin. -->","yoast_head_json":{"title":"Benutzerdefinierte bestickte Leder Snapback Cap | China Manufactuer","description":"Custom Cap, Logo Cap, Brand Caps, Custom Made Snapback Caps, Custom Snapback Baseball Hats. Premium Cap Hersteller seit 2006. Bestellen Sie heute!","robots":{"index":"index","follow":"follow","max-snippet":"max-snippet:-1","max-image-preview":"max-image-preview:large","max-video-preview":"max-video-preview:-1"},"canonical":"https:\/\/sumkcaps.com\/de\/produkt\/sufox-23931-benutzerdefinierte-schwarzem-leder-bestickt-snapback-cap\/","og_locale":"de_DE","og_type":"article","og_title":"Sumkcaps 23931 Custom Black Leather Embroidered Snapback Cap - Sumkcaps","og_description":"Custom Cap, Logo Cap, Brand Caps, Custom Made Snapback Caps, Custom Snapback Baseball Hats. Premium Cap Manufacturer since 2006. Order Today!","og_url":"https:\/\/sumkcaps.com\/de\/produkt\/sufox-23931-benutzerdefinierte-schwarzem-leder-bestickt-snapback-cap\/","og_site_name":"Sumkcaps-China Original Headwear Manufacturer and Suppliers","article_publisher":"https:\/\/www.facebook.com\/sumkcap","article_modified_time":"2026-04-03T02:04:23+00:00","og_image":[{"width":800,"height":800,"url":"https:\/\/sumkcaps.com\/wp-content\/uploads\/2022\/09\/custom_unisex_leather_snapback_cap-1.jpg","type":"image\/jpeg"}],"twitter_card":"summary_large_image","twitter_misc":{"Gesch\u00e4tzte Lesezeit":"2\u00a0Minuten"},"schema":{"@context":"https:\/\/schema.org","@graph":[{"@type":"WebPage","@id":"https:\/\/sumkcaps.com\/product\/sufox-23931-custom-black-leather-embroidered-snapback-cap\/","url":"https:\/\/sumkcaps.com\/product\/sufox-23931-custom-black-leather-embroidered-snapback-cap\/","name":"Benutzerdefinierte bestickte Leder Snapback Cap | China Manufactuer","isPartOf":{"@id":"https:\/\/sumkcaps.com\/#website"},"primaryImageOfPage":{"@id":"https:\/\/sumkcaps.com\/product\/sufox-23931-custom-black-leather-embroidered-snapback-cap\/#primaryimage"},"image":{"@id":"https:\/\/sumkcaps.com\/product\/sufox-23931-custom-black-leather-embroidered-snapback-cap\/#primaryimage"},"thumbnailUrl":"https:\/\/sumkcaps.com\/wp-content\/uploads\/2022\/09\/custom_unisex_leather_snapback_cap-1.jpg","datePublished":"2022-09-29T02:51:03+00:00","dateModified":"2026-04-03T02:04:23+00:00","description":"Custom Cap, Logo Cap, Brand Caps, Custom Made Snapback Caps, Custom Snapback Baseball Hats. Premium Cap Hersteller seit 2006. Bestellen Sie heute!","breadcrumb":{"@id":"https:\/\/sumkcaps.com\/product\/sufox-23931-custom-black-leather-embroidered-snapback-cap\/#breadcrumb"},"inLanguage":"de","potentialAction":[{"@type":"ReadAction","target":["https:\/\/sumkcaps.com\/product\/sufox-23931-custom-black-leather-embroidered-snapback-cap\/"]}]},{"@type":"ImageObject","inLanguage":"de","@id":"https:\/\/sumkcaps.com\/product\/sufox-23931-custom-black-leather-embroidered-snapback-cap\/#primaryimage","url":"https:\/\/sumkcaps.com\/wp-content\/uploads\/2022\/09\/custom_unisex_leather_snapback_cap-1.jpg","contentUrl":"https:\/\/sumkcaps.com\/wp-content\/uploads\/2022\/09\/custom_unisex_leather_snapback_cap-1.jpg","width":800,"height":800},{"@type":"BreadcrumbList","@id":"https:\/\/sumkcaps.com\/product\/sufox-23931-custom-black-leather-embroidered-snapback-cap\/#breadcrumb","itemListElement":[{"@type":"ListItem","position":1,"name":"Home","item":"https:\/\/sumkcaps.com\/"},{"@type":"ListItem","position":2,"name":"Products","item":"https:\/\/sumkcaps.com\/product\/"},{"@type":"ListItem","position":3,"name":"Sumkcaps 23931 Custom Black Leather Embroidered Snapback Cap"}]},{"@type":"WebSite","@id":"https:\/\/sumkcaps.com\/#website","url":"https:\/\/sumkcaps.com\/","name":"Sumkcaps-China Original Kopfbedeckungen Hersteller und Lieferanten","description":"Wir sind China Cap And Hat Original Factory, deren Hauptgesch\u00e4ft ist es, benutzerdefinierte Kappe und Hut als Client &amp; #039; s LOGO. Jede Kappe Stil, jede Kappe Farbe, jede Menge, jedes Material und Menge ist kein Problem. In einem Wort, k\u00f6nnen alle kleinen Details als Ihre Anfrage angepasst werden.","publisher":{"@id":"https:\/\/sumkcaps.com\/#organization"},"potentialAction":[{"@type":"SearchAction","target":{"@type":"EntryPoint","urlTemplate":"https:\/\/sumkcaps.com\/?s={search_term_string}"},"query-input":{"@type":"PropertyValueSpecification","valueRequired":true,"valueName":"search_term_string"}}],"inLanguage":"de"},{"@type":"Organization","@id":"https:\/\/sumkcaps.com\/#organization","name":"Sumkcaps-China Original Kopfbedeckungen Hersteller und Lieferanten","url":"https:\/\/sumkcaps.com\/","logo":{"@type":"ImageObject","inLanguage":"de","@id":"https:\/\/sumkcaps.com\/#\/schema\/logo\/image\/","url":"https:\/\/sumkcaps.com\/wp-content\/uploads\/2025\/12\/1234.jpg","contentUrl":"https:\/\/sumkcaps.com\/wp-content\/uploads\/2025\/12\/1234.jpg","width":800,"height":800,"caption":"Sumkcaps-China Original Headwear Manufacturer and Suppliers"},"image":{"@id":"https:\/\/sumkcaps.com\/#\/schema\/logo\/image\/"},"sameAs":["https:\/\/www.facebook.com\/sumkcap","https:\/\/www.instagram.com\/sumkcaps7\/","https:\/\/www.pinterest.com\/sumkcapschina\/"]}]}},"taxonomy_info":{"product_cat":[{"value":42,"label":"Snapback Hats Wholesale"}]},"featured_image_src_large":["https:\/\/sumkcaps.com\/wp-content\/uploads\/2022\/09\/custom_unisex_leather_snapback_cap-1.jpg",800,800,false],"author_info":[],"comment_info":"","_links":{"self":[{"href":"https:\/\/sumkcaps.com\/de\/wp-json\/wp\/v2\/product\/15861","targetHints":{"allow":["GET"]}}],"collection":[{"href":"https:\/\/sumkcaps.com\/de\/wp-json\/wp\/v2\/product"}],"about":[{"href":"https:\/\/sumkcaps.com\/de\/wp-json\/wp\/v2\/types\/product"}],"wp:featuredmedia":[{"embeddable":true,"href":"https:\/\/sumkcaps.com\/de\/wp-json\/wp\/v2\/media\/15862"}],"wp:attachment":[{"href":"https:\/\/sumkcaps.com\/de\/wp-json\/wp\/v2\/media?parent=15861"}],"wp:term":[{"taxonomy":"product_brand","embeddable":true,"href":"https:\/\/sumkcaps.com\/de\/wp-json\/wp\/v2\/product_brand?post=15861"},{"taxonomy":"product_cat","embeddable":true,"href":"https:\/\/sumkcaps.com\/de\/wp-json\/wp\/v2\/product_cat?post=15861"},{"taxonomy":"product_tag","embeddable":true,"href":"https:\/\/sumkcaps.com\/de\/wp-json\/wp\/v2\/product_tag?post=15861"}],"curies":[{"name":"wp","href":"https:\/\/api.w.org\/{rel}","templated":true}]}}