{"id":15584,"date":"2022-09-24T23:52:37","date_gmt":"2022-09-24T15:52:37","guid":{"rendered":"https:\/\/sumkcaps.com\/?post_type=product&#038;p=15584"},"modified":"2025-12-30T16:43:58","modified_gmt":"2025-12-30T08:43:58","slug":"custom-high-quality-distressed-dad-hat-supplier","status":"publish","type":"product","link":"https:\/\/sumkcaps.com\/de\/produkt\/benutzerdefinierte-hohe-qualitat-notleidenden-papa-hut-lieferant\/","title":{"rendered":"Individuell gestaltete burgunderrote Flat-Stickerei Distressed Dad Hat"},"content":{"rendered":"<div class=\"flex flex-col text-sm\">\n<article class=\"text-token-text-primary w-full focus:outline-none [--shadow-height:45px] has-data-writing-block:pointer-events-none has-data-writing-block:-mt-(--shadow-height) has-data-writing-block:pt-(--shadow-height) [&amp;:has([data-writing-block])&gt;*]:pointer-events-auto scroll-mt-[calc(var(--header-height)+min(200px,max(70px,20svh)))]\" dir=\"auto\" tabindex=\"-1\" data-turn-id=\"request-WEB:0bccb25d-486a-44f7-89a7-147dc36e6e4d-19\" data-testid=\"conversation-turn-40\" data-scroll-anchor=\"true\" data-turn=\"assistant\">\n<div class=\"text-base my-auto mx-auto pb-10 [--thread-content-margin:--spacing(4)] @w-sm\/main:[--thread-content-margin:--spacing(6)] @w-lg\/main:[--thread-content-margin:--spacing(16)] px-(--thread-content-margin)\">\n<div class=\"[--thread-content-max-width:40rem] @w-lg\/main:[--thread-content-max-width:48rem] mx-auto max-w-(--thread-content-max-width) flex-1 group\/turn-messages focus-visible:outline-hidden relative flex w-full min-w-0 flex-col agent-turn\" tabindex=\"-1\">\n<div class=\"flex max-w-full flex-col grow\">\n<div class=\"min-h-8 text-message relative flex w-full flex-col items-end gap-2 text-start break-words whitespace-normal [.text-message+&amp;]:mt-1\" dir=\"auto\" data-message-author-role=\"assistant\" data-message-id=\"12be7c67-45f3-47bb-bbd5-354780c69ea9\" data-message-model-slug=\"gpt-5-2\">\n<div class=\"flex w-full flex-col gap-1 empty:hidden first:pt-[1px]\">\n<div class=\"markdown prose dark:prose-invert w-full break-words light markdown-new-styling\">\n<h3 data-start=\"0\" data-end=\"16\">Dekoration<\/h3>\n<p data-start=\"17\" data-end=\"345\">Diese Dad-Kappe ist mit <strong data-start=\"47\" data-end=\"73\">individuelle Flachstickerei<\/strong>, wodurch ein klares, zur\u00fcckhaltendes Design entsteht, das die Details des Logos hervorhebt, ohne aufdringlich zu wirken. Durch die flache Stickerei bleibt die Oberfl\u00e4che glatt und strapazierf\u00e4hig, sodass sich das Produkt ideal f\u00fcr den Alltag, als Markenartikel oder f\u00fcr Werbezwecke eignet und gleichzeitig ein klassisches, zeitloses Aussehen beh\u00e4lt.<\/p>\n<h3 data-start=\"347\" data-end=\"358\">Farbe<\/h3>\n<p data-start=\"359\" data-end=\"631\">Pr\u00e4sentiert in einem tiefen <strong data-start=\"379\" data-end=\"397\">Burgunderrot<\/strong>, Dieser Hut bietet einen Vintage-inspirierten und vielseitigen Stil, der sich leicht mit l\u00e4ssigen Outfits kombinieren l\u00e4sst. Neben Burgunderrot ist die Farbe auch in <strong data-start=\"534\" data-end=\"554\">vollst\u00e4ndig angepasst<\/strong> um den Markenrichtlinien, saisonalen Kollektionen oder bestimmten Designkonzepten zu entsprechen.<\/p>\n<h3 data-start=\"633\" data-end=\"644\">Form<\/h3>\n<p data-start=\"645\" data-end=\"889\">Mit einem klassischen <strong data-start=\"665\" data-end=\"682\">Dad-Hat-Form<\/strong>, Diese Kappe hat eine unstrukturierte Krone, die f\u00fcr ein entspanntes, eingetragenes Tragegef\u00fchl sorgt. Das flache Design sitzt nat\u00fcrlich auf dem Kopf, ist bequem und l\u00e4sst sich leicht zu Alltags-, Freizeit- oder Streetwear-Looks stylen.<\/p>\n<h3 data-start=\"891\" data-end=\"902\">Visier<\/h3>\n<p data-start=\"903\" data-end=\"1140\">Die <strong data-start=\"907\" data-end=\"927\">vorgew\u00f6lbtes Visier<\/strong> bietet sofortigen Komfort und zuverl\u00e4ssigen Sonnenschutz direkt aus der Verpackung. Seine nat\u00fcrliche Kr\u00fcmmung unterstreicht die l\u00e4ssige \u00c4sthetik und sorgt gleichzeitig f\u00fcr eine ausgewogene Form, die das unstrukturierte Design der Dad-Cap erg\u00e4nzt.<\/p>\n<h3 data-start=\"1142\" data-end=\"1158\">Passform &amp; Gr\u00f6\u00dfe<\/h3>\n<p data-start=\"1159\" data-end=\"1366\" data-is-last-node=\"\" data-is-only-node=\"\">Entworfen mit einem <strong data-start=\"1176\" data-end=\"1200\">OSFM-Passform (7 \u2013 7 3\/4)<\/strong>, Diese Dad-Cap passt sich bequem an die meisten Kopfgr\u00f6\u00dfen an. Die verstellbare Konstruktion sorgt f\u00fcr einen sicheren und dennoch lockeren Sitz, sodass sie f\u00fcr eine Vielzahl von Tr\u00e4gern geeignet ist.<\/p>\n<\/div>\n<\/div>\n<\/div>\n<\/div>\n<\/div>\n<\/div>\n<\/article>\n<\/div>","protected":false},"excerpt":{"rendered":"<div data-page-id=\"GYEtfTyrddocT5ctbEDcsBdJnQe\" data-lark-html-role=\"root\" data-docx-has-block-data=\"false\">\n<div class=\"ace-line ace-line old-record-id-MsJhfKwFcd7qOyc2tXqcDfyKnCd\">Die ma\u00dfgeschneiderte burgunderrote Flat Embroidery Distressed Dad Hat kombiniert klassischen Retro-Stil mit praktischem Design und ist damit die perfekte Wahl f\u00fcr den Alltag und als Ausdruck Ihrer Marke. In einem tiefen Burgunderrot gehalten, besticht sie durch einen Vintage-Look und vielseitige Farbt\u00f6ne, die m\u00fchelos zu verschiedenen Freizeitoutfits passen. Sie f\u00fcgt sich nahtlos in den Alltag, Outdoor-Aktivit\u00e4ten und Streetwear-Looks ein und unterstreicht dabei Ihren einzigartigen Geschmack.<\/div>\n<\/div>","protected":false},"featured_media":33103,"template":"","meta":{"_acf_changed":false,"_kad_blocks_custom_css":"","_kad_blocks_head_custom_js":"","_kad_blocks_body_custom_js":"","_kad_blocks_footer_custom_js":""},"product_brand":[],"product_cat":[695,952],"product_tag":[],"class_list":{"0":"post-15584","1":"product","2":"type-product","3":"status-publish","4":"has-post-thumbnail","6":"product_cat-dad-cap","7":"product_cat-custom-distressed-dad-hat-wholesale","9":"first","10":"outofstock","11":"shipping-taxable","12":"product-type-simple"},"acf":[],"yoast_head":"<!-- This site is optimized with the Yoast SEO Premium plugin v20.8 (Yoast SEO v25.9) - https:\/\/yoast.com\/wordpress\/plugins\/seo\/ -->\n<title>Custom High Quality Distressed Dad Hat Wholesale<\/title>\n<meta name=\"description\" content=\"Custom Burgundy Distressed Dad Hat: classic retro style, deep burgundy hue, versatile for casual &amp; streetwear.\" \/>\n<meta name=\"robots\" content=\"index, follow, max-snippet:-1, max-image-preview:large, max-video-preview:-1\" \/>\n<link rel=\"canonical\" href=\"https:\/\/sumkcaps.com\/de\/produkt\/benutzerdefinierte-hohe-qualitat-notleidenden-papa-hut-lieferant\/\" \/>\n<meta property=\"og:locale\" content=\"de_DE\" \/>\n<meta property=\"og:type\" content=\"article\" \/>\n<meta property=\"og:title\" content=\"Custom Burgundy Flat Embroidery Distressed Dad Hat - Sumkcaps\" \/>\n<meta property=\"og:description\" content=\"Custom Burgundy Distressed Dad Hat: classic retro style, deep burgundy hue, versatile for casual &amp; streetwear.\" \/>\n<meta property=\"og:url\" content=\"https:\/\/sumkcaps.com\/de\/produkt\/benutzerdefinierte-hohe-qualitat-notleidenden-papa-hut-lieferant\/\" \/>\n<meta property=\"og:site_name\" content=\"Sumkcaps-China Original Headwear Manufacturer and Suppliers\" \/>\n<meta property=\"article:publisher\" content=\"https:\/\/www.facebook.com\/sumkcap\" \/>\n<meta property=\"article:modified_time\" content=\"2025-12-30T08:43:58+00:00\" \/>\n<meta property=\"og:image\" content=\"https:\/\/sumkcaps.com\/wp-content\/uploads\/2022\/09\/Custom-Burgundy-Flat-Embroidery-Distressed-Dad-Hat.jpg\" \/>\n\t<meta property=\"og:image:width\" content=\"800\" \/>\n\t<meta property=\"og:image:height\" content=\"800\" \/>\n\t<meta property=\"og:image:type\" content=\"image\/jpeg\" \/>\n<meta name=\"twitter:card\" content=\"summary_large_image\" \/>\n<meta name=\"twitter:label1\" content=\"Gesch\u00e4tzte Lesezeit\" \/>\n\t<meta name=\"twitter:data1\" content=\"2\u00a0Minuten\" \/>\n<script type=\"application\/ld+json\" class=\"yoast-schema-graph\">{\"@context\":\"https:\/\/schema.org\",\"@graph\":[{\"@type\":\"WebPage\",\"@id\":\"https:\/\/sumkcaps.com\/product\/custom-high-quality-distressed-dad-hat-supplier\/\",\"url\":\"https:\/\/sumkcaps.com\/product\/custom-high-quality-distressed-dad-hat-supplier\/\",\"name\":\"Custom High Quality Distressed Dad Hat Wholesale\",\"isPartOf\":{\"@id\":\"https:\/\/sumkcaps.com\/#website\"},\"primaryImageOfPage\":{\"@id\":\"https:\/\/sumkcaps.com\/product\/custom-high-quality-distressed-dad-hat-supplier\/#primaryimage\"},\"image\":{\"@id\":\"https:\/\/sumkcaps.com\/product\/custom-high-quality-distressed-dad-hat-supplier\/#primaryimage\"},\"thumbnailUrl\":\"https:\/\/sumkcaps.com\/wp-content\/uploads\/2022\/09\/Custom-Burgundy-Flat-Embroidery-Distressed-Dad-Hat.jpg\",\"datePublished\":\"2022-09-24T15:52:37+00:00\",\"dateModified\":\"2025-12-30T08:43:58+00:00\",\"description\":\"Custom Burgundy Distressed Dad Hat: classic retro style, deep burgundy hue, versatile for casual & streetwear.\",\"breadcrumb\":{\"@id\":\"https:\/\/sumkcaps.com\/product\/custom-high-quality-distressed-dad-hat-supplier\/#breadcrumb\"},\"inLanguage\":\"de\",\"potentialAction\":[{\"@type\":\"ReadAction\",\"target\":[\"https:\/\/sumkcaps.com\/product\/custom-high-quality-distressed-dad-hat-supplier\/\"]}]},{\"@type\":\"ImageObject\",\"inLanguage\":\"de\",\"@id\":\"https:\/\/sumkcaps.com\/product\/custom-high-quality-distressed-dad-hat-supplier\/#primaryimage\",\"url\":\"https:\/\/sumkcaps.com\/wp-content\/uploads\/2022\/09\/Custom-Burgundy-Flat-Embroidery-Distressed-Dad-Hat.jpg\",\"contentUrl\":\"https:\/\/sumkcaps.com\/wp-content\/uploads\/2022\/09\/Custom-Burgundy-Flat-Embroidery-Distressed-Dad-Hat.jpg\",\"width\":800,\"height\":800,\"caption\":\"Custom Burgundy Flat Embroidery Distressed Dad Hat\"},{\"@type\":\"BreadcrumbList\",\"@id\":\"https:\/\/sumkcaps.com\/product\/custom-high-quality-distressed-dad-hat-supplier\/#breadcrumb\",\"itemListElement\":[{\"@type\":\"ListItem\",\"position\":1,\"name\":\"Home\",\"item\":\"https:\/\/sumkcaps.com\/\"},{\"@type\":\"ListItem\",\"position\":2,\"name\":\"Products\",\"item\":\"https:\/\/sumkcaps.com\/product\/\"},{\"@type\":\"ListItem\",\"position\":3,\"name\":\"Custom Burgundy Flat Embroidery Distressed Dad Hat\"}]},{\"@type\":\"WebSite\",\"@id\":\"https:\/\/sumkcaps.com\/#website\",\"url\":\"https:\/\/sumkcaps.com\/\",\"name\":\"Sumkcaps-China Original Headwear Manufacturer and Suppliers\",\"description\":\"We are China Cap And Hat Original Factory, whose main business is to custom cap and hat as client&#039;s LOGO. Any cap style, any cap color, any qty, any material and qty is no problem. In one words, any small details can be customized as your request.\",\"publisher\":{\"@id\":\"https:\/\/sumkcaps.com\/#organization\"},\"potentialAction\":[{\"@type\":\"SearchAction\",\"target\":{\"@type\":\"EntryPoint\",\"urlTemplate\":\"https:\/\/sumkcaps.com\/?s={search_term_string}\"},\"query-input\":{\"@type\":\"PropertyValueSpecification\",\"valueRequired\":true,\"valueName\":\"search_term_string\"}}],\"inLanguage\":\"de\"},{\"@type\":\"Organization\",\"@id\":\"https:\/\/sumkcaps.com\/#organization\",\"name\":\"Sumkcaps-China Original Headwear Manufacturer and Suppliers\",\"url\":\"https:\/\/sumkcaps.com\/\",\"logo\":{\"@type\":\"ImageObject\",\"inLanguage\":\"de\",\"@id\":\"https:\/\/sumkcaps.com\/#\/schema\/logo\/image\/\",\"url\":\"https:\/\/sumkcaps.com\/wp-content\/uploads\/2025\/12\/1234.jpg\",\"contentUrl\":\"https:\/\/sumkcaps.com\/wp-content\/uploads\/2025\/12\/1234.jpg\",\"width\":800,\"height\":800,\"caption\":\"Sumkcaps-China Original Headwear Manufacturer and Suppliers\"},\"image\":{\"@id\":\"https:\/\/sumkcaps.com\/#\/schema\/logo\/image\/\"},\"sameAs\":[\"https:\/\/www.facebook.com\/sumkcap\",\"https:\/\/www.instagram.com\/sumkcaps7\/\",\"https:\/\/www.pinterest.com\/sumkcapschina\/\"]}]}<\/script>\n<!-- \/ Yoast SEO Premium plugin. -->","yoast_head_json":{"title":"Benutzerdefinierte hohe Qualit\u00e4t Distressed Dad Hat Gro\u00dfhandel","description":"Individuell gestaltete Dad Hat in Burgunderrot im Used-Look: klassischer Retro-Stil, tiefes Burgunderrot, vielseitig einsetzbar f\u00fcr Freizeit- und Streetwear.","robots":{"index":"index","follow":"follow","max-snippet":"max-snippet:-1","max-image-preview":"max-image-preview:large","max-video-preview":"max-video-preview:-1"},"canonical":"https:\/\/sumkcaps.com\/de\/produkt\/benutzerdefinierte-hohe-qualitat-notleidenden-papa-hut-lieferant\/","og_locale":"de_DE","og_type":"article","og_title":"Custom Burgundy Flat Embroidery Distressed Dad Hat - Sumkcaps","og_description":"Custom Burgundy Distressed Dad Hat: classic retro style, deep burgundy hue, versatile for casual & streetwear.","og_url":"https:\/\/sumkcaps.com\/de\/produkt\/benutzerdefinierte-hohe-qualitat-notleidenden-papa-hut-lieferant\/","og_site_name":"Sumkcaps-China Original Headwear Manufacturer and Suppliers","article_publisher":"https:\/\/www.facebook.com\/sumkcap","article_modified_time":"2025-12-30T08:43:58+00:00","og_image":[{"width":800,"height":800,"url":"https:\/\/sumkcaps.com\/wp-content\/uploads\/2022\/09\/Custom-Burgundy-Flat-Embroidery-Distressed-Dad-Hat.jpg","type":"image\/jpeg"}],"twitter_card":"summary_large_image","twitter_misc":{"Gesch\u00e4tzte Lesezeit":"2\u00a0Minuten"},"schema":{"@context":"https:\/\/schema.org","@graph":[{"@type":"WebPage","@id":"https:\/\/sumkcaps.com\/product\/custom-high-quality-distressed-dad-hat-supplier\/","url":"https:\/\/sumkcaps.com\/product\/custom-high-quality-distressed-dad-hat-supplier\/","name":"Benutzerdefinierte hohe Qualit\u00e4t Distressed Dad Hat Gro\u00dfhandel","isPartOf":{"@id":"https:\/\/sumkcaps.com\/#website"},"primaryImageOfPage":{"@id":"https:\/\/sumkcaps.com\/product\/custom-high-quality-distressed-dad-hat-supplier\/#primaryimage"},"image":{"@id":"https:\/\/sumkcaps.com\/product\/custom-high-quality-distressed-dad-hat-supplier\/#primaryimage"},"thumbnailUrl":"https:\/\/sumkcaps.com\/wp-content\/uploads\/2022\/09\/Custom-Burgundy-Flat-Embroidery-Distressed-Dad-Hat.jpg","datePublished":"2022-09-24T15:52:37+00:00","dateModified":"2025-12-30T08:43:58+00:00","description":"Individuell gestaltete Dad Hat in Burgunderrot im Used-Look: klassischer Retro-Stil, tiefes Burgunderrot, vielseitig einsetzbar f\u00fcr Freizeit- und Streetwear.","breadcrumb":{"@id":"https:\/\/sumkcaps.com\/product\/custom-high-quality-distressed-dad-hat-supplier\/#breadcrumb"},"inLanguage":"de","potentialAction":[{"@type":"ReadAction","target":["https:\/\/sumkcaps.com\/product\/custom-high-quality-distressed-dad-hat-supplier\/"]}]},{"@type":"ImageObject","inLanguage":"de","@id":"https:\/\/sumkcaps.com\/product\/custom-high-quality-distressed-dad-hat-supplier\/#primaryimage","url":"https:\/\/sumkcaps.com\/wp-content\/uploads\/2022\/09\/Custom-Burgundy-Flat-Embroidery-Distressed-Dad-Hat.jpg","contentUrl":"https:\/\/sumkcaps.com\/wp-content\/uploads\/2022\/09\/Custom-Burgundy-Flat-Embroidery-Distressed-Dad-Hat.jpg","width":800,"height":800,"caption":"Custom Burgundy Flat Embroidery Distressed Dad Hat"},{"@type":"BreadcrumbList","@id":"https:\/\/sumkcaps.com\/product\/custom-high-quality-distressed-dad-hat-supplier\/#breadcrumb","itemListElement":[{"@type":"ListItem","position":1,"name":"Home","item":"https:\/\/sumkcaps.com\/"},{"@type":"ListItem","position":2,"name":"Products","item":"https:\/\/sumkcaps.com\/product\/"},{"@type":"ListItem","position":3,"name":"Custom Burgundy Flat Embroidery Distressed Dad Hat"}]},{"@type":"WebSite","@id":"https:\/\/sumkcaps.com\/#website","url":"https:\/\/sumkcaps.com\/","name":"Sumkcaps-China Original Kopfbedeckungen Hersteller und Lieferanten","description":"Wir sind China Cap And Hat Original Factory, deren Hauptgesch\u00e4ft ist es, benutzerdefinierte Kappe und Hut als Client &amp; #039; s LOGO. Jede Kappe Stil, jede Kappe Farbe, jede Menge, jedes Material und Menge ist kein Problem. In einem Wort, k\u00f6nnen alle kleinen Details als Ihre Anfrage angepasst werden.","publisher":{"@id":"https:\/\/sumkcaps.com\/#organization"},"potentialAction":[{"@type":"SearchAction","target":{"@type":"EntryPoint","urlTemplate":"https:\/\/sumkcaps.com\/?s={search_term_string}"},"query-input":{"@type":"PropertyValueSpecification","valueRequired":true,"valueName":"search_term_string"}}],"inLanguage":"de"},{"@type":"Organization","@id":"https:\/\/sumkcaps.com\/#organization","name":"Sumkcaps-China Original Kopfbedeckungen Hersteller und Lieferanten","url":"https:\/\/sumkcaps.com\/","logo":{"@type":"ImageObject","inLanguage":"de","@id":"https:\/\/sumkcaps.com\/#\/schema\/logo\/image\/","url":"https:\/\/sumkcaps.com\/wp-content\/uploads\/2025\/12\/1234.jpg","contentUrl":"https:\/\/sumkcaps.com\/wp-content\/uploads\/2025\/12\/1234.jpg","width":800,"height":800,"caption":"Sumkcaps-China Original Headwear Manufacturer and Suppliers"},"image":{"@id":"https:\/\/sumkcaps.com\/#\/schema\/logo\/image\/"},"sameAs":["https:\/\/www.facebook.com\/sumkcap","https:\/\/www.instagram.com\/sumkcaps7\/","https:\/\/www.pinterest.com\/sumkcapschina\/"]}]}},"taxonomy_info":{"product_cat":[{"value":695,"label":"Dad Hat Wholesale"},{"value":952,"label":"Distressed Dad Hat Wholesale"}]},"featured_image_src_large":["https:\/\/sumkcaps.com\/wp-content\/uploads\/2022\/09\/Custom-Burgundy-Flat-Embroidery-Distressed-Dad-Hat.jpg",800,800,false],"author_info":[],"comment_info":"","_links":{"self":[{"href":"https:\/\/sumkcaps.com\/de\/wp-json\/wp\/v2\/product\/15584","targetHints":{"allow":["GET"]}}],"collection":[{"href":"https:\/\/sumkcaps.com\/de\/wp-json\/wp\/v2\/product"}],"about":[{"href":"https:\/\/sumkcaps.com\/de\/wp-json\/wp\/v2\/types\/product"}],"wp:featuredmedia":[{"embeddable":true,"href":"https:\/\/sumkcaps.com\/de\/wp-json\/wp\/v2\/media\/33103"}],"wp:attachment":[{"href":"https:\/\/sumkcaps.com\/de\/wp-json\/wp\/v2\/media?parent=15584"}],"wp:term":[{"taxonomy":"product_brand","embeddable":true,"href":"https:\/\/sumkcaps.com\/de\/wp-json\/wp\/v2\/product_brand?post=15584"},{"taxonomy":"product_cat","embeddable":true,"href":"https:\/\/sumkcaps.com\/de\/wp-json\/wp\/v2\/product_cat?post=15584"},{"taxonomy":"product_tag","embeddable":true,"href":"https:\/\/sumkcaps.com\/de\/wp-json\/wp\/v2\/product_tag?post=15584"}],"curies":[{"name":"wp","href":"https:\/\/api.w.org\/{rel}","templated":true}]}}