{"id":14992,"date":"2022-09-20T10:11:01","date_gmt":"2022-09-20T02:11:01","guid":{"rendered":"https:\/\/sumkcaps.com\/?post_type=product&#038;p=14992"},"modified":"2025-11-05T14:44:46","modified_gmt":"2025-11-05T06:44:46","slug":"sufox-2935-custom-christmas-knitted-beanie-hat","status":"publish","type":"product","link":"https:\/\/sumkcaps.com\/de\/produkt\/sufox-2935-benutzerdefinierte-weihnachten-gestrickt-beanie-mutze\/","title":{"rendered":"Sumkcaps 2935 Benutzerdefinierte Weihnachten gestrickt Beanie-M\u00fctze"},"content":{"rendered":"","protected":false},"excerpt":{"rendered":"<p>Sumkcaps 2935 benutzerdefinierte Weihnachten gestrickt Beanie-M\u00fctze ist eine rote und wei\u00dfe M\u00fctze mit Weihnachtsmann assoziiert, mit einem wei\u00dfen oder roten Bommel auf der Oberseite. Winter Beanie Caps Slouchy warmen Schnee H\u00fcte f\u00fcr Jungen M\u00e4dchen Weihnachten Party.<\/p>","protected":false},"featured_media":14993,"template":"","meta":{"_acf_changed":false,"_kad_blocks_custom_css":"","_kad_blocks_head_custom_js":"","_kad_blocks_body_custom_js":"","_kad_blocks_footer_custom_js":""},"product_brand":[],"product_cat":[980,1035,693],"product_tag":[],"class_list":{"0":"post-14992","1":"product","2":"type-product","3":"status-publish","4":"has-post-thumbnail","6":"product_cat-beanie-hat-wholesale","7":"product_cat-pompom-beanies-wholesale","8":"product_cat-hat","10":"first","11":"outofstock","12":"shipping-taxable","13":"product-type-simple"},"acf":[],"yoast_head":"<!-- This site is optimized with the Yoast SEO Premium plugin v20.8 (Yoast SEO v25.9) - https:\/\/yoast.com\/wordpress\/plugins\/seo\/ -->\n<title>Custom Christmas Knitted Beanie Hat | China Manufactuer<\/title>\n<meta name=\"description\" content=\"We are dedicated to manufacturing Premium Custom Caps, beanies and bucket hats. Patches available. Many custom options. Quick delivery. Order Today!\" \/>\n<meta name=\"robots\" content=\"index, follow, max-snippet:-1, max-image-preview:large, max-video-preview:-1\" \/>\n<link rel=\"canonical\" href=\"https:\/\/sumkcaps.com\/de\/produkt\/sufox-2935-benutzerdefinierte-weihnachten-gestrickt-beanie-mutze\/\" \/>\n<meta property=\"og:locale\" content=\"de_DE\" \/>\n<meta property=\"og:type\" content=\"article\" \/>\n<meta property=\"og:title\" content=\"Sumkcaps 2935 Custom Christmas Knitted Beanie Hat - Sumkcaps\" \/>\n<meta property=\"og:description\" content=\"We are dedicated to manufacturing Premium Custom Caps, beanies and bucket hats. Patches available. Many custom options. Quick delivery. Order Today!\" \/>\n<meta property=\"og:url\" content=\"https:\/\/sumkcaps.com\/de\/produkt\/sufox-2935-benutzerdefinierte-weihnachten-gestrickt-beanie-mutze\/\" \/>\n<meta property=\"og:site_name\" content=\"Sumkcaps-China Original Headwear Manufacturer and Suppliers\" \/>\n<meta property=\"article:publisher\" content=\"https:\/\/www.facebook.com\/sumkcap\" \/>\n<meta property=\"article:modified_time\" content=\"2025-11-05T06:44:46+00:00\" \/>\n<meta property=\"og:image\" content=\"https:\/\/sumkcaps.com\/wp-content\/uploads\/2022\/09\/Christmas_Knitted_Beanie_Hat-6.jpg\" \/>\n\t<meta property=\"og:image:width\" content=\"1000\" \/>\n\t<meta property=\"og:image:height\" content=\"1000\" \/>\n\t<meta property=\"og:image:type\" content=\"image\/jpeg\" \/>\n<meta name=\"twitter:card\" content=\"summary_large_image\" \/>\n<script type=\"application\/ld+json\" class=\"yoast-schema-graph\">{\"@context\":\"https:\/\/schema.org\",\"@graph\":[{\"@type\":\"WebPage\",\"@id\":\"https:\/\/sumkcaps.com\/product\/sufox-2935-custom-christmas-knitted-beanie-hat\/\",\"url\":\"https:\/\/sumkcaps.com\/product\/sufox-2935-custom-christmas-knitted-beanie-hat\/\",\"name\":\"Custom Christmas Knitted Beanie Hat | China Manufactuer\",\"isPartOf\":{\"@id\":\"https:\/\/sumkcaps.com\/#website\"},\"primaryImageOfPage\":{\"@id\":\"https:\/\/sumkcaps.com\/product\/sufox-2935-custom-christmas-knitted-beanie-hat\/#primaryimage\"},\"image\":{\"@id\":\"https:\/\/sumkcaps.com\/product\/sufox-2935-custom-christmas-knitted-beanie-hat\/#primaryimage\"},\"thumbnailUrl\":\"https:\/\/sumkcaps.com\/wp-content\/uploads\/2022\/09\/Christmas_Knitted_Beanie_Hat-6.jpg\",\"datePublished\":\"2022-09-20T02:11:01+00:00\",\"dateModified\":\"2025-11-05T06:44:46+00:00\",\"description\":\"We are dedicated to manufacturing Premium Custom Caps, beanies and bucket hats. Patches available. Many custom options. Quick delivery. Order Today!\",\"breadcrumb\":{\"@id\":\"https:\/\/sumkcaps.com\/product\/sufox-2935-custom-christmas-knitted-beanie-hat\/#breadcrumb\"},\"inLanguage\":\"de\",\"potentialAction\":[{\"@type\":\"ReadAction\",\"target\":[\"https:\/\/sumkcaps.com\/product\/sufox-2935-custom-christmas-knitted-beanie-hat\/\"]}]},{\"@type\":\"ImageObject\",\"inLanguage\":\"de\",\"@id\":\"https:\/\/sumkcaps.com\/product\/sufox-2935-custom-christmas-knitted-beanie-hat\/#primaryimage\",\"url\":\"https:\/\/sumkcaps.com\/wp-content\/uploads\/2022\/09\/Christmas_Knitted_Beanie_Hat-6.jpg\",\"contentUrl\":\"https:\/\/sumkcaps.com\/wp-content\/uploads\/2022\/09\/Christmas_Knitted_Beanie_Hat-6.jpg\",\"width\":1000,\"height\":1000},{\"@type\":\"BreadcrumbList\",\"@id\":\"https:\/\/sumkcaps.com\/product\/sufox-2935-custom-christmas-knitted-beanie-hat\/#breadcrumb\",\"itemListElement\":[{\"@type\":\"ListItem\",\"position\":1,\"name\":\"Home\",\"item\":\"https:\/\/sumkcaps.com\/\"},{\"@type\":\"ListItem\",\"position\":2,\"name\":\"Products\",\"item\":\"https:\/\/sumkcaps.com\/product\/\"},{\"@type\":\"ListItem\",\"position\":3,\"name\":\"Sumkcaps 2935 Custom Christmas Knitted Beanie Hat\"}]},{\"@type\":\"WebSite\",\"@id\":\"https:\/\/sumkcaps.com\/#website\",\"url\":\"https:\/\/sumkcaps.com\/\",\"name\":\"Sumkcaps-China Original Headwear Manufacturer and Suppliers\",\"description\":\"We are China Cap And Hat Original Factory, whose main business is to custom cap and hat as client&#039;s LOGO. Any cap style, any cap color, any qty, any material and qty is no problem. In one words, any small details can be customized as your request.\",\"publisher\":{\"@id\":\"https:\/\/sumkcaps.com\/#organization\"},\"potentialAction\":[{\"@type\":\"SearchAction\",\"target\":{\"@type\":\"EntryPoint\",\"urlTemplate\":\"https:\/\/sumkcaps.com\/?s={search_term_string}\"},\"query-input\":{\"@type\":\"PropertyValueSpecification\",\"valueRequired\":true,\"valueName\":\"search_term_string\"}}],\"inLanguage\":\"de\"},{\"@type\":\"Organization\",\"@id\":\"https:\/\/sumkcaps.com\/#organization\",\"name\":\"Sumkcaps-China Original Headwear Manufacturer and Suppliers\",\"url\":\"https:\/\/sumkcaps.com\/\",\"logo\":{\"@type\":\"ImageObject\",\"inLanguage\":\"de\",\"@id\":\"https:\/\/sumkcaps.com\/#\/schema\/logo\/image\/\",\"url\":\"https:\/\/sumkcaps.com\/wp-content\/uploads\/2025\/12\/1234.jpg\",\"contentUrl\":\"https:\/\/sumkcaps.com\/wp-content\/uploads\/2025\/12\/1234.jpg\",\"width\":800,\"height\":800,\"caption\":\"Sumkcaps-China Original Headwear Manufacturer and Suppliers\"},\"image\":{\"@id\":\"https:\/\/sumkcaps.com\/#\/schema\/logo\/image\/\"},\"sameAs\":[\"https:\/\/www.facebook.com\/sumkcap\",\"https:\/\/www.instagram.com\/sumkcaps7\/\",\"https:\/\/www.pinterest.com\/sumkcapschina\/\"]}]}<\/script>\n<!-- \/ Yoast SEO Premium plugin. -->","yoast_head_json":{"title":"Benutzerdefinierte Weihnachten gestrickt Beanie Hut | China Manufactuer","description":"Wir widmen uns der Herstellung von Premium Custom Caps, Beanies und Bucket Hats. Aufn\u00e4her verf\u00fcgbar. Viele individuelle Optionen. Schnelle Lieferung. Bestellen Sie noch heute!","robots":{"index":"index","follow":"follow","max-snippet":"max-snippet:-1","max-image-preview":"max-image-preview:large","max-video-preview":"max-video-preview:-1"},"canonical":"https:\/\/sumkcaps.com\/de\/produkt\/sufox-2935-benutzerdefinierte-weihnachten-gestrickt-beanie-mutze\/","og_locale":"de_DE","og_type":"article","og_title":"Sumkcaps 2935 Custom Christmas Knitted Beanie Hat - Sumkcaps","og_description":"We are dedicated to manufacturing Premium Custom Caps, beanies and bucket hats. Patches available. Many custom options. Quick delivery. Order Today!","og_url":"https:\/\/sumkcaps.com\/de\/produkt\/sufox-2935-benutzerdefinierte-weihnachten-gestrickt-beanie-mutze\/","og_site_name":"Sumkcaps-China Original Headwear Manufacturer and Suppliers","article_publisher":"https:\/\/www.facebook.com\/sumkcap","article_modified_time":"2025-11-05T06:44:46+00:00","og_image":[{"width":1000,"height":1000,"url":"https:\/\/sumkcaps.com\/wp-content\/uploads\/2022\/09\/Christmas_Knitted_Beanie_Hat-6.jpg","type":"image\/jpeg"}],"twitter_card":"summary_large_image","schema":{"@context":"https:\/\/schema.org","@graph":[{"@type":"WebPage","@id":"https:\/\/sumkcaps.com\/product\/sufox-2935-custom-christmas-knitted-beanie-hat\/","url":"https:\/\/sumkcaps.com\/product\/sufox-2935-custom-christmas-knitted-beanie-hat\/","name":"Benutzerdefinierte Weihnachten gestrickt Beanie Hut | China Manufactuer","isPartOf":{"@id":"https:\/\/sumkcaps.com\/#website"},"primaryImageOfPage":{"@id":"https:\/\/sumkcaps.com\/product\/sufox-2935-custom-christmas-knitted-beanie-hat\/#primaryimage"},"image":{"@id":"https:\/\/sumkcaps.com\/product\/sufox-2935-custom-christmas-knitted-beanie-hat\/#primaryimage"},"thumbnailUrl":"https:\/\/sumkcaps.com\/wp-content\/uploads\/2022\/09\/Christmas_Knitted_Beanie_Hat-6.jpg","datePublished":"2022-09-20T02:11:01+00:00","dateModified":"2025-11-05T06:44:46+00:00","description":"Wir widmen uns der Herstellung von Premium Custom Caps, Beanies und Bucket Hats. Aufn\u00e4her verf\u00fcgbar. Viele individuelle Optionen. Schnelle Lieferung. Bestellen Sie noch heute!","breadcrumb":{"@id":"https:\/\/sumkcaps.com\/product\/sufox-2935-custom-christmas-knitted-beanie-hat\/#breadcrumb"},"inLanguage":"de","potentialAction":[{"@type":"ReadAction","target":["https:\/\/sumkcaps.com\/product\/sufox-2935-custom-christmas-knitted-beanie-hat\/"]}]},{"@type":"ImageObject","inLanguage":"de","@id":"https:\/\/sumkcaps.com\/product\/sufox-2935-custom-christmas-knitted-beanie-hat\/#primaryimage","url":"https:\/\/sumkcaps.com\/wp-content\/uploads\/2022\/09\/Christmas_Knitted_Beanie_Hat-6.jpg","contentUrl":"https:\/\/sumkcaps.com\/wp-content\/uploads\/2022\/09\/Christmas_Knitted_Beanie_Hat-6.jpg","width":1000,"height":1000},{"@type":"BreadcrumbList","@id":"https:\/\/sumkcaps.com\/product\/sufox-2935-custom-christmas-knitted-beanie-hat\/#breadcrumb","itemListElement":[{"@type":"ListItem","position":1,"name":"Home","item":"https:\/\/sumkcaps.com\/"},{"@type":"ListItem","position":2,"name":"Products","item":"https:\/\/sumkcaps.com\/product\/"},{"@type":"ListItem","position":3,"name":"Sumkcaps 2935 Custom Christmas Knitted Beanie Hat"}]},{"@type":"WebSite","@id":"https:\/\/sumkcaps.com\/#website","url":"https:\/\/sumkcaps.com\/","name":"Sumkcaps-China Original Kopfbedeckungen Hersteller und Lieferanten","description":"Wir sind China Cap And Hat Original Factory, deren Hauptgesch\u00e4ft ist es, benutzerdefinierte Kappe und Hut als Client &amp; #039; s LOGO. Jede Kappe Stil, jede Kappe Farbe, jede Menge, jedes Material und Menge ist kein Problem. In einem Wort, k\u00f6nnen alle kleinen Details als Ihre Anfrage angepasst werden.","publisher":{"@id":"https:\/\/sumkcaps.com\/#organization"},"potentialAction":[{"@type":"SearchAction","target":{"@type":"EntryPoint","urlTemplate":"https:\/\/sumkcaps.com\/?s={search_term_string}"},"query-input":{"@type":"PropertyValueSpecification","valueRequired":true,"valueName":"search_term_string"}}],"inLanguage":"de"},{"@type":"Organization","@id":"https:\/\/sumkcaps.com\/#organization","name":"Sumkcaps-China Original Kopfbedeckungen Hersteller und Lieferanten","url":"https:\/\/sumkcaps.com\/","logo":{"@type":"ImageObject","inLanguage":"de","@id":"https:\/\/sumkcaps.com\/#\/schema\/logo\/image\/","url":"https:\/\/sumkcaps.com\/wp-content\/uploads\/2025\/12\/1234.jpg","contentUrl":"https:\/\/sumkcaps.com\/wp-content\/uploads\/2025\/12\/1234.jpg","width":800,"height":800,"caption":"Sumkcaps-China Original Headwear Manufacturer and Suppliers"},"image":{"@id":"https:\/\/sumkcaps.com\/#\/schema\/logo\/image\/"},"sameAs":["https:\/\/www.facebook.com\/sumkcap","https:\/\/www.instagram.com\/sumkcaps7\/","https:\/\/www.pinterest.com\/sumkcapschina\/"]}]}},"taxonomy_info":{"product_cat":[{"value":980,"label":"Beanie Hat"},{"value":1035,"label":"PomPom Beanie Hats"},{"value":693,"label":"Hat"}]},"featured_image_src_large":["https:\/\/sumkcaps.com\/wp-content\/uploads\/2022\/09\/Christmas_Knitted_Beanie_Hat-6.jpg",800,800,false],"author_info":[],"comment_info":"","_links":{"self":[{"href":"https:\/\/sumkcaps.com\/de\/wp-json\/wp\/v2\/product\/14992","targetHints":{"allow":["GET"]}}],"collection":[{"href":"https:\/\/sumkcaps.com\/de\/wp-json\/wp\/v2\/product"}],"about":[{"href":"https:\/\/sumkcaps.com\/de\/wp-json\/wp\/v2\/types\/product"}],"wp:featuredmedia":[{"embeddable":true,"href":"https:\/\/sumkcaps.com\/de\/wp-json\/wp\/v2\/media\/14993"}],"wp:attachment":[{"href":"https:\/\/sumkcaps.com\/de\/wp-json\/wp\/v2\/media?parent=14992"}],"wp:term":[{"taxonomy":"product_brand","embeddable":true,"href":"https:\/\/sumkcaps.com\/de\/wp-json\/wp\/v2\/product_brand?post=14992"},{"taxonomy":"product_cat","embeddable":true,"href":"https:\/\/sumkcaps.com\/de\/wp-json\/wp\/v2\/product_cat?post=14992"},{"taxonomy":"product_tag","embeddable":true,"href":"https:\/\/sumkcaps.com\/de\/wp-json\/wp\/v2\/product_tag?post=14992"}],"curies":[{"name":"wp","href":"https:\/\/api.w.org\/{rel}","templated":true}]}}