{"id":14885,"date":"2022-09-19T14:16:58","date_gmt":"2022-09-19T06:16:58","guid":{"rendered":"https:\/\/sumkcaps.com\/?post_type=product&#038;p=14885"},"modified":"2026-04-03T15:23:16","modified_gmt":"2026-04-03T07:23:16","slug":"sufox-2911-custom-red-six-panel-full-embroidered-fitted-snapback-cap","status":"publish","type":"product","link":"https:\/\/sumkcaps.com\/de\/produkt\/sufox-2911-benutzerdefinierte-rot-sechs-panel-voll-bestickt-ausgestattet-snapback-cap\/","title":{"rendered":"Sumkcaps 2911 benutzerdefinierte rote sechs Panel voll bestickt Fitted Snapback Cap"},"content":{"rendered":"<div class=\"flex flex-col text-sm pb-25\">\n<section class=\"text-token-text-primary w-full focus:outline-none [--shadow-height:45px] has-data-writing-block:pointer-events-none has-data-writing-block:-mt-(--shadow-height) has-data-writing-block:pt-(--shadow-height) [&amp;:has([data-writing-block])&gt;*]:pointer-events-auto scroll-mt-[calc(var(--header-height)+min(200px,max(70px,20svh)))]\" dir=\"auto\" data-turn-id=\"request-WEB:bbc05147-6152-4591-8172-cc7c19e1ce4f-6\" data-testid=\"conversation-turn-14\" data-scroll-anchor=\"true\" data-turn=\"assistant\">\n<div class=\"text-base my-auto mx-auto pb-10 [--thread-content-margin:var(--thread-content-margin-xs,calc(var(--spacing)*4))] @w-sm\/main:[--thread-content-margin:var(--thread-content-margin-sm,calc(var(--spacing)*6))] @w-lg\/main:[--thread-content-margin:var(--thread-content-margin-lg,calc(var(--spacing)*16))] px-(--thread-content-margin)\">\n<div class=\"[--thread-content-max-width:40rem] @w-lg\/main:[--thread-content-max-width:48rem] mx-auto max-w-(--thread-content-max-width) flex-1 group\/turn-messages focus-visible:outline-hidden relative flex w-full min-w-0 flex-col agent-turn\">\n<div class=\"flex max-w-full flex-col gap-4 grow\">\n<div class=\"min-h-8 text-message relative flex w-full flex-col items-end gap-2 text-start break-words whitespace-normal outline-none keyboard-focused:focus-ring [.text-message+&amp;]:mt-1\" dir=\"auto\" tabindex=\"0\" data-message-author-role=\"assistant\" data-message-id=\"96376cc3-9682-423a-983c-24deeb4f2b49\" data-message-model-slug=\"gpt-5-3\" data-turn-start-message=\"true\">\n<div class=\"flex w-full flex-col gap-1 empty:hidden\">\n<div class=\"markdown prose dark:prose-invert w-full wrap-break-word light markdown-new-styling\">\n<h3 data-section-id=\"mtqtsz\" data-start=\"126\" data-end=\"159\"><span role=\"text\"><strong data-start=\"130\" data-end=\"157\">Dekoration<\/strong><\/span><\/h3>\n<p data-start=\"160\" data-end=\"444\">Diese Kappe verf\u00fcgt \u00fcber eine Vollstickerei, die sich \u00fcber mehrere Bahnen erstreckt und ein reichhaltiges, detailliertes und auff\u00e4lliges Design liefert. Die N\u00e4hte sind pr\u00e4zise und haltbar und gew\u00e4hrleisten eine langlebige Qualit\u00e4t ohne Ausbleichen oder Ausfransen. Sie ist ideal f\u00fcr auff\u00e4lliges Branding, Teamlogos und hochwertige Streetwear-Kollektionen.<\/p>\n<h3 data-section-id=\"1p2br5x\" data-start=\"451\" data-end=\"484\"><span role=\"text\"><strong data-start=\"455\" data-end=\"482\">Material<\/strong><\/span><\/h3>\n<p data-start=\"485\" data-end=\"755\">Diese aus 100%-Acryl gefertigte M\u00fctze bietet eine hervorragende Haltbarkeit, Struktur und Formbest\u00e4ndigkeit. Das Material ist leicht, knitterfrei und pflegeleicht und eignet sich daher f\u00fcr den t\u00e4glichen Gebrauch, w\u00e4hrend es gleichzeitig ein sauberes und strukturiertes Aussehen beh\u00e4lt.<\/p>\n<h3 data-section-id=\"pu1c0m\" data-start=\"762\" data-end=\"795\"><span role=\"text\"><strong data-start=\"766\" data-end=\"793\">Farbe<\/strong><\/span><\/h3>\n<p data-start=\"796\" data-end=\"1052\">Erh\u00e4ltlich in individuellen Farben, einschlie\u00dflich leuchtendem Rot, erm\u00f6glicht diese Kappe eine starke visuelle Wirkung und einen starken Markenausdruck. Ob f\u00fcr k\u00fchne Statements oder koordinierte Designs, die Farboptionen k\u00f6nnen auf Ihre Markenidentit\u00e4t oder saisonale Themen zugeschnitten werden.<\/p>\n<h3 data-section-id=\"1ujt2bk\" data-start=\"1059\" data-end=\"1098\"><span role=\"text\"><strong data-start=\"1063\" data-end=\"1096\">Passform &amp; Gr\u00f6\u00dfe<\/strong><\/span><\/h3>\n<p data-start=\"1099\" data-end=\"1340\">Diese Kappe ist mit einem verstellbaren Verschluss ausgestattet und bietet eine Einheitsgr\u00f6\u00dfe von 7 bis 7 3\/4. Sie gew\u00e4hrleistet einen bequemen und sicheren Sitz f\u00fcr eine breite Palette von Kopfgr\u00f6\u00dfen und ist damit ideal f\u00fcr die Massenproduktion und verschiedene Kundengruppen.<\/p>\n<h3 data-section-id=\"3asju8\" data-start=\"1347\" data-end=\"1374\"><span role=\"text\"><strong data-start=\"1351\" data-end=\"1372\">Visier<\/strong><\/span><\/h3>\n<p data-start=\"1375\" data-end=\"1607\">Der flache Schirm verleiht der Kappe einen modernen und strukturierten Look, der sich an den aktuellen Streetwear-Trends orientiert. Sie beh\u00e4lt ihre Form \u00fcber die Zeit bei und bietet gleichzeitig einen effektiven Sonnenschutz, der Stil und Funktionalit\u00e4t f\u00fcr den Alltag vereint.<\/p>\n<h3 data-section-id=\"3nymbz\" data-start=\"1614\" data-end=\"1643\"><span role=\"text\"><strong data-start=\"1618\" data-end=\"1641\">Dienst<\/strong><\/span><\/h3>\n<p data-start=\"1644\" data-end=\"1889\">Wir bieten umfassende OEM- und ODM-Dienstleistungen, einschlie\u00dflich kundenspezifischer Logos, Materialien, Farben und Verpackungen. Unser erfahrenes Team arbeitet eng mit den Kunden zusammen, um sicherzustellen, dass jedes Detail den Erwartungen der Marke entspricht - von der Konzeptentwicklung bis zur Endproduktion.<\/p>\n<h3 data-section-id=\"1mx9aa5\" data-start=\"1896\" data-end=\"1921\"><span role=\"text\"><strong data-start=\"1900\" data-end=\"1919\">Durchlaufzeit<\/strong><\/span><\/h3>\n<p data-start=\"1922\" data-end=\"2154\" data-is-last-node=\"\" data-is-only-node=\"\">Unser effizientes Produktionssystem gew\u00e4hrleistet eine schnelle und zuverl\u00e4ssige Lieferung. Muster werden innerhalb von 7-9 Arbeitstagen fertiggestellt, und die Massenproduktion dauert 18-22 Arbeitstage. So k\u00f6nnen Sie enge Zeitpl\u00e4ne einhalten und schnell auf die Marktnachfrage reagieren.<\/p>\n<\/div>\n<\/div>\n<\/div>\n<\/div>\n<\/div>\n<\/div>\n<\/section>\n<\/div>","protected":false},"excerpt":{"rendered":"<p>Sumkcaps 2911 Custom Red Six Panel Full Embroidered Fitted Snapback Cap ist eine der beliebtesten Cap Style, leicht und atmungsaktiv gut. Unsere Snapbacks kommen in einer Vielzahl von Stilen und Farben aus allen Top-Marken.<\/p>","protected":false},"featured_media":14886,"template":"","meta":{"_acf_changed":false,"_kad_blocks_custom_css":"","_kad_blocks_head_custom_js":"","_kad_blocks_body_custom_js":"","_kad_blocks_footer_custom_js":""},"product_brand":[],"product_cat":[42],"product_tag":[],"class_list":{"0":"post-14885","1":"product","2":"type-product","3":"status-publish","4":"has-post-thumbnail","6":"product_cat-snapback-cap","8":"first","9":"outofstock","10":"shipping-taxable","11":"product-type-simple"},"acf":[],"yoast_head":"<!-- This site is optimized with the Yoast SEO Premium plugin v20.8 (Yoast SEO v25.9) - https:\/\/yoast.com\/wordpress\/plugins\/seo\/ -->\n<title>Custom Embroidered Fitted Snapback Cap | China Manufactuer<\/title>\n<meta name=\"description\" content=\"More Than 10 Years Of Experience In The Headwear Industry. Cap Manufacturers.100% Satisfaction Guarantee. Save Your 75% Budget! Quick delivery. Order Today!\" \/>\n<meta name=\"robots\" content=\"index, follow, max-snippet:-1, max-image-preview:large, max-video-preview:-1\" \/>\n<link rel=\"canonical\" href=\"https:\/\/sumkcaps.com\/de\/produkt\/sufox-2911-benutzerdefinierte-rot-sechs-panel-voll-bestickt-ausgestattet-snapback-cap\/\" \/>\n<meta property=\"og:locale\" content=\"de_DE\" \/>\n<meta property=\"og:type\" content=\"article\" \/>\n<meta property=\"og:title\" content=\"Sumkcaps 2911 Custom Red Six Panel Full Embroidered Fitted Snapback Cap - Sumkcaps\" \/>\n<meta property=\"og:description\" content=\"More Than 10 Years Of Experience In The Headwear Industry. Cap Manufacturers.100% Satisfaction Guarantee. Save Your 75% Budget! Quick delivery. Order Today!\" \/>\n<meta property=\"og:url\" content=\"https:\/\/sumkcaps.com\/de\/produkt\/sufox-2911-benutzerdefinierte-rot-sechs-panel-voll-bestickt-ausgestattet-snapback-cap\/\" \/>\n<meta property=\"og:site_name\" content=\"Sumkcaps-China Original Headwear Manufacturer and Suppliers\" \/>\n<meta property=\"article:publisher\" content=\"https:\/\/www.facebook.com\/sumkcap\" \/>\n<meta property=\"article:modified_time\" content=\"2026-04-03T07:23:16+00:00\" \/>\n<meta property=\"og:image\" content=\"https:\/\/sumkcaps.com\/wp-content\/uploads\/2022\/09\/full_embroidery_fitted_hat-1.jpg\" \/>\n\t<meta property=\"og:image:width\" content=\"1000\" \/>\n\t<meta property=\"og:image:height\" content=\"1000\" \/>\n\t<meta property=\"og:image:type\" content=\"image\/jpeg\" \/>\n<meta name=\"twitter:card\" content=\"summary_large_image\" \/>\n<meta name=\"twitter:label1\" content=\"Gesch\u00e4tzte Lesezeit\" \/>\n\t<meta name=\"twitter:data1\" content=\"2\u00a0Minuten\" \/>\n<script type=\"application\/ld+json\" class=\"yoast-schema-graph\">{\"@context\":\"https:\/\/schema.org\",\"@graph\":[{\"@type\":\"WebPage\",\"@id\":\"https:\/\/sumkcaps.com\/product\/sufox-2911-custom-red-six-panel-full-embroidered-fitted-snapback-cap\/\",\"url\":\"https:\/\/sumkcaps.com\/product\/sufox-2911-custom-red-six-panel-full-embroidered-fitted-snapback-cap\/\",\"name\":\"Custom Embroidered Fitted Snapback Cap | China Manufactuer\",\"isPartOf\":{\"@id\":\"https:\/\/sumkcaps.com\/#website\"},\"primaryImageOfPage\":{\"@id\":\"https:\/\/sumkcaps.com\/product\/sufox-2911-custom-red-six-panel-full-embroidered-fitted-snapback-cap\/#primaryimage\"},\"image\":{\"@id\":\"https:\/\/sumkcaps.com\/product\/sufox-2911-custom-red-six-panel-full-embroidered-fitted-snapback-cap\/#primaryimage\"},\"thumbnailUrl\":\"https:\/\/sumkcaps.com\/wp-content\/uploads\/2022\/09\/full_embroidery_fitted_hat-1.jpg\",\"datePublished\":\"2022-09-19T06:16:58+00:00\",\"dateModified\":\"2026-04-03T07:23:16+00:00\",\"description\":\"More Than 10 Years Of Experience In The Headwear Industry. Cap Manufacturers.100% Satisfaction Guarantee. Save Your 75% Budget! Quick delivery. Order Today!\",\"breadcrumb\":{\"@id\":\"https:\/\/sumkcaps.com\/product\/sufox-2911-custom-red-six-panel-full-embroidered-fitted-snapback-cap\/#breadcrumb\"},\"inLanguage\":\"de\",\"potentialAction\":[{\"@type\":\"ReadAction\",\"target\":[\"https:\/\/sumkcaps.com\/product\/sufox-2911-custom-red-six-panel-full-embroidered-fitted-snapback-cap\/\"]}]},{\"@type\":\"ImageObject\",\"inLanguage\":\"de\",\"@id\":\"https:\/\/sumkcaps.com\/product\/sufox-2911-custom-red-six-panel-full-embroidered-fitted-snapback-cap\/#primaryimage\",\"url\":\"https:\/\/sumkcaps.com\/wp-content\/uploads\/2022\/09\/full_embroidery_fitted_hat-1.jpg\",\"contentUrl\":\"https:\/\/sumkcaps.com\/wp-content\/uploads\/2022\/09\/full_embroidery_fitted_hat-1.jpg\",\"width\":1000,\"height\":1000,\"caption\":\"custom full embroidery snapback\"},{\"@type\":\"BreadcrumbList\",\"@id\":\"https:\/\/sumkcaps.com\/product\/sufox-2911-custom-red-six-panel-full-embroidered-fitted-snapback-cap\/#breadcrumb\",\"itemListElement\":[{\"@type\":\"ListItem\",\"position\":1,\"name\":\"Home\",\"item\":\"https:\/\/sumkcaps.com\/\"},{\"@type\":\"ListItem\",\"position\":2,\"name\":\"Products\",\"item\":\"https:\/\/sumkcaps.com\/product\/\"},{\"@type\":\"ListItem\",\"position\":3,\"name\":\"Sumkcaps 2911 Custom Red Six Panel Full Embroidered Fitted Snapback Cap\"}]},{\"@type\":\"WebSite\",\"@id\":\"https:\/\/sumkcaps.com\/#website\",\"url\":\"https:\/\/sumkcaps.com\/\",\"name\":\"Sumkcaps-China Original Headwear Manufacturer and Suppliers\",\"description\":\"We are China Cap And Hat Original Factory, whose main business is to custom cap and hat as client&#039;s LOGO. Any cap style, any cap color, any qty, any material and qty is no problem. In one words, any small details can be customized as your request.\",\"publisher\":{\"@id\":\"https:\/\/sumkcaps.com\/#organization\"},\"potentialAction\":[{\"@type\":\"SearchAction\",\"target\":{\"@type\":\"EntryPoint\",\"urlTemplate\":\"https:\/\/sumkcaps.com\/?s={search_term_string}\"},\"query-input\":{\"@type\":\"PropertyValueSpecification\",\"valueRequired\":true,\"valueName\":\"search_term_string\"}}],\"inLanguage\":\"de\"},{\"@type\":\"Organization\",\"@id\":\"https:\/\/sumkcaps.com\/#organization\",\"name\":\"Sumkcaps-China Original Headwear Manufacturer and Suppliers\",\"url\":\"https:\/\/sumkcaps.com\/\",\"logo\":{\"@type\":\"ImageObject\",\"inLanguage\":\"de\",\"@id\":\"https:\/\/sumkcaps.com\/#\/schema\/logo\/image\/\",\"url\":\"https:\/\/sumkcaps.com\/wp-content\/uploads\/2025\/12\/1234.jpg\",\"contentUrl\":\"https:\/\/sumkcaps.com\/wp-content\/uploads\/2025\/12\/1234.jpg\",\"width\":800,\"height\":800,\"caption\":\"Sumkcaps-China Original Headwear Manufacturer and Suppliers\"},\"image\":{\"@id\":\"https:\/\/sumkcaps.com\/#\/schema\/logo\/image\/\"},\"sameAs\":[\"https:\/\/www.facebook.com\/sumkcap\",\"https:\/\/www.instagram.com\/sumkcaps7\/\",\"https:\/\/www.pinterest.com\/sumkcapschina\/\"]}]}<\/script>\n<!-- \/ Yoast SEO Premium plugin. -->","yoast_head_json":{"title":"Individuell bestickte Fitted Snapback Cap | China Manufactuer","description":"Mehr als 10 Jahre Erfahrung in der Kopfbedeckungsindustrie. Cap Hersteller.100% Zufriedenheitsgarantie. Sparen Sie Ihr 75% Budget! Schnelle Lieferung. Bestellen Sie heute!","robots":{"index":"index","follow":"follow","max-snippet":"max-snippet:-1","max-image-preview":"max-image-preview:large","max-video-preview":"max-video-preview:-1"},"canonical":"https:\/\/sumkcaps.com\/de\/produkt\/sufox-2911-benutzerdefinierte-rot-sechs-panel-voll-bestickt-ausgestattet-snapback-cap\/","og_locale":"de_DE","og_type":"article","og_title":"Sumkcaps 2911 Custom Red Six Panel Full Embroidered Fitted Snapback Cap - Sumkcaps","og_description":"More Than 10 Years Of Experience In The Headwear Industry. Cap Manufacturers.100% Satisfaction Guarantee. Save Your 75% Budget! Quick delivery. Order Today!","og_url":"https:\/\/sumkcaps.com\/de\/produkt\/sufox-2911-benutzerdefinierte-rot-sechs-panel-voll-bestickt-ausgestattet-snapback-cap\/","og_site_name":"Sumkcaps-China Original Headwear Manufacturer and Suppliers","article_publisher":"https:\/\/www.facebook.com\/sumkcap","article_modified_time":"2026-04-03T07:23:16+00:00","og_image":[{"width":1000,"height":1000,"url":"https:\/\/sumkcaps.com\/wp-content\/uploads\/2022\/09\/full_embroidery_fitted_hat-1.jpg","type":"image\/jpeg"}],"twitter_card":"summary_large_image","twitter_misc":{"Gesch\u00e4tzte Lesezeit":"2\u00a0Minuten"},"schema":{"@context":"https:\/\/schema.org","@graph":[{"@type":"WebPage","@id":"https:\/\/sumkcaps.com\/product\/sufox-2911-custom-red-six-panel-full-embroidered-fitted-snapback-cap\/","url":"https:\/\/sumkcaps.com\/product\/sufox-2911-custom-red-six-panel-full-embroidered-fitted-snapback-cap\/","name":"Individuell bestickte Fitted Snapback Cap | China Manufactuer","isPartOf":{"@id":"https:\/\/sumkcaps.com\/#website"},"primaryImageOfPage":{"@id":"https:\/\/sumkcaps.com\/product\/sufox-2911-custom-red-six-panel-full-embroidered-fitted-snapback-cap\/#primaryimage"},"image":{"@id":"https:\/\/sumkcaps.com\/product\/sufox-2911-custom-red-six-panel-full-embroidered-fitted-snapback-cap\/#primaryimage"},"thumbnailUrl":"https:\/\/sumkcaps.com\/wp-content\/uploads\/2022\/09\/full_embroidery_fitted_hat-1.jpg","datePublished":"2022-09-19T06:16:58+00:00","dateModified":"2026-04-03T07:23:16+00:00","description":"Mehr als 10 Jahre Erfahrung in der Kopfbedeckungsindustrie. Cap Hersteller.100% Zufriedenheitsgarantie. Sparen Sie Ihr 75% Budget! Schnelle Lieferung. Bestellen Sie heute!","breadcrumb":{"@id":"https:\/\/sumkcaps.com\/product\/sufox-2911-custom-red-six-panel-full-embroidered-fitted-snapback-cap\/#breadcrumb"},"inLanguage":"de","potentialAction":[{"@type":"ReadAction","target":["https:\/\/sumkcaps.com\/product\/sufox-2911-custom-red-six-panel-full-embroidered-fitted-snapback-cap\/"]}]},{"@type":"ImageObject","inLanguage":"de","@id":"https:\/\/sumkcaps.com\/product\/sufox-2911-custom-red-six-panel-full-embroidered-fitted-snapback-cap\/#primaryimage","url":"https:\/\/sumkcaps.com\/wp-content\/uploads\/2022\/09\/full_embroidery_fitted_hat-1.jpg","contentUrl":"https:\/\/sumkcaps.com\/wp-content\/uploads\/2022\/09\/full_embroidery_fitted_hat-1.jpg","width":1000,"height":1000,"caption":"custom full embroidery snapback"},{"@type":"BreadcrumbList","@id":"https:\/\/sumkcaps.com\/product\/sufox-2911-custom-red-six-panel-full-embroidered-fitted-snapback-cap\/#breadcrumb","itemListElement":[{"@type":"ListItem","position":1,"name":"Home","item":"https:\/\/sumkcaps.com\/"},{"@type":"ListItem","position":2,"name":"Products","item":"https:\/\/sumkcaps.com\/product\/"},{"@type":"ListItem","position":3,"name":"Sumkcaps 2911 Custom Red Six Panel Full Embroidered Fitted Snapback Cap"}]},{"@type":"WebSite","@id":"https:\/\/sumkcaps.com\/#website","url":"https:\/\/sumkcaps.com\/","name":"Sumkcaps-China Original Kopfbedeckungen Hersteller und Lieferanten","description":"Wir sind China Cap And Hat Original Factory, deren Hauptgesch\u00e4ft ist es, benutzerdefinierte Kappe und Hut als Client &amp; #039; s LOGO. Jede Kappe Stil, jede Kappe Farbe, jede Menge, jedes Material und Menge ist kein Problem. In einem Wort, k\u00f6nnen alle kleinen Details als Ihre Anfrage angepasst werden.","publisher":{"@id":"https:\/\/sumkcaps.com\/#organization"},"potentialAction":[{"@type":"SearchAction","target":{"@type":"EntryPoint","urlTemplate":"https:\/\/sumkcaps.com\/?s={search_term_string}"},"query-input":{"@type":"PropertyValueSpecification","valueRequired":true,"valueName":"search_term_string"}}],"inLanguage":"de"},{"@type":"Organization","@id":"https:\/\/sumkcaps.com\/#organization","name":"Sumkcaps-China Original Kopfbedeckungen Hersteller und Lieferanten","url":"https:\/\/sumkcaps.com\/","logo":{"@type":"ImageObject","inLanguage":"de","@id":"https:\/\/sumkcaps.com\/#\/schema\/logo\/image\/","url":"https:\/\/sumkcaps.com\/wp-content\/uploads\/2025\/12\/1234.jpg","contentUrl":"https:\/\/sumkcaps.com\/wp-content\/uploads\/2025\/12\/1234.jpg","width":800,"height":800,"caption":"Sumkcaps-China Original Headwear Manufacturer and Suppliers"},"image":{"@id":"https:\/\/sumkcaps.com\/#\/schema\/logo\/image\/"},"sameAs":["https:\/\/www.facebook.com\/sumkcap","https:\/\/www.instagram.com\/sumkcaps7\/","https:\/\/www.pinterest.com\/sumkcapschina\/"]}]}},"taxonomy_info":{"product_cat":[{"value":42,"label":"Snapback Hats Wholesale"}]},"featured_image_src_large":["https:\/\/sumkcaps.com\/wp-content\/uploads\/2022\/09\/full_embroidery_fitted_hat-1.jpg",800,800,false],"author_info":[],"comment_info":"","_links":{"self":[{"href":"https:\/\/sumkcaps.com\/de\/wp-json\/wp\/v2\/product\/14885","targetHints":{"allow":["GET"]}}],"collection":[{"href":"https:\/\/sumkcaps.com\/de\/wp-json\/wp\/v2\/product"}],"about":[{"href":"https:\/\/sumkcaps.com\/de\/wp-json\/wp\/v2\/types\/product"}],"wp:featuredmedia":[{"embeddable":true,"href":"https:\/\/sumkcaps.com\/de\/wp-json\/wp\/v2\/media\/14886"}],"wp:attachment":[{"href":"https:\/\/sumkcaps.com\/de\/wp-json\/wp\/v2\/media?parent=14885"}],"wp:term":[{"taxonomy":"product_brand","embeddable":true,"href":"https:\/\/sumkcaps.com\/de\/wp-json\/wp\/v2\/product_brand?post=14885"},{"taxonomy":"product_cat","embeddable":true,"href":"https:\/\/sumkcaps.com\/de\/wp-json\/wp\/v2\/product_cat?post=14885"},{"taxonomy":"product_tag","embeddable":true,"href":"https:\/\/sumkcaps.com\/de\/wp-json\/wp\/v2\/product_tag?post=14885"}],"curies":[{"name":"wp","href":"https:\/\/api.w.org\/{rel}","templated":true}]}}