{"id":14861,"date":"2022-09-19T13:18:50","date_gmt":"2022-09-19T05:18:50","guid":{"rendered":"https:\/\/sumkcaps.com\/?post_type=product&#038;p=14861"},"modified":"2025-07-09T15:45:53","modified_gmt":"2025-07-09T07:45:53","slug":"sufox-2916-custom-five-panel-woven-label-full-printing-dad-snapback-cap","status":"publish","type":"product","link":"https:\/\/sumkcaps.com\/de\/produkt\/sufox-2916-benutzerdefinierte-funf-panel-gewebtes-etikett-voller-druck-papa-snapback-cap\/","title":{"rendered":"Sumkcaps 2916 benutzerdefinierte f\u00fcnf Panel gewebtes Etikett voller Druck Vater Snapback Cap"},"content":{"rendered":"<h2 data-start=\"681\" data-end=\"719\"><strong data-start=\"687\" data-end=\"719\">Aufbau: F\u00fcnf-Panel-Design<\/strong><\/h2>\n<p data-start=\"720\" data-end=\"972\">Die <strong data-start=\"724\" data-end=\"751\">F\u00fcnf-Paneel-Konstruktion<\/strong> bietet eine saubere, ununterbrochene Vorderseite - perfekt f\u00fcr die Pr\u00e4sentation voller Drucke und individuell gewebter Etiketten. Diese Struktur spricht sowohl Liebhaber klassischer V\u00e4term\u00fctzen als auch Streetwear-Fans an, die eine frische Interpretation der Snapback suchen.<\/p>\n<h2 data-start=\"974\" data-end=\"1032\"><strong data-start=\"980\" data-end=\"1032\">Dekoration: Vollfl\u00e4chiger Druck + gewebtes Label-Branding<\/strong><\/h2>\n<p data-start=\"1033\" data-end=\"1324\">Diese Kappe bietet <strong data-start=\"1049\" data-end=\"1077\">ganzfl\u00e4chiger individueller Druck<\/strong>Damit k\u00f6nnen Marken die gesamte Oberfl\u00e4che mit einzigartigen Mustern, Tarndrucken, Branding-Elementen oder k\u00fcnstlerischen Designs bedecken. Die <strong data-start=\"1202\" data-end=\"1217\">gewebtes Etikett<\/strong> f\u00fcgt einen zus\u00e4tzlichen Hauch von hochwertigem Branding hinzu, ideal f\u00fcr Logos, Slogans oder komplizierte Designs mit reicher Textur.<\/p>\n<h2 data-start=\"1326\" data-end=\"1376\"><strong data-start=\"1332\" data-end=\"1376\">Material: Strapazierf\u00e4higes Polyester\/Baumwollgemisch<\/strong><\/h2>\n<p data-start=\"1377\" data-end=\"1617\">Hergestellt aus einer <strong data-start=\"1389\" data-end=\"1415\">Polyester\/Baumwollmischung<\/strong>Diese M\u00fctze bietet ein ausgewogenes Verh\u00e4ltnis zwischen Struktur und Komfort. Polyester sorgt f\u00fcr Strapazierf\u00e4higkeit und lebendige Druckergebnisse, w\u00e4hrend Baumwolle f\u00fcr Weichheit und Atmungsaktivit\u00e4t sorgt, wodurch sie sich sowohl f\u00fcr modische als auch f\u00fcr funktionelle Zwecke eignet.<\/p>\n<h2 data-start=\"1619\" data-end=\"1654\"><strong data-start=\"1625\" data-end=\"1654\">Farbe: Vollst\u00e4ndig anpassbar<\/strong><\/h2>\n<p data-start=\"1655\" data-end=\"1869\">Die gesamte Kappe kann <strong data-start=\"1677\" data-end=\"1707\">individuell gef\u00e4rbt und bedruckt<\/strong>und bietet damit endlose kreative M\u00f6glichkeiten. Egal, ob Sie lebendige Muster, Farbverl\u00e4ufe oder markenspezifische Farbpaletten w\u00fcnschen, diese Kappe ist Ihre leere Leinwand.<\/p>\n<h2 data-start=\"1871\" data-end=\"1903\"><strong data-start=\"1877\" data-end=\"1903\">Visier: Flat Bill Stil<\/strong><\/h2>\n<p data-start=\"1904\" data-end=\"2094\">Die <strong data-start=\"1908\" data-end=\"1927\">Flat Bill Visier<\/strong> verbessert die zeitgem\u00e4\u00dfe Snapback-\u00c4sthetik und macht sie zu einem Favoriten unter Hip-Hop-K\u00fcnstlern, Streetwear-Marken und Gelegenheitstr\u00e4gern, die ein gewagtes, aber tragbares Accessoire suchen.<\/p>\n<h2 data-start=\"2096\" data-end=\"2139\"><strong data-start=\"2102\" data-end=\"2139\">MOQ: 200 St\u00fcck pro Design pro Farbe<\/strong><\/h2>\n<p data-start=\"2140\" data-end=\"2279\">A niedrig <strong data-start=\"2146\" data-end=\"2188\">200 St\u00fcck Mindestbestellmenge (MOQ)<\/strong> macht diese Kappe ideal f\u00fcr limitierte Auflagen, Markteinf\u00fchrungen oder Werbegeschenke.<\/p>\n<h2 data-start=\"2281\" data-end=\"2309\"><strong data-start=\"2287\" data-end=\"2309\">Dienstleistung: OEM &amp; ODM<\/strong><\/h2>\n<p data-start=\"2310\" data-end=\"2527\">Sumkcaps bietet vollst\u00e4ndige <strong data-start=\"2331\" data-end=\"2344\">OEM &amp; ODM<\/strong> L\u00f6sungen und unterst\u00fctzt Marken bei der Entwicklung exklusiver Kopfbedeckungen vom Konzept bis zum fertigen Produkt. Ganz gleich, ob Sie diesen Stil modifizieren oder eine v\u00f6llig neue Kappe entwickeln, Sumkcaps hat die L\u00f6sung f\u00fcr Sie.<\/p>","protected":false},"excerpt":{"rendered":"<p>Sumkcaps 2916 Custom Five Panel Woven Label Full Printing Dad Snapback CapIst einer der beliebtesten Cap-Stil, leicht und atmungsaktiv gut. Unsere Snapbacks kommen in einer Vielzahl von Stilen und Farben von allen Top-Marken.<\/p>","protected":false},"featured_media":14862,"template":"","meta":{"_acf_changed":false,"_kad_blocks_custom_css":"","_kad_blocks_head_custom_js":"","_kad_blocks_body_custom_js":"","_kad_blocks_footer_custom_js":""},"product_brand":[],"product_cat":[42],"product_tag":[],"class_list":{"0":"post-14861","1":"product","2":"type-product","3":"status-publish","4":"has-post-thumbnail","6":"product_cat-snapback-cap","8":"first","9":"outofstock","10":"shipping-taxable","11":"product-type-simple"},"acf":[],"yoast_head":"<!-- This site is optimized with the Yoast SEO Premium plugin v20.8 (Yoast SEO v25.9) - https:\/\/yoast.com\/wordpress\/plugins\/seo\/ -->\n<title>Custom Full Printing Dad Snpaback Cap | China Manufactuer<\/title>\n<meta name=\"description\" content=\"We are dedicated to manufacturing Premium Custom Caps, beanies and bucket hats. Patches available. Many custom options. Bulk Discount. Order Today!\" \/>\n<meta name=\"robots\" content=\"index, follow, max-snippet:-1, max-image-preview:large, max-video-preview:-1\" \/>\n<link rel=\"canonical\" href=\"https:\/\/sumkcaps.com\/de\/produkt\/sufox-2916-benutzerdefinierte-funf-panel-gewebtes-etikett-voller-druck-papa-snapback-cap\/\" \/>\n<meta property=\"og:locale\" content=\"de_DE\" \/>\n<meta property=\"og:type\" content=\"article\" \/>\n<meta property=\"og:title\" content=\"Sumkcaps 2916 Custom Five Panel Woven Label Full Printing Dad Snapback Cap - Sumkcaps\" \/>\n<meta property=\"og:description\" content=\"We are dedicated to manufacturing Premium Custom Caps, beanies and bucket hats. Patches available. Many custom options. Bulk Discount. Order Today!\" \/>\n<meta property=\"og:url\" content=\"https:\/\/sumkcaps.com\/de\/produkt\/sufox-2916-benutzerdefinierte-funf-panel-gewebtes-etikett-voller-druck-papa-snapback-cap\/\" \/>\n<meta property=\"og:site_name\" content=\"Sumkcaps-China Original Headwear Manufacturer and Suppliers\" \/>\n<meta property=\"article:publisher\" content=\"https:\/\/www.facebook.com\/sumkcap\" \/>\n<meta property=\"article:modified_time\" content=\"2025-07-09T07:45:53+00:00\" \/>\n<meta property=\"og:image\" content=\"https:\/\/sumkcaps.com\/wp-content\/uploads\/2022\/09\/5_panel_full_printing_dad_snapback_cap-1.jpg\" \/>\n\t<meta property=\"og:image:width\" content=\"1000\" \/>\n\t<meta property=\"og:image:height\" content=\"1000\" \/>\n\t<meta property=\"og:image:type\" content=\"image\/jpeg\" \/>\n<meta name=\"twitter:card\" content=\"summary_large_image\" \/>\n<meta name=\"twitter:label1\" content=\"Gesch\u00e4tzte Lesezeit\" \/>\n\t<meta name=\"twitter:data1\" content=\"2\u00a0Minuten\" \/>\n<script type=\"application\/ld+json\" class=\"yoast-schema-graph\">{\"@context\":\"https:\/\/schema.org\",\"@graph\":[{\"@type\":\"WebPage\",\"@id\":\"https:\/\/sumkcaps.com\/product\/sufox-2916-custom-five-panel-woven-label-full-printing-dad-snapback-cap\/\",\"url\":\"https:\/\/sumkcaps.com\/product\/sufox-2916-custom-five-panel-woven-label-full-printing-dad-snapback-cap\/\",\"name\":\"Custom Full Printing Dad Snpaback Cap | China Manufactuer\",\"isPartOf\":{\"@id\":\"https:\/\/sumkcaps.com\/#website\"},\"primaryImageOfPage\":{\"@id\":\"https:\/\/sumkcaps.com\/product\/sufox-2916-custom-five-panel-woven-label-full-printing-dad-snapback-cap\/#primaryimage\"},\"image\":{\"@id\":\"https:\/\/sumkcaps.com\/product\/sufox-2916-custom-five-panel-woven-label-full-printing-dad-snapback-cap\/#primaryimage\"},\"thumbnailUrl\":\"https:\/\/sumkcaps.com\/wp-content\/uploads\/2022\/09\/5_panel_full_printing_dad_snapback_cap-1.jpg\",\"datePublished\":\"2022-09-19T05:18:50+00:00\",\"dateModified\":\"2025-07-09T07:45:53+00:00\",\"description\":\"We are dedicated to manufacturing Premium Custom Caps, beanies and bucket hats. Patches available. Many custom options. Bulk Discount. Order Today!\",\"breadcrumb\":{\"@id\":\"https:\/\/sumkcaps.com\/product\/sufox-2916-custom-five-panel-woven-label-full-printing-dad-snapback-cap\/#breadcrumb\"},\"inLanguage\":\"de\",\"potentialAction\":[{\"@type\":\"ReadAction\",\"target\":[\"https:\/\/sumkcaps.com\/product\/sufox-2916-custom-five-panel-woven-label-full-printing-dad-snapback-cap\/\"]}]},{\"@type\":\"ImageObject\",\"inLanguage\":\"de\",\"@id\":\"https:\/\/sumkcaps.com\/product\/sufox-2916-custom-five-panel-woven-label-full-printing-dad-snapback-cap\/#primaryimage\",\"url\":\"https:\/\/sumkcaps.com\/wp-content\/uploads\/2022\/09\/5_panel_full_printing_dad_snapback_cap-1.jpg\",\"contentUrl\":\"https:\/\/sumkcaps.com\/wp-content\/uploads\/2022\/09\/5_panel_full_printing_dad_snapback_cap-1.jpg\",\"width\":1000,\"height\":1000,\"caption\":\"custom printing camp cap\"},{\"@type\":\"BreadcrumbList\",\"@id\":\"https:\/\/sumkcaps.com\/product\/sufox-2916-custom-five-panel-woven-label-full-printing-dad-snapback-cap\/#breadcrumb\",\"itemListElement\":[{\"@type\":\"ListItem\",\"position\":1,\"name\":\"Home\",\"item\":\"https:\/\/sumkcaps.com\/\"},{\"@type\":\"ListItem\",\"position\":2,\"name\":\"Products\",\"item\":\"https:\/\/sumkcaps.com\/product\/\"},{\"@type\":\"ListItem\",\"position\":3,\"name\":\"Sumkcaps 2916 Custom Five Panel Woven Label Full Printing Dad Snapback Cap\"}]},{\"@type\":\"WebSite\",\"@id\":\"https:\/\/sumkcaps.com\/#website\",\"url\":\"https:\/\/sumkcaps.com\/\",\"name\":\"Sumkcaps-China Original Headwear Manufacturer and Suppliers\",\"description\":\"We are China Cap And Hat Original Factory, whose main business is to custom cap and hat as client&#039;s LOGO. Any cap style, any cap color, any qty, any material and qty is no problem. In one words, any small details can be customized as your request.\",\"publisher\":{\"@id\":\"https:\/\/sumkcaps.com\/#organization\"},\"potentialAction\":[{\"@type\":\"SearchAction\",\"target\":{\"@type\":\"EntryPoint\",\"urlTemplate\":\"https:\/\/sumkcaps.com\/?s={search_term_string}\"},\"query-input\":{\"@type\":\"PropertyValueSpecification\",\"valueRequired\":true,\"valueName\":\"search_term_string\"}}],\"inLanguage\":\"de\"},{\"@type\":\"Organization\",\"@id\":\"https:\/\/sumkcaps.com\/#organization\",\"name\":\"Sumkcaps-China Original Headwear Manufacturer and Suppliers\",\"url\":\"https:\/\/sumkcaps.com\/\",\"logo\":{\"@type\":\"ImageObject\",\"inLanguage\":\"de\",\"@id\":\"https:\/\/sumkcaps.com\/#\/schema\/logo\/image\/\",\"url\":\"https:\/\/sumkcaps.com\/wp-content\/uploads\/2025\/12\/1234.jpg\",\"contentUrl\":\"https:\/\/sumkcaps.com\/wp-content\/uploads\/2025\/12\/1234.jpg\",\"width\":800,\"height\":800,\"caption\":\"Sumkcaps-China Original Headwear Manufacturer and Suppliers\"},\"image\":{\"@id\":\"https:\/\/sumkcaps.com\/#\/schema\/logo\/image\/\"},\"sameAs\":[\"https:\/\/www.facebook.com\/sumkcap\",\"https:\/\/www.instagram.com\/sumkcaps7\/\",\"https:\/\/www.pinterest.com\/sumkcapschina\/\"]}]}<\/script>\n<!-- \/ Yoast SEO Premium plugin. -->","yoast_head_json":{"title":"Benutzerdefinierte Volldruck Dad Snpaback Cap | China Manufactuer","description":"Wir widmen uns der Herstellung von Premium Custom Caps, Beanies und Bucket Hats. Aufn\u00e4her verf\u00fcgbar. Viele kundenspezifische Optionen. Gro\u00dfmengen-Rabatt. Bestellen Sie noch heute!","robots":{"index":"index","follow":"follow","max-snippet":"max-snippet:-1","max-image-preview":"max-image-preview:large","max-video-preview":"max-video-preview:-1"},"canonical":"https:\/\/sumkcaps.com\/de\/produkt\/sufox-2916-benutzerdefinierte-funf-panel-gewebtes-etikett-voller-druck-papa-snapback-cap\/","og_locale":"de_DE","og_type":"article","og_title":"Sumkcaps 2916 Custom Five Panel Woven Label Full Printing Dad Snapback Cap - Sumkcaps","og_description":"We are dedicated to manufacturing Premium Custom Caps, beanies and bucket hats. Patches available. Many custom options. Bulk Discount. Order Today!","og_url":"https:\/\/sumkcaps.com\/de\/produkt\/sufox-2916-benutzerdefinierte-funf-panel-gewebtes-etikett-voller-druck-papa-snapback-cap\/","og_site_name":"Sumkcaps-China Original Headwear Manufacturer and Suppliers","article_publisher":"https:\/\/www.facebook.com\/sumkcap","article_modified_time":"2025-07-09T07:45:53+00:00","og_image":[{"width":1000,"height":1000,"url":"https:\/\/sumkcaps.com\/wp-content\/uploads\/2022\/09\/5_panel_full_printing_dad_snapback_cap-1.jpg","type":"image\/jpeg"}],"twitter_card":"summary_large_image","twitter_misc":{"Gesch\u00e4tzte Lesezeit":"2\u00a0Minuten"},"schema":{"@context":"https:\/\/schema.org","@graph":[{"@type":"WebPage","@id":"https:\/\/sumkcaps.com\/product\/sufox-2916-custom-five-panel-woven-label-full-printing-dad-snapback-cap\/","url":"https:\/\/sumkcaps.com\/product\/sufox-2916-custom-five-panel-woven-label-full-printing-dad-snapback-cap\/","name":"Benutzerdefinierte Volldruck Dad Snpaback Cap | China Manufactuer","isPartOf":{"@id":"https:\/\/sumkcaps.com\/#website"},"primaryImageOfPage":{"@id":"https:\/\/sumkcaps.com\/product\/sufox-2916-custom-five-panel-woven-label-full-printing-dad-snapback-cap\/#primaryimage"},"image":{"@id":"https:\/\/sumkcaps.com\/product\/sufox-2916-custom-five-panel-woven-label-full-printing-dad-snapback-cap\/#primaryimage"},"thumbnailUrl":"https:\/\/sumkcaps.com\/wp-content\/uploads\/2022\/09\/5_panel_full_printing_dad_snapback_cap-1.jpg","datePublished":"2022-09-19T05:18:50+00:00","dateModified":"2025-07-09T07:45:53+00:00","description":"Wir widmen uns der Herstellung von Premium Custom Caps, Beanies und Bucket Hats. Aufn\u00e4her verf\u00fcgbar. Viele kundenspezifische Optionen. Gro\u00dfmengen-Rabatt. Bestellen Sie noch heute!","breadcrumb":{"@id":"https:\/\/sumkcaps.com\/product\/sufox-2916-custom-five-panel-woven-label-full-printing-dad-snapback-cap\/#breadcrumb"},"inLanguage":"de","potentialAction":[{"@type":"ReadAction","target":["https:\/\/sumkcaps.com\/product\/sufox-2916-custom-five-panel-woven-label-full-printing-dad-snapback-cap\/"]}]},{"@type":"ImageObject","inLanguage":"de","@id":"https:\/\/sumkcaps.com\/product\/sufox-2916-custom-five-panel-woven-label-full-printing-dad-snapback-cap\/#primaryimage","url":"https:\/\/sumkcaps.com\/wp-content\/uploads\/2022\/09\/5_panel_full_printing_dad_snapback_cap-1.jpg","contentUrl":"https:\/\/sumkcaps.com\/wp-content\/uploads\/2022\/09\/5_panel_full_printing_dad_snapback_cap-1.jpg","width":1000,"height":1000,"caption":"custom printing camp cap"},{"@type":"BreadcrumbList","@id":"https:\/\/sumkcaps.com\/product\/sufox-2916-custom-five-panel-woven-label-full-printing-dad-snapback-cap\/#breadcrumb","itemListElement":[{"@type":"ListItem","position":1,"name":"Home","item":"https:\/\/sumkcaps.com\/"},{"@type":"ListItem","position":2,"name":"Products","item":"https:\/\/sumkcaps.com\/product\/"},{"@type":"ListItem","position":3,"name":"Sumkcaps 2916 Custom Five Panel Woven Label Full Printing Dad Snapback Cap"}]},{"@type":"WebSite","@id":"https:\/\/sumkcaps.com\/#website","url":"https:\/\/sumkcaps.com\/","name":"Sumkcaps-China Original Kopfbedeckungen Hersteller und Lieferanten","description":"Wir sind China Cap And Hat Original Factory, deren Hauptgesch\u00e4ft ist es, benutzerdefinierte Kappe und Hut als Client &amp; #039; s LOGO. Jede Kappe Stil, jede Kappe Farbe, jede Menge, jedes Material und Menge ist kein Problem. In einem Wort, k\u00f6nnen alle kleinen Details als Ihre Anfrage angepasst werden.","publisher":{"@id":"https:\/\/sumkcaps.com\/#organization"},"potentialAction":[{"@type":"SearchAction","target":{"@type":"EntryPoint","urlTemplate":"https:\/\/sumkcaps.com\/?s={search_term_string}"},"query-input":{"@type":"PropertyValueSpecification","valueRequired":true,"valueName":"search_term_string"}}],"inLanguage":"de"},{"@type":"Organization","@id":"https:\/\/sumkcaps.com\/#organization","name":"Sumkcaps-China Original Kopfbedeckungen Hersteller und Lieferanten","url":"https:\/\/sumkcaps.com\/","logo":{"@type":"ImageObject","inLanguage":"de","@id":"https:\/\/sumkcaps.com\/#\/schema\/logo\/image\/","url":"https:\/\/sumkcaps.com\/wp-content\/uploads\/2025\/12\/1234.jpg","contentUrl":"https:\/\/sumkcaps.com\/wp-content\/uploads\/2025\/12\/1234.jpg","width":800,"height":800,"caption":"Sumkcaps-China Original Headwear Manufacturer and Suppliers"},"image":{"@id":"https:\/\/sumkcaps.com\/#\/schema\/logo\/image\/"},"sameAs":["https:\/\/www.facebook.com\/sumkcap","https:\/\/www.instagram.com\/sumkcaps7\/","https:\/\/www.pinterest.com\/sumkcapschina\/"]}]}},"taxonomy_info":{"product_cat":[{"value":42,"label":"Snapback Hats Wholesale"}]},"featured_image_src_large":["https:\/\/sumkcaps.com\/wp-content\/uploads\/2022\/09\/5_panel_full_printing_dad_snapback_cap-1.jpg",800,800,false],"author_info":[],"comment_info":"","_links":{"self":[{"href":"https:\/\/sumkcaps.com\/de\/wp-json\/wp\/v2\/product\/14861","targetHints":{"allow":["GET"]}}],"collection":[{"href":"https:\/\/sumkcaps.com\/de\/wp-json\/wp\/v2\/product"}],"about":[{"href":"https:\/\/sumkcaps.com\/de\/wp-json\/wp\/v2\/types\/product"}],"wp:featuredmedia":[{"embeddable":true,"href":"https:\/\/sumkcaps.com\/de\/wp-json\/wp\/v2\/media\/14862"}],"wp:attachment":[{"href":"https:\/\/sumkcaps.com\/de\/wp-json\/wp\/v2\/media?parent=14861"}],"wp:term":[{"taxonomy":"product_brand","embeddable":true,"href":"https:\/\/sumkcaps.com\/de\/wp-json\/wp\/v2\/product_brand?post=14861"},{"taxonomy":"product_cat","embeddable":true,"href":"https:\/\/sumkcaps.com\/de\/wp-json\/wp\/v2\/product_cat?post=14861"},{"taxonomy":"product_tag","embeddable":true,"href":"https:\/\/sumkcaps.com\/de\/wp-json\/wp\/v2\/product_tag?post=14861"}],"curies":[{"name":"wp","href":"https:\/\/api.w.org\/{rel}","templated":true}]}}