{"id":14836,"date":"2022-09-19T11:34:23","date_gmt":"2022-09-19T03:34:23","guid":{"rendered":"https:\/\/sumkcaps.com\/?post_type=product&#038;p=14836"},"modified":"2026-04-03T15:31:42","modified_gmt":"2026-04-03T07:31:42","slug":"sufox-2919-custom-six-panel-sublimation-full-newspaper-printing-snapback-cap","status":"publish","type":"product","link":"https:\/\/sumkcaps.com\/de\/produkt\/sufox-2919-benutzerdefinierte-sechs-panel-sublimation-volle-zeitung-drucken-snapback-cap\/","title":{"rendered":"Sumkcaps 2919 benutzerdefinierte sechs Panel Sublimation volle Zeitung drucken Snapback Cap"},"content":{"rendered":"<div class=\"flex flex-col text-sm pb-25\">\n<section class=\"text-token-text-primary w-full focus:outline-none [--shadow-height:45px] has-data-writing-block:pointer-events-none has-data-writing-block:-mt-(--shadow-height) has-data-writing-block:pt-(--shadow-height) [&amp;:has([data-writing-block])&gt;*]:pointer-events-auto scroll-mt-[calc(var(--header-height)+min(200px,max(70px,20svh)))]\" dir=\"auto\" data-turn-id=\"request-WEB:bbc05147-6152-4591-8172-cc7c19e1ce4f-7\" data-testid=\"conversation-turn-16\" data-scroll-anchor=\"true\" data-turn=\"assistant\">\n<div class=\"text-base my-auto mx-auto pb-10 [--thread-content-margin:var(--thread-content-margin-xs,calc(var(--spacing)*4))] @w-sm\/main:[--thread-content-margin:var(--thread-content-margin-sm,calc(var(--spacing)*6))] @w-lg\/main:[--thread-content-margin:var(--thread-content-margin-lg,calc(var(--spacing)*16))] px-(--thread-content-margin)\">\n<div class=\"[--thread-content-max-width:40rem] @w-lg\/main:[--thread-content-max-width:48rem] mx-auto max-w-(--thread-content-max-width) flex-1 group\/turn-messages focus-visible:outline-hidden relative flex w-full min-w-0 flex-col agent-turn\">\n<div class=\"flex max-w-full flex-col gap-4 grow\">\n<div class=\"min-h-8 text-message relative flex w-full flex-col items-end gap-2 text-start break-words whitespace-normal outline-none keyboard-focused:focus-ring [.text-message+&amp;]:mt-1\" dir=\"auto\" tabindex=\"0\" data-message-author-role=\"assistant\" data-message-id=\"dd038b26-2562-46dc-a21f-d9b28d209f57\" data-message-model-slug=\"gpt-5-3\" data-turn-start-message=\"true\">\n<div class=\"flex w-full flex-col gap-1 empty:hidden\">\n<div class=\"markdown prose dark:prose-invert w-full wrap-break-word light markdown-new-styling\">\n<h3 data-section-id=\"1d2uf3t\" data-start=\"126\" data-end=\"184\"><span role=\"text\"><strong data-start=\"130\" data-end=\"182\">Dekoration<\/strong><\/span><\/h3>\n<p data-start=\"185\" data-end=\"476\">Diese Kappe verf\u00fcgt \u00fcber einen vollfl\u00e4chigen Sublimationsdruck, der lebendige, vollfl\u00e4chige Designs wie Zeitungsgrafiken und komplexe Muster erm\u00f6glicht. Das Druckverfahren sorgt daf\u00fcr, dass die Farben tief in den Stoff eindringen, so dass sie nicht verblassen oder rei\u00dfen und gleichzeitig ein scharfes, hochaufl\u00f6sendes Bild liefern.<\/p>\n<h3 data-section-id=\"kpdawz\" data-start=\"483\" data-end=\"520\"><span role=\"text\"><strong data-start=\"487\" data-end=\"518\">Material<\/strong><\/span><\/h3>\n<p data-start=\"521\" data-end=\"797\">Diese M\u00fctze aus einem Polyester-Baumwoll-Gemisch kombiniert Haltbarkeit mit Komfort. Polyester verbessert die Farbbest\u00e4ndigkeit und die Klarheit des Drucks, w\u00e4hrend Baumwolle f\u00fcr Weichheit und Atmungsaktivit\u00e4t sorgt. Das Ergebnis ist ein ausgewogenes Material, das detaillierte Drucke und bequemes t\u00e4gliches Tragen unterst\u00fctzt.<\/p>\n<h3 data-section-id=\"slu0w9\" data-start=\"804\" data-end=\"832\"><span role=\"text\"><strong data-start=\"808\" data-end=\"830\">Farbe<\/strong><\/span><\/h3>\n<p data-start=\"833\" data-end=\"1108\">Die Kappe unterst\u00fctzt vollst\u00e4ndig kundenspezifische Farbdesigns und ist damit ideal f\u00fcr kreative Konzepte wie Zeitungsdrucke oder k\u00fcnstlerische Muster. Marken k\u00f6nnen unbegrenzte Farbkombinationen und komplizierte Layouts erzielen, so dass jedes St\u00fcck durch ein einzigartiges und auff\u00e4lliges Erscheinungsbild auff\u00e4llt.<\/p>\n<h3 data-section-id=\"1ujt2bk\" data-start=\"1115\" data-end=\"1154\"><span role=\"text\"><strong data-start=\"1119\" data-end=\"1152\">Passform &amp; Gr\u00f6\u00dfe<\/strong><\/span><\/h3>\n<p data-start=\"1155\" data-end=\"1409\">Diese mit einem verstellbaren Snapback-Verschluss ausgestattete Kappe bietet eine Einheitsgr\u00f6\u00dfe von 7 bis 7 3\/4. Sie bietet einen sicheren und bequemen Sitz f\u00fcr eine Vielzahl von Kopfgr\u00f6\u00dfen und eignet sich daher f\u00fcr den Massenvertrieb und verschiedene Kundengruppen.<\/p>\n<h3 data-section-id=\"3asju8\" data-start=\"1416\" data-end=\"1443\"><span role=\"text\"><strong data-start=\"1420\" data-end=\"1441\">Visier<\/strong><\/span><\/h3>\n<p data-start=\"1444\" data-end=\"1675\">Der flache Schirm unterstreicht den modernen, von der Stra\u00dfe inspirierten Look der Kappe. Er beh\u00e4lt seine strukturierte Form \u00fcber die Zeit bei und erg\u00e4nzt das auff\u00e4llige Full-Print-Design, w\u00e4hrend er gleichzeitig praktischen Sonnenschutz f\u00fcr den Alltag im Freien bietet.<\/p>\n<h3 data-section-id=\"3nymbz\" data-start=\"1682\" data-end=\"1711\"><span role=\"text\"><strong data-start=\"1686\" data-end=\"1709\">Dienst<\/strong><\/span><\/h3>\n<p data-start=\"1712\" data-end=\"1959\">Wir bieten umfassende OEM- und ODM-Dienstleistungen und unterst\u00fctzen kundenspezifische Druckvorlagen, Materialien, Farben und Verpackungsl\u00f6sungen. Unser Team sorgt f\u00fcr die pr\u00e4zise Ausf\u00fchrung komplexer Designs und hilft Marken, kreative Ideen effizient in hochwertige Endprodukte umzusetzen.<\/p>\n<h3 data-section-id=\"1mx9aa5\" data-start=\"1966\" data-end=\"1991\"><span role=\"text\"><strong data-start=\"1970\" data-end=\"1989\">Durchlaufzeit<\/strong><\/span><\/h3>\n<p data-start=\"1992\" data-end=\"2229\" data-is-last-node=\"\" data-is-only-node=\"\">Mit einem rationalisierten Produktionsprozess werden Muster innerhalb von 7-9 Arbeitstagen fertiggestellt, und die Massenproduktion dauert 18-22 Arbeitstage. Dank dieser effizienten Bearbeitungszeit k\u00f6nnen Marken enge Fristen einhalten und neue Designs schnell auf den Markt bringen.<\/p>\n<\/div>\n<\/div>\n<\/div>\n<\/div>\n<\/div>\n<\/div>\n<\/section>\n<\/div>","protected":false},"excerpt":{"rendered":"<p>Sumkcaps 2919 Custom Six Panel Sublimation Full Newspaper Printing Snapback Cap ist eine der beliebtesten Cap-Stil, leicht und atmungsaktiv gut. Unsere Snapbacks kommen in einer Vielzahl von Stilen und Farben aus allen Top-Marken.<\/p>","protected":false},"featured_media":14837,"template":"","meta":{"_acf_changed":false,"_kad_blocks_custom_css":"","_kad_blocks_head_custom_js":"","_kad_blocks_body_custom_js":"","_kad_blocks_footer_custom_js":""},"product_brand":[],"product_cat":[42],"product_tag":[],"class_list":{"0":"post-14836","1":"product","2":"type-product","3":"status-publish","4":"has-post-thumbnail","6":"product_cat-snapback-cap","8":"first","9":"outofstock","10":"shipping-taxable","11":"product-type-simple"},"acf":[],"yoast_head":"<!-- This site is optimized with the Yoast SEO Premium plugin v20.8 (Yoast SEO v25.9) - https:\/\/yoast.com\/wordpress\/plugins\/seo\/ -->\n<title>Custom Sublimation Printing Snapback Cap | China Manufactuer<\/title>\n<meta name=\"description\" content=\"Custom Cap, Logo Cap, Brand Caps, Custom Made Snapback Caps, Custom Snapback Baseball Hats. Premium Cap Manufacturer since 2006. Min order 100pcs\" \/>\n<meta name=\"robots\" content=\"index, follow, max-snippet:-1, max-image-preview:large, max-video-preview:-1\" \/>\n<link rel=\"canonical\" href=\"https:\/\/sumkcaps.com\/de\/produkt\/sufox-2919-benutzerdefinierte-sechs-panel-sublimation-volle-zeitung-drucken-snapback-cap\/\" \/>\n<meta property=\"og:locale\" content=\"de_DE\" \/>\n<meta property=\"og:type\" content=\"article\" \/>\n<meta property=\"og:title\" content=\"Sumkcaps 2919 Custom Six Panel Sublimation Full Newspaper Printing Snapback Cap - Sumkcaps\" \/>\n<meta property=\"og:description\" content=\"Custom Cap, Logo Cap, Brand Caps, Custom Made Snapback Caps, Custom Snapback Baseball Hats. Premium Cap Manufacturer since 2006. Min order 100pcs\" \/>\n<meta property=\"og:url\" content=\"https:\/\/sumkcaps.com\/de\/produkt\/sufox-2919-benutzerdefinierte-sechs-panel-sublimation-volle-zeitung-drucken-snapback-cap\/\" \/>\n<meta property=\"og:site_name\" content=\"Sumkcaps-China Original Headwear Manufacturer and Suppliers\" \/>\n<meta property=\"article:publisher\" content=\"https:\/\/www.facebook.com\/sumkcap\" \/>\n<meta property=\"article:modified_time\" content=\"2026-04-03T07:31:42+00:00\" \/>\n<meta property=\"og:image\" content=\"https:\/\/sumkcaps.com\/wp-content\/uploads\/2022\/09\/printing_snapback_cap-1.jpg\" \/>\n\t<meta property=\"og:image:width\" content=\"1000\" \/>\n\t<meta property=\"og:image:height\" content=\"1000\" \/>\n\t<meta property=\"og:image:type\" content=\"image\/jpeg\" \/>\n<meta name=\"twitter:card\" content=\"summary_large_image\" \/>\n<meta name=\"twitter:label1\" content=\"Gesch\u00e4tzte Lesezeit\" \/>\n\t<meta name=\"twitter:data1\" content=\"2\u00a0Minuten\" \/>\n<script type=\"application\/ld+json\" class=\"yoast-schema-graph\">{\"@context\":\"https:\/\/schema.org\",\"@graph\":[{\"@type\":\"WebPage\",\"@id\":\"https:\/\/sumkcaps.com\/product\/sufox-2919-custom-six-panel-sublimation-full-newspaper-printing-snapback-cap\/\",\"url\":\"https:\/\/sumkcaps.com\/product\/sufox-2919-custom-six-panel-sublimation-full-newspaper-printing-snapback-cap\/\",\"name\":\"Custom Sublimation Printing Snapback Cap | China Manufactuer\",\"isPartOf\":{\"@id\":\"https:\/\/sumkcaps.com\/#website\"},\"primaryImageOfPage\":{\"@id\":\"https:\/\/sumkcaps.com\/product\/sufox-2919-custom-six-panel-sublimation-full-newspaper-printing-snapback-cap\/#primaryimage\"},\"image\":{\"@id\":\"https:\/\/sumkcaps.com\/product\/sufox-2919-custom-six-panel-sublimation-full-newspaper-printing-snapback-cap\/#primaryimage\"},\"thumbnailUrl\":\"https:\/\/sumkcaps.com\/wp-content\/uploads\/2022\/09\/printing_snapback_cap-1.jpg\",\"datePublished\":\"2022-09-19T03:34:23+00:00\",\"dateModified\":\"2026-04-03T07:31:42+00:00\",\"description\":\"Custom Cap, Logo Cap, Brand Caps, Custom Made Snapback Caps, Custom Snapback Baseball Hats. Premium Cap Manufacturer since 2006. Min order 100pcs\",\"breadcrumb\":{\"@id\":\"https:\/\/sumkcaps.com\/product\/sufox-2919-custom-six-panel-sublimation-full-newspaper-printing-snapback-cap\/#breadcrumb\"},\"inLanguage\":\"de\",\"potentialAction\":[{\"@type\":\"ReadAction\",\"target\":[\"https:\/\/sumkcaps.com\/product\/sufox-2919-custom-six-panel-sublimation-full-newspaper-printing-snapback-cap\/\"]}]},{\"@type\":\"ImageObject\",\"inLanguage\":\"de\",\"@id\":\"https:\/\/sumkcaps.com\/product\/sufox-2919-custom-six-panel-sublimation-full-newspaper-printing-snapback-cap\/#primaryimage\",\"url\":\"https:\/\/sumkcaps.com\/wp-content\/uploads\/2022\/09\/printing_snapback_cap-1.jpg\",\"contentUrl\":\"https:\/\/sumkcaps.com\/wp-content\/uploads\/2022\/09\/printing_snapback_cap-1.jpg\",\"width\":1000,\"height\":1000},{\"@type\":\"BreadcrumbList\",\"@id\":\"https:\/\/sumkcaps.com\/product\/sufox-2919-custom-six-panel-sublimation-full-newspaper-printing-snapback-cap\/#breadcrumb\",\"itemListElement\":[{\"@type\":\"ListItem\",\"position\":1,\"name\":\"Home\",\"item\":\"https:\/\/sumkcaps.com\/\"},{\"@type\":\"ListItem\",\"position\":2,\"name\":\"Products\",\"item\":\"https:\/\/sumkcaps.com\/product\/\"},{\"@type\":\"ListItem\",\"position\":3,\"name\":\"Sumkcaps 2919 Custom Six Panel Sublimation Full Newspaper Printing Snapback Cap\"}]},{\"@type\":\"WebSite\",\"@id\":\"https:\/\/sumkcaps.com\/#website\",\"url\":\"https:\/\/sumkcaps.com\/\",\"name\":\"Sumkcaps-China Original Headwear Manufacturer and Suppliers\",\"description\":\"We are China Cap And Hat Original Factory, whose main business is to custom cap and hat as client&#039;s LOGO. Any cap style, any cap color, any qty, any material and qty is no problem. In one words, any small details can be customized as your request.\",\"publisher\":{\"@id\":\"https:\/\/sumkcaps.com\/#organization\"},\"potentialAction\":[{\"@type\":\"SearchAction\",\"target\":{\"@type\":\"EntryPoint\",\"urlTemplate\":\"https:\/\/sumkcaps.com\/?s={search_term_string}\"},\"query-input\":{\"@type\":\"PropertyValueSpecification\",\"valueRequired\":true,\"valueName\":\"search_term_string\"}}],\"inLanguage\":\"de\"},{\"@type\":\"Organization\",\"@id\":\"https:\/\/sumkcaps.com\/#organization\",\"name\":\"Sumkcaps-China Original Headwear Manufacturer and Suppliers\",\"url\":\"https:\/\/sumkcaps.com\/\",\"logo\":{\"@type\":\"ImageObject\",\"inLanguage\":\"de\",\"@id\":\"https:\/\/sumkcaps.com\/#\/schema\/logo\/image\/\",\"url\":\"https:\/\/sumkcaps.com\/wp-content\/uploads\/2025\/12\/1234.jpg\",\"contentUrl\":\"https:\/\/sumkcaps.com\/wp-content\/uploads\/2025\/12\/1234.jpg\",\"width\":800,\"height\":800,\"caption\":\"Sumkcaps-China Original Headwear Manufacturer and Suppliers\"},\"image\":{\"@id\":\"https:\/\/sumkcaps.com\/#\/schema\/logo\/image\/\"},\"sameAs\":[\"https:\/\/www.facebook.com\/sumkcap\",\"https:\/\/www.instagram.com\/sumkcaps7\/\",\"https:\/\/www.pinterest.com\/sumkcapschina\/\"]}]}<\/script>\n<!-- \/ Yoast SEO Premium plugin. -->","yoast_head_json":{"title":"Benutzerdefinierte Sublimation Druck Snapback Cap | China Manufactuer","description":"Custom Cap, Logo Cap, Brand Caps, Custom Made Snapback Caps, Custom Snapback Baseball Hats. Premium Cap Hersteller seit 2006. Min Bestellung 100pcs","robots":{"index":"index","follow":"follow","max-snippet":"max-snippet:-1","max-image-preview":"max-image-preview:large","max-video-preview":"max-video-preview:-1"},"canonical":"https:\/\/sumkcaps.com\/de\/produkt\/sufox-2919-benutzerdefinierte-sechs-panel-sublimation-volle-zeitung-drucken-snapback-cap\/","og_locale":"de_DE","og_type":"article","og_title":"Sumkcaps 2919 Custom Six Panel Sublimation Full Newspaper Printing Snapback Cap - Sumkcaps","og_description":"Custom Cap, Logo Cap, Brand Caps, Custom Made Snapback Caps, Custom Snapback Baseball Hats. Premium Cap Manufacturer since 2006. Min order 100pcs","og_url":"https:\/\/sumkcaps.com\/de\/produkt\/sufox-2919-benutzerdefinierte-sechs-panel-sublimation-volle-zeitung-drucken-snapback-cap\/","og_site_name":"Sumkcaps-China Original Headwear Manufacturer and Suppliers","article_publisher":"https:\/\/www.facebook.com\/sumkcap","article_modified_time":"2026-04-03T07:31:42+00:00","og_image":[{"width":1000,"height":1000,"url":"https:\/\/sumkcaps.com\/wp-content\/uploads\/2022\/09\/printing_snapback_cap-1.jpg","type":"image\/jpeg"}],"twitter_card":"summary_large_image","twitter_misc":{"Gesch\u00e4tzte Lesezeit":"2\u00a0Minuten"},"schema":{"@context":"https:\/\/schema.org","@graph":[{"@type":"WebPage","@id":"https:\/\/sumkcaps.com\/product\/sufox-2919-custom-six-panel-sublimation-full-newspaper-printing-snapback-cap\/","url":"https:\/\/sumkcaps.com\/product\/sufox-2919-custom-six-panel-sublimation-full-newspaper-printing-snapback-cap\/","name":"Benutzerdefinierte Sublimation Druck Snapback Cap | China Manufactuer","isPartOf":{"@id":"https:\/\/sumkcaps.com\/#website"},"primaryImageOfPage":{"@id":"https:\/\/sumkcaps.com\/product\/sufox-2919-custom-six-panel-sublimation-full-newspaper-printing-snapback-cap\/#primaryimage"},"image":{"@id":"https:\/\/sumkcaps.com\/product\/sufox-2919-custom-six-panel-sublimation-full-newspaper-printing-snapback-cap\/#primaryimage"},"thumbnailUrl":"https:\/\/sumkcaps.com\/wp-content\/uploads\/2022\/09\/printing_snapback_cap-1.jpg","datePublished":"2022-09-19T03:34:23+00:00","dateModified":"2026-04-03T07:31:42+00:00","description":"Custom Cap, Logo Cap, Brand Caps, Custom Made Snapback Caps, Custom Snapback Baseball Hats. Premium Cap Hersteller seit 2006. Min Bestellung 100pcs","breadcrumb":{"@id":"https:\/\/sumkcaps.com\/product\/sufox-2919-custom-six-panel-sublimation-full-newspaper-printing-snapback-cap\/#breadcrumb"},"inLanguage":"de","potentialAction":[{"@type":"ReadAction","target":["https:\/\/sumkcaps.com\/product\/sufox-2919-custom-six-panel-sublimation-full-newspaper-printing-snapback-cap\/"]}]},{"@type":"ImageObject","inLanguage":"de","@id":"https:\/\/sumkcaps.com\/product\/sufox-2919-custom-six-panel-sublimation-full-newspaper-printing-snapback-cap\/#primaryimage","url":"https:\/\/sumkcaps.com\/wp-content\/uploads\/2022\/09\/printing_snapback_cap-1.jpg","contentUrl":"https:\/\/sumkcaps.com\/wp-content\/uploads\/2022\/09\/printing_snapback_cap-1.jpg","width":1000,"height":1000},{"@type":"BreadcrumbList","@id":"https:\/\/sumkcaps.com\/product\/sufox-2919-custom-six-panel-sublimation-full-newspaper-printing-snapback-cap\/#breadcrumb","itemListElement":[{"@type":"ListItem","position":1,"name":"Home","item":"https:\/\/sumkcaps.com\/"},{"@type":"ListItem","position":2,"name":"Products","item":"https:\/\/sumkcaps.com\/product\/"},{"@type":"ListItem","position":3,"name":"Sumkcaps 2919 Custom Six Panel Sublimation Full Newspaper Printing Snapback Cap"}]},{"@type":"WebSite","@id":"https:\/\/sumkcaps.com\/#website","url":"https:\/\/sumkcaps.com\/","name":"Sumkcaps-China Original Kopfbedeckungen Hersteller und Lieferanten","description":"Wir sind China Cap And Hat Original Factory, deren Hauptgesch\u00e4ft ist es, benutzerdefinierte Kappe und Hut als Client &amp; #039; s LOGO. Jede Kappe Stil, jede Kappe Farbe, jede Menge, jedes Material und Menge ist kein Problem. In einem Wort, k\u00f6nnen alle kleinen Details als Ihre Anfrage angepasst werden.","publisher":{"@id":"https:\/\/sumkcaps.com\/#organization"},"potentialAction":[{"@type":"SearchAction","target":{"@type":"EntryPoint","urlTemplate":"https:\/\/sumkcaps.com\/?s={search_term_string}"},"query-input":{"@type":"PropertyValueSpecification","valueRequired":true,"valueName":"search_term_string"}}],"inLanguage":"de"},{"@type":"Organization","@id":"https:\/\/sumkcaps.com\/#organization","name":"Sumkcaps-China Original Kopfbedeckungen Hersteller und Lieferanten","url":"https:\/\/sumkcaps.com\/","logo":{"@type":"ImageObject","inLanguage":"de","@id":"https:\/\/sumkcaps.com\/#\/schema\/logo\/image\/","url":"https:\/\/sumkcaps.com\/wp-content\/uploads\/2025\/12\/1234.jpg","contentUrl":"https:\/\/sumkcaps.com\/wp-content\/uploads\/2025\/12\/1234.jpg","width":800,"height":800,"caption":"Sumkcaps-China Original Headwear Manufacturer and Suppliers"},"image":{"@id":"https:\/\/sumkcaps.com\/#\/schema\/logo\/image\/"},"sameAs":["https:\/\/www.facebook.com\/sumkcap","https:\/\/www.instagram.com\/sumkcaps7\/","https:\/\/www.pinterest.com\/sumkcapschina\/"]}]}},"taxonomy_info":{"product_cat":[{"value":42,"label":"Snapback Hats Wholesale"}]},"featured_image_src_large":["https:\/\/sumkcaps.com\/wp-content\/uploads\/2022\/09\/printing_snapback_cap-1.jpg",800,800,false],"author_info":[],"comment_info":"","_links":{"self":[{"href":"https:\/\/sumkcaps.com\/de\/wp-json\/wp\/v2\/product\/14836","targetHints":{"allow":["GET"]}}],"collection":[{"href":"https:\/\/sumkcaps.com\/de\/wp-json\/wp\/v2\/product"}],"about":[{"href":"https:\/\/sumkcaps.com\/de\/wp-json\/wp\/v2\/types\/product"}],"wp:featuredmedia":[{"embeddable":true,"href":"https:\/\/sumkcaps.com\/de\/wp-json\/wp\/v2\/media\/14837"}],"wp:attachment":[{"href":"https:\/\/sumkcaps.com\/de\/wp-json\/wp\/v2\/media?parent=14836"}],"wp:term":[{"taxonomy":"product_brand","embeddable":true,"href":"https:\/\/sumkcaps.com\/de\/wp-json\/wp\/v2\/product_brand?post=14836"},{"taxonomy":"product_cat","embeddable":true,"href":"https:\/\/sumkcaps.com\/de\/wp-json\/wp\/v2\/product_cat?post=14836"},{"taxonomy":"product_tag","embeddable":true,"href":"https:\/\/sumkcaps.com\/de\/wp-json\/wp\/v2\/product_tag?post=14836"}],"curies":[{"name":"wp","href":"https:\/\/api.w.org\/{rel}","templated":true}]}}