{"id":116,"date":"2021-07-03T10:56:35","date_gmt":"2021-07-03T02:56:35","guid":{"rendered":"https:\/\/sumkcaps.com\/?post_type=product&#038;p=116"},"modified":"2025-08-14T11:03:42","modified_gmt":"2025-08-14T03:03:42","slug":"5-panel-earflap-trapper-baseball-cap-winter-hat","status":"publish","type":"product","link":"https:\/\/sumkcaps.com\/de\/produkt\/5-panel-ohrenklappe-trapper-baseballmutze-wintermutze\/","title":{"rendered":"5 Panel Ohrenklappe Trapper Baseballm\u00fctze Winterm\u00fctze"},"content":{"rendered":"<h2>1. Ausf\u00fchrliche Beschreibung\uff1a<\/h2>\n<p>Diese <span style=\"color: #000000;\"><a style=\"color: #000000;\" href=\"https:\/\/sumkcaps.com\/product\/5-panel-earflap-trapper-baseball-cap-winter-hat\/\"><strong data-start=\"106\" data-end=\"130\">Trapperhut aus Kord<\/strong><\/a> <\/span>kombiniert klassische Winterw\u00e4rme mit einem modernen Twist. Gefertigt aus <strong data-start=\"196\" data-end=\"230\">hochwertiges Kordmaterial<\/strong>Es bietet Haltbarkeit und ein weiches, komfortables Gef\u00fchl. Die <strong data-start=\"287\" data-end=\"310\">Camo-Ohrenklappen-Design<\/strong> sorgt nicht nur f\u00fcr einen robusten Outdoor-Stil, sondern bietet auch eine hervorragende Abdeckung, um Kopf und Ohren bei kaltem Wetter warm zu halten. Entworfen mit einem <strong data-start=\"453\" data-end=\"481\">Krone im Stil einer Baseballkappe<\/strong>Er bietet einen modernen, modischen Look und gleichzeitig den praktischen Schutz eines Trapperhuts.<\/p>\n<h2>2. Stoff:<\/h2>\n<p>Wir haben verschiedene Stoffe, Baumwolle, Acryl, Camo-Stoff, Mesh-Stoff, gemusterte Stoffe, Schlangenleder, Leopardenleder, und so weiter, k\u00f6nnen Sie w\u00e4hlen, die Sie m\u00f6gen, um die Kappe zu tun.<\/p>\n<h2>3. Farbe:<\/h2>\n<p>Wir k\u00f6nnen die Farbe so gestalten, wie Sie es w\u00fcnschen.<\/p>\n<h2>4. Gr\u00f6\u00dfe:<\/h2>\n<p>Gr\u00f6\u00dfe Kann die Gr\u00f6\u00dfe, wie Sie wollen.<\/p>\n<h2>5. Spitzenwert:<\/h2>\n<p>Der Schirm kann ein gebogener Schirm oder ein flacher Schirm sein. Kann Stickerei oder drucken Sie Ihr Logo auf der Spitze auch.<\/p>\n<p>Die Spitze kann rund sein und auch quadratisch sein.<\/p>\n<h2>6. Logo\uff1a<\/h2>\n<p>Das Logo kann gestickt, gedruckt oder aufgesetzt sein.<\/p>\n<h2>7. R\u00fcckenverschluss \uff1a<\/h2>\n<p>Der hintere Verschluss kann mit Schnappverschluss, geschlossen, mit Flex-Fit oder mit einem Lederband versehen sein.<\/p>\n<h2>8. MOQ\uff1a<\/h2>\n<p>Unser MOQ ist 200pcs Stil\/Farbe<\/p>\n<h2>9 Zahlungsarten<\/h2>\n<p>F\u00fcr die Zahlung akzeptieren wir Western Union; Money Gram; TT etc.<\/p>\n<p>F\u00fcr Probe, k\u00f6nnen wir PayPal akzeptieren.<\/p>\n<h2>10.Versandzeit<\/h2>\n<p>Die Produktion ben\u00f6tigen wir 15-18 Arbeitstage f\u00fcr die Menge unter 5000pcs<br \/>\nF\u00fcr das Muster ben\u00f6tigen wir in der Regel 5-7 Arbeitstage, um es fertigzustellen.<\/p>\n<p>&nbsp;<\/p>","protected":false},"excerpt":{"rendered":"<p>Die Trapperm\u00fctze ist aus hochwertigem Cordmaterial gefertigt, das Camo-Ohrenklappen-Design h\u00e4lt den Kopf warm und die Baseballm\u00fctze sieht modern und modisch aus.<\/p>","protected":false},"featured_media":117,"template":"","meta":{"_acf_changed":false,"_kad_blocks_custom_css":"","_kad_blocks_head_custom_js":"","_kad_blocks_body_custom_js":"","_kad_blocks_footer_custom_js":""},"product_brand":[],"product_cat":[70],"product_tag":[],"class_list":{"0":"post-116","1":"product","2":"type-product","3":"status-publish","4":"has-post-thumbnail","6":"product_cat-trapper-hat","8":"first","9":"outofstock","10":"shipping-taxable","11":"product-type-simple"},"acf":[],"yoast_head":"<!-- This site is optimized with the Yoast SEO Premium plugin v20.8 (Yoast SEO v25.9) - https:\/\/yoast.com\/wordpress\/plugins\/seo\/ -->\n<title>5 Panel Earflap Trapper Baseball Cap Winter Hat - Sumkcaps<\/title>\n<meta name=\"robots\" content=\"index, follow, max-snippet:-1, max-image-preview:large, max-video-preview:-1\" \/>\n<link rel=\"canonical\" href=\"https:\/\/sumkcaps.com\/de\/produkt\/5-panel-ohrenklappe-trapper-baseballmutze-wintermutze\/\" \/>\n<meta property=\"og:locale\" content=\"de_DE\" \/>\n<meta property=\"og:type\" content=\"article\" \/>\n<meta property=\"og:title\" content=\"5 Panel Earflap Trapper Baseball Cap Winter Hat - Sumkcaps\" \/>\n<meta property=\"og:description\" content=\"Trapper hat made of high quality corduroy material, meanwhile camo earflap design keep your head warm; and baseball cap looks keep your modern and fashional.\" \/>\n<meta property=\"og:url\" content=\"https:\/\/sumkcaps.com\/de\/produkt\/5-panel-ohrenklappe-trapper-baseballmutze-wintermutze\/\" \/>\n<meta property=\"og:site_name\" content=\"Sumkcaps-China Original Headwear Manufacturer and Suppliers\" \/>\n<meta property=\"article:publisher\" content=\"https:\/\/www.facebook.com\/sumkcap\" \/>\n<meta property=\"article:modified_time\" content=\"2025-08-14T03:03:42+00:00\" \/>\n<meta property=\"og:image\" content=\"https:\/\/sumkcaps.com\/wp-content\/uploads\/2021\/07\/Hat5_900x.jpg\" \/>\n\t<meta property=\"og:image:width\" content=\"900\" \/>\n\t<meta property=\"og:image:height\" content=\"900\" \/>\n\t<meta property=\"og:image:type\" content=\"image\/jpeg\" \/>\n<meta name=\"twitter:card\" content=\"summary_large_image\" \/>\n<meta name=\"twitter:label1\" content=\"Gesch\u00e4tzte Lesezeit\" \/>\n\t<meta name=\"twitter:data1\" content=\"2\u00a0Minuten\" \/>\n<script type=\"application\/ld+json\" class=\"yoast-schema-graph\">{\"@context\":\"https:\/\/schema.org\",\"@graph\":[{\"@type\":\"WebPage\",\"@id\":\"https:\/\/sumkcaps.com\/product\/5-panel-earflap-trapper-baseball-cap-winter-hat\/\",\"url\":\"https:\/\/sumkcaps.com\/product\/5-panel-earflap-trapper-baseball-cap-winter-hat\/\",\"name\":\"5 Panel Earflap Trapper Baseball Cap Winter Hat - Sumkcaps\",\"isPartOf\":{\"@id\":\"https:\/\/sumkcaps.com\/#website\"},\"primaryImageOfPage\":{\"@id\":\"https:\/\/sumkcaps.com\/product\/5-panel-earflap-trapper-baseball-cap-winter-hat\/#primaryimage\"},\"image\":{\"@id\":\"https:\/\/sumkcaps.com\/product\/5-panel-earflap-trapper-baseball-cap-winter-hat\/#primaryimage\"},\"thumbnailUrl\":\"https:\/\/sumkcaps.com\/wp-content\/uploads\/2021\/07\/Hat5_900x.jpg\",\"datePublished\":\"2021-07-03T02:56:35+00:00\",\"dateModified\":\"2025-08-14T03:03:42+00:00\",\"breadcrumb\":{\"@id\":\"https:\/\/sumkcaps.com\/product\/5-panel-earflap-trapper-baseball-cap-winter-hat\/#breadcrumb\"},\"inLanguage\":\"de\",\"potentialAction\":[{\"@type\":\"ReadAction\",\"target\":[\"https:\/\/sumkcaps.com\/product\/5-panel-earflap-trapper-baseball-cap-winter-hat\/\"]}]},{\"@type\":\"ImageObject\",\"inLanguage\":\"de\",\"@id\":\"https:\/\/sumkcaps.com\/product\/5-panel-earflap-trapper-baseball-cap-winter-hat\/#primaryimage\",\"url\":\"https:\/\/sumkcaps.com\/wp-content\/uploads\/2021\/07\/Hat5_900x.jpg\",\"contentUrl\":\"https:\/\/sumkcaps.com\/wp-content\/uploads\/2021\/07\/Hat5_900x.jpg\",\"width\":900,\"height\":900},{\"@type\":\"BreadcrumbList\",\"@id\":\"https:\/\/sumkcaps.com\/product\/5-panel-earflap-trapper-baseball-cap-winter-hat\/#breadcrumb\",\"itemListElement\":[{\"@type\":\"ListItem\",\"position\":1,\"name\":\"Home\",\"item\":\"https:\/\/sumkcaps.com\/\"},{\"@type\":\"ListItem\",\"position\":2,\"name\":\"Products\",\"item\":\"https:\/\/sumkcaps.com\/product\/\"},{\"@type\":\"ListItem\",\"position\":3,\"name\":\"5 Panel Earflap Trapper Baseball Cap Winter Hat\"}]},{\"@type\":\"WebSite\",\"@id\":\"https:\/\/sumkcaps.com\/#website\",\"url\":\"https:\/\/sumkcaps.com\/\",\"name\":\"Sumkcaps-China Original Headwear Manufacturer and Suppliers\",\"description\":\"We are China Cap And Hat Original Factory, whose main business is to custom cap and hat as client&#039;s LOGO. Any cap style, any cap color, any qty, any material and qty is no problem. In one words, any small details can be customized as your request.\",\"publisher\":{\"@id\":\"https:\/\/sumkcaps.com\/#organization\"},\"potentialAction\":[{\"@type\":\"SearchAction\",\"target\":{\"@type\":\"EntryPoint\",\"urlTemplate\":\"https:\/\/sumkcaps.com\/?s={search_term_string}\"},\"query-input\":{\"@type\":\"PropertyValueSpecification\",\"valueRequired\":true,\"valueName\":\"search_term_string\"}}],\"inLanguage\":\"de\"},{\"@type\":\"Organization\",\"@id\":\"https:\/\/sumkcaps.com\/#organization\",\"name\":\"Sumkcaps-China Original Headwear Manufacturer and Suppliers\",\"url\":\"https:\/\/sumkcaps.com\/\",\"logo\":{\"@type\":\"ImageObject\",\"inLanguage\":\"de\",\"@id\":\"https:\/\/sumkcaps.com\/#\/schema\/logo\/image\/\",\"url\":\"https:\/\/sumkcaps.com\/wp-content\/uploads\/2025\/12\/1234.jpg\",\"contentUrl\":\"https:\/\/sumkcaps.com\/wp-content\/uploads\/2025\/12\/1234.jpg\",\"width\":800,\"height\":800,\"caption\":\"Sumkcaps-China Original Headwear Manufacturer and Suppliers\"},\"image\":{\"@id\":\"https:\/\/sumkcaps.com\/#\/schema\/logo\/image\/\"},\"sameAs\":[\"https:\/\/www.facebook.com\/sumkcap\",\"https:\/\/www.instagram.com\/sumkcaps7\/\",\"https:\/\/www.pinterest.com\/sumkcapschina\/\"]}]}<\/script>\n<!-- \/ Yoast SEO Premium plugin. -->","yoast_head_json":{"title":"5 Panel Ohrenklappe Trapper Baseballm\u00fctze Winterm\u00fctze - Sumkcaps","robots":{"index":"index","follow":"follow","max-snippet":"max-snippet:-1","max-image-preview":"max-image-preview:large","max-video-preview":"max-video-preview:-1"},"canonical":"https:\/\/sumkcaps.com\/de\/produkt\/5-panel-ohrenklappe-trapper-baseballmutze-wintermutze\/","og_locale":"de_DE","og_type":"article","og_title":"5 Panel Earflap Trapper Baseball Cap Winter Hat - Sumkcaps","og_description":"Trapper hat made of high quality corduroy material, meanwhile camo earflap design keep your head warm; and baseball cap looks keep your modern and fashional.","og_url":"https:\/\/sumkcaps.com\/de\/produkt\/5-panel-ohrenklappe-trapper-baseballmutze-wintermutze\/","og_site_name":"Sumkcaps-China Original Headwear Manufacturer and Suppliers","article_publisher":"https:\/\/www.facebook.com\/sumkcap","article_modified_time":"2025-08-14T03:03:42+00:00","og_image":[{"width":900,"height":900,"url":"https:\/\/sumkcaps.com\/wp-content\/uploads\/2021\/07\/Hat5_900x.jpg","type":"image\/jpeg"}],"twitter_card":"summary_large_image","twitter_misc":{"Gesch\u00e4tzte Lesezeit":"2\u00a0Minuten"},"schema":{"@context":"https:\/\/schema.org","@graph":[{"@type":"WebPage","@id":"https:\/\/sumkcaps.com\/product\/5-panel-earflap-trapper-baseball-cap-winter-hat\/","url":"https:\/\/sumkcaps.com\/product\/5-panel-earflap-trapper-baseball-cap-winter-hat\/","name":"5 Panel Ohrenklappe Trapper Baseballm\u00fctze Winterm\u00fctze - Sumkcaps","isPartOf":{"@id":"https:\/\/sumkcaps.com\/#website"},"primaryImageOfPage":{"@id":"https:\/\/sumkcaps.com\/product\/5-panel-earflap-trapper-baseball-cap-winter-hat\/#primaryimage"},"image":{"@id":"https:\/\/sumkcaps.com\/product\/5-panel-earflap-trapper-baseball-cap-winter-hat\/#primaryimage"},"thumbnailUrl":"https:\/\/sumkcaps.com\/wp-content\/uploads\/2021\/07\/Hat5_900x.jpg","datePublished":"2021-07-03T02:56:35+00:00","dateModified":"2025-08-14T03:03:42+00:00","breadcrumb":{"@id":"https:\/\/sumkcaps.com\/product\/5-panel-earflap-trapper-baseball-cap-winter-hat\/#breadcrumb"},"inLanguage":"de","potentialAction":[{"@type":"ReadAction","target":["https:\/\/sumkcaps.com\/product\/5-panel-earflap-trapper-baseball-cap-winter-hat\/"]}]},{"@type":"ImageObject","inLanguage":"de","@id":"https:\/\/sumkcaps.com\/product\/5-panel-earflap-trapper-baseball-cap-winter-hat\/#primaryimage","url":"https:\/\/sumkcaps.com\/wp-content\/uploads\/2021\/07\/Hat5_900x.jpg","contentUrl":"https:\/\/sumkcaps.com\/wp-content\/uploads\/2021\/07\/Hat5_900x.jpg","width":900,"height":900},{"@type":"BreadcrumbList","@id":"https:\/\/sumkcaps.com\/product\/5-panel-earflap-trapper-baseball-cap-winter-hat\/#breadcrumb","itemListElement":[{"@type":"ListItem","position":1,"name":"Home","item":"https:\/\/sumkcaps.com\/"},{"@type":"ListItem","position":2,"name":"Products","item":"https:\/\/sumkcaps.com\/product\/"},{"@type":"ListItem","position":3,"name":"5 Panel Earflap Trapper Baseball Cap Winter Hat"}]},{"@type":"WebSite","@id":"https:\/\/sumkcaps.com\/#website","url":"https:\/\/sumkcaps.com\/","name":"Sumkcaps-China Original Kopfbedeckungen Hersteller und Lieferanten","description":"Wir sind China Cap And Hat Original Factory, deren Hauptgesch\u00e4ft ist es, benutzerdefinierte Kappe und Hut als Client &amp; #039; s LOGO. Jede Kappe Stil, jede Kappe Farbe, jede Menge, jedes Material und Menge ist kein Problem. In einem Wort, k\u00f6nnen alle kleinen Details als Ihre Anfrage angepasst werden.","publisher":{"@id":"https:\/\/sumkcaps.com\/#organization"},"potentialAction":[{"@type":"SearchAction","target":{"@type":"EntryPoint","urlTemplate":"https:\/\/sumkcaps.com\/?s={search_term_string}"},"query-input":{"@type":"PropertyValueSpecification","valueRequired":true,"valueName":"search_term_string"}}],"inLanguage":"de"},{"@type":"Organization","@id":"https:\/\/sumkcaps.com\/#organization","name":"Sumkcaps-China Original Kopfbedeckungen Hersteller und Lieferanten","url":"https:\/\/sumkcaps.com\/","logo":{"@type":"ImageObject","inLanguage":"de","@id":"https:\/\/sumkcaps.com\/#\/schema\/logo\/image\/","url":"https:\/\/sumkcaps.com\/wp-content\/uploads\/2025\/12\/1234.jpg","contentUrl":"https:\/\/sumkcaps.com\/wp-content\/uploads\/2025\/12\/1234.jpg","width":800,"height":800,"caption":"Sumkcaps-China Original Headwear Manufacturer and Suppliers"},"image":{"@id":"https:\/\/sumkcaps.com\/#\/schema\/logo\/image\/"},"sameAs":["https:\/\/www.facebook.com\/sumkcap","https:\/\/www.instagram.com\/sumkcaps7\/","https:\/\/www.pinterest.com\/sumkcapschina\/"]}]}},"taxonomy_info":{"product_cat":[{"value":70,"label":"Trapper Hat Wholesale"}]},"featured_image_src_large":["https:\/\/sumkcaps.com\/wp-content\/uploads\/2021\/07\/Hat5_900x.jpg",800,800,false],"author_info":[],"comment_info":"","_links":{"self":[{"href":"https:\/\/sumkcaps.com\/de\/wp-json\/wp\/v2\/product\/116","targetHints":{"allow":["GET"]}}],"collection":[{"href":"https:\/\/sumkcaps.com\/de\/wp-json\/wp\/v2\/product"}],"about":[{"href":"https:\/\/sumkcaps.com\/de\/wp-json\/wp\/v2\/types\/product"}],"wp:featuredmedia":[{"embeddable":true,"href":"https:\/\/sumkcaps.com\/de\/wp-json\/wp\/v2\/media\/117"}],"wp:attachment":[{"href":"https:\/\/sumkcaps.com\/de\/wp-json\/wp\/v2\/media?parent=116"}],"wp:term":[{"taxonomy":"product_brand","embeddable":true,"href":"https:\/\/sumkcaps.com\/de\/wp-json\/wp\/v2\/product_brand?post=116"},{"taxonomy":"product_cat","embeddable":true,"href":"https:\/\/sumkcaps.com\/de\/wp-json\/wp\/v2\/product_cat?post=116"},{"taxonomy":"product_tag","embeddable":true,"href":"https:\/\/sumkcaps.com\/de\/wp-json\/wp\/v2\/product_tag?post=116"}],"curies":[{"name":"wp","href":"https:\/\/api.w.org\/{rel}","templated":true}]}}