{"id":22856,"date":"2023-06-01T11:33:59","date_gmt":"2023-06-01T03:33:59","guid":{"rendered":"https:\/\/sumkcaps.com\/?page_id=22856"},"modified":"2025-07-29T15:34:09","modified_gmt":"2025-07-29T07:34:09","slug":"terms-of-use","status":"publish","type":"page","link":"https:\/\/sumkcaps.com\/de\/benutzungsbedingungen\/","title":{"rendered":"Nutzungsbedingungen"},"content":{"rendered":"<div data-elementor-type=\"wp-page\" data-elementor-id=\"22856\" class=\"elementor elementor-22856\" data-elementor-post-type=\"page\">\n\t\t\t\t\t\t<section class=\"elementor-section elementor-top-section elementor-element elementor-element-9d2d261 elementor-section-full_width elementor-section-height-default elementor-section-height-default\" data-id=\"9d2d261\" data-element_type=\"section\" data-e-type=\"section\" data-settings=\"{&quot;background_background&quot;:&quot;classic&quot;}\">\n\t\t\t\t\t\t<div class=\"elementor-container elementor-column-gap-default\">\n\t\t\t\t\t<div class=\"elementor-column elementor-col-100 elementor-top-column elementor-element elementor-element-6459fc0\" data-id=\"6459fc0\" data-element_type=\"column\" data-e-type=\"column\">\n\t\t\t<div class=\"elementor-widget-wrap elementor-element-populated\">\n\t\t\t\t\t\t<div class=\"elementor-element elementor-element-3acc3f5 elementor-widget elementor-widget-heading\" data-id=\"3acc3f5\" data-element_type=\"widget\" data-e-type=\"widget\" data-widget_type=\"heading.default\">\n\t\t\t\t<div class=\"elementor-widget-container\">\n\t\t\t\t\t<h1 class=\"elementor-heading-title elementor-size-default\">Nutzungsbedingungen<\/h1>\t\t\t\t<\/div>\n\t\t\t\t<\/div>\n\t\t\t\t\t<\/div>\n\t\t<\/div>\n\t\t\t\t\t<\/div>\n\t\t<\/section>\n\t\t\t\t<section class=\"elementor-section elementor-top-section elementor-element elementor-element-183f71f elementor-section-boxed elementor-section-height-default elementor-section-height-default\" data-id=\"183f71f\" data-element_type=\"section\" data-e-type=\"section\" data-settings=\"{&quot;background_background&quot;:&quot;classic&quot;}\">\n\t\t\t\t\t\t<div class=\"elementor-container elementor-column-gap-default\">\n\t\t\t\t\t<div class=\"elementor-column elementor-col-100 elementor-top-column elementor-element elementor-element-1f215e0\" data-id=\"1f215e0\" data-element_type=\"column\" data-e-type=\"column\">\n\t\t\t<div class=\"elementor-widget-wrap elementor-element-populated\">\n\t\t\t\t\t\t<div class=\"elementor-element elementor-element-6dba8c7 elementor-widget elementor-widget-text-editor\" data-id=\"6dba8c7\" data-element_type=\"widget\" data-e-type=\"widget\" data-widget_type=\"text-editor.default\">\n\t\t\t\t<div class=\"elementor-widget-container\">\n\t\t\t\t\t\t\t\t\t<h3>1. Allgemeines, Auslegung<\/h3><p>Diese Website ist Eigentum und wird betrieben von Sumkcaps.<\/p><p>F\u00fcr die Zwecke dieser Allgemeinen Gesch\u00e4ftsbedingungen: Verweise auf \"Sie\" und \"Ihr\" beziehen sich auf die Personen, die auf diese Website zugreifen (einschlie\u00dflich Personen, die im Namen anderer Personen auf diese Website zugreifen), und \"Website\" umfasst auch die mobile Website und die Sumkcaps-Mobilanwendung.<\/p><h3>2. Nutzung der Website<\/h3><p>Mit der Nutzung dieser Website erkl\u00e4ren Sie sich damit einverstanden, diese Bedingungen zu akzeptieren und in \u00dcbereinstimmung mit ihnen zu handeln, da Ihnen der Zugang zu dieser Website wie unten beschrieben gew\u00e4hrt wird. Wenn Sie mit diesen Bedingungen nicht einverstanden sind, d\u00fcrfen Sie diese Website nicht nutzen und erkl\u00e4ren sich damit einverstanden, nicht auf diese Website zuzugreifen.<\/p><h3>3. Zul\u00e4ssige Nutzung<\/h3><p>Der Zweck dieser Website besteht ausschlie\u00dflich darin, Ihnen die M\u00f6glichkeit zu geben, die Verf\u00fcgbarkeit von Waren und Dienstleistungen von Sumkcaps einzusehen und Sumkcaps zu kontaktieren, und zu keinem anderen Zweck.<\/p><p>Sie d\u00fcrfen diese Website nur in \u00dcbereinstimmung mit diesen Allgemeinen Gesch\u00e4ftsbedingungen und nur f\u00fcr Ihre privaten, nicht kommerziellen Zwecke nutzen.<\/p><p>Insbesondere ist es Ihnen nicht gestattet:<\/p><ul><li>ohne die vorherige schriftliche Zustimmung von Sumkcaps ein automatisiertes System, einen Algorithmus oder eine Software zu verwenden, um Material oder Daten (ganz oder teilweise) von oder \u00fcber diese Website zu \u00fcberwachen, zu extrahieren, zu suchen oder zu kopieren (\"Screen Scraping\");<\/li><li>Software, Routinen oder Ger\u00e4te zu verwenden oder Ma\u00dfnahmen zu ergreifen, um den Betrieb dieser Website in irgendeiner Weise zu st\u00f6ren oder zu versuchen, ihn zu st\u00f6ren, oder um eine unangemessen hohe Belastung dieser Website zu verursachen, unabh\u00e4ngig davon, ob dies absichtlich geschieht oder nicht;<\/li><li>versuchen, unbefugten Zugang zu einem der Netzwerke oder Konten von Sumkcaps oder zu Informationen \u00fcber andere Benutzer zu erhalten oder zu bekommen; oder<\/li><li>Link zu dieser Website ohne vorherige schriftliche Zustimmung von Sumkcaps.<\/li><\/ul><p>Im Falle eines Versto\u00dfes gegen diese Allgemeinen Gesch\u00e4ftsbedingungen durch Sie kann Sumkcaps, unbeschadet anderer Rechte von Sumkcaps, Ihre Anmeldungen und K\u00e4ufe ohne Vorank\u00fcndigung stornieren und\/oder Ihren Zugang zu dieser Website verweigern oder sperren oder besondere Bedingungen f\u00fcr Ihren Zugang zu oder Ihre Nutzung dieser Website festlegen.<\/p><h3>4. Eigene Rechte<\/h3><p>Alle Informationen, Daten und Materialien auf dieser Website (einschlie\u00dflich, aber nicht beschr\u00e4nkt auf Logos, das Aussehen, die Struktur, das Farbschema und das Layout dieser Website, den Softwarecode und die zugrunde liegenden Daten und die Datenbank) unterliegen Markenrechten, Urheberrechten, Datenbankrechten und\/oder anderen eingetragenen und nicht eingetragenen geistigen Eigentumsrechten. Jegliche Nutzung oder Vervielf\u00e4ltigung der Informationen, Daten oder Materialien, die auf dieser Website pr\u00e4sentiert werden, au\u00dfer f\u00fcr den erlaubten pers\u00f6nlichen, nicht-kommerziellen Gebrauch, ist verboten und stellt einen Versto\u00df gegen diese Gesch\u00e4ftsbedingungen dar und kann die geistigen Eigentumsrechte von Sumkcaps oder seinen Lizenzgebern verletzen.<\/p><h3>5. Begrenzung der Haftung<\/h3><p>Barterus haftet nicht f\u00fcr direkte, indirekte, spezielle oder strafende Verluste oder Folgesch\u00e4den jeglicher Art, die sich aus der Nutzung dieser Website oder der darin enthaltenen Informationen ergeben.<\/p><h3>6. Geltendes Recht und Gerichtsstand<\/h3><p>Diese Allgemeinen Gesch\u00e4ftsbedingungen und Ihre Nutzung dieser Website sowie alle Streitigkeiten oder Anspr\u00fcche, die sich aus oder in Verbindung mit diesen Angelegenheiten ergeben, unterliegen den Gesetzen Chinas und werden in \u00dcbereinstimmung mit diesen ausgelegt, und Sie stimmen zu, sich der ausschlie\u00dflichen Gerichtsbarkeit der chinesischen Gerichte zu unterwerfen. Sumkcaps beh\u00e4lt sich das Recht vor, gegen jede Partei, die gegen diese Allgemeinen Gesch\u00e4ftsbedingungen verst\u00f6\u00dft (\"s\u00e4umige Partei\"), vor den Gerichten des Ortes, an dem der Versto\u00df stattfindet, oder vor den Gerichten des Landes, in dem die s\u00e4umige Partei ihren Wohnsitz hat, nach unserem alleinigen Ermessen zu klagen.<\/p><h3>7. Allgemein<\/h3><p>Sumkcaps beh\u00e4lt sich das Recht vor, alle auf dieser Website verf\u00fcgbaren Informationen oder Materialien jederzeit und ohne Vorank\u00fcndigung zu \u00e4ndern. Sumkcaps kann diese Allgemeinen Gesch\u00e4ftsbedingungen auch jederzeit ohne vorherige Ank\u00fcndigung \u00e4ndern, und eine solche \u00c4nderung wird sofort mit der Ver\u00f6ffentlichung der ge\u00e4nderten Allgemeinen Gesch\u00e4ftsbedingungen auf der Website wirksam und gilt als von Ihnen akzeptiert, wenn Sie die Website weiterhin nutzen.<\/p>\t\t\t\t\t\t\t\t<\/div>\n\t\t\t\t<\/div>\n\t\t\t\t\t<\/div>\n\t\t<\/div>\n\t\t\t\t\t<\/div>\n\t\t<\/section>\n\t\t\t\t<\/div>","protected":false},"excerpt":{"rendered":"<p>Benutzungsbedingungen 1. Allgemeines, Auslegung Diese Website ist Eigentum von Sumkcaps und wird von ihr betrieben. F\u00fcr die Zwecke dieser Nutzungsbedingungen: Verweise auf \"Sie\" und \"Ihr\" beziehen sich auf die Personen, die auf diese Website zugreifen (einschlie\u00dflich Personen, die im Namen anderer Personen auf diese Website zugreifen), und \"Website\" umfasst auch die mobile Website und die [...]<\/p>","protected":false},"author":1,"featured_media":22648,"parent":0,"menu_order":4,"comment_status":"closed","ping_status":"closed","template":"","meta":{"_acf_changed":false,"_kad_blocks_custom_css":"","_kad_blocks_head_custom_js":"","_kad_blocks_body_custom_js":"","_kad_blocks_footer_custom_js":"","footnotes":""},"class_list":["post-22856","page","type-page","status-publish","has-post-thumbnail","hentry"],"acf":[],"yoast_head":"<!-- This site is optimized with the Yoast SEO Premium plugin v20.8 (Yoast SEO v25.9) - https:\/\/yoast.com\/wordpress\/plugins\/seo\/ -->\n<title>Terms Of Use | Sumkcaps<\/title>\n<meta name=\"description\" content=\"Sumkcaps is leading of headwear manufacturer from China. OEMD &amp; ODM Avaible. 200pcs MOQ. Original cap factory. Full custom capacity.\" \/>\n<meta name=\"robots\" content=\"index, follow, max-snippet:-1, max-image-preview:large, max-video-preview:-1\" \/>\n<link rel=\"canonical\" href=\"https:\/\/sumkcaps.com\/de\/benutzungsbedingungen\/\" \/>\n<meta property=\"og:locale\" content=\"de_DE\" \/>\n<meta property=\"og:type\" content=\"article\" \/>\n<meta property=\"og:title\" content=\"Terms of Use - Sumkcaps\" \/>\n<meta property=\"og:description\" content=\"Terms of Use - Sumkcaps\" \/>\n<meta property=\"og:url\" content=\"https:\/\/sumkcaps.com\/de\/benutzungsbedingungen\/\" \/>\n<meta property=\"og:site_name\" content=\"Sumkcaps-China Original Headwear Manufacturer and Suppliers\" \/>\n<meta property=\"article:publisher\" content=\"https:\/\/www.facebook.com\/sumkcap\" \/>\n<meta property=\"article:modified_time\" content=\"2025-07-29T07:34:09+00:00\" \/>\n<meta property=\"og:image\" content=\"https:\/\/sumkcaps.com\/wp-content\/uploads\/2023\/05\/China-hat-manufactuers.png\" \/>\n\t<meta property=\"og:image:width\" content=\"801\" \/>\n\t<meta property=\"og:image:height\" content=\"961\" \/>\n\t<meta property=\"og:image:type\" content=\"image\/png\" \/>\n<meta name=\"twitter:card\" content=\"summary_large_image\" \/>\n<meta name=\"twitter:label1\" content=\"Gesch\u00e4tzte Lesezeit\" \/>\n\t<meta name=\"twitter:data1\" content=\"3\u00a0Minuten\" \/>\n<script type=\"application\/ld+json\" class=\"yoast-schema-graph\">{\"@context\":\"https:\/\/schema.org\",\"@graph\":[{\"@type\":\"WebPage\",\"@id\":\"https:\/\/sumkcaps.com\/terms-of-use\/\",\"url\":\"https:\/\/sumkcaps.com\/terms-of-use\/\",\"name\":\"Terms Of Use | Sumkcaps\",\"isPartOf\":{\"@id\":\"https:\/\/sumkcaps.com\/#website\"},\"primaryImageOfPage\":{\"@id\":\"https:\/\/sumkcaps.com\/terms-of-use\/#primaryimage\"},\"image\":{\"@id\":\"https:\/\/sumkcaps.com\/terms-of-use\/#primaryimage\"},\"thumbnailUrl\":\"https:\/\/sumkcaps.com\/wp-content\/uploads\/2023\/05\/China-hat-manufactuers.png\",\"datePublished\":\"2023-06-01T03:33:59+00:00\",\"dateModified\":\"2025-07-29T07:34:09+00:00\",\"description\":\"Sumkcaps is leading of headwear manufacturer from China. OEMD & ODM Avaible. 200pcs MOQ. Original cap factory. Full custom capacity.\",\"breadcrumb\":{\"@id\":\"https:\/\/sumkcaps.com\/terms-of-use\/#breadcrumb\"},\"inLanguage\":\"de\",\"potentialAction\":[{\"@type\":\"ReadAction\",\"target\":[\"https:\/\/sumkcaps.com\/terms-of-use\/\"]}]},{\"@type\":\"ImageObject\",\"inLanguage\":\"de\",\"@id\":\"https:\/\/sumkcaps.com\/terms-of-use\/#primaryimage\",\"url\":\"https:\/\/sumkcaps.com\/wp-content\/uploads\/2023\/05\/China-hat-manufactuers.png\",\"contentUrl\":\"https:\/\/sumkcaps.com\/wp-content\/uploads\/2023\/05\/China-hat-manufactuers.png\",\"width\":801,\"height\":961},{\"@type\":\"BreadcrumbList\",\"@id\":\"https:\/\/sumkcaps.com\/terms-of-use\/#breadcrumb\",\"itemListElement\":[{\"@type\":\"ListItem\",\"position\":1,\"name\":\"Home\",\"item\":\"https:\/\/sumkcaps.com\/\"},{\"@type\":\"ListItem\",\"position\":2,\"name\":\"Terms of Use\"}]},{\"@type\":\"WebSite\",\"@id\":\"https:\/\/sumkcaps.com\/#website\",\"url\":\"https:\/\/sumkcaps.com\/\",\"name\":\"Sumkcaps-China Original Headwear Manufacturer and Suppliers\",\"description\":\"We are China Cap And Hat Original Factory, whose main business is to custom cap and hat as client&#039;s LOGO. Any cap style, any cap color, any qty, any material and qty is no problem. In one words, any small details can be customized as your request.\",\"publisher\":{\"@id\":\"https:\/\/sumkcaps.com\/#organization\"},\"potentialAction\":[{\"@type\":\"SearchAction\",\"target\":{\"@type\":\"EntryPoint\",\"urlTemplate\":\"https:\/\/sumkcaps.com\/?s={search_term_string}\"},\"query-input\":{\"@type\":\"PropertyValueSpecification\",\"valueRequired\":true,\"valueName\":\"search_term_string\"}}],\"inLanguage\":\"de\"},{\"@type\":\"Organization\",\"@id\":\"https:\/\/sumkcaps.com\/#organization\",\"name\":\"Sumkcaps-China Original Headwear Manufacturer and Suppliers\",\"url\":\"https:\/\/sumkcaps.com\/\",\"logo\":{\"@type\":\"ImageObject\",\"inLanguage\":\"de\",\"@id\":\"https:\/\/sumkcaps.com\/#\/schema\/logo\/image\/\",\"url\":\"https:\/\/sumkcaps.com\/wp-content\/uploads\/2025\/12\/1234.jpg\",\"contentUrl\":\"https:\/\/sumkcaps.com\/wp-content\/uploads\/2025\/12\/1234.jpg\",\"width\":800,\"height\":800,\"caption\":\"Sumkcaps-China Original Headwear Manufacturer and Suppliers\"},\"image\":{\"@id\":\"https:\/\/sumkcaps.com\/#\/schema\/logo\/image\/\"},\"sameAs\":[\"https:\/\/www.facebook.com\/sumkcap\",\"https:\/\/www.instagram.com\/sumkcaps7\/\",\"https:\/\/www.pinterest.com\/sumkcapschina\/\"]}]}<\/script>\n<!-- \/ Yoast SEO Premium plugin. -->","yoast_head_json":{"title":"Nutzungsbedingungen | Sumkcaps","description":"Sumkcaps ist der f\u00fchrende Hersteller von Kopfbedeckungen aus China. OEMD &amp; ODM Avaible. 200pcs MOQ. Original-Kappe Fabrik. Volle kundenspezifische Kapazit\u00e4t.","robots":{"index":"index","follow":"follow","max-snippet":"max-snippet:-1","max-image-preview":"max-image-preview:large","max-video-preview":"max-video-preview:-1"},"canonical":"https:\/\/sumkcaps.com\/de\/benutzungsbedingungen\/","og_locale":"de_DE","og_type":"article","og_title":"Terms of Use - Sumkcaps","og_description":"Terms of Use - Sumkcaps","og_url":"https:\/\/sumkcaps.com\/de\/benutzungsbedingungen\/","og_site_name":"Sumkcaps-China Original Headwear Manufacturer and Suppliers","article_publisher":"https:\/\/www.facebook.com\/sumkcap","article_modified_time":"2025-07-29T07:34:09+00:00","og_image":[{"width":801,"height":961,"url":"https:\/\/sumkcaps.com\/wp-content\/uploads\/2023\/05\/China-hat-manufactuers.png","type":"image\/png"}],"twitter_card":"summary_large_image","twitter_misc":{"Gesch\u00e4tzte Lesezeit":"3\u00a0Minuten"},"schema":{"@context":"https:\/\/schema.org","@graph":[{"@type":"WebPage","@id":"https:\/\/sumkcaps.com\/terms-of-use\/","url":"https:\/\/sumkcaps.com\/terms-of-use\/","name":"Nutzungsbedingungen | Sumkcaps","isPartOf":{"@id":"https:\/\/sumkcaps.com\/#website"},"primaryImageOfPage":{"@id":"https:\/\/sumkcaps.com\/terms-of-use\/#primaryimage"},"image":{"@id":"https:\/\/sumkcaps.com\/terms-of-use\/#primaryimage"},"thumbnailUrl":"https:\/\/sumkcaps.com\/wp-content\/uploads\/2023\/05\/China-hat-manufactuers.png","datePublished":"2023-06-01T03:33:59+00:00","dateModified":"2025-07-29T07:34:09+00:00","description":"Sumkcaps ist der f\u00fchrende Hersteller von Kopfbedeckungen aus China. OEMD &amp; ODM Avaible. 200pcs MOQ. Original-Kappe Fabrik. Volle kundenspezifische Kapazit\u00e4t.","breadcrumb":{"@id":"https:\/\/sumkcaps.com\/terms-of-use\/#breadcrumb"},"inLanguage":"de","potentialAction":[{"@type":"ReadAction","target":["https:\/\/sumkcaps.com\/terms-of-use\/"]}]},{"@type":"ImageObject","inLanguage":"de","@id":"https:\/\/sumkcaps.com\/terms-of-use\/#primaryimage","url":"https:\/\/sumkcaps.com\/wp-content\/uploads\/2023\/05\/China-hat-manufactuers.png","contentUrl":"https:\/\/sumkcaps.com\/wp-content\/uploads\/2023\/05\/China-hat-manufactuers.png","width":801,"height":961},{"@type":"BreadcrumbList","@id":"https:\/\/sumkcaps.com\/terms-of-use\/#breadcrumb","itemListElement":[{"@type":"ListItem","position":1,"name":"Home","item":"https:\/\/sumkcaps.com\/"},{"@type":"ListItem","position":2,"name":"Terms of Use"}]},{"@type":"WebSite","@id":"https:\/\/sumkcaps.com\/#website","url":"https:\/\/sumkcaps.com\/","name":"Sumkcaps-China Original Kopfbedeckungen Hersteller und Lieferanten","description":"Wir sind China Cap And Hat Original Factory, deren Hauptgesch\u00e4ft ist es, benutzerdefinierte Kappe und Hut als Client &amp; #039; s LOGO. Jede Kappe Stil, jede Kappe Farbe, jede Menge, jedes Material und Menge ist kein Problem. In einem Wort, k\u00f6nnen alle kleinen Details als Ihre Anfrage angepasst werden.","publisher":{"@id":"https:\/\/sumkcaps.com\/#organization"},"potentialAction":[{"@type":"SearchAction","target":{"@type":"EntryPoint","urlTemplate":"https:\/\/sumkcaps.com\/?s={search_term_string}"},"query-input":{"@type":"PropertyValueSpecification","valueRequired":true,"valueName":"search_term_string"}}],"inLanguage":"de"},{"@type":"Organization","@id":"https:\/\/sumkcaps.com\/#organization","name":"Sumkcaps-China Original Kopfbedeckungen Hersteller und Lieferanten","url":"https:\/\/sumkcaps.com\/","logo":{"@type":"ImageObject","inLanguage":"de","@id":"https:\/\/sumkcaps.com\/#\/schema\/logo\/image\/","url":"https:\/\/sumkcaps.com\/wp-content\/uploads\/2025\/12\/1234.jpg","contentUrl":"https:\/\/sumkcaps.com\/wp-content\/uploads\/2025\/12\/1234.jpg","width":800,"height":800,"caption":"Sumkcaps-China Original Headwear Manufacturer and Suppliers"},"image":{"@id":"https:\/\/sumkcaps.com\/#\/schema\/logo\/image\/"},"sameAs":["https:\/\/www.facebook.com\/sumkcap","https:\/\/www.instagram.com\/sumkcaps7\/","https:\/\/www.pinterest.com\/sumkcapschina\/"]}]}},"taxonomy_info":[],"featured_image_src_large":["https:\/\/sumkcaps.com\/wp-content\/uploads\/2023\/05\/China-hat-manufactuers.png",800,960,false],"author_info":{"display_name":"Bruce Su","author_link":"https:\/\/sumkcaps.com\/de\/author\/bruce\/"},"comment_info":0,"_links":{"self":[{"href":"https:\/\/sumkcaps.com\/de\/wp-json\/wp\/v2\/pages\/22856","targetHints":{"allow":["GET"]}}],"collection":[{"href":"https:\/\/sumkcaps.com\/de\/wp-json\/wp\/v2\/pages"}],"about":[{"href":"https:\/\/sumkcaps.com\/de\/wp-json\/wp\/v2\/types\/page"}],"author":[{"embeddable":true,"href":"https:\/\/sumkcaps.com\/de\/wp-json\/wp\/v2\/users\/1"}],"replies":[{"embeddable":true,"href":"https:\/\/sumkcaps.com\/de\/wp-json\/wp\/v2\/comments?post=22856"}],"version-history":[{"count":0,"href":"https:\/\/sumkcaps.com\/de\/wp-json\/wp\/v2\/pages\/22856\/revisions"}],"wp:featuredmedia":[{"embeddable":true,"href":"https:\/\/sumkcaps.com\/de\/wp-json\/wp\/v2\/media\/22648"}],"wp:attachment":[{"href":"https:\/\/sumkcaps.com\/de\/wp-json\/wp\/v2\/media?parent=22856"}],"curies":[{"name":"wp","href":"https:\/\/api.w.org\/{rel}","templated":true}]}}